{"id":8336,"date":"2020-06-04T14:06:04","date_gmt":"2020-06-04T11:06:04","guid":{"rendered":"https:\/\/www.johannagullichsen.com\/products\/Ei-luokiteltu\/fabric-contract-triton\/"},"modified":"2022-10-15T11:25:56","modified_gmt":"2022-10-15T08:25:56","slug":"kangas-contract-triton","status":"publish","type":"product","link":"https:\/\/www.johannagullichsen.com\/fi\/tuote\/kangas-contract-triton\/","title":{"rendered":"Kangas Contract Triton"},"content":{"rendered":"<p>Contract-malliston kankaat kudotaan luontaisesti paloturvallisella villalla polyesteriloimeen. Tuloksena on vahva, julkisessa k\u00e4yt\u00f6ss\u00e4 helppohoitoinen ja kulutusta erinomaisesti kest\u00e4v\u00e4 verhoilutekstiili.<\/p>\n<p>Contract-malliston toimitusaika on noin 2-3 viikkoa.<\/p>\n<p>Tilaa mallitilkku <a href=\"https:\/\/www.johannagullichsen.com\/fi\/tuotteet\/kankaat\/mallitilkku-triton\/\">t\u00e4\u00e4lt\u00e4.<\/a><\/p>\n<p>Raportin leveys: 17,5 cm<br \/>\nRaportin korkeus: 9,5 cm<br \/>\nMartindale yli 30 000<br \/>\nPaino: 400 g\/m2<br \/>\nKankaan leveys: 138 cm<\/p>\n","protected":false},"excerpt":{"rendered":"<p>Contract-malliston kankaat kudotaan luontaisesti paloturvallisella villalla polyesteriloimeen. Tuloksena on vahva, julkisessa k\u00e4yt\u00f6ss\u00e4 helppohoitoinen ja kulutusta erinomaisesti kest\u00e4v\u00e4 verhoilutekstiili. Contract-malliston toimitusaika on noin 2-3 viikkoa. Tilaa mallitilkku t\u00e4\u00e4lt\u00e4. Raportin leveys: 17,5&hellip;<\/p>\n","protected":false},"featured_media":7803,"template":"","meta":{"_acf_changed":false},"product_brand":[],"product_cat":[1972,195],"product_tag":[],"class_list":{"0":"post-8336","1":"product","2":"type-product","3":"status-publish","4":"has-post-thumbnail","6":"product_cat-kodin-kankaat","7":"product_cat-kankaat","8":"pa_pattern-colour-contract-triton-vihrea","9":"pa_pattern-colour-contract-triton-harmaa","10":"pa_pattern-colour-contract-triton-vaalea-harmaa","11":"pa_pattern-colour-contract-triton-sammal","12":"pa_pattern-colour-contract-triton-punainen","13":"pa_pattern-colour-contract-triton-teras","14":"pa_pattern-colour-contract-triton-musta","15":"pa_pattern-colour-contract-triton-olki","16":"pa_pattern-colour-contract-triton-sininen","17":"pa_pattern-colour-contract-triton-ruskea","18":"pa_pattern-colour-contract-triton-koralli","19":"pa_pattern-colour-contract-triton-tummansininen","20":"collection-contract-2","22":"first","23":"instock","24":"taxable","25":"shipping-taxable","26":"purchasable","27":"product-type-variable"},"acf":[],"yoast_head":"<!-- This site is optimized with the Yoast SEO Premium plugin v27.2 (Yoast SEO v27.5) - https:\/\/yoast.com\/product\/yoast-seo-premium-wordpress\/ -->\n<title>Kangas Contract Triton - Johanna Gullichsen<\/title>\n<meta name=\"description\" content=\"Contract-malliston Triton on tyylik\u00e4s kalusteiden verhoiluun soveltuva julkitilan sisustuskangas. Valmistettu Suomessa.\" \/>\n<meta name=\"robots\" content=\"index, follow, max-snippet:-1, max-image-preview:large, max-video-preview:-1\" \/>\n<link rel=\"canonical\" href=\"https:\/\/www.johannagullichsen.com\/fi\/tuote\/kangas-contract-triton\/\" \/>\n<meta property=\"og:locale\" content=\"fi_FI\" \/>\n<meta property=\"og:type\" content=\"article\" \/>\n<meta property=\"og:title\" content=\"Kangas Contract Triton\" \/>\n<meta property=\"og:description\" content=\"Contract-malliston Triton on tyylik\u00e4s kalusteiden verhoiluun soveltuva julkitilan sisustuskangas. Valmistettu Suomessa.\" \/>\n<meta property=\"og:url\" content=\"https:\/\/www.johannagullichsen.com\/fi\/tuote\/kangas-contract-triton\/\" \/>\n<meta property=\"og:site_name\" content=\"Johanna Gullichsen\" \/>\n<meta property=\"article:modified_time\" content=\"2022-10-15T08:25:56+00:00\" \/>\n<meta property=\"og:image\" content=\"https:\/\/www.johannagullichsen.com\/wp-content\/uploads\/2020\/06\/Johanna-Gullichsen-Contract-Triton-green-light-grey.jpg\" \/>\n\t<meta property=\"og:image:width\" content=\"1600\" \/>\n\t<meta property=\"og:image:height\" content=\"1200\" \/>\n\t<meta property=\"og:image:type\" content=\"image\/jpeg\" \/>\n<meta name=\"twitter:card\" content=\"summary_large_image\" \/>\n<meta name=\"twitter:label1\" content=\"Arvioitu lukuaika\" \/>\n\t<meta name=\"twitter:data1\" content=\"1 minuutti\" \/>\n<script type=\"application\/ld+json\" class=\"yoast-schema-graph\">{\"@context\":\"https:\\\/\\\/schema.org\",\"@graph\":[{\"@type\":\"WebPage\",\"@id\":\"https:\\\/\\\/www.johannagullichsen.com\\\/fi\\\/tuote\\\/kangas-contract-triton\\\/\",\"url\":\"https:\\\/\\\/www.johannagullichsen.com\\\/fi\\\/tuote\\\/kangas-contract-triton\\\/\",\"name\":\"Kangas Contract Triton - Johanna Gullichsen\",\"isPartOf\":{\"@id\":\"https:\\\/\\\/www.johannagullichsen.com\\\/fi\\\/#website\"},\"primaryImageOfPage\":{\"@id\":\"https:\\\/\\\/www.johannagullichsen.com\\\/fi\\\/tuote\\\/kangas-contract-triton\\\/#primaryimage\"},\"image\":{\"@id\":\"https:\\\/\\\/www.johannagullichsen.com\\\/fi\\\/tuote\\\/kangas-contract-triton\\\/#primaryimage\"},\"thumbnailUrl\":\"https:\\\/\\\/www.johannagullichsen.com\\\/wp-content\\\/uploads\\\/2020\\\/05\\\/JG_contract_triton_grey_0009.jpg\",\"datePublished\":\"2020-06-04T11:06:04+00:00\",\"dateModified\":\"2022-10-15T08:25:56+00:00\",\"description\":\"Contract-malliston Triton on tyylik\u00e4s kalusteiden verhoiluun soveltuva julkitilan sisustuskangas. Valmistettu Suomessa.\",\"breadcrumb\":{\"@id\":\"https:\\\/\\\/www.johannagullichsen.com\\\/fi\\\/tuote\\\/kangas-contract-triton\\\/#breadcrumb\"},\"inLanguage\":\"fi\",\"potentialAction\":[{\"@type\":\"ReadAction\",\"target\":[\"https:\\\/\\\/www.johannagullichsen.com\\\/fi\\\/tuote\\\/kangas-contract-triton\\\/\"]}]},{\"@type\":\"ImageObject\",\"inLanguage\":\"fi\",\"@id\":\"https:\\\/\\\/www.johannagullichsen.com\\\/fi\\\/tuote\\\/kangas-contract-triton\\\/#primaryimage\",\"url\":\"https:\\\/\\\/www.johannagullichsen.com\\\/wp-content\\\/uploads\\\/2020\\\/05\\\/JG_contract_triton_grey_0009.jpg\",\"contentUrl\":\"https:\\\/\\\/www.johannagullichsen.com\\\/wp-content\\\/uploads\\\/2020\\\/05\\\/JG_contract_triton_grey_0009.jpg\",\"width\":1600,\"height\":1195},{\"@type\":\"BreadcrumbList\",\"@id\":\"https:\\\/\\\/www.johannagullichsen.com\\\/fi\\\/tuote\\\/kangas-contract-triton\\\/#breadcrumb\",\"itemListElement\":[{\"@type\":\"ListItem\",\"position\":1,\"name\":\"Home\",\"item\":\"https:\\\/\\\/www.johannagullichsen.com\\\/fi\\\/\"},{\"@type\":\"ListItem\",\"position\":2,\"name\":\"Tuotteet ja verkkokauppa\",\"item\":\"https:\\\/\\\/www.johannagullichsen.com\\\/fi\\\/tuotteet\\\/\"},{\"@type\":\"ListItem\",\"position\":3,\"name\":\"Kangas Contract Triton\"}]},{\"@type\":\"WebSite\",\"@id\":\"https:\\\/\\\/www.johannagullichsen.com\\\/fi\\\/#website\",\"url\":\"https:\\\/\\\/www.johannagullichsen.com\\\/fi\\\/\",\"name\":\"Johanna Gullichsen\",\"description\":\"\",\"potentialAction\":[{\"@type\":\"SearchAction\",\"target\":{\"@type\":\"EntryPoint\",\"urlTemplate\":\"https:\\\/\\\/www.johannagullichsen.com\\\/fi\\\/?s={search_term_string}\"},\"query-input\":{\"@type\":\"PropertyValueSpecification\",\"valueRequired\":true,\"valueName\":\"search_term_string\"}}],\"inLanguage\":\"fi\"}]}<\/script>\n<!-- \/ Yoast SEO Premium plugin. -->","yoast_head_json":{"title":"Kangas Contract Triton - Johanna Gullichsen","description":"Contract-malliston Triton on tyylik\u00e4s kalusteiden verhoiluun soveltuva julkitilan sisustuskangas. Valmistettu Suomessa.","robots":{"index":"index","follow":"follow","max-snippet":"max-snippet:-1","max-image-preview":"max-image-preview:large","max-video-preview":"max-video-preview:-1"},"canonical":"https:\/\/www.johannagullichsen.com\/fi\/tuote\/kangas-contract-triton\/","og_locale":"fi_FI","og_type":"article","og_title":"Kangas Contract Triton","og_description":"Contract-malliston Triton on tyylik\u00e4s kalusteiden verhoiluun soveltuva julkitilan sisustuskangas. Valmistettu Suomessa.","og_url":"https:\/\/www.johannagullichsen.com\/fi\/tuote\/kangas-contract-triton\/","og_site_name":"Johanna Gullichsen","article_modified_time":"2022-10-15T08:25:56+00:00","og_image":[{"width":1600,"height":1200,"url":"https:\/\/www.johannagullichsen.com\/wp-content\/uploads\/2020\/06\/Johanna-Gullichsen-Contract-Triton-green-light-grey.jpg","type":"image\/jpeg"}],"twitter_card":"summary_large_image","twitter_misc":{"Arvioitu lukuaika":"1 minuutti"},"schema":{"@context":"https:\/\/schema.org","@graph":[{"@type":"WebPage","@id":"https:\/\/www.johannagullichsen.com\/fi\/tuote\/kangas-contract-triton\/","url":"https:\/\/www.johannagullichsen.com\/fi\/tuote\/kangas-contract-triton\/","name":"Kangas Contract Triton - Johanna Gullichsen","isPartOf":{"@id":"https:\/\/www.johannagullichsen.com\/fi\/#website"},"primaryImageOfPage":{"@id":"https:\/\/www.johannagullichsen.com\/fi\/tuote\/kangas-contract-triton\/#primaryimage"},"image":{"@id":"https:\/\/www.johannagullichsen.com\/fi\/tuote\/kangas-contract-triton\/#primaryimage"},"thumbnailUrl":"https:\/\/www.johannagullichsen.com\/wp-content\/uploads\/2020\/05\/JG_contract_triton_grey_0009.jpg","datePublished":"2020-06-04T11:06:04+00:00","dateModified":"2022-10-15T08:25:56+00:00","description":"Contract-malliston Triton on tyylik\u00e4s kalusteiden verhoiluun soveltuva julkitilan sisustuskangas. Valmistettu Suomessa.","breadcrumb":{"@id":"https:\/\/www.johannagullichsen.com\/fi\/tuote\/kangas-contract-triton\/#breadcrumb"},"inLanguage":"fi","potentialAction":[{"@type":"ReadAction","target":["https:\/\/www.johannagullichsen.com\/fi\/tuote\/kangas-contract-triton\/"]}]},{"@type":"ImageObject","inLanguage":"fi","@id":"https:\/\/www.johannagullichsen.com\/fi\/tuote\/kangas-contract-triton\/#primaryimage","url":"https:\/\/www.johannagullichsen.com\/wp-content\/uploads\/2020\/05\/JG_contract_triton_grey_0009.jpg","contentUrl":"https:\/\/www.johannagullichsen.com\/wp-content\/uploads\/2020\/05\/JG_contract_triton_grey_0009.jpg","width":1600,"height":1195},{"@type":"BreadcrumbList","@id":"https:\/\/www.johannagullichsen.com\/fi\/tuote\/kangas-contract-triton\/#breadcrumb","itemListElement":[{"@type":"ListItem","position":1,"name":"Home","item":"https:\/\/www.johannagullichsen.com\/fi\/"},{"@type":"ListItem","position":2,"name":"Tuotteet ja verkkokauppa","item":"https:\/\/www.johannagullichsen.com\/fi\/tuotteet\/"},{"@type":"ListItem","position":3,"name":"Kangas Contract Triton"}]},{"@type":"WebSite","@id":"https:\/\/www.johannagullichsen.com\/fi\/#website","url":"https:\/\/www.johannagullichsen.com\/fi\/","name":"Johanna Gullichsen","description":"","potentialAction":[{"@type":"SearchAction","target":{"@type":"EntryPoint","urlTemplate":"https:\/\/www.johannagullichsen.com\/fi\/?s={search_term_string}"},"query-input":{"@type":"PropertyValueSpecification","valueRequired":true,"valueName":"search_term_string"}}],"inLanguage":"fi"}]}},"_links":{"self":[{"href":"https:\/\/www.johannagullichsen.com\/fi\/wp-json\/wp\/v2\/product\/8336","targetHints":{"allow":["GET"]}}],"collection":[{"href":"https:\/\/www.johannagullichsen.com\/fi\/wp-json\/wp\/v2\/product"}],"about":[{"href":"https:\/\/www.johannagullichsen.com\/fi\/wp-json\/wp\/v2\/types\/product"}],"wp:featuredmedia":[{"embeddable":true,"href":"https:\/\/www.johannagullichsen.com\/fi\/wp-json\/wp\/v2\/media\/7803"}],"wp:attachment":[{"href":"https:\/\/www.johannagullichsen.com\/fi\/wp-json\/wp\/v2\/media?parent=8336"}],"wp:term":[{"taxonomy":"product_brand","embeddable":true,"href":"https:\/\/www.johannagullichsen.com\/fi\/wp-json\/wp\/v2\/product_brand?post=8336"},{"taxonomy":"product_cat","embeddable":true,"href":"https:\/\/www.johannagullichsen.com\/fi\/wp-json\/wp\/v2\/product_cat?post=8336"},{"taxonomy":"product_tag","embeddable":true,"href":"https:\/\/www.johannagullichsen.com\/fi\/wp-json\/wp\/v2\/product_tag?post=8336"}],"curies":[{"name":"wp","href":"https:\/\/api.w.org\/{rel}","templated":true}]}}