{"id":8948,"date":"2020-10-29T14:46:03","date_gmt":"2020-10-29T12:46:03","guid":{"rendered":"https:\/\/www.johannagullichsen.com\/?post_type=product&#038;p=8948"},"modified":"2026-04-16T12:42:08","modified_gmt":"2026-04-16T09:42:08","slug":"tyynynpaallinen-normandie-30cm-x-50cm","status":"publish","type":"product","link":"https:\/\/www.johannagullichsen.com\/fi\/tuote\/tyynynpaallinen-normandie-30cm-x-50cm\/","title":{"rendered":"Tyynynp\u00e4\u00e4llinen Normandie 30 x 50 cm"},"content":{"rendered":"<h4>Lis\u00e4\u00e4 v\u00e4ri\u00e4 kotiin<\/h4>\n<p>Normandie malliston 30 x 50 cm koristetyynynp\u00e4\u00e4llisell\u00e4 pirist\u00e4t niin olo- kuin ty\u00f6huonetta. Ryhdik\u00e4\u00e4st\u00e4 verhoilukankaasta valmistettu tyynynp\u00e4\u00e4llinen on kest\u00e4v\u00e4 ja konepest\u00e4v\u00e4.<\/p>\n<p>Muita kokoja: <a href=\"https:\/\/www.johannagullichsen.com\/fi\/tuote\/tyynynpaallinen-normandie-40cm-x-40cm\/\">40cm x 40cm<\/a> \u00a0<a href=\"https:\/\/www.johannagullichsen.com\/fi\/tuote\/tyynynpaallinen-normandie-40cm-x-40cm\/\">50cm x 50cm <\/a><u><\/u>ja <a href=\"https:\/\/www.johannagullichsen.com\/fi\/tuote\/29072\/\">68cm x 50cm<\/a><\/p>\n<p>V\u00e4rj\u00e4tty, kudottu ja ommeltu Suomessa.<\/p>\n","protected":false},"excerpt":{"rendered":"<p>Lis\u00e4\u00e4 v\u00e4ri\u00e4 kotiin Normandie malliston 30 x 50 cm koristetyynynp\u00e4\u00e4llisell\u00e4 pirist\u00e4t niin olo- kuin ty\u00f6huonetta. Ryhdik\u00e4\u00e4st\u00e4 verhoilukankaasta valmistettu tyynynp\u00e4\u00e4llinen on kest\u00e4v\u00e4 ja konepest\u00e4v\u00e4. Muita kokoja: 40cm x 40cm \u00a050cm x&hellip;<\/p>\n","protected":false},"featured_media":16388,"template":"","meta":{"_acf_changed":false},"product_brand":[],"product_cat":[1974,196],"product_tag":[],"class_list":{"0":"post-8948","1":"product","2":"type-product","3":"status-publish","4":"has-post-thumbnail","6":"product_cat-tyynyt-ja-filtit","7":"product_cat-kotiin","8":"pa_pattern-colour-doris-musta-fi","9":"pa_pattern-colour-doris-tiili","10":"pa_pattern-colour-doris-vihrea","11":"pa_pattern-colour-doris-okra","12":"pa_pattern-colour-doris-keltainen","13":"pa_pattern-colour-nereus-black-fi","14":"pa_pattern-colour-nereus-tummanvihrea","15":"pa_pattern-colour-nereus-lyijy","16":"pa_pattern-colour-tilkku-vihrea","17":"collection-normandie-2","19":"first","20":"instock","21":"taxable","22":"shipping-taxable","23":"purchasable","24":"product-type-variable"},"acf":[],"yoast_head":"<!-- This site is optimized with the Yoast SEO Premium plugin v27.2 (Yoast SEO v27.2) - https:\/\/yoast.com\/product\/yoast-seo-premium-wordpress\/ -->\n<title>Tyynynp\u00e4\u00e4llinen Normandie 30 x 50 cm - Johanna Gullichsen<\/title>\n<meta name=\"description\" content=\"Koristetyynynp\u00e4\u00e4llinen 30x50cm kokoisena el\u00e4v\u00f6itt\u00e4\u00e4 sohvaa tai s\u00e4nky\u00e4 ja tukee selk\u00e4\u00e4. Kotimainen tyynynp\u00e4\u00e4llinen kest\u00e4v\u00e4\u00e4 verhoilukangasta.\" \/>\n<meta name=\"robots\" content=\"index, follow, max-snippet:-1, max-image-preview:large, max-video-preview:-1\" \/>\n<link rel=\"canonical\" href=\"https:\/\/www.johannagullichsen.com\/fi\/tuote\/tyynynpaallinen-normandie-30cm-x-50cm\/\" \/>\n<meta property=\"og:locale\" content=\"fi_FI\" \/>\n<meta property=\"og:type\" content=\"article\" \/>\n<meta property=\"og:title\" content=\"Tyynynp\u00e4\u00e4llinen Normandie 30 x 50 cm\" \/>\n<meta property=\"og:description\" content=\"Koristetyynynp\u00e4\u00e4llinen 30x50cm kokoisena el\u00e4v\u00f6itt\u00e4\u00e4 sohvaa tai s\u00e4nky\u00e4 ja tukee selk\u00e4\u00e4. Kotimainen tyynynp\u00e4\u00e4llinen kest\u00e4v\u00e4\u00e4 verhoilukangasta.\" \/>\n<meta property=\"og:url\" content=\"https:\/\/www.johannagullichsen.com\/fi\/tuote\/tyynynpaallinen-normandie-30cm-x-50cm\/\" \/>\n<meta property=\"og:site_name\" content=\"Johanna Gullichsen\" \/>\n<meta property=\"article:modified_time\" content=\"2026-04-16T09:42:08+00:00\" \/>\n<meta property=\"og:image\" content=\"https:\/\/www.johannagullichsen.com\/wp-content\/uploads\/2020\/04\/JG_cushion_cover_30x50_doris_yellow_4116.jpg\" \/>\n\t<meta property=\"og:image:width\" content=\"1600\" \/>\n\t<meta property=\"og:image:height\" content=\"1200\" \/>\n\t<meta property=\"og:image:type\" content=\"image\/jpeg\" \/>\n<meta name=\"twitter:card\" content=\"summary_large_image\" \/>\n<meta name=\"twitter:label1\" content=\"Arvioitu lukuaika\" \/>\n\t<meta name=\"twitter:data1\" content=\"1 minuutti\" \/>\n<script type=\"application\/ld+json\" class=\"yoast-schema-graph\">{\"@context\":\"https:\/\/schema.org\",\"@graph\":[{\"@type\":\"WebPage\",\"@id\":\"https:\/\/www.johannagullichsen.com\/fi\/tuote\/tyynynpaallinen-normandie-30cm-x-50cm\/\",\"url\":\"https:\/\/www.johannagullichsen.com\/fi\/tuote\/tyynynpaallinen-normandie-30cm-x-50cm\/\",\"name\":\"Tyynynp\u00e4\u00e4llinen Normandie 30 x 50 cm - Johanna Gullichsen\",\"isPartOf\":{\"@id\":\"https:\/\/www.johannagullichsen.com\/fi\/#website\"},\"primaryImageOfPage\":{\"@id\":\"https:\/\/www.johannagullichsen.com\/fi\/tuote\/tyynynpaallinen-normandie-30cm-x-50cm\/#primaryimage\"},\"image\":{\"@id\":\"https:\/\/www.johannagullichsen.com\/fi\/tuote\/tyynynpaallinen-normandie-30cm-x-50cm\/#primaryimage\"},\"thumbnailUrl\":\"https:\/\/www.johannagullichsen.com\/wp-content\/uploads\/2020\/04\/JG_cushion_cover_30x50_doris_yellow_4116.jpg\",\"datePublished\":\"2020-10-29T12:46:03+00:00\",\"dateModified\":\"2026-04-16T09:42:08+00:00\",\"description\":\"Koristetyynynp\u00e4\u00e4llinen 30x50cm kokoisena el\u00e4v\u00f6itt\u00e4\u00e4 sohvaa tai s\u00e4nky\u00e4 ja tukee selk\u00e4\u00e4. Kotimainen tyynynp\u00e4\u00e4llinen kest\u00e4v\u00e4\u00e4 verhoilukangasta.\",\"breadcrumb\":{\"@id\":\"https:\/\/www.johannagullichsen.com\/fi\/tuote\/tyynynpaallinen-normandie-30cm-x-50cm\/#breadcrumb\"},\"inLanguage\":\"fi\",\"potentialAction\":[{\"@type\":\"ReadAction\",\"target\":[\"https:\/\/www.johannagullichsen.com\/fi\/tuote\/tyynynpaallinen-normandie-30cm-x-50cm\/\"]}]},{\"@type\":\"ImageObject\",\"inLanguage\":\"fi\",\"@id\":\"https:\/\/www.johannagullichsen.com\/fi\/tuote\/tyynynpaallinen-normandie-30cm-x-50cm\/#primaryimage\",\"url\":\"https:\/\/www.johannagullichsen.com\/wp-content\/uploads\/2020\/04\/JG_cushion_cover_30x50_doris_yellow_4116.jpg\",\"contentUrl\":\"https:\/\/www.johannagullichsen.com\/wp-content\/uploads\/2020\/04\/JG_cushion_cover_30x50_doris_yellow_4116.jpg\",\"width\":1600,\"height\":1200},{\"@type\":\"BreadcrumbList\",\"@id\":\"https:\/\/www.johannagullichsen.com\/fi\/tuote\/tyynynpaallinen-normandie-30cm-x-50cm\/#breadcrumb\",\"itemListElement\":[{\"@type\":\"ListItem\",\"position\":1,\"name\":\"Home\",\"item\":\"https:\/\/www.johannagullichsen.com\/fi\/\"},{\"@type\":\"ListItem\",\"position\":2,\"name\":\"Tuotteet ja verkkokauppa\",\"item\":\"https:\/\/www.johannagullichsen.com\/fi\/tuotteet\/\"},{\"@type\":\"ListItem\",\"position\":3,\"name\":\"Tyynynp\u00e4\u00e4llinen Normandie 30 x 50 cm\"}]},{\"@type\":\"WebSite\",\"@id\":\"https:\/\/www.johannagullichsen.com\/fi\/#website\",\"url\":\"https:\/\/www.johannagullichsen.com\/fi\/\",\"name\":\"Johanna Gullichsen\",\"description\":\"\",\"potentialAction\":[{\"@type\":\"SearchAction\",\"target\":{\"@type\":\"EntryPoint\",\"urlTemplate\":\"https:\/\/www.johannagullichsen.com\/fi\/?s={search_term_string}\"},\"query-input\":{\"@type\":\"PropertyValueSpecification\",\"valueRequired\":true,\"valueName\":\"search_term_string\"}}],\"inLanguage\":\"fi\"}]}<\/script>\n<!-- \/ Yoast SEO Premium plugin. -->","yoast_head_json":{"title":"Tyynynp\u00e4\u00e4llinen Normandie 30 x 50 cm - Johanna Gullichsen","description":"Koristetyynynp\u00e4\u00e4llinen 30x50cm kokoisena el\u00e4v\u00f6itt\u00e4\u00e4 sohvaa tai s\u00e4nky\u00e4 ja tukee selk\u00e4\u00e4. Kotimainen tyynynp\u00e4\u00e4llinen kest\u00e4v\u00e4\u00e4 verhoilukangasta.","robots":{"index":"index","follow":"follow","max-snippet":"max-snippet:-1","max-image-preview":"max-image-preview:large","max-video-preview":"max-video-preview:-1"},"canonical":"https:\/\/www.johannagullichsen.com\/fi\/tuote\/tyynynpaallinen-normandie-30cm-x-50cm\/","og_locale":"fi_FI","og_type":"article","og_title":"Tyynynp\u00e4\u00e4llinen Normandie 30 x 50 cm","og_description":"Koristetyynynp\u00e4\u00e4llinen 30x50cm kokoisena el\u00e4v\u00f6itt\u00e4\u00e4 sohvaa tai s\u00e4nky\u00e4 ja tukee selk\u00e4\u00e4. Kotimainen tyynynp\u00e4\u00e4llinen kest\u00e4v\u00e4\u00e4 verhoilukangasta.","og_url":"https:\/\/www.johannagullichsen.com\/fi\/tuote\/tyynynpaallinen-normandie-30cm-x-50cm\/","og_site_name":"Johanna Gullichsen","article_modified_time":"2026-04-16T09:42:08+00:00","og_image":[{"width":1600,"height":1200,"url":"https:\/\/www.johannagullichsen.com\/wp-content\/uploads\/2020\/04\/JG_cushion_cover_30x50_doris_yellow_4116.jpg","type":"image\/jpeg"}],"twitter_card":"summary_large_image","twitter_misc":{"Arvioitu lukuaika":"1 minuutti"},"schema":{"@context":"https:\/\/schema.org","@graph":[{"@type":"WebPage","@id":"https:\/\/www.johannagullichsen.com\/fi\/tuote\/tyynynpaallinen-normandie-30cm-x-50cm\/","url":"https:\/\/www.johannagullichsen.com\/fi\/tuote\/tyynynpaallinen-normandie-30cm-x-50cm\/","name":"Tyynynp\u00e4\u00e4llinen Normandie 30 x 50 cm - Johanna Gullichsen","isPartOf":{"@id":"https:\/\/www.johannagullichsen.com\/fi\/#website"},"primaryImageOfPage":{"@id":"https:\/\/www.johannagullichsen.com\/fi\/tuote\/tyynynpaallinen-normandie-30cm-x-50cm\/#primaryimage"},"image":{"@id":"https:\/\/www.johannagullichsen.com\/fi\/tuote\/tyynynpaallinen-normandie-30cm-x-50cm\/#primaryimage"},"thumbnailUrl":"https:\/\/www.johannagullichsen.com\/wp-content\/uploads\/2020\/04\/JG_cushion_cover_30x50_doris_yellow_4116.jpg","datePublished":"2020-10-29T12:46:03+00:00","dateModified":"2026-04-16T09:42:08+00:00","description":"Koristetyynynp\u00e4\u00e4llinen 30x50cm kokoisena el\u00e4v\u00f6itt\u00e4\u00e4 sohvaa tai s\u00e4nky\u00e4 ja tukee selk\u00e4\u00e4. Kotimainen tyynynp\u00e4\u00e4llinen kest\u00e4v\u00e4\u00e4 verhoilukangasta.","breadcrumb":{"@id":"https:\/\/www.johannagullichsen.com\/fi\/tuote\/tyynynpaallinen-normandie-30cm-x-50cm\/#breadcrumb"},"inLanguage":"fi","potentialAction":[{"@type":"ReadAction","target":["https:\/\/www.johannagullichsen.com\/fi\/tuote\/tyynynpaallinen-normandie-30cm-x-50cm\/"]}]},{"@type":"ImageObject","inLanguage":"fi","@id":"https:\/\/www.johannagullichsen.com\/fi\/tuote\/tyynynpaallinen-normandie-30cm-x-50cm\/#primaryimage","url":"https:\/\/www.johannagullichsen.com\/wp-content\/uploads\/2020\/04\/JG_cushion_cover_30x50_doris_yellow_4116.jpg","contentUrl":"https:\/\/www.johannagullichsen.com\/wp-content\/uploads\/2020\/04\/JG_cushion_cover_30x50_doris_yellow_4116.jpg","width":1600,"height":1200},{"@type":"BreadcrumbList","@id":"https:\/\/www.johannagullichsen.com\/fi\/tuote\/tyynynpaallinen-normandie-30cm-x-50cm\/#breadcrumb","itemListElement":[{"@type":"ListItem","position":1,"name":"Home","item":"https:\/\/www.johannagullichsen.com\/fi\/"},{"@type":"ListItem","position":2,"name":"Tuotteet ja verkkokauppa","item":"https:\/\/www.johannagullichsen.com\/fi\/tuotteet\/"},{"@type":"ListItem","position":3,"name":"Tyynynp\u00e4\u00e4llinen Normandie 30 x 50 cm"}]},{"@type":"WebSite","@id":"https:\/\/www.johannagullichsen.com\/fi\/#website","url":"https:\/\/www.johannagullichsen.com\/fi\/","name":"Johanna Gullichsen","description":"","potentialAction":[{"@type":"SearchAction","target":{"@type":"EntryPoint","urlTemplate":"https:\/\/www.johannagullichsen.com\/fi\/?s={search_term_string}"},"query-input":{"@type":"PropertyValueSpecification","valueRequired":true,"valueName":"search_term_string"}}],"inLanguage":"fi"}]}},"_links":{"self":[{"href":"https:\/\/www.johannagullichsen.com\/fi\/wp-json\/wp\/v2\/product\/8948","targetHints":{"allow":["GET"]}}],"collection":[{"href":"https:\/\/www.johannagullichsen.com\/fi\/wp-json\/wp\/v2\/product"}],"about":[{"href":"https:\/\/www.johannagullichsen.com\/fi\/wp-json\/wp\/v2\/types\/product"}],"wp:featuredmedia":[{"embeddable":true,"href":"https:\/\/www.johannagullichsen.com\/fi\/wp-json\/wp\/v2\/media\/16388"}],"wp:attachment":[{"href":"https:\/\/www.johannagullichsen.com\/fi\/wp-json\/wp\/v2\/media?parent=8948"}],"wp:term":[{"taxonomy":"product_brand","embeddable":true,"href":"https:\/\/www.johannagullichsen.com\/fi\/wp-json\/wp\/v2\/product_brand?post=8948"},{"taxonomy":"product_cat","embeddable":true,"href":"https:\/\/www.johannagullichsen.com\/fi\/wp-json\/wp\/v2\/product_cat?post=8948"},{"taxonomy":"product_tag","embeddable":true,"href":"https:\/\/www.johannagullichsen.com\/fi\/wp-json\/wp\/v2\/product_tag?post=8948"}],"curies":[{"name":"wp","href":"https:\/\/api.w.org\/{rel}","templated":true}]}}