{"id":12542,"date":"2021-08-25T15:08:04","date_gmt":"2021-08-25T12:08:04","guid":{"rendered":"https:\/\/www.johannagullichsen.com\/?page_id=12542"},"modified":"2022-03-01T10:55:16","modified_gmt":"2022-03-01T08:55:16","slug":"un-nouveau-magasin-au-coeur-d-helsinki","status":"publish","type":"page","link":"https:\/\/www.johannagullichsen.com\/fr\/un-nouveau-magasin-au-coeur-d-helsinki\/","title":{"rendered":"Lasipalatsi Store"},"content":{"rendered":"<figure id=\"attachment_12538\" aria-describedby=\"caption-attachment-12538\" style=\"width: 1920px\" class=\"wp-caption alignnone\"><a href=\"https:\/\/www.johannagullichsen.com\/wp-content\/uploads\/2021\/08\/Lasipalatsi.-Photo-Tuomas-Uusheimo-Amos-Rex-1.jpg\"><img loading=\"lazy\" decoding=\"async\" class=\"wp-image-12538 size-full\" src=\"https:\/\/www.johannagullichsen.com\/wp-content\/uploads\/2021\/08\/Lasipalatsi.-Photo-Tuomas-Uusheimo-Amos-Rex-1.jpg\" alt=\"\" width=\"1920\" height=\"1000\" srcset=\"https:\/\/www.johannagullichsen.com\/wp-content\/uploads\/2021\/08\/Lasipalatsi.-Photo-Tuomas-Uusheimo-Amos-Rex-1.jpg 1920w, https:\/\/www.johannagullichsen.com\/wp-content\/uploads\/2021\/08\/Lasipalatsi.-Photo-Tuomas-Uusheimo-Amos-Rex-1-1260x656.jpg 1260w, https:\/\/www.johannagullichsen.com\/wp-content\/uploads\/2021\/08\/Lasipalatsi.-Photo-Tuomas-Uusheimo-Amos-Rex-1-300x156.jpg 300w, https:\/\/www.johannagullichsen.com\/wp-content\/uploads\/2021\/08\/Lasipalatsi.-Photo-Tuomas-Uusheimo-Amos-Rex-1-1024x533.jpg 1024w, https:\/\/www.johannagullichsen.com\/wp-content\/uploads\/2021\/08\/Lasipalatsi.-Photo-Tuomas-Uusheimo-Amos-Rex-1-768x400.jpg 768w, https:\/\/www.johannagullichsen.com\/wp-content\/uploads\/2021\/08\/Lasipalatsi.-Photo-Tuomas-Uusheimo-Amos-Rex-1-1536x800.jpg 1536w\" sizes=\"auto, (max-width: 1920px) 100vw, 1920px\" \/><\/a><figcaption id=\"caption-attachment-12538\" class=\"wp-caption-text\">Photo: Tuomas Uusheimo<\/figcaption><\/figure>\n<h4>Le nouveau magasin de Johanna Gullichsen au c\u0153ur d&rsquo;Helsinki<\/h4>\n<p>Le son des rails du tram, les mus\u00e9es, la gare routi\u00e8re, les centres commerciaux et le rythme de la ville. Tous ces \u00e9l\u00e9ments cr\u00e9ent l&rsquo;atmosph\u00e8re de la nouvelle boutique de Johanna Gullichsen au <a href=\"https:\/\/glaspalatset.fi\/\">Lasipalatsi<\/a>. D\u00e9sormais, nous pouvons mieux servir les habitants d&rsquo;Helsinki qui traversent le centre-ville tous les jours et, bien s\u00fbr, les touristes qui sont de passage \u00e0 Helsinki.<\/p>\n<p>Nous avons maintenant deux magasins : le magasin d\u00e9j\u00e0 bien connu d&rsquo;Erottaja et le magasin de Lasipalatsi. A Erottaja, nous continuerons \u00e0 vous servir avec vos commandes sur mesure et \u00e0 vendre des tissus au m\u00e8tre et \u00e0 Lasipalatsi, vous trouverez une grande s\u00e9lection d&rsquo;articles de d\u00e9coration int\u00e9rieur et d&rsquo;accessoires pr\u00eats \u00e0 porter. Le magasin de Lasipalatsi regorge d&rsquo;id\u00e9es de cadeaux pour un ami ou pour vous-m\u00eame. La collection Twin est la sp\u00e9cialit\u00e9 du magasin Lasipalatsi qui comprend des sacs \u00e0 main, des bourses et des housses de coussin. Les produits sont tous bas\u00e9s sur la dualit\u00e9 des motifs de la s\u00e9rie Normandie ; d\u2019un c\u00f4t\u00e9 clair, et de l&rsquo;autre fonc\u00e9.<\/p>\n<p>Ce n&rsquo;est pas un hasard si notre nouveau magasin ouvre ses portes \u00e0 Lasipalatsi. L&rsquo;histoire fascinante du b\u00e2timent, ainsi que son style sans compromis, vont de pair avec les valeurs de Johanna Gullichsen. Viljo Revell, Heimo Riihim\u00e4ki et Niilo Kokko, alors \u00e9tudiants en architecture au d\u00e9but de leur carri\u00e8re, ont con\u00e7u le \u00ab\u00a0palais de verre\u00a0\u00bb achev\u00e9 en 1936, pour les besoins des visiteurs des Jeux olympiques de 1952. Le b\u00e2timent initialement destin\u00e9 pour \u00eatre temporaire, reste l&rsquo;un des plus beaux joyaux du fonctionnalisme finlandais. Le jardin d&rsquo;hiver de ce b\u00e2timent moderne et spacieux, la transparence des locaux commerciaux, les surfaces en verre, les colonnes brillantes et m\u00e9talliques autant que les surfaces murales aux tons intenses \u00e9taient une attraction dans leur temps. D\u00fb\u00a0\u00e0 son avenir incertain, Lasipalatsi s&rsquo;est d\u00e9grad\u00e9 au fil des ann\u00e9es et le b\u00e2timent a \u00e9t\u00e9 r\u00e9nov\u00e9 en 1998. Vingt ans plus tard, Lasipalatsi a fait l&rsquo;objet d&rsquo;encore une nouvelle r\u00e9novation majeure. Au m\u00eame moment, l<a href=\"https:\/\/amosrex.fi\/en\/\">e mus\u00e9e d&rsquo;art Amos Rex<\/a>, con\u00e7u par <a href=\"https:\/\/jkmm.fi\/\">JKMM Architects<\/a>, a \u00e9t\u00e9 ouvert dans le b\u00e2timent. Le mus\u00e9e est instantan\u00e9ment devenu un site \u00e0 ne pas rater \u00e0 Helsinki, compos\u00e9 de salles d&rsquo;exposition souterraines et un toit qui s&rsquo;\u00e9l\u00e8ve sur la place Lasipalatsi.<\/p>\n<p>\u00ab\u00a0Lasipalatsi refl\u00e8te les m\u00eames valeurs que je veux promouvoir : un design qui dure dans le temps tout en restant passionnant, frais et pertinent dans le temps. C&rsquo;est pourquoi ce b\u00e2timent m&rsquo;inspire \u00e9norm\u00e9ment. L\u2019ouverture de ma boutique \u00e0 Lasipalatsi m&rsquo;inspirera s\u00fbrement et approfondira mes racines et mon identit\u00e9 en tant que designer.\u00a0\u00bb dit Gullichsen.<\/p>\n<p>Bienvenue!<\/p>\n<p>&nbsp;<\/p>\n","protected":false},"excerpt":{"rendered":"<p>Le nouveau magasin de Johanna Gullichsen au c\u0153ur d&rsquo;Helsinki Le son des rails du tram, les mus\u00e9es, la gare routi\u00e8re, les centres commerciaux et le rythme de la ville. Tous&hellip;<\/p>\n","protected":false},"author":4,"featured_media":0,"parent":0,"menu_order":0,"comment_status":"closed","ping_status":"closed","template":"","meta":{"_acf_changed":false,"footnotes":""},"class_list":["post-12542","page","type-page","status-publish","hentry"],"acf":[],"yoast_head":"<!-- This site is optimized with the Yoast SEO Premium plugin v27.2 (Yoast SEO v27.5) - https:\/\/yoast.com\/product\/yoast-seo-premium-wordpress\/ -->\n<title>Lasipalatsi Store - Johanna Gullichsen<\/title>\n<meta name=\"description\" content=\"Le brouhaha de la ville est un des \u00e9l\u00e9ments qui cr\u00e9ent l&#039;atmosph\u00e8re de la nouvelle boutique de Johanna Gullichsen au Lasipalatsi.\" \/>\n<meta name=\"robots\" content=\"index, follow, max-snippet:-1, max-image-preview:large, max-video-preview:-1\" \/>\n<link rel=\"canonical\" href=\"https:\/\/www.johannagullichsen.com\/fr\/un-nouveau-magasin-au-coeur-d-helsinki\/\" \/>\n<meta property=\"og:locale\" content=\"fr_FR\" \/>\n<meta property=\"og:type\" content=\"article\" \/>\n<meta property=\"og:title\" content=\"Lasipalatsi Store\" \/>\n<meta property=\"og:description\" content=\"Le brouhaha de la ville est un des \u00e9l\u00e9ments qui cr\u00e9ent l&#039;atmosph\u00e8re de la nouvelle boutique de Johanna Gullichsen au Lasipalatsi.\" \/>\n<meta property=\"og:url\" content=\"https:\/\/www.johannagullichsen.com\/fr\/un-nouveau-magasin-au-coeur-d-helsinki\/\" \/>\n<meta property=\"og:site_name\" content=\"Johanna Gullichsen\" \/>\n<meta property=\"article:modified_time\" content=\"2022-03-01T08:55:16+00:00\" \/>\n<meta property=\"og:image\" content=\"https:\/\/www.johannagullichsen.com\/wp-content\/uploads\/2021\/08\/Lasipalatsi.-Photo-Tuomas-Uusheimo-Amos-Rex-1.jpg\" \/>\n<meta name=\"twitter:card\" content=\"summary_large_image\" \/>\n<meta name=\"twitter:label1\" content=\"Dur\u00e9e de lecture estim\u00e9e\" \/>\n\t<meta name=\"twitter:data1\" content=\"3 minutes\" \/>\n<script type=\"application\/ld+json\" class=\"yoast-schema-graph\">{\"@context\":\"https:\\\/\\\/schema.org\",\"@graph\":[{\"@type\":\"WebPage\",\"@id\":\"https:\\\/\\\/www.johannagullichsen.com\\\/fr\\\/un-nouveau-magasin-au-coeur-d-helsinki\\\/\",\"url\":\"https:\\\/\\\/www.johannagullichsen.com\\\/fr\\\/un-nouveau-magasin-au-coeur-d-helsinki\\\/\",\"name\":\"Lasipalatsi Store - Johanna Gullichsen\",\"isPartOf\":{\"@id\":\"https:\\\/\\\/www.johannagullichsen.com\\\/fr\\\/#website\"},\"primaryImageOfPage\":{\"@id\":\"https:\\\/\\\/www.johannagullichsen.com\\\/fr\\\/un-nouveau-magasin-au-coeur-d-helsinki\\\/#primaryimage\"},\"image\":{\"@id\":\"https:\\\/\\\/www.johannagullichsen.com\\\/fr\\\/un-nouveau-magasin-au-coeur-d-helsinki\\\/#primaryimage\"},\"thumbnailUrl\":\"https:\\\/\\\/www.johannagullichsen.com\\\/wp-content\\\/uploads\\\/2021\\\/08\\\/Lasipalatsi.-Photo-Tuomas-Uusheimo-Amos-Rex-1.jpg\",\"datePublished\":\"2021-08-25T12:08:04+00:00\",\"dateModified\":\"2022-03-01T08:55:16+00:00\",\"description\":\"Le brouhaha de la ville est un des \u00e9l\u00e9ments qui cr\u00e9ent l'atmosph\u00e8re de la nouvelle boutique de Johanna Gullichsen au Lasipalatsi.\",\"breadcrumb\":{\"@id\":\"https:\\\/\\\/www.johannagullichsen.com\\\/fr\\\/un-nouveau-magasin-au-coeur-d-helsinki\\\/#breadcrumb\"},\"inLanguage\":\"fr-FR\",\"potentialAction\":[{\"@type\":\"ReadAction\",\"target\":[\"https:\\\/\\\/www.johannagullichsen.com\\\/fr\\\/un-nouveau-magasin-au-coeur-d-helsinki\\\/\"]}]},{\"@type\":\"ImageObject\",\"inLanguage\":\"fr-FR\",\"@id\":\"https:\\\/\\\/www.johannagullichsen.com\\\/fr\\\/un-nouveau-magasin-au-coeur-d-helsinki\\\/#primaryimage\",\"url\":\"https:\\\/\\\/www.johannagullichsen.com\\\/wp-content\\\/uploads\\\/2021\\\/08\\\/Lasipalatsi.-Photo-Tuomas-Uusheimo-Amos-Rex-1.jpg\",\"contentUrl\":\"https:\\\/\\\/www.johannagullichsen.com\\\/wp-content\\\/uploads\\\/2021\\\/08\\\/Lasipalatsi.-Photo-Tuomas-Uusheimo-Amos-Rex-1.jpg\"},{\"@type\":\"BreadcrumbList\",\"@id\":\"https:\\\/\\\/www.johannagullichsen.com\\\/fr\\\/un-nouveau-magasin-au-coeur-d-helsinki\\\/#breadcrumb\",\"itemListElement\":[{\"@type\":\"ListItem\",\"position\":1,\"name\":\"Home\",\"item\":\"https:\\\/\\\/www.johannagullichsen.com\\\/fr\\\/\"},{\"@type\":\"ListItem\",\"position\":2,\"name\":\"Lasipalatsi Store\"}]},{\"@type\":\"WebSite\",\"@id\":\"https:\\\/\\\/www.johannagullichsen.com\\\/fr\\\/#website\",\"url\":\"https:\\\/\\\/www.johannagullichsen.com\\\/fr\\\/\",\"name\":\"Johanna Gullichsen\",\"description\":\"\",\"potentialAction\":[{\"@type\":\"SearchAction\",\"target\":{\"@type\":\"EntryPoint\",\"urlTemplate\":\"https:\\\/\\\/www.johannagullichsen.com\\\/fr\\\/?s={search_term_string}\"},\"query-input\":{\"@type\":\"PropertyValueSpecification\",\"valueRequired\":true,\"valueName\":\"search_term_string\"}}],\"inLanguage\":\"fr-FR\"}]}<\/script>\n<!-- \/ Yoast SEO Premium plugin. -->","yoast_head_json":{"title":"Lasipalatsi Store - Johanna Gullichsen","description":"Le brouhaha de la ville est un des \u00e9l\u00e9ments qui cr\u00e9ent l'atmosph\u00e8re de la nouvelle boutique de Johanna Gullichsen au Lasipalatsi.","robots":{"index":"index","follow":"follow","max-snippet":"max-snippet:-1","max-image-preview":"max-image-preview:large","max-video-preview":"max-video-preview:-1"},"canonical":"https:\/\/www.johannagullichsen.com\/fr\/un-nouveau-magasin-au-coeur-d-helsinki\/","og_locale":"fr_FR","og_type":"article","og_title":"Lasipalatsi Store","og_description":"Le brouhaha de la ville est un des \u00e9l\u00e9ments qui cr\u00e9ent l'atmosph\u00e8re de la nouvelle boutique de Johanna Gullichsen au Lasipalatsi.","og_url":"https:\/\/www.johannagullichsen.com\/fr\/un-nouveau-magasin-au-coeur-d-helsinki\/","og_site_name":"Johanna Gullichsen","article_modified_time":"2022-03-01T08:55:16+00:00","og_image":[{"url":"https:\/\/www.johannagullichsen.com\/wp-content\/uploads\/2021\/08\/Lasipalatsi.-Photo-Tuomas-Uusheimo-Amos-Rex-1.jpg","type":"","width":"","height":""}],"twitter_card":"summary_large_image","twitter_misc":{"Dur\u00e9e de lecture estim\u00e9e":"3 minutes"},"schema":{"@context":"https:\/\/schema.org","@graph":[{"@type":"WebPage","@id":"https:\/\/www.johannagullichsen.com\/fr\/un-nouveau-magasin-au-coeur-d-helsinki\/","url":"https:\/\/www.johannagullichsen.com\/fr\/un-nouveau-magasin-au-coeur-d-helsinki\/","name":"Lasipalatsi Store - Johanna Gullichsen","isPartOf":{"@id":"https:\/\/www.johannagullichsen.com\/fr\/#website"},"primaryImageOfPage":{"@id":"https:\/\/www.johannagullichsen.com\/fr\/un-nouveau-magasin-au-coeur-d-helsinki\/#primaryimage"},"image":{"@id":"https:\/\/www.johannagullichsen.com\/fr\/un-nouveau-magasin-au-coeur-d-helsinki\/#primaryimage"},"thumbnailUrl":"https:\/\/www.johannagullichsen.com\/wp-content\/uploads\/2021\/08\/Lasipalatsi.-Photo-Tuomas-Uusheimo-Amos-Rex-1.jpg","datePublished":"2021-08-25T12:08:04+00:00","dateModified":"2022-03-01T08:55:16+00:00","description":"Le brouhaha de la ville est un des \u00e9l\u00e9ments qui cr\u00e9ent l'atmosph\u00e8re de la nouvelle boutique de Johanna Gullichsen au Lasipalatsi.","breadcrumb":{"@id":"https:\/\/www.johannagullichsen.com\/fr\/un-nouveau-magasin-au-coeur-d-helsinki\/#breadcrumb"},"inLanguage":"fr-FR","potentialAction":[{"@type":"ReadAction","target":["https:\/\/www.johannagullichsen.com\/fr\/un-nouveau-magasin-au-coeur-d-helsinki\/"]}]},{"@type":"ImageObject","inLanguage":"fr-FR","@id":"https:\/\/www.johannagullichsen.com\/fr\/un-nouveau-magasin-au-coeur-d-helsinki\/#primaryimage","url":"https:\/\/www.johannagullichsen.com\/wp-content\/uploads\/2021\/08\/Lasipalatsi.-Photo-Tuomas-Uusheimo-Amos-Rex-1.jpg","contentUrl":"https:\/\/www.johannagullichsen.com\/wp-content\/uploads\/2021\/08\/Lasipalatsi.-Photo-Tuomas-Uusheimo-Amos-Rex-1.jpg"},{"@type":"BreadcrumbList","@id":"https:\/\/www.johannagullichsen.com\/fr\/un-nouveau-magasin-au-coeur-d-helsinki\/#breadcrumb","itemListElement":[{"@type":"ListItem","position":1,"name":"Home","item":"https:\/\/www.johannagullichsen.com\/fr\/"},{"@type":"ListItem","position":2,"name":"Lasipalatsi Store"}]},{"@type":"WebSite","@id":"https:\/\/www.johannagullichsen.com\/fr\/#website","url":"https:\/\/www.johannagullichsen.com\/fr\/","name":"Johanna Gullichsen","description":"","potentialAction":[{"@type":"SearchAction","target":{"@type":"EntryPoint","urlTemplate":"https:\/\/www.johannagullichsen.com\/fr\/?s={search_term_string}"},"query-input":{"@type":"PropertyValueSpecification","valueRequired":true,"valueName":"search_term_string"}}],"inLanguage":"fr-FR"}]}},"_links":{"self":[{"href":"https:\/\/www.johannagullichsen.com\/fr\/wp-json\/wp\/v2\/pages\/12542","targetHints":{"allow":["GET"]}}],"collection":[{"href":"https:\/\/www.johannagullichsen.com\/fr\/wp-json\/wp\/v2\/pages"}],"about":[{"href":"https:\/\/www.johannagullichsen.com\/fr\/wp-json\/wp\/v2\/types\/page"}],"author":[{"embeddable":true,"href":"https:\/\/www.johannagullichsen.com\/fr\/wp-json\/wp\/v2\/users\/4"}],"replies":[{"embeddable":true,"href":"https:\/\/www.johannagullichsen.com\/fr\/wp-json\/wp\/v2\/comments?post=12542"}],"version-history":[{"count":8,"href":"https:\/\/www.johannagullichsen.com\/fr\/wp-json\/wp\/v2\/pages\/12542\/revisions"}],"predecessor-version":[{"id":14266,"href":"https:\/\/www.johannagullichsen.com\/fr\/wp-json\/wp\/v2\/pages\/12542\/revisions\/14266"}],"wp:attachment":[{"href":"https:\/\/www.johannagullichsen.com\/fr\/wp-json\/wp\/v2\/media?parent=12542"}],"curies":[{"name":"wp","href":"https:\/\/api.w.org\/{rel}","templated":true}]}}