{"id":13847,"date":"2025-09-23T11:46:51","date_gmt":"2025-09-23T08:46:51","guid":{"rendered":"https:\/\/www.johannagullichsen.com\/?page_id=13847"},"modified":"2025-09-23T12:23:13","modified_gmt":"2025-09-23T09:23:13","slug":"la-tirelle-loutil-le-plus-important-dun-designer","status":"publish","type":"page","link":"https:\/\/www.johannagullichsen.com\/fr\/la-tirelle-loutil-le-plus-important-dun-designer\/","title":{"rendered":"La Tirelle &#8211; l&rsquo;outil le plus important d&rsquo;un Designer"},"content":{"rendered":"<p>La tirelle est un outil important de conception. Les tirelles Normandie et Contract sont d\u00e9sormais disponibles \u00e0 la commande sur notre site internet.<\/p>\n<p><a href=\"https:\/\/www.johannagullichsen.com\/wp-content\/uploads\/2021\/11\/Johanna-Gullichseen-Fabriic-sample-picture.jpg\"><img loading=\"lazy\" decoding=\"async\" class=\"alignnone size-full wp-image-13717\" src=\"https:\/\/www.johannagullichsen.com\/wp-content\/uploads\/2021\/11\/Johanna-Gullichseen-Fabriic-sample-picture.jpg\" alt=\"\" width=\"1920\" height=\"1883\" srcset=\"https:\/\/www.johannagullichsen.com\/wp-content\/uploads\/2021\/11\/Johanna-Gullichseen-Fabriic-sample-picture.jpg 1920w, https:\/\/www.johannagullichsen.com\/wp-content\/uploads\/2021\/11\/Johanna-Gullichseen-Fabriic-sample-picture-1260x1236.jpg 1260w, https:\/\/www.johannagullichsen.com\/wp-content\/uploads\/2021\/11\/Johanna-Gullichseen-Fabriic-sample-picture-300x294.jpg 300w, https:\/\/www.johannagullichsen.com\/wp-content\/uploads\/2021\/11\/Johanna-Gullichseen-Fabriic-sample-picture-1024x1004.jpg 1024w, https:\/\/www.johannagullichsen.com\/wp-content\/uploads\/2021\/11\/Johanna-Gullichseen-Fabriic-sample-picture-768x753.jpg 768w, https:\/\/www.johannagullichsen.com\/wp-content\/uploads\/2021\/11\/Johanna-Gullichseen-Fabriic-sample-picture-1536x1506.jpg 1536w\" sizes=\"auto, (max-width: 1920px) 100vw, 1920px\" \/><\/a><\/p>\n<p>Faire un choix en mati\u00e8re de d\u00e9coration est une exp\u00e9rience merveilleusement excitante : \u00e0 quoi ressemblera mon nouveau couvre-lit ou le rev\u00eatement de mon canap\u00e9? Mais parfois, faire un choix peut \u00eatre vraiment difficile. Suis-je s\u00fbr de la teinte et de la qualit\u00e9? Cette couleur particuli\u00e8re fera-t-elle ressortir l&rsquo;ambiance de mon tableau ador\u00e9?\u00a0 Ou bien le canap\u00e9 avec sa tapisserie deviendra-t-il le point central de la pi\u00e8ce et d\u00e9terminera-t-il le ton des murs?<\/p>\n<p>Le choix des couleurs et des motifs est influenc\u00e9 par l&rsquo;ambiance d\u2019un espace, la lumi\u00e8re et les ombres, les meubles et les mat\u00e9riaux de surface. C&rsquo;est pourquoi il est parfois impossible de faire un choix en ligne ou m\u00eame en boutique. Si en revanche il s&rsquo;agit d&rsquo;une nouvelle propri\u00e9t\u00e9 ou d&rsquo;une r\u00e9novation compl\u00e8te d&rsquo;un espace, les mat\u00e9riaux et les couleurs peuvent \u00eatre assortis \u00e0 l&rsquo;aide d&rsquo;\u00e9chantillons et de tableaux d&rsquo;inspiration.<\/p>\n<p>Les tirelles vous permettent \u00e9galement de faire des choix plus audacieux. Lorsque vous pouvez \u00eatre s\u00fbr de la qualit\u00e9 et de la couleur du tissu, vous n&rsquo;avez pas \u00e0 vous limiter \u00e0 des options pr\u00e9visible, famili\u00e8re et s\u00fbre.<\/p>\n<p>Les tissus apportent de la chaleur et de la douceur \u00e0 un int\u00e9rieur et sont de toutes les mati\u00e8res d\u2019int\u00e9rieure ceux qui sont les plus proche de nous. Il est agr\u00e9able de s&rsquo;envelopper avec un plaid et de reposer sa t\u00eate sur un coussin. Vous pouvez facilement passer des heures assis dans un fauteuil ou sur le canap\u00e9, ou allong\u00e9 sur le lit en lisant. Le toucher et la qualit\u00e9 d\u2019un tissu est particuli\u00e8rement important pour nous et heureusement, avec l\u2019aide des tirelles vous pouvez \u00eatre s\u00fbr de votre choix.<\/p>\n<p>Qu&rsquo;il s&rsquo;agisse d&rsquo;un nouveau meuble ou d\u2019une pi\u00e8ce vintage, la tirelle est un excellent outil de conception. Les tirelles <a href=\"https:\/\/www.johannagullichsen.com\/fr\/collection\/normandie-fr\/\">Normandie<\/a> et <a href=\"https:\/\/www.johannagullichsen.com\/fr\/collection\/contract-fr\/\">Contract<\/a> sont d\u00e9sormais disponibles \u00e0 la commande sur notre site internet. Vous trouverez un lien \u00ab\u00a0commander une tirelle ici\u00a0\u00bb pour chaque tissu.<\/p>\n<p><a href=\"https:\/\/www.johannagullichsen.com\/wp-content\/uploads\/2021\/11\/Johanna-Gullichsen-fabric-samples-warm-reds-and-browns-www.jpg\"><img loading=\"lazy\" decoding=\"async\" class=\"alignnone size-full wp-image-13694\" src=\"https:\/\/www.johannagullichsen.com\/wp-content\/uploads\/2021\/11\/Johanna-Gullichsen-fabric-samples-warm-reds-and-browns-www.jpg\" alt=\"\" width=\"1920\" height=\"1000\" srcset=\"https:\/\/www.johannagullichsen.com\/wp-content\/uploads\/2021\/11\/Johanna-Gullichsen-fabric-samples-warm-reds-and-browns-www.jpg 1920w, https:\/\/www.johannagullichsen.com\/wp-content\/uploads\/2021\/11\/Johanna-Gullichsen-fabric-samples-warm-reds-and-browns-www-1260x656.jpg 1260w, https:\/\/www.johannagullichsen.com\/wp-content\/uploads\/2021\/11\/Johanna-Gullichsen-fabric-samples-warm-reds-and-browns-www-300x156.jpg 300w, https:\/\/www.johannagullichsen.com\/wp-content\/uploads\/2021\/11\/Johanna-Gullichsen-fabric-samples-warm-reds-and-browns-www-1024x533.jpg 1024w, https:\/\/www.johannagullichsen.com\/wp-content\/uploads\/2021\/11\/Johanna-Gullichsen-fabric-samples-warm-reds-and-browns-www-768x400.jpg 768w, https:\/\/www.johannagullichsen.com\/wp-content\/uploads\/2021\/11\/Johanna-Gullichsen-fabric-samples-warm-reds-and-browns-www-1536x800.jpg 1536w\" sizes=\"auto, (max-width: 1920px) 100vw, 1920px\" \/><\/a><\/p>\n","protected":false},"excerpt":{"rendered":"<p>La tirelle est un outil important de conception. Les tirelles Normandie et Contract sont d\u00e9sormais disponibles \u00e0 la commande sur notre site internet. Faire un choix en mati\u00e8re de d\u00e9coration&hellip;<\/p>\n","protected":false},"author":5,"featured_media":0,"parent":0,"menu_order":0,"comment_status":"closed","ping_status":"closed","template":"","meta":{"_acf_changed":false,"footnotes":""},"class_list":["post-13847","page","type-page","status-publish","hentry"],"acf":[],"yoast_head":"<!-- This site is optimized with the Yoast SEO Premium plugin v27.2 (Yoast SEO v27.5) - https:\/\/yoast.com\/product\/yoast-seo-premium-wordpress\/ -->\n<title>La Tirelle - l&#039;outil le plus important d&#039;un Designer - Johanna Gullichsen<\/title>\n<meta name=\"description\" content=\"La tirelle est un outil important de conception. Les tirelles Normandie et Contract sont d\u00e9sormais disponibles sur notre site internet\" \/>\n<meta name=\"robots\" content=\"index, follow, max-snippet:-1, max-image-preview:large, max-video-preview:-1\" \/>\n<link rel=\"canonical\" href=\"https:\/\/www.johannagullichsen.com\/fr\/la-tirelle-loutil-le-plus-important-dun-designer\/\" \/>\n<meta property=\"og:locale\" content=\"fr_FR\" \/>\n<meta property=\"og:type\" content=\"article\" \/>\n<meta property=\"og:title\" content=\"La Tirelle - l&#039;outil le plus important d&#039;un Designer\" \/>\n<meta property=\"og:description\" content=\"La tirelle est un outil important de conception. Les tirelles Normandie et Contract sont d\u00e9sormais disponibles sur notre site internet\" \/>\n<meta property=\"og:url\" content=\"https:\/\/www.johannagullichsen.com\/fr\/la-tirelle-loutil-le-plus-important-dun-designer\/\" \/>\n<meta property=\"og:site_name\" content=\"Johanna Gullichsen\" \/>\n<meta property=\"article:modified_time\" content=\"2025-09-23T09:23:13+00:00\" \/>\n<meta property=\"og:image\" content=\"https:\/\/www.johannagullichsen.com\/wp-content\/uploads\/2021\/11\/Johanna-Gullichseen-Fabriic-sample-picture-1024x1004.jpg\" \/>\n\t<meta property=\"og:image:width\" content=\"1024\" \/>\n\t<meta property=\"og:image:height\" content=\"1004\" \/>\n\t<meta property=\"og:image:type\" content=\"image\/jpeg\" \/>\n<meta name=\"twitter:card\" content=\"summary_large_image\" \/>\n<meta name=\"twitter:label1\" content=\"Dur\u00e9e de lecture estim\u00e9e\" \/>\n\t<meta name=\"twitter:data1\" content=\"2 minutes\" \/>\n<script type=\"application\/ld+json\" class=\"yoast-schema-graph\">{\"@context\":\"https:\\\/\\\/schema.org\",\"@graph\":[{\"@type\":\"WebPage\",\"@id\":\"https:\\\/\\\/www.johannagullichsen.com\\\/fr\\\/la-tirelle-loutil-le-plus-important-dun-designer\\\/\",\"url\":\"https:\\\/\\\/www.johannagullichsen.com\\\/fr\\\/la-tirelle-loutil-le-plus-important-dun-designer\\\/\",\"name\":\"La Tirelle - l'outil le plus important d'un Designer - Johanna Gullichsen\",\"isPartOf\":{\"@id\":\"https:\\\/\\\/www.johannagullichsen.com\\\/fr\\\/#website\"},\"primaryImageOfPage\":{\"@id\":\"https:\\\/\\\/www.johannagullichsen.com\\\/fr\\\/la-tirelle-loutil-le-plus-important-dun-designer\\\/#primaryimage\"},\"image\":{\"@id\":\"https:\\\/\\\/www.johannagullichsen.com\\\/fr\\\/la-tirelle-loutil-le-plus-important-dun-designer\\\/#primaryimage\"},\"thumbnailUrl\":\"https:\\\/\\\/www.johannagullichsen.com\\\/wp-content\\\/uploads\\\/2021\\\/11\\\/Johanna-Gullichseen-Fabriic-sample-picture.jpg\",\"datePublished\":\"2025-09-23T08:46:51+00:00\",\"dateModified\":\"2025-09-23T09:23:13+00:00\",\"description\":\"La tirelle est un outil important de conception. Les tirelles Normandie et Contract sont d\u00e9sormais disponibles sur notre site internet\",\"breadcrumb\":{\"@id\":\"https:\\\/\\\/www.johannagullichsen.com\\\/fr\\\/la-tirelle-loutil-le-plus-important-dun-designer\\\/#breadcrumb\"},\"inLanguage\":\"fr-FR\",\"potentialAction\":[{\"@type\":\"ReadAction\",\"target\":[\"https:\\\/\\\/www.johannagullichsen.com\\\/fr\\\/la-tirelle-loutil-le-plus-important-dun-designer\\\/\"]}]},{\"@type\":\"ImageObject\",\"inLanguage\":\"fr-FR\",\"@id\":\"https:\\\/\\\/www.johannagullichsen.com\\\/fr\\\/la-tirelle-loutil-le-plus-important-dun-designer\\\/#primaryimage\",\"url\":\"https:\\\/\\\/www.johannagullichsen.com\\\/wp-content\\\/uploads\\\/2021\\\/11\\\/Johanna-Gullichseen-Fabriic-sample-picture.jpg\",\"contentUrl\":\"https:\\\/\\\/www.johannagullichsen.com\\\/wp-content\\\/uploads\\\/2021\\\/11\\\/Johanna-Gullichseen-Fabriic-sample-picture.jpg\"},{\"@type\":\"BreadcrumbList\",\"@id\":\"https:\\\/\\\/www.johannagullichsen.com\\\/fr\\\/la-tirelle-loutil-le-plus-important-dun-designer\\\/#breadcrumb\",\"itemListElement\":[{\"@type\":\"ListItem\",\"position\":1,\"name\":\"Home\",\"item\":\"https:\\\/\\\/www.johannagullichsen.com\\\/fr\\\/\"},{\"@type\":\"ListItem\",\"position\":2,\"name\":\"La Tirelle &#8211; l&#8217;outil le plus important d&#8217;un Designer\"}]},{\"@type\":\"WebSite\",\"@id\":\"https:\\\/\\\/www.johannagullichsen.com\\\/fr\\\/#website\",\"url\":\"https:\\\/\\\/www.johannagullichsen.com\\\/fr\\\/\",\"name\":\"Johanna Gullichsen\",\"description\":\"\",\"potentialAction\":[{\"@type\":\"SearchAction\",\"target\":{\"@type\":\"EntryPoint\",\"urlTemplate\":\"https:\\\/\\\/www.johannagullichsen.com\\\/fr\\\/?s={search_term_string}\"},\"query-input\":{\"@type\":\"PropertyValueSpecification\",\"valueRequired\":true,\"valueName\":\"search_term_string\"}}],\"inLanguage\":\"fr-FR\"}]}<\/script>\n<!-- \/ Yoast SEO Premium plugin. -->","yoast_head_json":{"title":"La Tirelle - l'outil le plus important d'un Designer - Johanna Gullichsen","description":"La tirelle est un outil important de conception. Les tirelles Normandie et Contract sont d\u00e9sormais disponibles sur notre site internet","robots":{"index":"index","follow":"follow","max-snippet":"max-snippet:-1","max-image-preview":"max-image-preview:large","max-video-preview":"max-video-preview:-1"},"canonical":"https:\/\/www.johannagullichsen.com\/fr\/la-tirelle-loutil-le-plus-important-dun-designer\/","og_locale":"fr_FR","og_type":"article","og_title":"La Tirelle - l'outil le plus important d'un Designer","og_description":"La tirelle est un outil important de conception. Les tirelles Normandie et Contract sont d\u00e9sormais disponibles sur notre site internet","og_url":"https:\/\/www.johannagullichsen.com\/fr\/la-tirelle-loutil-le-plus-important-dun-designer\/","og_site_name":"Johanna Gullichsen","article_modified_time":"2025-09-23T09:23:13+00:00","og_image":[{"width":1024,"height":1004,"url":"https:\/\/www.johannagullichsen.com\/wp-content\/uploads\/2021\/11\/Johanna-Gullichseen-Fabriic-sample-picture-1024x1004.jpg","type":"image\/jpeg"}],"twitter_card":"summary_large_image","twitter_misc":{"Dur\u00e9e de lecture estim\u00e9e":"2 minutes"},"schema":{"@context":"https:\/\/schema.org","@graph":[{"@type":"WebPage","@id":"https:\/\/www.johannagullichsen.com\/fr\/la-tirelle-loutil-le-plus-important-dun-designer\/","url":"https:\/\/www.johannagullichsen.com\/fr\/la-tirelle-loutil-le-plus-important-dun-designer\/","name":"La Tirelle - l'outil le plus important d'un Designer - Johanna Gullichsen","isPartOf":{"@id":"https:\/\/www.johannagullichsen.com\/fr\/#website"},"primaryImageOfPage":{"@id":"https:\/\/www.johannagullichsen.com\/fr\/la-tirelle-loutil-le-plus-important-dun-designer\/#primaryimage"},"image":{"@id":"https:\/\/www.johannagullichsen.com\/fr\/la-tirelle-loutil-le-plus-important-dun-designer\/#primaryimage"},"thumbnailUrl":"https:\/\/www.johannagullichsen.com\/wp-content\/uploads\/2021\/11\/Johanna-Gullichseen-Fabriic-sample-picture.jpg","datePublished":"2025-09-23T08:46:51+00:00","dateModified":"2025-09-23T09:23:13+00:00","description":"La tirelle est un outil important de conception. Les tirelles Normandie et Contract sont d\u00e9sormais disponibles sur notre site internet","breadcrumb":{"@id":"https:\/\/www.johannagullichsen.com\/fr\/la-tirelle-loutil-le-plus-important-dun-designer\/#breadcrumb"},"inLanguage":"fr-FR","potentialAction":[{"@type":"ReadAction","target":["https:\/\/www.johannagullichsen.com\/fr\/la-tirelle-loutil-le-plus-important-dun-designer\/"]}]},{"@type":"ImageObject","inLanguage":"fr-FR","@id":"https:\/\/www.johannagullichsen.com\/fr\/la-tirelle-loutil-le-plus-important-dun-designer\/#primaryimage","url":"https:\/\/www.johannagullichsen.com\/wp-content\/uploads\/2021\/11\/Johanna-Gullichseen-Fabriic-sample-picture.jpg","contentUrl":"https:\/\/www.johannagullichsen.com\/wp-content\/uploads\/2021\/11\/Johanna-Gullichseen-Fabriic-sample-picture.jpg"},{"@type":"BreadcrumbList","@id":"https:\/\/www.johannagullichsen.com\/fr\/la-tirelle-loutil-le-plus-important-dun-designer\/#breadcrumb","itemListElement":[{"@type":"ListItem","position":1,"name":"Home","item":"https:\/\/www.johannagullichsen.com\/fr\/"},{"@type":"ListItem","position":2,"name":"La Tirelle &#8211; l&#8217;outil le plus important d&#8217;un Designer"}]},{"@type":"WebSite","@id":"https:\/\/www.johannagullichsen.com\/fr\/#website","url":"https:\/\/www.johannagullichsen.com\/fr\/","name":"Johanna Gullichsen","description":"","potentialAction":[{"@type":"SearchAction","target":{"@type":"EntryPoint","urlTemplate":"https:\/\/www.johannagullichsen.com\/fr\/?s={search_term_string}"},"query-input":{"@type":"PropertyValueSpecification","valueRequired":true,"valueName":"search_term_string"}}],"inLanguage":"fr-FR"}]}},"_links":{"self":[{"href":"https:\/\/www.johannagullichsen.com\/fr\/wp-json\/wp\/v2\/pages\/13847","targetHints":{"allow":["GET"]}}],"collection":[{"href":"https:\/\/www.johannagullichsen.com\/fr\/wp-json\/wp\/v2\/pages"}],"about":[{"href":"https:\/\/www.johannagullichsen.com\/fr\/wp-json\/wp\/v2\/types\/page"}],"author":[{"embeddable":true,"href":"https:\/\/www.johannagullichsen.com\/fr\/wp-json\/wp\/v2\/users\/5"}],"replies":[{"embeddable":true,"href":"https:\/\/www.johannagullichsen.com\/fr\/wp-json\/wp\/v2\/comments?post=13847"}],"version-history":[{"count":6,"href":"https:\/\/www.johannagullichsen.com\/fr\/wp-json\/wp\/v2\/pages\/13847\/revisions"}],"predecessor-version":[{"id":13853,"href":"https:\/\/www.johannagullichsen.com\/fr\/wp-json\/wp\/v2\/pages\/13847\/revisions\/13853"}],"wp:attachment":[{"href":"https:\/\/www.johannagullichsen.com\/fr\/wp-json\/wp\/v2\/media?parent=13847"}],"curies":[{"name":"wp","href":"https:\/\/api.w.org\/{rel}","templated":true}]}}