{"id":20271,"date":"2023-07-04T23:42:00","date_gmt":"2023-07-04T20:42:00","guid":{"rendered":"https:\/\/www.johannagullichsen.com\/?page_id=20271"},"modified":"2023-07-06T13:33:06","modified_gmt":"2023-07-06T10:33:06","slug":"mentions-legales","status":"publish","type":"page","link":"https:\/\/www.johannagullichsen.com\/fr\/mentions-legales\/","title":{"rendered":"Mentions l\u00e9gales"},"content":{"rendered":"<p style=\"font-weight: 400;\">Le pr\u00e9sent site internet <a href=\"http:\/\/www.johannagullichsen.com\/\">www.johannagullichsen.com\/<\/a> est exploit\u00e9 par la soci\u00e9t\u00e9 JOHANNA GULLICHSEN OY AB dont le si\u00e8ge social est situ\u00e9, Erottajankatu 1 &#8211; <a href=\"https:\/\/www.info-clipper.com\/fr\/entreprises\/finlande.fi\/helsinki.html\">HELSINKI<\/a>&#8211; 00130 &#8211; <a href=\"https:\/\/www.info-clipper.com\/fr\/entreprises\/finlande.fi\/voir-toutes-villes.html\">FINLANDE<\/a><\/p>\n<p style=\"font-weight: 400;\">Contact mail par info@johannagullichsen.com<\/p>\n<p style=\"font-weight: 400;\">Le directeur de la publication est Madame Johanna Gullichsen, ayant la qualit\u00e9 de dirigeant de la soci\u00e9t\u00e9 JOHANNA GULLICHSEN OY AB.<\/p>\n<p style=\"font-weight: 400;\">H\u00e9bergeur du site internet : Barabra\/ Heku Oy, Merimiehenkatu 36 C, 00150 Helsinki, Finlande<\/p>\n<p style=\"font-weight: 400;\">\n","protected":false},"excerpt":{"rendered":"<p>Le pr\u00e9sent site internet www.johannagullichsen.com\/ est exploit\u00e9 par la soci\u00e9t\u00e9 JOHANNA GULLICHSEN OY AB dont le si\u00e8ge social est situ\u00e9, Erottajankatu 1 &#8211; HELSINKI&#8211; 00130 &#8211; FINLANDE Contact mail par&hellip;<\/p>\n","protected":false},"author":5,"featured_media":0,"parent":0,"menu_order":0,"comment_status":"closed","ping_status":"closed","template":"","meta":{"_acf_changed":false,"footnotes":""},"class_list":["post-20271","page","type-page","status-publish","hentry"],"acf":[],"yoast_head":"<!-- This site is optimized with the Yoast SEO Premium plugin v27.2 (Yoast SEO v27.2) - https:\/\/yoast.com\/product\/yoast-seo-premium-wordpress\/ -->\n<title>Mentions l\u00e9gales - Johanna Gullichsen<\/title>\n<meta name=\"description\" content=\"Le pr\u00e9sent site internet www.johannagullichsen.com\/ est exploit\u00e9 par la soci\u00e9t\u00e9 JOHANNA GULLICHSEN OY AB dont le si\u00e8ge social est \u00e0 Helsinki FINLANDE\" \/>\n<meta name=\"robots\" content=\"index, follow, max-snippet:-1, max-image-preview:large, max-video-preview:-1\" \/>\n<link rel=\"canonical\" href=\"https:\/\/www.johannagullichsen.com\/fr\/mentions-legales\/\" \/>\n<meta property=\"og:locale\" content=\"fr_FR\" \/>\n<meta property=\"og:type\" content=\"article\" \/>\n<meta property=\"og:title\" content=\"Mentions l\u00e9gales\" \/>\n<meta property=\"og:description\" content=\"Le pr\u00e9sent site internet www.johannagullichsen.com\/ est exploit\u00e9 par la soci\u00e9t\u00e9 JOHANNA GULLICHSEN OY AB dont le si\u00e8ge social est \u00e0 Helsinki FINLANDE\" \/>\n<meta property=\"og:url\" content=\"https:\/\/www.johannagullichsen.com\/fr\/mentions-legales\/\" \/>\n<meta property=\"og:site_name\" content=\"Johanna Gullichsen\" \/>\n<meta property=\"article:modified_time\" content=\"2023-07-06T10:33:06+00:00\" \/>\n<meta name=\"twitter:card\" content=\"summary_large_image\" \/>\n<meta name=\"twitter:label1\" content=\"Dur\u00e9e de lecture estim\u00e9e\" \/>\n\t<meta name=\"twitter:data1\" content=\"1 minute\" \/>\n<script type=\"application\/ld+json\" class=\"yoast-schema-graph\">{\"@context\":\"https:\/\/schema.org\",\"@graph\":[{\"@type\":\"WebPage\",\"@id\":\"https:\/\/www.johannagullichsen.com\/fr\/mentions-legales\/\",\"url\":\"https:\/\/www.johannagullichsen.com\/fr\/mentions-legales\/\",\"name\":\"Mentions l\u00e9gales - Johanna Gullichsen\",\"isPartOf\":{\"@id\":\"https:\/\/www.johannagullichsen.com\/fr\/#website\"},\"datePublished\":\"2023-07-04T20:42:00+00:00\",\"dateModified\":\"2023-07-06T10:33:06+00:00\",\"description\":\"Le pr\u00e9sent site internet www.johannagullichsen.com\/ est exploit\u00e9 par la soci\u00e9t\u00e9 JOHANNA GULLICHSEN OY AB dont le si\u00e8ge social est \u00e0 Helsinki FINLANDE\",\"breadcrumb\":{\"@id\":\"https:\/\/www.johannagullichsen.com\/fr\/mentions-legales\/#breadcrumb\"},\"inLanguage\":\"fr-FR\",\"potentialAction\":[{\"@type\":\"ReadAction\",\"target\":[\"https:\/\/www.johannagullichsen.com\/fr\/mentions-legales\/\"]}]},{\"@type\":\"BreadcrumbList\",\"@id\":\"https:\/\/www.johannagullichsen.com\/fr\/mentions-legales\/#breadcrumb\",\"itemListElement\":[{\"@type\":\"ListItem\",\"position\":1,\"name\":\"Home\",\"item\":\"https:\/\/www.johannagullichsen.com\/fr\/\"},{\"@type\":\"ListItem\",\"position\":2,\"name\":\"Mentions l\u00e9gales\"}]},{\"@type\":\"WebSite\",\"@id\":\"https:\/\/www.johannagullichsen.com\/fr\/#website\",\"url\":\"https:\/\/www.johannagullichsen.com\/fr\/\",\"name\":\"Johanna Gullichsen\",\"description\":\"\",\"potentialAction\":[{\"@type\":\"SearchAction\",\"target\":{\"@type\":\"EntryPoint\",\"urlTemplate\":\"https:\/\/www.johannagullichsen.com\/fr\/?s={search_term_string}\"},\"query-input\":{\"@type\":\"PropertyValueSpecification\",\"valueRequired\":true,\"valueName\":\"search_term_string\"}}],\"inLanguage\":\"fr-FR\"}]}<\/script>\n<!-- \/ Yoast SEO Premium plugin. -->","yoast_head_json":{"title":"Mentions l\u00e9gales - Johanna Gullichsen","description":"Le pr\u00e9sent site internet www.johannagullichsen.com\/ est exploit\u00e9 par la soci\u00e9t\u00e9 JOHANNA GULLICHSEN OY AB dont le si\u00e8ge social est \u00e0 Helsinki FINLANDE","robots":{"index":"index","follow":"follow","max-snippet":"max-snippet:-1","max-image-preview":"max-image-preview:large","max-video-preview":"max-video-preview:-1"},"canonical":"https:\/\/www.johannagullichsen.com\/fr\/mentions-legales\/","og_locale":"fr_FR","og_type":"article","og_title":"Mentions l\u00e9gales","og_description":"Le pr\u00e9sent site internet www.johannagullichsen.com\/ est exploit\u00e9 par la soci\u00e9t\u00e9 JOHANNA GULLICHSEN OY AB dont le si\u00e8ge social est \u00e0 Helsinki FINLANDE","og_url":"https:\/\/www.johannagullichsen.com\/fr\/mentions-legales\/","og_site_name":"Johanna Gullichsen","article_modified_time":"2023-07-06T10:33:06+00:00","twitter_card":"summary_large_image","twitter_misc":{"Dur\u00e9e de lecture estim\u00e9e":"1 minute"},"schema":{"@context":"https:\/\/schema.org","@graph":[{"@type":"WebPage","@id":"https:\/\/www.johannagullichsen.com\/fr\/mentions-legales\/","url":"https:\/\/www.johannagullichsen.com\/fr\/mentions-legales\/","name":"Mentions l\u00e9gales - Johanna Gullichsen","isPartOf":{"@id":"https:\/\/www.johannagullichsen.com\/fr\/#website"},"datePublished":"2023-07-04T20:42:00+00:00","dateModified":"2023-07-06T10:33:06+00:00","description":"Le pr\u00e9sent site internet www.johannagullichsen.com\/ est exploit\u00e9 par la soci\u00e9t\u00e9 JOHANNA GULLICHSEN OY AB dont le si\u00e8ge social est \u00e0 Helsinki FINLANDE","breadcrumb":{"@id":"https:\/\/www.johannagullichsen.com\/fr\/mentions-legales\/#breadcrumb"},"inLanguage":"fr-FR","potentialAction":[{"@type":"ReadAction","target":["https:\/\/www.johannagullichsen.com\/fr\/mentions-legales\/"]}]},{"@type":"BreadcrumbList","@id":"https:\/\/www.johannagullichsen.com\/fr\/mentions-legales\/#breadcrumb","itemListElement":[{"@type":"ListItem","position":1,"name":"Home","item":"https:\/\/www.johannagullichsen.com\/fr\/"},{"@type":"ListItem","position":2,"name":"Mentions l\u00e9gales"}]},{"@type":"WebSite","@id":"https:\/\/www.johannagullichsen.com\/fr\/#website","url":"https:\/\/www.johannagullichsen.com\/fr\/","name":"Johanna Gullichsen","description":"","potentialAction":[{"@type":"SearchAction","target":{"@type":"EntryPoint","urlTemplate":"https:\/\/www.johannagullichsen.com\/fr\/?s={search_term_string}"},"query-input":{"@type":"PropertyValueSpecification","valueRequired":true,"valueName":"search_term_string"}}],"inLanguage":"fr-FR"}]}},"_links":{"self":[{"href":"https:\/\/www.johannagullichsen.com\/fr\/wp-json\/wp\/v2\/pages\/20271","targetHints":{"allow":["GET"]}}],"collection":[{"href":"https:\/\/www.johannagullichsen.com\/fr\/wp-json\/wp\/v2\/pages"}],"about":[{"href":"https:\/\/www.johannagullichsen.com\/fr\/wp-json\/wp\/v2\/types\/page"}],"author":[{"embeddable":true,"href":"https:\/\/www.johannagullichsen.com\/fr\/wp-json\/wp\/v2\/users\/5"}],"replies":[{"embeddable":true,"href":"https:\/\/www.johannagullichsen.com\/fr\/wp-json\/wp\/v2\/comments?post=20271"}],"version-history":[{"count":5,"href":"https:\/\/www.johannagullichsen.com\/fr\/wp-json\/wp\/v2\/pages\/20271\/revisions"}],"predecessor-version":[{"id":20304,"href":"https:\/\/www.johannagullichsen.com\/fr\/wp-json\/wp\/v2\/pages\/20271\/revisions\/20304"}],"wp:attachment":[{"href":"https:\/\/www.johannagullichsen.com\/fr\/wp-json\/wp\/v2\/media?parent=20271"}],"curies":[{"name":"wp","href":"https:\/\/api.w.org\/{rel}","templated":true}]}}