{"id":25368,"date":"2025-01-16T15:52:44","date_gmt":"2025-01-16T13:52:44","guid":{"rendered":"https:\/\/www.johannagullichsen.com\/?page_id=25368"},"modified":"2025-01-16T15:57:32","modified_gmt":"2025-01-16T13:57:32","slug":"la-couleur-de-lannee-2025-est-le-vert","status":"publish","type":"page","link":"https:\/\/www.johannagullichsen.com\/fr\/la-couleur-de-lannee-2025-est-le-vert\/","title":{"rendered":"La couleur de l\u2019ann\u00e9e 2025 est le vert"},"content":{"rendered":"<p><a href=\"https:\/\/www.johannagullichsen.com\/wp-content\/uploads\/2025\/01\/Johanna-Gullichsen-Doris-green.jpg\"><img loading=\"lazy\" decoding=\"async\" class=\"aligncenter wp-image-25340 size-full\" src=\"https:\/\/www.johannagullichsen.com\/wp-content\/uploads\/2025\/01\/Johanna-Gullichsen-Doris-green.jpg\" alt=\"\" width=\"1920\" height=\"1072\" srcset=\"https:\/\/www.johannagullichsen.com\/wp-content\/uploads\/2025\/01\/Johanna-Gullichsen-Doris-green.jpg 1920w, https:\/\/www.johannagullichsen.com\/wp-content\/uploads\/2025\/01\/Johanna-Gullichsen-Doris-green-1260x704.jpg 1260w, https:\/\/www.johannagullichsen.com\/wp-content\/uploads\/2025\/01\/Johanna-Gullichsen-Doris-green-300x168.jpg 300w, https:\/\/www.johannagullichsen.com\/wp-content\/uploads\/2025\/01\/Johanna-Gullichsen-Doris-green-1024x572.jpg 1024w, https:\/\/www.johannagullichsen.com\/wp-content\/uploads\/2025\/01\/Johanna-Gullichsen-Doris-green-768x429.jpg 768w, https:\/\/www.johannagullichsen.com\/wp-content\/uploads\/2025\/01\/Johanna-Gullichsen-Doris-green-1536x858.jpg 1536w\" sizes=\"auto, (max-width: 1920px) 100vw, 1920px\" \/><\/a><\/p>\n<p class=\"p1\">La couleur de 2025, le vert, repr\u00e9sente l&rsquo;harmonie, l&rsquo;\u00e9quilibre, la croissance et le renouvellement. Les tons verts des conif\u00e8res, des for\u00eats et des vagues de l&rsquo;oc\u00e9an nous invitent aupr\u00e8s de la paix de la nature.\u00a0Les nuances du vert, de l&rsquo;\u00e9clat de l&rsquo;\u00e9meraude aux profondeurs des for\u00eats de sapins, nous rappellent la croissance et le bien-\u00eatre avec leur atmosph\u00e8re enracinante. Que ce soit dans le silence d&rsquo;une for\u00eat vierge ou dans l&rsquo;\u00e9clat de l&rsquo;oc\u00e9an, le vert nous guide vers la paix int\u00e9rieure et la connexion avec la nature et avec nous-m\u00eames.<\/p>\n<p class=\"p1\">Le vert turquoise de la collection Normandie de Johanna Gullichsen apporte de la fra\u00eecheur \u00e0 l&rsquo;espace. Comme la menthe, cette couleur ravissante revigore, tout en maintenant un sentiment de calme. Le vert de la collection Contract en laine et le lin turquoise peuvent \u00eatre utilis\u00e9s pour compl\u00e9ter l&rsquo;ensemble.<\/p>\n<h4 class=\"p1\">En 2025, nous nous concentrerons sur le bien-\u00eatre, en prenant soin de nous-m\u00eames, des autres et de notre environnement. Il est temps de se concentrer sur ce qui est bon.<\/h4>\n<p><a href=\"https:\/\/www.johannagullichsen.com\/wp-content\/uploads\/2025\/01\/Johanna-Gullichsen-SEES-candle-and-soap-with-towels-and-basket-2.jpg\"><img loading=\"lazy\" decoding=\"async\" class=\"aligncenter wp-image-25345 size-full\" src=\"https:\/\/www.johannagullichsen.com\/wp-content\/uploads\/2025\/01\/Johanna-Gullichsen-SEES-candle-and-soap-with-towels-and-basket-2.jpg\" alt=\"\" width=\"1600\" height=\"1200\" srcset=\"https:\/\/www.johannagullichsen.com\/wp-content\/uploads\/2025\/01\/Johanna-Gullichsen-SEES-candle-and-soap-with-towels-and-basket-2.jpg 1600w, https:\/\/www.johannagullichsen.com\/wp-content\/uploads\/2025\/01\/Johanna-Gullichsen-SEES-candle-and-soap-with-towels-and-basket-2-866x650.jpg 866w, https:\/\/www.johannagullichsen.com\/wp-content\/uploads\/2025\/01\/Johanna-Gullichsen-SEES-candle-and-soap-with-towels-and-basket-2-336x252.jpg 336w, https:\/\/www.johannagullichsen.com\/wp-content\/uploads\/2025\/01\/Johanna-Gullichsen-SEES-candle-and-soap-with-towels-and-basket-2-1260x945.jpg 1260w, https:\/\/www.johannagullichsen.com\/wp-content\/uploads\/2025\/01\/Johanna-Gullichsen-SEES-candle-and-soap-with-towels-and-basket-2-300x225.jpg 300w, https:\/\/www.johannagullichsen.com\/wp-content\/uploads\/2025\/01\/Johanna-Gullichsen-SEES-candle-and-soap-with-towels-and-basket-2-1024x768.jpg 1024w, https:\/\/www.johannagullichsen.com\/wp-content\/uploads\/2025\/01\/Johanna-Gullichsen-SEES-candle-and-soap-with-towels-and-basket-2-768x576.jpg 768w, https:\/\/www.johannagullichsen.com\/wp-content\/uploads\/2025\/01\/Johanna-Gullichsen-SEES-candle-and-soap-with-towels-and-basket-2-1536x1152.jpg 1536w\" sizes=\"auto, (max-width: 1600px) 100vw, 1600px\" \/><\/a><\/p>\n<p class=\"p1\">Les bougies aux huiles essentielles de Johanna Gullichsen et de SEES offrent une aromath\u00e9rapie aux senteurs apaisantes d&rsquo;huiles essentielles pures. La bougie parfum\u00e9e n\u00b0 3 associe les propri\u00e9t\u00e9s purifiantes et calmantes de l&rsquo;eucalyptus et du pin. Le savon SEES x Johanna Gullichsen s\u00e9duit par son parfum de lavande.<\/p>\n<p class=\"p1\">Les oc\u00e9ans ont inspir\u00e9 certains des noms des motifs de la collection Normandie. Dans la mythologie grecque, Doris, la d\u00e9esse de la mer, repr\u00e9sentait la richesse et l&rsquo;abondance de la mer. Dans ce motif optique, on peut voir la surface de l&rsquo;eau en mouvement constant. Doris a \u00e9pous\u00e9 Nereus, le sage de la mer, et ils ont eu cinquante filles.<\/p>\n<p><a href=\"https:\/\/www.johannagullichsen.com\/wp-content\/uploads\/2025\/01\/Johanna-Gullichsen-Butterfly-chair-Doris-green.jpg\"><img loading=\"lazy\" decoding=\"async\" class=\"aligncenter wp-image-25353 size-large\" src=\"https:\/\/www.johannagullichsen.com\/wp-content\/uploads\/2025\/01\/Johanna-Gullichsen-Butterfly-chair-Doris-green-813x1024.jpg\" alt=\"\" width=\"813\" height=\"1024\" srcset=\"https:\/\/www.johannagullichsen.com\/wp-content\/uploads\/2025\/01\/Johanna-Gullichsen-Butterfly-chair-Doris-green-813x1024.jpg 813w, https:\/\/www.johannagullichsen.com\/wp-content\/uploads\/2025\/01\/Johanna-Gullichsen-Butterfly-chair-Doris-green-1260x1587.jpg 1260w, https:\/\/www.johannagullichsen.com\/wp-content\/uploads\/2025\/01\/Johanna-Gullichsen-Butterfly-chair-Doris-green-238x300.jpg 238w, https:\/\/www.johannagullichsen.com\/wp-content\/uploads\/2025\/01\/Johanna-Gullichsen-Butterfly-chair-Doris-green-768x967.jpg 768w, https:\/\/www.johannagullichsen.com\/wp-content\/uploads\/2025\/01\/Johanna-Gullichsen-Butterfly-chair-Doris-green-1220x1536.jpg 1220w, https:\/\/www.johannagullichsen.com\/wp-content\/uploads\/2025\/01\/Johanna-Gullichsen-Butterfly-chair-Doris-green-1626x2048.jpg 1626w, https:\/\/www.johannagullichsen.com\/wp-content\/uploads\/2025\/01\/Johanna-Gullichsen-Butterfly-chair-Doris-green.jpg 1920w\" sizes=\"auto, (max-width: 813px) 100vw, 813px\" \/><\/a><\/p>\n<p><a href=\"https:\/\/www.johannagullichsen.com\/wp-content\/uploads\/2021\/10\/Johanna-Gullichsen-Tube-cushion-Doris-Dark-green-Eos-Green-and-Helios-Dark-Green.jpg\"><img loading=\"lazy\" decoding=\"async\" class=\"aligncenter wp-image-13493 size-full\" src=\"https:\/\/www.johannagullichsen.com\/wp-content\/uploads\/2021\/10\/Johanna-Gullichsen-Tube-cushion-Doris-Dark-green-Eos-Green-and-Helios-Dark-Green.jpg\" alt=\"\" width=\"1600\" height=\"1200\" srcset=\"https:\/\/www.johannagullichsen.com\/wp-content\/uploads\/2021\/10\/Johanna-Gullichsen-Tube-cushion-Doris-Dark-green-Eos-Green-and-Helios-Dark-Green.jpg 1600w, https:\/\/www.johannagullichsen.com\/wp-content\/uploads\/2021\/10\/Johanna-Gullichsen-Tube-cushion-Doris-Dark-green-Eos-Green-and-Helios-Dark-Green-866x650.jpg 866w, https:\/\/www.johannagullichsen.com\/wp-content\/uploads\/2021\/10\/Johanna-Gullichsen-Tube-cushion-Doris-Dark-green-Eos-Green-and-Helios-Dark-Green-336x252.jpg 336w, https:\/\/www.johannagullichsen.com\/wp-content\/uploads\/2021\/10\/Johanna-Gullichsen-Tube-cushion-Doris-Dark-green-Eos-Green-and-Helios-Dark-Green-1260x945.jpg 1260w, https:\/\/www.johannagullichsen.com\/wp-content\/uploads\/2021\/10\/Johanna-Gullichsen-Tube-cushion-Doris-Dark-green-Eos-Green-and-Helios-Dark-Green-300x225.jpg 300w, https:\/\/www.johannagullichsen.com\/wp-content\/uploads\/2021\/10\/Johanna-Gullichsen-Tube-cushion-Doris-Dark-green-Eos-Green-and-Helios-Dark-Green-1024x768.jpg 1024w, https:\/\/www.johannagullichsen.com\/wp-content\/uploads\/2021\/10\/Johanna-Gullichsen-Tube-cushion-Doris-Dark-green-Eos-Green-and-Helios-Dark-Green-768x576.jpg 768w, https:\/\/www.johannagullichsen.com\/wp-content\/uploads\/2021\/10\/Johanna-Gullichsen-Tube-cushion-Doris-Dark-green-Eos-Green-and-Helios-Dark-Green-1536x1152.jpg 1536w\" sizes=\"auto, (max-width: 1600px) 100vw, 1600px\" \/><\/a><\/p>\n<p><a href=\"https:\/\/www.johannagullichsen.com\/wp-content\/uploads\/2025\/01\/Johanna-Gullichsen-Green-fabric-baskets.jpg\"><img loading=\"lazy\" decoding=\"async\" class=\"aligncenter wp-image-25363 size-full\" src=\"https:\/\/www.johannagullichsen.com\/wp-content\/uploads\/2025\/01\/Johanna-Gullichsen-Green-fabric-baskets.jpg\" alt=\"\" width=\"1600\" height=\"1200\" srcset=\"https:\/\/www.johannagullichsen.com\/wp-content\/uploads\/2025\/01\/Johanna-Gullichsen-Green-fabric-baskets.jpg 1600w, https:\/\/www.johannagullichsen.com\/wp-content\/uploads\/2025\/01\/Johanna-Gullichsen-Green-fabric-baskets-866x650.jpg 866w, https:\/\/www.johannagullichsen.com\/wp-content\/uploads\/2025\/01\/Johanna-Gullichsen-Green-fabric-baskets-336x252.jpg 336w, https:\/\/www.johannagullichsen.com\/wp-content\/uploads\/2025\/01\/Johanna-Gullichsen-Green-fabric-baskets-1260x945.jpg 1260w, https:\/\/www.johannagullichsen.com\/wp-content\/uploads\/2025\/01\/Johanna-Gullichsen-Green-fabric-baskets-300x225.jpg 300w, https:\/\/www.johannagullichsen.com\/wp-content\/uploads\/2025\/01\/Johanna-Gullichsen-Green-fabric-baskets-1024x768.jpg 1024w, https:\/\/www.johannagullichsen.com\/wp-content\/uploads\/2025\/01\/Johanna-Gullichsen-Green-fabric-baskets-768x576.jpg 768w, https:\/\/www.johannagullichsen.com\/wp-content\/uploads\/2025\/01\/Johanna-Gullichsen-Green-fabric-baskets-1536x1152.jpg 1536w\" sizes=\"auto, (max-width: 1600px) 100vw, 1600px\" \/><\/a><\/p>\n","protected":false},"excerpt":{"rendered":"<p>La couleur de 2025, le vert, repr\u00e9sente l&rsquo;harmonie, l&rsquo;\u00e9quilibre, la croissance et le renouvellement. Les tons verts des conif\u00e8res, des for\u00eats et des vagues de l&rsquo;oc\u00e9an nous invitent aupr\u00e8s de&hellip;<\/p>\n","protected":false},"author":4,"featured_media":0,"parent":0,"menu_order":0,"comment_status":"closed","ping_status":"closed","template":"","meta":{"_acf_changed":false,"footnotes":""},"class_list":["post-25368","page","type-page","status-publish","hentry"],"acf":[],"yoast_head":"<!-- This site is optimized with the Yoast SEO Premium plugin v27.2 (Yoast SEO v27.2) - https:\/\/yoast.com\/product\/yoast-seo-premium-wordpress\/ -->\n<title>La couleur de l\u2019ann\u00e9e 2025 est le vert - Johanna Gullichsen<\/title>\n<meta name=\"robots\" content=\"index, follow, max-snippet:-1, max-image-preview:large, max-video-preview:-1\" \/>\n<link rel=\"canonical\" href=\"https:\/\/www.johannagullichsen.com\/fr\/la-couleur-de-lannee-2025-est-le-vert\/\" \/>\n<meta property=\"og:locale\" content=\"fr_FR\" \/>\n<meta property=\"og:type\" content=\"article\" \/>\n<meta property=\"og:title\" content=\"La couleur de l\u2019ann\u00e9e 2025 est le vert\" \/>\n<meta property=\"og:description\" content=\"La couleur de 2025, le vert, repr\u00e9sente l&rsquo;harmonie, l&rsquo;\u00e9quilibre, la croissance et le renouvellement. Les tons verts des conif\u00e8res, des for\u00eats et des vagues de l&rsquo;oc\u00e9an nous invitent aupr\u00e8s de&hellip;\" \/>\n<meta property=\"og:url\" content=\"https:\/\/www.johannagullichsen.com\/fr\/la-couleur-de-lannee-2025-est-le-vert\/\" \/>\n<meta property=\"og:site_name\" content=\"Johanna Gullichsen\" \/>\n<meta property=\"article:modified_time\" content=\"2025-01-16T13:57:32+00:00\" \/>\n<meta property=\"og:image\" content=\"https:\/\/www.johannagullichsen.com\/wp-content\/uploads\/2025\/01\/Johanna-Gullichsen-Doris-green-1024x572.jpg\" \/>\n\t<meta property=\"og:image:width\" content=\"1024\" \/>\n\t<meta property=\"og:image:height\" content=\"572\" \/>\n\t<meta property=\"og:image:type\" content=\"image\/jpeg\" \/>\n<meta name=\"twitter:card\" content=\"summary_large_image\" \/>\n<meta name=\"twitter:label1\" content=\"Dur\u00e9e de lecture estim\u00e9e\" \/>\n\t<meta name=\"twitter:data1\" content=\"3 minutes\" \/>\n<script type=\"application\/ld+json\" class=\"yoast-schema-graph\">{\"@context\":\"https:\/\/schema.org\",\"@graph\":[{\"@type\":\"WebPage\",\"@id\":\"https:\/\/www.johannagullichsen.com\/fr\/la-couleur-de-lannee-2025-est-le-vert\/\",\"url\":\"https:\/\/www.johannagullichsen.com\/fr\/la-couleur-de-lannee-2025-est-le-vert\/\",\"name\":\"La couleur de l\u2019ann\u00e9e 2025 est le vert - Johanna Gullichsen\",\"isPartOf\":{\"@id\":\"https:\/\/www.johannagullichsen.com\/fr\/#website\"},\"primaryImageOfPage\":{\"@id\":\"https:\/\/www.johannagullichsen.com\/fr\/la-couleur-de-lannee-2025-est-le-vert\/#primaryimage\"},\"image\":{\"@id\":\"https:\/\/www.johannagullichsen.com\/fr\/la-couleur-de-lannee-2025-est-le-vert\/#primaryimage\"},\"thumbnailUrl\":\"https:\/\/www.johannagullichsen.com\/wp-content\/uploads\/2025\/01\/Johanna-Gullichsen-Doris-green.jpg\",\"datePublished\":\"2025-01-16T13:52:44+00:00\",\"dateModified\":\"2025-01-16T13:57:32+00:00\",\"breadcrumb\":{\"@id\":\"https:\/\/www.johannagullichsen.com\/fr\/la-couleur-de-lannee-2025-est-le-vert\/#breadcrumb\"},\"inLanguage\":\"fr-FR\",\"potentialAction\":[{\"@type\":\"ReadAction\",\"target\":[\"https:\/\/www.johannagullichsen.com\/fr\/la-couleur-de-lannee-2025-est-le-vert\/\"]}]},{\"@type\":\"ImageObject\",\"inLanguage\":\"fr-FR\",\"@id\":\"https:\/\/www.johannagullichsen.com\/fr\/la-couleur-de-lannee-2025-est-le-vert\/#primaryimage\",\"url\":\"https:\/\/www.johannagullichsen.com\/wp-content\/uploads\/2025\/01\/Johanna-Gullichsen-Doris-green.jpg\",\"contentUrl\":\"https:\/\/www.johannagullichsen.com\/wp-content\/uploads\/2025\/01\/Johanna-Gullichsen-Doris-green.jpg\"},{\"@type\":\"BreadcrumbList\",\"@id\":\"https:\/\/www.johannagullichsen.com\/fr\/la-couleur-de-lannee-2025-est-le-vert\/#breadcrumb\",\"itemListElement\":[{\"@type\":\"ListItem\",\"position\":1,\"name\":\"Home\",\"item\":\"https:\/\/www.johannagullichsen.com\/fr\/\"},{\"@type\":\"ListItem\",\"position\":2,\"name\":\"La couleur de l\u2019ann\u00e9e 2025 est le vert\"}]},{\"@type\":\"WebSite\",\"@id\":\"https:\/\/www.johannagullichsen.com\/fr\/#website\",\"url\":\"https:\/\/www.johannagullichsen.com\/fr\/\",\"name\":\"Johanna Gullichsen\",\"description\":\"\",\"potentialAction\":[{\"@type\":\"SearchAction\",\"target\":{\"@type\":\"EntryPoint\",\"urlTemplate\":\"https:\/\/www.johannagullichsen.com\/fr\/?s={search_term_string}\"},\"query-input\":{\"@type\":\"PropertyValueSpecification\",\"valueRequired\":true,\"valueName\":\"search_term_string\"}}],\"inLanguage\":\"fr-FR\"}]}<\/script>\n<!-- \/ Yoast SEO Premium plugin. -->","yoast_head_json":{"title":"La couleur de l\u2019ann\u00e9e 2025 est le vert - Johanna Gullichsen","robots":{"index":"index","follow":"follow","max-snippet":"max-snippet:-1","max-image-preview":"max-image-preview:large","max-video-preview":"max-video-preview:-1"},"canonical":"https:\/\/www.johannagullichsen.com\/fr\/la-couleur-de-lannee-2025-est-le-vert\/","og_locale":"fr_FR","og_type":"article","og_title":"La couleur de l\u2019ann\u00e9e 2025 est le vert","og_description":"La couleur de 2025, le vert, repr\u00e9sente l&rsquo;harmonie, l&rsquo;\u00e9quilibre, la croissance et le renouvellement. Les tons verts des conif\u00e8res, des for\u00eats et des vagues de l&rsquo;oc\u00e9an nous invitent aupr\u00e8s de&hellip;","og_url":"https:\/\/www.johannagullichsen.com\/fr\/la-couleur-de-lannee-2025-est-le-vert\/","og_site_name":"Johanna Gullichsen","article_modified_time":"2025-01-16T13:57:32+00:00","og_image":[{"width":1024,"height":572,"url":"https:\/\/www.johannagullichsen.com\/wp-content\/uploads\/2025\/01\/Johanna-Gullichsen-Doris-green-1024x572.jpg","type":"image\/jpeg"}],"twitter_card":"summary_large_image","twitter_misc":{"Dur\u00e9e de lecture estim\u00e9e":"3 minutes"},"schema":{"@context":"https:\/\/schema.org","@graph":[{"@type":"WebPage","@id":"https:\/\/www.johannagullichsen.com\/fr\/la-couleur-de-lannee-2025-est-le-vert\/","url":"https:\/\/www.johannagullichsen.com\/fr\/la-couleur-de-lannee-2025-est-le-vert\/","name":"La couleur de l\u2019ann\u00e9e 2025 est le vert - Johanna Gullichsen","isPartOf":{"@id":"https:\/\/www.johannagullichsen.com\/fr\/#website"},"primaryImageOfPage":{"@id":"https:\/\/www.johannagullichsen.com\/fr\/la-couleur-de-lannee-2025-est-le-vert\/#primaryimage"},"image":{"@id":"https:\/\/www.johannagullichsen.com\/fr\/la-couleur-de-lannee-2025-est-le-vert\/#primaryimage"},"thumbnailUrl":"https:\/\/www.johannagullichsen.com\/wp-content\/uploads\/2025\/01\/Johanna-Gullichsen-Doris-green.jpg","datePublished":"2025-01-16T13:52:44+00:00","dateModified":"2025-01-16T13:57:32+00:00","breadcrumb":{"@id":"https:\/\/www.johannagullichsen.com\/fr\/la-couleur-de-lannee-2025-est-le-vert\/#breadcrumb"},"inLanguage":"fr-FR","potentialAction":[{"@type":"ReadAction","target":["https:\/\/www.johannagullichsen.com\/fr\/la-couleur-de-lannee-2025-est-le-vert\/"]}]},{"@type":"ImageObject","inLanguage":"fr-FR","@id":"https:\/\/www.johannagullichsen.com\/fr\/la-couleur-de-lannee-2025-est-le-vert\/#primaryimage","url":"https:\/\/www.johannagullichsen.com\/wp-content\/uploads\/2025\/01\/Johanna-Gullichsen-Doris-green.jpg","contentUrl":"https:\/\/www.johannagullichsen.com\/wp-content\/uploads\/2025\/01\/Johanna-Gullichsen-Doris-green.jpg"},{"@type":"BreadcrumbList","@id":"https:\/\/www.johannagullichsen.com\/fr\/la-couleur-de-lannee-2025-est-le-vert\/#breadcrumb","itemListElement":[{"@type":"ListItem","position":1,"name":"Home","item":"https:\/\/www.johannagullichsen.com\/fr\/"},{"@type":"ListItem","position":2,"name":"La couleur de l\u2019ann\u00e9e 2025 est le vert"}]},{"@type":"WebSite","@id":"https:\/\/www.johannagullichsen.com\/fr\/#website","url":"https:\/\/www.johannagullichsen.com\/fr\/","name":"Johanna Gullichsen","description":"","potentialAction":[{"@type":"SearchAction","target":{"@type":"EntryPoint","urlTemplate":"https:\/\/www.johannagullichsen.com\/fr\/?s={search_term_string}"},"query-input":{"@type":"PropertyValueSpecification","valueRequired":true,"valueName":"search_term_string"}}],"inLanguage":"fr-FR"}]}},"_links":{"self":[{"href":"https:\/\/www.johannagullichsen.com\/fr\/wp-json\/wp\/v2\/pages\/25368","targetHints":{"allow":["GET"]}}],"collection":[{"href":"https:\/\/www.johannagullichsen.com\/fr\/wp-json\/wp\/v2\/pages"}],"about":[{"href":"https:\/\/www.johannagullichsen.com\/fr\/wp-json\/wp\/v2\/types\/page"}],"author":[{"embeddable":true,"href":"https:\/\/www.johannagullichsen.com\/fr\/wp-json\/wp\/v2\/users\/4"}],"replies":[{"embeddable":true,"href":"https:\/\/www.johannagullichsen.com\/fr\/wp-json\/wp\/v2\/comments?post=25368"}],"version-history":[{"count":2,"href":"https:\/\/www.johannagullichsen.com\/fr\/wp-json\/wp\/v2\/pages\/25368\/revisions"}],"predecessor-version":[{"id":25370,"href":"https:\/\/www.johannagullichsen.com\/fr\/wp-json\/wp\/v2\/pages\/25368\/revisions\/25370"}],"wp:attachment":[{"href":"https:\/\/www.johannagullichsen.com\/fr\/wp-json\/wp\/v2\/media?parent=25368"}],"curies":[{"name":"wp","href":"https:\/\/api.w.org\/{rel}","templated":true}]}}