{"id":25887,"date":"2025-03-19T14:15:00","date_gmt":"2025-03-19T12:15:00","guid":{"rendered":"https:\/\/www.johannagullichsen.com\/?page_id=25887"},"modified":"2025-03-21T12:06:27","modified_gmt":"2025-03-21T10:06:27","slug":"hotel-filigrane","status":"publish","type":"page","link":"https:\/\/www.johannagullichsen.com\/fr\/hotel-filigrane\/","title":{"rendered":"H\u00f4tel Filigrane"},"content":{"rendered":"<p><a href=\"https:\/\/www.johannagullichsen.com\/wp-content\/uploads\/2025\/03\/hotel-filigrane-chambres-classique-balcon-lg.jpg\"><img loading=\"lazy\" decoding=\"async\" class=\"aligncenter wp-image-25804 size-full\" src=\"https:\/\/www.johannagullichsen.com\/wp-content\/uploads\/2025\/03\/hotel-filigrane-chambres-classique-balcon-lg.jpg\" alt=\"\" width=\"2000\" height=\"1334\" srcset=\"https:\/\/www.johannagullichsen.com\/wp-content\/uploads\/2025\/03\/hotel-filigrane-chambres-classique-balcon-lg.jpg 2000w, https:\/\/www.johannagullichsen.com\/wp-content\/uploads\/2025\/03\/hotel-filigrane-chambres-classique-balcon-lg-1260x840.jpg 1260w, https:\/\/www.johannagullichsen.com\/wp-content\/uploads\/2025\/03\/hotel-filigrane-chambres-classique-balcon-lg-300x200.jpg 300w, https:\/\/www.johannagullichsen.com\/wp-content\/uploads\/2025\/03\/hotel-filigrane-chambres-classique-balcon-lg-1024x683.jpg 1024w, https:\/\/www.johannagullichsen.com\/wp-content\/uploads\/2025\/03\/hotel-filigrane-chambres-classique-balcon-lg-768x512.jpg 768w, https:\/\/www.johannagullichsen.com\/wp-content\/uploads\/2025\/03\/hotel-filigrane-chambres-classique-balcon-lg-1536x1025.jpg 1536w\" sizes=\"auto, (max-width: 2000px) 100vw, 2000px\" \/><\/a><\/p>\n<h3 class=\"p1\"><b>L&rsquo;H\u00f4tel Filigrane : Un \u00e9crin parisien o\u00f9 les tissus Johanna Gullichsen tissent l&rsquo;\u00e9l\u00e9gance<\/b><b><\/b><\/h3>\n<p class=\"p1\">Au c\u0153ur du 2e arrondissement de Paris, rue Vivienne, <a href=\"https:\/\/hotelfiligrane.paris\/\">l&rsquo;h\u00f4tel Filigrane<\/a>, con\u00e7u par <a href=\"https:\/\/www.studiomajorelparis.fr\/\">Studio Majorel Paris<\/a>, d\u00e9voile une esth\u00e9tique unique, o\u00f9 graphisme audacieux et charme d\u00e9licat s&rsquo;entrelacent. Les tissus de Johanna Gullichsen y jouent un r\u00f4le essentiel, apportant une dimension \u00e0 la fois graphique et chaleureuse aux int\u00e9rieurs. L&rsquo;inspiration? Le majestueux <a href=\"https:\/\/www.palaisbrongniart.com\/fr\/histoire\">Palais Brongniart<\/a> et la prestigieuse <a href=\"https:\/\/www.bnf.fr\/fr\/la-bnf-richelieu\">Biblioth\u00e8que nationale de France<\/a>, dont les tr\u00e9sors \u2013 billets de banque et litt\u00e9rature crypt\u00e9e \u2013 infusent subtilement l&rsquo;atmosph\u00e8re.<\/p>\n<p class=\"p1\">La cr\u00e9atrice, Anne Claire Majorel, explique : \u00ab Nous avons puis\u00e9 dans la richesse visuelle des billets de banque pour composer une superposition m\u00e9ticuleuse d&rsquo;\u00e9l\u00e9ments graphiques. Cette approche nous a offert une libert\u00e9 infinie pour marier lignes, motifs subtils et effets moir\u00e9s. \u00bb<\/p>\n<p class=\"p1\">Chaque chambre de l&rsquo;h\u00f4tel se pare d&rsquo;une palette de couleurs affirm\u00e9e, mettant en sc\u00e8ne les motifs embl\u00e9matiques de Johanna Gullichsen sur les t\u00eates de lit, les tissus d&rsquo;ameublement et les coussins. Cinq couleurs dominantes \u2013 bleu, noir et blanc, rouge, bistre et vert \u2013 cr\u00e9ent une ambiance singuli\u00e8re dans chaque espace.<\/p>\n<p class=\"p1\">\u00ab Nous recherchions un tissu \u00e0 l&rsquo;esth\u00e9tique g\u00e9om\u00e9trique forte, d\u00e9clin\u00e9 dans une large gamme de couleurs. Les tissus Normandie de Johanna Gullichsen ont r\u00e9pondu \u00e0 toutes nos attentes, avec leurs motifs raffin\u00e9s, leurs lignes d\u00e9licates et leurs nuances riches \u00bb, confie Anne Claire Majorel. \u00ab De plus, le design double face du tissu, clair d&rsquo;un c\u00f4t\u00e9 et fonc\u00e9 de l&rsquo;autre, \u00e9voque le recto-verso d&rsquo;un billet de banque. Ces tissus ont \u00e9t\u00e9 le point de d\u00e9part de l&rsquo;harmonisation de nos autres textiles, carrelages et couleurs murales. \u00bb<\/p>\n<p class=\"p1\">L&rsquo;h\u00f4tel Filigrane se pr\u00e9sente comme une retraite raffin\u00e9e, o\u00f9 confort et style d&rsquo;exception accueillent les voyageurs. Du hall d&rsquo;entr\u00e9e intimiste au spa apaisant, en passant par les chambres au design soign\u00e9, chaque espace exhale le charme parisien, invitant \u00e0 la d\u00e9tente et \u00e0 l&rsquo;\u00e9vasion.<\/p>\n<h4 class=\"p1\"><b>Apportez une touche de luxe \u00e0 votre int\u00e9rieur avec Johanna Gullichsen<\/b><b><\/b><\/h4>\n<p class=\"p1\">Succombez \u00e0 l&rsquo;\u00e9l\u00e9gance des t\u00eates de lit,<a href=\"https:\/\/www.johannagullichsen.com\/fr\/produits\/le-lit-et-le-bain\/jete-de-lit-260-cm-x-260-cm\/\"> couvre-lits<\/a> et <a href=\"https:\/\/www.johannagullichsen.com\/fr\/produits\/piece-a-vivre\/housse-de-coussin-normandie-50cm-x-50cm\/\">coussins<\/a> Johanna Gullichsen, ou laissez libre cours \u00e0 votre cr\u00e9ativit\u00e9 en collaborant avec un tapissier pour r\u00e9aliser des pi\u00e8ces uniques \u00e0 partir de nos tissus.<\/p>\n<p>photo: Christophe Bielsa<\/p>\n<p><img loading=\"lazy\" decoding=\"async\" class=\"aligncenter wp-image-25832 size-large\" src=\"https:\/\/www.johannagullichsen.com\/wp-content\/uploads\/2025\/03\/hotel-filigrane-chambres-classique-014-copy-683x1024.jpg\" alt=\"\" width=\"683\" height=\"1024\" srcset=\"https:\/\/www.johannagullichsen.com\/wp-content\/uploads\/2025\/03\/hotel-filigrane-chambres-classique-014-copy-683x1024.jpg 683w, https:\/\/www.johannagullichsen.com\/wp-content\/uploads\/2025\/03\/hotel-filigrane-chambres-classique-014-copy-200x300.jpg 200w, https:\/\/www.johannagullichsen.com\/wp-content\/uploads\/2025\/03\/hotel-filigrane-chambres-classique-014-copy-768x1151.jpg 768w, https:\/\/www.johannagullichsen.com\/wp-content\/uploads\/2025\/03\/hotel-filigrane-chambres-classique-014-copy.jpg 1000w\" sizes=\"auto, (max-width: 683px) 100vw, 683px\" \/><a href=\"https:\/\/www.johannagullichsen.com\/wp-content\/uploads\/2025\/03\/hotel-filigrane-chambres-classique-004-copy.jpg\"><img loading=\"lazy\" decoding=\"async\" class=\"aligncenter wp-image-25890 size-large\" src=\"https:\/\/www.johannagullichsen.com\/wp-content\/uploads\/2025\/03\/hotel-filigrane-chambres-classique-004-copy-1024x723.jpg\" alt=\"\" width=\"1024\" height=\"723\" srcset=\"https:\/\/www.johannagullichsen.com\/wp-content\/uploads\/2025\/03\/hotel-filigrane-chambres-classique-004-copy-1024x723.jpg 1024w, https:\/\/www.johannagullichsen.com\/wp-content\/uploads\/2025\/03\/hotel-filigrane-chambres-classique-004-copy-1260x890.jpg 1260w, https:\/\/www.johannagullichsen.com\/wp-content\/uploads\/2025\/03\/hotel-filigrane-chambres-classique-004-copy-300x212.jpg 300w, https:\/\/www.johannagullichsen.com\/wp-content\/uploads\/2025\/03\/hotel-filigrane-chambres-classique-004-copy-768x542.jpg 768w, https:\/\/www.johannagullichsen.com\/wp-content\/uploads\/2025\/03\/hotel-filigrane-chambres-classique-004-copy-1536x1085.jpg 1536w, https:\/\/www.johannagullichsen.com\/wp-content\/uploads\/2025\/03\/hotel-filigrane-chambres-classique-004-copy.jpg 1600w\" sizes=\"auto, (max-width: 1024px) 100vw, 1024px\" \/><\/a><a href=\"https:\/\/www.johannagullichsen.com\/wp-content\/uploads\/2025\/03\/hotel-filigrane-chambres-junior-suite-terrasse-013-copy1.jpg\"><img loading=\"lazy\" decoding=\"async\" class=\"aligncenter wp-image-25894 size-large\" src=\"https:\/\/www.johannagullichsen.com\/wp-content\/uploads\/2025\/03\/hotel-filigrane-chambres-junior-suite-terrasse-013-copy1-1024x677.jpg\" alt=\"\" width=\"1024\" height=\"677\" srcset=\"https:\/\/www.johannagullichsen.com\/wp-content\/uploads\/2025\/03\/hotel-filigrane-chambres-junior-suite-terrasse-013-copy1-1024x677.jpg 1024w, https:\/\/www.johannagullichsen.com\/wp-content\/uploads\/2025\/03\/hotel-filigrane-chambres-junior-suite-terrasse-013-copy1-1260x833.jpg 1260w, https:\/\/www.johannagullichsen.com\/wp-content\/uploads\/2025\/03\/hotel-filigrane-chambres-junior-suite-terrasse-013-copy1-300x198.jpg 300w, https:\/\/www.johannagullichsen.com\/wp-content\/uploads\/2025\/03\/hotel-filigrane-chambres-junior-suite-terrasse-013-copy1-768x508.jpg 768w, https:\/\/www.johannagullichsen.com\/wp-content\/uploads\/2025\/03\/hotel-filigrane-chambres-junior-suite-terrasse-013-copy1-1536x1016.jpg 1536w, https:\/\/www.johannagullichsen.com\/wp-content\/uploads\/2025\/03\/hotel-filigrane-chambres-junior-suite-terrasse-013-copy1.jpg 1600w\" sizes=\"auto, (max-width: 1024px) 100vw, 1024px\" \/><\/a><a href=\"https:\/\/www.johannagullichsen.com\/wp-content\/uploads\/2025\/03\/hotel-filigrane-chambres-superieure-007-1.jpg\"><img loading=\"lazy\" decoding=\"async\" class=\"aligncenter wp-image-25856 size-full\" src=\"https:\/\/www.johannagullichsen.com\/wp-content\/uploads\/2025\/03\/hotel-filigrane-chambres-superieure-007-1.jpg\" alt=\"\" width=\"1000\" height=\"667\" srcset=\"https:\/\/www.johannagullichsen.com\/wp-content\/uploads\/2025\/03\/hotel-filigrane-chambres-superieure-007-1.jpg 1000w, https:\/\/www.johannagullichsen.com\/wp-content\/uploads\/2025\/03\/hotel-filigrane-chambres-superieure-007-1-300x200.jpg 300w, https:\/\/www.johannagullichsen.com\/wp-content\/uploads\/2025\/03\/hotel-filigrane-chambres-superieure-007-1-768x512.jpg 768w\" sizes=\"auto, (max-width: 1000px) 100vw, 1000px\" \/><\/a> <img loading=\"lazy\" decoding=\"async\" class=\"aligncenter wp-image-25848 size-large\" src=\"https:\/\/www.johannagullichsen.com\/wp-content\/uploads\/2025\/03\/hotel-filigrane-chambres-deluxe-010-1-683x1024.jpg\" alt=\"\" width=\"683\" height=\"1024\" srcset=\"https:\/\/www.johannagullichsen.com\/wp-content\/uploads\/2025\/03\/hotel-filigrane-chambres-deluxe-010-1-683x1024.jpg 683w, https:\/\/www.johannagullichsen.com\/wp-content\/uploads\/2025\/03\/hotel-filigrane-chambres-deluxe-010-1-200x300.jpg 200w, https:\/\/www.johannagullichsen.com\/wp-content\/uploads\/2025\/03\/hotel-filigrane-chambres-deluxe-010-1-768x1151.jpg 768w, https:\/\/www.johannagullichsen.com\/wp-content\/uploads\/2025\/03\/hotel-filigrane-chambres-deluxe-010-1.jpg 1000w\" sizes=\"auto, (max-width: 683px) 100vw, 683px\" \/> <a href=\"https:\/\/www.johannagullichsen.com\/wp-content\/uploads\/2025\/03\/hotel-filigrane-chambres-deluxe-007-1.jpg\"><img loading=\"lazy\" decoding=\"async\" class=\"aligncenter wp-image-25844 size-large\" src=\"https:\/\/www.johannagullichsen.com\/wp-content\/uploads\/2025\/03\/hotel-filigrane-chambres-deluxe-007-1-683x1024.jpg\" alt=\"\" width=\"683\" height=\"1024\" srcset=\"https:\/\/www.johannagullichsen.com\/wp-content\/uploads\/2025\/03\/hotel-filigrane-chambres-deluxe-007-1-683x1024.jpg 683w, https:\/\/www.johannagullichsen.com\/wp-content\/uploads\/2025\/03\/hotel-filigrane-chambres-deluxe-007-1-200x300.jpg 200w, https:\/\/www.johannagullichsen.com\/wp-content\/uploads\/2025\/03\/hotel-filigrane-chambres-deluxe-007-1-768x1151.jpg 768w, https:\/\/www.johannagullichsen.com\/wp-content\/uploads\/2025\/03\/hotel-filigrane-chambres-deluxe-007-1.jpg 1000w\" sizes=\"auto, (max-width: 683px) 100vw, 683px\" \/><\/a> <a href=\"https:\/\/www.johannagullichsen.com\/wp-content\/uploads\/2025\/03\/hotel-filigrane-chambres-classique-balcon-007-copy.jpg\"><img loading=\"lazy\" decoding=\"async\" class=\"aligncenter wp-image-25840 size-full\" src=\"https:\/\/www.johannagullichsen.com\/wp-content\/uploads\/2025\/03\/hotel-filigrane-chambres-classique-balcon-007-copy.jpg\" alt=\"\" width=\"1000\" height=\"667\" srcset=\"https:\/\/www.johannagullichsen.com\/wp-content\/uploads\/2025\/03\/hotel-filigrane-chambres-classique-balcon-007-copy.jpg 1000w, https:\/\/www.johannagullichsen.com\/wp-content\/uploads\/2025\/03\/hotel-filigrane-chambres-classique-balcon-007-copy-300x200.jpg 300w, https:\/\/www.johannagullichsen.com\/wp-content\/uploads\/2025\/03\/hotel-filigrane-chambres-classique-balcon-007-copy-768x512.jpg 768w\" sizes=\"auto, (max-width: 1000px) 100vw, 1000px\" \/><\/a> <a href=\"https:\/\/www.johannagullichsen.com\/wp-content\/uploads\/2025\/03\/hotel-filigrane-chambres-classique-028-1.jpg\"><img loading=\"lazy\" decoding=\"async\" class=\"aligncenter wp-image-25836 size-large\" src=\"https:\/\/www.johannagullichsen.com\/wp-content\/uploads\/2025\/03\/hotel-filigrane-chambres-classique-028-1-683x1024.jpg\" alt=\"\" width=\"683\" height=\"1024\" srcset=\"https:\/\/www.johannagullichsen.com\/wp-content\/uploads\/2025\/03\/hotel-filigrane-chambres-classique-028-1-683x1024.jpg 683w, https:\/\/www.johannagullichsen.com\/wp-content\/uploads\/2025\/03\/hotel-filigrane-chambres-classique-028-1-200x300.jpg 200w, https:\/\/www.johannagullichsen.com\/wp-content\/uploads\/2025\/03\/hotel-filigrane-chambres-classique-028-1-768x1151.jpg 768w, https:\/\/www.johannagullichsen.com\/wp-content\/uploads\/2025\/03\/hotel-filigrane-chambres-classique-028-1.jpg 1000w\" sizes=\"auto, (max-width: 683px) 100vw, 683px\" \/><\/a><\/p>\n<p>&nbsp;<\/p>\n<p>&nbsp;<\/p>\n<p>&nbsp;<\/p>\n","protected":false},"excerpt":{"rendered":"<p>L&rsquo;H\u00f4tel Filigrane : Un \u00e9crin parisien o\u00f9 les tissus Johanna Gullichsen tissent l&rsquo;\u00e9l\u00e9gance Au c\u0153ur du 2e arrondissement de Paris, rue Vivienne, l&rsquo;h\u00f4tel Filigrane, con\u00e7u par Studio Majorel Paris, d\u00e9voile&hellip;<\/p>\n","protected":false},"author":4,"featured_media":0,"parent":0,"menu_order":0,"comment_status":"closed","ping_status":"closed","template":"","meta":{"_acf_changed":false,"footnotes":""},"class_list":["post-25887","page","type-page","status-publish","hentry"],"acf":[],"yoast_head":"<!-- This site is optimized with the Yoast SEO Premium plugin v27.2 (Yoast SEO v27.2) - https:\/\/yoast.com\/product\/yoast-seo-premium-wordpress\/ -->\n<title>H\u00f4tel Filigrane - Johanna Gullichsen<\/title>\n<meta name=\"description\" content=\"Un \u00e9crin parisien con\u00e7u par Studio Majorel Paris o\u00f9 les tissus Johanna Gullichsen jouent un r\u00f4le essentiel,\" \/>\n<meta name=\"robots\" content=\"index, follow, max-snippet:-1, max-image-preview:large, max-video-preview:-1\" \/>\n<link rel=\"canonical\" href=\"https:\/\/www.johannagullichsen.com\/fr\/hotel-filigrane\/\" \/>\n<meta property=\"og:locale\" content=\"fr_FR\" \/>\n<meta property=\"og:type\" content=\"article\" \/>\n<meta property=\"og:title\" content=\"H\u00f4tel Filigrane\" \/>\n<meta property=\"og:description\" content=\"Un \u00e9crin parisien con\u00e7u par Studio Majorel Paris o\u00f9 les tissus Johanna Gullichsen jouent un r\u00f4le essentiel,\" \/>\n<meta property=\"og:url\" content=\"https:\/\/www.johannagullichsen.com\/fr\/hotel-filigrane\/\" \/>\n<meta property=\"og:site_name\" content=\"Johanna Gullichsen\" \/>\n<meta property=\"article:modified_time\" content=\"2025-03-21T10:06:27+00:00\" \/>\n<meta property=\"og:image\" content=\"https:\/\/www.johannagullichsen.com\/wp-content\/uploads\/2025\/03\/hotel-filigrane-chambres-classique-balcon-lg.jpg\" \/>\n\t<meta property=\"og:image:width\" content=\"2000\" \/>\n\t<meta property=\"og:image:height\" content=\"1334\" \/>\n\t<meta property=\"og:image:type\" content=\"image\/jpeg\" \/>\n<meta name=\"twitter:card\" content=\"summary_large_image\" \/>\n<meta name=\"twitter:label1\" content=\"Dur\u00e9e de lecture estim\u00e9e\" \/>\n\t<meta name=\"twitter:data1\" content=\"4 minutes\" \/>\n<script type=\"application\/ld+json\" class=\"yoast-schema-graph\">{\"@context\":\"https:\/\/schema.org\",\"@graph\":[{\"@type\":\"WebPage\",\"@id\":\"https:\/\/www.johannagullichsen.com\/fr\/hotel-filigrane\/\",\"url\":\"https:\/\/www.johannagullichsen.com\/fr\/hotel-filigrane\/\",\"name\":\"H\u00f4tel Filigrane - Johanna Gullichsen\",\"isPartOf\":{\"@id\":\"https:\/\/www.johannagullichsen.com\/fr\/#website\"},\"primaryImageOfPage\":{\"@id\":\"https:\/\/www.johannagullichsen.com\/fr\/hotel-filigrane\/#primaryimage\"},\"image\":{\"@id\":\"https:\/\/www.johannagullichsen.com\/fr\/hotel-filigrane\/#primaryimage\"},\"thumbnailUrl\":\"https:\/\/www.johannagullichsen.com\/wp-content\/uploads\/2025\/03\/hotel-filigrane-chambres-classique-balcon-lg.jpg\",\"datePublished\":\"2025-03-19T12:15:00+00:00\",\"dateModified\":\"2025-03-21T10:06:27+00:00\",\"description\":\"Un \u00e9crin parisien con\u00e7u par Studio Majorel Paris o\u00f9 les tissus Johanna Gullichsen jouent un r\u00f4le essentiel,\",\"breadcrumb\":{\"@id\":\"https:\/\/www.johannagullichsen.com\/fr\/hotel-filigrane\/#breadcrumb\"},\"inLanguage\":\"fr-FR\",\"potentialAction\":[{\"@type\":\"ReadAction\",\"target\":[\"https:\/\/www.johannagullichsen.com\/fr\/hotel-filigrane\/\"]}]},{\"@type\":\"ImageObject\",\"inLanguage\":\"fr-FR\",\"@id\":\"https:\/\/www.johannagullichsen.com\/fr\/hotel-filigrane\/#primaryimage\",\"url\":\"https:\/\/www.johannagullichsen.com\/wp-content\/uploads\/2025\/03\/hotel-filigrane-chambres-classique-balcon-lg.jpg\",\"contentUrl\":\"https:\/\/www.johannagullichsen.com\/wp-content\/uploads\/2025\/03\/hotel-filigrane-chambres-classique-balcon-lg.jpg\"},{\"@type\":\"BreadcrumbList\",\"@id\":\"https:\/\/www.johannagullichsen.com\/fr\/hotel-filigrane\/#breadcrumb\",\"itemListElement\":[{\"@type\":\"ListItem\",\"position\":1,\"name\":\"Home\",\"item\":\"https:\/\/www.johannagullichsen.com\/fr\/\"},{\"@type\":\"ListItem\",\"position\":2,\"name\":\"H\u00f4tel Filigrane\"}]},{\"@type\":\"WebSite\",\"@id\":\"https:\/\/www.johannagullichsen.com\/fr\/#website\",\"url\":\"https:\/\/www.johannagullichsen.com\/fr\/\",\"name\":\"Johanna Gullichsen\",\"description\":\"\",\"potentialAction\":[{\"@type\":\"SearchAction\",\"target\":{\"@type\":\"EntryPoint\",\"urlTemplate\":\"https:\/\/www.johannagullichsen.com\/fr\/?s={search_term_string}\"},\"query-input\":{\"@type\":\"PropertyValueSpecification\",\"valueRequired\":true,\"valueName\":\"search_term_string\"}}],\"inLanguage\":\"fr-FR\"}]}<\/script>\n<!-- \/ Yoast SEO Premium plugin. -->","yoast_head_json":{"title":"H\u00f4tel Filigrane - Johanna Gullichsen","description":"Un \u00e9crin parisien con\u00e7u par Studio Majorel Paris o\u00f9 les tissus Johanna Gullichsen jouent un r\u00f4le essentiel,","robots":{"index":"index","follow":"follow","max-snippet":"max-snippet:-1","max-image-preview":"max-image-preview:large","max-video-preview":"max-video-preview:-1"},"canonical":"https:\/\/www.johannagullichsen.com\/fr\/hotel-filigrane\/","og_locale":"fr_FR","og_type":"article","og_title":"H\u00f4tel Filigrane","og_description":"Un \u00e9crin parisien con\u00e7u par Studio Majorel Paris o\u00f9 les tissus Johanna Gullichsen jouent un r\u00f4le essentiel,","og_url":"https:\/\/www.johannagullichsen.com\/fr\/hotel-filigrane\/","og_site_name":"Johanna Gullichsen","article_modified_time":"2025-03-21T10:06:27+00:00","og_image":[{"width":2000,"height":1334,"url":"https:\/\/www.johannagullichsen.com\/wp-content\/uploads\/2025\/03\/hotel-filigrane-chambres-classique-balcon-lg.jpg","type":"image\/jpeg"}],"twitter_card":"summary_large_image","twitter_misc":{"Dur\u00e9e de lecture estim\u00e9e":"4 minutes"},"schema":{"@context":"https:\/\/schema.org","@graph":[{"@type":"WebPage","@id":"https:\/\/www.johannagullichsen.com\/fr\/hotel-filigrane\/","url":"https:\/\/www.johannagullichsen.com\/fr\/hotel-filigrane\/","name":"H\u00f4tel Filigrane - Johanna Gullichsen","isPartOf":{"@id":"https:\/\/www.johannagullichsen.com\/fr\/#website"},"primaryImageOfPage":{"@id":"https:\/\/www.johannagullichsen.com\/fr\/hotel-filigrane\/#primaryimage"},"image":{"@id":"https:\/\/www.johannagullichsen.com\/fr\/hotel-filigrane\/#primaryimage"},"thumbnailUrl":"https:\/\/www.johannagullichsen.com\/wp-content\/uploads\/2025\/03\/hotel-filigrane-chambres-classique-balcon-lg.jpg","datePublished":"2025-03-19T12:15:00+00:00","dateModified":"2025-03-21T10:06:27+00:00","description":"Un \u00e9crin parisien con\u00e7u par Studio Majorel Paris o\u00f9 les tissus Johanna Gullichsen jouent un r\u00f4le essentiel,","breadcrumb":{"@id":"https:\/\/www.johannagullichsen.com\/fr\/hotel-filigrane\/#breadcrumb"},"inLanguage":"fr-FR","potentialAction":[{"@type":"ReadAction","target":["https:\/\/www.johannagullichsen.com\/fr\/hotel-filigrane\/"]}]},{"@type":"ImageObject","inLanguage":"fr-FR","@id":"https:\/\/www.johannagullichsen.com\/fr\/hotel-filigrane\/#primaryimage","url":"https:\/\/www.johannagullichsen.com\/wp-content\/uploads\/2025\/03\/hotel-filigrane-chambres-classique-balcon-lg.jpg","contentUrl":"https:\/\/www.johannagullichsen.com\/wp-content\/uploads\/2025\/03\/hotel-filigrane-chambres-classique-balcon-lg.jpg"},{"@type":"BreadcrumbList","@id":"https:\/\/www.johannagullichsen.com\/fr\/hotel-filigrane\/#breadcrumb","itemListElement":[{"@type":"ListItem","position":1,"name":"Home","item":"https:\/\/www.johannagullichsen.com\/fr\/"},{"@type":"ListItem","position":2,"name":"H\u00f4tel Filigrane"}]},{"@type":"WebSite","@id":"https:\/\/www.johannagullichsen.com\/fr\/#website","url":"https:\/\/www.johannagullichsen.com\/fr\/","name":"Johanna Gullichsen","description":"","potentialAction":[{"@type":"SearchAction","target":{"@type":"EntryPoint","urlTemplate":"https:\/\/www.johannagullichsen.com\/fr\/?s={search_term_string}"},"query-input":{"@type":"PropertyValueSpecification","valueRequired":true,"valueName":"search_term_string"}}],"inLanguage":"fr-FR"}]}},"_links":{"self":[{"href":"https:\/\/www.johannagullichsen.com\/fr\/wp-json\/wp\/v2\/pages\/25887","targetHints":{"allow":["GET"]}}],"collection":[{"href":"https:\/\/www.johannagullichsen.com\/fr\/wp-json\/wp\/v2\/pages"}],"about":[{"href":"https:\/\/www.johannagullichsen.com\/fr\/wp-json\/wp\/v2\/types\/page"}],"author":[{"embeddable":true,"href":"https:\/\/www.johannagullichsen.com\/fr\/wp-json\/wp\/v2\/users\/4"}],"replies":[{"embeddable":true,"href":"https:\/\/www.johannagullichsen.com\/fr\/wp-json\/wp\/v2\/comments?post=25887"}],"version-history":[{"count":13,"href":"https:\/\/www.johannagullichsen.com\/fr\/wp-json\/wp\/v2\/pages\/25887\/revisions"}],"predecessor-version":[{"id":25932,"href":"https:\/\/www.johannagullichsen.com\/fr\/wp-json\/wp\/v2\/pages\/25887\/revisions\/25932"}],"wp:attachment":[{"href":"https:\/\/www.johannagullichsen.com\/fr\/wp-json\/wp\/v2\/media?parent=25887"}],"curies":[{"name":"wp","href":"https:\/\/api.w.org\/{rel}","templated":true}]}}