{"id":26631,"date":"2025-04-03T12:50:16","date_gmt":"2025-04-03T09:50:16","guid":{"rendered":"https:\/\/www.johannagullichsen.com\/?page_id=26631"},"modified":"2026-01-30T13:45:07","modified_gmt":"2026-01-30T11:45:07","slug":"boutiques","status":"publish","type":"page","link":"https:\/\/www.johannagullichsen.com\/fr\/boutiques\/","title":{"rendered":"Boutique"},"content":{"rendered":"<h4 class=\"p1\"><\/h4>\n<h3><a href=\"https:\/\/www.johannagullichsen.com\/wp-content\/uploads\/2026\/01\/Johanna-Gullichsen-at-Lasipalatsi-Store.jpg\"><img loading=\"lazy\" decoding=\"async\" class=\"aligncenter wp-image-30087 size-full\" src=\"https:\/\/www.johannagullichsen.com\/wp-content\/uploads\/2026\/01\/Johanna-Gullichsen-at-Lasipalatsi-Store.jpg\" alt=\"\" width=\"1200\" height=\"900\" srcset=\"https:\/\/www.johannagullichsen.com\/wp-content\/uploads\/2026\/01\/Johanna-Gullichsen-at-Lasipalatsi-Store.jpg 1200w, https:\/\/www.johannagullichsen.com\/wp-content\/uploads\/2026\/01\/Johanna-Gullichsen-at-Lasipalatsi-Store-300x225.jpg 300w, https:\/\/www.johannagullichsen.com\/wp-content\/uploads\/2026\/01\/Johanna-Gullichsen-at-Lasipalatsi-Store-1024x768.jpg 1024w, https:\/\/www.johannagullichsen.com\/wp-content\/uploads\/2026\/01\/Johanna-Gullichsen-at-Lasipalatsi-Store-768x576.jpg 768w, https:\/\/www.johannagullichsen.com\/wp-content\/uploads\/2026\/01\/Johanna-Gullichsen-at-Lasipalatsi-Store-866x650.jpg 866w, https:\/\/www.johannagullichsen.com\/wp-content\/uploads\/2026\/01\/Johanna-Gullichsen-at-Lasipalatsi-Store-336x252.jpg 336w\" sizes=\"auto, (max-width: 1200px) 100vw, 1200px\" \/><\/a><\/h3>\n<h3 class=\"p1\">Bienvenue dans notre univers vibrant de textiles tiss\u00e9s!<\/h3>\n<p class=\"p1\">D\u00e9couvrez la beaut\u00e9 intemporelle des textiles tiss\u00e9s \u00e0 partir de mat\u00e9riaux naturels dans la boutique Johanna Gullichsen.<\/p>\n<p class=\"p1\">Dans notre boutique \u00e0 Helsinki, vous pouvez explorer la collection compl\u00e8te, sentir les mati\u00e8res et appr\u00e9cier la qualit\u00e9 de nos tissus. La boutique offre une s\u00e9lection de produits plus vaste que la boutique en ligne, y compris des housses de coussin dans pr\u00e8s de 100 styles diff\u00e9rents. Si vous ne trouvez pas ce que vous cherchez, nous pouvons le r\u00e9aliser sur demande.<\/p>\n<p class=\"p1\">Notre personnel accueillant et professionnel est toujours pr\u00eat \u00e0 vous guider, de la s\u00e9lection des motifs aux conseils d\u2019entretien experts.<\/p>\n<h4 class=\"p1\">Boutique Lasipalatsi<\/h4>\n<p class=\"p1\">Situ\u00e9e au c\u0153ur d\u2019Helsinki, la boutique Lasipalatsi offre une exp\u00e9rience de shopping urbaine. Entour\u00e9e de mus\u00e9es, de lignes de tramway, de centres commerciaux et du pouls vibrant de la ville, cet emplacement est facile d\u2019acc\u00e8s et parfait pour les visiteurs press\u00e9s.<\/p>\n<p class=\"p1\">T\u00e4\u00e4 pois: \u00c0 Lasipalatsi, vous trouverez une large s\u00e9lection d\u2019articles d\u2019ameublement et d\u2019accessoires pour la maison, ainsi que des id\u00e9es de cadeaux uniques pour vos proches ou pour vous-m\u00eame. Veuillez noter que les tissus et les tapis sont disponibles exclusivement \u00e0 la boutique phare.<\/p>\n<p class=\"p1\">L\u2019emplacement de la boutique dans le b\u00e2timent embl\u00e9matique Lasipalatsi \u2013 avec sa riche histoire et son style fonctionnaliste audacieux \u2013 s\u2019aligne parfaitement avec les valeurs de Johanna Gullichsen. \u00c0 c\u00f4t\u00e9 de notre boutique, vous trouverez l\u2019entr\u00e9e du mus\u00e9e d\u2019art Amos Rex et le magnifique restaurant Lasipalatsi. Plongez dans une exp\u00e9rience compl\u00e8te et immersive \u00e0 Lasipalatsi!<\/p>\n<p class=\"p1\">Mannerheimintie 22-24 00100 Helsinki Finlande<\/p>\n<p class=\"p1\">Horaires d\u2019ouverture : Lun \u2013 Ven 11h \u2013 18h Sam 11h \u2013 17h<\/p>\n<h4 class=\"p1\">Boutique en ligne<\/h4>\n<p class=\"p1\">Profitez du shopping depuis le confort de votre maison! Explorez notre boutique en ligne pour parcourir la collection, commander des \u00e9chantillons de tissus et trouver l&rsquo;id\u00e9al pour vos projets. Pour obtenir de l&rsquo;aide, contactez-nous par e-mail \u00e0 <a href=\"mailto:info@johannagullichsen.com\"><span class=\"s1\">info@johannagullichsen.com<\/span><\/a> ou appelez-nous. Nous nous r\u00e9jouissons de vous accueillir, que ce soit en boutique ou en ligne!<\/p>\n<h4 class=\"p1\"><a href=\"https:\/\/www.johannagullichsen.com\/wp-content\/uploads\/2026\/01\/Johanna-Gullichsen-Lasipalatsi-Store-1.jpg\"><img loading=\"lazy\" decoding=\"async\" class=\"aligncenter wp-image-30091 size-full\" src=\"https:\/\/www.johannagullichsen.com\/wp-content\/uploads\/2026\/01\/Johanna-Gullichsen-Lasipalatsi-Store-1.jpg\" alt=\"\" width=\"1200\" height=\"800\" srcset=\"https:\/\/www.johannagullichsen.com\/wp-content\/uploads\/2026\/01\/Johanna-Gullichsen-Lasipalatsi-Store-1.jpg 1200w, https:\/\/www.johannagullichsen.com\/wp-content\/uploads\/2026\/01\/Johanna-Gullichsen-Lasipalatsi-Store-1-300x200.jpg 300w, https:\/\/www.johannagullichsen.com\/wp-content\/uploads\/2026\/01\/Johanna-Gullichsen-Lasipalatsi-Store-1-1024x683.jpg 1024w, https:\/\/www.johannagullichsen.com\/wp-content\/uploads\/2026\/01\/Johanna-Gullichsen-Lasipalatsi-Store-1-768x512.jpg 768w\" sizes=\"auto, (max-width: 1200px) 100vw, 1200px\" \/><\/a><a href=\"https:\/\/www.johannagullichsen.com\/wp-content\/uploads\/2026\/01\/Johanna-Gullichsen-Lasipalatsi-store-2.jpg\"><img loading=\"lazy\" decoding=\"async\" class=\"aligncenter wp-image-30096 size-full\" src=\"https:\/\/www.johannagullichsen.com\/wp-content\/uploads\/2026\/01\/Johanna-Gullichsen-Lasipalatsi-store-2.jpg\" alt=\"\" width=\"1200\" height=\"800\" srcset=\"https:\/\/www.johannagullichsen.com\/wp-content\/uploads\/2026\/01\/Johanna-Gullichsen-Lasipalatsi-store-2.jpg 1200w, https:\/\/www.johannagullichsen.com\/wp-content\/uploads\/2026\/01\/Johanna-Gullichsen-Lasipalatsi-store-2-300x200.jpg 300w, https:\/\/www.johannagullichsen.com\/wp-content\/uploads\/2026\/01\/Johanna-Gullichsen-Lasipalatsi-store-2-1024x683.jpg 1024w, https:\/\/www.johannagullichsen.com\/wp-content\/uploads\/2026\/01\/Johanna-Gullichsen-Lasipalatsi-store-2-768x512.jpg 768w\" sizes=\"auto, (max-width: 1200px) 100vw, 1200px\" \/><\/a><a href=\"https:\/\/www.johannagullichsen.com\/wp-content\/uploads\/2021\/09\/Johanna-Gullichsen-Lasipalatsi-store-3.jpg\"><img loading=\"lazy\" decoding=\"async\" class=\"aligncenter wp-image-12717 size-full\" src=\"https:\/\/www.johannagullichsen.com\/wp-content\/uploads\/2021\/09\/Johanna-Gullichsen-Lasipalatsi-store-3.jpg\" alt=\"\" width=\"1920\" height=\"1000\" srcset=\"https:\/\/www.johannagullichsen.com\/wp-content\/uploads\/2021\/09\/Johanna-Gullichsen-Lasipalatsi-store-3.jpg 1920w, https:\/\/www.johannagullichsen.com\/wp-content\/uploads\/2021\/09\/Johanna-Gullichsen-Lasipalatsi-store-3-1260x656.jpg 1260w, https:\/\/www.johannagullichsen.com\/wp-content\/uploads\/2021\/09\/Johanna-Gullichsen-Lasipalatsi-store-3-300x156.jpg 300w, https:\/\/www.johannagullichsen.com\/wp-content\/uploads\/2021\/09\/Johanna-Gullichsen-Lasipalatsi-store-3-1024x533.jpg 1024w, https:\/\/www.johannagullichsen.com\/wp-content\/uploads\/2021\/09\/Johanna-Gullichsen-Lasipalatsi-store-3-768x400.jpg 768w, https:\/\/www.johannagullichsen.com\/wp-content\/uploads\/2021\/09\/Johanna-Gullichsen-Lasipalatsi-store-3-1536x800.jpg 1536w\" sizes=\"auto, (max-width: 1920px) 100vw, 1920px\" \/><\/a><\/h4>\n","protected":false},"excerpt":{"rendered":"<p>Bienvenue dans notre univers vibrant de textiles tiss\u00e9s! D\u00e9couvrez la beaut\u00e9 intemporelle des textiles tiss\u00e9s \u00e0 partir de mat\u00e9riaux naturels dans la boutique Johanna Gullichsen. Dans notre boutique \u00e0 Helsinki,&hellip;<\/p>\n","protected":false},"author":4,"featured_media":0,"parent":0,"menu_order":0,"comment_status":"closed","ping_status":"closed","template":"","meta":{"_acf_changed":false,"footnotes":""},"class_list":["post-26631","page","type-page","status-publish","hentry"],"acf":[],"yoast_head":"<!-- This site is optimized with the Yoast SEO Premium plugin v27.2 (Yoast SEO v27.2) - https:\/\/yoast.com\/product\/yoast-seo-premium-wordpress\/ -->\n<title>Boutique - Johanna Gullichsen<\/title>\n<meta name=\"robots\" content=\"index, follow, max-snippet:-1, max-image-preview:large, max-video-preview:-1\" \/>\n<link rel=\"canonical\" href=\"https:\/\/www.johannagullichsen.com\/fr\/boutiques\/\" \/>\n<meta property=\"og:locale\" content=\"fr_FR\" \/>\n<meta property=\"og:type\" content=\"article\" \/>\n<meta property=\"og:title\" content=\"Boutique\" \/>\n<meta property=\"og:description\" content=\"Bienvenue dans notre univers vibrant de textiles tiss\u00e9s! D\u00e9couvrez la beaut\u00e9 intemporelle des textiles tiss\u00e9s \u00e0 partir de mat\u00e9riaux naturels dans la boutique Johanna Gullichsen. Dans notre boutique \u00e0 Helsinki,&hellip;\" \/>\n<meta property=\"og:url\" content=\"https:\/\/www.johannagullichsen.com\/fr\/boutiques\/\" \/>\n<meta property=\"og:site_name\" content=\"Johanna Gullichsen\" \/>\n<meta property=\"article:modified_time\" content=\"2026-01-30T11:45:07+00:00\" \/>\n<meta property=\"og:image\" content=\"https:\/\/www.johannagullichsen.com\/wp-content\/uploads\/2026\/01\/Johanna-Gullichsen-at-Lasipalatsi-Store.jpg\" \/>\n\t<meta property=\"og:image:width\" content=\"1200\" \/>\n\t<meta property=\"og:image:height\" content=\"900\" \/>\n\t<meta property=\"og:image:type\" content=\"image\/jpeg\" \/>\n<meta name=\"twitter:card\" content=\"summary_large_image\" \/>\n<meta name=\"twitter:label1\" content=\"Dur\u00e9e de lecture estim\u00e9e\" \/>\n\t<meta name=\"twitter:data1\" content=\"3 minutes\" \/>\n<script type=\"application\/ld+json\" class=\"yoast-schema-graph\">{\"@context\":\"https:\/\/schema.org\",\"@graph\":[{\"@type\":\"WebPage\",\"@id\":\"https:\/\/www.johannagullichsen.com\/fr\/boutiques\/\",\"url\":\"https:\/\/www.johannagullichsen.com\/fr\/boutiques\/\",\"name\":\"Boutique - Johanna Gullichsen\",\"isPartOf\":{\"@id\":\"https:\/\/www.johannagullichsen.com\/fr\/#website\"},\"primaryImageOfPage\":{\"@id\":\"https:\/\/www.johannagullichsen.com\/fr\/boutiques\/#primaryimage\"},\"image\":{\"@id\":\"https:\/\/www.johannagullichsen.com\/fr\/boutiques\/#primaryimage\"},\"thumbnailUrl\":\"https:\/\/www.johannagullichsen.com\/wp-content\/uploads\/2026\/01\/Johanna-Gullichsen-at-Lasipalatsi-Store.jpg\",\"datePublished\":\"2025-04-03T09:50:16+00:00\",\"dateModified\":\"2026-01-30T11:45:07+00:00\",\"breadcrumb\":{\"@id\":\"https:\/\/www.johannagullichsen.com\/fr\/boutiques\/#breadcrumb\"},\"inLanguage\":\"fr-FR\",\"potentialAction\":[{\"@type\":\"ReadAction\",\"target\":[\"https:\/\/www.johannagullichsen.com\/fr\/boutiques\/\"]}]},{\"@type\":\"ImageObject\",\"inLanguage\":\"fr-FR\",\"@id\":\"https:\/\/www.johannagullichsen.com\/fr\/boutiques\/#primaryimage\",\"url\":\"https:\/\/www.johannagullichsen.com\/wp-content\/uploads\/2026\/01\/Johanna-Gullichsen-at-Lasipalatsi-Store.jpg\",\"contentUrl\":\"https:\/\/www.johannagullichsen.com\/wp-content\/uploads\/2026\/01\/Johanna-Gullichsen-at-Lasipalatsi-Store.jpg\"},{\"@type\":\"BreadcrumbList\",\"@id\":\"https:\/\/www.johannagullichsen.com\/fr\/boutiques\/#breadcrumb\",\"itemListElement\":[{\"@type\":\"ListItem\",\"position\":1,\"name\":\"Home\",\"item\":\"https:\/\/www.johannagullichsen.com\/fr\/\"},{\"@type\":\"ListItem\",\"position\":2,\"name\":\"Boutique\"}]},{\"@type\":\"WebSite\",\"@id\":\"https:\/\/www.johannagullichsen.com\/fr\/#website\",\"url\":\"https:\/\/www.johannagullichsen.com\/fr\/\",\"name\":\"Johanna Gullichsen\",\"description\":\"\",\"potentialAction\":[{\"@type\":\"SearchAction\",\"target\":{\"@type\":\"EntryPoint\",\"urlTemplate\":\"https:\/\/www.johannagullichsen.com\/fr\/?s={search_term_string}\"},\"query-input\":{\"@type\":\"PropertyValueSpecification\",\"valueRequired\":true,\"valueName\":\"search_term_string\"}}],\"inLanguage\":\"fr-FR\"}]}<\/script>\n<!-- \/ Yoast SEO Premium plugin. -->","yoast_head_json":{"title":"Boutique - Johanna Gullichsen","robots":{"index":"index","follow":"follow","max-snippet":"max-snippet:-1","max-image-preview":"max-image-preview:large","max-video-preview":"max-video-preview:-1"},"canonical":"https:\/\/www.johannagullichsen.com\/fr\/boutiques\/","og_locale":"fr_FR","og_type":"article","og_title":"Boutique","og_description":"Bienvenue dans notre univers vibrant de textiles tiss\u00e9s! D\u00e9couvrez la beaut\u00e9 intemporelle des textiles tiss\u00e9s \u00e0 partir de mat\u00e9riaux naturels dans la boutique Johanna Gullichsen. Dans notre boutique \u00e0 Helsinki,&hellip;","og_url":"https:\/\/www.johannagullichsen.com\/fr\/boutiques\/","og_site_name":"Johanna Gullichsen","article_modified_time":"2026-01-30T11:45:07+00:00","og_image":[{"width":1200,"height":900,"url":"https:\/\/www.johannagullichsen.com\/wp-content\/uploads\/2026\/01\/Johanna-Gullichsen-at-Lasipalatsi-Store.jpg","type":"image\/jpeg"}],"twitter_card":"summary_large_image","twitter_misc":{"Dur\u00e9e de lecture estim\u00e9e":"3 minutes"},"schema":{"@context":"https:\/\/schema.org","@graph":[{"@type":"WebPage","@id":"https:\/\/www.johannagullichsen.com\/fr\/boutiques\/","url":"https:\/\/www.johannagullichsen.com\/fr\/boutiques\/","name":"Boutique - Johanna Gullichsen","isPartOf":{"@id":"https:\/\/www.johannagullichsen.com\/fr\/#website"},"primaryImageOfPage":{"@id":"https:\/\/www.johannagullichsen.com\/fr\/boutiques\/#primaryimage"},"image":{"@id":"https:\/\/www.johannagullichsen.com\/fr\/boutiques\/#primaryimage"},"thumbnailUrl":"https:\/\/www.johannagullichsen.com\/wp-content\/uploads\/2026\/01\/Johanna-Gullichsen-at-Lasipalatsi-Store.jpg","datePublished":"2025-04-03T09:50:16+00:00","dateModified":"2026-01-30T11:45:07+00:00","breadcrumb":{"@id":"https:\/\/www.johannagullichsen.com\/fr\/boutiques\/#breadcrumb"},"inLanguage":"fr-FR","potentialAction":[{"@type":"ReadAction","target":["https:\/\/www.johannagullichsen.com\/fr\/boutiques\/"]}]},{"@type":"ImageObject","inLanguage":"fr-FR","@id":"https:\/\/www.johannagullichsen.com\/fr\/boutiques\/#primaryimage","url":"https:\/\/www.johannagullichsen.com\/wp-content\/uploads\/2026\/01\/Johanna-Gullichsen-at-Lasipalatsi-Store.jpg","contentUrl":"https:\/\/www.johannagullichsen.com\/wp-content\/uploads\/2026\/01\/Johanna-Gullichsen-at-Lasipalatsi-Store.jpg"},{"@type":"BreadcrumbList","@id":"https:\/\/www.johannagullichsen.com\/fr\/boutiques\/#breadcrumb","itemListElement":[{"@type":"ListItem","position":1,"name":"Home","item":"https:\/\/www.johannagullichsen.com\/fr\/"},{"@type":"ListItem","position":2,"name":"Boutique"}]},{"@type":"WebSite","@id":"https:\/\/www.johannagullichsen.com\/fr\/#website","url":"https:\/\/www.johannagullichsen.com\/fr\/","name":"Johanna Gullichsen","description":"","potentialAction":[{"@type":"SearchAction","target":{"@type":"EntryPoint","urlTemplate":"https:\/\/www.johannagullichsen.com\/fr\/?s={search_term_string}"},"query-input":{"@type":"PropertyValueSpecification","valueRequired":true,"valueName":"search_term_string"}}],"inLanguage":"fr-FR"}]}},"_links":{"self":[{"href":"https:\/\/www.johannagullichsen.com\/fr\/wp-json\/wp\/v2\/pages\/26631","targetHints":{"allow":["GET"]}}],"collection":[{"href":"https:\/\/www.johannagullichsen.com\/fr\/wp-json\/wp\/v2\/pages"}],"about":[{"href":"https:\/\/www.johannagullichsen.com\/fr\/wp-json\/wp\/v2\/types\/page"}],"author":[{"embeddable":true,"href":"https:\/\/www.johannagullichsen.com\/fr\/wp-json\/wp\/v2\/users\/4"}],"replies":[{"embeddable":true,"href":"https:\/\/www.johannagullichsen.com\/fr\/wp-json\/wp\/v2\/comments?post=26631"}],"version-history":[{"count":7,"href":"https:\/\/www.johannagullichsen.com\/fr\/wp-json\/wp\/v2\/pages\/26631\/revisions"}],"predecessor-version":[{"id":30101,"href":"https:\/\/www.johannagullichsen.com\/fr\/wp-json\/wp\/v2\/pages\/26631\/revisions\/30101"}],"wp:attachment":[{"href":"https:\/\/www.johannagullichsen.com\/fr\/wp-json\/wp\/v2\/media?parent=26631"}],"curies":[{"name":"wp","href":"https:\/\/api.w.org\/{rel}","templated":true}]}}