{"id":28089,"date":"2025-05-23T13:12:41","date_gmt":"2025-05-23T10:12:41","guid":{"rendered":"https:\/\/www.johannagullichsen.com\/denim-workwear\/"},"modified":"2025-06-26T14:35:09","modified_gmt":"2025-06-26T11:35:09","slug":"denim-workwear","status":"publish","type":"page","link":"https:\/\/www.johannagullichsen.com\/fr\/denim-workwear\/","title":{"rendered":"Denim"},"content":{"rendered":"<h2>Une journ\u00e9e au manoir de Palikainen<\/h2>\n<p>Nous avons pass\u00e9 quelques jours anim\u00e9s et productifs au manoir de Palikainen, la ferme familiale de Johanna. Verner, le g\u00e9rant de la ferme, nous a fait visiter et nous a initi\u00e9s au rythme du travail printanier, des tracteurs aux champs \u00e0 semer. En guise de petit remerciement, Verner a re\u00e7u une nouvelle veste en jean, parfaite pour les fra\u00eeches soir\u00e9es de printemps o\u00f9 le travail se prolonge jusque tard dans le cr\u00e9puscule.<\/p>\n<p>Dans la serre, les semis \u00e9taient pr\u00eats \u00e0 \u00eatre plant\u00e9s, tandis que d&rsquo;autres r\u00e9clamaient d\u00e9j\u00e0 des pots plus grands. La belle vigne avait, une fois de plus, bien hivern\u00e9. Le gilet en jean prouve son utilit\u00e9 au jardin : s\u00e9cateur, bobines de ficelle et transplantoir se rangent parfaitement dans ses g\u00e9n\u00e9reuses poches. Que vous manipuliez des marteaux ou des pinceaux, le gilet est con\u00e7u pour la t\u00e2che \u2014 protecteur, pratique et fait pour bouger avec vous.<\/p>\n<div><\/div>\n<p><a href=\"https:\/\/www.johannagullichsen.com\/wp-content\/uploads\/2025\/05\/Johanna-Gullichsen-Denim-jacket-4-copy.jpg\"><img loading=\"lazy\" decoding=\"async\" class=\"aligncenter wp-image-27593 size-large\" src=\"https:\/\/www.johannagullichsen.com\/wp-content\/uploads\/2025\/05\/Johanna-Gullichsen-Denim-jacket-4-copy-691x1024.jpg\" alt=\"\" width=\"691\" height=\"1024\" srcset=\"https:\/\/www.johannagullichsen.com\/wp-content\/uploads\/2025\/05\/Johanna-Gullichsen-Denim-jacket-4-copy-691x1024.jpg 691w, https:\/\/www.johannagullichsen.com\/wp-content\/uploads\/2025\/05\/Johanna-Gullichsen-Denim-jacket-4-copy-203x300.jpg 203w, https:\/\/www.johannagullichsen.com\/wp-content\/uploads\/2025\/05\/Johanna-Gullichsen-Denim-jacket-4-copy-768x1138.jpg 768w, https:\/\/www.johannagullichsen.com\/wp-content\/uploads\/2025\/05\/Johanna-Gullichsen-Denim-jacket-4-copy-1037x1536.jpg 1037w, https:\/\/www.johannagullichsen.com\/wp-content\/uploads\/2025\/05\/Johanna-Gullichsen-Denim-jacket-4-copy.jpg 1080w\" sizes=\"auto, (max-width: 691px) 100vw, 691px\" \/><\/a><\/p>\n<h4>\u00c9dition limit\u00e9e Nos v\u00eatements de travail en jean sont d\u00e9sormais disponibles dans les magasins d\u2019Helsinki.<\/h4>\n<p>La collection Workwear comprend une veste et un gilet, propos\u00e9s en deux tons subtils : rouge fonc\u00e9 et bleu-vert. Confectionn\u00e9es dans un m\u00e9lange respirant de lin et de coton, les deux pi\u00e8ces s&rsquo;assouplissent magnifiquement avec le temps et les lavages. Avec sa coupe oversize la veste\u00a0s&rsquo;adapte \u00e0 la plupart des tailles, mesurant 70 cm de largeur de poitrine et 82 cm de l&rsquo;\u00e9paule \u00e0 l&rsquo;ourlet. Attendez-vous \u00e0 un r\u00e9tr\u00e9cissement naturel d&rsquo;environ 5 \u00e0 8 % apr\u00e8s lavage. Le gilet est ouvert sur les c\u00f4t\u00e9s et enti\u00e8rement ajustable pour une coupe souple et facile \u00e0 modifier. Il mesure 64 cm de largeur (devant et derri\u00e8re) et 68 cm de longueur.<\/p>\n<p><a href=\"https:\/\/www.johannagullichsen.com\/wp-content\/uploads\/2025\/05\/Johanna-Gullichsen-Denim-vest-artist-2.jpg\"><img loading=\"lazy\" decoding=\"async\" class=\"aligncenter wp-image-27575 size-large\" src=\"https:\/\/www.johannagullichsen.com\/wp-content\/uploads\/2025\/05\/Johanna-Gullichsen-Denim-vest-artist-2-1024x768.jpg\" alt=\"\" width=\"1024\" height=\"768\" srcset=\"https:\/\/www.johannagullichsen.com\/wp-content\/uploads\/2025\/05\/Johanna-Gullichsen-Denim-vest-artist-2-1024x768.jpg 1024w, https:\/\/www.johannagullichsen.com\/wp-content\/uploads\/2025\/05\/Johanna-Gullichsen-Denim-vest-artist-2-300x225.jpg 300w, https:\/\/www.johannagullichsen.com\/wp-content\/uploads\/2025\/05\/Johanna-Gullichsen-Denim-vest-artist-2-768x576.jpg 768w, https:\/\/www.johannagullichsen.com\/wp-content\/uploads\/2025\/05\/Johanna-Gullichsen-Denim-vest-artist-2-1536x1152.jpg 1536w, https:\/\/www.johannagullichsen.com\/wp-content\/uploads\/2025\/05\/Johanna-Gullichsen-Denim-vest-artist-2-866x650.jpg 866w, https:\/\/www.johannagullichsen.com\/wp-content\/uploads\/2025\/05\/Johanna-Gullichsen-Denim-vest-artist-2-1260x945.jpg 1260w, https:\/\/www.johannagullichsen.com\/wp-content\/uploads\/2025\/05\/Johanna-Gullichsen-Denim-vest-artist-2-336x252.jpg 336w, https:\/\/www.johannagullichsen.com\/wp-content\/uploads\/2025\/05\/Johanna-Gullichsen-Denim-vest-artist-2.jpg 1600w\" sizes=\"auto, (max-width: 1024px) 100vw, 1024px\" \/><\/a><\/p>\n<p><a href=\"https:\/\/www.johannagullichsen.com\/wp-content\/uploads\/2025\/05\/Johanna-Gullichsen-Denim-vest-artist-4.jpg\"><img loading=\"lazy\" decoding=\"async\" class=\"aligncenter wp-image-27579 size-large\" src=\"https:\/\/www.johannagullichsen.com\/wp-content\/uploads\/2025\/05\/Johanna-Gullichsen-Denim-vest-artist-4-1024x768.jpg\" alt=\"\" width=\"1024\" height=\"768\" srcset=\"https:\/\/www.johannagullichsen.com\/wp-content\/uploads\/2025\/05\/Johanna-Gullichsen-Denim-vest-artist-4-1024x768.jpg 1024w, https:\/\/www.johannagullichsen.com\/wp-content\/uploads\/2025\/05\/Johanna-Gullichsen-Denim-vest-artist-4-300x225.jpg 300w, https:\/\/www.johannagullichsen.com\/wp-content\/uploads\/2025\/05\/Johanna-Gullichsen-Denim-vest-artist-4-768x576.jpg 768w, https:\/\/www.johannagullichsen.com\/wp-content\/uploads\/2025\/05\/Johanna-Gullichsen-Denim-vest-artist-4-1536x1152.jpg 1536w, https:\/\/www.johannagullichsen.com\/wp-content\/uploads\/2025\/05\/Johanna-Gullichsen-Denim-vest-artist-4-866x650.jpg 866w, https:\/\/www.johannagullichsen.com\/wp-content\/uploads\/2025\/05\/Johanna-Gullichsen-Denim-vest-artist-4-1260x945.jpg 1260w, https:\/\/www.johannagullichsen.com\/wp-content\/uploads\/2025\/05\/Johanna-Gullichsen-Denim-vest-artist-4-336x252.jpg 336w, https:\/\/www.johannagullichsen.com\/wp-content\/uploads\/2025\/05\/Johanna-Gullichsen-Denim-vest-artist-4.jpg 1600w\" sizes=\"auto, (max-width: 1024px) 100vw, 1024px\" \/><\/a><\/p>\n<p><a href=\"https:\/\/www.johannagullichsen.com\/wp-content\/uploads\/2025\/05\/Johanna-Gullichsen-Denim-jacket-gardening-4-copy.jpg\"><img loading=\"lazy\" decoding=\"async\" class=\"aligncenter wp-image-27616 size-large\" src=\"https:\/\/www.johannagullichsen.com\/wp-content\/uploads\/2025\/05\/Johanna-Gullichsen-Denim-jacket-gardening-4-copy-819x1024.jpg\" alt=\"\" width=\"819\" height=\"1024\" srcset=\"https:\/\/www.johannagullichsen.com\/wp-content\/uploads\/2025\/05\/Johanna-Gullichsen-Denim-jacket-gardening-4-copy-819x1024.jpg 819w, https:\/\/www.johannagullichsen.com\/wp-content\/uploads\/2025\/05\/Johanna-Gullichsen-Denim-jacket-gardening-4-copy-240x300.jpg 240w, https:\/\/www.johannagullichsen.com\/wp-content\/uploads\/2025\/05\/Johanna-Gullichsen-Denim-jacket-gardening-4-copy-768x960.jpg 768w, https:\/\/www.johannagullichsen.com\/wp-content\/uploads\/2025\/05\/Johanna-Gullichsen-Denim-jacket-gardening-4-copy.jpg 1080w\" sizes=\"auto, (max-width: 819px) 100vw, 819px\" \/><\/a><\/p>\n<p><a href=\"https:\/\/www.johannagullichsen.com\/wp-content\/uploads\/2025\/05\/Johanna-Gullichsen-Denim-vest-1-copy.jpg\"><img loading=\"lazy\" decoding=\"async\" class=\"aligncenter wp-image-27562 size-large\" src=\"https:\/\/www.johannagullichsen.com\/wp-content\/uploads\/2025\/05\/Johanna-Gullichsen-Denim-vest-1-copy-819x1024.jpg\" alt=\"\" width=\"819\" height=\"1024\" srcset=\"https:\/\/www.johannagullichsen.com\/wp-content\/uploads\/2025\/05\/Johanna-Gullichsen-Denim-vest-1-copy-819x1024.jpg 819w, https:\/\/www.johannagullichsen.com\/wp-content\/uploads\/2025\/05\/Johanna-Gullichsen-Denim-vest-1-copy-240x300.jpg 240w, https:\/\/www.johannagullichsen.com\/wp-content\/uploads\/2025\/05\/Johanna-Gullichsen-Denim-vest-1-copy-768x960.jpg 768w, https:\/\/www.johannagullichsen.com\/wp-content\/uploads\/2025\/05\/Johanna-Gullichsen-Denim-vest-1-copy.jpg 1080w\" sizes=\"auto, (max-width: 819px) 100vw, 819px\" \/><\/a><\/p>\n<p><a href=\"https:\/\/www.johannagullichsen.com\/wp-content\/uploads\/2025\/05\/Johanna-Gullichsen-Denim-vest-6-IG.jpg\"><img loading=\"lazy\" decoding=\"async\" class=\"aligncenter wp-image-27566 size-large\" src=\"https:\/\/www.johannagullichsen.com\/wp-content\/uploads\/2025\/05\/Johanna-Gullichsen-Denim-vest-6-IG-819x1024.jpg\" alt=\"\" width=\"819\" height=\"1024\" srcset=\"https:\/\/www.johannagullichsen.com\/wp-content\/uploads\/2025\/05\/Johanna-Gullichsen-Denim-vest-6-IG-819x1024.jpg 819w, https:\/\/www.johannagullichsen.com\/wp-content\/uploads\/2025\/05\/Johanna-Gullichsen-Denim-vest-6-IG-240x300.jpg 240w, https:\/\/www.johannagullichsen.com\/wp-content\/uploads\/2025\/05\/Johanna-Gullichsen-Denim-vest-6-IG-768x960.jpg 768w, https:\/\/www.johannagullichsen.com\/wp-content\/uploads\/2025\/05\/Johanna-Gullichsen-Denim-vest-6-IG.jpg 1080w\" sizes=\"auto, (max-width: 819px) 100vw, 819px\" \/><\/a><\/p>\n<p>&nbsp;<\/p>\n<p><a href=\"https:\/\/www.johannagullichsen.com\/wp-content\/uploads\/2025\/05\/Johanna-Gullichsen-Denim-vest-7-IG.jpg\"><img loading=\"lazy\" decoding=\"async\" class=\"aligncenter wp-image-27570 size-large\" src=\"https:\/\/www.johannagullichsen.com\/wp-content\/uploads\/2025\/05\/Johanna-Gullichsen-Denim-vest-7-IG-819x1024.jpg\" alt=\"\" width=\"819\" height=\"1024\" srcset=\"https:\/\/www.johannagullichsen.com\/wp-content\/uploads\/2025\/05\/Johanna-Gullichsen-Denim-vest-7-IG-819x1024.jpg 819w, https:\/\/www.johannagullichsen.com\/wp-content\/uploads\/2025\/05\/Johanna-Gullichsen-Denim-vest-7-IG-240x300.jpg 240w, https:\/\/www.johannagullichsen.com\/wp-content\/uploads\/2025\/05\/Johanna-Gullichsen-Denim-vest-7-IG-768x960.jpg 768w, https:\/\/www.johannagullichsen.com\/wp-content\/uploads\/2025\/05\/Johanna-Gullichsen-Denim-vest-7-IG.jpg 1080w\" sizes=\"auto, (max-width: 819px) 100vw, 819px\" \/><\/a><\/p>\n<p><a href=\"https:\/\/www.johannagullichsen.com\/wp-content\/uploads\/2025\/05\/Johanna-Gullichsen-Denim-jacket-12-copy-1.jpg\"><img loading=\"lazy\" decoding=\"async\" class=\"aligncenter wp-image-27609 size-large\" src=\"https:\/\/www.johannagullichsen.com\/wp-content\/uploads\/2025\/05\/Johanna-Gullichsen-Denim-jacket-12-copy-1-819x1024.jpg\" alt=\"\" width=\"819\" height=\"1024\" srcset=\"https:\/\/www.johannagullichsen.com\/wp-content\/uploads\/2025\/05\/Johanna-Gullichsen-Denim-jacket-12-copy-1-819x1024.jpg 819w, https:\/\/www.johannagullichsen.com\/wp-content\/uploads\/2025\/05\/Johanna-Gullichsen-Denim-jacket-12-copy-1-240x300.jpg 240w, https:\/\/www.johannagullichsen.com\/wp-content\/uploads\/2025\/05\/Johanna-Gullichsen-Denim-jacket-12-copy-1-768x960.jpg 768w, https:\/\/www.johannagullichsen.com\/wp-content\/uploads\/2025\/05\/Johanna-Gullichsen-Denim-jacket-12-copy-1.jpg 1080w\" sizes=\"auto, (max-width: 819px) 100vw, 819px\" \/><\/a><\/p>\n<p><a href=\"https:\/\/www.johannagullichsen.com\/wp-content\/uploads\/2025\/05\/Johanna-Gullichsen-Denim-jacket-gardening-5-IG.jpg\"><img loading=\"lazy\" decoding=\"async\" class=\"aligncenter wp-image-27558 size-large\" src=\"https:\/\/www.johannagullichsen.com\/wp-content\/uploads\/2025\/05\/Johanna-Gullichsen-Denim-jacket-gardening-5-IG-819x1024.jpg\" alt=\"\" width=\"819\" height=\"1024\" srcset=\"https:\/\/www.johannagullichsen.com\/wp-content\/uploads\/2025\/05\/Johanna-Gullichsen-Denim-jacket-gardening-5-IG-819x1024.jpg 819w, https:\/\/www.johannagullichsen.com\/wp-content\/uploads\/2025\/05\/Johanna-Gullichsen-Denim-jacket-gardening-5-IG-240x300.jpg 240w, https:\/\/www.johannagullichsen.com\/wp-content\/uploads\/2025\/05\/Johanna-Gullichsen-Denim-jacket-gardening-5-IG-768x960.jpg 768w, https:\/\/www.johannagullichsen.com\/wp-content\/uploads\/2025\/05\/Johanna-Gullichsen-Denim-jacket-gardening-5-IG.jpg 1080w\" sizes=\"auto, (max-width: 819px) 100vw, 819px\" \/><\/a><\/p>\n","protected":false},"excerpt":{"rendered":"<p>Une journ\u00e9e au manoir de Palikainen Nous avons pass\u00e9 quelques jours anim\u00e9s et productifs au manoir de Palikainen, la ferme familiale de Johanna. Verner, le g\u00e9rant de la ferme, nous&hellip;<\/p>\n","protected":false},"author":4,"featured_media":0,"parent":0,"menu_order":0,"comment_status":"closed","ping_status":"closed","template":"","meta":{"_acf_changed":false,"footnotes":""},"class_list":["post-28089","page","type-page","status-publish","hentry"],"acf":[],"yoast_head":"<!-- This site is optimized with the Yoast SEO Premium plugin v27.2 (Yoast SEO v27.2) - https:\/\/yoast.com\/product\/yoast-seo-premium-wordpress\/ -->\n<title>Denim - Johanna Gullichsen<\/title>\n<meta name=\"robots\" content=\"index, follow, max-snippet:-1, max-image-preview:large, max-video-preview:-1\" \/>\n<link rel=\"canonical\" href=\"https:\/\/www.johannagullichsen.com\/fr\/denim-workwear\/\" \/>\n<meta property=\"og:locale\" content=\"fr_FR\" \/>\n<meta property=\"og:type\" content=\"article\" \/>\n<meta property=\"og:title\" content=\"Denim\" \/>\n<meta property=\"og:description\" content=\"Une journ\u00e9e au manoir de Palikainen Nous avons pass\u00e9 quelques jours anim\u00e9s et productifs au manoir de Palikainen, la ferme familiale de Johanna. Verner, le g\u00e9rant de la ferme, nous&hellip;\" \/>\n<meta property=\"og:url\" content=\"https:\/\/www.johannagullichsen.com\/fr\/denim-workwear\/\" \/>\n<meta property=\"og:site_name\" content=\"Johanna Gullichsen\" \/>\n<meta property=\"article:modified_time\" content=\"2025-06-26T11:35:09+00:00\" \/>\n<meta property=\"og:image\" content=\"https:\/\/www.johannagullichsen.com\/wp-content\/uploads\/2025\/05\/Johanna-Gullichsen-Denim-jacket-4-copy.jpg\" \/>\n\t<meta property=\"og:image:width\" content=\"1080\" \/>\n\t<meta property=\"og:image:height\" content=\"1600\" \/>\n\t<meta property=\"og:image:type\" content=\"image\/jpeg\" \/>\n<meta name=\"twitter:card\" content=\"summary_large_image\" \/>\n<meta name=\"twitter:label1\" content=\"Dur\u00e9e de lecture estim\u00e9e\" \/>\n\t<meta name=\"twitter:data1\" content=\"4 minutes\" \/>\n<script type=\"application\/ld+json\" class=\"yoast-schema-graph\">{\"@context\":\"https:\/\/schema.org\",\"@graph\":[{\"@type\":\"WebPage\",\"@id\":\"https:\/\/www.johannagullichsen.com\/fr\/denim-workwear\/\",\"url\":\"https:\/\/www.johannagullichsen.com\/fr\/denim-workwear\/\",\"name\":\"Denim - Johanna Gullichsen\",\"isPartOf\":{\"@id\":\"https:\/\/www.johannagullichsen.com\/fr\/#website\"},\"primaryImageOfPage\":{\"@id\":\"https:\/\/www.johannagullichsen.com\/fr\/denim-workwear\/#primaryimage\"},\"image\":{\"@id\":\"https:\/\/www.johannagullichsen.com\/fr\/denim-workwear\/#primaryimage\"},\"thumbnailUrl\":\"https:\/\/www.johannagullichsen.com\/wp-content\/uploads\/2025\/05\/Johanna-Gullichsen-Denim-jacket-4-copy-691x1024.jpg\",\"datePublished\":\"2025-05-23T10:12:41+00:00\",\"dateModified\":\"2025-06-26T11:35:09+00:00\",\"breadcrumb\":{\"@id\":\"https:\/\/www.johannagullichsen.com\/fr\/denim-workwear\/#breadcrumb\"},\"inLanguage\":\"fr-FR\",\"potentialAction\":[{\"@type\":\"ReadAction\",\"target\":[\"https:\/\/www.johannagullichsen.com\/fr\/denim-workwear\/\"]}]},{\"@type\":\"ImageObject\",\"inLanguage\":\"fr-FR\",\"@id\":\"https:\/\/www.johannagullichsen.com\/fr\/denim-workwear\/#primaryimage\",\"url\":\"https:\/\/www.johannagullichsen.com\/wp-content\/uploads\/2025\/05\/Johanna-Gullichsen-Denim-jacket-4-copy-691x1024.jpg\",\"contentUrl\":\"https:\/\/www.johannagullichsen.com\/wp-content\/uploads\/2025\/05\/Johanna-Gullichsen-Denim-jacket-4-copy-691x1024.jpg\"},{\"@type\":\"BreadcrumbList\",\"@id\":\"https:\/\/www.johannagullichsen.com\/fr\/denim-workwear\/#breadcrumb\",\"itemListElement\":[{\"@type\":\"ListItem\",\"position\":1,\"name\":\"Home\",\"item\":\"https:\/\/www.johannagullichsen.com\/fr\/\"},{\"@type\":\"ListItem\",\"position\":2,\"name\":\"Denim\"}]},{\"@type\":\"WebSite\",\"@id\":\"https:\/\/www.johannagullichsen.com\/fr\/#website\",\"url\":\"https:\/\/www.johannagullichsen.com\/fr\/\",\"name\":\"Johanna Gullichsen\",\"description\":\"\",\"potentialAction\":[{\"@type\":\"SearchAction\",\"target\":{\"@type\":\"EntryPoint\",\"urlTemplate\":\"https:\/\/www.johannagullichsen.com\/fr\/?s={search_term_string}\"},\"query-input\":{\"@type\":\"PropertyValueSpecification\",\"valueRequired\":true,\"valueName\":\"search_term_string\"}}],\"inLanguage\":\"fr-FR\"}]}<\/script>\n<!-- \/ Yoast SEO Premium plugin. -->","yoast_head_json":{"title":"Denim - Johanna Gullichsen","robots":{"index":"index","follow":"follow","max-snippet":"max-snippet:-1","max-image-preview":"max-image-preview:large","max-video-preview":"max-video-preview:-1"},"canonical":"https:\/\/www.johannagullichsen.com\/fr\/denim-workwear\/","og_locale":"fr_FR","og_type":"article","og_title":"Denim","og_description":"Une journ\u00e9e au manoir de Palikainen Nous avons pass\u00e9 quelques jours anim\u00e9s et productifs au manoir de Palikainen, la ferme familiale de Johanna. Verner, le g\u00e9rant de la ferme, nous&hellip;","og_url":"https:\/\/www.johannagullichsen.com\/fr\/denim-workwear\/","og_site_name":"Johanna Gullichsen","article_modified_time":"2025-06-26T11:35:09+00:00","og_image":[{"width":1080,"height":1600,"url":"https:\/\/www.johannagullichsen.com\/wp-content\/uploads\/2025\/05\/Johanna-Gullichsen-Denim-jacket-4-copy.jpg","type":"image\/jpeg"}],"twitter_card":"summary_large_image","twitter_misc":{"Dur\u00e9e de lecture estim\u00e9e":"4 minutes"},"schema":{"@context":"https:\/\/schema.org","@graph":[{"@type":"WebPage","@id":"https:\/\/www.johannagullichsen.com\/fr\/denim-workwear\/","url":"https:\/\/www.johannagullichsen.com\/fr\/denim-workwear\/","name":"Denim - Johanna Gullichsen","isPartOf":{"@id":"https:\/\/www.johannagullichsen.com\/fr\/#website"},"primaryImageOfPage":{"@id":"https:\/\/www.johannagullichsen.com\/fr\/denim-workwear\/#primaryimage"},"image":{"@id":"https:\/\/www.johannagullichsen.com\/fr\/denim-workwear\/#primaryimage"},"thumbnailUrl":"https:\/\/www.johannagullichsen.com\/wp-content\/uploads\/2025\/05\/Johanna-Gullichsen-Denim-jacket-4-copy-691x1024.jpg","datePublished":"2025-05-23T10:12:41+00:00","dateModified":"2025-06-26T11:35:09+00:00","breadcrumb":{"@id":"https:\/\/www.johannagullichsen.com\/fr\/denim-workwear\/#breadcrumb"},"inLanguage":"fr-FR","potentialAction":[{"@type":"ReadAction","target":["https:\/\/www.johannagullichsen.com\/fr\/denim-workwear\/"]}]},{"@type":"ImageObject","inLanguage":"fr-FR","@id":"https:\/\/www.johannagullichsen.com\/fr\/denim-workwear\/#primaryimage","url":"https:\/\/www.johannagullichsen.com\/wp-content\/uploads\/2025\/05\/Johanna-Gullichsen-Denim-jacket-4-copy-691x1024.jpg","contentUrl":"https:\/\/www.johannagullichsen.com\/wp-content\/uploads\/2025\/05\/Johanna-Gullichsen-Denim-jacket-4-copy-691x1024.jpg"},{"@type":"BreadcrumbList","@id":"https:\/\/www.johannagullichsen.com\/fr\/denim-workwear\/#breadcrumb","itemListElement":[{"@type":"ListItem","position":1,"name":"Home","item":"https:\/\/www.johannagullichsen.com\/fr\/"},{"@type":"ListItem","position":2,"name":"Denim"}]},{"@type":"WebSite","@id":"https:\/\/www.johannagullichsen.com\/fr\/#website","url":"https:\/\/www.johannagullichsen.com\/fr\/","name":"Johanna Gullichsen","description":"","potentialAction":[{"@type":"SearchAction","target":{"@type":"EntryPoint","urlTemplate":"https:\/\/www.johannagullichsen.com\/fr\/?s={search_term_string}"},"query-input":{"@type":"PropertyValueSpecification","valueRequired":true,"valueName":"search_term_string"}}],"inLanguage":"fr-FR"}]}},"_links":{"self":[{"href":"https:\/\/www.johannagullichsen.com\/fr\/wp-json\/wp\/v2\/pages\/28089","targetHints":{"allow":["GET"]}}],"collection":[{"href":"https:\/\/www.johannagullichsen.com\/fr\/wp-json\/wp\/v2\/pages"}],"about":[{"href":"https:\/\/www.johannagullichsen.com\/fr\/wp-json\/wp\/v2\/types\/page"}],"author":[{"embeddable":true,"href":"https:\/\/www.johannagullichsen.com\/fr\/wp-json\/wp\/v2\/users\/4"}],"replies":[{"embeddable":true,"href":"https:\/\/www.johannagullichsen.com\/fr\/wp-json\/wp\/v2\/comments?post=28089"}],"version-history":[{"count":5,"href":"https:\/\/www.johannagullichsen.com\/fr\/wp-json\/wp\/v2\/pages\/28089\/revisions"}],"predecessor-version":[{"id":28136,"href":"https:\/\/www.johannagullichsen.com\/fr\/wp-json\/wp\/v2\/pages\/28089\/revisions\/28136"}],"wp:attachment":[{"href":"https:\/\/www.johannagullichsen.com\/fr\/wp-json\/wp\/v2\/media?parent=28089"}],"curies":[{"name":"wp","href":"https:\/\/api.w.org\/{rel}","templated":true}]}}