{"id":28443,"date":"2025-08-08T14:06:15","date_gmt":"2025-08-08T11:06:15","guid":{"rendered":"https:\/\/www.johannagullichsen.com\/tapio-anttila-johanna-gullichsen\/"},"modified":"2025-08-27T14:55:40","modified_gmt":"2025-08-27T11:55:40","slug":"tapio-anttila-johanna-gullichsen","status":"publish","type":"page","link":"https:\/\/www.johannagullichsen.com\/fr\/tapio-anttila-johanna-gullichsen\/","title":{"rendered":"Tapio Anttila + Johanna Gullichsen"},"content":{"rendered":"<h3>Le canap\u00e9-lit ON2Wood de Tapio Anttila est d\u00e9sormais disponible avec des housses Nereus<a href=\"https:\/\/www.johannagullichsen.com\/wp-content\/uploads\/2025\/08\/04-ON2-Wood-sofa-bed-cusion-cover-Johanna-Gullichsen-Nereus-2.jpg\"><br \/>\n<img loading=\"lazy\" decoding=\"async\" class=\"aligncenter wp-image-28285 size-full\" src=\"https:\/\/www.johannagullichsen.com\/wp-content\/uploads\/2025\/08\/04-ON2-Wood-sofa-bed-cusion-cover-Johanna-Gullichsen-Nereus-2.jpg\" alt=\"\" width=\"1000\" height=\"625\" srcset=\"https:\/\/www.johannagullichsen.com\/wp-content\/uploads\/2025\/08\/04-ON2-Wood-sofa-bed-cusion-cover-Johanna-Gullichsen-Nereus-2.jpg 1000w, https:\/\/www.johannagullichsen.com\/wp-content\/uploads\/2025\/08\/04-ON2-Wood-sofa-bed-cusion-cover-Johanna-Gullichsen-Nereus-2-300x188.jpg 300w, https:\/\/www.johannagullichsen.com\/wp-content\/uploads\/2025\/08\/04-ON2-Wood-sofa-bed-cusion-cover-Johanna-Gullichsen-Nereus-2-768x480.jpg 768w\" sizes=\"auto, (max-width: 1000px) 100vw, 1000px\" \/><\/a><\/h3>\n<h4>Une collection pas comme les autres, pour des gens pas comme les autres<\/h4>\n<p>Le tissu Nereus de Johanna Gullichsen a \u00e9t\u00e9 choisi comme favori lors d&rsquo;un vote organis\u00e9 par Tapio Anttila. Nereus est d\u00e9sormais disponible sous forme de housses amovibles pour les coussins du canap\u00e9 ON2Wood. Ces housses peuvent \u00eatre command\u00e9es en ligne de la boutique Tapio Anttila, et le canap\u00e9 sera expos\u00e9 dans le magasin de Lasipalatsi de Johanna Gullichsen de fin ao\u00fbt \u00e0 fin septembre 2025.<\/p>\n<p>Cette collaboration s&rsquo;est faite en douceur. \u00ab\u00a0Johanna et moi nous nous connaissons depuis longtemps. Nous avons souvent discut\u00e9 de la possibilit\u00e9 de travailler ensemble, et c&rsquo;est enfin arriv\u00e9! Le canap\u00e9-lit ON2 et le tissu Nereus partagent un sentiment d&rsquo;intemporalit\u00e9. Il n&rsquo;\u00e9tait donc pas surprenant qu&rsquo;ils se compl\u00e8tent si bien\u00a0\u00bb, d\u00e9clare Tapio Anttila \u00e0 propos de la cr\u00e9ation du projet.<\/p>\n<p>Les housses comprennent deux housses de coussin de dossier et deux housses de coussin d&rsquo;accoudoir. \u00ab\u00a0Vous pouvez changer les housses en fonction de la saison, de l&rsquo;occasion ou de votre humeur &#8211; un petit changement peut faire une diff\u00e9rence surprenante\u00a0\u00bb, sugg\u00e8re l&rsquo;architecte d&rsquo;int\u00e9rieur Arja Anttila.<\/p>\n<h4>Un design intemporel<\/h4>\n<p>Le canap\u00e9-lit ON2 est \u00e0 la fois l\u00e9ger et pratique, ce qui en fait une solution parfaite pour les besoins en lits d&rsquo;appoint de nombreux m\u00e9nages. En production depuis 2007, la long\u00e9vit\u00e9 du canap\u00e9 est un t\u00e9moignage de son design intemporel qui r\u00e9siste \u00e0 l&rsquo;usure. Le canap\u00e9-lit ON2 Wood est con\u00e7u pour accompagner la vie quotidienne et s&rsquo;adapter \u00e0 diverses situations de vie. Le jour, il fait office de canap\u00e9 confortable et \u00e9l\u00e9gant. La nuit, il se transforme en un lit double spacieux (160 x 200 cm) ou en deux lits s\u00e9par\u00e9s (2 x 80 x 200 cm).<\/p>\n<p>\u00ab\u00a0Au d\u00e9but des ann\u00e9es 2000, le march\u00e9 pr\u00e9sentait un vide important. Tous les canap\u00e9s-lits existants \u00e9taient dot\u00e9s de m\u00e9canismes lourds, ce qui les rendait inconfortables pour s&rsquo;asseoir ou dormir, et ils \u00e9taient g\u00e9n\u00e9ralement con\u00e7us comme des lits doubles. Or, les clients ne sont pas toujours des couples, de sorte que lorsqu&rsquo;il s&rsquo;agit de dormir temporairement, des situations d\u00e9licates se pr\u00e9sentent souvent. J&rsquo;ai cherch\u00e9 \u00e0 r\u00e9soudre ce probl\u00e8me par le design\u00a0\u00bb. Tapio Anttila d\u00e9crit le d\u00e9but du travail de conception.<\/p>\n<p>Visitez la boutique Lasipalatsi pour d\u00e9couvrir la collaboration entre Tapio Anttila et Johanna Gullichsen!<\/p>\n<p>&nbsp;<\/p>\n<p><a href=\"https:\/\/www.johannagullichsen.com\/wp-content\/uploads\/2025\/08\/TAC_MG_7250-scaled.jpg\"><img loading=\"lazy\" decoding=\"async\" class=\"aligncenter wp-image-28280 size-large\" src=\"https:\/\/www.johannagullichsen.com\/wp-content\/uploads\/2025\/08\/TAC_MG_7250-1024x874.jpg\" alt=\"\" width=\"1024\" height=\"874\" srcset=\"https:\/\/www.johannagullichsen.com\/wp-content\/uploads\/2025\/08\/TAC_MG_7250-1024x874.jpg 1024w, https:\/\/www.johannagullichsen.com\/wp-content\/uploads\/2025\/08\/TAC_MG_7250-300x256.jpg 300w, https:\/\/www.johannagullichsen.com\/wp-content\/uploads\/2025\/08\/TAC_MG_7250-768x656.jpg 768w, https:\/\/www.johannagullichsen.com\/wp-content\/uploads\/2025\/08\/TAC_MG_7250-1536x1312.jpg 1536w, https:\/\/www.johannagullichsen.com\/wp-content\/uploads\/2025\/08\/TAC_MG_7250-2048x1749.jpg 2048w, https:\/\/www.johannagullichsen.com\/wp-content\/uploads\/2025\/08\/TAC_MG_7250-1920x1639.jpg 1920w, https:\/\/www.johannagullichsen.com\/wp-content\/uploads\/2025\/08\/TAC_MG_7250-1260x1076.jpg 1260w\" sizes=\"auto, (max-width: 1024px) 100vw, 1024px\" \/><\/a> <a href=\"https:\/\/www.johannagullichsen.com\/wp-content\/uploads\/2025\/08\/08-ON2-Wood-sofa-bed-cusion-cover-Johanna-Gullichsen-Nereus-1.jpg\"><img loading=\"lazy\" decoding=\"async\" class=\"aligncenter wp-image-28290 size-large\" src=\"https:\/\/www.johannagullichsen.com\/wp-content\/uploads\/2025\/08\/08-ON2-Wood-sofa-bed-cusion-cover-Johanna-Gullichsen-Nereus-1-1024x771.jpg\" alt=\"\" width=\"1024\" height=\"771\" srcset=\"https:\/\/www.johannagullichsen.com\/wp-content\/uploads\/2025\/08\/08-ON2-Wood-sofa-bed-cusion-cover-Johanna-Gullichsen-Nereus-1-1024x771.jpg 1024w, https:\/\/www.johannagullichsen.com\/wp-content\/uploads\/2025\/08\/08-ON2-Wood-sofa-bed-cusion-cover-Johanna-Gullichsen-Nereus-1-300x226.jpg 300w, https:\/\/www.johannagullichsen.com\/wp-content\/uploads\/2025\/08\/08-ON2-Wood-sofa-bed-cusion-cover-Johanna-Gullichsen-Nereus-1-768x578.jpg 768w, https:\/\/www.johannagullichsen.com\/wp-content\/uploads\/2025\/08\/08-ON2-Wood-sofa-bed-cusion-cover-Johanna-Gullichsen-Nereus-1-1536x1156.jpg 1536w, https:\/\/www.johannagullichsen.com\/wp-content\/uploads\/2025\/08\/08-ON2-Wood-sofa-bed-cusion-cover-Johanna-Gullichsen-Nereus-1-1260x948.jpg 1260w, https:\/\/www.johannagullichsen.com\/wp-content\/uploads\/2025\/08\/08-ON2-Wood-sofa-bed-cusion-cover-Johanna-Gullichsen-Nereus-1-336x252.jpg 336w, https:\/\/www.johannagullichsen.com\/wp-content\/uploads\/2025\/08\/08-ON2-Wood-sofa-bed-cusion-cover-Johanna-Gullichsen-Nereus-1.jpg 1600w\" sizes=\"auto, (max-width: 1024px) 100vw, 1024px\" \/><\/a><\/p>\n","protected":false},"excerpt":{"rendered":"<p>Le canap\u00e9-lit ON2Wood de Tapio Anttila est d\u00e9sormais disponible avec des housses Nereus Une collection pas comme les autres, pour des gens pas comme les autres Le tissu Nereus de&hellip;<\/p>\n","protected":false},"author":4,"featured_media":0,"parent":0,"menu_order":0,"comment_status":"closed","ping_status":"closed","template":"","meta":{"_acf_changed":false,"footnotes":""},"class_list":["post-28443","page","type-page","status-publish","hentry"],"acf":[],"yoast_head":"<!-- This site is optimized with the Yoast SEO Premium plugin v27.2 (Yoast SEO v27.5) - https:\/\/yoast.com\/product\/yoast-seo-premium-wordpress\/ -->\n<title>Tapio Anttila + Johanna Gullichsen - Johanna Gullichsen<\/title>\n<meta name=\"description\" content=\"Le tissu Nereus de Johanna Gullichsen a \u00e9t\u00e9 vot\u00e9 favori pour les coussins du canap\u00e9 ON2Wood par Tapio Anttila\" \/>\n<meta name=\"robots\" content=\"index, follow, max-snippet:-1, max-image-preview:large, max-video-preview:-1\" \/>\n<link rel=\"canonical\" href=\"https:\/\/www.johannagullichsen.com\/fr\/tapio-anttila-johanna-gullichsen\/\" \/>\n<meta property=\"og:locale\" content=\"fr_FR\" \/>\n<meta property=\"og:type\" content=\"article\" \/>\n<meta property=\"og:title\" content=\"Tapio Anttila + Johanna Gullichsen\" \/>\n<meta property=\"og:description\" content=\"Le tissu Nereus de Johanna Gullichsen a \u00e9t\u00e9 vot\u00e9 favori pour les coussins du canap\u00e9 ON2Wood par Tapio Anttila\" \/>\n<meta property=\"og:url\" content=\"https:\/\/www.johannagullichsen.com\/fr\/tapio-anttila-johanna-gullichsen\/\" \/>\n<meta property=\"og:site_name\" content=\"Johanna Gullichsen\" \/>\n<meta property=\"article:modified_time\" content=\"2025-08-27T11:55:40+00:00\" \/>\n<meta property=\"og:image\" content=\"https:\/\/www.johannagullichsen.com\/wp-content\/uploads\/2025\/08\/04-ON2-Wood-sofa-bed-cusion-cover-Johanna-Gullichsen-Nereus-2.jpg\" \/>\n\t<meta property=\"og:image:width\" content=\"1000\" \/>\n\t<meta property=\"og:image:height\" content=\"625\" \/>\n\t<meta property=\"og:image:type\" content=\"image\/jpeg\" \/>\n<meta name=\"twitter:card\" content=\"summary_large_image\" \/>\n<meta name=\"twitter:label1\" content=\"Dur\u00e9e de lecture estim\u00e9e\" \/>\n\t<meta name=\"twitter:data1\" content=\"3 minutes\" \/>\n<script type=\"application\/ld+json\" class=\"yoast-schema-graph\">{\"@context\":\"https:\\\/\\\/schema.org\",\"@graph\":[{\"@type\":\"WebPage\",\"@id\":\"https:\\\/\\\/www.johannagullichsen.com\\\/fr\\\/tapio-anttila-johanna-gullichsen\\\/\",\"url\":\"https:\\\/\\\/www.johannagullichsen.com\\\/fr\\\/tapio-anttila-johanna-gullichsen\\\/\",\"name\":\"Tapio Anttila + Johanna Gullichsen - Johanna Gullichsen\",\"isPartOf\":{\"@id\":\"https:\\\/\\\/www.johannagullichsen.com\\\/fr\\\/#website\"},\"primaryImageOfPage\":{\"@id\":\"https:\\\/\\\/www.johannagullichsen.com\\\/fr\\\/tapio-anttila-johanna-gullichsen\\\/#primaryimage\"},\"image\":{\"@id\":\"https:\\\/\\\/www.johannagullichsen.com\\\/fr\\\/tapio-anttila-johanna-gullichsen\\\/#primaryimage\"},\"thumbnailUrl\":\"https:\\\/\\\/www.johannagullichsen.com\\\/wp-content\\\/uploads\\\/2025\\\/08\\\/04-ON2-Wood-sofa-bed-cusion-cover-Johanna-Gullichsen-Nereus-2.jpg\",\"datePublished\":\"2025-08-08T11:06:15+00:00\",\"dateModified\":\"2025-08-27T11:55:40+00:00\",\"description\":\"Le tissu Nereus de Johanna Gullichsen a \u00e9t\u00e9 vot\u00e9 favori pour les coussins du canap\u00e9 ON2Wood par Tapio Anttila\",\"breadcrumb\":{\"@id\":\"https:\\\/\\\/www.johannagullichsen.com\\\/fr\\\/tapio-anttila-johanna-gullichsen\\\/#breadcrumb\"},\"inLanguage\":\"fr-FR\",\"potentialAction\":[{\"@type\":\"ReadAction\",\"target\":[\"https:\\\/\\\/www.johannagullichsen.com\\\/fr\\\/tapio-anttila-johanna-gullichsen\\\/\"]}]},{\"@type\":\"ImageObject\",\"inLanguage\":\"fr-FR\",\"@id\":\"https:\\\/\\\/www.johannagullichsen.com\\\/fr\\\/tapio-anttila-johanna-gullichsen\\\/#primaryimage\",\"url\":\"https:\\\/\\\/www.johannagullichsen.com\\\/wp-content\\\/uploads\\\/2025\\\/08\\\/04-ON2-Wood-sofa-bed-cusion-cover-Johanna-Gullichsen-Nereus-2.jpg\",\"contentUrl\":\"https:\\\/\\\/www.johannagullichsen.com\\\/wp-content\\\/uploads\\\/2025\\\/08\\\/04-ON2-Wood-sofa-bed-cusion-cover-Johanna-Gullichsen-Nereus-2.jpg\"},{\"@type\":\"BreadcrumbList\",\"@id\":\"https:\\\/\\\/www.johannagullichsen.com\\\/fr\\\/tapio-anttila-johanna-gullichsen\\\/#breadcrumb\",\"itemListElement\":[{\"@type\":\"ListItem\",\"position\":1,\"name\":\"Home\",\"item\":\"https:\\\/\\\/www.johannagullichsen.com\\\/fr\\\/\"},{\"@type\":\"ListItem\",\"position\":2,\"name\":\"Tapio Anttila + Johanna Gullichsen\"}]},{\"@type\":\"WebSite\",\"@id\":\"https:\\\/\\\/www.johannagullichsen.com\\\/fr\\\/#website\",\"url\":\"https:\\\/\\\/www.johannagullichsen.com\\\/fr\\\/\",\"name\":\"Johanna Gullichsen\",\"description\":\"\",\"potentialAction\":[{\"@type\":\"SearchAction\",\"target\":{\"@type\":\"EntryPoint\",\"urlTemplate\":\"https:\\\/\\\/www.johannagullichsen.com\\\/fr\\\/?s={search_term_string}\"},\"query-input\":{\"@type\":\"PropertyValueSpecification\",\"valueRequired\":true,\"valueName\":\"search_term_string\"}}],\"inLanguage\":\"fr-FR\"}]}<\/script>\n<!-- \/ Yoast SEO Premium plugin. -->","yoast_head_json":{"title":"Tapio Anttila + Johanna Gullichsen - Johanna Gullichsen","description":"Le tissu Nereus de Johanna Gullichsen a \u00e9t\u00e9 vot\u00e9 favori pour les coussins du canap\u00e9 ON2Wood par Tapio Anttila","robots":{"index":"index","follow":"follow","max-snippet":"max-snippet:-1","max-image-preview":"max-image-preview:large","max-video-preview":"max-video-preview:-1"},"canonical":"https:\/\/www.johannagullichsen.com\/fr\/tapio-anttila-johanna-gullichsen\/","og_locale":"fr_FR","og_type":"article","og_title":"Tapio Anttila + Johanna Gullichsen","og_description":"Le tissu Nereus de Johanna Gullichsen a \u00e9t\u00e9 vot\u00e9 favori pour les coussins du canap\u00e9 ON2Wood par Tapio Anttila","og_url":"https:\/\/www.johannagullichsen.com\/fr\/tapio-anttila-johanna-gullichsen\/","og_site_name":"Johanna Gullichsen","article_modified_time":"2025-08-27T11:55:40+00:00","og_image":[{"width":1000,"height":625,"url":"https:\/\/www.johannagullichsen.com\/wp-content\/uploads\/2025\/08\/04-ON2-Wood-sofa-bed-cusion-cover-Johanna-Gullichsen-Nereus-2.jpg","type":"image\/jpeg"}],"twitter_card":"summary_large_image","twitter_misc":{"Dur\u00e9e de lecture estim\u00e9e":"3 minutes"},"schema":{"@context":"https:\/\/schema.org","@graph":[{"@type":"WebPage","@id":"https:\/\/www.johannagullichsen.com\/fr\/tapio-anttila-johanna-gullichsen\/","url":"https:\/\/www.johannagullichsen.com\/fr\/tapio-anttila-johanna-gullichsen\/","name":"Tapio Anttila + Johanna Gullichsen - Johanna Gullichsen","isPartOf":{"@id":"https:\/\/www.johannagullichsen.com\/fr\/#website"},"primaryImageOfPage":{"@id":"https:\/\/www.johannagullichsen.com\/fr\/tapio-anttila-johanna-gullichsen\/#primaryimage"},"image":{"@id":"https:\/\/www.johannagullichsen.com\/fr\/tapio-anttila-johanna-gullichsen\/#primaryimage"},"thumbnailUrl":"https:\/\/www.johannagullichsen.com\/wp-content\/uploads\/2025\/08\/04-ON2-Wood-sofa-bed-cusion-cover-Johanna-Gullichsen-Nereus-2.jpg","datePublished":"2025-08-08T11:06:15+00:00","dateModified":"2025-08-27T11:55:40+00:00","description":"Le tissu Nereus de Johanna Gullichsen a \u00e9t\u00e9 vot\u00e9 favori pour les coussins du canap\u00e9 ON2Wood par Tapio Anttila","breadcrumb":{"@id":"https:\/\/www.johannagullichsen.com\/fr\/tapio-anttila-johanna-gullichsen\/#breadcrumb"},"inLanguage":"fr-FR","potentialAction":[{"@type":"ReadAction","target":["https:\/\/www.johannagullichsen.com\/fr\/tapio-anttila-johanna-gullichsen\/"]}]},{"@type":"ImageObject","inLanguage":"fr-FR","@id":"https:\/\/www.johannagullichsen.com\/fr\/tapio-anttila-johanna-gullichsen\/#primaryimage","url":"https:\/\/www.johannagullichsen.com\/wp-content\/uploads\/2025\/08\/04-ON2-Wood-sofa-bed-cusion-cover-Johanna-Gullichsen-Nereus-2.jpg","contentUrl":"https:\/\/www.johannagullichsen.com\/wp-content\/uploads\/2025\/08\/04-ON2-Wood-sofa-bed-cusion-cover-Johanna-Gullichsen-Nereus-2.jpg"},{"@type":"BreadcrumbList","@id":"https:\/\/www.johannagullichsen.com\/fr\/tapio-anttila-johanna-gullichsen\/#breadcrumb","itemListElement":[{"@type":"ListItem","position":1,"name":"Home","item":"https:\/\/www.johannagullichsen.com\/fr\/"},{"@type":"ListItem","position":2,"name":"Tapio Anttila + Johanna Gullichsen"}]},{"@type":"WebSite","@id":"https:\/\/www.johannagullichsen.com\/fr\/#website","url":"https:\/\/www.johannagullichsen.com\/fr\/","name":"Johanna Gullichsen","description":"","potentialAction":[{"@type":"SearchAction","target":{"@type":"EntryPoint","urlTemplate":"https:\/\/www.johannagullichsen.com\/fr\/?s={search_term_string}"},"query-input":{"@type":"PropertyValueSpecification","valueRequired":true,"valueName":"search_term_string"}}],"inLanguage":"fr-FR"}]}},"_links":{"self":[{"href":"https:\/\/www.johannagullichsen.com\/fr\/wp-json\/wp\/v2\/pages\/28443","targetHints":{"allow":["GET"]}}],"collection":[{"href":"https:\/\/www.johannagullichsen.com\/fr\/wp-json\/wp\/v2\/pages"}],"about":[{"href":"https:\/\/www.johannagullichsen.com\/fr\/wp-json\/wp\/v2\/types\/page"}],"author":[{"embeddable":true,"href":"https:\/\/www.johannagullichsen.com\/fr\/wp-json\/wp\/v2\/users\/4"}],"replies":[{"embeddable":true,"href":"https:\/\/www.johannagullichsen.com\/fr\/wp-json\/wp\/v2\/comments?post=28443"}],"version-history":[{"count":4,"href":"https:\/\/www.johannagullichsen.com\/fr\/wp-json\/wp\/v2\/pages\/28443\/revisions"}],"predecessor-version":[{"id":28522,"href":"https:\/\/www.johannagullichsen.com\/fr\/wp-json\/wp\/v2\/pages\/28443\/revisions\/28522"}],"wp:attachment":[{"href":"https:\/\/www.johannagullichsen.com\/fr\/wp-json\/wp\/v2\/media?parent=28443"}],"curies":[{"name":"wp","href":"https:\/\/api.w.org\/{rel}","templated":true}]}}