{"id":28621,"date":"2025-08-27T15:23:20","date_gmt":"2025-08-27T12:23:20","guid":{"rendered":"https:\/\/www.johannagullichsen.com\/?page_id=28621"},"modified":"2025-09-15T14:18:28","modified_gmt":"2025-09-15T11:18:28","slug":"the-sound-of-johanna-gullichsen","status":"publish","type":"page","link":"https:\/\/www.johannagullichsen.com\/fr\/the-sound-of-johanna-gullichsen\/","title":{"rendered":"The Sound of Johanna Gullichsen"},"content":{"rendered":"<p><a href=\"https:\/\/www.johannagullichsen.com\/wp-content\/uploads\/2025\/08\/The-Sound-of-Johanna-Gullichsen-Joel-Matti-1920x1280-shop.png\"><img loading=\"lazy\" decoding=\"async\" class=\"aligncenter wp-image-28529 size-full\" src=\"https:\/\/www.johannagullichsen.com\/wp-content\/uploads\/2025\/08\/The-Sound-of-Johanna-Gullichsen-Joel-Matti-1920x1280-shop.png\" alt=\"\" width=\"1920\" height=\"1280\" srcset=\"https:\/\/www.johannagullichsen.com\/wp-content\/uploads\/2025\/08\/The-Sound-of-Johanna-Gullichsen-Joel-Matti-1920x1280-shop.png 1920w, https:\/\/www.johannagullichsen.com\/wp-content\/uploads\/2025\/08\/The-Sound-of-Johanna-Gullichsen-Joel-Matti-1920x1280-shop-300x200.png 300w, https:\/\/www.johannagullichsen.com\/wp-content\/uploads\/2025\/08\/The-Sound-of-Johanna-Gullichsen-Joel-Matti-1920x1280-shop-1024x683.png 1024w, https:\/\/www.johannagullichsen.com\/wp-content\/uploads\/2025\/08\/The-Sound-of-Johanna-Gullichsen-Joel-Matti-1920x1280-shop-768x512.png 768w, https:\/\/www.johannagullichsen.com\/wp-content\/uploads\/2025\/08\/The-Sound-of-Johanna-Gullichsen-Joel-Matti-1920x1280-shop-1536x1024.png 1536w, https:\/\/www.johannagullichsen.com\/wp-content\/uploads\/2025\/08\/The-Sound-of-Johanna-Gullichsen-Joel-Matti-1920x1280-shop-1260x840.png 1260w\" sizes=\"auto, (max-width: 1920px) 100vw, 1920px\" \/><\/a><\/p>\n<h3>Le son de Johanna Gullichsen<\/h3>\n<p>Les motifs classiques de Johanna Gullichsen sont largement reconnus, et de nombreuses personnes connaissent le toucher de ses tissus. Mais quel est le son de la marque? Pour r\u00e9pondre \u00e0 cette question, Joel Hyp\u00e9n et Matti Nives ont d\u00e9velopp\u00e9 un paysage sonore unique pour Johanna Gullichsen, combinant des sons authentiques et des \u00e9l\u00e9ments parl\u00e9s avec de la musique compos\u00e9e. Joel Hyp\u00e9n et Matti Nives transforment la marque en paysage sonore L&rsquo;id\u00e9e originale \u00e9tait de cr\u00e9er des playlists qui correspondaient \u00e0 l&rsquo;esth\u00e9tique de Johanna Gullichsen. Cependant, ce concept a rapidement \u00e9volu\u00e9 vers quelque chose de plus ambitieux: la cr\u00e9ation d&rsquo;un paysage sonore holistique qui incarne l&rsquo;esprit de la marque \u00e0 un niveau plus profond. Joel Hyp\u00e9n et Matti Nives, deux professionnels de la musique polyvalents connus pour leur approche cr\u00e9ative du son, ont adopt\u00e9 cette vision avec enthousiasme. Hyp\u00e9n et Nives se sont rencontr\u00e9s \u00e0 l&rsquo;origine gr\u00e2ce \u00e0 leur passion de DJing. Pouss\u00e9s par une curiosit\u00e9 commune et une passion pour la d\u00e9couverte, ils se sont inspir\u00e9s l\u2019un de l\u2019autre pendant pr\u00e8s de deux d\u00e9cennies. Apr\u00e8s une longue pause, ils se sont retrouv\u00e9s pour ce projet. Matti Nives est le directeur artistique de We Jazz, bas\u00e9e \u00e0 Helsinki et acclam\u00e9e internationalement. Il est \u00e9galement producteur de disques, graphiste et curateur de musique, et ses d\u00e9couvertes sont pr\u00e9sent\u00e9es au Festival Odysseus et sur Radio Helsinki. Joel Hyp\u00e9n est un concepteur sonore et compositeur prim\u00e9, reconnu pour avoir cr\u00e9\u00e9 du contenu pour des marques telles que Marimekko et Vogue. Son projet solo, Neon Stripes, produit de la musique \u00e9lectronique, et la sortie de son premier album est pr\u00e9vue pour l&rsquo;hiver 2026.<\/p>\n<p>&nbsp;<\/p>\n<p>Pour \u00e9couter, veuillez <a href=\"javascript:Cookiebot.renew()\">accepter les cookies<\/a> ou vous rendre sur <a href=\"https:\/\/soundcloud.com\/johanna-gullichsen-69669337\/sets\/the-sound-of-johanna\">SoundCloud.<\/a><\/p>\n<p><iframe loading=\"lazy\" title=\"The Sound of Johanna Gullichsen by Johanna Gullichsen\" width=\"500\" height=\"450\" scrolling=\"no\" frameborder=\"no\" src=\"https:\/\/w.soundcloud.com\/player\/?visual=true&#038;url=https%3A%2F%2Fapi.soundcloud.com%2Fplaylists%2F2073068799&#038;show_artwork=true&#038;maxheight=750&#038;maxwidth=500\"><\/iframe><\/p>\n<h3>Le processus<\/h3>\n<p>Nives a initialement con\u00e7u un concept pour mettre en valeur le travail de Johanna Gullichsen par le biais du design sonore, en se concentrant sur les \u00e9tapes de conception et de production. Nives et Hyp\u00e9n ont commenc\u00e9 par enregistrer les sons de l&rsquo;atelier de tissage, y compris les machines \u00e0 coudre, les m\u00e9tiers \u00e0 tisser et l&rsquo;environnement du magasin. Hyp\u00e9n a ensuite compos\u00e9 cinq morceaux de musique en utilisant des \u00e9chantillons de ces enregistrements de terrain. \u00ab Nous voulions relier les phases de conception et de production textile \u00e0 des \u00e9l\u00e9ments musicaux et rythmiques. Le r\u00e9sultat final permet aux auditeurs d&rsquo;entendre les \u00e9tapes du travail de Gullichsen, du croquis au tissage, exprim\u00e9es sous forme musicale \u00bb, explique le duo. En explorant la cha\u00eene de production, les musiciens ont pu d\u00e9couvrir l&rsquo;essence des produits et acqu\u00e9rir une compr\u00e9hension plus profonde de la marque. \u00ab Nous voulions mettre en valeur l&rsquo;artisanat et int\u00e9grer des \u00e9l\u00e9ments tangibles du travail quotidien de Johanna Gullichsen dans notre communication, en soulignant la vision de la marque. La composition s&rsquo;est d\u00e9velopp\u00e9e naturellement, \u00e9voluant du concept initial \u00e0 la collection de sons, puis \u00e0 la post-production, et enfin \u00e0 la sortie \u00bb, explique Hyp\u00e9n. Nives partage : \u00ab Comme c&rsquo;est souvent le cas, le point fort a \u00e9t\u00e9 de rencontrer de nouvelles personnes et de d\u00e9couvrir de nouvelles id\u00e9es et inspirations. Toute l&rsquo;\u00e9quipe a \u00e9t\u00e9 agr\u00e9ablement surprise \u00e0 plusieurs reprises tout au long du processus. Un moment particuli\u00e8rement m\u00e9morable a \u00e9t\u00e9 notre visite de groupe \u00e0 l&rsquo;atelier de tissage, o\u00f9 nous avons v\u00e9cu l&rsquo;essence de la marque de premi\u00e8re main. \u00bb Rikard Lassenius a document\u00e9 les enregistrements de terrain, film\u00e9 le processus et mont\u00e9 le contenu vid\u00e9o et audio. Lassenius est \u00e9galement responsable de la conception de l&rsquo;identit\u00e9 visuelle de Johanna Gullichsen.<\/p>\n<p>To listen to the 60-minute soundscape, please\u00a0<a href=\"javascript:Cookiebot.renew()\">accept the cookies<\/a>\u00a0or visit\u00a0<a href=\"https:\/\/soundcloud.com\/johanna-gullichsen-69669337\/the-sound-of-johanna-gullichsen-soundscape-60-min\">Soundcloud<\/a>.<\/p>\n<p><iframe loading=\"lazy\" title=\"Soundscape 60 min by Johanna Gullichsen\" width=\"500\" height=\"400\" scrolling=\"no\" frameborder=\"no\" src=\"https:\/\/w.soundcloud.com\/player\/?visual=true&#038;url=https%3A%2F%2Fapi.soundcloud.com%2Ftracks%2F2163950382&#038;show_artwork=true&#038;maxheight=750&#038;maxwidth=500\"><\/iframe><\/p>\n<h3>Entrez dans la banque de sons<\/h3>\n<p>Un projet inspirant cr\u00e9e toujours de nouvelles opportunit\u00e9s. L&rsquo;histoire du paysage sonore peut \u00e9voluer naturellement en modifiant continuellement les sons d\u00e9j\u00e0 d\u00e9couverts et en les int\u00e9grant aux \u00e9v\u00e9nements et \u00e0 d&rsquo;autres \u00e9l\u00e9ments de la marque Johanna Gullichsen. \u00ab Nous esp\u00e9rons que les sons que nous avons collect\u00e9s prosp\u00e9reront dans les biblioth\u00e8ques d&rsquo;\u00e9chantillons des musiciens. En collaboration avec Johanna Gullichsen, nous lan\u00e7ons une banque de sons comprenant plus de 50 enregistrements de terrain. Nous invitons tout le monde \u00e0 cr\u00e9er et \u00e0 \u00e9diter leurs propres morceaux et compositions sonores en utilisant ce mat\u00e9riel \u00bb, d\u00e9clarent Nives et Hyp\u00e9n. Le processus d&rsquo;enregistrement et de composition met en \u00e9vidence l&rsquo;authenticit\u00e9 et l&rsquo;artisanat de Johanna Gullichsen. Il est profond\u00e9ment enracin\u00e9 dans les interactions quotidiennes avec les clients, ainsi que dans les pratiques de croquis, de tissage et de travail avec les tissus. Les sons enregistr\u00e9s capturent les personnes impliqu\u00e9es dans le travail, celles de l&rsquo;atelier, de la teinturerie, des salles de couture, du magasin et du bureau. Au centre de tout cela se trouve Johanna Gullichsen elle-m\u00eame. Le travail de sa vie est tiss\u00e9 dans les couleurs et les rythmes des tissus, qui r\u00e9sonnent maintenant \u00e0 travers le son.<\/p>\n<p>Pour \u00e9couter le pack audio, veuillez <a href=\"javascript:Cookiebot.renew()\">accepter les cookies<\/a> ou vous rendre sur SoundCloud : <a href=\"https:\/\/soundcloud.com\/johanna-gullichsen-69669337\/sets\/johanna-gullichsen\">travail<\/a>, <a href=\"https:\/\/soundcloud.com\/johanna-gullichsen-69669337\/sets\/johanna-gullichsen-store\">magasin<\/a>, <a href=\"https:\/\/soundcloud.com\/johanna-gullichsen-69669337\/sets\/factory\">usine<\/a>.<\/p>\n<p><iframe loading=\"lazy\" title=\"Johanna Gullichsen by Johanna Gullichsen\" width=\"500\" height=\"450\" scrolling=\"no\" frameborder=\"no\" src=\"https:\/\/w.soundcloud.com\/player\/?visual=true&#038;url=https%3A%2F%2Fapi.soundcloud.com%2Fplaylists%2F2076305928&#038;show_artwork=true&#038;maxheight=750&#038;maxwidth=500\"><\/iframe><\/p>\n<p><iframe loading=\"lazy\" title=\"Store by Johanna Gullichsen\" width=\"500\" height=\"450\" scrolling=\"no\" frameborder=\"no\" src=\"https:\/\/w.soundcloud.com\/player\/?visual=true&#038;url=https%3A%2F%2Fapi.soundcloud.com%2Fplaylists%2F2076298062&#038;show_artwork=true&#038;maxheight=750&#038;maxwidth=500\"><\/iframe><\/p>\n<p><iframe loading=\"lazy\" title=\"Factory by Johanna Gullichsen\" width=\"500\" height=\"450\" scrolling=\"no\" frameborder=\"no\" src=\"https:\/\/w.soundcloud.com\/player\/?visual=true&#038;url=https%3A%2F%2Fapi.soundcloud.com%2Fplaylists%2F2075923647&#038;show_artwork=true&#038;maxheight=750&#038;maxwidth=500\"><\/iframe><\/p>\n","protected":false},"excerpt":{"rendered":"<p>Le son de Johanna Gullichsen Les motifs classiques de Johanna Gullichsen sont largement reconnus, et de nombreuses personnes connaissent le toucher de ses tissus. Mais quel est le son de&hellip;<\/p>\n","protected":false},"author":5,"featured_media":0,"parent":0,"menu_order":0,"comment_status":"closed","ping_status":"closed","template":"","meta":{"_acf_changed":false,"footnotes":""},"class_list":["post-28621","page","type-page","status-publish","hentry"],"acf":[],"yoast_head":"<!-- This site is optimized with the Yoast SEO Premium plugin v27.2 (Yoast SEO v27.2) - https:\/\/yoast.com\/product\/yoast-seo-premium-wordpress\/ -->\n<title>Le son unique de Johanna Gullichsen: Discover It - Johanna Gullichsen<\/title>\n<meta name=\"description\" content=\"Les motifs classiques et le toucher des tissus de Johanna Gullichsen sont reconnus. Mais quel est le son unique de la marque?\" \/>\n<meta name=\"robots\" content=\"index, follow, max-snippet:-1, max-image-preview:large, max-video-preview:-1\" \/>\n<link rel=\"canonical\" href=\"https:\/\/www.johannagullichsen.com\/fr\/the-sound-of-johanna-gullichsen\/\" \/>\n<meta property=\"og:locale\" content=\"fr_FR\" \/>\n<meta property=\"og:type\" content=\"article\" \/>\n<meta property=\"og:title\" content=\"The Sound of Johanna Gullichsen\" \/>\n<meta property=\"og:description\" content=\"Les motifs classiques et le toucher des tissus de Johanna Gullichsen sont reconnus. Mais quel est le son unique de la marque?\" \/>\n<meta property=\"og:url\" content=\"https:\/\/www.johannagullichsen.com\/fr\/the-sound-of-johanna-gullichsen\/\" \/>\n<meta property=\"og:site_name\" content=\"Johanna Gullichsen\" \/>\n<meta property=\"article:modified_time\" content=\"2025-09-15T11:18:28+00:00\" \/>\n<meta property=\"og:image\" content=\"https:\/\/www.johannagullichsen.com\/wp-content\/uploads\/2025\/08\/The-Sound-of-Johanna-Gullichsen-Joel-Matti-1920x1280-shop-1024x683.png\" \/>\n\t<meta property=\"og:image:width\" content=\"1024\" \/>\n\t<meta property=\"og:image:height\" content=\"683\" \/>\n\t<meta property=\"og:image:type\" content=\"image\/png\" \/>\n<meta name=\"twitter:card\" content=\"summary_large_image\" \/>\n<meta name=\"twitter:label1\" content=\"Dur\u00e9e de lecture estim\u00e9e\" \/>\n\t<meta name=\"twitter:data1\" content=\"4 minutes\" \/>\n<script type=\"application\/ld+json\" class=\"yoast-schema-graph\">{\"@context\":\"https:\/\/schema.org\",\"@graph\":[{\"@type\":\"WebPage\",\"@id\":\"https:\/\/www.johannagullichsen.com\/fr\/the-sound-of-johanna-gullichsen\/\",\"url\":\"https:\/\/www.johannagullichsen.com\/fr\/the-sound-of-johanna-gullichsen\/\",\"name\":\"Le son unique de Johanna Gullichsen: Discover It - Johanna Gullichsen\",\"isPartOf\":{\"@id\":\"https:\/\/www.johannagullichsen.com\/fr\/#website\"},\"primaryImageOfPage\":{\"@id\":\"https:\/\/www.johannagullichsen.com\/fr\/the-sound-of-johanna-gullichsen\/#primaryimage\"},\"image\":{\"@id\":\"https:\/\/www.johannagullichsen.com\/fr\/the-sound-of-johanna-gullichsen\/#primaryimage\"},\"thumbnailUrl\":\"https:\/\/www.johannagullichsen.com\/wp-content\/uploads\/2025\/08\/The-Sound-of-Johanna-Gullichsen-Joel-Matti-1920x1280-shop.png\",\"datePublished\":\"2025-08-27T12:23:20+00:00\",\"dateModified\":\"2025-09-15T11:18:28+00:00\",\"description\":\"Les motifs classiques et le toucher des tissus de Johanna Gullichsen sont reconnus. Mais quel est le son unique de la marque?\",\"breadcrumb\":{\"@id\":\"https:\/\/www.johannagullichsen.com\/fr\/the-sound-of-johanna-gullichsen\/#breadcrumb\"},\"inLanguage\":\"fr-FR\",\"potentialAction\":[{\"@type\":\"ReadAction\",\"target\":[\"https:\/\/www.johannagullichsen.com\/fr\/the-sound-of-johanna-gullichsen\/\"]}]},{\"@type\":\"ImageObject\",\"inLanguage\":\"fr-FR\",\"@id\":\"https:\/\/www.johannagullichsen.com\/fr\/the-sound-of-johanna-gullichsen\/#primaryimage\",\"url\":\"https:\/\/www.johannagullichsen.com\/wp-content\/uploads\/2025\/08\/The-Sound-of-Johanna-Gullichsen-Joel-Matti-1920x1280-shop.png\",\"contentUrl\":\"https:\/\/www.johannagullichsen.com\/wp-content\/uploads\/2025\/08\/The-Sound-of-Johanna-Gullichsen-Joel-Matti-1920x1280-shop.png\"},{\"@type\":\"BreadcrumbList\",\"@id\":\"https:\/\/www.johannagullichsen.com\/fr\/the-sound-of-johanna-gullichsen\/#breadcrumb\",\"itemListElement\":[{\"@type\":\"ListItem\",\"position\":1,\"name\":\"Home\",\"item\":\"https:\/\/www.johannagullichsen.com\/fr\/\"},{\"@type\":\"ListItem\",\"position\":2,\"name\":\"The Sound of Johanna Gullichsen\"}]},{\"@type\":\"WebSite\",\"@id\":\"https:\/\/www.johannagullichsen.com\/fr\/#website\",\"url\":\"https:\/\/www.johannagullichsen.com\/fr\/\",\"name\":\"Johanna Gullichsen\",\"description\":\"\",\"potentialAction\":[{\"@type\":\"SearchAction\",\"target\":{\"@type\":\"EntryPoint\",\"urlTemplate\":\"https:\/\/www.johannagullichsen.com\/fr\/?s={search_term_string}\"},\"query-input\":{\"@type\":\"PropertyValueSpecification\",\"valueRequired\":true,\"valueName\":\"search_term_string\"}}],\"inLanguage\":\"fr-FR\"}]}<\/script>\n<!-- \/ Yoast SEO Premium plugin. -->","yoast_head_json":{"title":"Le son unique de Johanna Gullichsen: Discover It - Johanna Gullichsen","description":"Les motifs classiques et le toucher des tissus de Johanna Gullichsen sont reconnus. Mais quel est le son unique de la marque?","robots":{"index":"index","follow":"follow","max-snippet":"max-snippet:-1","max-image-preview":"max-image-preview:large","max-video-preview":"max-video-preview:-1"},"canonical":"https:\/\/www.johannagullichsen.com\/fr\/the-sound-of-johanna-gullichsen\/","og_locale":"fr_FR","og_type":"article","og_title":"The Sound of Johanna Gullichsen","og_description":"Les motifs classiques et le toucher des tissus de Johanna Gullichsen sont reconnus. Mais quel est le son unique de la marque?","og_url":"https:\/\/www.johannagullichsen.com\/fr\/the-sound-of-johanna-gullichsen\/","og_site_name":"Johanna Gullichsen","article_modified_time":"2025-09-15T11:18:28+00:00","og_image":[{"width":1024,"height":683,"url":"https:\/\/www.johannagullichsen.com\/wp-content\/uploads\/2025\/08\/The-Sound-of-Johanna-Gullichsen-Joel-Matti-1920x1280-shop-1024x683.png","type":"image\/png"}],"twitter_card":"summary_large_image","twitter_misc":{"Dur\u00e9e de lecture estim\u00e9e":"4 minutes"},"schema":{"@context":"https:\/\/schema.org","@graph":[{"@type":"WebPage","@id":"https:\/\/www.johannagullichsen.com\/fr\/the-sound-of-johanna-gullichsen\/","url":"https:\/\/www.johannagullichsen.com\/fr\/the-sound-of-johanna-gullichsen\/","name":"Le son unique de Johanna Gullichsen: Discover It - Johanna Gullichsen","isPartOf":{"@id":"https:\/\/www.johannagullichsen.com\/fr\/#website"},"primaryImageOfPage":{"@id":"https:\/\/www.johannagullichsen.com\/fr\/the-sound-of-johanna-gullichsen\/#primaryimage"},"image":{"@id":"https:\/\/www.johannagullichsen.com\/fr\/the-sound-of-johanna-gullichsen\/#primaryimage"},"thumbnailUrl":"https:\/\/www.johannagullichsen.com\/wp-content\/uploads\/2025\/08\/The-Sound-of-Johanna-Gullichsen-Joel-Matti-1920x1280-shop.png","datePublished":"2025-08-27T12:23:20+00:00","dateModified":"2025-09-15T11:18:28+00:00","description":"Les motifs classiques et le toucher des tissus de Johanna Gullichsen sont reconnus. Mais quel est le son unique de la marque?","breadcrumb":{"@id":"https:\/\/www.johannagullichsen.com\/fr\/the-sound-of-johanna-gullichsen\/#breadcrumb"},"inLanguage":"fr-FR","potentialAction":[{"@type":"ReadAction","target":["https:\/\/www.johannagullichsen.com\/fr\/the-sound-of-johanna-gullichsen\/"]}]},{"@type":"ImageObject","inLanguage":"fr-FR","@id":"https:\/\/www.johannagullichsen.com\/fr\/the-sound-of-johanna-gullichsen\/#primaryimage","url":"https:\/\/www.johannagullichsen.com\/wp-content\/uploads\/2025\/08\/The-Sound-of-Johanna-Gullichsen-Joel-Matti-1920x1280-shop.png","contentUrl":"https:\/\/www.johannagullichsen.com\/wp-content\/uploads\/2025\/08\/The-Sound-of-Johanna-Gullichsen-Joel-Matti-1920x1280-shop.png"},{"@type":"BreadcrumbList","@id":"https:\/\/www.johannagullichsen.com\/fr\/the-sound-of-johanna-gullichsen\/#breadcrumb","itemListElement":[{"@type":"ListItem","position":1,"name":"Home","item":"https:\/\/www.johannagullichsen.com\/fr\/"},{"@type":"ListItem","position":2,"name":"The Sound of Johanna Gullichsen"}]},{"@type":"WebSite","@id":"https:\/\/www.johannagullichsen.com\/fr\/#website","url":"https:\/\/www.johannagullichsen.com\/fr\/","name":"Johanna Gullichsen","description":"","potentialAction":[{"@type":"SearchAction","target":{"@type":"EntryPoint","urlTemplate":"https:\/\/www.johannagullichsen.com\/fr\/?s={search_term_string}"},"query-input":{"@type":"PropertyValueSpecification","valueRequired":true,"valueName":"search_term_string"}}],"inLanguage":"fr-FR"}]}},"_links":{"self":[{"href":"https:\/\/www.johannagullichsen.com\/fr\/wp-json\/wp\/v2\/pages\/28621","targetHints":{"allow":["GET"]}}],"collection":[{"href":"https:\/\/www.johannagullichsen.com\/fr\/wp-json\/wp\/v2\/pages"}],"about":[{"href":"https:\/\/www.johannagullichsen.com\/fr\/wp-json\/wp\/v2\/types\/page"}],"author":[{"embeddable":true,"href":"https:\/\/www.johannagullichsen.com\/fr\/wp-json\/wp\/v2\/users\/5"}],"replies":[{"embeddable":true,"href":"https:\/\/www.johannagullichsen.com\/fr\/wp-json\/wp\/v2\/comments?post=28621"}],"version-history":[{"count":23,"href":"https:\/\/www.johannagullichsen.com\/fr\/wp-json\/wp\/v2\/pages\/28621\/revisions"}],"predecessor-version":[{"id":28768,"href":"https:\/\/www.johannagullichsen.com\/fr\/wp-json\/wp\/v2\/pages\/28621\/revisions\/28768"}],"wp:attachment":[{"href":"https:\/\/www.johannagullichsen.com\/fr\/wp-json\/wp\/v2\/media?parent=28621"}],"curies":[{"name":"wp","href":"https:\/\/api.w.org\/{rel}","templated":true}]}}