{"id":29462,"date":"2025-11-21T09:57:23","date_gmt":"2025-11-21T07:57:23","guid":{"rendered":"https:\/\/www.johannagullichsen.com\/?page_id=29462"},"modified":"2025-11-26T15:30:21","modified_gmt":"2025-11-26T13:30:21","slug":"oleellisille","status":"publish","type":"page","link":"https:\/\/www.johannagullichsen.com\/fr\/oleellisille\/","title":{"rendered":"Oleellisille"},"content":{"rendered":"<p><a href=\"https:\/\/www.johannagullichsen.com\/wp-content\/uploads\/2025\/11\/Aini-Alastalo-oleellisille-1.jpg\"><img loading=\"lazy\" decoding=\"async\" class=\"aligncenter wp-image-29339 size-large\" src=\"https:\/\/www.johannagullichsen.com\/wp-content\/uploads\/2025\/11\/Aini-Alastalo-oleellisille-1-1024x640.jpg\" alt=\"\" width=\"1024\" height=\"640\" srcset=\"https:\/\/www.johannagullichsen.com\/wp-content\/uploads\/2025\/11\/Aini-Alastalo-oleellisille-1-1024x640.jpg 1024w, https:\/\/www.johannagullichsen.com\/wp-content\/uploads\/2025\/11\/Aini-Alastalo-oleellisille-1-300x188.jpg 300w, https:\/\/www.johannagullichsen.com\/wp-content\/uploads\/2025\/11\/Aini-Alastalo-oleellisille-1-768x480.jpg 768w, https:\/\/www.johannagullichsen.com\/wp-content\/uploads\/2025\/11\/Aini-Alastalo-oleellisille-1-1536x960.jpg 1536w, https:\/\/www.johannagullichsen.com\/wp-content\/uploads\/2025\/11\/Aini-Alastalo-oleellisille-1-1260x788.jpg 1260w, https:\/\/www.johannagullichsen.com\/wp-content\/uploads\/2025\/11\/Aini-Alastalo-oleellisille-1.jpg 1600w\" sizes=\"auto, (max-width: 1024px) 100vw, 1024px\" \/><\/a><\/p>\n<h3 class=\"p1\">S\u00e9rie de sculptures d&rsquo;Aini Alastalo<\/h3>\n<p class=\"p1\">Qu&rsquo;est-ce qui est essentiel? Qu&rsquo;est-ce que nous d\u00e9sirons et dont nous avons besoin pour No\u00ebl? Qu&rsquo;est-ce qui rend notre quotidien agr\u00e9able et nos f\u00eates joyeuses? Et que voulons-nous offrir \u00e0 nos amis? Tous nos choix ont un impact non seulement sur notre bien-\u00eatre et celui de nos proches, mais aussi sur l&rsquo;\u00e9tat de la plan\u00e8te. La designer Aini Alastalo a \u00e9galement explor\u00e9 le th\u00e8me du sens, de la port\u00e9e et de l&rsquo;essentiel dans sa s\u00e9rie de sculptures Oleellisille, \u00ab Pour l&rsquo;essentiel \u00bb, expos\u00e9e dans les vitrines de notre magasin Erottajankatu jusqu&rsquo;\u00e0 la fin de l\u2019ann\u00e9e.<\/p>\n<p class=\"p1\"><em>Oleellisille<\/em> est une s\u00e9rie d&rsquo;\u0153uvres modulables construites autour de troncs de tremble robustes, sur lesquels sont plac\u00e9es des \u00e9tag\u00e8res de diff\u00e9rentes tailles. Le choix du tremble comme mat\u00e9riau pour les sculptures trouve ses racines dans le travail traditionnel du bois finlandais, \u00e0 une \u00e9poque o\u00f9 les objets \u00e9taient fabriqu\u00e9s par n\u00e9cessit\u00e9, pour combler les lacunes de la vie quotidienne avec des choses essentielles. Fid\u00e8les \u00e0 leur nom, les sculptures sont des lieux destin\u00e9s pr\u00e9cis\u00e9ment \u00e0 ces objets. Elles invitent le spectateur \u00e0 examiner \u00e0 la fois notre environnement et les choses que nous poss\u00e9dons. Devant ces \u0153uvres, on peut s&rsquo;arr\u00eater pour r\u00e9fl\u00e9chir \u00e0 la signification des objets importants, ou laisser de la place au vide. La structure massive combin\u00e9e \u00e0 l&rsquo;espace de rangement minimal souligne l&rsquo;objectif vis\u00e9 par les sculptures.<\/p>\n<h3 class=\"p1\">L&rsquo;importance de l&rsquo;artisanat et du processus lent<\/h3>\n<p class=\"p1\">Aini a sculpt\u00e9 elle-m\u00eame les pi\u00e8ces \u00e0 partir de bois de tremble massif. Ces derni\u00e8res ann\u00e9es, elle s&rsquo;est particuli\u00e8rement int\u00e9ress\u00e9e \u00e0 la pratique artisanale et \u00e0 la recherche sur les mat\u00e9riaux. Elle s&rsquo;int\u00e9resse \u00e0 la fa\u00e7on dont les mat\u00e9riaux v\u00e9hiculent des souvenirs et dont le travail manuel peut faire \u00e9merger des pens\u00e9es qui, autrement, ne pourraient s&rsquo;exprimer verbalement. \u00ab La sculpture a \u00e9t\u00e9 pour moi un processus tr\u00e8s physique et \u00e9tonnamment riche en souvenirs. J&rsquo;ai d\u00e9lib\u00e9r\u00e9ment utilis\u00e9 des outils manuels primitifs afin que le rythme et la r\u00e9sistance propres au mat\u00e9riau puissent guider la cr\u00e9ation. La lenteur et la r\u00e9p\u00e9tition m&rsquo;ont aid\u00e9e \u00e0 m&rsquo;immerger \u00e0 la fois dans les propri\u00e9t\u00e9s du tremble et dans mes propres souvenirs li\u00e9s aux mat\u00e9riaux, et parfois, le processus m&rsquo;a presque sembl\u00e9 m\u00e9ditatif. Le bois a fait resurgir des exp\u00e9riences de mon enfance et a rendu ce travail profond\u00e9ment personnel. \u00bb<\/p>\n<p class=\"p1\">Nous esp\u00e9rons que ce No\u00ebl, vous trouverez quelque chose d&rsquo;essentiel : un moment de paix, un cadeau attentionn\u00e9 ou une nouvelle perspective sur le monde qui vous entoure.<\/p>\n<p><a href=\"https:\/\/www.johannagullichsen.com\/wp-content\/uploads\/2025\/11\/Aini_Oleellisille3s.jpg\"><img loading=\"lazy\" decoding=\"async\" class=\"aligncenter wp-image-29370 size-full\" src=\"https:\/\/www.johannagullichsen.com\/wp-content\/uploads\/2025\/11\/Aini_Oleellisille3s.jpg\" alt=\"\" width=\"1600\" height=\"1000\" srcset=\"https:\/\/www.johannagullichsen.com\/wp-content\/uploads\/2025\/11\/Aini_Oleellisille3s.jpg 1600w, https:\/\/www.johannagullichsen.com\/wp-content\/uploads\/2025\/11\/Aini_Oleellisille3s-300x188.jpg 300w, https:\/\/www.johannagullichsen.com\/wp-content\/uploads\/2025\/11\/Aini_Oleellisille3s-1024x640.jpg 1024w, https:\/\/www.johannagullichsen.com\/wp-content\/uploads\/2025\/11\/Aini_Oleellisille3s-768x480.jpg 768w, https:\/\/www.johannagullichsen.com\/wp-content\/uploads\/2025\/11\/Aini_Oleellisille3s-1536x960.jpg 1536w, https:\/\/www.johannagullichsen.com\/wp-content\/uploads\/2025\/11\/Aini_Oleellisille3s-1260x788.jpg 1260w\" sizes=\"auto, (max-width: 1600px) 100vw, 1600px\" \/><\/a><\/p>\n<p><a href=\"https:\/\/www.johannagullichsen.com\/wp-content\/uploads\/2025\/11\/Aini_Oleellisille2s.jpg\"><img loading=\"lazy\" decoding=\"async\" class=\"aligncenter wp-image-29366 size-full\" src=\"https:\/\/www.johannagullichsen.com\/wp-content\/uploads\/2025\/11\/Aini_Oleellisille2s.jpg\" alt=\"\" width=\"1600\" height=\"1000\" srcset=\"https:\/\/www.johannagullichsen.com\/wp-content\/uploads\/2025\/11\/Aini_Oleellisille2s.jpg 1600w, https:\/\/www.johannagullichsen.com\/wp-content\/uploads\/2025\/11\/Aini_Oleellisille2s-300x188.jpg 300w, https:\/\/www.johannagullichsen.com\/wp-content\/uploads\/2025\/11\/Aini_Oleellisille2s-1024x640.jpg 1024w, https:\/\/www.johannagullichsen.com\/wp-content\/uploads\/2025\/11\/Aini_Oleellisille2s-768x480.jpg 768w, https:\/\/www.johannagullichsen.com\/wp-content\/uploads\/2025\/11\/Aini_Oleellisille2s-1536x960.jpg 1536w, https:\/\/www.johannagullichsen.com\/wp-content\/uploads\/2025\/11\/Aini_Oleellisille2s-1260x788.jpg 1260w\" sizes=\"auto, (max-width: 1600px) 100vw, 1600px\" \/><\/a><\/p>\n<p><a href=\"https:\/\/www.johannagullichsen.com\/wp-content\/uploads\/2025\/11\/Aini_Oleellisille1-scaled.jpg\"><img loading=\"lazy\" decoding=\"async\" class=\"aligncenter wp-image-29350 size-large\" src=\"https:\/\/www.johannagullichsen.com\/wp-content\/uploads\/2025\/11\/Aini_Oleellisille1-768x1024.jpg\" alt=\"\" width=\"768\" height=\"1024\" srcset=\"https:\/\/www.johannagullichsen.com\/wp-content\/uploads\/2025\/11\/Aini_Oleellisille1-768x1024.jpg 768w, https:\/\/www.johannagullichsen.com\/wp-content\/uploads\/2025\/11\/Aini_Oleellisille1-225x300.jpg 225w, https:\/\/www.johannagullichsen.com\/wp-content\/uploads\/2025\/11\/Aini_Oleellisille1-1152x1536.jpg 1152w, https:\/\/www.johannagullichsen.com\/wp-content\/uploads\/2025\/11\/Aini_Oleellisille1-1536x2048.jpg 1536w, https:\/\/www.johannagullichsen.com\/wp-content\/uploads\/2025\/11\/Aini_Oleellisille1-1440x1920.jpg 1440w, https:\/\/www.johannagullichsen.com\/wp-content\/uploads\/2025\/11\/Aini_Oleellisille1-1260x1680.jpg 1260w, https:\/\/www.johannagullichsen.com\/wp-content\/uploads\/2025\/11\/Aini_Oleellisille1-scaled.jpg 1920w\" sizes=\"auto, (max-width: 768px) 100vw, 768px\" \/><\/a><\/p>\n","protected":false},"excerpt":{"rendered":"<p>S\u00e9rie de sculptures d&rsquo;Aini Alastalo Qu&rsquo;est-ce qui est essentiel? Qu&rsquo;est-ce que nous d\u00e9sirons et dont nous avons besoin pour No\u00ebl? Qu&rsquo;est-ce qui rend notre quotidien agr\u00e9able et nos f\u00eates joyeuses?&hellip;<\/p>\n","protected":false},"author":4,"featured_media":0,"parent":0,"menu_order":0,"comment_status":"closed","ping_status":"closed","template":"","meta":{"_acf_changed":false,"footnotes":""},"class_list":["post-29462","page","type-page","status-publish","hentry"],"acf":[],"yoast_head":"<!-- This site is optimized with the Yoast SEO Premium plugin v27.2 (Yoast SEO v27.5) - https:\/\/yoast.com\/product\/yoast-seo-premium-wordpress\/ -->\n<title>Oleellisille - Johanna Gullichsen<\/title>\n<meta name=\"robots\" content=\"index, follow, max-snippet:-1, max-image-preview:large, max-video-preview:-1\" \/>\n<link rel=\"canonical\" href=\"https:\/\/www.johannagullichsen.com\/fr\/oleellisille\/\" \/>\n<meta property=\"og:locale\" content=\"fr_FR\" \/>\n<meta property=\"og:type\" content=\"article\" \/>\n<meta property=\"og:title\" content=\"Oleellisille\" \/>\n<meta property=\"og:description\" content=\"S\u00e9rie de sculptures d&rsquo;Aini Alastalo Qu&rsquo;est-ce qui est essentiel? Qu&rsquo;est-ce que nous d\u00e9sirons et dont nous avons besoin pour No\u00ebl? Qu&rsquo;est-ce qui rend notre quotidien agr\u00e9able et nos f\u00eates joyeuses?&hellip;\" \/>\n<meta property=\"og:url\" content=\"https:\/\/www.johannagullichsen.com\/fr\/oleellisille\/\" \/>\n<meta property=\"og:site_name\" content=\"Johanna Gullichsen\" \/>\n<meta property=\"article:modified_time\" content=\"2025-11-26T13:30:21+00:00\" \/>\n<meta property=\"og:image\" content=\"https:\/\/www.johannagullichsen.com\/wp-content\/uploads\/2025\/11\/Aini-Alastalo-oleellisille-1.jpg\" \/>\n\t<meta property=\"og:image:width\" content=\"1600\" \/>\n\t<meta property=\"og:image:height\" content=\"1000\" \/>\n\t<meta property=\"og:image:type\" content=\"image\/jpeg\" \/>\n<meta name=\"twitter:card\" content=\"summary_large_image\" \/>\n<meta name=\"twitter:label1\" content=\"Dur\u00e9e de lecture estim\u00e9e\" \/>\n\t<meta name=\"twitter:data1\" content=\"3 minutes\" \/>\n<script type=\"application\/ld+json\" class=\"yoast-schema-graph\">{\"@context\":\"https:\\\/\\\/schema.org\",\"@graph\":[{\"@type\":\"WebPage\",\"@id\":\"https:\\\/\\\/www.johannagullichsen.com\\\/fr\\\/oleellisille\\\/\",\"url\":\"https:\\\/\\\/www.johannagullichsen.com\\\/fr\\\/oleellisille\\\/\",\"name\":\"Oleellisille - Johanna Gullichsen\",\"isPartOf\":{\"@id\":\"https:\\\/\\\/www.johannagullichsen.com\\\/fr\\\/#website\"},\"primaryImageOfPage\":{\"@id\":\"https:\\\/\\\/www.johannagullichsen.com\\\/fr\\\/oleellisille\\\/#primaryimage\"},\"image\":{\"@id\":\"https:\\\/\\\/www.johannagullichsen.com\\\/fr\\\/oleellisille\\\/#primaryimage\"},\"thumbnailUrl\":\"https:\\\/\\\/www.johannagullichsen.com\\\/wp-content\\\/uploads\\\/2025\\\/11\\\/Aini-Alastalo-oleellisille-1-1024x640.jpg\",\"datePublished\":\"2025-11-21T07:57:23+00:00\",\"dateModified\":\"2025-11-26T13:30:21+00:00\",\"breadcrumb\":{\"@id\":\"https:\\\/\\\/www.johannagullichsen.com\\\/fr\\\/oleellisille\\\/#breadcrumb\"},\"inLanguage\":\"fr-FR\",\"potentialAction\":[{\"@type\":\"ReadAction\",\"target\":[\"https:\\\/\\\/www.johannagullichsen.com\\\/fr\\\/oleellisille\\\/\"]}]},{\"@type\":\"ImageObject\",\"inLanguage\":\"fr-FR\",\"@id\":\"https:\\\/\\\/www.johannagullichsen.com\\\/fr\\\/oleellisille\\\/#primaryimage\",\"url\":\"https:\\\/\\\/www.johannagullichsen.com\\\/wp-content\\\/uploads\\\/2025\\\/11\\\/Aini-Alastalo-oleellisille-1-1024x640.jpg\",\"contentUrl\":\"https:\\\/\\\/www.johannagullichsen.com\\\/wp-content\\\/uploads\\\/2025\\\/11\\\/Aini-Alastalo-oleellisille-1-1024x640.jpg\"},{\"@type\":\"BreadcrumbList\",\"@id\":\"https:\\\/\\\/www.johannagullichsen.com\\\/fr\\\/oleellisille\\\/#breadcrumb\",\"itemListElement\":[{\"@type\":\"ListItem\",\"position\":1,\"name\":\"Home\",\"item\":\"https:\\\/\\\/www.johannagullichsen.com\\\/fr\\\/\"},{\"@type\":\"ListItem\",\"position\":2,\"name\":\"Oleellisille\"}]},{\"@type\":\"WebSite\",\"@id\":\"https:\\\/\\\/www.johannagullichsen.com\\\/fr\\\/#website\",\"url\":\"https:\\\/\\\/www.johannagullichsen.com\\\/fr\\\/\",\"name\":\"Johanna Gullichsen\",\"description\":\"\",\"potentialAction\":[{\"@type\":\"SearchAction\",\"target\":{\"@type\":\"EntryPoint\",\"urlTemplate\":\"https:\\\/\\\/www.johannagullichsen.com\\\/fr\\\/?s={search_term_string}\"},\"query-input\":{\"@type\":\"PropertyValueSpecification\",\"valueRequired\":true,\"valueName\":\"search_term_string\"}}],\"inLanguage\":\"fr-FR\"}]}<\/script>\n<!-- \/ Yoast SEO Premium plugin. -->","yoast_head_json":{"title":"Oleellisille - Johanna Gullichsen","robots":{"index":"index","follow":"follow","max-snippet":"max-snippet:-1","max-image-preview":"max-image-preview:large","max-video-preview":"max-video-preview:-1"},"canonical":"https:\/\/www.johannagullichsen.com\/fr\/oleellisille\/","og_locale":"fr_FR","og_type":"article","og_title":"Oleellisille","og_description":"S\u00e9rie de sculptures d&rsquo;Aini Alastalo Qu&rsquo;est-ce qui est essentiel? Qu&rsquo;est-ce que nous d\u00e9sirons et dont nous avons besoin pour No\u00ebl? Qu&rsquo;est-ce qui rend notre quotidien agr\u00e9able et nos f\u00eates joyeuses?&hellip;","og_url":"https:\/\/www.johannagullichsen.com\/fr\/oleellisille\/","og_site_name":"Johanna Gullichsen","article_modified_time":"2025-11-26T13:30:21+00:00","og_image":[{"width":1600,"height":1000,"url":"https:\/\/www.johannagullichsen.com\/wp-content\/uploads\/2025\/11\/Aini-Alastalo-oleellisille-1.jpg","type":"image\/jpeg"}],"twitter_card":"summary_large_image","twitter_misc":{"Dur\u00e9e de lecture estim\u00e9e":"3 minutes"},"schema":{"@context":"https:\/\/schema.org","@graph":[{"@type":"WebPage","@id":"https:\/\/www.johannagullichsen.com\/fr\/oleellisille\/","url":"https:\/\/www.johannagullichsen.com\/fr\/oleellisille\/","name":"Oleellisille - Johanna Gullichsen","isPartOf":{"@id":"https:\/\/www.johannagullichsen.com\/fr\/#website"},"primaryImageOfPage":{"@id":"https:\/\/www.johannagullichsen.com\/fr\/oleellisille\/#primaryimage"},"image":{"@id":"https:\/\/www.johannagullichsen.com\/fr\/oleellisille\/#primaryimage"},"thumbnailUrl":"https:\/\/www.johannagullichsen.com\/wp-content\/uploads\/2025\/11\/Aini-Alastalo-oleellisille-1-1024x640.jpg","datePublished":"2025-11-21T07:57:23+00:00","dateModified":"2025-11-26T13:30:21+00:00","breadcrumb":{"@id":"https:\/\/www.johannagullichsen.com\/fr\/oleellisille\/#breadcrumb"},"inLanguage":"fr-FR","potentialAction":[{"@type":"ReadAction","target":["https:\/\/www.johannagullichsen.com\/fr\/oleellisille\/"]}]},{"@type":"ImageObject","inLanguage":"fr-FR","@id":"https:\/\/www.johannagullichsen.com\/fr\/oleellisille\/#primaryimage","url":"https:\/\/www.johannagullichsen.com\/wp-content\/uploads\/2025\/11\/Aini-Alastalo-oleellisille-1-1024x640.jpg","contentUrl":"https:\/\/www.johannagullichsen.com\/wp-content\/uploads\/2025\/11\/Aini-Alastalo-oleellisille-1-1024x640.jpg"},{"@type":"BreadcrumbList","@id":"https:\/\/www.johannagullichsen.com\/fr\/oleellisille\/#breadcrumb","itemListElement":[{"@type":"ListItem","position":1,"name":"Home","item":"https:\/\/www.johannagullichsen.com\/fr\/"},{"@type":"ListItem","position":2,"name":"Oleellisille"}]},{"@type":"WebSite","@id":"https:\/\/www.johannagullichsen.com\/fr\/#website","url":"https:\/\/www.johannagullichsen.com\/fr\/","name":"Johanna Gullichsen","description":"","potentialAction":[{"@type":"SearchAction","target":{"@type":"EntryPoint","urlTemplate":"https:\/\/www.johannagullichsen.com\/fr\/?s={search_term_string}"},"query-input":{"@type":"PropertyValueSpecification","valueRequired":true,"valueName":"search_term_string"}}],"inLanguage":"fr-FR"}]}},"_links":{"self":[{"href":"https:\/\/www.johannagullichsen.com\/fr\/wp-json\/wp\/v2\/pages\/29462","targetHints":{"allow":["GET"]}}],"collection":[{"href":"https:\/\/www.johannagullichsen.com\/fr\/wp-json\/wp\/v2\/pages"}],"about":[{"href":"https:\/\/www.johannagullichsen.com\/fr\/wp-json\/wp\/v2\/types\/page"}],"author":[{"embeddable":true,"href":"https:\/\/www.johannagullichsen.com\/fr\/wp-json\/wp\/v2\/users\/4"}],"replies":[{"embeddable":true,"href":"https:\/\/www.johannagullichsen.com\/fr\/wp-json\/wp\/v2\/comments?post=29462"}],"version-history":[{"count":2,"href":"https:\/\/www.johannagullichsen.com\/fr\/wp-json\/wp\/v2\/pages\/29462\/revisions"}],"predecessor-version":[{"id":29466,"href":"https:\/\/www.johannagullichsen.com\/fr\/wp-json\/wp\/v2\/pages\/29462\/revisions\/29466"}],"wp:attachment":[{"href":"https:\/\/www.johannagullichsen.com\/fr\/wp-json\/wp\/v2\/media?parent=29462"}],"curies":[{"name":"wp","href":"https:\/\/api.w.org\/{rel}","templated":true}]}}