{"id":29956,"date":"2026-01-14T09:56:00","date_gmt":"2026-01-14T07:56:00","guid":{"rendered":"https:\/\/www.johannagullichsen.com\/?page_id=29956"},"modified":"2026-01-20T11:24:24","modified_gmt":"2026-01-20T09:24:24","slug":"tapissiers","status":"publish","type":"page","link":"https:\/\/www.johannagullichsen.com\/fr\/tapissiers\/","title":{"rendered":"Tapissiers"},"content":{"rendered":"<h3>Tapissiers<\/h3>\n<p>Le rembourrage donne une nouvelle vie aux meubles de qualit\u00e9 tout en contribuant \u00e0 r\u00e9duire les d\u00e9chets. Vous trouverez ici des tapissiers professionnels familiers avec les tissus Johanna Gullichsen, un choix r\u00e9fl\u00e9chi en termes de qualit\u00e9, de durabilit\u00e9 et de respect de l&rsquo;environnement. Un tapissier peut transformer vos meubles en leur donnant un look contemporain qui refl\u00e8te votre style personnel.<\/p>\n","protected":false},"excerpt":{"rendered":"<p>Tapissiers Le rembourrage donne une nouvelle vie aux meubles de qualit\u00e9 tout en contribuant \u00e0 r\u00e9duire les d\u00e9chets. Vous trouverez ici des tapissiers professionnels familiers avec les tissus Johanna Gullichsen,&hellip;<\/p>\n","protected":false},"author":1,"featured_media":29973,"parent":0,"menu_order":0,"comment_status":"closed","ping_status":"closed","template":"page-storefinder.php","meta":{"_acf_changed":false,"footnotes":""},"class_list":["post-29956","page","type-page","status-publish","has-post-thumbnail","hentry"],"acf":[],"yoast_head":"<!-- This site is optimized with the Yoast SEO Premium plugin v27.2 (Yoast SEO v27.2) - https:\/\/yoast.com\/product\/yoast-seo-premium-wordpress\/ -->\n<title>Tapissiers - Johanna Gullichsen<\/title>\n<meta name=\"robots\" content=\"index, follow, max-snippet:-1, max-image-preview:large, max-video-preview:-1\" \/>\n<link rel=\"canonical\" href=\"https:\/\/www.johannagullichsen.com\/fr\/tapissiers\/\" \/>\n<meta property=\"og:locale\" content=\"fr_FR\" \/>\n<meta property=\"og:type\" content=\"article\" \/>\n<meta property=\"og:title\" content=\"Tapissiers\" \/>\n<meta property=\"og:description\" content=\"Tapissiers Le rembourrage donne une nouvelle vie aux meubles de qualit\u00e9 tout en contribuant \u00e0 r\u00e9duire les d\u00e9chets. Vous trouverez ici des tapissiers professionnels familiers avec les tissus Johanna Gullichsen,&hellip;\" \/>\n<meta property=\"og:url\" content=\"https:\/\/www.johannagullichsen.com\/fr\/tapissiers\/\" \/>\n<meta property=\"og:site_name\" content=\"Johanna Gullichsen\" \/>\n<meta property=\"article:modified_time\" content=\"2026-01-20T09:24:24+00:00\" \/>\n<meta property=\"og:image\" content=\"https:\/\/www.johannagullichsen.com\/wp-content\/uploads\/2026\/01\/Johanna-Gullichsen-Kronos-and-Doris-Steel-upholstery-1920x1000-1.jpg\" \/>\n\t<meta property=\"og:image:width\" content=\"1920\" \/>\n\t<meta property=\"og:image:height\" content=\"1000\" \/>\n\t<meta property=\"og:image:type\" content=\"image\/jpeg\" \/>\n<meta name=\"twitter:card\" content=\"summary_large_image\" \/>\n<meta name=\"twitter:label1\" content=\"Dur\u00e9e de lecture estim\u00e9e\" \/>\n\t<meta name=\"twitter:data1\" content=\"1 minute\" \/>\n<script type=\"application\/ld+json\" class=\"yoast-schema-graph\">{\"@context\":\"https:\/\/schema.org\",\"@graph\":[{\"@type\":\"WebPage\",\"@id\":\"https:\/\/www.johannagullichsen.com\/fr\/tapissiers\/\",\"url\":\"https:\/\/www.johannagullichsen.com\/fr\/tapissiers\/\",\"name\":\"Tapissiers - Johanna Gullichsen\",\"isPartOf\":{\"@id\":\"https:\/\/www.johannagullichsen.com\/fr\/#website\"},\"primaryImageOfPage\":{\"@id\":\"https:\/\/www.johannagullichsen.com\/fr\/tapissiers\/#primaryimage\"},\"image\":{\"@id\":\"https:\/\/www.johannagullichsen.com\/fr\/tapissiers\/#primaryimage\"},\"thumbnailUrl\":\"https:\/\/www.johannagullichsen.com\/wp-content\/uploads\/2026\/01\/Johanna-Gullichsen-Kronos-and-Doris-Steel-upholstery-1920x1000-1.jpg\",\"datePublished\":\"2026-01-14T07:56:00+00:00\",\"dateModified\":\"2026-01-20T09:24:24+00:00\",\"breadcrumb\":{\"@id\":\"https:\/\/www.johannagullichsen.com\/fr\/tapissiers\/#breadcrumb\"},\"inLanguage\":\"fr-FR\",\"potentialAction\":[{\"@type\":\"ReadAction\",\"target\":[\"https:\/\/www.johannagullichsen.com\/fr\/tapissiers\/\"]}]},{\"@type\":\"ImageObject\",\"inLanguage\":\"fr-FR\",\"@id\":\"https:\/\/www.johannagullichsen.com\/fr\/tapissiers\/#primaryimage\",\"url\":\"https:\/\/www.johannagullichsen.com\/wp-content\/uploads\/2026\/01\/Johanna-Gullichsen-Kronos-and-Doris-Steel-upholstery-1920x1000-1.jpg\",\"contentUrl\":\"https:\/\/www.johannagullichsen.com\/wp-content\/uploads\/2026\/01\/Johanna-Gullichsen-Kronos-and-Doris-Steel-upholstery-1920x1000-1.jpg\",\"width\":1920,\"height\":1000},{\"@type\":\"BreadcrumbList\",\"@id\":\"https:\/\/www.johannagullichsen.com\/fr\/tapissiers\/#breadcrumb\",\"itemListElement\":[{\"@type\":\"ListItem\",\"position\":1,\"name\":\"Home\",\"item\":\"https:\/\/www.johannagullichsen.com\/fr\/\"},{\"@type\":\"ListItem\",\"position\":2,\"name\":\"Tapissiers\"}]},{\"@type\":\"WebSite\",\"@id\":\"https:\/\/www.johannagullichsen.com\/fr\/#website\",\"url\":\"https:\/\/www.johannagullichsen.com\/fr\/\",\"name\":\"Johanna Gullichsen\",\"description\":\"\",\"potentialAction\":[{\"@type\":\"SearchAction\",\"target\":{\"@type\":\"EntryPoint\",\"urlTemplate\":\"https:\/\/www.johannagullichsen.com\/fr\/?s={search_term_string}\"},\"query-input\":{\"@type\":\"PropertyValueSpecification\",\"valueRequired\":true,\"valueName\":\"search_term_string\"}}],\"inLanguage\":\"fr-FR\"}]}<\/script>\n<!-- \/ Yoast SEO Premium plugin. -->","yoast_head_json":{"title":"Tapissiers - Johanna Gullichsen","robots":{"index":"index","follow":"follow","max-snippet":"max-snippet:-1","max-image-preview":"max-image-preview:large","max-video-preview":"max-video-preview:-1"},"canonical":"https:\/\/www.johannagullichsen.com\/fr\/tapissiers\/","og_locale":"fr_FR","og_type":"article","og_title":"Tapissiers","og_description":"Tapissiers Le rembourrage donne une nouvelle vie aux meubles de qualit\u00e9 tout en contribuant \u00e0 r\u00e9duire les d\u00e9chets. Vous trouverez ici des tapissiers professionnels familiers avec les tissus Johanna Gullichsen,&hellip;","og_url":"https:\/\/www.johannagullichsen.com\/fr\/tapissiers\/","og_site_name":"Johanna Gullichsen","article_modified_time":"2026-01-20T09:24:24+00:00","og_image":[{"width":1920,"height":1000,"url":"https:\/\/www.johannagullichsen.com\/wp-content\/uploads\/2026\/01\/Johanna-Gullichsen-Kronos-and-Doris-Steel-upholstery-1920x1000-1.jpg","type":"image\/jpeg"}],"twitter_card":"summary_large_image","twitter_misc":{"Dur\u00e9e de lecture estim\u00e9e":"1 minute"},"schema":{"@context":"https:\/\/schema.org","@graph":[{"@type":"WebPage","@id":"https:\/\/www.johannagullichsen.com\/fr\/tapissiers\/","url":"https:\/\/www.johannagullichsen.com\/fr\/tapissiers\/","name":"Tapissiers - Johanna Gullichsen","isPartOf":{"@id":"https:\/\/www.johannagullichsen.com\/fr\/#website"},"primaryImageOfPage":{"@id":"https:\/\/www.johannagullichsen.com\/fr\/tapissiers\/#primaryimage"},"image":{"@id":"https:\/\/www.johannagullichsen.com\/fr\/tapissiers\/#primaryimage"},"thumbnailUrl":"https:\/\/www.johannagullichsen.com\/wp-content\/uploads\/2026\/01\/Johanna-Gullichsen-Kronos-and-Doris-Steel-upholstery-1920x1000-1.jpg","datePublished":"2026-01-14T07:56:00+00:00","dateModified":"2026-01-20T09:24:24+00:00","breadcrumb":{"@id":"https:\/\/www.johannagullichsen.com\/fr\/tapissiers\/#breadcrumb"},"inLanguage":"fr-FR","potentialAction":[{"@type":"ReadAction","target":["https:\/\/www.johannagullichsen.com\/fr\/tapissiers\/"]}]},{"@type":"ImageObject","inLanguage":"fr-FR","@id":"https:\/\/www.johannagullichsen.com\/fr\/tapissiers\/#primaryimage","url":"https:\/\/www.johannagullichsen.com\/wp-content\/uploads\/2026\/01\/Johanna-Gullichsen-Kronos-and-Doris-Steel-upholstery-1920x1000-1.jpg","contentUrl":"https:\/\/www.johannagullichsen.com\/wp-content\/uploads\/2026\/01\/Johanna-Gullichsen-Kronos-and-Doris-Steel-upholstery-1920x1000-1.jpg","width":1920,"height":1000},{"@type":"BreadcrumbList","@id":"https:\/\/www.johannagullichsen.com\/fr\/tapissiers\/#breadcrumb","itemListElement":[{"@type":"ListItem","position":1,"name":"Home","item":"https:\/\/www.johannagullichsen.com\/fr\/"},{"@type":"ListItem","position":2,"name":"Tapissiers"}]},{"@type":"WebSite","@id":"https:\/\/www.johannagullichsen.com\/fr\/#website","url":"https:\/\/www.johannagullichsen.com\/fr\/","name":"Johanna Gullichsen","description":"","potentialAction":[{"@type":"SearchAction","target":{"@type":"EntryPoint","urlTemplate":"https:\/\/www.johannagullichsen.com\/fr\/?s={search_term_string}"},"query-input":{"@type":"PropertyValueSpecification","valueRequired":true,"valueName":"search_term_string"}}],"inLanguage":"fr-FR"}]}},"_links":{"self":[{"href":"https:\/\/www.johannagullichsen.com\/fr\/wp-json\/wp\/v2\/pages\/29956","targetHints":{"allow":["GET"]}}],"collection":[{"href":"https:\/\/www.johannagullichsen.com\/fr\/wp-json\/wp\/v2\/pages"}],"about":[{"href":"https:\/\/www.johannagullichsen.com\/fr\/wp-json\/wp\/v2\/types\/page"}],"author":[{"embeddable":true,"href":"https:\/\/www.johannagullichsen.com\/fr\/wp-json\/wp\/v2\/users\/1"}],"replies":[{"embeddable":true,"href":"https:\/\/www.johannagullichsen.com\/fr\/wp-json\/wp\/v2\/comments?post=29956"}],"version-history":[{"count":4,"href":"https:\/\/www.johannagullichsen.com\/fr\/wp-json\/wp\/v2\/pages\/29956\/revisions"}],"predecessor-version":[{"id":30023,"href":"https:\/\/www.johannagullichsen.com\/fr\/wp-json\/wp\/v2\/pages\/29956\/revisions\/30023"}],"wp:featuredmedia":[{"embeddable":true,"href":"https:\/\/www.johannagullichsen.com\/fr\/wp-json\/wp\/v2\/media\/29973"}],"wp:attachment":[{"href":"https:\/\/www.johannagullichsen.com\/fr\/wp-json\/wp\/v2\/media?parent=29956"}],"curies":[{"name":"wp","href":"https:\/\/api.w.org\/{rel}","templated":true}]}}