{"id":584,"date":"2019-10-14T09:53:21","date_gmt":"2019-10-14T06:53:21","guid":{"rendered":"https:\/\/www.johannagullichsen.com\/jalleenmyyjat\/"},"modified":"2026-01-15T10:55:37","modified_gmt":"2026-01-15T08:55:37","slug":"revendeurs","status":"publish","type":"page","link":"https:\/\/www.johannagullichsen.com\/fr\/revendeurs\/","title":{"rendered":"Revendeurs"},"content":{"rendered":"<h3><strong>Lasipalatsi Store<\/strong><\/h3>\n<p>Mannerheimintie 22-24<br \/>\n00100 Helsinki, Finlande<\/p>\n<p>Opening hours:<br \/>\nHoraires d\u2019ouverture:<br \/>\nLundi \u2013 Vendredi 11h \u2013 18h<br \/>\nSamedi 11h \u2013 17h<\/p>\n<p>Dans notre magasin phare \u00e0 Helsinki on sent la vraie atmosph\u00e8re de la marque. On y trouve toutes les collections, tous nos produits de d\u00e9coration int\u00e8rieure et d&rsquo;accessoires de mode. Venez nous voir!<\/p>\n","protected":false},"excerpt":{"rendered":"<p>Lasipalatsi Store Mannerheimintie 22-24 00100 Helsinki, Finlande Opening hours: Horaires d\u2019ouverture: Lundi \u2013 Vendredi 11h \u2013 18h Samedi 11h \u2013 17h Dans notre magasin phare \u00e0 Helsinki on sent la&hellip;<\/p>\n","protected":false},"author":1,"featured_media":12728,"parent":0,"menu_order":0,"comment_status":"closed","ping_status":"closed","template":"page-storefinder.php","meta":{"_acf_changed":false,"footnotes":""},"class_list":["post-584","page","type-page","status-publish","has-post-thumbnail","hentry"],"acf":[],"yoast_head":"<!-- This site is optimized with the Yoast SEO Premium plugin v27.2 (Yoast SEO v27.5) - https:\/\/yoast.com\/product\/yoast-seo-premium-wordpress\/ -->\n<title>Revendeurs - Johanna Gullichsen<\/title>\n<meta name=\"description\" content=\"Johanna Gullichsen revendeurs tout autour du monde.\" \/>\n<meta name=\"robots\" content=\"index, follow, max-snippet:-1, max-image-preview:large, max-video-preview:-1\" \/>\n<link rel=\"canonical\" href=\"https:\/\/www.johannagullichsen.com\/fr\/revendeurs\/\" \/>\n<meta property=\"og:locale\" content=\"fr_FR\" \/>\n<meta property=\"og:type\" content=\"article\" \/>\n<meta property=\"og:title\" content=\"Revendeurs\" \/>\n<meta property=\"og:description\" content=\"Johanna Gullichsen revendeurs tout autour du monde.\" \/>\n<meta property=\"og:url\" content=\"https:\/\/www.johannagullichsen.com\/fr\/revendeurs\/\" \/>\n<meta property=\"og:site_name\" content=\"Johanna Gullichsen\" \/>\n<meta property=\"article:modified_time\" content=\"2026-01-15T08:55:37+00:00\" \/>\n<meta property=\"og:image\" content=\"https:\/\/www.johannagullichsen.com\/wp-content\/uploads\/2021\/09\/Johanna-Gullichsen-Lasipalatsi-store-2.2.jpg\" \/>\n\t<meta property=\"og:image:width\" content=\"1200\" \/>\n\t<meta property=\"og:image:height\" content=\"487\" \/>\n\t<meta property=\"og:image:type\" content=\"image\/jpeg\" \/>\n<meta name=\"twitter:card\" content=\"summary_large_image\" \/>\n<meta name=\"twitter:label1\" content=\"Dur\u00e9e de lecture estim\u00e9e\" \/>\n\t<meta name=\"twitter:data1\" content=\"1 minute\" \/>\n<script type=\"application\/ld+json\" class=\"yoast-schema-graph\">{\"@context\":\"https:\\\/\\\/schema.org\",\"@graph\":[{\"@type\":\"WebPage\",\"@id\":\"https:\\\/\\\/www.johannagullichsen.com\\\/fr\\\/revendeurs\\\/\",\"url\":\"https:\\\/\\\/www.johannagullichsen.com\\\/fr\\\/revendeurs\\\/\",\"name\":\"Revendeurs - Johanna Gullichsen\",\"isPartOf\":{\"@id\":\"https:\\\/\\\/www.johannagullichsen.com\\\/fr\\\/#website\"},\"primaryImageOfPage\":{\"@id\":\"https:\\\/\\\/www.johannagullichsen.com\\\/fr\\\/revendeurs\\\/#primaryimage\"},\"image\":{\"@id\":\"https:\\\/\\\/www.johannagullichsen.com\\\/fr\\\/revendeurs\\\/#primaryimage\"},\"thumbnailUrl\":\"https:\\\/\\\/www.johannagullichsen.com\\\/wp-content\\\/uploads\\\/2021\\\/09\\\/Johanna-Gullichsen-Lasipalatsi-store-2.2.jpg\",\"datePublished\":\"2019-10-14T06:53:21+00:00\",\"dateModified\":\"2026-01-15T08:55:37+00:00\",\"description\":\"Johanna Gullichsen revendeurs tout autour du monde.\",\"breadcrumb\":{\"@id\":\"https:\\\/\\\/www.johannagullichsen.com\\\/fr\\\/revendeurs\\\/#breadcrumb\"},\"inLanguage\":\"fr-FR\",\"potentialAction\":[{\"@type\":\"ReadAction\",\"target\":[\"https:\\\/\\\/www.johannagullichsen.com\\\/fr\\\/revendeurs\\\/\"]}]},{\"@type\":\"ImageObject\",\"inLanguage\":\"fr-FR\",\"@id\":\"https:\\\/\\\/www.johannagullichsen.com\\\/fr\\\/revendeurs\\\/#primaryimage\",\"url\":\"https:\\\/\\\/www.johannagullichsen.com\\\/wp-content\\\/uploads\\\/2021\\\/09\\\/Johanna-Gullichsen-Lasipalatsi-store-2.2.jpg\",\"contentUrl\":\"https:\\\/\\\/www.johannagullichsen.com\\\/wp-content\\\/uploads\\\/2021\\\/09\\\/Johanna-Gullichsen-Lasipalatsi-store-2.2.jpg\",\"width\":1200,\"height\":487},{\"@type\":\"BreadcrumbList\",\"@id\":\"https:\\\/\\\/www.johannagullichsen.com\\\/fr\\\/revendeurs\\\/#breadcrumb\",\"itemListElement\":[{\"@type\":\"ListItem\",\"position\":1,\"name\":\"Home\",\"item\":\"https:\\\/\\\/www.johannagullichsen.com\\\/fr\\\/\"},{\"@type\":\"ListItem\",\"position\":2,\"name\":\"Revendeurs\"}]},{\"@type\":\"WebSite\",\"@id\":\"https:\\\/\\\/www.johannagullichsen.com\\\/fr\\\/#website\",\"url\":\"https:\\\/\\\/www.johannagullichsen.com\\\/fr\\\/\",\"name\":\"Johanna Gullichsen\",\"description\":\"\",\"potentialAction\":[{\"@type\":\"SearchAction\",\"target\":{\"@type\":\"EntryPoint\",\"urlTemplate\":\"https:\\\/\\\/www.johannagullichsen.com\\\/fr\\\/?s={search_term_string}\"},\"query-input\":{\"@type\":\"PropertyValueSpecification\",\"valueRequired\":true,\"valueName\":\"search_term_string\"}}],\"inLanguage\":\"fr-FR\"}]}<\/script>\n<!-- \/ Yoast SEO Premium plugin. -->","yoast_head_json":{"title":"Revendeurs - Johanna Gullichsen","description":"Johanna Gullichsen revendeurs tout autour du monde.","robots":{"index":"index","follow":"follow","max-snippet":"max-snippet:-1","max-image-preview":"max-image-preview:large","max-video-preview":"max-video-preview:-1"},"canonical":"https:\/\/www.johannagullichsen.com\/fr\/revendeurs\/","og_locale":"fr_FR","og_type":"article","og_title":"Revendeurs","og_description":"Johanna Gullichsen revendeurs tout autour du monde.","og_url":"https:\/\/www.johannagullichsen.com\/fr\/revendeurs\/","og_site_name":"Johanna Gullichsen","article_modified_time":"2026-01-15T08:55:37+00:00","og_image":[{"width":1200,"height":487,"url":"https:\/\/www.johannagullichsen.com\/wp-content\/uploads\/2021\/09\/Johanna-Gullichsen-Lasipalatsi-store-2.2.jpg","type":"image\/jpeg"}],"twitter_card":"summary_large_image","twitter_misc":{"Dur\u00e9e de lecture estim\u00e9e":"1 minute"},"schema":{"@context":"https:\/\/schema.org","@graph":[{"@type":"WebPage","@id":"https:\/\/www.johannagullichsen.com\/fr\/revendeurs\/","url":"https:\/\/www.johannagullichsen.com\/fr\/revendeurs\/","name":"Revendeurs - Johanna Gullichsen","isPartOf":{"@id":"https:\/\/www.johannagullichsen.com\/fr\/#website"},"primaryImageOfPage":{"@id":"https:\/\/www.johannagullichsen.com\/fr\/revendeurs\/#primaryimage"},"image":{"@id":"https:\/\/www.johannagullichsen.com\/fr\/revendeurs\/#primaryimage"},"thumbnailUrl":"https:\/\/www.johannagullichsen.com\/wp-content\/uploads\/2021\/09\/Johanna-Gullichsen-Lasipalatsi-store-2.2.jpg","datePublished":"2019-10-14T06:53:21+00:00","dateModified":"2026-01-15T08:55:37+00:00","description":"Johanna Gullichsen revendeurs tout autour du monde.","breadcrumb":{"@id":"https:\/\/www.johannagullichsen.com\/fr\/revendeurs\/#breadcrumb"},"inLanguage":"fr-FR","potentialAction":[{"@type":"ReadAction","target":["https:\/\/www.johannagullichsen.com\/fr\/revendeurs\/"]}]},{"@type":"ImageObject","inLanguage":"fr-FR","@id":"https:\/\/www.johannagullichsen.com\/fr\/revendeurs\/#primaryimage","url":"https:\/\/www.johannagullichsen.com\/wp-content\/uploads\/2021\/09\/Johanna-Gullichsen-Lasipalatsi-store-2.2.jpg","contentUrl":"https:\/\/www.johannagullichsen.com\/wp-content\/uploads\/2021\/09\/Johanna-Gullichsen-Lasipalatsi-store-2.2.jpg","width":1200,"height":487},{"@type":"BreadcrumbList","@id":"https:\/\/www.johannagullichsen.com\/fr\/revendeurs\/#breadcrumb","itemListElement":[{"@type":"ListItem","position":1,"name":"Home","item":"https:\/\/www.johannagullichsen.com\/fr\/"},{"@type":"ListItem","position":2,"name":"Revendeurs"}]},{"@type":"WebSite","@id":"https:\/\/www.johannagullichsen.com\/fr\/#website","url":"https:\/\/www.johannagullichsen.com\/fr\/","name":"Johanna Gullichsen","description":"","potentialAction":[{"@type":"SearchAction","target":{"@type":"EntryPoint","urlTemplate":"https:\/\/www.johannagullichsen.com\/fr\/?s={search_term_string}"},"query-input":{"@type":"PropertyValueSpecification","valueRequired":true,"valueName":"search_term_string"}}],"inLanguage":"fr-FR"}]}},"_links":{"self":[{"href":"https:\/\/www.johannagullichsen.com\/fr\/wp-json\/wp\/v2\/pages\/584","targetHints":{"allow":["GET"]}}],"collection":[{"href":"https:\/\/www.johannagullichsen.com\/fr\/wp-json\/wp\/v2\/pages"}],"about":[{"href":"https:\/\/www.johannagullichsen.com\/fr\/wp-json\/wp\/v2\/types\/page"}],"author":[{"embeddable":true,"href":"https:\/\/www.johannagullichsen.com\/fr\/wp-json\/wp\/v2\/users\/1"}],"replies":[{"embeddable":true,"href":"https:\/\/www.johannagullichsen.com\/fr\/wp-json\/wp\/v2\/comments?post=584"}],"version-history":[{"count":9,"href":"https:\/\/www.johannagullichsen.com\/fr\/wp-json\/wp\/v2\/pages\/584\/revisions"}],"predecessor-version":[{"id":29990,"href":"https:\/\/www.johannagullichsen.com\/fr\/wp-json\/wp\/v2\/pages\/584\/revisions\/29990"}],"wp:featuredmedia":[{"embeddable":true,"href":"https:\/\/www.johannagullichsen.com\/fr\/wp-json\/wp\/v2\/media\/12728"}],"wp:attachment":[{"href":"https:\/\/www.johannagullichsen.com\/fr\/wp-json\/wp\/v2\/media?parent=584"}],"curies":[{"name":"wp","href":"https:\/\/api.w.org\/{rel}","templated":true}]}}