{"id":6952,"date":"2019-06-05T08:33:29","date_gmt":"2019-06-05T05:33:29","guid":{"rendered":"https:\/\/www.johannagullichsen.com\/front-page\/"},"modified":"2026-03-26T16:03:45","modified_gmt":"2026-03-26T14:03:45","slug":"front-page","status":"publish","type":"page","link":"https:\/\/www.johannagullichsen.com\/fr\/","title":{"rendered":"Design finlandais sophistiqu\u00e9 &#8211; textiles de qualit\u00e9"},"content":{"rendered":"<h3>La couleur de l\u2019ann\u00e9e est Cirrus<\/h3>\n<p>Cirrus, la nuance des nuages de haute altitude, est comme un doux coup de pinceau dans le ciel. Elle \u00e9voque un sentiment de libert\u00e9.<\/p>\n","protected":false},"excerpt":{"rendered":"<p>La couleur de l\u2019ann\u00e9e est Cirrus Cirrus, la nuance des nuages de haute altitude, est comme un doux coup de pinceau dans le ciel. Elle \u00e9voque un sentiment de libert\u00e9.<\/p>\n","protected":false},"author":1,"featured_media":30578,"parent":0,"menu_order":0,"comment_status":"closed","ping_status":"open","template":"","meta":{"_acf_changed":false,"footnotes":""},"class_list":["post-6952","page","type-page","status-publish","has-post-thumbnail","hentry"],"acf":[],"yoast_head":"<!-- This site is optimized with the Yoast SEO Premium plugin v27.2 (Yoast SEO v27.2) - https:\/\/yoast.com\/product\/yoast-seo-premium-wordpress\/ -->\n<title>Design finlandais sophistiqu\u00e9 - textiles de qualit\u00e9 - Johanna Gullichsen<\/title>\n<meta name=\"description\" content=\"Textiles de qualit\u00e9, design Johanna Gullichsen. Tissus, tapis, coussins, couvre-lits, linge de bain, sacs et accessoires.\" \/>\n<meta name=\"robots\" content=\"index, follow, max-snippet:-1, max-image-preview:large, max-video-preview:-1\" \/>\n<link rel=\"canonical\" href=\"https:\/\/www.johannagullichsen.com\/fr\/\" \/>\n<meta property=\"og:locale\" content=\"fr_FR\" \/>\n<meta property=\"og:type\" content=\"article\" \/>\n<meta property=\"og:title\" content=\"Design finlandais sophistiqu\u00e9 - textiles de qualit\u00e9\" \/>\n<meta property=\"og:description\" content=\"Textiles de qualit\u00e9, design Johanna Gullichsen. Tissus, tapis, coussins, couvre-lits, linge de bain, sacs et accessoires.\" \/>\n<meta property=\"og:url\" content=\"https:\/\/www.johannagullichsen.com\/fr\/\" \/>\n<meta property=\"og:site_name\" content=\"Johanna Gullichsen\" \/>\n<meta property=\"article:modified_time\" content=\"2026-03-26T14:03:45+00:00\" \/>\n<meta property=\"og:image\" content=\"https:\/\/www.johannagullichsen.com\/wp-content\/uploads\/2026\/03\/Johanna-Gullichsen-Jacket-Doris-patina-front-1.jpg\" \/>\n\t<meta property=\"og:image:width\" content=\"1920\" \/>\n\t<meta property=\"og:image:height\" content=\"1000\" \/>\n\t<meta property=\"og:image:type\" content=\"image\/jpeg\" \/>\n<meta name=\"twitter:card\" content=\"summary_large_image\" \/>\n<meta name=\"twitter:label1\" content=\"Dur\u00e9e de lecture estim\u00e9e\" \/>\n\t<meta name=\"twitter:data1\" content=\"1 minute\" \/>\n<script type=\"application\/ld+json\" class=\"yoast-schema-graph\">{\"@context\":\"https:\/\/schema.org\",\"@graph\":[{\"@type\":\"WebPage\",\"@id\":\"https:\/\/www.johannagullichsen.com\/fr\/\",\"url\":\"https:\/\/www.johannagullichsen.com\/fr\/\",\"name\":\"Design finlandais sophistiqu\u00e9 - textiles de qualit\u00e9 - Johanna Gullichsen\",\"isPartOf\":{\"@id\":\"https:\/\/www.johannagullichsen.com\/fr\/#website\"},\"primaryImageOfPage\":{\"@id\":\"https:\/\/www.johannagullichsen.com\/fr\/#primaryimage\"},\"image\":{\"@id\":\"https:\/\/www.johannagullichsen.com\/fr\/#primaryimage\"},\"thumbnailUrl\":\"https:\/\/www.johannagullichsen.com\/wp-content\/uploads\/2026\/03\/Johanna-Gullichsen-Jacket-Doris-patina-front-1.jpg\",\"datePublished\":\"2019-06-05T05:33:29+00:00\",\"dateModified\":\"2026-03-26T14:03:45+00:00\",\"description\":\"Textiles de qualit\u00e9, design Johanna Gullichsen. Tissus, tapis, coussins, couvre-lits, linge de bain, sacs et accessoires.\",\"breadcrumb\":{\"@id\":\"https:\/\/www.johannagullichsen.com\/fr\/#breadcrumb\"},\"inLanguage\":\"fr-FR\",\"potentialAction\":[{\"@type\":\"ReadAction\",\"target\":[\"https:\/\/www.johannagullichsen.com\/fr\/\"]}]},{\"@type\":\"ImageObject\",\"inLanguage\":\"fr-FR\",\"@id\":\"https:\/\/www.johannagullichsen.com\/fr\/#primaryimage\",\"url\":\"https:\/\/www.johannagullichsen.com\/wp-content\/uploads\/2026\/03\/Johanna-Gullichsen-Jacket-Doris-patina-front-1.jpg\",\"contentUrl\":\"https:\/\/www.johannagullichsen.com\/wp-content\/uploads\/2026\/03\/Johanna-Gullichsen-Jacket-Doris-patina-front-1.jpg\",\"width\":1920,\"height\":1000},{\"@type\":\"BreadcrumbList\",\"@id\":\"https:\/\/www.johannagullichsen.com\/fr\/#breadcrumb\",\"itemListElement\":[{\"@type\":\"ListItem\",\"position\":1,\"name\":\"Home\",\"item\":\"https:\/\/www.johannagullichsen.com\/fr\/\"},{\"@type\":\"ListItem\",\"position\":2,\"name\":\"Design finlandais sophistiqu\u00e9 &#8211; textiles de qualit\u00e9\"}]},{\"@type\":\"WebSite\",\"@id\":\"https:\/\/www.johannagullichsen.com\/fr\/#website\",\"url\":\"https:\/\/www.johannagullichsen.com\/fr\/\",\"name\":\"Johanna Gullichsen\",\"description\":\"\",\"potentialAction\":[{\"@type\":\"SearchAction\",\"target\":{\"@type\":\"EntryPoint\",\"urlTemplate\":\"https:\/\/www.johannagullichsen.com\/fr\/?s={search_term_string}\"},\"query-input\":{\"@type\":\"PropertyValueSpecification\",\"valueRequired\":true,\"valueName\":\"search_term_string\"}}],\"inLanguage\":\"fr-FR\"}]}<\/script>\n<!-- \/ Yoast SEO Premium plugin. -->","yoast_head_json":{"title":"Design finlandais sophistiqu\u00e9 - textiles de qualit\u00e9 - Johanna Gullichsen","description":"Textiles de qualit\u00e9, design Johanna Gullichsen. Tissus, tapis, coussins, couvre-lits, linge de bain, sacs et accessoires.","robots":{"index":"index","follow":"follow","max-snippet":"max-snippet:-1","max-image-preview":"max-image-preview:large","max-video-preview":"max-video-preview:-1"},"canonical":"https:\/\/www.johannagullichsen.com\/fr\/","og_locale":"fr_FR","og_type":"article","og_title":"Design finlandais sophistiqu\u00e9 - textiles de qualit\u00e9","og_description":"Textiles de qualit\u00e9, design Johanna Gullichsen. Tissus, tapis, coussins, couvre-lits, linge de bain, sacs et accessoires.","og_url":"https:\/\/www.johannagullichsen.com\/fr\/","og_site_name":"Johanna Gullichsen","article_modified_time":"2026-03-26T14:03:45+00:00","og_image":[{"width":1920,"height":1000,"url":"https:\/\/www.johannagullichsen.com\/wp-content\/uploads\/2026\/03\/Johanna-Gullichsen-Jacket-Doris-patina-front-1.jpg","type":"image\/jpeg"}],"twitter_card":"summary_large_image","twitter_misc":{"Dur\u00e9e de lecture estim\u00e9e":"1 minute"},"schema":{"@context":"https:\/\/schema.org","@graph":[{"@type":"WebPage","@id":"https:\/\/www.johannagullichsen.com\/fr\/","url":"https:\/\/www.johannagullichsen.com\/fr\/","name":"Design finlandais sophistiqu\u00e9 - textiles de qualit\u00e9 - Johanna Gullichsen","isPartOf":{"@id":"https:\/\/www.johannagullichsen.com\/fr\/#website"},"primaryImageOfPage":{"@id":"https:\/\/www.johannagullichsen.com\/fr\/#primaryimage"},"image":{"@id":"https:\/\/www.johannagullichsen.com\/fr\/#primaryimage"},"thumbnailUrl":"https:\/\/www.johannagullichsen.com\/wp-content\/uploads\/2026\/03\/Johanna-Gullichsen-Jacket-Doris-patina-front-1.jpg","datePublished":"2019-06-05T05:33:29+00:00","dateModified":"2026-03-26T14:03:45+00:00","description":"Textiles de qualit\u00e9, design Johanna Gullichsen. Tissus, tapis, coussins, couvre-lits, linge de bain, sacs et accessoires.","breadcrumb":{"@id":"https:\/\/www.johannagullichsen.com\/fr\/#breadcrumb"},"inLanguage":"fr-FR","potentialAction":[{"@type":"ReadAction","target":["https:\/\/www.johannagullichsen.com\/fr\/"]}]},{"@type":"ImageObject","inLanguage":"fr-FR","@id":"https:\/\/www.johannagullichsen.com\/fr\/#primaryimage","url":"https:\/\/www.johannagullichsen.com\/wp-content\/uploads\/2026\/03\/Johanna-Gullichsen-Jacket-Doris-patina-front-1.jpg","contentUrl":"https:\/\/www.johannagullichsen.com\/wp-content\/uploads\/2026\/03\/Johanna-Gullichsen-Jacket-Doris-patina-front-1.jpg","width":1920,"height":1000},{"@type":"BreadcrumbList","@id":"https:\/\/www.johannagullichsen.com\/fr\/#breadcrumb","itemListElement":[{"@type":"ListItem","position":1,"name":"Home","item":"https:\/\/www.johannagullichsen.com\/fr\/"},{"@type":"ListItem","position":2,"name":"Design finlandais sophistiqu\u00e9 &#8211; textiles de qualit\u00e9"}]},{"@type":"WebSite","@id":"https:\/\/www.johannagullichsen.com\/fr\/#website","url":"https:\/\/www.johannagullichsen.com\/fr\/","name":"Johanna Gullichsen","description":"","potentialAction":[{"@type":"SearchAction","target":{"@type":"EntryPoint","urlTemplate":"https:\/\/www.johannagullichsen.com\/fr\/?s={search_term_string}"},"query-input":{"@type":"PropertyValueSpecification","valueRequired":true,"valueName":"search_term_string"}}],"inLanguage":"fr-FR"}]}},"_links":{"self":[{"href":"https:\/\/www.johannagullichsen.com\/fr\/wp-json\/wp\/v2\/pages\/6952","targetHints":{"allow":["GET"]}}],"collection":[{"href":"https:\/\/www.johannagullichsen.com\/fr\/wp-json\/wp\/v2\/pages"}],"about":[{"href":"https:\/\/www.johannagullichsen.com\/fr\/wp-json\/wp\/v2\/types\/page"}],"author":[{"embeddable":true,"href":"https:\/\/www.johannagullichsen.com\/fr\/wp-json\/wp\/v2\/users\/1"}],"replies":[{"embeddable":true,"href":"https:\/\/www.johannagullichsen.com\/fr\/wp-json\/wp\/v2\/comments?post=6952"}],"version-history":[{"count":76,"href":"https:\/\/www.johannagullichsen.com\/fr\/wp-json\/wp\/v2\/pages\/6952\/revisions"}],"predecessor-version":[{"id":30584,"href":"https:\/\/www.johannagullichsen.com\/fr\/wp-json\/wp\/v2\/pages\/6952\/revisions\/30584"}],"wp:featuredmedia":[{"embeddable":true,"href":"https:\/\/www.johannagullichsen.com\/fr\/wp-json\/wp\/v2\/media\/30578"}],"wp:attachment":[{"href":"https:\/\/www.johannagullichsen.com\/fr\/wp-json\/wp\/v2\/media?parent=6952"}],"curies":[{"name":"wp","href":"https:\/\/api.w.org\/{rel}","templated":true}]}}