{"id":8469,"date":"2020-06-08T09:50:40","date_gmt":"2020-06-08T06:50:40","guid":{"rendered":"https:\/\/www.johannagullichsen.com\/payments\/"},"modified":"2021-05-14T08:11:27","modified_gmt":"2021-05-14T05:11:27","slug":"conditions-de-vente","status":"publish","type":"page","link":"https:\/\/www.johannagullichsen.com\/fr\/conditions-de-vente\/","title":{"rendered":"Moyens de payement"},"content":{"rendered":"<p>Le client reconna\u00eet avoir pris connaissance, au moment de la passation de la commande, des conditions particuli\u00e8res de ventes \u00e9nonc\u00e9es sur ces pages et d\u00e9clare express\u00e9ment les accepter sans r\u00e9serves. Merci de les lire attentivement.<\/p>\n<h3>Moyens de payement<\/h3>\n<p>Nous acceptons les cartes bancaires de type Visa, Visa Electron et MasterCard. Si vous utilisez Visa, Visa Electron ou Mastercard, la soci\u00e9t\u00e9 Johanna Gullichsen assure uniquement le marketing des produits et services, ainsi que la livraison des produits \u00e0 l&rsquo;acheteur.<\/p>\n<p>Paytrail Oyj agit en tant que vendeur dans les transactions effectu\u00e9es avec Visa, Visa Electron and MasterCard et la vente est conclue entre l&rsquo;acheteur et Paytrail Oyj. Toutes les obligations concernant la vente incombent \u00e0 Paytrail Oyj. Le vendeur est \u00e9galement responsable de toute reclamation qui peut \u00eatre pr\u00e9sent\u00e9. Paytrail Oyj est le d\u00e9stinaire de tout payement.<\/p>\n<p>Paytrail Oyj<br \/>\nR.C.S: 2122839-7<br \/>\nInnova 2<br \/>\nLutakonaukio 7<br \/>\n40100 Jyv\u00e4skyl\u00e4<br \/>\nT\u00e9l:+358 207 181830<\/p>\n<h3>Prix<\/h3>\n<p>Les prix indiqu\u00e9s sur notre site sont exprim\u00e9 en euros, TVA finlandais inclus (24%). Les frais de livraison et\/ou de droits de douanes ne sont pas inclus. Des commandes en provenance de hors Communaut\u00e9 Europ\u00e9enne peuvent \u00eatre assujetti au droits de douanes. De frais de douanes et\/ou imp\u00f4ts sont \u00e0 la charge du client et doivent \u00eatre r\u00e9gl\u00e9s au moment de la livraison.<\/p>\n<h3>Confirmation de commande<\/h3>\n<p>Le fait de passer une commande n&rsquo;est pas un contrat et ne constitue pas une acceptation de vente de notre part avant que nous ayons confirm\u00e9 la disponibilit\u00e9 des produits et que le paiement ainsi que des frais et\/ou droits de douanes \u00e9ventuels nous sont parvenus. Nous confirmons l&rsquo;acceptation de la commande une fois ces conditions remplies.<\/p>\n<p>Johanna Gullichsen.com se r\u00e9serve le droit d&rsquo;accepter ou d&rsquo;annuler, voir de limiter une commande pour quelques raisons que se soient telles que la non validit\u00e9 d&rsquo;une op\u00e9ration bancaire, une erreur dans la d\u00e9signation d&rsquo;un produit, de son prix ou de sa description. La responsabilit\u00e9 de Johanna Gullichsen.com est enti\u00e8re \u00e0 hauteur du prix effectivement pay\u00e9 pour un produit achet\u00e9 sur ce site, et exclut toute ind\u00e9mnisation au-del\u00e0. En effectuant votre commande, vous acceptez ces termes et conditions d&rsquo;achat.<\/p>\n","protected":false},"excerpt":{"rendered":"<p>Le client reconna\u00eet avoir pris connaissance, au moment de la passation de la commande, des conditions particuli\u00e8res de ventes \u00e9nonc\u00e9es sur ces pages et d\u00e9clare express\u00e9ment les accepter sans r\u00e9serves.&hellip;<\/p>\n","protected":false},"author":1,"featured_media":0,"parent":0,"menu_order":0,"comment_status":"closed","ping_status":"closed","template":"","meta":{"_acf_changed":false,"footnotes":""},"class_list":["post-8469","page","type-page","status-publish","hentry"],"acf":[],"yoast_head":"<!-- This site is optimized with the Yoast SEO Premium plugin v27.2 (Yoast SEO v27.5) - https:\/\/yoast.com\/product\/yoast-seo-premium-wordpress\/ -->\n<title>Moyens de payement - Johanna Gullichsen<\/title>\n<meta name=\"description\" content=\"Moyens de payement\" \/>\n<meta name=\"robots\" content=\"index, follow, max-snippet:-1, max-image-preview:large, max-video-preview:-1\" \/>\n<link rel=\"canonical\" href=\"https:\/\/www.johannagullichsen.com\/fr\/conditions-de-vente\/\" \/>\n<meta property=\"og:locale\" content=\"fr_FR\" \/>\n<meta property=\"og:type\" content=\"article\" \/>\n<meta property=\"og:title\" content=\"Moyens de payement\" \/>\n<meta property=\"og:description\" content=\"Moyens de payement\" \/>\n<meta property=\"og:url\" content=\"https:\/\/www.johannagullichsen.com\/fr\/conditions-de-vente\/\" \/>\n<meta property=\"og:site_name\" content=\"Johanna Gullichsen\" \/>\n<meta property=\"article:modified_time\" content=\"2021-05-14T05:11:27+00:00\" \/>\n<meta name=\"twitter:card\" content=\"summary_large_image\" \/>\n<meta name=\"twitter:label1\" content=\"Dur\u00e9e de lecture estim\u00e9e\" \/>\n\t<meta name=\"twitter:data1\" content=\"2 minutes\" \/>\n<script type=\"application\/ld+json\" class=\"yoast-schema-graph\">{\"@context\":\"https:\\\/\\\/schema.org\",\"@graph\":[{\"@type\":\"WebPage\",\"@id\":\"https:\\\/\\\/www.johannagullichsen.com\\\/fr\\\/conditions-de-vente\\\/\",\"url\":\"https:\\\/\\\/www.johannagullichsen.com\\\/fr\\\/conditions-de-vente\\\/\",\"name\":\"Moyens de payement - Johanna Gullichsen\",\"isPartOf\":{\"@id\":\"https:\\\/\\\/www.johannagullichsen.com\\\/fr\\\/#website\"},\"datePublished\":\"2020-06-08T06:50:40+00:00\",\"dateModified\":\"2021-05-14T05:11:27+00:00\",\"description\":\"Moyens de payement\",\"breadcrumb\":{\"@id\":\"https:\\\/\\\/www.johannagullichsen.com\\\/fr\\\/conditions-de-vente\\\/#breadcrumb\"},\"inLanguage\":\"fr-FR\",\"potentialAction\":[{\"@type\":\"ReadAction\",\"target\":[\"https:\\\/\\\/www.johannagullichsen.com\\\/fr\\\/conditions-de-vente\\\/\"]}]},{\"@type\":\"BreadcrumbList\",\"@id\":\"https:\\\/\\\/www.johannagullichsen.com\\\/fr\\\/conditions-de-vente\\\/#breadcrumb\",\"itemListElement\":[{\"@type\":\"ListItem\",\"position\":1,\"name\":\"Home\",\"item\":\"https:\\\/\\\/www.johannagullichsen.com\\\/fr\\\/\"},{\"@type\":\"ListItem\",\"position\":2,\"name\":\"Moyens de payement\"}]},{\"@type\":\"WebSite\",\"@id\":\"https:\\\/\\\/www.johannagullichsen.com\\\/fr\\\/#website\",\"url\":\"https:\\\/\\\/www.johannagullichsen.com\\\/fr\\\/\",\"name\":\"Johanna Gullichsen\",\"description\":\"\",\"potentialAction\":[{\"@type\":\"SearchAction\",\"target\":{\"@type\":\"EntryPoint\",\"urlTemplate\":\"https:\\\/\\\/www.johannagullichsen.com\\\/fr\\\/?s={search_term_string}\"},\"query-input\":{\"@type\":\"PropertyValueSpecification\",\"valueRequired\":true,\"valueName\":\"search_term_string\"}}],\"inLanguage\":\"fr-FR\"}]}<\/script>\n<!-- \/ Yoast SEO Premium plugin. -->","yoast_head_json":{"title":"Moyens de payement - Johanna Gullichsen","description":"Moyens de payement","robots":{"index":"index","follow":"follow","max-snippet":"max-snippet:-1","max-image-preview":"max-image-preview:large","max-video-preview":"max-video-preview:-1"},"canonical":"https:\/\/www.johannagullichsen.com\/fr\/conditions-de-vente\/","og_locale":"fr_FR","og_type":"article","og_title":"Moyens de payement","og_description":"Moyens de payement","og_url":"https:\/\/www.johannagullichsen.com\/fr\/conditions-de-vente\/","og_site_name":"Johanna Gullichsen","article_modified_time":"2021-05-14T05:11:27+00:00","twitter_card":"summary_large_image","twitter_misc":{"Dur\u00e9e de lecture estim\u00e9e":"2 minutes"},"schema":{"@context":"https:\/\/schema.org","@graph":[{"@type":"WebPage","@id":"https:\/\/www.johannagullichsen.com\/fr\/conditions-de-vente\/","url":"https:\/\/www.johannagullichsen.com\/fr\/conditions-de-vente\/","name":"Moyens de payement - Johanna Gullichsen","isPartOf":{"@id":"https:\/\/www.johannagullichsen.com\/fr\/#website"},"datePublished":"2020-06-08T06:50:40+00:00","dateModified":"2021-05-14T05:11:27+00:00","description":"Moyens de payement","breadcrumb":{"@id":"https:\/\/www.johannagullichsen.com\/fr\/conditions-de-vente\/#breadcrumb"},"inLanguage":"fr-FR","potentialAction":[{"@type":"ReadAction","target":["https:\/\/www.johannagullichsen.com\/fr\/conditions-de-vente\/"]}]},{"@type":"BreadcrumbList","@id":"https:\/\/www.johannagullichsen.com\/fr\/conditions-de-vente\/#breadcrumb","itemListElement":[{"@type":"ListItem","position":1,"name":"Home","item":"https:\/\/www.johannagullichsen.com\/fr\/"},{"@type":"ListItem","position":2,"name":"Moyens de payement"}]},{"@type":"WebSite","@id":"https:\/\/www.johannagullichsen.com\/fr\/#website","url":"https:\/\/www.johannagullichsen.com\/fr\/","name":"Johanna Gullichsen","description":"","potentialAction":[{"@type":"SearchAction","target":{"@type":"EntryPoint","urlTemplate":"https:\/\/www.johannagullichsen.com\/fr\/?s={search_term_string}"},"query-input":{"@type":"PropertyValueSpecification","valueRequired":true,"valueName":"search_term_string"}}],"inLanguage":"fr-FR"}]}},"_links":{"self":[{"href":"https:\/\/www.johannagullichsen.com\/fr\/wp-json\/wp\/v2\/pages\/8469","targetHints":{"allow":["GET"]}}],"collection":[{"href":"https:\/\/www.johannagullichsen.com\/fr\/wp-json\/wp\/v2\/pages"}],"about":[{"href":"https:\/\/www.johannagullichsen.com\/fr\/wp-json\/wp\/v2\/types\/page"}],"author":[{"embeddable":true,"href":"https:\/\/www.johannagullichsen.com\/fr\/wp-json\/wp\/v2\/users\/1"}],"replies":[{"embeddable":true,"href":"https:\/\/www.johannagullichsen.com\/fr\/wp-json\/wp\/v2\/comments?post=8469"}],"version-history":[{"count":3,"href":"https:\/\/www.johannagullichsen.com\/fr\/wp-json\/wp\/v2\/pages\/8469\/revisions"}],"predecessor-version":[{"id":9179,"href":"https:\/\/www.johannagullichsen.com\/fr\/wp-json\/wp\/v2\/pages\/8469\/revisions\/9179"}],"wp:attachment":[{"href":"https:\/\/www.johannagullichsen.com\/fr\/wp-json\/wp\/v2\/media?parent=8469"}],"curies":[{"name":"wp","href":"https:\/\/api.w.org\/{rel}","templated":true}]}}