{"id":8484,"date":"2019-06-05T08:33:29","date_gmt":"2019-06-05T05:33:29","guid":{"rendered":"https:\/\/www.johannagullichsen.com\/privacy-policy\/"},"modified":"2020-11-09T23:07:42","modified_gmt":"2020-11-09T21:07:42","slug":"confidentialite","status":"publish","type":"page","link":"https:\/\/www.johannagullichsen.com\/fr\/confidentialite\/","title":{"rendered":"Confidentialit\u00e9"},"content":{"rendered":"\r\n<p>Nous recueillons des informations aupr\u00e8s des clients qui passent des commandes dans notre boutique en ligne. Lors de la commande et de l&rsquo;enregistrement en tant que client, nous vous demandons votre nom, votre adresse, votre num\u00e9ro de t\u00e9l\u00e9phone et votre adresse \u00e9lectronique. Les informations sont recueillies sur la base du consentement.<\/p>\r\n<h3 class=\"wp-block-heading\">D\u00e9claration du registre des clients<\/h3>\r\n<p>Les informations sont stock\u00e9es dans un registre tenu par Johanna Gullichsen Oy Ab (Business ID: 1068430-3) et dont le nom est Le Registre des Clients de Johanna Gullichsen Oy. Les donn\u00e9es ne seront divulgu\u00e9es qu&rsquo;au responsable du traitement. Les informations obtenues ne seront pas transmises \u00e0 des tiers ou en dehors de l&rsquo;UE. Lorsque vous utilisez le service, notre syst\u00e8me stocke certaines de vos activit\u00e9s dans une base de donn\u00e9es. Nous stockons les commandes et l&rsquo;historique des commandes dans le syst\u00e8me, entre autres, ainsi que la communication entre les clients et notre service. Les donn\u00e9es de l&rsquo;utilisateur sont conserv\u00e9es pour l&rsquo;instant ou jusqu&rsquo;\u00e0 ce que la personne concern\u00e9e souhaite modifier ou supprimer ses donn\u00e9es.<\/p>\r\n<p><span data-sheets-formula-bar-text-style=\"font-size:16px;color:#000000;font-weight:normal;text-decoration:none;font-family:'Arial';font-style:normal;text-decoration-skip-ink:none;\">Si vous avez des questions concernant notre politique de confidentialit\u00e9 ou notre registre, vous pouvez nous contacter par courrier \u00e9lectronique \u00e0 l&rsquo;adresse info@johannagullichsen.com <\/span><span data-sheets-formula-bar-text-style=\"font-size:16px;color:#ff0000;font-weight:normal;text-decoration:none;font-family:''Arial'';font-style:normal;text-decoration-skip-ink:none;\">ou par telephone : +358 9 637 917 (lun-ven 10-18 Finlande).<\/span><\/p>\r\n<h3><strong>Droit applicable et juridiction<\/strong><\/h3>\r\n<p>Nous nous effor\u00e7ons de trouver une solution convenant \u00e0 nos clients en cas de diff\u00e9rend. Si toutefois il y aura litige entre les parties, il sera arbitr\u00e9 selon la loi Finlandaise, Johanna Gullichsen Oy \u00e9tant domi\u00e7ili\u00e9 en Finlande et pays dans lequel la transaction est effectu\u00e9e. Johanna Gullichsen Oy suit les recommandations de l&rsquo;organisme des droits des consommateurs.<\/p>\r\n","protected":false},"excerpt":{"rendered":"<p>Nous recueillons des informations aupr\u00e8s des clients qui passent des commandes dans notre boutique en ligne. Lors de la commande et de l&rsquo;enregistrement en tant que client, nous vous demandons&hellip;<\/p>\n","protected":false},"author":1,"featured_media":0,"parent":0,"menu_order":0,"comment_status":"closed","ping_status":"open","template":"","meta":{"_acf_changed":false,"footnotes":""},"class_list":["post-8484","page","type-page","status-publish","hentry"],"acf":[],"yoast_head":"<!-- This site is optimized with the Yoast SEO Premium plugin v27.2 (Yoast SEO v27.2) - https:\/\/yoast.com\/product\/yoast-seo-premium-wordpress\/ -->\n<title>Confidentialit\u00e9 - Johanna Gullichsen<\/title>\n<meta name=\"robots\" content=\"index, follow, max-snippet:-1, max-image-preview:large, max-video-preview:-1\" \/>\n<link rel=\"canonical\" href=\"https:\/\/www.johannagullichsen.com\/fr\/confidentialite\/\" \/>\n<meta property=\"og:locale\" content=\"fr_FR\" \/>\n<meta property=\"og:type\" content=\"article\" \/>\n<meta property=\"og:title\" content=\"Confidentialit\u00e9\" \/>\n<meta property=\"og:description\" content=\"Nous recueillons des informations aupr\u00e8s des clients qui passent des commandes dans notre boutique en ligne. Lors de la commande et de l&rsquo;enregistrement en tant que client, nous vous demandons&hellip;\" \/>\n<meta property=\"og:url\" content=\"https:\/\/www.johannagullichsen.com\/fr\/confidentialite\/\" \/>\n<meta property=\"og:site_name\" content=\"Johanna Gullichsen\" \/>\n<meta property=\"article:modified_time\" content=\"2020-11-09T21:07:42+00:00\" \/>\n<meta name=\"twitter:card\" content=\"summary_large_image\" \/>\n<meta name=\"twitter:label1\" content=\"Dur\u00e9e de lecture estim\u00e9e\" \/>\n\t<meta name=\"twitter:data1\" content=\"1 minute\" \/>\n<script type=\"application\/ld+json\" class=\"yoast-schema-graph\">{\"@context\":\"https:\/\/schema.org\",\"@graph\":[{\"@type\":\"WebPage\",\"@id\":\"https:\/\/www.johannagullichsen.com\/fr\/confidentialite\/\",\"url\":\"https:\/\/www.johannagullichsen.com\/fr\/confidentialite\/\",\"name\":\"Confidentialit\u00e9 - Johanna Gullichsen\",\"isPartOf\":{\"@id\":\"https:\/\/www.johannagullichsen.com\/fr\/#website\"},\"datePublished\":\"2019-06-05T05:33:29+00:00\",\"dateModified\":\"2020-11-09T21:07:42+00:00\",\"breadcrumb\":{\"@id\":\"https:\/\/www.johannagullichsen.com\/fr\/confidentialite\/#breadcrumb\"},\"inLanguage\":\"fr-FR\",\"potentialAction\":[{\"@type\":\"ReadAction\",\"target\":[\"https:\/\/www.johannagullichsen.com\/fr\/confidentialite\/\"]}]},{\"@type\":\"BreadcrumbList\",\"@id\":\"https:\/\/www.johannagullichsen.com\/fr\/confidentialite\/#breadcrumb\",\"itemListElement\":[{\"@type\":\"ListItem\",\"position\":1,\"name\":\"Home\",\"item\":\"https:\/\/www.johannagullichsen.com\/fr\/\"},{\"@type\":\"ListItem\",\"position\":2,\"name\":\"Confidentialit\u00e9\"}]},{\"@type\":\"WebSite\",\"@id\":\"https:\/\/www.johannagullichsen.com\/fr\/#website\",\"url\":\"https:\/\/www.johannagullichsen.com\/fr\/\",\"name\":\"Johanna Gullichsen\",\"description\":\"\",\"potentialAction\":[{\"@type\":\"SearchAction\",\"target\":{\"@type\":\"EntryPoint\",\"urlTemplate\":\"https:\/\/www.johannagullichsen.com\/fr\/?s={search_term_string}\"},\"query-input\":{\"@type\":\"PropertyValueSpecification\",\"valueRequired\":true,\"valueName\":\"search_term_string\"}}],\"inLanguage\":\"fr-FR\"}]}<\/script>\n<!-- \/ Yoast SEO Premium plugin. -->","yoast_head_json":{"title":"Confidentialit\u00e9 - Johanna Gullichsen","robots":{"index":"index","follow":"follow","max-snippet":"max-snippet:-1","max-image-preview":"max-image-preview:large","max-video-preview":"max-video-preview:-1"},"canonical":"https:\/\/www.johannagullichsen.com\/fr\/confidentialite\/","og_locale":"fr_FR","og_type":"article","og_title":"Confidentialit\u00e9","og_description":"Nous recueillons des informations aupr\u00e8s des clients qui passent des commandes dans notre boutique en ligne. Lors de la commande et de l&rsquo;enregistrement en tant que client, nous vous demandons&hellip;","og_url":"https:\/\/www.johannagullichsen.com\/fr\/confidentialite\/","og_site_name":"Johanna Gullichsen","article_modified_time":"2020-11-09T21:07:42+00:00","twitter_card":"summary_large_image","twitter_misc":{"Dur\u00e9e de lecture estim\u00e9e":"1 minute"},"schema":{"@context":"https:\/\/schema.org","@graph":[{"@type":"WebPage","@id":"https:\/\/www.johannagullichsen.com\/fr\/confidentialite\/","url":"https:\/\/www.johannagullichsen.com\/fr\/confidentialite\/","name":"Confidentialit\u00e9 - Johanna Gullichsen","isPartOf":{"@id":"https:\/\/www.johannagullichsen.com\/fr\/#website"},"datePublished":"2019-06-05T05:33:29+00:00","dateModified":"2020-11-09T21:07:42+00:00","breadcrumb":{"@id":"https:\/\/www.johannagullichsen.com\/fr\/confidentialite\/#breadcrumb"},"inLanguage":"fr-FR","potentialAction":[{"@type":"ReadAction","target":["https:\/\/www.johannagullichsen.com\/fr\/confidentialite\/"]}]},{"@type":"BreadcrumbList","@id":"https:\/\/www.johannagullichsen.com\/fr\/confidentialite\/#breadcrumb","itemListElement":[{"@type":"ListItem","position":1,"name":"Home","item":"https:\/\/www.johannagullichsen.com\/fr\/"},{"@type":"ListItem","position":2,"name":"Confidentialit\u00e9"}]},{"@type":"WebSite","@id":"https:\/\/www.johannagullichsen.com\/fr\/#website","url":"https:\/\/www.johannagullichsen.com\/fr\/","name":"Johanna Gullichsen","description":"","potentialAction":[{"@type":"SearchAction","target":{"@type":"EntryPoint","urlTemplate":"https:\/\/www.johannagullichsen.com\/fr\/?s={search_term_string}"},"query-input":{"@type":"PropertyValueSpecification","valueRequired":true,"valueName":"search_term_string"}}],"inLanguage":"fr-FR"}]}},"_links":{"self":[{"href":"https:\/\/www.johannagullichsen.com\/fr\/wp-json\/wp\/v2\/pages\/8484","targetHints":{"allow":["GET"]}}],"collection":[{"href":"https:\/\/www.johannagullichsen.com\/fr\/wp-json\/wp\/v2\/pages"}],"about":[{"href":"https:\/\/www.johannagullichsen.com\/fr\/wp-json\/wp\/v2\/types\/page"}],"author":[{"embeddable":true,"href":"https:\/\/www.johannagullichsen.com\/fr\/wp-json\/wp\/v2\/users\/1"}],"replies":[{"embeddable":true,"href":"https:\/\/www.johannagullichsen.com\/fr\/wp-json\/wp\/v2\/comments?post=8484"}],"version-history":[{"count":7,"href":"https:\/\/www.johannagullichsen.com\/fr\/wp-json\/wp\/v2\/pages\/8484\/revisions"}],"predecessor-version":[{"id":9774,"href":"https:\/\/www.johannagullichsen.com\/fr\/wp-json\/wp\/v2\/pages\/8484\/revisions\/9774"}],"wp:attachment":[{"href":"https:\/\/www.johannagullichsen.com\/fr\/wp-json\/wp\/v2\/media?parent=8484"}],"curies":[{"name":"wp","href":"https:\/\/api.w.org\/{rel}","templated":true}]}}