{"id":8636,"date":"2020-04-01T13:50:24","date_gmt":"2020-04-01T10:50:24","guid":{"rendered":"https:\/\/www.johannagullichsen.com\/maintenance-and-care\/"},"modified":"2026-03-11T15:44:42","modified_gmt":"2026-03-11T13:44:42","slug":"conseils-dentretien","status":"publish","type":"page","link":"https:\/\/www.johannagullichsen.com\/fr\/conseils-dentretien\/","title":{"rendered":"Conseils d&rsquo;entretien"},"content":{"rendered":"<p>Tous les textiles de Johanna Gullichsen sont con\u00e7us en mettant l&rsquo;accent sur la long\u00e9vit\u00e9. Un bon entretien am\u00e9liorera leur durabilit\u00e9 et leurs qualit\u00e9s texturales. Toujours fabriqu\u00e9s \u00e0 partir des meilleurs mat\u00e9riaux naturels et avec un savoir-faire de haut niveau, les textiles sont plus agr\u00e9ables au toucher et plus beaux lorsqu&rsquo;ils sont bien entretenus. Certains tissus, comme le lin, deviendront plus doux, plus somptueux et s&rsquo;am\u00e9lioreront avec le temps.<\/p>\n<p>Pour prolonger leur dur\u00e9e de vie et r\u00e9duire l&rsquo;impact sur l&rsquo;environnement, il est recommand\u00e9 de suivre les instructions d&rsquo;entretien de chaque cat\u00e9gorie de textile. Il est recommand\u00e9 d&rsquo;utiliser un d\u00e9tergent neutre et de laver \u00e0 la temp\u00e9rature recommand\u00e9 pour chaque mati\u00e8re.<\/p>\n<p>Notre \u00e9quipe se tient \u00e0 votre disposition pour toute r\u00e9paration et toute question relative \u00e0 l&rsquo;entretien. Les articles pr\u00e9sentant des signes d&rsquo;usure ou des pi\u00e8ces endommag\u00e9es peuvent nous \u00eatre ramen\u00e9s pour \u00eatre r\u00e9par\u00e9s. Nos tissus sont con\u00e7us pour une qualit\u00e9 durable et nous vous aiderons \u00e0 choisir les meilleurs mat\u00e9riaux pour chaque utilisation.<\/p>\n<h4>COTON<\/h4>\n<p>Collection Normandie, collection Ribbon<br \/>\nTissus en coton durable, convient pour l&rsquo;ameublement et aux accessoires.<br \/>\nR\u00e9tr\u00e9cissement de 5 \u00e0 8 %.<br \/>\nLavage en machine \u00e0 60\u00b0C.<br \/>\nNe pas blanchir.<br \/>\nEssorage doux, remettre en forme encore humide.<br \/>\nIl est pr\u00e9f\u00e9rable de faire secher le linge suspendu.<br \/>\nRepasser le linge encore humide avec un fer \u00e0 vapeur, maximum 200\u00b0C.<\/p>\n<h4>LIN<\/h4>\n<p>Collection Savoy, Collection Pure, Collection Damast<br \/>\nChoisir une lessive neutre (sans azurants optiques).<br \/>\nS\u00e9lectionner un programme \u00e0 60\u00b0C maximum et un essorage mod\u00e9r\u00e9.<br \/>\nRincer dans un grand volume d&rsquo;eau.<br \/>\nNe pas blanchir \u00e0 l&rsquo;aide de produits \u00e0 base de chlore.<br \/>\nA chaque lavage, le lin \u00e9cru blanchit naturellement et devient de plus en plus doux et chatoyant.<br \/>\nIl est pr\u00e9f\u00e9rable de faire secher le linge suspendu.<br \/>\nLe s\u00e8che-linge peut causer des plis ind\u00e9sirables et rendre le repassage plus difficile.<br \/>\nRepasser le linge encore humide avec un fer \u00e0 vapeur, de pr\u00e9f\u00e9rence \u00e0 l&rsquo;envers, maximum 200\u00b0C.<br \/>\nUn calendrage \u00e0 froid donne un excellent r\u00e9sultat et fait sortir le luminance du lin.<\/p>\n<h4>LAINE M\u00c9LANG\u00c9E<\/h4>\n<p>Collection Contract<br \/>\nTissus en m\u00e9lange de laine utilis\u00e9s pour la d\u00e9coration, l&rsquo;ameublement et les accessoires. La laine est naturellement r\u00e9sistante \u00e0 la salet\u00e9 et ignifuge. Les taches sont g\u00e9n\u00e9ralement faciles \u00e0 enlever. Le meilleur entretien des produits en laine est l&rsquo;a\u00e9ration.<br \/>\nLavage \u00e0 30\u00b0C, programme laine ou lavage \u00e0 la main.<br \/>\nRincez bien, essorage doux.<br \/>\nNe pas utiliser d&rsquo;eau de javel.<br \/>\nS\u00e9chage suspendu, ne pas utiliser le s\u00e8che linge.<br \/>\nRepassez doucement la laine \u00e0 une temp\u00e9rature maximale de 150\u00b0C ( attention le repassage \u00e0 la vapeur peut provoquer un r\u00e9tr\u00e9cissement irr\u00e9gulier surtout sur les tissus Contract).<\/p>\n<p>&nbsp;<\/p>\n","protected":false},"excerpt":{"rendered":"<p>Tous les textiles de Johanna Gullichsen sont con\u00e7us en mettant l&rsquo;accent sur la long\u00e9vit\u00e9. Un bon entretien am\u00e9liorera leur durabilit\u00e9 et leurs qualit\u00e9s texturales. Toujours fabriqu\u00e9s \u00e0 partir des meilleurs&hellip;<\/p>\n","protected":false},"author":1,"featured_media":0,"parent":0,"menu_order":0,"comment_status":"closed","ping_status":"closed","template":"","meta":{"_acf_changed":false,"footnotes":""},"class_list":["post-8636","page","type-page","status-publish","hentry"],"acf":[],"yoast_head":"<!-- This site is optimized with the Yoast SEO Premium plugin v27.2 (Yoast SEO v27.2) - https:\/\/yoast.com\/product\/yoast-seo-premium-wordpress\/ -->\n<title>Conseils d&#039;entretien - Johanna Gullichsen<\/title>\n<meta name=\"robots\" content=\"index, follow, max-snippet:-1, max-image-preview:large, max-video-preview:-1\" \/>\n<link rel=\"canonical\" href=\"https:\/\/www.johannagullichsen.com\/fr\/conseils-dentretien\/\" \/>\n<meta property=\"og:locale\" content=\"fr_FR\" \/>\n<meta property=\"og:type\" content=\"article\" \/>\n<meta property=\"og:title\" content=\"Conseils d&#039;entretien\" \/>\n<meta property=\"og:description\" content=\"Tous les textiles de Johanna Gullichsen sont con\u00e7us en mettant l&rsquo;accent sur la long\u00e9vit\u00e9. Un bon entretien am\u00e9liorera leur durabilit\u00e9 et leurs qualit\u00e9s texturales. Toujours fabriqu\u00e9s \u00e0 partir des meilleurs&hellip;\" \/>\n<meta property=\"og:url\" content=\"https:\/\/www.johannagullichsen.com\/fr\/conseils-dentretien\/\" \/>\n<meta property=\"og:site_name\" content=\"Johanna Gullichsen\" \/>\n<meta property=\"article:modified_time\" content=\"2026-03-11T13:44:42+00:00\" \/>\n<meta name=\"twitter:card\" content=\"summary_large_image\" \/>\n<meta name=\"twitter:label1\" content=\"Dur\u00e9e de lecture estim\u00e9e\" \/>\n\t<meta name=\"twitter:data1\" content=\"2 minutes\" \/>\n<script type=\"application\/ld+json\" class=\"yoast-schema-graph\">{\"@context\":\"https:\/\/schema.org\",\"@graph\":[{\"@type\":\"WebPage\",\"@id\":\"https:\/\/www.johannagullichsen.com\/fr\/conseils-dentretien\/\",\"url\":\"https:\/\/www.johannagullichsen.com\/fr\/conseils-dentretien\/\",\"name\":\"Conseils d'entretien - Johanna Gullichsen\",\"isPartOf\":{\"@id\":\"https:\/\/www.johannagullichsen.com\/fr\/#website\"},\"datePublished\":\"2020-04-01T10:50:24+00:00\",\"dateModified\":\"2026-03-11T13:44:42+00:00\",\"breadcrumb\":{\"@id\":\"https:\/\/www.johannagullichsen.com\/fr\/conseils-dentretien\/#breadcrumb\"},\"inLanguage\":\"fr-FR\",\"potentialAction\":[{\"@type\":\"ReadAction\",\"target\":[\"https:\/\/www.johannagullichsen.com\/fr\/conseils-dentretien\/\"]}]},{\"@type\":\"BreadcrumbList\",\"@id\":\"https:\/\/www.johannagullichsen.com\/fr\/conseils-dentretien\/#breadcrumb\",\"itemListElement\":[{\"@type\":\"ListItem\",\"position\":1,\"name\":\"Home\",\"item\":\"https:\/\/www.johannagullichsen.com\/fr\/\"},{\"@type\":\"ListItem\",\"position\":2,\"name\":\"Conseils d&#8217;entretien\"}]},{\"@type\":\"WebSite\",\"@id\":\"https:\/\/www.johannagullichsen.com\/fr\/#website\",\"url\":\"https:\/\/www.johannagullichsen.com\/fr\/\",\"name\":\"Johanna Gullichsen\",\"description\":\"\",\"potentialAction\":[{\"@type\":\"SearchAction\",\"target\":{\"@type\":\"EntryPoint\",\"urlTemplate\":\"https:\/\/www.johannagullichsen.com\/fr\/?s={search_term_string}\"},\"query-input\":{\"@type\":\"PropertyValueSpecification\",\"valueRequired\":true,\"valueName\":\"search_term_string\"}}],\"inLanguage\":\"fr-FR\"}]}<\/script>\n<!-- \/ Yoast SEO Premium plugin. -->","yoast_head_json":{"title":"Conseils d'entretien - Johanna Gullichsen","robots":{"index":"index","follow":"follow","max-snippet":"max-snippet:-1","max-image-preview":"max-image-preview:large","max-video-preview":"max-video-preview:-1"},"canonical":"https:\/\/www.johannagullichsen.com\/fr\/conseils-dentretien\/","og_locale":"fr_FR","og_type":"article","og_title":"Conseils d'entretien","og_description":"Tous les textiles de Johanna Gullichsen sont con\u00e7us en mettant l&rsquo;accent sur la long\u00e9vit\u00e9. Un bon entretien am\u00e9liorera leur durabilit\u00e9 et leurs qualit\u00e9s texturales. Toujours fabriqu\u00e9s \u00e0 partir des meilleurs&hellip;","og_url":"https:\/\/www.johannagullichsen.com\/fr\/conseils-dentretien\/","og_site_name":"Johanna Gullichsen","article_modified_time":"2026-03-11T13:44:42+00:00","twitter_card":"summary_large_image","twitter_misc":{"Dur\u00e9e de lecture estim\u00e9e":"2 minutes"},"schema":{"@context":"https:\/\/schema.org","@graph":[{"@type":"WebPage","@id":"https:\/\/www.johannagullichsen.com\/fr\/conseils-dentretien\/","url":"https:\/\/www.johannagullichsen.com\/fr\/conseils-dentretien\/","name":"Conseils d'entretien - Johanna Gullichsen","isPartOf":{"@id":"https:\/\/www.johannagullichsen.com\/fr\/#website"},"datePublished":"2020-04-01T10:50:24+00:00","dateModified":"2026-03-11T13:44:42+00:00","breadcrumb":{"@id":"https:\/\/www.johannagullichsen.com\/fr\/conseils-dentretien\/#breadcrumb"},"inLanguage":"fr-FR","potentialAction":[{"@type":"ReadAction","target":["https:\/\/www.johannagullichsen.com\/fr\/conseils-dentretien\/"]}]},{"@type":"BreadcrumbList","@id":"https:\/\/www.johannagullichsen.com\/fr\/conseils-dentretien\/#breadcrumb","itemListElement":[{"@type":"ListItem","position":1,"name":"Home","item":"https:\/\/www.johannagullichsen.com\/fr\/"},{"@type":"ListItem","position":2,"name":"Conseils d&#8217;entretien"}]},{"@type":"WebSite","@id":"https:\/\/www.johannagullichsen.com\/fr\/#website","url":"https:\/\/www.johannagullichsen.com\/fr\/","name":"Johanna Gullichsen","description":"","potentialAction":[{"@type":"SearchAction","target":{"@type":"EntryPoint","urlTemplate":"https:\/\/www.johannagullichsen.com\/fr\/?s={search_term_string}"},"query-input":{"@type":"PropertyValueSpecification","valueRequired":true,"valueName":"search_term_string"}}],"inLanguage":"fr-FR"}]}},"_links":{"self":[{"href":"https:\/\/www.johannagullichsen.com\/fr\/wp-json\/wp\/v2\/pages\/8636","targetHints":{"allow":["GET"]}}],"collection":[{"href":"https:\/\/www.johannagullichsen.com\/fr\/wp-json\/wp\/v2\/pages"}],"about":[{"href":"https:\/\/www.johannagullichsen.com\/fr\/wp-json\/wp\/v2\/types\/page"}],"author":[{"embeddable":true,"href":"https:\/\/www.johannagullichsen.com\/fr\/wp-json\/wp\/v2\/users\/1"}],"replies":[{"embeddable":true,"href":"https:\/\/www.johannagullichsen.com\/fr\/wp-json\/wp\/v2\/comments?post=8636"}],"version-history":[{"count":7,"href":"https:\/\/www.johannagullichsen.com\/fr\/wp-json\/wp\/v2\/pages\/8636\/revisions"}],"predecessor-version":[{"id":30384,"href":"https:\/\/www.johannagullichsen.com\/fr\/wp-json\/wp\/v2\/pages\/8636\/revisions\/30384"}],"wp:attachment":[{"href":"https:\/\/www.johannagullichsen.com\/fr\/wp-json\/wp\/v2\/media?parent=8636"}],"curies":[{"name":"wp","href":"https:\/\/api.w.org\/{rel}","templated":true}]}}