{"id":11245,"date":"2021-02-17T12:41:04","date_gmt":"2021-02-17T10:41:04","guid":{"rendered":"https:\/\/www.johannagullichsen.com\/?post_type=product&#038;p=11245"},"modified":"2026-03-16T16:55:35","modified_gmt":"2026-03-16T14:55:35","slug":"sac-a-dos","status":"publish","type":"product","link":"https:\/\/www.johannagullichsen.com\/fr\/produit\/sac-a-dos\/","title":{"rendered":"Sac \u00e0 dos"},"content":{"rendered":"<h4>Un sac \u00e0 dos pour toutes les occasions<\/h4>\n<p>Ce sac \u00e0 dos l\u00e9ger et \u00e9l\u00e9gant est un bon compagnon pour le travail, l&rsquo;\u00e9cole, la randonn\u00e9e ou une journ\u00e9e en ville. \u00c0 l&rsquo;int\u00e9rieur, vous trouverez une poche pour votre ordinateur portable ou peut-\u00eatre un carnet de croquis. Une petite poche secr\u00e8te pour le t\u00e9l\u00e9phone est cach\u00e9e contre le dos, o\u00f9 vous pouvez la sentir vibrer m\u00eame dans la cohue urbaine. Il y a m\u00eame un espace pour une carte de voyage dans une petite poche lat\u00e9rale. La longueur des bretelles est r\u00e9glable.<\/p>\n<p>Teinture, tissage et couture en Finlande.<\/p>\n","protected":false},"excerpt":{"rendered":"<p>Un sac \u00e0 dos pour toutes les occasions Ce sac \u00e0 dos l\u00e9ger et \u00e9l\u00e9gant est un bon compagnon pour le travail, l&rsquo;\u00e9cole, la randonn\u00e9e ou une journ\u00e9e en ville.&hellip;<\/p>\n","protected":false},"featured_media":16427,"template":"","meta":{"_acf_changed":false},"product_brand":[],"product_cat":[1982,263],"product_tag":[],"class_list":{"0":"post-11245","1":"product","2":"type-product","3":"status-publish","4":"has-post-thumbnail","6":"product_cat-sacs","7":"product_cat-accessoires","8":"pa_pattern-colour-nereus-brique-fr","9":"pa_pattern-colour-tilkku-brique","10":"pa_pattern-colour-tilkku-noir","11":"pa_pattern-colour-helios-amande","12":"pa_pattern-colour-helios-morkbla","13":"pa_pattern-colour-nereus-noir","14":"collection-normandie-fr","16":"first","17":"instock","18":"taxable","19":"shipping-taxable","20":"purchasable","21":"product-type-variable"},"acf":[],"yoast_head":"<!-- This site is optimized with the Yoast SEO Premium plugin v27.2 (Yoast SEO v27.5) - https:\/\/yoast.com\/product\/yoast-seo-premium-wordpress\/ -->\n<title>Sac \u00e0 dos - Johanna Gullichsen<\/title>\n<meta name=\"description\" content=\"Sac \u00e0 dos \u00e9l\u00e9gant pour le travail, l&#039;\u00e9cole, la randonn\u00e9e ou une journ\u00e9e en ville. \u00c0 l&#039;int\u00e9rieur il y a une poche pour votre ordinateur portable.\" \/>\n<meta name=\"robots\" content=\"index, follow, max-snippet:-1, max-image-preview:large, max-video-preview:-1\" \/>\n<link rel=\"canonical\" href=\"https:\/\/www.johannagullichsen.com\/fr\/produit\/sac-a-dos\/\" \/>\n<meta property=\"og:locale\" content=\"fr_FR\" \/>\n<meta property=\"og:type\" content=\"article\" \/>\n<meta property=\"og:title\" content=\"Sac \u00e0 dos\" \/>\n<meta property=\"og:description\" content=\"Sac \u00e0 dos \u00e9l\u00e9gant pour le travail, l&#039;\u00e9cole, la randonn\u00e9e ou une journ\u00e9e en ville. \u00c0 l&#039;int\u00e9rieur il y a une poche pour votre ordinateur portable.\" \/>\n<meta property=\"og:url\" content=\"https:\/\/www.johannagullichsen.com\/fr\/produit\/sac-a-dos\/\" \/>\n<meta property=\"og:site_name\" content=\"Johanna Gullichsen\" \/>\n<meta property=\"article:modified_time\" content=\"2026-03-16T14:55:35+00:00\" \/>\n<meta property=\"og:image\" content=\"https:\/\/www.johannagullichsen.com\/wp-content\/uploads\/2021\/02\/Johanna-Gullichsen-Backpack-Helios-dark-blue-2.jpg\" \/>\n\t<meta property=\"og:image:width\" content=\"1600\" \/>\n\t<meta property=\"og:image:height\" content=\"1200\" \/>\n\t<meta property=\"og:image:type\" content=\"image\/jpeg\" \/>\n<meta name=\"twitter:card\" content=\"summary_large_image\" \/>\n<meta name=\"twitter:label1\" content=\"Dur\u00e9e de lecture estim\u00e9e\" \/>\n\t<meta name=\"twitter:data1\" content=\"1 minute\" \/>\n<script type=\"application\/ld+json\" class=\"yoast-schema-graph\">{\"@context\":\"https:\\\/\\\/schema.org\",\"@graph\":[{\"@type\":\"WebPage\",\"@id\":\"https:\\\/\\\/www.johannagullichsen.com\\\/fr\\\/produit\\\/sac-a-dos\\\/\",\"url\":\"https:\\\/\\\/www.johannagullichsen.com\\\/fr\\\/produit\\\/sac-a-dos\\\/\",\"name\":\"Sac \u00e0 dos - Johanna Gullichsen\",\"isPartOf\":{\"@id\":\"https:\\\/\\\/www.johannagullichsen.com\\\/fr\\\/#website\"},\"primaryImageOfPage\":{\"@id\":\"https:\\\/\\\/www.johannagullichsen.com\\\/fr\\\/produit\\\/sac-a-dos\\\/#primaryimage\"},\"image\":{\"@id\":\"https:\\\/\\\/www.johannagullichsen.com\\\/fr\\\/produit\\\/sac-a-dos\\\/#primaryimage\"},\"thumbnailUrl\":\"https:\\\/\\\/www.johannagullichsen.com\\\/wp-content\\\/uploads\\\/2021\\\/02\\\/Johanna-Gullichsen-Backpack-Helios-dark-blue-2.jpg\",\"datePublished\":\"2021-02-17T10:41:04+00:00\",\"dateModified\":\"2026-03-16T14:55:35+00:00\",\"description\":\"Sac \u00e0 dos \u00e9l\u00e9gant pour le travail, l'\u00e9cole, la randonn\u00e9e ou une journ\u00e9e en ville. \u00c0 l'int\u00e9rieur il y a une poche pour votre ordinateur portable.\",\"breadcrumb\":{\"@id\":\"https:\\\/\\\/www.johannagullichsen.com\\\/fr\\\/produit\\\/sac-a-dos\\\/#breadcrumb\"},\"inLanguage\":\"fr-FR\",\"potentialAction\":[{\"@type\":\"ReadAction\",\"target\":[\"https:\\\/\\\/www.johannagullichsen.com\\\/fr\\\/produit\\\/sac-a-dos\\\/\"]}]},{\"@type\":\"ImageObject\",\"inLanguage\":\"fr-FR\",\"@id\":\"https:\\\/\\\/www.johannagullichsen.com\\\/fr\\\/produit\\\/sac-a-dos\\\/#primaryimage\",\"url\":\"https:\\\/\\\/www.johannagullichsen.com\\\/wp-content\\\/uploads\\\/2021\\\/02\\\/Johanna-Gullichsen-Backpack-Helios-dark-blue-2.jpg\",\"contentUrl\":\"https:\\\/\\\/www.johannagullichsen.com\\\/wp-content\\\/uploads\\\/2021\\\/02\\\/Johanna-Gullichsen-Backpack-Helios-dark-blue-2.jpg\",\"width\":1600,\"height\":1200},{\"@type\":\"BreadcrumbList\",\"@id\":\"https:\\\/\\\/www.johannagullichsen.com\\\/fr\\\/produit\\\/sac-a-dos\\\/#breadcrumb\",\"itemListElement\":[{\"@type\":\"ListItem\",\"position\":1,\"name\":\"Home\",\"item\":\"https:\\\/\\\/www.johannagullichsen.com\\\/fr\\\/\"},{\"@type\":\"ListItem\",\"position\":2,\"name\":\"Produits et Boutique en ligne\",\"item\":\"https:\\\/\\\/www.johannagullichsen.com\\\/fr\\\/produits\\\/\"},{\"@type\":\"ListItem\",\"position\":3,\"name\":\"Sac \u00e0 dos\"}]},{\"@type\":\"WebSite\",\"@id\":\"https:\\\/\\\/www.johannagullichsen.com\\\/fr\\\/#website\",\"url\":\"https:\\\/\\\/www.johannagullichsen.com\\\/fr\\\/\",\"name\":\"Johanna Gullichsen\",\"description\":\"\",\"potentialAction\":[{\"@type\":\"SearchAction\",\"target\":{\"@type\":\"EntryPoint\",\"urlTemplate\":\"https:\\\/\\\/www.johannagullichsen.com\\\/fr\\\/?s={search_term_string}\"},\"query-input\":{\"@type\":\"PropertyValueSpecification\",\"valueRequired\":true,\"valueName\":\"search_term_string\"}}],\"inLanguage\":\"fr-FR\"}]}<\/script>\n<!-- \/ Yoast SEO Premium plugin. -->","yoast_head_json":{"title":"Sac \u00e0 dos - Johanna Gullichsen","description":"Sac \u00e0 dos \u00e9l\u00e9gant pour le travail, l'\u00e9cole, la randonn\u00e9e ou une journ\u00e9e en ville. \u00c0 l'int\u00e9rieur il y a une poche pour votre ordinateur portable.","robots":{"index":"index","follow":"follow","max-snippet":"max-snippet:-1","max-image-preview":"max-image-preview:large","max-video-preview":"max-video-preview:-1"},"canonical":"https:\/\/www.johannagullichsen.com\/fr\/produit\/sac-a-dos\/","og_locale":"fr_FR","og_type":"article","og_title":"Sac \u00e0 dos","og_description":"Sac \u00e0 dos \u00e9l\u00e9gant pour le travail, l'\u00e9cole, la randonn\u00e9e ou une journ\u00e9e en ville. \u00c0 l'int\u00e9rieur il y a une poche pour votre ordinateur portable.","og_url":"https:\/\/www.johannagullichsen.com\/fr\/produit\/sac-a-dos\/","og_site_name":"Johanna Gullichsen","article_modified_time":"2026-03-16T14:55:35+00:00","og_image":[{"width":1600,"height":1200,"url":"https:\/\/www.johannagullichsen.com\/wp-content\/uploads\/2021\/02\/Johanna-Gullichsen-Backpack-Helios-dark-blue-2.jpg","type":"image\/jpeg"}],"twitter_card":"summary_large_image","twitter_misc":{"Dur\u00e9e de lecture estim\u00e9e":"1 minute"},"schema":{"@context":"https:\/\/schema.org","@graph":[{"@type":"WebPage","@id":"https:\/\/www.johannagullichsen.com\/fr\/produit\/sac-a-dos\/","url":"https:\/\/www.johannagullichsen.com\/fr\/produit\/sac-a-dos\/","name":"Sac \u00e0 dos - Johanna Gullichsen","isPartOf":{"@id":"https:\/\/www.johannagullichsen.com\/fr\/#website"},"primaryImageOfPage":{"@id":"https:\/\/www.johannagullichsen.com\/fr\/produit\/sac-a-dos\/#primaryimage"},"image":{"@id":"https:\/\/www.johannagullichsen.com\/fr\/produit\/sac-a-dos\/#primaryimage"},"thumbnailUrl":"https:\/\/www.johannagullichsen.com\/wp-content\/uploads\/2021\/02\/Johanna-Gullichsen-Backpack-Helios-dark-blue-2.jpg","datePublished":"2021-02-17T10:41:04+00:00","dateModified":"2026-03-16T14:55:35+00:00","description":"Sac \u00e0 dos \u00e9l\u00e9gant pour le travail, l'\u00e9cole, la randonn\u00e9e ou une journ\u00e9e en ville. \u00c0 l'int\u00e9rieur il y a une poche pour votre ordinateur portable.","breadcrumb":{"@id":"https:\/\/www.johannagullichsen.com\/fr\/produit\/sac-a-dos\/#breadcrumb"},"inLanguage":"fr-FR","potentialAction":[{"@type":"ReadAction","target":["https:\/\/www.johannagullichsen.com\/fr\/produit\/sac-a-dos\/"]}]},{"@type":"ImageObject","inLanguage":"fr-FR","@id":"https:\/\/www.johannagullichsen.com\/fr\/produit\/sac-a-dos\/#primaryimage","url":"https:\/\/www.johannagullichsen.com\/wp-content\/uploads\/2021\/02\/Johanna-Gullichsen-Backpack-Helios-dark-blue-2.jpg","contentUrl":"https:\/\/www.johannagullichsen.com\/wp-content\/uploads\/2021\/02\/Johanna-Gullichsen-Backpack-Helios-dark-blue-2.jpg","width":1600,"height":1200},{"@type":"BreadcrumbList","@id":"https:\/\/www.johannagullichsen.com\/fr\/produit\/sac-a-dos\/#breadcrumb","itemListElement":[{"@type":"ListItem","position":1,"name":"Home","item":"https:\/\/www.johannagullichsen.com\/fr\/"},{"@type":"ListItem","position":2,"name":"Produits et Boutique en ligne","item":"https:\/\/www.johannagullichsen.com\/fr\/produits\/"},{"@type":"ListItem","position":3,"name":"Sac \u00e0 dos"}]},{"@type":"WebSite","@id":"https:\/\/www.johannagullichsen.com\/fr\/#website","url":"https:\/\/www.johannagullichsen.com\/fr\/","name":"Johanna Gullichsen","description":"","potentialAction":[{"@type":"SearchAction","target":{"@type":"EntryPoint","urlTemplate":"https:\/\/www.johannagullichsen.com\/fr\/?s={search_term_string}"},"query-input":{"@type":"PropertyValueSpecification","valueRequired":true,"valueName":"search_term_string"}}],"inLanguage":"fr-FR"}]}},"_links":{"self":[{"href":"https:\/\/www.johannagullichsen.com\/fr\/wp-json\/wp\/v2\/product\/11245","targetHints":{"allow":["GET"]}}],"collection":[{"href":"https:\/\/www.johannagullichsen.com\/fr\/wp-json\/wp\/v2\/product"}],"about":[{"href":"https:\/\/www.johannagullichsen.com\/fr\/wp-json\/wp\/v2\/types\/product"}],"wp:featuredmedia":[{"embeddable":true,"href":"https:\/\/www.johannagullichsen.com\/fr\/wp-json\/wp\/v2\/media\/16427"}],"wp:attachment":[{"href":"https:\/\/www.johannagullichsen.com\/fr\/wp-json\/wp\/v2\/media?parent=11245"}],"wp:term":[{"taxonomy":"product_brand","embeddable":true,"href":"https:\/\/www.johannagullichsen.com\/fr\/wp-json\/wp\/v2\/product_brand?post=11245"},{"taxonomy":"product_cat","embeddable":true,"href":"https:\/\/www.johannagullichsen.com\/fr\/wp-json\/wp\/v2\/product_cat?post=11245"},{"taxonomy":"product_tag","embeddable":true,"href":"https:\/\/www.johannagullichsen.com\/fr\/wp-json\/wp\/v2\/product_tag?post=11245"}],"curies":[{"name":"wp","href":"https:\/\/api.w.org\/{rel}","templated":true}]}}