{"id":11426,"date":"2021-03-04T12:45:35","date_gmt":"2021-03-04T10:45:35","guid":{"rendered":"https:\/\/www.johannagullichsen.com\/?post_type=product&#038;p=11426"},"modified":"2022-10-15T11:25:56","modified_gmt":"2022-10-15T08:25:56","slug":"tissu-contract-kronos","status":"publish","type":"product","link":"https:\/\/www.johannagullichsen.com\/fr\/produit\/tissu-contract-kronos\/","title":{"rendered":"Tissu Contract Kronos"},"content":{"rendered":"<p>Le tissu Kronos monochrome compl\u00e8te la collection Contract. Les coloris de Doris, Nereus et Triton sont r\u00e9p\u00e9t\u00e9es dans Kronos, ce qui permet de facilement combiner tous les tissus de la collection. Kronos est un tissu \u00e0 double face, les deux faces \u00e9tant utilisables.<\/p>\n<p>La laine naturellement ignifuge tiss\u00e9e sur une chaine en polyester donne un tissu d&rsquo;ameublement solide, durable et facile \u00e0 utiliser dans l&rsquo;espace public comme dans l&rsquo;espace priv\u00e9.<\/p>\n<p>Accordez-nous 2-3 semaines de livraison.<\/p>\n<p>Martindale sup\u00e9rieur \u00e0 30 000<br \/>\nPoids: 400 g\/m2<br \/>\nLargeur tissu: 138 cm<\/p>\n<h5>Commandez une tirelle <a href=\"https:\/\/www.johannagullichsen.com\/fr\/produits\/tissus\/la-tirelle-kronos\/\">ici.<\/a><\/h5>\n","protected":false},"excerpt":{"rendered":"<p>Le tissu Kronos monochrome compl\u00e8te la collection Contract. Les coloris de Doris, Nereus et Triton sont r\u00e9p\u00e9t\u00e9es dans Kronos, ce qui permet de facilement combiner tous les tissus de la&hellip;<\/p>\n","protected":false},"featured_media":16585,"template":"","meta":{"_acf_changed":false},"product_brand":[],"product_cat":[1977,260],"product_tag":[],"class_list":{"0":"post-11426","1":"product","2":"type-product","3":"status-publish","4":"has-post-thumbnail","6":"product_cat-interieurs-residentiels","7":"product_cat-tissus","8":"pa_pattern-colour-kronos-gris-clair","9":"pa_pattern-colour-kronos-mousse","10":"pa_pattern-colour-kronos-rouge","11":"pa_pattern-colour-kronos-acier","12":"pa_pattern-colour-kronos-paille","13":"pa_pattern-colour-kronos-bleufonce","14":"pa_pattern-colour-contract-kronos-noir","15":"pa_pattern-colour-contract-kronos-vert","16":"pa_pattern-colour-kronos-bleu","17":"pa_pattern-colour-kronos-corail","18":"pa_pattern-colour-kronos-gris","19":"collection-contract-fr","21":"first","22":"instock","23":"taxable","24":"shipping-taxable","25":"purchasable","26":"product-type-variable"},"acf":[],"yoast_head":"<!-- This site is optimized with the Yoast SEO Premium plugin v27.2 (Yoast SEO v27.5) - https:\/\/yoast.com\/product\/yoast-seo-premium-wordpress\/ -->\n<title>Tissu Contract Kronos - Johanna Gullichsen<\/title>\n<meta name=\"description\" content=\"Le tissu Kronos compl\u00e8te la collection Contract. Kronos monochrome est produits dans les m\u00e8mes coloris que les autres motifs de la collection.\" \/>\n<meta name=\"robots\" content=\"index, follow, max-snippet:-1, max-image-preview:large, max-video-preview:-1\" \/>\n<link rel=\"canonical\" href=\"https:\/\/www.johannagullichsen.com\/fr\/produit\/tissu-contract-kronos\/\" \/>\n<meta property=\"og:locale\" content=\"fr_FR\" \/>\n<meta property=\"og:type\" content=\"article\" \/>\n<meta property=\"og:title\" content=\"Tissu Contract Kronos\" \/>\n<meta property=\"og:description\" content=\"Le tissu Kronos compl\u00e8te la collection Contract. Kronos monochrome est produits dans les m\u00e8mes coloris que les autres motifs de la collection.\" \/>\n<meta property=\"og:url\" content=\"https:\/\/www.johannagullichsen.com\/fr\/produit\/tissu-contract-kronos\/\" \/>\n<meta property=\"og:site_name\" content=\"Johanna Gullichsen\" \/>\n<meta property=\"article:modified_time\" content=\"2022-10-15T08:25:56+00:00\" \/>\n<meta property=\"og:image\" content=\"https:\/\/www.johannagullichsen.com\/wp-content\/uploads\/2021\/03\/Johanna-Gullichsen-Kronos-light-grey-straw-web.jpg\" \/>\n\t<meta property=\"og:image:width\" content=\"1600\" \/>\n\t<meta property=\"og:image:height\" content=\"1200\" \/>\n\t<meta property=\"og:image:type\" content=\"image\/jpeg\" \/>\n<meta name=\"twitter:card\" content=\"summary_large_image\" \/>\n<meta name=\"twitter:label1\" content=\"Dur\u00e9e de lecture estim\u00e9e\" \/>\n\t<meta name=\"twitter:data1\" content=\"1 minute\" \/>\n<script type=\"application\/ld+json\" class=\"yoast-schema-graph\">{\"@context\":\"https:\\\/\\\/schema.org\",\"@graph\":[{\"@type\":\"WebPage\",\"@id\":\"https:\\\/\\\/www.johannagullichsen.com\\\/fr\\\/produit\\\/tissu-contract-kronos\\\/\",\"url\":\"https:\\\/\\\/www.johannagullichsen.com\\\/fr\\\/produit\\\/tissu-contract-kronos\\\/\",\"name\":\"Tissu Contract Kronos - Johanna Gullichsen\",\"isPartOf\":{\"@id\":\"https:\\\/\\\/www.johannagullichsen.com\\\/fr\\\/#website\"},\"primaryImageOfPage\":{\"@id\":\"https:\\\/\\\/www.johannagullichsen.com\\\/fr\\\/produit\\\/tissu-contract-kronos\\\/#primaryimage\"},\"image\":{\"@id\":\"https:\\\/\\\/www.johannagullichsen.com\\\/fr\\\/produit\\\/tissu-contract-kronos\\\/#primaryimage\"},\"thumbnailUrl\":\"https:\\\/\\\/www.johannagullichsen.com\\\/wp-content\\\/uploads\\\/2021\\\/03\\\/Johanna-Gullichsen-Kronos-light-grey-straw-web.jpg\",\"datePublished\":\"2021-03-04T10:45:35+00:00\",\"dateModified\":\"2022-10-15T08:25:56+00:00\",\"description\":\"Le tissu Kronos compl\u00e8te la collection Contract. Kronos monochrome est produits dans les m\u00e8mes coloris que les autres motifs de la collection.\",\"breadcrumb\":{\"@id\":\"https:\\\/\\\/www.johannagullichsen.com\\\/fr\\\/produit\\\/tissu-contract-kronos\\\/#breadcrumb\"},\"inLanguage\":\"fr-FR\",\"potentialAction\":[{\"@type\":\"ReadAction\",\"target\":[\"https:\\\/\\\/www.johannagullichsen.com\\\/fr\\\/produit\\\/tissu-contract-kronos\\\/\"]}]},{\"@type\":\"ImageObject\",\"inLanguage\":\"fr-FR\",\"@id\":\"https:\\\/\\\/www.johannagullichsen.com\\\/fr\\\/produit\\\/tissu-contract-kronos\\\/#primaryimage\",\"url\":\"https:\\\/\\\/www.johannagullichsen.com\\\/wp-content\\\/uploads\\\/2021\\\/03\\\/Johanna-Gullichsen-Kronos-light-grey-straw-web.jpg\",\"contentUrl\":\"https:\\\/\\\/www.johannagullichsen.com\\\/wp-content\\\/uploads\\\/2021\\\/03\\\/Johanna-Gullichsen-Kronos-light-grey-straw-web.jpg\",\"width\":1600,\"height\":1200},{\"@type\":\"BreadcrumbList\",\"@id\":\"https:\\\/\\\/www.johannagullichsen.com\\\/fr\\\/produit\\\/tissu-contract-kronos\\\/#breadcrumb\",\"itemListElement\":[{\"@type\":\"ListItem\",\"position\":1,\"name\":\"Home\",\"item\":\"https:\\\/\\\/www.johannagullichsen.com\\\/fr\\\/\"},{\"@type\":\"ListItem\",\"position\":2,\"name\":\"Produits et Boutique en ligne\",\"item\":\"https:\\\/\\\/www.johannagullichsen.com\\\/fr\\\/produits\\\/\"},{\"@type\":\"ListItem\",\"position\":3,\"name\":\"Tissu Contract Kronos\"}]},{\"@type\":\"WebSite\",\"@id\":\"https:\\\/\\\/www.johannagullichsen.com\\\/fr\\\/#website\",\"url\":\"https:\\\/\\\/www.johannagullichsen.com\\\/fr\\\/\",\"name\":\"Johanna Gullichsen\",\"description\":\"\",\"potentialAction\":[{\"@type\":\"SearchAction\",\"target\":{\"@type\":\"EntryPoint\",\"urlTemplate\":\"https:\\\/\\\/www.johannagullichsen.com\\\/fr\\\/?s={search_term_string}\"},\"query-input\":{\"@type\":\"PropertyValueSpecification\",\"valueRequired\":true,\"valueName\":\"search_term_string\"}}],\"inLanguage\":\"fr-FR\"}]}<\/script>\n<!-- \/ Yoast SEO Premium plugin. -->","yoast_head_json":{"title":"Tissu Contract Kronos - Johanna Gullichsen","description":"Le tissu Kronos compl\u00e8te la collection Contract. Kronos monochrome est produits dans les m\u00e8mes coloris que les autres motifs de la collection.","robots":{"index":"index","follow":"follow","max-snippet":"max-snippet:-1","max-image-preview":"max-image-preview:large","max-video-preview":"max-video-preview:-1"},"canonical":"https:\/\/www.johannagullichsen.com\/fr\/produit\/tissu-contract-kronos\/","og_locale":"fr_FR","og_type":"article","og_title":"Tissu Contract Kronos","og_description":"Le tissu Kronos compl\u00e8te la collection Contract. Kronos monochrome est produits dans les m\u00e8mes coloris que les autres motifs de la collection.","og_url":"https:\/\/www.johannagullichsen.com\/fr\/produit\/tissu-contract-kronos\/","og_site_name":"Johanna Gullichsen","article_modified_time":"2022-10-15T08:25:56+00:00","og_image":[{"width":1600,"height":1200,"url":"https:\/\/www.johannagullichsen.com\/wp-content\/uploads\/2021\/03\/Johanna-Gullichsen-Kronos-light-grey-straw-web.jpg","type":"image\/jpeg"}],"twitter_card":"summary_large_image","twitter_misc":{"Dur\u00e9e de lecture estim\u00e9e":"1 minute"},"schema":{"@context":"https:\/\/schema.org","@graph":[{"@type":"WebPage","@id":"https:\/\/www.johannagullichsen.com\/fr\/produit\/tissu-contract-kronos\/","url":"https:\/\/www.johannagullichsen.com\/fr\/produit\/tissu-contract-kronos\/","name":"Tissu Contract Kronos - Johanna Gullichsen","isPartOf":{"@id":"https:\/\/www.johannagullichsen.com\/fr\/#website"},"primaryImageOfPage":{"@id":"https:\/\/www.johannagullichsen.com\/fr\/produit\/tissu-contract-kronos\/#primaryimage"},"image":{"@id":"https:\/\/www.johannagullichsen.com\/fr\/produit\/tissu-contract-kronos\/#primaryimage"},"thumbnailUrl":"https:\/\/www.johannagullichsen.com\/wp-content\/uploads\/2021\/03\/Johanna-Gullichsen-Kronos-light-grey-straw-web.jpg","datePublished":"2021-03-04T10:45:35+00:00","dateModified":"2022-10-15T08:25:56+00:00","description":"Le tissu Kronos compl\u00e8te la collection Contract. Kronos monochrome est produits dans les m\u00e8mes coloris que les autres motifs de la collection.","breadcrumb":{"@id":"https:\/\/www.johannagullichsen.com\/fr\/produit\/tissu-contract-kronos\/#breadcrumb"},"inLanguage":"fr-FR","potentialAction":[{"@type":"ReadAction","target":["https:\/\/www.johannagullichsen.com\/fr\/produit\/tissu-contract-kronos\/"]}]},{"@type":"ImageObject","inLanguage":"fr-FR","@id":"https:\/\/www.johannagullichsen.com\/fr\/produit\/tissu-contract-kronos\/#primaryimage","url":"https:\/\/www.johannagullichsen.com\/wp-content\/uploads\/2021\/03\/Johanna-Gullichsen-Kronos-light-grey-straw-web.jpg","contentUrl":"https:\/\/www.johannagullichsen.com\/wp-content\/uploads\/2021\/03\/Johanna-Gullichsen-Kronos-light-grey-straw-web.jpg","width":1600,"height":1200},{"@type":"BreadcrumbList","@id":"https:\/\/www.johannagullichsen.com\/fr\/produit\/tissu-contract-kronos\/#breadcrumb","itemListElement":[{"@type":"ListItem","position":1,"name":"Home","item":"https:\/\/www.johannagullichsen.com\/fr\/"},{"@type":"ListItem","position":2,"name":"Produits et Boutique en ligne","item":"https:\/\/www.johannagullichsen.com\/fr\/produits\/"},{"@type":"ListItem","position":3,"name":"Tissu Contract Kronos"}]},{"@type":"WebSite","@id":"https:\/\/www.johannagullichsen.com\/fr\/#website","url":"https:\/\/www.johannagullichsen.com\/fr\/","name":"Johanna Gullichsen","description":"","potentialAction":[{"@type":"SearchAction","target":{"@type":"EntryPoint","urlTemplate":"https:\/\/www.johannagullichsen.com\/fr\/?s={search_term_string}"},"query-input":{"@type":"PropertyValueSpecification","valueRequired":true,"valueName":"search_term_string"}}],"inLanguage":"fr-FR"}]}},"_links":{"self":[{"href":"https:\/\/www.johannagullichsen.com\/fr\/wp-json\/wp\/v2\/product\/11426","targetHints":{"allow":["GET"]}}],"collection":[{"href":"https:\/\/www.johannagullichsen.com\/fr\/wp-json\/wp\/v2\/product"}],"about":[{"href":"https:\/\/www.johannagullichsen.com\/fr\/wp-json\/wp\/v2\/types\/product"}],"wp:featuredmedia":[{"embeddable":true,"href":"https:\/\/www.johannagullichsen.com\/fr\/wp-json\/wp\/v2\/media\/16585"}],"wp:attachment":[{"href":"https:\/\/www.johannagullichsen.com\/fr\/wp-json\/wp\/v2\/media?parent=11426"}],"wp:term":[{"taxonomy":"product_brand","embeddable":true,"href":"https:\/\/www.johannagullichsen.com\/fr\/wp-json\/wp\/v2\/product_brand?post=11426"},{"taxonomy":"product_cat","embeddable":true,"href":"https:\/\/www.johannagullichsen.com\/fr\/wp-json\/wp\/v2\/product_cat?post=11426"},{"taxonomy":"product_tag","embeddable":true,"href":"https:\/\/www.johannagullichsen.com\/fr\/wp-json\/wp\/v2\/product_tag?post=11426"}],"curies":[{"name":"wp","href":"https:\/\/api.w.org\/{rel}","templated":true}]}}