{"id":12929,"date":"2021-09-29T12:25:20","date_gmt":"2021-09-29T09:25:20","guid":{"rendered":"https:\/\/www.johannagullichsen.com\/?post_type=product&#038;p=12929"},"modified":"2021-10-20T13:54:59","modified_gmt":"2021-10-20T10:54:59","slug":"la-tirelle-kronos","status":"publish","type":"product","link":"https:\/\/www.johannagullichsen.com\/fr\/produit\/la-tirelle-kronos\/","title":{"rendered":"La Tirelle Kronos"},"content":{"rendered":"<h4><span class=\"\" lang=\"FR\">La tirelle \u2013 l<\/span><span class=\"\">e meilleur outil du designer<\/span><\/h4>\n<p>L\u2019\u00e9chantillon de tissu est un excellent outil pour v\u00e9rifier le ton des couleurs et la qualit\u00e9 du tissu. Vous pouvez commander un ou plusieurs \u00e9chantillons pour vous aider \u00e0 choisir le tissu parfait pour un couvre-lit ou un projet d&rsquo;ameublement par exemple.<\/p>\n<p>La laine naturellement ignifug\u00e9e tiss\u00e9e sur une chaine en polyester donne un tissu d\u2019ameublement solide, durable et facile \u00e0 utiliser dans l\u2019espace public comme dans l\u2019espace priv\u00e9.<\/p>\n","protected":false},"excerpt":{"rendered":"<p>La tirelle \u2013 le meilleur outil du designer L\u2019\u00e9chantillon de tissu est un excellent outil pour v\u00e9rifier le ton des couleurs et la qualit\u00e9 du tissu. Vous pouvez commander un&hellip;<\/p>\n","protected":false},"featured_media":16585,"template":"","meta":{"_acf_changed":false},"product_brand":[],"product_cat":[17],"product_tag":[],"class_list":{"0":"post-12929","1":"product","2":"type-product","3":"status-publish","4":"has-post-thumbnail","6":"product_cat-uncategorized","7":"pa_pattern-colour-kronos-bleufonce","8":"pa_pattern-colour-contract-kronos-noir","9":"pa_pattern-colour-contract-kronos-vert","10":"pa_pattern-colour-kronos-bleu","11":"pa_pattern-colour-contract-kronos-marron","12":"pa_pattern-colour-kronos-corail","13":"pa_pattern-colour-kronos-gris","14":"pa_pattern-colour-kronos-gris-clair","15":"pa_pattern-colour-kronos-mousse","16":"pa_pattern-colour-kronos-rouge","17":"pa_pattern-colour-kronos-acier","18":"pa_pattern-colour-kronos-paille","19":"collection-contract-fr","21":"first","22":"instock","23":"taxable","24":"shipping-taxable","25":"purchasable","26":"product-type-variable"},"acf":[],"yoast_head":"<!-- This site is optimized with the Yoast SEO Premium plugin v27.2 (Yoast SEO v27.5) - https:\/\/yoast.com\/product\/yoast-seo-premium-wordpress\/ -->\n<title>La Tirelle Kronos - Johanna Gullichsen<\/title>\n<meta name=\"description\" content=\"L\u2019\u00e9chantillon de tissu est un excellent outil pour v\u00e9rifier le ton des couleurs et la qualit\u00e9 du tissu.\" \/>\n<meta name=\"robots\" content=\"index, follow, max-snippet:-1, max-image-preview:large, max-video-preview:-1\" \/>\n<link rel=\"canonical\" href=\"https:\/\/www.johannagullichsen.com\/fr\/produit\/la-tirelle-kronos\/\" \/>\n<meta property=\"og:locale\" content=\"fr_FR\" \/>\n<meta property=\"og:type\" content=\"article\" \/>\n<meta property=\"og:title\" content=\"La Tirelle Kronos\" \/>\n<meta property=\"og:description\" content=\"L\u2019\u00e9chantillon de tissu est un excellent outil pour v\u00e9rifier le ton des couleurs et la qualit\u00e9 du tissu.\" \/>\n<meta property=\"og:url\" content=\"https:\/\/www.johannagullichsen.com\/fr\/produit\/la-tirelle-kronos\/\" \/>\n<meta property=\"og:site_name\" content=\"Johanna Gullichsen\" \/>\n<meta property=\"article:modified_time\" content=\"2021-10-20T10:54:59+00:00\" \/>\n<meta name=\"twitter:card\" content=\"summary_large_image\" \/>\n<meta name=\"twitter:label1\" content=\"Dur\u00e9e de lecture estim\u00e9e\" \/>\n\t<meta name=\"twitter:data1\" content=\"1 minute\" \/>\n<script type=\"application\/ld+json\" class=\"yoast-schema-graph\">{\"@context\":\"https:\\\/\\\/schema.org\",\"@graph\":[{\"@type\":\"WebPage\",\"@id\":\"https:\\\/\\\/www.johannagullichsen.com\\\/fr\\\/produit\\\/la-tirelle-kronos\\\/\",\"url\":\"https:\\\/\\\/www.johannagullichsen.com\\\/fr\\\/produit\\\/la-tirelle-kronos\\\/\",\"name\":\"La Tirelle Kronos - Johanna Gullichsen\",\"isPartOf\":{\"@id\":\"https:\\\/\\\/www.johannagullichsen.com\\\/fr\\\/#website\"},\"primaryImageOfPage\":{\"@id\":\"https:\\\/\\\/www.johannagullichsen.com\\\/fr\\\/produit\\\/la-tirelle-kronos\\\/#primaryimage\"},\"image\":{\"@id\":\"https:\\\/\\\/www.johannagullichsen.com\\\/fr\\\/produit\\\/la-tirelle-kronos\\\/#primaryimage\"},\"thumbnailUrl\":\"https:\\\/\\\/www.johannagullichsen.com\\\/wp-content\\\/uploads\\\/2021\\\/03\\\/Johanna-Gullichsen-Kronos-light-grey-straw-web.jpg\",\"datePublished\":\"2021-09-29T09:25:20+00:00\",\"dateModified\":\"2021-10-20T10:54:59+00:00\",\"description\":\"L\u2019\u00e9chantillon de tissu est un excellent outil pour v\u00e9rifier le ton des couleurs et la qualit\u00e9 du tissu.\",\"breadcrumb\":{\"@id\":\"https:\\\/\\\/www.johannagullichsen.com\\\/fr\\\/produit\\\/la-tirelle-kronos\\\/#breadcrumb\"},\"inLanguage\":\"fr-FR\",\"potentialAction\":[{\"@type\":\"ReadAction\",\"target\":[\"https:\\\/\\\/www.johannagullichsen.com\\\/fr\\\/produit\\\/la-tirelle-kronos\\\/\"]}]},{\"@type\":\"ImageObject\",\"inLanguage\":\"fr-FR\",\"@id\":\"https:\\\/\\\/www.johannagullichsen.com\\\/fr\\\/produit\\\/la-tirelle-kronos\\\/#primaryimage\",\"url\":\"https:\\\/\\\/www.johannagullichsen.com\\\/wp-content\\\/uploads\\\/2021\\\/03\\\/Johanna-Gullichsen-Kronos-light-grey-straw-web.jpg\",\"contentUrl\":\"https:\\\/\\\/www.johannagullichsen.com\\\/wp-content\\\/uploads\\\/2021\\\/03\\\/Johanna-Gullichsen-Kronos-light-grey-straw-web.jpg\",\"width\":1600,\"height\":1200},{\"@type\":\"BreadcrumbList\",\"@id\":\"https:\\\/\\\/www.johannagullichsen.com\\\/fr\\\/produit\\\/la-tirelle-kronos\\\/#breadcrumb\",\"itemListElement\":[{\"@type\":\"ListItem\",\"position\":1,\"name\":\"Home\",\"item\":\"https:\\\/\\\/www.johannagullichsen.com\\\/fr\\\/\"},{\"@type\":\"ListItem\",\"position\":2,\"name\":\"Produits et Boutique en ligne\",\"item\":\"https:\\\/\\\/www.johannagullichsen.com\\\/fr\\\/produits\\\/\"},{\"@type\":\"ListItem\",\"position\":3,\"name\":\"La Tirelle Kronos\"}]},{\"@type\":\"WebSite\",\"@id\":\"https:\\\/\\\/www.johannagullichsen.com\\\/fr\\\/#website\",\"url\":\"https:\\\/\\\/www.johannagullichsen.com\\\/fr\\\/\",\"name\":\"Johanna Gullichsen\",\"description\":\"\",\"potentialAction\":[{\"@type\":\"SearchAction\",\"target\":{\"@type\":\"EntryPoint\",\"urlTemplate\":\"https:\\\/\\\/www.johannagullichsen.com\\\/fr\\\/?s={search_term_string}\"},\"query-input\":{\"@type\":\"PropertyValueSpecification\",\"valueRequired\":true,\"valueName\":\"search_term_string\"}}],\"inLanguage\":\"fr-FR\"}]}<\/script>\n<!-- \/ Yoast SEO Premium plugin. -->","yoast_head_json":{"title":"La Tirelle Kronos - Johanna Gullichsen","description":"L\u2019\u00e9chantillon de tissu est un excellent outil pour v\u00e9rifier le ton des couleurs et la qualit\u00e9 du tissu.","robots":{"index":"index","follow":"follow","max-snippet":"max-snippet:-1","max-image-preview":"max-image-preview:large","max-video-preview":"max-video-preview:-1"},"canonical":"https:\/\/www.johannagullichsen.com\/fr\/produit\/la-tirelle-kronos\/","og_locale":"fr_FR","og_type":"article","og_title":"La Tirelle Kronos","og_description":"L\u2019\u00e9chantillon de tissu est un excellent outil pour v\u00e9rifier le ton des couleurs et la qualit\u00e9 du tissu.","og_url":"https:\/\/www.johannagullichsen.com\/fr\/produit\/la-tirelle-kronos\/","og_site_name":"Johanna Gullichsen","article_modified_time":"2021-10-20T10:54:59+00:00","twitter_card":"summary_large_image","twitter_misc":{"Dur\u00e9e de lecture estim\u00e9e":"1 minute"},"schema":{"@context":"https:\/\/schema.org","@graph":[{"@type":"WebPage","@id":"https:\/\/www.johannagullichsen.com\/fr\/produit\/la-tirelle-kronos\/","url":"https:\/\/www.johannagullichsen.com\/fr\/produit\/la-tirelle-kronos\/","name":"La Tirelle Kronos - Johanna Gullichsen","isPartOf":{"@id":"https:\/\/www.johannagullichsen.com\/fr\/#website"},"primaryImageOfPage":{"@id":"https:\/\/www.johannagullichsen.com\/fr\/produit\/la-tirelle-kronos\/#primaryimage"},"image":{"@id":"https:\/\/www.johannagullichsen.com\/fr\/produit\/la-tirelle-kronos\/#primaryimage"},"thumbnailUrl":"https:\/\/www.johannagullichsen.com\/wp-content\/uploads\/2021\/03\/Johanna-Gullichsen-Kronos-light-grey-straw-web.jpg","datePublished":"2021-09-29T09:25:20+00:00","dateModified":"2021-10-20T10:54:59+00:00","description":"L\u2019\u00e9chantillon de tissu est un excellent outil pour v\u00e9rifier le ton des couleurs et la qualit\u00e9 du tissu.","breadcrumb":{"@id":"https:\/\/www.johannagullichsen.com\/fr\/produit\/la-tirelle-kronos\/#breadcrumb"},"inLanguage":"fr-FR","potentialAction":[{"@type":"ReadAction","target":["https:\/\/www.johannagullichsen.com\/fr\/produit\/la-tirelle-kronos\/"]}]},{"@type":"ImageObject","inLanguage":"fr-FR","@id":"https:\/\/www.johannagullichsen.com\/fr\/produit\/la-tirelle-kronos\/#primaryimage","url":"https:\/\/www.johannagullichsen.com\/wp-content\/uploads\/2021\/03\/Johanna-Gullichsen-Kronos-light-grey-straw-web.jpg","contentUrl":"https:\/\/www.johannagullichsen.com\/wp-content\/uploads\/2021\/03\/Johanna-Gullichsen-Kronos-light-grey-straw-web.jpg","width":1600,"height":1200},{"@type":"BreadcrumbList","@id":"https:\/\/www.johannagullichsen.com\/fr\/produit\/la-tirelle-kronos\/#breadcrumb","itemListElement":[{"@type":"ListItem","position":1,"name":"Home","item":"https:\/\/www.johannagullichsen.com\/fr\/"},{"@type":"ListItem","position":2,"name":"Produits et Boutique en ligne","item":"https:\/\/www.johannagullichsen.com\/fr\/produits\/"},{"@type":"ListItem","position":3,"name":"La Tirelle Kronos"}]},{"@type":"WebSite","@id":"https:\/\/www.johannagullichsen.com\/fr\/#website","url":"https:\/\/www.johannagullichsen.com\/fr\/","name":"Johanna Gullichsen","description":"","potentialAction":[{"@type":"SearchAction","target":{"@type":"EntryPoint","urlTemplate":"https:\/\/www.johannagullichsen.com\/fr\/?s={search_term_string}"},"query-input":{"@type":"PropertyValueSpecification","valueRequired":true,"valueName":"search_term_string"}}],"inLanguage":"fr-FR"}]}},"_links":{"self":[{"href":"https:\/\/www.johannagullichsen.com\/fr\/wp-json\/wp\/v2\/product\/12929","targetHints":{"allow":["GET"]}}],"collection":[{"href":"https:\/\/www.johannagullichsen.com\/fr\/wp-json\/wp\/v2\/product"}],"about":[{"href":"https:\/\/www.johannagullichsen.com\/fr\/wp-json\/wp\/v2\/types\/product"}],"wp:featuredmedia":[{"embeddable":true,"href":"https:\/\/www.johannagullichsen.com\/fr\/wp-json\/wp\/v2\/media\/16585"}],"wp:attachment":[{"href":"https:\/\/www.johannagullichsen.com\/fr\/wp-json\/wp\/v2\/media?parent=12929"}],"wp:term":[{"taxonomy":"product_brand","embeddable":true,"href":"https:\/\/www.johannagullichsen.com\/fr\/wp-json\/wp\/v2\/product_brand?post=12929"},{"taxonomy":"product_cat","embeddable":true,"href":"https:\/\/www.johannagullichsen.com\/fr\/wp-json\/wp\/v2\/product_cat?post=12929"},{"taxonomy":"product_tag","embeddable":true,"href":"https:\/\/www.johannagullichsen.com\/fr\/wp-json\/wp\/v2\/product_tag?post=12929"}],"curies":[{"name":"wp","href":"https:\/\/api.w.org\/{rel}","templated":true}]}}