{"id":12954,"date":"2021-02-02T10:48:18","date_gmt":"2021-02-02T08:48:18","guid":{"rendered":"https:\/\/www.johannagullichsen.com\/?post_type=product&#038;p=12954"},"modified":"2023-03-09T11:14:41","modified_gmt":"2023-03-09T09:14:41","slug":"la-tirelle-tithonus","status":"publish","type":"product","link":"https:\/\/www.johannagullichsen.com\/fr\/produit\/la-tirelle-tithonus\/","title":{"rendered":"La Tirelle Tithonus"},"content":{"rendered":"<h4><span class=\"\" lang=\"FR\">La tirelle \u2013 l<\/span><span class=\"\">e meilleur outil du designer<\/span><\/h4>\n<p>La tirelle est un excellent outil pour v\u00e9rifier le ton des couleurs et la qualit\u00e9 du tissu. Vous pouvez commander une ou plusieurs tirelles pour vous aider \u00e0 choisir le tissu parfait pour un couvre-lit ou un projet d&rsquo;ameublement par exemple.<\/p>\n","protected":false},"excerpt":{"rendered":"<p>La tirelle \u2013 le meilleur outil du designer La tirelle est un excellent outil pour v\u00e9rifier le ton des couleurs et la qualit\u00e9 du tissu. Vous pouvez commander une ou&hellip;<\/p>\n","protected":false},"featured_media":13247,"template":"","meta":{"_acf_changed":false},"product_brand":[],"product_cat":[17],"product_tag":[],"class_list":{"0":"post-12954","1":"product","2":"type-product","3":"status-publish","4":"has-post-thumbnail","6":"product_cat-uncategorized","7":"pa_pattern-colour-tithonus-vert","8":"pa_pattern-colour-tithonus-plomb","9":"pa_pattern-colour-tithonus-ochre-fr","10":"pa_pattern-colour-tithonus-jaune","11":"pa_pattern-colour-tithonus-noir","12":"pa_pattern-colour-tithonus-bleu","13":"pa_pattern-colour-tithonus-bordeaux-fr","14":"pa_pattern-colour-tithonus-brique-fr","16":"first","17":"instock","18":"taxable","19":"shipping-taxable","20":"purchasable","21":"product-type-variable"},"acf":[],"yoast_head":"<!-- This site is optimized with the Yoast SEO Premium plugin v27.2 (Yoast SEO v27.5) - https:\/\/yoast.com\/product\/yoast-seo-premium-wordpress\/ -->\n<title>La Tirelle Tithonus - Johanna Gullichsen<\/title>\n<meta name=\"description\" content=\"L\u2019\u00e9chantillon de tissu est un excellent outil pour v\u00e9rifier le ton des couleurs et la qualit\u00e9 du tissu.\" \/>\n<meta name=\"robots\" content=\"index, follow, max-snippet:-1, max-image-preview:large, max-video-preview:-1\" \/>\n<link rel=\"canonical\" href=\"https:\/\/www.johannagullichsen.com\/fr\/produit\/la-tirelle-tithonus\/\" \/>\n<meta property=\"og:locale\" content=\"fr_FR\" \/>\n<meta property=\"og:type\" content=\"article\" \/>\n<meta property=\"og:title\" content=\"La Tirelle Tithonus\" \/>\n<meta property=\"og:description\" content=\"L\u2019\u00e9chantillon de tissu est un excellent outil pour v\u00e9rifier le ton des couleurs et la qualit\u00e9 du tissu.\" \/>\n<meta property=\"og:url\" content=\"https:\/\/www.johannagullichsen.com\/fr\/produit\/la-tirelle-tithonus\/\" \/>\n<meta property=\"og:site_name\" content=\"Johanna Gullichsen\" \/>\n<meta property=\"article:modified_time\" content=\"2023-03-09T09:14:41+00:00\" \/>\n<meta property=\"og:image\" content=\"https:\/\/www.johannagullichsen.com\/wp-content\/uploads\/2021\/02\/Johanna-Gullichsen-Normandie-samples-Tithonus.jpg\" \/>\n\t<meta property=\"og:image:width\" content=\"1600\" \/>\n\t<meta property=\"og:image:height\" content=\"1200\" \/>\n\t<meta property=\"og:image:type\" content=\"image\/jpeg\" \/>\n<meta name=\"twitter:card\" content=\"summary_large_image\" \/>\n<meta name=\"twitter:label1\" content=\"Dur\u00e9e de lecture estim\u00e9e\" \/>\n\t<meta name=\"twitter:data1\" content=\"1 minute\" \/>\n<script type=\"application\/ld+json\" class=\"yoast-schema-graph\">{\"@context\":\"https:\\\/\\\/schema.org\",\"@graph\":[{\"@type\":\"WebPage\",\"@id\":\"https:\\\/\\\/www.johannagullichsen.com\\\/fr\\\/produit\\\/la-tirelle-tithonus\\\/\",\"url\":\"https:\\\/\\\/www.johannagullichsen.com\\\/fr\\\/produit\\\/la-tirelle-tithonus\\\/\",\"name\":\"La Tirelle Tithonus - Johanna Gullichsen\",\"isPartOf\":{\"@id\":\"https:\\\/\\\/www.johannagullichsen.com\\\/fr\\\/#website\"},\"primaryImageOfPage\":{\"@id\":\"https:\\\/\\\/www.johannagullichsen.com\\\/fr\\\/produit\\\/la-tirelle-tithonus\\\/#primaryimage\"},\"image\":{\"@id\":\"https:\\\/\\\/www.johannagullichsen.com\\\/fr\\\/produit\\\/la-tirelle-tithonus\\\/#primaryimage\"},\"thumbnailUrl\":\"https:\\\/\\\/www.johannagullichsen.com\\\/wp-content\\\/uploads\\\/2021\\\/02\\\/Johanna-Gullichsen-Normandie-samples-Tithonus.jpg\",\"datePublished\":\"2021-02-02T08:48:18+00:00\",\"dateModified\":\"2023-03-09T09:14:41+00:00\",\"description\":\"L\u2019\u00e9chantillon de tissu est un excellent outil pour v\u00e9rifier le ton des couleurs et la qualit\u00e9 du tissu.\",\"breadcrumb\":{\"@id\":\"https:\\\/\\\/www.johannagullichsen.com\\\/fr\\\/produit\\\/la-tirelle-tithonus\\\/#breadcrumb\"},\"inLanguage\":\"fr-FR\",\"potentialAction\":[{\"@type\":\"ReadAction\",\"target\":[\"https:\\\/\\\/www.johannagullichsen.com\\\/fr\\\/produit\\\/la-tirelle-tithonus\\\/\"]}]},{\"@type\":\"ImageObject\",\"inLanguage\":\"fr-FR\",\"@id\":\"https:\\\/\\\/www.johannagullichsen.com\\\/fr\\\/produit\\\/la-tirelle-tithonus\\\/#primaryimage\",\"url\":\"https:\\\/\\\/www.johannagullichsen.com\\\/wp-content\\\/uploads\\\/2021\\\/02\\\/Johanna-Gullichsen-Normandie-samples-Tithonus.jpg\",\"contentUrl\":\"https:\\\/\\\/www.johannagullichsen.com\\\/wp-content\\\/uploads\\\/2021\\\/02\\\/Johanna-Gullichsen-Normandie-samples-Tithonus.jpg\",\"width\":1600,\"height\":1200},{\"@type\":\"BreadcrumbList\",\"@id\":\"https:\\\/\\\/www.johannagullichsen.com\\\/fr\\\/produit\\\/la-tirelle-tithonus\\\/#breadcrumb\",\"itemListElement\":[{\"@type\":\"ListItem\",\"position\":1,\"name\":\"Home\",\"item\":\"https:\\\/\\\/www.johannagullichsen.com\\\/fr\\\/\"},{\"@type\":\"ListItem\",\"position\":2,\"name\":\"Produits et Boutique en ligne\",\"item\":\"https:\\\/\\\/www.johannagullichsen.com\\\/fr\\\/produits\\\/\"},{\"@type\":\"ListItem\",\"position\":3,\"name\":\"La Tirelle Tithonus\"}]},{\"@type\":\"WebSite\",\"@id\":\"https:\\\/\\\/www.johannagullichsen.com\\\/fr\\\/#website\",\"url\":\"https:\\\/\\\/www.johannagullichsen.com\\\/fr\\\/\",\"name\":\"Johanna Gullichsen\",\"description\":\"\",\"potentialAction\":[{\"@type\":\"SearchAction\",\"target\":{\"@type\":\"EntryPoint\",\"urlTemplate\":\"https:\\\/\\\/www.johannagullichsen.com\\\/fr\\\/?s={search_term_string}\"},\"query-input\":{\"@type\":\"PropertyValueSpecification\",\"valueRequired\":true,\"valueName\":\"search_term_string\"}}],\"inLanguage\":\"fr-FR\"}]}<\/script>\n<!-- \/ Yoast SEO Premium plugin. -->","yoast_head_json":{"title":"La Tirelle Tithonus - Johanna Gullichsen","description":"L\u2019\u00e9chantillon de tissu est un excellent outil pour v\u00e9rifier le ton des couleurs et la qualit\u00e9 du tissu.","robots":{"index":"index","follow":"follow","max-snippet":"max-snippet:-1","max-image-preview":"max-image-preview:large","max-video-preview":"max-video-preview:-1"},"canonical":"https:\/\/www.johannagullichsen.com\/fr\/produit\/la-tirelle-tithonus\/","og_locale":"fr_FR","og_type":"article","og_title":"La Tirelle Tithonus","og_description":"L\u2019\u00e9chantillon de tissu est un excellent outil pour v\u00e9rifier le ton des couleurs et la qualit\u00e9 du tissu.","og_url":"https:\/\/www.johannagullichsen.com\/fr\/produit\/la-tirelle-tithonus\/","og_site_name":"Johanna Gullichsen","article_modified_time":"2023-03-09T09:14:41+00:00","og_image":[{"width":1600,"height":1200,"url":"https:\/\/www.johannagullichsen.com\/wp-content\/uploads\/2021\/02\/Johanna-Gullichsen-Normandie-samples-Tithonus.jpg","type":"image\/jpeg"}],"twitter_card":"summary_large_image","twitter_misc":{"Dur\u00e9e de lecture estim\u00e9e":"1 minute"},"schema":{"@context":"https:\/\/schema.org","@graph":[{"@type":"WebPage","@id":"https:\/\/www.johannagullichsen.com\/fr\/produit\/la-tirelle-tithonus\/","url":"https:\/\/www.johannagullichsen.com\/fr\/produit\/la-tirelle-tithonus\/","name":"La Tirelle Tithonus - Johanna Gullichsen","isPartOf":{"@id":"https:\/\/www.johannagullichsen.com\/fr\/#website"},"primaryImageOfPage":{"@id":"https:\/\/www.johannagullichsen.com\/fr\/produit\/la-tirelle-tithonus\/#primaryimage"},"image":{"@id":"https:\/\/www.johannagullichsen.com\/fr\/produit\/la-tirelle-tithonus\/#primaryimage"},"thumbnailUrl":"https:\/\/www.johannagullichsen.com\/wp-content\/uploads\/2021\/02\/Johanna-Gullichsen-Normandie-samples-Tithonus.jpg","datePublished":"2021-02-02T08:48:18+00:00","dateModified":"2023-03-09T09:14:41+00:00","description":"L\u2019\u00e9chantillon de tissu est un excellent outil pour v\u00e9rifier le ton des couleurs et la qualit\u00e9 du tissu.","breadcrumb":{"@id":"https:\/\/www.johannagullichsen.com\/fr\/produit\/la-tirelle-tithonus\/#breadcrumb"},"inLanguage":"fr-FR","potentialAction":[{"@type":"ReadAction","target":["https:\/\/www.johannagullichsen.com\/fr\/produit\/la-tirelle-tithonus\/"]}]},{"@type":"ImageObject","inLanguage":"fr-FR","@id":"https:\/\/www.johannagullichsen.com\/fr\/produit\/la-tirelle-tithonus\/#primaryimage","url":"https:\/\/www.johannagullichsen.com\/wp-content\/uploads\/2021\/02\/Johanna-Gullichsen-Normandie-samples-Tithonus.jpg","contentUrl":"https:\/\/www.johannagullichsen.com\/wp-content\/uploads\/2021\/02\/Johanna-Gullichsen-Normandie-samples-Tithonus.jpg","width":1600,"height":1200},{"@type":"BreadcrumbList","@id":"https:\/\/www.johannagullichsen.com\/fr\/produit\/la-tirelle-tithonus\/#breadcrumb","itemListElement":[{"@type":"ListItem","position":1,"name":"Home","item":"https:\/\/www.johannagullichsen.com\/fr\/"},{"@type":"ListItem","position":2,"name":"Produits et Boutique en ligne","item":"https:\/\/www.johannagullichsen.com\/fr\/produits\/"},{"@type":"ListItem","position":3,"name":"La Tirelle Tithonus"}]},{"@type":"WebSite","@id":"https:\/\/www.johannagullichsen.com\/fr\/#website","url":"https:\/\/www.johannagullichsen.com\/fr\/","name":"Johanna Gullichsen","description":"","potentialAction":[{"@type":"SearchAction","target":{"@type":"EntryPoint","urlTemplate":"https:\/\/www.johannagullichsen.com\/fr\/?s={search_term_string}"},"query-input":{"@type":"PropertyValueSpecification","valueRequired":true,"valueName":"search_term_string"}}],"inLanguage":"fr-FR"}]}},"_links":{"self":[{"href":"https:\/\/www.johannagullichsen.com\/fr\/wp-json\/wp\/v2\/product\/12954","targetHints":{"allow":["GET"]}}],"collection":[{"href":"https:\/\/www.johannagullichsen.com\/fr\/wp-json\/wp\/v2\/product"}],"about":[{"href":"https:\/\/www.johannagullichsen.com\/fr\/wp-json\/wp\/v2\/types\/product"}],"wp:featuredmedia":[{"embeddable":true,"href":"https:\/\/www.johannagullichsen.com\/fr\/wp-json\/wp\/v2\/media\/13247"}],"wp:attachment":[{"href":"https:\/\/www.johannagullichsen.com\/fr\/wp-json\/wp\/v2\/media?parent=12954"}],"wp:term":[{"taxonomy":"product_brand","embeddable":true,"href":"https:\/\/www.johannagullichsen.com\/fr\/wp-json\/wp\/v2\/product_brand?post=12954"},{"taxonomy":"product_cat","embeddable":true,"href":"https:\/\/www.johannagullichsen.com\/fr\/wp-json\/wp\/v2\/product_cat?post=12954"},{"taxonomy":"product_tag","embeddable":true,"href":"https:\/\/www.johannagullichsen.com\/fr\/wp-json\/wp\/v2\/product_tag?post=12954"}],"curies":[{"name":"wp","href":"https:\/\/api.w.org\/{rel}","templated":true}]}}