{"id":12984,"date":"2021-02-02T10:47:47","date_gmt":"2021-02-02T08:47:47","guid":{"rendered":"https:\/\/www.johannagullichsen.com\/?post_type=product&#038;p=12984"},"modified":"2021-10-20T14:04:09","modified_gmt":"2021-10-20T11:04:09","slug":"echantillon-de-tissu-2","status":"publish","type":"product","link":"https:\/\/www.johannagullichsen.com\/fr\/produit\/echantillon-de-tissu-2\/","title":{"rendered":"La Tirelle Contract Triton"},"content":{"rendered":"<h4><span class=\"\" lang=\"FR\">La tirelle &#8211; l<\/span><span class=\"\">e meilleur outil du designer<\/span><\/h4>\n<p>La tirelle est un excellent outil pour v\u00e9rifier le ton des couleurs et la qualit\u00e9 du tissu. Vous pouvez commander une ou plusieurs tirelles pour vous aider \u00e0 choisir le tissu parfait pour un couvre-lit ou un projet d&rsquo;ameublement par exemple.<\/p>\n","protected":false},"excerpt":{"rendered":"<p>La tirelle &#8211; le meilleur outil du designer La tirelle est un excellent outil pour v\u00e9rifier le ton des couleurs et la qualit\u00e9 du tissu. Vous pouvez commander une ou&hellip;<\/p>\n","protected":false},"featured_media":13225,"template":"","meta":{"_acf_changed":false},"product_brand":[],"product_cat":[17],"product_tag":[],"class_list":{"0":"post-12984","1":"product","2":"type-product","3":"status-publish","4":"has-post-thumbnail","6":"product_cat-uncategorized","7":"pa_pattern-colour-contract-triton-gris","8":"pa_pattern-colour-contract-triton-gris-clair","9":"pa_pattern-colour-contract-triton-mousse","10":"pa_pattern-colour-contract-triton-rouge","11":"pa_pattern-colour-contract-triton-acier","12":"pa_pattern-colour-contract-triton-noir","13":"pa_pattern-colour-contract-triton-paille","14":"pa_pattern-colour-contract-triton-bleu","15":"pa_pattern-colour-contract-triton-marron","16":"pa_pattern-colour-contract-triton-corail","17":"pa_pattern-colour-contract-triton-bleu-fonce","18":"pa_pattern-colour-contract-triton-vert","20":"first","21":"instock","22":"taxable","23":"shipping-taxable","24":"purchasable","25":"product-type-variable"},"acf":[],"yoast_head":"<!-- This site is optimized with the Yoast SEO Premium plugin v27.2 (Yoast SEO v27.2) - https:\/\/yoast.com\/product\/yoast-seo-premium-wordpress\/ -->\n<title>La Tirelle Contract Triton - Johanna Gullichsen<\/title>\n<meta name=\"robots\" content=\"index, follow, max-snippet:-1, max-image-preview:large, max-video-preview:-1\" \/>\n<link rel=\"canonical\" href=\"https:\/\/www.johannagullichsen.com\/fr\/produit\/echantillon-de-tissu-2\/\" \/>\n<meta property=\"og:locale\" content=\"fr_FR\" \/>\n<meta property=\"og:type\" content=\"article\" \/>\n<meta property=\"og:title\" content=\"La Tirelle Contract Triton\" \/>\n<meta property=\"og:description\" content=\"La tirelle &#8211; le meilleur outil du designer La tirelle est un excellent outil pour v\u00e9rifier le ton des couleurs et la qualit\u00e9 du tissu. Vous pouvez commander une ou&hellip;\" \/>\n<meta property=\"og:url\" content=\"https:\/\/www.johannagullichsen.com\/fr\/produit\/echantillon-de-tissu-2\/\" \/>\n<meta property=\"og:site_name\" content=\"Johanna Gullichsen\" \/>\n<meta property=\"article:modified_time\" content=\"2021-10-20T11:04:09+00:00\" \/>\n<meta property=\"og:image\" content=\"https:\/\/www.johannagullichsen.com\/wp-content\/uploads\/2021\/02\/Johanna-Gullichsen-contract-samples-Triton-light-grey.jpg\" \/>\n\t<meta property=\"og:image:width\" content=\"1600\" \/>\n\t<meta property=\"og:image:height\" content=\"1200\" \/>\n\t<meta property=\"og:image:type\" content=\"image\/jpeg\" \/>\n<meta name=\"twitter:card\" content=\"summary_large_image\" \/>\n<meta name=\"twitter:label1\" content=\"Dur\u00e9e de lecture estim\u00e9e\" \/>\n\t<meta name=\"twitter:data1\" content=\"1 minute\" \/>\n<script type=\"application\/ld+json\" class=\"yoast-schema-graph\">{\"@context\":\"https:\/\/schema.org\",\"@graph\":[{\"@type\":\"WebPage\",\"@id\":\"https:\/\/www.johannagullichsen.com\/fr\/produit\/echantillon-de-tissu-2\/\",\"url\":\"https:\/\/www.johannagullichsen.com\/fr\/produit\/echantillon-de-tissu-2\/\",\"name\":\"La Tirelle Contract Triton - Johanna Gullichsen\",\"isPartOf\":{\"@id\":\"https:\/\/www.johannagullichsen.com\/fr\/#website\"},\"primaryImageOfPage\":{\"@id\":\"https:\/\/www.johannagullichsen.com\/fr\/produit\/echantillon-de-tissu-2\/#primaryimage\"},\"image\":{\"@id\":\"https:\/\/www.johannagullichsen.com\/fr\/produit\/echantillon-de-tissu-2\/#primaryimage\"},\"thumbnailUrl\":\"https:\/\/www.johannagullichsen.com\/wp-content\/uploads\/2021\/02\/Johanna-Gullichsen-contract-samples-Triton-light-grey.jpg\",\"datePublished\":\"2021-02-02T08:47:47+00:00\",\"dateModified\":\"2021-10-20T11:04:09+00:00\",\"breadcrumb\":{\"@id\":\"https:\/\/www.johannagullichsen.com\/fr\/produit\/echantillon-de-tissu-2\/#breadcrumb\"},\"inLanguage\":\"fr-FR\",\"potentialAction\":[{\"@type\":\"ReadAction\",\"target\":[\"https:\/\/www.johannagullichsen.com\/fr\/produit\/echantillon-de-tissu-2\/\"]}]},{\"@type\":\"ImageObject\",\"inLanguage\":\"fr-FR\",\"@id\":\"https:\/\/www.johannagullichsen.com\/fr\/produit\/echantillon-de-tissu-2\/#primaryimage\",\"url\":\"https:\/\/www.johannagullichsen.com\/wp-content\/uploads\/2021\/02\/Johanna-Gullichsen-contract-samples-Triton-light-grey.jpg\",\"contentUrl\":\"https:\/\/www.johannagullichsen.com\/wp-content\/uploads\/2021\/02\/Johanna-Gullichsen-contract-samples-Triton-light-grey.jpg\",\"width\":1600,\"height\":1200},{\"@type\":\"BreadcrumbList\",\"@id\":\"https:\/\/www.johannagullichsen.com\/fr\/produit\/echantillon-de-tissu-2\/#breadcrumb\",\"itemListElement\":[{\"@type\":\"ListItem\",\"position\":1,\"name\":\"Home\",\"item\":\"https:\/\/www.johannagullichsen.com\/fr\/\"},{\"@type\":\"ListItem\",\"position\":2,\"name\":\"Produits et Boutique en ligne\",\"item\":\"https:\/\/www.johannagullichsen.com\/fr\/produits\/\"},{\"@type\":\"ListItem\",\"position\":3,\"name\":\"La Tirelle Contract Triton\"}]},{\"@type\":\"WebSite\",\"@id\":\"https:\/\/www.johannagullichsen.com\/fr\/#website\",\"url\":\"https:\/\/www.johannagullichsen.com\/fr\/\",\"name\":\"Johanna Gullichsen\",\"description\":\"\",\"potentialAction\":[{\"@type\":\"SearchAction\",\"target\":{\"@type\":\"EntryPoint\",\"urlTemplate\":\"https:\/\/www.johannagullichsen.com\/fr\/?s={search_term_string}\"},\"query-input\":{\"@type\":\"PropertyValueSpecification\",\"valueRequired\":true,\"valueName\":\"search_term_string\"}}],\"inLanguage\":\"fr-FR\"}]}<\/script>\n<!-- \/ Yoast SEO Premium plugin. -->","yoast_head_json":{"title":"La Tirelle Contract Triton - Johanna Gullichsen","robots":{"index":"index","follow":"follow","max-snippet":"max-snippet:-1","max-image-preview":"max-image-preview:large","max-video-preview":"max-video-preview:-1"},"canonical":"https:\/\/www.johannagullichsen.com\/fr\/produit\/echantillon-de-tissu-2\/","og_locale":"fr_FR","og_type":"article","og_title":"La Tirelle Contract Triton","og_description":"La tirelle &#8211; le meilleur outil du designer La tirelle est un excellent outil pour v\u00e9rifier le ton des couleurs et la qualit\u00e9 du tissu. Vous pouvez commander une ou&hellip;","og_url":"https:\/\/www.johannagullichsen.com\/fr\/produit\/echantillon-de-tissu-2\/","og_site_name":"Johanna Gullichsen","article_modified_time":"2021-10-20T11:04:09+00:00","og_image":[{"width":1600,"height":1200,"url":"https:\/\/www.johannagullichsen.com\/wp-content\/uploads\/2021\/02\/Johanna-Gullichsen-contract-samples-Triton-light-grey.jpg","type":"image\/jpeg"}],"twitter_card":"summary_large_image","twitter_misc":{"Dur\u00e9e de lecture estim\u00e9e":"1 minute"},"schema":{"@context":"https:\/\/schema.org","@graph":[{"@type":"WebPage","@id":"https:\/\/www.johannagullichsen.com\/fr\/produit\/echantillon-de-tissu-2\/","url":"https:\/\/www.johannagullichsen.com\/fr\/produit\/echantillon-de-tissu-2\/","name":"La Tirelle Contract Triton - Johanna Gullichsen","isPartOf":{"@id":"https:\/\/www.johannagullichsen.com\/fr\/#website"},"primaryImageOfPage":{"@id":"https:\/\/www.johannagullichsen.com\/fr\/produit\/echantillon-de-tissu-2\/#primaryimage"},"image":{"@id":"https:\/\/www.johannagullichsen.com\/fr\/produit\/echantillon-de-tissu-2\/#primaryimage"},"thumbnailUrl":"https:\/\/www.johannagullichsen.com\/wp-content\/uploads\/2021\/02\/Johanna-Gullichsen-contract-samples-Triton-light-grey.jpg","datePublished":"2021-02-02T08:47:47+00:00","dateModified":"2021-10-20T11:04:09+00:00","breadcrumb":{"@id":"https:\/\/www.johannagullichsen.com\/fr\/produit\/echantillon-de-tissu-2\/#breadcrumb"},"inLanguage":"fr-FR","potentialAction":[{"@type":"ReadAction","target":["https:\/\/www.johannagullichsen.com\/fr\/produit\/echantillon-de-tissu-2\/"]}]},{"@type":"ImageObject","inLanguage":"fr-FR","@id":"https:\/\/www.johannagullichsen.com\/fr\/produit\/echantillon-de-tissu-2\/#primaryimage","url":"https:\/\/www.johannagullichsen.com\/wp-content\/uploads\/2021\/02\/Johanna-Gullichsen-contract-samples-Triton-light-grey.jpg","contentUrl":"https:\/\/www.johannagullichsen.com\/wp-content\/uploads\/2021\/02\/Johanna-Gullichsen-contract-samples-Triton-light-grey.jpg","width":1600,"height":1200},{"@type":"BreadcrumbList","@id":"https:\/\/www.johannagullichsen.com\/fr\/produit\/echantillon-de-tissu-2\/#breadcrumb","itemListElement":[{"@type":"ListItem","position":1,"name":"Home","item":"https:\/\/www.johannagullichsen.com\/fr\/"},{"@type":"ListItem","position":2,"name":"Produits et Boutique en ligne","item":"https:\/\/www.johannagullichsen.com\/fr\/produits\/"},{"@type":"ListItem","position":3,"name":"La Tirelle Contract Triton"}]},{"@type":"WebSite","@id":"https:\/\/www.johannagullichsen.com\/fr\/#website","url":"https:\/\/www.johannagullichsen.com\/fr\/","name":"Johanna Gullichsen","description":"","potentialAction":[{"@type":"SearchAction","target":{"@type":"EntryPoint","urlTemplate":"https:\/\/www.johannagullichsen.com\/fr\/?s={search_term_string}"},"query-input":{"@type":"PropertyValueSpecification","valueRequired":true,"valueName":"search_term_string"}}],"inLanguage":"fr-FR"}]}},"_links":{"self":[{"href":"https:\/\/www.johannagullichsen.com\/fr\/wp-json\/wp\/v2\/product\/12984","targetHints":{"allow":["GET"]}}],"collection":[{"href":"https:\/\/www.johannagullichsen.com\/fr\/wp-json\/wp\/v2\/product"}],"about":[{"href":"https:\/\/www.johannagullichsen.com\/fr\/wp-json\/wp\/v2\/types\/product"}],"wp:featuredmedia":[{"embeddable":true,"href":"https:\/\/www.johannagullichsen.com\/fr\/wp-json\/wp\/v2\/media\/13225"}],"wp:attachment":[{"href":"https:\/\/www.johannagullichsen.com\/fr\/wp-json\/wp\/v2\/media?parent=12984"}],"wp:term":[{"taxonomy":"product_brand","embeddable":true,"href":"https:\/\/www.johannagullichsen.com\/fr\/wp-json\/wp\/v2\/product_brand?post=12984"},{"taxonomy":"product_cat","embeddable":true,"href":"https:\/\/www.johannagullichsen.com\/fr\/wp-json\/wp\/v2\/product_cat?post=12984"},{"taxonomy":"product_tag","embeddable":true,"href":"https:\/\/www.johannagullichsen.com\/fr\/wp-json\/wp\/v2\/product_tag?post=12984"}],"curies":[{"name":"wp","href":"https:\/\/api.w.org\/{rel}","templated":true}]}}