{"id":14040,"date":"2021-10-20T15:44:20","date_gmt":"2021-10-20T12:44:20","guid":{"rendered":"https:\/\/www.johannagullichsen.com\/?post_type=product&#038;p=14040"},"modified":"2026-03-09T10:52:08","modified_gmt":"2026-03-09T08:52:08","slug":"le-coussin-tube-normandie","status":"publish","type":"product","link":"https:\/\/www.johannagullichsen.com\/fr\/produit\/le-coussin-tube-normandie\/","title":{"rendered":"Le coussin tube Normandie"},"content":{"rendered":"<h4 class=\"p1\">Ajoutez de la joie et du rythme \u00e0 votre d\u00e9co<\/h4>\n<p class=\"p1\">Les coussins tubes apportent rythme et joie \u00e0 tout int\u00e9rieur. Combinez ces coussins traversins avec les autres housses de coussins Normandie <a href=\"\/?product_cat=housse-de-coussin-normandie-30cm-x-50cm\"><span class=\"s1\">30cm x 50cm<\/span><\/a>, <a href=\"\/?product_cat=housse-de-coussin-normandie-40cm-x-40cm\"><span class=\"s1\">40cm x 40cm<\/span><\/a> et <a href=\"https:\/\/www.johannagullichsen.com\/products\/living-room\/cushion-cover-50-n\/\"><span class=\"s1\">50cm x 50cm<\/span><\/a>. \u00a0La housse en coton biologique est amovible et lavable. Le coussin int\u00e9rieur est ferme et garde bien sa forme.<\/p>\n<p>Teinture, tissage et couture en Finlande.<\/p>\n<div class=\"\"><\/div>\n","protected":false},"excerpt":{"rendered":"<p>Ajoutez de la joie et du rythme \u00e0 votre d\u00e9co Les coussins tubes apportent rythme et joie \u00e0 tout int\u00e9rieur. Combinez ces coussins traversins avec les autres housses de coussins&hellip;<\/p>\n","protected":false},"featured_media":27265,"template":"","meta":{"_acf_changed":false},"product_brand":[],"product_cat":[1979,265],"product_tag":[],"class_list":{"0":"post-14040","1":"product","2":"type-product","3":"status-publish","4":"has-post-thumbnail","6":"product_cat-housses-de-coussin-plaids-jetes-de-canape","7":"product_cat-maison","8":"pa_pattern-colour-eos-vert","9":"pa_pattern-colour-helios-vert-fonce","10":"pa_pattern-colour-helios-plomb","11":"pa_pattern-colour-helios-ochre-fr","12":"pa_pattern-colour-nereus-noir","13":"pa_pattern-colour-tilkku-ochre-fr","14":"pa_pattern-colour-tilkku-vert","15":"pa_pattern-colour-tilkku-amande","16":"pa_pattern-colour-tilkku-brique","17":"pa_pattern-colour-doris-brique-fr","18":"pa_pattern-colour-tilkku-noir","19":"pa_pattern-colour-doris-plomb","20":"collection-normandie-fr","22":"first","23":"instock","24":"taxable","25":"shipping-taxable","26":"purchasable","27":"product-type-variable"},"acf":[],"yoast_head":"<!-- This site is optimized with the Yoast SEO Premium plugin v27.2 (Yoast SEO v27.2) - https:\/\/yoast.com\/product\/yoast-seo-premium-wordpress\/ -->\n<title>Le coussin tube Normandie - Johanna Gullichsen<\/title>\n<meta name=\"robots\" content=\"index, follow, max-snippet:-1, max-image-preview:large, max-video-preview:-1\" \/>\n<link rel=\"canonical\" href=\"https:\/\/www.johannagullichsen.com\/fr\/produit\/le-coussin-tube-normandie\/\" \/>\n<meta property=\"og:locale\" content=\"fr_FR\" \/>\n<meta property=\"og:type\" content=\"article\" \/>\n<meta property=\"og:title\" content=\"Le coussin tube Normandie\" \/>\n<meta property=\"og:description\" content=\"Ajoutez de la joie et du rythme \u00e0 votre d\u00e9co Les coussins tubes apportent rythme et joie \u00e0 tout int\u00e9rieur. Combinez ces coussins traversins avec les autres housses de coussins&hellip;\" \/>\n<meta property=\"og:url\" content=\"https:\/\/www.johannagullichsen.com\/fr\/produit\/le-coussin-tube-normandie\/\" \/>\n<meta property=\"og:site_name\" content=\"Johanna Gullichsen\" \/>\n<meta property=\"article:modified_time\" content=\"2026-03-09T08:52:08+00:00\" \/>\n<meta property=\"og:image\" content=\"https:\/\/www.johannagullichsen.com\/wp-content\/uploads\/2021\/10\/Johanna-Gullichsen-Le-Coucou-Vert-13.jpg\" \/>\n\t<meta property=\"og:image:width\" content=\"1600\" \/>\n\t<meta property=\"og:image:height\" content=\"1200\" \/>\n\t<meta property=\"og:image:type\" content=\"image\/jpeg\" \/>\n<meta name=\"twitter:card\" content=\"summary_large_image\" \/>\n<meta name=\"twitter:label1\" content=\"Dur\u00e9e de lecture estim\u00e9e\" \/>\n\t<meta name=\"twitter:data1\" content=\"1 minute\" \/>\n<script type=\"application\/ld+json\" class=\"yoast-schema-graph\">{\"@context\":\"https:\/\/schema.org\",\"@graph\":[{\"@type\":\"WebPage\",\"@id\":\"https:\/\/www.johannagullichsen.com\/fr\/produit\/le-coussin-tube-normandie\/\",\"url\":\"https:\/\/www.johannagullichsen.com\/fr\/produit\/le-coussin-tube-normandie\/\",\"name\":\"Le coussin tube Normandie - Johanna Gullichsen\",\"isPartOf\":{\"@id\":\"https:\/\/www.johannagullichsen.com\/fr\/#website\"},\"primaryImageOfPage\":{\"@id\":\"https:\/\/www.johannagullichsen.com\/fr\/produit\/le-coussin-tube-normandie\/#primaryimage\"},\"image\":{\"@id\":\"https:\/\/www.johannagullichsen.com\/fr\/produit\/le-coussin-tube-normandie\/#primaryimage\"},\"thumbnailUrl\":\"https:\/\/www.johannagullichsen.com\/wp-content\/uploads\/2021\/10\/Johanna-Gullichsen-Le-Coucou-Vert-13.jpg\",\"datePublished\":\"2021-10-20T12:44:20+00:00\",\"dateModified\":\"2026-03-09T08:52:08+00:00\",\"breadcrumb\":{\"@id\":\"https:\/\/www.johannagullichsen.com\/fr\/produit\/le-coussin-tube-normandie\/#breadcrumb\"},\"inLanguage\":\"fr-FR\",\"potentialAction\":[{\"@type\":\"ReadAction\",\"target\":[\"https:\/\/www.johannagullichsen.com\/fr\/produit\/le-coussin-tube-normandie\/\"]}]},{\"@type\":\"ImageObject\",\"inLanguage\":\"fr-FR\",\"@id\":\"https:\/\/www.johannagullichsen.com\/fr\/produit\/le-coussin-tube-normandie\/#primaryimage\",\"url\":\"https:\/\/www.johannagullichsen.com\/wp-content\/uploads\/2021\/10\/Johanna-Gullichsen-Le-Coucou-Vert-13.jpg\",\"contentUrl\":\"https:\/\/www.johannagullichsen.com\/wp-content\/uploads\/2021\/10\/Johanna-Gullichsen-Le-Coucou-Vert-13.jpg\",\"width\":1600,\"height\":1200},{\"@type\":\"BreadcrumbList\",\"@id\":\"https:\/\/www.johannagullichsen.com\/fr\/produit\/le-coussin-tube-normandie\/#breadcrumb\",\"itemListElement\":[{\"@type\":\"ListItem\",\"position\":1,\"name\":\"Home\",\"item\":\"https:\/\/www.johannagullichsen.com\/fr\/\"},{\"@type\":\"ListItem\",\"position\":2,\"name\":\"Produits et Boutique en ligne\",\"item\":\"https:\/\/www.johannagullichsen.com\/fr\/produits\/\"},{\"@type\":\"ListItem\",\"position\":3,\"name\":\"Le coussin tube Normandie\"}]},{\"@type\":\"WebSite\",\"@id\":\"https:\/\/www.johannagullichsen.com\/fr\/#website\",\"url\":\"https:\/\/www.johannagullichsen.com\/fr\/\",\"name\":\"Johanna Gullichsen\",\"description\":\"\",\"potentialAction\":[{\"@type\":\"SearchAction\",\"target\":{\"@type\":\"EntryPoint\",\"urlTemplate\":\"https:\/\/www.johannagullichsen.com\/fr\/?s={search_term_string}\"},\"query-input\":{\"@type\":\"PropertyValueSpecification\",\"valueRequired\":true,\"valueName\":\"search_term_string\"}}],\"inLanguage\":\"fr-FR\"}]}<\/script>\n<!-- \/ Yoast SEO Premium plugin. -->","yoast_head_json":{"title":"Le coussin tube Normandie - Johanna Gullichsen","robots":{"index":"index","follow":"follow","max-snippet":"max-snippet:-1","max-image-preview":"max-image-preview:large","max-video-preview":"max-video-preview:-1"},"canonical":"https:\/\/www.johannagullichsen.com\/fr\/produit\/le-coussin-tube-normandie\/","og_locale":"fr_FR","og_type":"article","og_title":"Le coussin tube Normandie","og_description":"Ajoutez de la joie et du rythme \u00e0 votre d\u00e9co Les coussins tubes apportent rythme et joie \u00e0 tout int\u00e9rieur. Combinez ces coussins traversins avec les autres housses de coussins&hellip;","og_url":"https:\/\/www.johannagullichsen.com\/fr\/produit\/le-coussin-tube-normandie\/","og_site_name":"Johanna Gullichsen","article_modified_time":"2026-03-09T08:52:08+00:00","og_image":[{"width":1600,"height":1200,"url":"https:\/\/www.johannagullichsen.com\/wp-content\/uploads\/2021\/10\/Johanna-Gullichsen-Le-Coucou-Vert-13.jpg","type":"image\/jpeg"}],"twitter_card":"summary_large_image","twitter_misc":{"Dur\u00e9e de lecture estim\u00e9e":"1 minute"},"schema":{"@context":"https:\/\/schema.org","@graph":[{"@type":"WebPage","@id":"https:\/\/www.johannagullichsen.com\/fr\/produit\/le-coussin-tube-normandie\/","url":"https:\/\/www.johannagullichsen.com\/fr\/produit\/le-coussin-tube-normandie\/","name":"Le coussin tube Normandie - Johanna Gullichsen","isPartOf":{"@id":"https:\/\/www.johannagullichsen.com\/fr\/#website"},"primaryImageOfPage":{"@id":"https:\/\/www.johannagullichsen.com\/fr\/produit\/le-coussin-tube-normandie\/#primaryimage"},"image":{"@id":"https:\/\/www.johannagullichsen.com\/fr\/produit\/le-coussin-tube-normandie\/#primaryimage"},"thumbnailUrl":"https:\/\/www.johannagullichsen.com\/wp-content\/uploads\/2021\/10\/Johanna-Gullichsen-Le-Coucou-Vert-13.jpg","datePublished":"2021-10-20T12:44:20+00:00","dateModified":"2026-03-09T08:52:08+00:00","breadcrumb":{"@id":"https:\/\/www.johannagullichsen.com\/fr\/produit\/le-coussin-tube-normandie\/#breadcrumb"},"inLanguage":"fr-FR","potentialAction":[{"@type":"ReadAction","target":["https:\/\/www.johannagullichsen.com\/fr\/produit\/le-coussin-tube-normandie\/"]}]},{"@type":"ImageObject","inLanguage":"fr-FR","@id":"https:\/\/www.johannagullichsen.com\/fr\/produit\/le-coussin-tube-normandie\/#primaryimage","url":"https:\/\/www.johannagullichsen.com\/wp-content\/uploads\/2021\/10\/Johanna-Gullichsen-Le-Coucou-Vert-13.jpg","contentUrl":"https:\/\/www.johannagullichsen.com\/wp-content\/uploads\/2021\/10\/Johanna-Gullichsen-Le-Coucou-Vert-13.jpg","width":1600,"height":1200},{"@type":"BreadcrumbList","@id":"https:\/\/www.johannagullichsen.com\/fr\/produit\/le-coussin-tube-normandie\/#breadcrumb","itemListElement":[{"@type":"ListItem","position":1,"name":"Home","item":"https:\/\/www.johannagullichsen.com\/fr\/"},{"@type":"ListItem","position":2,"name":"Produits et Boutique en ligne","item":"https:\/\/www.johannagullichsen.com\/fr\/produits\/"},{"@type":"ListItem","position":3,"name":"Le coussin tube Normandie"}]},{"@type":"WebSite","@id":"https:\/\/www.johannagullichsen.com\/fr\/#website","url":"https:\/\/www.johannagullichsen.com\/fr\/","name":"Johanna Gullichsen","description":"","potentialAction":[{"@type":"SearchAction","target":{"@type":"EntryPoint","urlTemplate":"https:\/\/www.johannagullichsen.com\/fr\/?s={search_term_string}"},"query-input":{"@type":"PropertyValueSpecification","valueRequired":true,"valueName":"search_term_string"}}],"inLanguage":"fr-FR"}]}},"_links":{"self":[{"href":"https:\/\/www.johannagullichsen.com\/fr\/wp-json\/wp\/v2\/product\/14040","targetHints":{"allow":["GET"]}}],"collection":[{"href":"https:\/\/www.johannagullichsen.com\/fr\/wp-json\/wp\/v2\/product"}],"about":[{"href":"https:\/\/www.johannagullichsen.com\/fr\/wp-json\/wp\/v2\/types\/product"}],"wp:featuredmedia":[{"embeddable":true,"href":"https:\/\/www.johannagullichsen.com\/fr\/wp-json\/wp\/v2\/media\/27265"}],"wp:attachment":[{"href":"https:\/\/www.johannagullichsen.com\/fr\/wp-json\/wp\/v2\/media?parent=14040"}],"wp:term":[{"taxonomy":"product_brand","embeddable":true,"href":"https:\/\/www.johannagullichsen.com\/fr\/wp-json\/wp\/v2\/product_brand?post=14040"},{"taxonomy":"product_cat","embeddable":true,"href":"https:\/\/www.johannagullichsen.com\/fr\/wp-json\/wp\/v2\/product_cat?post=14040"},{"taxonomy":"product_tag","embeddable":true,"href":"https:\/\/www.johannagullichsen.com\/fr\/wp-json\/wp\/v2\/product_tag?post=14040"}],"curies":[{"name":"wp","href":"https:\/\/api.w.org\/{rel}","templated":true}]}}