{"id":14515,"date":"2022-05-17T08:48:03","date_gmt":"2022-05-17T05:48:03","guid":{"rendered":"https:\/\/www.johannagullichsen.com\/?post_type=product&#038;p=14515"},"modified":"2025-04-25T12:14:29","modified_gmt":"2025-04-25T09:14:29","slug":"tissu-tilkku","status":"publish","type":"product","link":"https:\/\/www.johannagullichsen.com\/fr\/produit\/tissu-tilkku\/","title":{"rendered":"Tissu Normandie Tilkku"},"content":{"rendered":"<p>Quand vous pouvez tout avoir!<\/p>\n<p>Difficile de choisir? Optez pour Tilkku! Ce tissu d&rsquo;int\u00e9rieur vibrant et solide combine les motifs bien-aim\u00e9s Nereus, Doris, Eos et Tithonus. Tilkku c\u00e9l\u00e8bre les 25 ans de la collection Normandie. Tout en \u00e9tant ludique, Tilkku est \u00e9galement harmonieux et convient \u00e0 de nombreux types d&rsquo;int\u00e9rieurs. Tilkku est tiss\u00e9 en coton biologique en Finlande, comme toute la collection Normandie.<\/p>\n<p>Largeur du motif : 105 cm<\/p>\n<p>Longueur du motif : 54 cm<\/p>\n<p>Un carr\u00e9 : 17,5cm x 18cm<\/p>\n<p>Poids : 495 g\/m2<\/p>\n<p>Largeur du tissu : 210 cm<\/p>\n<div class=\"\"><\/div>\n","protected":false},"excerpt":{"rendered":"<p>Quand vous pouvez tout avoir! Difficile de choisir? Optez pour Tilkku! Ce tissu d&rsquo;int\u00e9rieur vibrant et solide combine les motifs bien-aim\u00e9s Nereus, Doris, Eos et Tithonus. Tilkku c\u00e9l\u00e8bre les 25&hellip;<\/p>\n","protected":false},"featured_media":14469,"template":"","meta":{"_acf_changed":false},"product_brand":[],"product_cat":[1977,260],"product_tag":[],"class_list":{"0":"post-14515","1":"product","2":"type-product","3":"status-publish","4":"has-post-thumbnail","6":"product_cat-interieurs-residentiels","7":"product_cat-tissus","8":"pa_pattern-colour-tilkku-vert","9":"pa_pattern-colour-tilkku-amande","10":"pa_pattern-colour-tilkku-bordeaux-fr","11":"pa_pattern-colour-tilkku-brique","12":"pa_pattern-colour-tilkku-noir","13":"pa_pattern-colour-tilkku-bleu","14":"pa_pattern-colour-tilkku-plomb","15":"pa_pattern-colour-tilkku-jaune","16":"pa_pattern-colour-tilkku-ochre-fr","17":"collection-normandie-fr","19":"first","20":"instock","21":"taxable","22":"shipping-taxable","23":"purchasable","24":"product-type-variable"},"acf":[],"yoast_head":"<!-- This site is optimized with the Yoast SEO Premium plugin v27.2 (Yoast SEO v27.2) - https:\/\/yoast.com\/product\/yoast-seo-premium-wordpress\/ -->\n<title>Tissu Normandie Tilkku - Johanna Gullichsen<\/title>\n<meta name=\"robots\" content=\"index, follow, max-snippet:-1, max-image-preview:large, max-video-preview:-1\" \/>\n<link rel=\"canonical\" href=\"https:\/\/www.johannagullichsen.com\/fr\/produit\/tissu-tilkku\/\" \/>\n<meta property=\"og:locale\" content=\"fr_FR\" \/>\n<meta property=\"og:type\" content=\"article\" \/>\n<meta property=\"og:title\" content=\"Tissu Normandie Tilkku\" \/>\n<meta property=\"og:description\" content=\"Quand vous pouvez tout avoir! Difficile de choisir? Optez pour Tilkku! Ce tissu d&rsquo;int\u00e9rieur vibrant et solide combine les motifs bien-aim\u00e9s Nereus, Doris, Eos et Tithonus. Tilkku c\u00e9l\u00e8bre les 25&hellip;\" \/>\n<meta property=\"og:url\" content=\"https:\/\/www.johannagullichsen.com\/fr\/produit\/tissu-tilkku\/\" \/>\n<meta property=\"og:site_name\" content=\"Johanna Gullichsen\" \/>\n<meta property=\"article:modified_time\" content=\"2025-04-25T09:14:29+00:00\" \/>\n<meta property=\"og:image\" content=\"https:\/\/www.johannagullichsen.com\/wp-content\/uploads\/2022\/05\/Johanna-Gullichsen-Tilkku-Lead-1024x768.jpg\" \/>\n\t<meta property=\"og:image:width\" content=\"1024\" \/>\n\t<meta property=\"og:image:height\" content=\"768\" \/>\n\t<meta property=\"og:image:type\" content=\"image\/jpeg\" \/>\n<meta name=\"twitter:card\" content=\"summary_large_image\" \/>\n<meta name=\"twitter:label1\" content=\"Dur\u00e9e de lecture estim\u00e9e\" \/>\n\t<meta name=\"twitter:data1\" content=\"1 minute\" \/>\n<script type=\"application\/ld+json\" class=\"yoast-schema-graph\">{\"@context\":\"https:\/\/schema.org\",\"@graph\":[{\"@type\":\"WebPage\",\"@id\":\"https:\/\/www.johannagullichsen.com\/fr\/produit\/tissu-tilkku\/\",\"url\":\"https:\/\/www.johannagullichsen.com\/fr\/produit\/tissu-tilkku\/\",\"name\":\"Tissu Normandie Tilkku - Johanna Gullichsen\",\"isPartOf\":{\"@id\":\"https:\/\/www.johannagullichsen.com\/fr\/#website\"},\"primaryImageOfPage\":{\"@id\":\"https:\/\/www.johannagullichsen.com\/fr\/produit\/tissu-tilkku\/#primaryimage\"},\"image\":{\"@id\":\"https:\/\/www.johannagullichsen.com\/fr\/produit\/tissu-tilkku\/#primaryimage\"},\"thumbnailUrl\":\"https:\/\/www.johannagullichsen.com\/wp-content\/uploads\/2022\/05\/Johanna-Gullichsen-Tilkku-Blue-1.jpg\",\"datePublished\":\"2022-05-17T05:48:03+00:00\",\"dateModified\":\"2025-04-25T09:14:29+00:00\",\"breadcrumb\":{\"@id\":\"https:\/\/www.johannagullichsen.com\/fr\/produit\/tissu-tilkku\/#breadcrumb\"},\"inLanguage\":\"fr-FR\",\"potentialAction\":[{\"@type\":\"ReadAction\",\"target\":[\"https:\/\/www.johannagullichsen.com\/fr\/produit\/tissu-tilkku\/\"]}]},{\"@type\":\"ImageObject\",\"inLanguage\":\"fr-FR\",\"@id\":\"https:\/\/www.johannagullichsen.com\/fr\/produit\/tissu-tilkku\/#primaryimage\",\"url\":\"https:\/\/www.johannagullichsen.com\/wp-content\/uploads\/2022\/05\/Johanna-Gullichsen-Tilkku-Blue-1.jpg\",\"contentUrl\":\"https:\/\/www.johannagullichsen.com\/wp-content\/uploads\/2022\/05\/Johanna-Gullichsen-Tilkku-Blue-1.jpg\",\"width\":1600,\"height\":1200},{\"@type\":\"BreadcrumbList\",\"@id\":\"https:\/\/www.johannagullichsen.com\/fr\/produit\/tissu-tilkku\/#breadcrumb\",\"itemListElement\":[{\"@type\":\"ListItem\",\"position\":1,\"name\":\"Home\",\"item\":\"https:\/\/www.johannagullichsen.com\/fr\/\"},{\"@type\":\"ListItem\",\"position\":2,\"name\":\"Produits et Boutique en ligne\",\"item\":\"https:\/\/www.johannagullichsen.com\/fr\/produits\/\"},{\"@type\":\"ListItem\",\"position\":3,\"name\":\"Tissu Normandie Tilkku\"}]},{\"@type\":\"WebSite\",\"@id\":\"https:\/\/www.johannagullichsen.com\/fr\/#website\",\"url\":\"https:\/\/www.johannagullichsen.com\/fr\/\",\"name\":\"Johanna Gullichsen\",\"description\":\"\",\"potentialAction\":[{\"@type\":\"SearchAction\",\"target\":{\"@type\":\"EntryPoint\",\"urlTemplate\":\"https:\/\/www.johannagullichsen.com\/fr\/?s={search_term_string}\"},\"query-input\":{\"@type\":\"PropertyValueSpecification\",\"valueRequired\":true,\"valueName\":\"search_term_string\"}}],\"inLanguage\":\"fr-FR\"}]}<\/script>\n<!-- \/ Yoast SEO Premium plugin. -->","yoast_head_json":{"title":"Tissu Normandie Tilkku - Johanna Gullichsen","robots":{"index":"index","follow":"follow","max-snippet":"max-snippet:-1","max-image-preview":"max-image-preview:large","max-video-preview":"max-video-preview:-1"},"canonical":"https:\/\/www.johannagullichsen.com\/fr\/produit\/tissu-tilkku\/","og_locale":"fr_FR","og_type":"article","og_title":"Tissu Normandie Tilkku","og_description":"Quand vous pouvez tout avoir! Difficile de choisir? Optez pour Tilkku! Ce tissu d&rsquo;int\u00e9rieur vibrant et solide combine les motifs bien-aim\u00e9s Nereus, Doris, Eos et Tithonus. Tilkku c\u00e9l\u00e8bre les 25&hellip;","og_url":"https:\/\/www.johannagullichsen.com\/fr\/produit\/tissu-tilkku\/","og_site_name":"Johanna Gullichsen","article_modified_time":"2025-04-25T09:14:29+00:00","og_image":[{"width":1024,"height":768,"url":"https:\/\/www.johannagullichsen.com\/wp-content\/uploads\/2022\/05\/Johanna-Gullichsen-Tilkku-Lead-1024x768.jpg","type":"image\/jpeg"}],"twitter_card":"summary_large_image","twitter_misc":{"Dur\u00e9e de lecture estim\u00e9e":"1 minute"},"schema":{"@context":"https:\/\/schema.org","@graph":[{"@type":"WebPage","@id":"https:\/\/www.johannagullichsen.com\/fr\/produit\/tissu-tilkku\/","url":"https:\/\/www.johannagullichsen.com\/fr\/produit\/tissu-tilkku\/","name":"Tissu Normandie Tilkku - Johanna Gullichsen","isPartOf":{"@id":"https:\/\/www.johannagullichsen.com\/fr\/#website"},"primaryImageOfPage":{"@id":"https:\/\/www.johannagullichsen.com\/fr\/produit\/tissu-tilkku\/#primaryimage"},"image":{"@id":"https:\/\/www.johannagullichsen.com\/fr\/produit\/tissu-tilkku\/#primaryimage"},"thumbnailUrl":"https:\/\/www.johannagullichsen.com\/wp-content\/uploads\/2022\/05\/Johanna-Gullichsen-Tilkku-Blue-1.jpg","datePublished":"2022-05-17T05:48:03+00:00","dateModified":"2025-04-25T09:14:29+00:00","breadcrumb":{"@id":"https:\/\/www.johannagullichsen.com\/fr\/produit\/tissu-tilkku\/#breadcrumb"},"inLanguage":"fr-FR","potentialAction":[{"@type":"ReadAction","target":["https:\/\/www.johannagullichsen.com\/fr\/produit\/tissu-tilkku\/"]}]},{"@type":"ImageObject","inLanguage":"fr-FR","@id":"https:\/\/www.johannagullichsen.com\/fr\/produit\/tissu-tilkku\/#primaryimage","url":"https:\/\/www.johannagullichsen.com\/wp-content\/uploads\/2022\/05\/Johanna-Gullichsen-Tilkku-Blue-1.jpg","contentUrl":"https:\/\/www.johannagullichsen.com\/wp-content\/uploads\/2022\/05\/Johanna-Gullichsen-Tilkku-Blue-1.jpg","width":1600,"height":1200},{"@type":"BreadcrumbList","@id":"https:\/\/www.johannagullichsen.com\/fr\/produit\/tissu-tilkku\/#breadcrumb","itemListElement":[{"@type":"ListItem","position":1,"name":"Home","item":"https:\/\/www.johannagullichsen.com\/fr\/"},{"@type":"ListItem","position":2,"name":"Produits et Boutique en ligne","item":"https:\/\/www.johannagullichsen.com\/fr\/produits\/"},{"@type":"ListItem","position":3,"name":"Tissu Normandie Tilkku"}]},{"@type":"WebSite","@id":"https:\/\/www.johannagullichsen.com\/fr\/#website","url":"https:\/\/www.johannagullichsen.com\/fr\/","name":"Johanna Gullichsen","description":"","potentialAction":[{"@type":"SearchAction","target":{"@type":"EntryPoint","urlTemplate":"https:\/\/www.johannagullichsen.com\/fr\/?s={search_term_string}"},"query-input":{"@type":"PropertyValueSpecification","valueRequired":true,"valueName":"search_term_string"}}],"inLanguage":"fr-FR"}]}},"_links":{"self":[{"href":"https:\/\/www.johannagullichsen.com\/fr\/wp-json\/wp\/v2\/product\/14515","targetHints":{"allow":["GET"]}}],"collection":[{"href":"https:\/\/www.johannagullichsen.com\/fr\/wp-json\/wp\/v2\/product"}],"about":[{"href":"https:\/\/www.johannagullichsen.com\/fr\/wp-json\/wp\/v2\/types\/product"}],"wp:featuredmedia":[{"embeddable":true,"href":"https:\/\/www.johannagullichsen.com\/fr\/wp-json\/wp\/v2\/media\/14469"}],"wp:attachment":[{"href":"https:\/\/www.johannagullichsen.com\/fr\/wp-json\/wp\/v2\/media?parent=14515"}],"wp:term":[{"taxonomy":"product_brand","embeddable":true,"href":"https:\/\/www.johannagullichsen.com\/fr\/wp-json\/wp\/v2\/product_brand?post=14515"},{"taxonomy":"product_cat","embeddable":true,"href":"https:\/\/www.johannagullichsen.com\/fr\/wp-json\/wp\/v2\/product_cat?post=14515"},{"taxonomy":"product_tag","embeddable":true,"href":"https:\/\/www.johannagullichsen.com\/fr\/wp-json\/wp\/v2\/product_tag?post=14515"}],"curies":[{"name":"wp","href":"https:\/\/api.w.org\/{rel}","templated":true}]}}