{"id":15058,"date":"2022-06-10T13:10:58","date_gmt":"2022-06-10T10:10:58","guid":{"rendered":"https:\/\/www.johannagullichsen.com\/?post_type=product&#038;p=15058"},"modified":"2022-06-20T14:31:30","modified_gmt":"2022-06-20T11:31:30","slug":"plateau-rond-l","status":"publish","type":"product","link":"https:\/\/www.johannagullichsen.com\/fr\/produit\/plateau-rond-l\/","title":{"rendered":"Plateau rond L"},"content":{"rendered":"<h4>Que la f\u00eate commence!<\/h4>\n<p>Le grand plateau rond est parfait pour les f\u00eates et moments d&rsquo;\u00e9t\u00e9 dans le jardin. Le motif Doris sur le plateau est un dessin de Johanna Gullichsen, bas\u00e9 sur le tissu Doris.<\/p>\n<p>Autres tailles : <a href=\"https:\/\/www.johannagullichsen.com\/fr\/?post_type=product&amp;p=15063&amp;preview=true\">Plateau rond S<\/a><\/p>\n","protected":false},"excerpt":{"rendered":"<p>Que la f\u00eate commence! Le grand plateau rond est parfait pour les f\u00eates et moments d&rsquo;\u00e9t\u00e9 dans le jardin. Le motif Doris sur le plateau est un dessin de Johanna&hellip;<\/p>\n","protected":false},"featured_media":15017,"template":"","meta":{"_acf_changed":false},"product_brand":[],"product_cat":[262],"product_tag":[],"class_list":{"0":"post-15058","1":"product","2":"type-product","3":"status-publish","4":"has-post-thumbnail","6":"product_cat-a-table","7":"pa_pattern-colour-doris-amande","8":"pa_pattern-colour-doris-noir-fr","9":"pa_pattern-colour-doris-bleu","10":"pa_pattern-colour-doris-ochre-fr","11":"collection-normandie-fr","13":"first","14":"instock","15":"taxable","16":"shipping-taxable","17":"purchasable","18":"product-type-variable"},"acf":[],"yoast_head":"<!-- This site is optimized with the Yoast SEO Premium plugin v27.2 (Yoast SEO v27.5) - https:\/\/yoast.com\/product\/yoast-seo-premium-wordpress\/ -->\n<title>Plateau rond L - Johanna Gullichsen<\/title>\n<meta name=\"robots\" content=\"index, follow, max-snippet:-1, max-image-preview:large, max-video-preview:-1\" \/>\n<link rel=\"canonical\" href=\"https:\/\/www.johannagullichsen.com\/fr\/produit\/plateau-rond-l\/\" \/>\n<meta property=\"og:locale\" content=\"fr_FR\" \/>\n<meta property=\"og:type\" content=\"article\" \/>\n<meta property=\"og:title\" content=\"Plateau rond L\" \/>\n<meta property=\"og:description\" content=\"Que la f\u00eate commence! Le grand plateau rond est parfait pour les f\u00eates et moments d&rsquo;\u00e9t\u00e9 dans le jardin. Le motif Doris sur le plateau est un dessin de Johanna&hellip;\" \/>\n<meta property=\"og:url\" content=\"https:\/\/www.johannagullichsen.com\/fr\/produit\/plateau-rond-l\/\" \/>\n<meta property=\"og:site_name\" content=\"Johanna Gullichsen\" \/>\n<meta property=\"article:modified_time\" content=\"2022-06-20T11:31:30+00:00\" \/>\n<meta property=\"og:image\" content=\"https:\/\/www.johannagullichsen.com\/wp-content\/uploads\/2022\/06\/Johanna-Gullichsen-Round-Tray-L-Doris-blue.jpg\" \/>\n\t<meta property=\"og:image:width\" content=\"1600\" \/>\n\t<meta property=\"og:image:height\" content=\"1185\" \/>\n\t<meta property=\"og:image:type\" content=\"image\/jpeg\" \/>\n<meta name=\"twitter:card\" content=\"summary_large_image\" \/>\n<script type=\"application\/ld+json\" class=\"yoast-schema-graph\">{\"@context\":\"https:\\\/\\\/schema.org\",\"@graph\":[{\"@type\":\"WebPage\",\"@id\":\"https:\\\/\\\/www.johannagullichsen.com\\\/fr\\\/produit\\\/plateau-rond-l\\\/\",\"url\":\"https:\\\/\\\/www.johannagullichsen.com\\\/fr\\\/produit\\\/plateau-rond-l\\\/\",\"name\":\"Plateau rond L - Johanna Gullichsen\",\"isPartOf\":{\"@id\":\"https:\\\/\\\/www.johannagullichsen.com\\\/fr\\\/#website\"},\"primaryImageOfPage\":{\"@id\":\"https:\\\/\\\/www.johannagullichsen.com\\\/fr\\\/produit\\\/plateau-rond-l\\\/#primaryimage\"},\"image\":{\"@id\":\"https:\\\/\\\/www.johannagullichsen.com\\\/fr\\\/produit\\\/plateau-rond-l\\\/#primaryimage\"},\"thumbnailUrl\":\"https:\\\/\\\/www.johannagullichsen.com\\\/wp-content\\\/uploads\\\/2022\\\/06\\\/Johanna-Gullichsen-Round-Tray-L-Doris-blue.jpg\",\"datePublished\":\"2022-06-10T10:10:58+00:00\",\"dateModified\":\"2022-06-20T11:31:30+00:00\",\"breadcrumb\":{\"@id\":\"https:\\\/\\\/www.johannagullichsen.com\\\/fr\\\/produit\\\/plateau-rond-l\\\/#breadcrumb\"},\"inLanguage\":\"fr-FR\",\"potentialAction\":[{\"@type\":\"ReadAction\",\"target\":[\"https:\\\/\\\/www.johannagullichsen.com\\\/fr\\\/produit\\\/plateau-rond-l\\\/\"]}]},{\"@type\":\"ImageObject\",\"inLanguage\":\"fr-FR\",\"@id\":\"https:\\\/\\\/www.johannagullichsen.com\\\/fr\\\/produit\\\/plateau-rond-l\\\/#primaryimage\",\"url\":\"https:\\\/\\\/www.johannagullichsen.com\\\/wp-content\\\/uploads\\\/2022\\\/06\\\/Johanna-Gullichsen-Round-Tray-L-Doris-blue.jpg\",\"contentUrl\":\"https:\\\/\\\/www.johannagullichsen.com\\\/wp-content\\\/uploads\\\/2022\\\/06\\\/Johanna-Gullichsen-Round-Tray-L-Doris-blue.jpg\",\"width\":1600,\"height\":1185},{\"@type\":\"BreadcrumbList\",\"@id\":\"https:\\\/\\\/www.johannagullichsen.com\\\/fr\\\/produit\\\/plateau-rond-l\\\/#breadcrumb\",\"itemListElement\":[{\"@type\":\"ListItem\",\"position\":1,\"name\":\"Home\",\"item\":\"https:\\\/\\\/www.johannagullichsen.com\\\/fr\\\/\"},{\"@type\":\"ListItem\",\"position\":2,\"name\":\"Produits et Boutique en ligne\",\"item\":\"https:\\\/\\\/www.johannagullichsen.com\\\/fr\\\/produits\\\/\"},{\"@type\":\"ListItem\",\"position\":3,\"name\":\"Plateau rond L\"}]},{\"@type\":\"WebSite\",\"@id\":\"https:\\\/\\\/www.johannagullichsen.com\\\/fr\\\/#website\",\"url\":\"https:\\\/\\\/www.johannagullichsen.com\\\/fr\\\/\",\"name\":\"Johanna Gullichsen\",\"description\":\"\",\"potentialAction\":[{\"@type\":\"SearchAction\",\"target\":{\"@type\":\"EntryPoint\",\"urlTemplate\":\"https:\\\/\\\/www.johannagullichsen.com\\\/fr\\\/?s={search_term_string}\"},\"query-input\":{\"@type\":\"PropertyValueSpecification\",\"valueRequired\":true,\"valueName\":\"search_term_string\"}}],\"inLanguage\":\"fr-FR\"}]}<\/script>\n<!-- \/ Yoast SEO Premium plugin. -->","yoast_head_json":{"title":"Plateau rond L - Johanna Gullichsen","robots":{"index":"index","follow":"follow","max-snippet":"max-snippet:-1","max-image-preview":"max-image-preview:large","max-video-preview":"max-video-preview:-1"},"canonical":"https:\/\/www.johannagullichsen.com\/fr\/produit\/plateau-rond-l\/","og_locale":"fr_FR","og_type":"article","og_title":"Plateau rond L","og_description":"Que la f\u00eate commence! Le grand plateau rond est parfait pour les f\u00eates et moments d&rsquo;\u00e9t\u00e9 dans le jardin. Le motif Doris sur le plateau est un dessin de Johanna&hellip;","og_url":"https:\/\/www.johannagullichsen.com\/fr\/produit\/plateau-rond-l\/","og_site_name":"Johanna Gullichsen","article_modified_time":"2022-06-20T11:31:30+00:00","og_image":[{"width":1600,"height":1185,"url":"https:\/\/www.johannagullichsen.com\/wp-content\/uploads\/2022\/06\/Johanna-Gullichsen-Round-Tray-L-Doris-blue.jpg","type":"image\/jpeg"}],"twitter_card":"summary_large_image","schema":{"@context":"https:\/\/schema.org","@graph":[{"@type":"WebPage","@id":"https:\/\/www.johannagullichsen.com\/fr\/produit\/plateau-rond-l\/","url":"https:\/\/www.johannagullichsen.com\/fr\/produit\/plateau-rond-l\/","name":"Plateau rond L - Johanna Gullichsen","isPartOf":{"@id":"https:\/\/www.johannagullichsen.com\/fr\/#website"},"primaryImageOfPage":{"@id":"https:\/\/www.johannagullichsen.com\/fr\/produit\/plateau-rond-l\/#primaryimage"},"image":{"@id":"https:\/\/www.johannagullichsen.com\/fr\/produit\/plateau-rond-l\/#primaryimage"},"thumbnailUrl":"https:\/\/www.johannagullichsen.com\/wp-content\/uploads\/2022\/06\/Johanna-Gullichsen-Round-Tray-L-Doris-blue.jpg","datePublished":"2022-06-10T10:10:58+00:00","dateModified":"2022-06-20T11:31:30+00:00","breadcrumb":{"@id":"https:\/\/www.johannagullichsen.com\/fr\/produit\/plateau-rond-l\/#breadcrumb"},"inLanguage":"fr-FR","potentialAction":[{"@type":"ReadAction","target":["https:\/\/www.johannagullichsen.com\/fr\/produit\/plateau-rond-l\/"]}]},{"@type":"ImageObject","inLanguage":"fr-FR","@id":"https:\/\/www.johannagullichsen.com\/fr\/produit\/plateau-rond-l\/#primaryimage","url":"https:\/\/www.johannagullichsen.com\/wp-content\/uploads\/2022\/06\/Johanna-Gullichsen-Round-Tray-L-Doris-blue.jpg","contentUrl":"https:\/\/www.johannagullichsen.com\/wp-content\/uploads\/2022\/06\/Johanna-Gullichsen-Round-Tray-L-Doris-blue.jpg","width":1600,"height":1185},{"@type":"BreadcrumbList","@id":"https:\/\/www.johannagullichsen.com\/fr\/produit\/plateau-rond-l\/#breadcrumb","itemListElement":[{"@type":"ListItem","position":1,"name":"Home","item":"https:\/\/www.johannagullichsen.com\/fr\/"},{"@type":"ListItem","position":2,"name":"Produits et Boutique en ligne","item":"https:\/\/www.johannagullichsen.com\/fr\/produits\/"},{"@type":"ListItem","position":3,"name":"Plateau rond L"}]},{"@type":"WebSite","@id":"https:\/\/www.johannagullichsen.com\/fr\/#website","url":"https:\/\/www.johannagullichsen.com\/fr\/","name":"Johanna Gullichsen","description":"","potentialAction":[{"@type":"SearchAction","target":{"@type":"EntryPoint","urlTemplate":"https:\/\/www.johannagullichsen.com\/fr\/?s={search_term_string}"},"query-input":{"@type":"PropertyValueSpecification","valueRequired":true,"valueName":"search_term_string"}}],"inLanguage":"fr-FR"}]}},"_links":{"self":[{"href":"https:\/\/www.johannagullichsen.com\/fr\/wp-json\/wp\/v2\/product\/15058","targetHints":{"allow":["GET"]}}],"collection":[{"href":"https:\/\/www.johannagullichsen.com\/fr\/wp-json\/wp\/v2\/product"}],"about":[{"href":"https:\/\/www.johannagullichsen.com\/fr\/wp-json\/wp\/v2\/types\/product"}],"wp:featuredmedia":[{"embeddable":true,"href":"https:\/\/www.johannagullichsen.com\/fr\/wp-json\/wp\/v2\/media\/15017"}],"wp:attachment":[{"href":"https:\/\/www.johannagullichsen.com\/fr\/wp-json\/wp\/v2\/media?parent=15058"}],"wp:term":[{"taxonomy":"product_brand","embeddable":true,"href":"https:\/\/www.johannagullichsen.com\/fr\/wp-json\/wp\/v2\/product_brand?post=15058"},{"taxonomy":"product_cat","embeddable":true,"href":"https:\/\/www.johannagullichsen.com\/fr\/wp-json\/wp\/v2\/product_cat?post=15058"},{"taxonomy":"product_tag","embeddable":true,"href":"https:\/\/www.johannagullichsen.com\/fr\/wp-json\/wp\/v2\/product_tag?post=15058"}],"curies":[{"name":"wp","href":"https:\/\/api.w.org\/{rel}","templated":true}]}}