{"id":16928,"date":"2023-01-03T09:55:09","date_gmt":"2023-01-03T07:55:09","guid":{"rendered":"https:\/\/www.johannagullichsen.com\/?post_type=product&#038;p=16928"},"modified":"2024-02-27T07:37:11","modified_gmt":"2024-02-27T05:37:11","slug":"la-tasse-nereus-2","status":"publish","type":"product","link":"https:\/\/www.johannagullichsen.com\/fr\/produit\/la-tasse-nereus-2\/","title":{"rendered":"La tasse Nereus"},"content":{"rendered":"<h4><span class=\"\" lang=\"FR\">Temps de faire une petite pause!<\/span><\/h4>\n<p><span class=\"\" lang=\"FR\">La tasse Nereus est parfaite pour servir un caf\u00e9, un th\u00e9 ou un chocolat chaud. La couleur ocre chaleureuse, ou le gris sobre se marient \u00e0 merveille. La tasse et <a href=\"https:\/\/www.johannagullichsen.com\/fr\/produits\/la-table-et-la-cuisine\/la-tasse-nereus\/\">la soucoupe<\/a> sont vendues s\u00e9par\u00e9ment, vous pouvez donc les m\u00e9langer et assortir comme vous le souhaitez.<\/span><span class=\"\" lang=\"FR\"><br class=\"\" \/><br class=\"\" \/><\/span><span class=\"\" lang=\"FR\">Les tasses empilables \u00e0 lignes droites de <a href=\"http:\/\/vaja.fi\">Vaja Finland<\/a> sont fabriqu\u00e9s \u00e0 Porvoo, en Finlande. Nous avons initialement adapt\u00e9 le motif Nereus pour la tasse et la soucoupe Vaja, sp\u00e9cialement pour le caf\u00e9 du mus\u00e9e de <a href=\"https:\/\/www.villagyllenberg.fi\/en\">Villa Gyllenberg. <\/a><\/span><span class=\"\" lang=\"FR\">La tasse et la soucoupe avec le motif Nereus ont \u00e9t\u00e9 lanc\u00e9es lors de la r\u00e9ouverture de Villa Gyllenberg apr\u00e8s r\u00e9novation en 2022.<\/span><\/p>\n","protected":false},"excerpt":{"rendered":"<p>Temps de faire une petite pause! La tasse Nereus est parfaite pour servir un caf\u00e9, un th\u00e9 ou un chocolat chaud. La couleur ocre chaleureuse, ou le gris sobre se&hellip;<\/p>\n","protected":false},"featured_media":16736,"template":"","meta":{"_acf_changed":false},"product_brand":[],"product_cat":[262],"product_tag":[],"class_list":{"0":"post-16928","1":"product","2":"type-product","3":"status-publish","4":"has-post-thumbnail","6":"product_cat-a-table","7":"pa_pattern-colour-nereus-mousse","8":"pa_pattern-colour-nereus-ochre-1-fr","9":"collection-normandie-fr","11":"first","12":"instock","13":"taxable","14":"shipping-taxable","15":"purchasable","16":"product-type-variable"},"acf":[],"yoast_head":"<!-- This site is optimized with the Yoast SEO Premium plugin v27.2 (Yoast SEO v27.2) - https:\/\/yoast.com\/product\/yoast-seo-premium-wordpress\/ -->\n<title>La tasse Nereus - Johanna Gullichsen<\/title>\n<meta name=\"robots\" content=\"index, follow, max-snippet:-1, max-image-preview:large, max-video-preview:-1\" \/>\n<link rel=\"canonical\" href=\"https:\/\/www.johannagullichsen.com\/fr\/produit\/la-tasse-nereus-2\/\" \/>\n<meta property=\"og:locale\" content=\"fr_FR\" \/>\n<meta property=\"og:type\" content=\"article\" \/>\n<meta property=\"og:title\" content=\"La tasse Nereus\" \/>\n<meta property=\"og:description\" content=\"Temps de faire une petite pause! La tasse Nereus est parfaite pour servir un caf\u00e9, un th\u00e9 ou un chocolat chaud. La couleur ocre chaleureuse, ou le gris sobre se&hellip;\" \/>\n<meta property=\"og:url\" content=\"https:\/\/www.johannagullichsen.com\/fr\/produit\/la-tasse-nereus-2\/\" \/>\n<meta property=\"og:site_name\" content=\"Johanna Gullichsen\" \/>\n<meta property=\"article:modified_time\" content=\"2024-02-27T05:37:11+00:00\" \/>\n<meta property=\"og:image\" content=\"https:\/\/www.johannagullichsen.com\/wp-content\/uploads\/2023\/01\/Johanna-Gullichsen-Nereus-Cup-Ochre.jpg\" \/>\n\t<meta property=\"og:image:width\" content=\"1600\" \/>\n\t<meta property=\"og:image:height\" content=\"1200\" \/>\n\t<meta property=\"og:image:type\" content=\"image\/jpeg\" \/>\n<meta name=\"twitter:card\" content=\"summary_large_image\" \/>\n<meta name=\"twitter:label1\" content=\"Dur\u00e9e de lecture estim\u00e9e\" \/>\n\t<meta name=\"twitter:data1\" content=\"1 minute\" \/>\n<script type=\"application\/ld+json\" class=\"yoast-schema-graph\">{\"@context\":\"https:\/\/schema.org\",\"@graph\":[{\"@type\":\"WebPage\",\"@id\":\"https:\/\/www.johannagullichsen.com\/fr\/produit\/la-tasse-nereus-2\/\",\"url\":\"https:\/\/www.johannagullichsen.com\/fr\/produit\/la-tasse-nereus-2\/\",\"name\":\"La tasse Nereus - Johanna Gullichsen\",\"isPartOf\":{\"@id\":\"https:\/\/www.johannagullichsen.com\/fr\/#website\"},\"primaryImageOfPage\":{\"@id\":\"https:\/\/www.johannagullichsen.com\/fr\/produit\/la-tasse-nereus-2\/#primaryimage\"},\"image\":{\"@id\":\"https:\/\/www.johannagullichsen.com\/fr\/produit\/la-tasse-nereus-2\/#primaryimage\"},\"thumbnailUrl\":\"https:\/\/www.johannagullichsen.com\/wp-content\/uploads\/2023\/01\/Johanna-Gullichsen-Nereus-Cup-Ochre.jpg\",\"datePublished\":\"2023-01-03T07:55:09+00:00\",\"dateModified\":\"2024-02-27T05:37:11+00:00\",\"breadcrumb\":{\"@id\":\"https:\/\/www.johannagullichsen.com\/fr\/produit\/la-tasse-nereus-2\/#breadcrumb\"},\"inLanguage\":\"fr-FR\",\"potentialAction\":[{\"@type\":\"ReadAction\",\"target\":[\"https:\/\/www.johannagullichsen.com\/fr\/produit\/la-tasse-nereus-2\/\"]}]},{\"@type\":\"ImageObject\",\"inLanguage\":\"fr-FR\",\"@id\":\"https:\/\/www.johannagullichsen.com\/fr\/produit\/la-tasse-nereus-2\/#primaryimage\",\"url\":\"https:\/\/www.johannagullichsen.com\/wp-content\/uploads\/2023\/01\/Johanna-Gullichsen-Nereus-Cup-Ochre.jpg\",\"contentUrl\":\"https:\/\/www.johannagullichsen.com\/wp-content\/uploads\/2023\/01\/Johanna-Gullichsen-Nereus-Cup-Ochre.jpg\",\"width\":1600,\"height\":1200},{\"@type\":\"BreadcrumbList\",\"@id\":\"https:\/\/www.johannagullichsen.com\/fr\/produit\/la-tasse-nereus-2\/#breadcrumb\",\"itemListElement\":[{\"@type\":\"ListItem\",\"position\":1,\"name\":\"Home\",\"item\":\"https:\/\/www.johannagullichsen.com\/fr\/\"},{\"@type\":\"ListItem\",\"position\":2,\"name\":\"Produits et Boutique en ligne\",\"item\":\"https:\/\/www.johannagullichsen.com\/fr\/produits\/\"},{\"@type\":\"ListItem\",\"position\":3,\"name\":\"La tasse Nereus\"}]},{\"@type\":\"WebSite\",\"@id\":\"https:\/\/www.johannagullichsen.com\/fr\/#website\",\"url\":\"https:\/\/www.johannagullichsen.com\/fr\/\",\"name\":\"Johanna Gullichsen\",\"description\":\"\",\"potentialAction\":[{\"@type\":\"SearchAction\",\"target\":{\"@type\":\"EntryPoint\",\"urlTemplate\":\"https:\/\/www.johannagullichsen.com\/fr\/?s={search_term_string}\"},\"query-input\":{\"@type\":\"PropertyValueSpecification\",\"valueRequired\":true,\"valueName\":\"search_term_string\"}}],\"inLanguage\":\"fr-FR\"}]}<\/script>\n<!-- \/ Yoast SEO Premium plugin. -->","yoast_head_json":{"title":"La tasse Nereus - Johanna Gullichsen","robots":{"index":"index","follow":"follow","max-snippet":"max-snippet:-1","max-image-preview":"max-image-preview:large","max-video-preview":"max-video-preview:-1"},"canonical":"https:\/\/www.johannagullichsen.com\/fr\/produit\/la-tasse-nereus-2\/","og_locale":"fr_FR","og_type":"article","og_title":"La tasse Nereus","og_description":"Temps de faire une petite pause! La tasse Nereus est parfaite pour servir un caf\u00e9, un th\u00e9 ou un chocolat chaud. La couleur ocre chaleureuse, ou le gris sobre se&hellip;","og_url":"https:\/\/www.johannagullichsen.com\/fr\/produit\/la-tasse-nereus-2\/","og_site_name":"Johanna Gullichsen","article_modified_time":"2024-02-27T05:37:11+00:00","og_image":[{"width":1600,"height":1200,"url":"https:\/\/www.johannagullichsen.com\/wp-content\/uploads\/2023\/01\/Johanna-Gullichsen-Nereus-Cup-Ochre.jpg","type":"image\/jpeg"}],"twitter_card":"summary_large_image","twitter_misc":{"Dur\u00e9e de lecture estim\u00e9e":"1 minute"},"schema":{"@context":"https:\/\/schema.org","@graph":[{"@type":"WebPage","@id":"https:\/\/www.johannagullichsen.com\/fr\/produit\/la-tasse-nereus-2\/","url":"https:\/\/www.johannagullichsen.com\/fr\/produit\/la-tasse-nereus-2\/","name":"La tasse Nereus - Johanna Gullichsen","isPartOf":{"@id":"https:\/\/www.johannagullichsen.com\/fr\/#website"},"primaryImageOfPage":{"@id":"https:\/\/www.johannagullichsen.com\/fr\/produit\/la-tasse-nereus-2\/#primaryimage"},"image":{"@id":"https:\/\/www.johannagullichsen.com\/fr\/produit\/la-tasse-nereus-2\/#primaryimage"},"thumbnailUrl":"https:\/\/www.johannagullichsen.com\/wp-content\/uploads\/2023\/01\/Johanna-Gullichsen-Nereus-Cup-Ochre.jpg","datePublished":"2023-01-03T07:55:09+00:00","dateModified":"2024-02-27T05:37:11+00:00","breadcrumb":{"@id":"https:\/\/www.johannagullichsen.com\/fr\/produit\/la-tasse-nereus-2\/#breadcrumb"},"inLanguage":"fr-FR","potentialAction":[{"@type":"ReadAction","target":["https:\/\/www.johannagullichsen.com\/fr\/produit\/la-tasse-nereus-2\/"]}]},{"@type":"ImageObject","inLanguage":"fr-FR","@id":"https:\/\/www.johannagullichsen.com\/fr\/produit\/la-tasse-nereus-2\/#primaryimage","url":"https:\/\/www.johannagullichsen.com\/wp-content\/uploads\/2023\/01\/Johanna-Gullichsen-Nereus-Cup-Ochre.jpg","contentUrl":"https:\/\/www.johannagullichsen.com\/wp-content\/uploads\/2023\/01\/Johanna-Gullichsen-Nereus-Cup-Ochre.jpg","width":1600,"height":1200},{"@type":"BreadcrumbList","@id":"https:\/\/www.johannagullichsen.com\/fr\/produit\/la-tasse-nereus-2\/#breadcrumb","itemListElement":[{"@type":"ListItem","position":1,"name":"Home","item":"https:\/\/www.johannagullichsen.com\/fr\/"},{"@type":"ListItem","position":2,"name":"Produits et Boutique en ligne","item":"https:\/\/www.johannagullichsen.com\/fr\/produits\/"},{"@type":"ListItem","position":3,"name":"La tasse Nereus"}]},{"@type":"WebSite","@id":"https:\/\/www.johannagullichsen.com\/fr\/#website","url":"https:\/\/www.johannagullichsen.com\/fr\/","name":"Johanna Gullichsen","description":"","potentialAction":[{"@type":"SearchAction","target":{"@type":"EntryPoint","urlTemplate":"https:\/\/www.johannagullichsen.com\/fr\/?s={search_term_string}"},"query-input":{"@type":"PropertyValueSpecification","valueRequired":true,"valueName":"search_term_string"}}],"inLanguage":"fr-FR"}]}},"_links":{"self":[{"href":"https:\/\/www.johannagullichsen.com\/fr\/wp-json\/wp\/v2\/product\/16928","targetHints":{"allow":["GET"]}}],"collection":[{"href":"https:\/\/www.johannagullichsen.com\/fr\/wp-json\/wp\/v2\/product"}],"about":[{"href":"https:\/\/www.johannagullichsen.com\/fr\/wp-json\/wp\/v2\/types\/product"}],"wp:featuredmedia":[{"embeddable":true,"href":"https:\/\/www.johannagullichsen.com\/fr\/wp-json\/wp\/v2\/media\/16736"}],"wp:attachment":[{"href":"https:\/\/www.johannagullichsen.com\/fr\/wp-json\/wp\/v2\/media?parent=16928"}],"wp:term":[{"taxonomy":"product_brand","embeddable":true,"href":"https:\/\/www.johannagullichsen.com\/fr\/wp-json\/wp\/v2\/product_brand?post=16928"},{"taxonomy":"product_cat","embeddable":true,"href":"https:\/\/www.johannagullichsen.com\/fr\/wp-json\/wp\/v2\/product_cat?post=16928"},{"taxonomy":"product_tag","embeddable":true,"href":"https:\/\/www.johannagullichsen.com\/fr\/wp-json\/wp\/v2\/product_tag?post=16928"}],"curies":[{"name":"wp","href":"https:\/\/api.w.org\/{rel}","templated":true}]}}