{"id":18967,"date":"2023-05-19T10:03:24","date_gmt":"2023-05-19T07:03:24","guid":{"rendered":"https:\/\/www.johannagullichsen.com\/?post_type=product&#038;p=18967"},"modified":"2026-03-16T16:59:50","modified_gmt":"2026-03-16T14:59:50","slug":"sac-rectangulaire","status":"publish","type":"product","link":"https:\/\/www.johannagullichsen.com\/fr\/produit\/sac-rectangulaire\/","title":{"rendered":"Sac Rectangulaire"},"content":{"rendered":"<h4>Sac \u00e0 bandouli\u00e8re fonctionnel<\/h4>\n<p>Pratique et l\u00e9ger, le sac Rectangulaire est une version l\u00e9g\u00e8rement plus petite et \u00e9troite du<a href=\"\/?product_cat=tetra-shoulder-bag\"> sac Tetra Shoulder<\/a>.<br \/>\nConfiez \u00e0 son int\u00e9rieur spacieux vos effets personnels. \u00c0 emporter partout avec soi.<\/p>\n<p>Le sac Rectangulaire est dot\u00e9 d&rsquo;une bandouli\u00e8re r\u00e9glable et d&rsquo;une poche int\u00e9rieure avec fermeture \u00e9clair.<\/p>\n<p class=\"p1\">Teinture, tissage et couture en Finlande.<\/p>\n","protected":false},"excerpt":{"rendered":"<p>Sac \u00e0 bandouli\u00e8re fonctionnel Pratique et l\u00e9ger, le sac Rectangulaire est une version l\u00e9g\u00e8rement plus petite et \u00e9troite du sac Tetra Shoulder. Confiez \u00e0 son int\u00e9rieur spacieux vos effets personnels.&hellip;<\/p>\n","protected":false},"featured_media":18662,"template":"","meta":{"_acf_changed":false},"product_brand":[],"product_cat":[1982,263],"product_tag":[],"class_list":{"0":"post-18967","1":"product","2":"type-product","3":"status-publish","4":"has-post-thumbnail","6":"product_cat-sacs","7":"product_cat-accessoires","8":"pa_pattern-colour-doris-noir","9":"pa_pattern-colour-eos-blue-fonce-fr","10":"pa_pattern-colour-doris-bleu","11":"pa_pattern-colour-tilkku-plomb","12":"pa_pattern-colour-doris-plomb","13":"pa_pattern-colour-tilkku-noir","14":"pa_pattern-colour-eos-noir","15":"pa_pattern-colour-doris-paille","16":"pa_pattern-colour-eos-vert","17":"pa_pattern-colour-helios-amande","18":"pa_pattern-colour-doris-cirrus","19":"pa_pattern-colour-helios-noir","20":"pa_pattern-colour-helios-brique-fr","21":"pa_pattern-colour-helios-plomb","22":"pa_pattern-colour-nereus-noir-fr","23":"pa_pattern-colour-doris-amande","24":"pa_pattern-colour-nereus-bleu-fonce","25":"collection-normandie-fr","27":"first","28":"instock","29":"taxable","30":"shipping-taxable","31":"purchasable","32":"product-type-variable"},"acf":[],"yoast_head":"<!-- This site is optimized with the Yoast SEO Premium plugin v27.2 (Yoast SEO v27.5) - https:\/\/yoast.com\/product\/yoast-seo-premium-wordpress\/ -->\n<title>Sac Rectangulaire - Johanna Gullichsen<\/title>\n<meta name=\"description\" content=\"Le Sac Rectangulaire est l\u00e9ger et pratique. Confiez \u00e0 son int\u00e9rieur spacieux vos effets personnels. \u00c0 emporter partout avec soi.\" \/>\n<meta name=\"robots\" content=\"index, follow, max-snippet:-1, max-image-preview:large, max-video-preview:-1\" \/>\n<link rel=\"canonical\" href=\"https:\/\/www.johannagullichsen.com\/fr\/produit\/sac-rectangulaire\/\" \/>\n<meta property=\"og:locale\" content=\"fr_FR\" \/>\n<meta property=\"og:type\" content=\"article\" \/>\n<meta property=\"og:title\" content=\"Sac Rectangulaire\" \/>\n<meta property=\"og:description\" content=\"Le Sac Rectangulaire est l\u00e9ger et pratique. Confiez \u00e0 son int\u00e9rieur spacieux vos effets personnels. \u00c0 emporter partout avec soi.\" \/>\n<meta property=\"og:url\" content=\"https:\/\/www.johannagullichsen.com\/fr\/produit\/sac-rectangulaire\/\" \/>\n<meta property=\"og:site_name\" content=\"Johanna Gullichsen\" \/>\n<meta property=\"article:modified_time\" content=\"2026-03-16T14:59:50+00:00\" \/>\n<meta property=\"og:image\" content=\"https:\/\/www.johannagullichsen.com\/wp-content\/uploads\/2023\/05\/Johanna-Gullichsen-Rectangular-bag-Doris-black-Pablo-1-1024x768.jpg\" \/>\n\t<meta property=\"og:image:width\" content=\"1024\" \/>\n\t<meta property=\"og:image:height\" content=\"768\" \/>\n\t<meta property=\"og:image:type\" content=\"image\/jpeg\" \/>\n<meta name=\"twitter:card\" content=\"summary_large_image\" \/>\n<meta name=\"twitter:label1\" content=\"Dur\u00e9e de lecture estim\u00e9e\" \/>\n\t<meta name=\"twitter:data1\" content=\"1 minute\" \/>\n<script type=\"application\/ld+json\" class=\"yoast-schema-graph\">{\"@context\":\"https:\\\/\\\/schema.org\",\"@graph\":[{\"@type\":\"WebPage\",\"@id\":\"https:\\\/\\\/www.johannagullichsen.com\\\/fr\\\/produit\\\/sac-rectangulaire\\\/\",\"url\":\"https:\\\/\\\/www.johannagullichsen.com\\\/fr\\\/produit\\\/sac-rectangulaire\\\/\",\"name\":\"Sac Rectangulaire - Johanna Gullichsen\",\"isPartOf\":{\"@id\":\"https:\\\/\\\/www.johannagullichsen.com\\\/fr\\\/#website\"},\"primaryImageOfPage\":{\"@id\":\"https:\\\/\\\/www.johannagullichsen.com\\\/fr\\\/produit\\\/sac-rectangulaire\\\/#primaryimage\"},\"image\":{\"@id\":\"https:\\\/\\\/www.johannagullichsen.com\\\/fr\\\/produit\\\/sac-rectangulaire\\\/#primaryimage\"},\"thumbnailUrl\":\"https:\\\/\\\/www.johannagullichsen.com\\\/wp-content\\\/uploads\\\/2023\\\/05\\\/Johanna-Gullichsen-Rectangular-bag-Doris-black-Pablo-1.jpg\",\"datePublished\":\"2023-05-19T07:03:24+00:00\",\"dateModified\":\"2026-03-16T14:59:50+00:00\",\"description\":\"Le Sac Rectangulaire est l\u00e9ger et pratique. Confiez \u00e0 son int\u00e9rieur spacieux vos effets personnels. \u00c0 emporter partout avec soi.\",\"breadcrumb\":{\"@id\":\"https:\\\/\\\/www.johannagullichsen.com\\\/fr\\\/produit\\\/sac-rectangulaire\\\/#breadcrumb\"},\"inLanguage\":\"fr-FR\",\"potentialAction\":[{\"@type\":\"ReadAction\",\"target\":[\"https:\\\/\\\/www.johannagullichsen.com\\\/fr\\\/produit\\\/sac-rectangulaire\\\/\"]}]},{\"@type\":\"ImageObject\",\"inLanguage\":\"fr-FR\",\"@id\":\"https:\\\/\\\/www.johannagullichsen.com\\\/fr\\\/produit\\\/sac-rectangulaire\\\/#primaryimage\",\"url\":\"https:\\\/\\\/www.johannagullichsen.com\\\/wp-content\\\/uploads\\\/2023\\\/05\\\/Johanna-Gullichsen-Rectangular-bag-Doris-black-Pablo-1.jpg\",\"contentUrl\":\"https:\\\/\\\/www.johannagullichsen.com\\\/wp-content\\\/uploads\\\/2023\\\/05\\\/Johanna-Gullichsen-Rectangular-bag-Doris-black-Pablo-1.jpg\",\"width\":1600,\"height\":1200},{\"@type\":\"BreadcrumbList\",\"@id\":\"https:\\\/\\\/www.johannagullichsen.com\\\/fr\\\/produit\\\/sac-rectangulaire\\\/#breadcrumb\",\"itemListElement\":[{\"@type\":\"ListItem\",\"position\":1,\"name\":\"Home\",\"item\":\"https:\\\/\\\/www.johannagullichsen.com\\\/fr\\\/\"},{\"@type\":\"ListItem\",\"position\":2,\"name\":\"Produits et Boutique en ligne\",\"item\":\"https:\\\/\\\/www.johannagullichsen.com\\\/fr\\\/produits\\\/\"},{\"@type\":\"ListItem\",\"position\":3,\"name\":\"Sac Rectangulaire\"}]},{\"@type\":\"WebSite\",\"@id\":\"https:\\\/\\\/www.johannagullichsen.com\\\/fr\\\/#website\",\"url\":\"https:\\\/\\\/www.johannagullichsen.com\\\/fr\\\/\",\"name\":\"Johanna Gullichsen\",\"description\":\"\",\"potentialAction\":[{\"@type\":\"SearchAction\",\"target\":{\"@type\":\"EntryPoint\",\"urlTemplate\":\"https:\\\/\\\/www.johannagullichsen.com\\\/fr\\\/?s={search_term_string}\"},\"query-input\":{\"@type\":\"PropertyValueSpecification\",\"valueRequired\":true,\"valueName\":\"search_term_string\"}}],\"inLanguage\":\"fr-FR\"}]}<\/script>\n<!-- \/ Yoast SEO Premium plugin. -->","yoast_head_json":{"title":"Sac Rectangulaire - Johanna Gullichsen","description":"Le Sac Rectangulaire est l\u00e9ger et pratique. Confiez \u00e0 son int\u00e9rieur spacieux vos effets personnels. \u00c0 emporter partout avec soi.","robots":{"index":"index","follow":"follow","max-snippet":"max-snippet:-1","max-image-preview":"max-image-preview:large","max-video-preview":"max-video-preview:-1"},"canonical":"https:\/\/www.johannagullichsen.com\/fr\/produit\/sac-rectangulaire\/","og_locale":"fr_FR","og_type":"article","og_title":"Sac Rectangulaire","og_description":"Le Sac Rectangulaire est l\u00e9ger et pratique. Confiez \u00e0 son int\u00e9rieur spacieux vos effets personnels. \u00c0 emporter partout avec soi.","og_url":"https:\/\/www.johannagullichsen.com\/fr\/produit\/sac-rectangulaire\/","og_site_name":"Johanna Gullichsen","article_modified_time":"2026-03-16T14:59:50+00:00","og_image":[{"width":1024,"height":768,"url":"https:\/\/www.johannagullichsen.com\/wp-content\/uploads\/2023\/05\/Johanna-Gullichsen-Rectangular-bag-Doris-black-Pablo-1-1024x768.jpg","type":"image\/jpeg"}],"twitter_card":"summary_large_image","twitter_misc":{"Dur\u00e9e de lecture estim\u00e9e":"1 minute"},"schema":{"@context":"https:\/\/schema.org","@graph":[{"@type":"WebPage","@id":"https:\/\/www.johannagullichsen.com\/fr\/produit\/sac-rectangulaire\/","url":"https:\/\/www.johannagullichsen.com\/fr\/produit\/sac-rectangulaire\/","name":"Sac Rectangulaire - Johanna Gullichsen","isPartOf":{"@id":"https:\/\/www.johannagullichsen.com\/fr\/#website"},"primaryImageOfPage":{"@id":"https:\/\/www.johannagullichsen.com\/fr\/produit\/sac-rectangulaire\/#primaryimage"},"image":{"@id":"https:\/\/www.johannagullichsen.com\/fr\/produit\/sac-rectangulaire\/#primaryimage"},"thumbnailUrl":"https:\/\/www.johannagullichsen.com\/wp-content\/uploads\/2023\/05\/Johanna-Gullichsen-Rectangular-bag-Doris-black-Pablo-1.jpg","datePublished":"2023-05-19T07:03:24+00:00","dateModified":"2026-03-16T14:59:50+00:00","description":"Le Sac Rectangulaire est l\u00e9ger et pratique. Confiez \u00e0 son int\u00e9rieur spacieux vos effets personnels. \u00c0 emporter partout avec soi.","breadcrumb":{"@id":"https:\/\/www.johannagullichsen.com\/fr\/produit\/sac-rectangulaire\/#breadcrumb"},"inLanguage":"fr-FR","potentialAction":[{"@type":"ReadAction","target":["https:\/\/www.johannagullichsen.com\/fr\/produit\/sac-rectangulaire\/"]}]},{"@type":"ImageObject","inLanguage":"fr-FR","@id":"https:\/\/www.johannagullichsen.com\/fr\/produit\/sac-rectangulaire\/#primaryimage","url":"https:\/\/www.johannagullichsen.com\/wp-content\/uploads\/2023\/05\/Johanna-Gullichsen-Rectangular-bag-Doris-black-Pablo-1.jpg","contentUrl":"https:\/\/www.johannagullichsen.com\/wp-content\/uploads\/2023\/05\/Johanna-Gullichsen-Rectangular-bag-Doris-black-Pablo-1.jpg","width":1600,"height":1200},{"@type":"BreadcrumbList","@id":"https:\/\/www.johannagullichsen.com\/fr\/produit\/sac-rectangulaire\/#breadcrumb","itemListElement":[{"@type":"ListItem","position":1,"name":"Home","item":"https:\/\/www.johannagullichsen.com\/fr\/"},{"@type":"ListItem","position":2,"name":"Produits et Boutique en ligne","item":"https:\/\/www.johannagullichsen.com\/fr\/produits\/"},{"@type":"ListItem","position":3,"name":"Sac Rectangulaire"}]},{"@type":"WebSite","@id":"https:\/\/www.johannagullichsen.com\/fr\/#website","url":"https:\/\/www.johannagullichsen.com\/fr\/","name":"Johanna Gullichsen","description":"","potentialAction":[{"@type":"SearchAction","target":{"@type":"EntryPoint","urlTemplate":"https:\/\/www.johannagullichsen.com\/fr\/?s={search_term_string}"},"query-input":{"@type":"PropertyValueSpecification","valueRequired":true,"valueName":"search_term_string"}}],"inLanguage":"fr-FR"}]}},"_links":{"self":[{"href":"https:\/\/www.johannagullichsen.com\/fr\/wp-json\/wp\/v2\/product\/18967","targetHints":{"allow":["GET"]}}],"collection":[{"href":"https:\/\/www.johannagullichsen.com\/fr\/wp-json\/wp\/v2\/product"}],"about":[{"href":"https:\/\/www.johannagullichsen.com\/fr\/wp-json\/wp\/v2\/types\/product"}],"wp:featuredmedia":[{"embeddable":true,"href":"https:\/\/www.johannagullichsen.com\/fr\/wp-json\/wp\/v2\/media\/18662"}],"wp:attachment":[{"href":"https:\/\/www.johannagullichsen.com\/fr\/wp-json\/wp\/v2\/media?parent=18967"}],"wp:term":[{"taxonomy":"product_brand","embeddable":true,"href":"https:\/\/www.johannagullichsen.com\/fr\/wp-json\/wp\/v2\/product_brand?post=18967"},{"taxonomy":"product_cat","embeddable":true,"href":"https:\/\/www.johannagullichsen.com\/fr\/wp-json\/wp\/v2\/product_cat?post=18967"},{"taxonomy":"product_tag","embeddable":true,"href":"https:\/\/www.johannagullichsen.com\/fr\/wp-json\/wp\/v2\/product_tag?post=18967"}],"curies":[{"name":"wp","href":"https:\/\/api.w.org\/{rel}","templated":true}]}}