{"id":23433,"date":"2024-05-20T09:38:46","date_gmt":"2024-05-20T06:38:46","guid":{"rendered":"https:\/\/www.johannagullichsen.com\/?post_type=product&#038;p=23433"},"modified":"2024-05-22T12:14:51","modified_gmt":"2024-05-22T09:14:51","slug":"pochette-origami-s","status":"publish","type":"product","link":"https:\/\/www.johannagullichsen.com\/fr\/produit\/pochette-origami-s\/","title":{"rendered":"Pochette Origami S"},"content":{"rendered":"<div>\n<p>Gardez vos objets indispensables organis\u00e9s gr\u00e2ce \u00e0 la pochette Origami. Glissez-la dans votre sac pour ranger en toute s\u00e9curit\u00e9 votre maquillage, vos re\u00e7us, vos cl\u00e9s ou d&rsquo;autres petits objets. Cette pochette compacte et polyvalente vous permet d&rsquo;avoir toujours vos objets de valeur \u00e0 port\u00e9e de main. La pochette Origami est le plus petit de nos trois articles Origami ; les autres tailles sont le <a href=\"https:\/\/www.johannagullichsen.com\/fr\/produits\/accessoires\/sac-origami-m\/\">sac Origami M<\/a> et le <a href=\"https:\/\/www.johannagullichsen.com\/fr\/produits\/accessoires\/sac-origami-l\/\">sac Origami L<\/a>.<\/p>\n<\/div>\n<div><\/div>\n","protected":false},"excerpt":{"rendered":"<p>Gardez vos objets indispensables organis\u00e9s gr\u00e2ce \u00e0 la pochette Origami. Glissez-la dans votre sac pour ranger en toute s\u00e9curit\u00e9 votre maquillage, vos re\u00e7us, vos cl\u00e9s ou d&rsquo;autres petits objets. Cette&hellip;<\/p>\n","protected":false},"featured_media":23372,"template":"","meta":{"_acf_changed":false},"product_brand":[],"product_cat":[1983,263],"product_tag":[],"class_list":{"0":"post-23433","1":"product","2":"type-product","3":"status-publish","4":"has-post-thumbnail","6":"product_cat-besaces-pochettes","7":"product_cat-accessoires","8":"pa_pattern-colour-doris-jaune","9":"pa_pattern-colour-eos-noir","10":"pa_pattern-colour-helios-amande","11":"pa_pattern-colour-nereus-brique-fr","12":"collection-normandie-fr","14":"first","15":"instock","16":"taxable","17":"shipping-taxable","18":"purchasable","19":"product-type-variable"},"acf":[],"yoast_head":"<!-- This site is optimized with the Yoast SEO Premium plugin v27.2 (Yoast SEO v27.5) - https:\/\/yoast.com\/product\/yoast-seo-premium-wordpress\/ -->\n<title>Pochette Origami S - Johanna Gullichsen<\/title>\n<meta name=\"description\" content=\"Gardez vos objets indispensables organis\u00e9s gr\u00e2ce \u00e0 la pochette Origami.\" \/>\n<meta name=\"robots\" content=\"index, follow, max-snippet:-1, max-image-preview:large, max-video-preview:-1\" \/>\n<link rel=\"canonical\" href=\"https:\/\/www.johannagullichsen.com\/fr\/produit\/pochette-origami-s\/\" \/>\n<meta property=\"og:locale\" content=\"fr_FR\" \/>\n<meta property=\"og:type\" content=\"article\" \/>\n<meta property=\"og:title\" content=\"Pochette Origami S\" \/>\n<meta property=\"og:description\" content=\"Gardez vos objets indispensables organis\u00e9s gr\u00e2ce \u00e0 la pochette Origami.\" \/>\n<meta property=\"og:url\" content=\"https:\/\/www.johannagullichsen.com\/fr\/produit\/pochette-origami-s\/\" \/>\n<meta property=\"og:site_name\" content=\"Johanna Gullichsen\" \/>\n<meta property=\"article:modified_time\" content=\"2024-05-22T09:14:51+00:00\" \/>\n<meta property=\"og:image\" content=\"https:\/\/www.johannagullichsen.com\/wp-content\/uploads\/2024\/05\/Johanna-Gullichsen-small-origami-purses.jpg\" \/>\n\t<meta property=\"og:image:width\" content=\"1600\" \/>\n\t<meta property=\"og:image:height\" content=\"1200\" \/>\n\t<meta property=\"og:image:type\" content=\"image\/jpeg\" \/>\n<meta name=\"twitter:card\" content=\"summary_large_image\" \/>\n<meta name=\"twitter:label1\" content=\"Dur\u00e9e de lecture estim\u00e9e\" \/>\n\t<meta name=\"twitter:data1\" content=\"1 minute\" \/>\n<script type=\"application\/ld+json\" class=\"yoast-schema-graph\">{\"@context\":\"https:\\\/\\\/schema.org\",\"@graph\":[{\"@type\":\"WebPage\",\"@id\":\"https:\\\/\\\/www.johannagullichsen.com\\\/fr\\\/produit\\\/pochette-origami-s\\\/\",\"url\":\"https:\\\/\\\/www.johannagullichsen.com\\\/fr\\\/produit\\\/pochette-origami-s\\\/\",\"name\":\"Pochette Origami S - Johanna Gullichsen\",\"isPartOf\":{\"@id\":\"https:\\\/\\\/www.johannagullichsen.com\\\/fr\\\/#website\"},\"primaryImageOfPage\":{\"@id\":\"https:\\\/\\\/www.johannagullichsen.com\\\/fr\\\/produit\\\/pochette-origami-s\\\/#primaryimage\"},\"image\":{\"@id\":\"https:\\\/\\\/www.johannagullichsen.com\\\/fr\\\/produit\\\/pochette-origami-s\\\/#primaryimage\"},\"thumbnailUrl\":\"https:\\\/\\\/www.johannagullichsen.com\\\/wp-content\\\/uploads\\\/2024\\\/05\\\/Johanna-Gullichsen-small-origami-purses.jpg\",\"datePublished\":\"2024-05-20T06:38:46+00:00\",\"dateModified\":\"2024-05-22T09:14:51+00:00\",\"description\":\"Gardez vos objets indispensables organis\u00e9s gr\u00e2ce \u00e0 la pochette Origami.\",\"breadcrumb\":{\"@id\":\"https:\\\/\\\/www.johannagullichsen.com\\\/fr\\\/produit\\\/pochette-origami-s\\\/#breadcrumb\"},\"inLanguage\":\"fr-FR\",\"potentialAction\":[{\"@type\":\"ReadAction\",\"target\":[\"https:\\\/\\\/www.johannagullichsen.com\\\/fr\\\/produit\\\/pochette-origami-s\\\/\"]}]},{\"@type\":\"ImageObject\",\"inLanguage\":\"fr-FR\",\"@id\":\"https:\\\/\\\/www.johannagullichsen.com\\\/fr\\\/produit\\\/pochette-origami-s\\\/#primaryimage\",\"url\":\"https:\\\/\\\/www.johannagullichsen.com\\\/wp-content\\\/uploads\\\/2024\\\/05\\\/Johanna-Gullichsen-small-origami-purses.jpg\",\"contentUrl\":\"https:\\\/\\\/www.johannagullichsen.com\\\/wp-content\\\/uploads\\\/2024\\\/05\\\/Johanna-Gullichsen-small-origami-purses.jpg\",\"width\":1600,\"height\":1200},{\"@type\":\"BreadcrumbList\",\"@id\":\"https:\\\/\\\/www.johannagullichsen.com\\\/fr\\\/produit\\\/pochette-origami-s\\\/#breadcrumb\",\"itemListElement\":[{\"@type\":\"ListItem\",\"position\":1,\"name\":\"Home\",\"item\":\"https:\\\/\\\/www.johannagullichsen.com\\\/fr\\\/\"},{\"@type\":\"ListItem\",\"position\":2,\"name\":\"Produits et Boutique en ligne\",\"item\":\"https:\\\/\\\/www.johannagullichsen.com\\\/fr\\\/produits\\\/\"},{\"@type\":\"ListItem\",\"position\":3,\"name\":\"Pochette Origami S\"}]},{\"@type\":\"WebSite\",\"@id\":\"https:\\\/\\\/www.johannagullichsen.com\\\/fr\\\/#website\",\"url\":\"https:\\\/\\\/www.johannagullichsen.com\\\/fr\\\/\",\"name\":\"Johanna Gullichsen\",\"description\":\"\",\"potentialAction\":[{\"@type\":\"SearchAction\",\"target\":{\"@type\":\"EntryPoint\",\"urlTemplate\":\"https:\\\/\\\/www.johannagullichsen.com\\\/fr\\\/?s={search_term_string}\"},\"query-input\":{\"@type\":\"PropertyValueSpecification\",\"valueRequired\":true,\"valueName\":\"search_term_string\"}}],\"inLanguage\":\"fr-FR\"}]}<\/script>\n<!-- \/ Yoast SEO Premium plugin. -->","yoast_head_json":{"title":"Pochette Origami S - Johanna Gullichsen","description":"Gardez vos objets indispensables organis\u00e9s gr\u00e2ce \u00e0 la pochette Origami.","robots":{"index":"index","follow":"follow","max-snippet":"max-snippet:-1","max-image-preview":"max-image-preview:large","max-video-preview":"max-video-preview:-1"},"canonical":"https:\/\/www.johannagullichsen.com\/fr\/produit\/pochette-origami-s\/","og_locale":"fr_FR","og_type":"article","og_title":"Pochette Origami S","og_description":"Gardez vos objets indispensables organis\u00e9s gr\u00e2ce \u00e0 la pochette Origami.","og_url":"https:\/\/www.johannagullichsen.com\/fr\/produit\/pochette-origami-s\/","og_site_name":"Johanna Gullichsen","article_modified_time":"2024-05-22T09:14:51+00:00","og_image":[{"width":1600,"height":1200,"url":"https:\/\/www.johannagullichsen.com\/wp-content\/uploads\/2024\/05\/Johanna-Gullichsen-small-origami-purses.jpg","type":"image\/jpeg"}],"twitter_card":"summary_large_image","twitter_misc":{"Dur\u00e9e de lecture estim\u00e9e":"1 minute"},"schema":{"@context":"https:\/\/schema.org","@graph":[{"@type":"WebPage","@id":"https:\/\/www.johannagullichsen.com\/fr\/produit\/pochette-origami-s\/","url":"https:\/\/www.johannagullichsen.com\/fr\/produit\/pochette-origami-s\/","name":"Pochette Origami S - Johanna Gullichsen","isPartOf":{"@id":"https:\/\/www.johannagullichsen.com\/fr\/#website"},"primaryImageOfPage":{"@id":"https:\/\/www.johannagullichsen.com\/fr\/produit\/pochette-origami-s\/#primaryimage"},"image":{"@id":"https:\/\/www.johannagullichsen.com\/fr\/produit\/pochette-origami-s\/#primaryimage"},"thumbnailUrl":"https:\/\/www.johannagullichsen.com\/wp-content\/uploads\/2024\/05\/Johanna-Gullichsen-small-origami-purses.jpg","datePublished":"2024-05-20T06:38:46+00:00","dateModified":"2024-05-22T09:14:51+00:00","description":"Gardez vos objets indispensables organis\u00e9s gr\u00e2ce \u00e0 la pochette Origami.","breadcrumb":{"@id":"https:\/\/www.johannagullichsen.com\/fr\/produit\/pochette-origami-s\/#breadcrumb"},"inLanguage":"fr-FR","potentialAction":[{"@type":"ReadAction","target":["https:\/\/www.johannagullichsen.com\/fr\/produit\/pochette-origami-s\/"]}]},{"@type":"ImageObject","inLanguage":"fr-FR","@id":"https:\/\/www.johannagullichsen.com\/fr\/produit\/pochette-origami-s\/#primaryimage","url":"https:\/\/www.johannagullichsen.com\/wp-content\/uploads\/2024\/05\/Johanna-Gullichsen-small-origami-purses.jpg","contentUrl":"https:\/\/www.johannagullichsen.com\/wp-content\/uploads\/2024\/05\/Johanna-Gullichsen-small-origami-purses.jpg","width":1600,"height":1200},{"@type":"BreadcrumbList","@id":"https:\/\/www.johannagullichsen.com\/fr\/produit\/pochette-origami-s\/#breadcrumb","itemListElement":[{"@type":"ListItem","position":1,"name":"Home","item":"https:\/\/www.johannagullichsen.com\/fr\/"},{"@type":"ListItem","position":2,"name":"Produits et Boutique en ligne","item":"https:\/\/www.johannagullichsen.com\/fr\/produits\/"},{"@type":"ListItem","position":3,"name":"Pochette Origami S"}]},{"@type":"WebSite","@id":"https:\/\/www.johannagullichsen.com\/fr\/#website","url":"https:\/\/www.johannagullichsen.com\/fr\/","name":"Johanna Gullichsen","description":"","potentialAction":[{"@type":"SearchAction","target":{"@type":"EntryPoint","urlTemplate":"https:\/\/www.johannagullichsen.com\/fr\/?s={search_term_string}"},"query-input":{"@type":"PropertyValueSpecification","valueRequired":true,"valueName":"search_term_string"}}],"inLanguage":"fr-FR"}]}},"_links":{"self":[{"href":"https:\/\/www.johannagullichsen.com\/fr\/wp-json\/wp\/v2\/product\/23433","targetHints":{"allow":["GET"]}}],"collection":[{"href":"https:\/\/www.johannagullichsen.com\/fr\/wp-json\/wp\/v2\/product"}],"about":[{"href":"https:\/\/www.johannagullichsen.com\/fr\/wp-json\/wp\/v2\/types\/product"}],"wp:featuredmedia":[{"embeddable":true,"href":"https:\/\/www.johannagullichsen.com\/fr\/wp-json\/wp\/v2\/media\/23372"}],"wp:attachment":[{"href":"https:\/\/www.johannagullichsen.com\/fr\/wp-json\/wp\/v2\/media?parent=23433"}],"wp:term":[{"taxonomy":"product_brand","embeddable":true,"href":"https:\/\/www.johannagullichsen.com\/fr\/wp-json\/wp\/v2\/product_brand?post=23433"},{"taxonomy":"product_cat","embeddable":true,"href":"https:\/\/www.johannagullichsen.com\/fr\/wp-json\/wp\/v2\/product_cat?post=23433"},{"taxonomy":"product_tag","embeddable":true,"href":"https:\/\/www.johannagullichsen.com\/fr\/wp-json\/wp\/v2\/product_tag?post=23433"}],"curies":[{"name":"wp","href":"https:\/\/api.w.org\/{rel}","templated":true}]}}