{"id":23930,"date":"2024-05-24T15:23:32","date_gmt":"2024-05-24T12:23:32","guid":{"rendered":"https:\/\/www.johannagullichsen.com\/?post_type=product&#038;p=23930"},"modified":"2026-03-16T17:08:03","modified_gmt":"2026-03-16T15:08:03","slug":"sac-viktorino","status":"publish","type":"product","link":"https:\/\/www.johannagullichsen.com\/fr\/produit\/sac-viktorino\/","title":{"rendered":"Sac Viktorino"},"content":{"rendered":"<h4>Sac \u00e0 bandouli\u00e8re \u00e9l\u00e9gant<\/h4>\n<p>Ce petit sac \u00e0 bandouli\u00e8re est dot\u00e9 d&rsquo;un rabat et d&rsquo;une fermeture \u00e0 glissi\u00e8re pour garder tous vos objets essentiels en s\u00e9curit\u00e9. Il est \u00e9galement muni d&rsquo;une bandouli\u00e8re amovible et r\u00e9glable. Viktorino est une version plus petite du sac Viktor classique.<\/p>\n<p>Teinture, tissage et couture en Finlande.<\/p>\n","protected":false},"excerpt":{"rendered":"<p>Sac \u00e0 bandouli\u00e8re \u00e9l\u00e9gant Ce petit sac \u00e0 bandouli\u00e8re est dot\u00e9 d&rsquo;un rabat et d&rsquo;une fermeture \u00e0 glissi\u00e8re pour garder tous vos objets essentiels en s\u00e9curit\u00e9. Il est \u00e9galement muni&hellip;<\/p>\n","protected":false},"featured_media":30133,"template":"","meta":{"_acf_changed":false},"product_brand":[],"product_cat":[1982,263],"product_tag":[],"class_list":{"0":"post-23930","1":"product","2":"type-product","3":"status-publish","4":"has-post-thumbnail","6":"product_cat-sacs","7":"product_cat-accessoires","8":"pa_pattern-colour-doris-bleu-fonce","9":"pa_pattern-colour-doris-jaune","10":"pa_pattern-colour-doris-cirrus","11":"pa_pattern-colour-eos-noir","12":"pa_pattern-colour-eos-gris-clair","13":"pa_pattern-colour-helios-noir","14":"pa_pattern-colour-helios-plomb","15":"pa_pattern-colour-nereus-bleu-fonce","16":"pa_pattern-colour-tithonus-noir","17":"pa_pattern-colour-tithonus-plomb","18":"pa_pattern-colour-selene-vert","19":"pa_pattern-colour-doris-noir","20":"pa_pattern-colour-doris-paille","21":"collection-normandie-fr","23":"first","24":"instock","25":"taxable","26":"shipping-taxable","27":"purchasable","28":"product-type-variable"},"acf":[],"yoast_head":"<!-- This site is optimized with the Yoast SEO Premium plugin v27.2 (Yoast SEO v27.5) - https:\/\/yoast.com\/product\/yoast-seo-premium-wordpress\/ -->\n<title>Sac Viktorino - Johanna Gullichsen<\/title>\n<meta name=\"robots\" content=\"index, follow, max-snippet:-1, max-image-preview:large, max-video-preview:-1\" \/>\n<link rel=\"canonical\" href=\"https:\/\/www.johannagullichsen.com\/fr\/produit\/sac-viktorino\/\" \/>\n<meta property=\"og:locale\" content=\"fr_FR\" \/>\n<meta property=\"og:type\" content=\"article\" \/>\n<meta property=\"og:title\" content=\"Sac Viktorino\" \/>\n<meta property=\"og:description\" content=\"Sac \u00e0 bandouli\u00e8re \u00e9l\u00e9gant Ce petit sac \u00e0 bandouli\u00e8re est dot\u00e9 d&rsquo;un rabat et d&rsquo;une fermeture \u00e0 glissi\u00e8re pour garder tous vos objets essentiels en s\u00e9curit\u00e9. Il est \u00e9galement muni&hellip;\" \/>\n<meta property=\"og:url\" content=\"https:\/\/www.johannagullichsen.com\/fr\/produit\/sac-viktorino\/\" \/>\n<meta property=\"og:site_name\" content=\"Johanna Gullichsen\" \/>\n<meta property=\"article:modified_time\" content=\"2026-03-16T15:08:03+00:00\" \/>\n<meta property=\"og:image\" content=\"https:\/\/www.johannagullichsen.com\/wp-content\/uploads\/2020\/04\/PR_Johanna_Gullichsen-Viktorino-Cirrus.jpg\" \/>\n\t<meta property=\"og:image:width\" content=\"1600\" \/>\n\t<meta property=\"og:image:height\" content=\"1200\" \/>\n\t<meta property=\"og:image:type\" content=\"image\/jpeg\" \/>\n<meta name=\"twitter:card\" content=\"summary_large_image\" \/>\n<meta name=\"twitter:label1\" content=\"Dur\u00e9e de lecture estim\u00e9e\" \/>\n\t<meta name=\"twitter:data1\" content=\"1 minute\" \/>\n<script type=\"application\/ld+json\" class=\"yoast-schema-graph\">{\"@context\":\"https:\\\/\\\/schema.org\",\"@graph\":[{\"@type\":\"WebPage\",\"@id\":\"https:\\\/\\\/www.johannagullichsen.com\\\/fr\\\/produit\\\/sac-viktorino\\\/\",\"url\":\"https:\\\/\\\/www.johannagullichsen.com\\\/fr\\\/produit\\\/sac-viktorino\\\/\",\"name\":\"Sac Viktorino - Johanna Gullichsen\",\"isPartOf\":{\"@id\":\"https:\\\/\\\/www.johannagullichsen.com\\\/fr\\\/#website\"},\"primaryImageOfPage\":{\"@id\":\"https:\\\/\\\/www.johannagullichsen.com\\\/fr\\\/produit\\\/sac-viktorino\\\/#primaryimage\"},\"image\":{\"@id\":\"https:\\\/\\\/www.johannagullichsen.com\\\/fr\\\/produit\\\/sac-viktorino\\\/#primaryimage\"},\"thumbnailUrl\":\"https:\\\/\\\/www.johannagullichsen.com\\\/wp-content\\\/uploads\\\/2020\\\/04\\\/PR_Johanna_Gullichsen-Viktorino-Cirrus.jpg\",\"datePublished\":\"2024-05-24T12:23:32+00:00\",\"dateModified\":\"2026-03-16T15:08:03+00:00\",\"breadcrumb\":{\"@id\":\"https:\\\/\\\/www.johannagullichsen.com\\\/fr\\\/produit\\\/sac-viktorino\\\/#breadcrumb\"},\"inLanguage\":\"fr-FR\",\"potentialAction\":[{\"@type\":\"ReadAction\",\"target\":[\"https:\\\/\\\/www.johannagullichsen.com\\\/fr\\\/produit\\\/sac-viktorino\\\/\"]}]},{\"@type\":\"ImageObject\",\"inLanguage\":\"fr-FR\",\"@id\":\"https:\\\/\\\/www.johannagullichsen.com\\\/fr\\\/produit\\\/sac-viktorino\\\/#primaryimage\",\"url\":\"https:\\\/\\\/www.johannagullichsen.com\\\/wp-content\\\/uploads\\\/2020\\\/04\\\/PR_Johanna_Gullichsen-Viktorino-Cirrus.jpg\",\"contentUrl\":\"https:\\\/\\\/www.johannagullichsen.com\\\/wp-content\\\/uploads\\\/2020\\\/04\\\/PR_Johanna_Gullichsen-Viktorino-Cirrus.jpg\",\"width\":1600,\"height\":1200},{\"@type\":\"BreadcrumbList\",\"@id\":\"https:\\\/\\\/www.johannagullichsen.com\\\/fr\\\/produit\\\/sac-viktorino\\\/#breadcrumb\",\"itemListElement\":[{\"@type\":\"ListItem\",\"position\":1,\"name\":\"Home\",\"item\":\"https:\\\/\\\/www.johannagullichsen.com\\\/fr\\\/\"},{\"@type\":\"ListItem\",\"position\":2,\"name\":\"Produits et Boutique en ligne\",\"item\":\"https:\\\/\\\/www.johannagullichsen.com\\\/fr\\\/produits\\\/\"},{\"@type\":\"ListItem\",\"position\":3,\"name\":\"Sac Viktorino\"}]},{\"@type\":\"WebSite\",\"@id\":\"https:\\\/\\\/www.johannagullichsen.com\\\/fr\\\/#website\",\"url\":\"https:\\\/\\\/www.johannagullichsen.com\\\/fr\\\/\",\"name\":\"Johanna Gullichsen\",\"description\":\"\",\"potentialAction\":[{\"@type\":\"SearchAction\",\"target\":{\"@type\":\"EntryPoint\",\"urlTemplate\":\"https:\\\/\\\/www.johannagullichsen.com\\\/fr\\\/?s={search_term_string}\"},\"query-input\":{\"@type\":\"PropertyValueSpecification\",\"valueRequired\":true,\"valueName\":\"search_term_string\"}}],\"inLanguage\":\"fr-FR\"}]}<\/script>\n<!-- \/ Yoast SEO Premium plugin. -->","yoast_head_json":{"title":"Sac Viktorino - Johanna Gullichsen","robots":{"index":"index","follow":"follow","max-snippet":"max-snippet:-1","max-image-preview":"max-image-preview:large","max-video-preview":"max-video-preview:-1"},"canonical":"https:\/\/www.johannagullichsen.com\/fr\/produit\/sac-viktorino\/","og_locale":"fr_FR","og_type":"article","og_title":"Sac Viktorino","og_description":"Sac \u00e0 bandouli\u00e8re \u00e9l\u00e9gant Ce petit sac \u00e0 bandouli\u00e8re est dot\u00e9 d&rsquo;un rabat et d&rsquo;une fermeture \u00e0 glissi\u00e8re pour garder tous vos objets essentiels en s\u00e9curit\u00e9. Il est \u00e9galement muni&hellip;","og_url":"https:\/\/www.johannagullichsen.com\/fr\/produit\/sac-viktorino\/","og_site_name":"Johanna Gullichsen","article_modified_time":"2026-03-16T15:08:03+00:00","og_image":[{"width":1600,"height":1200,"url":"https:\/\/www.johannagullichsen.com\/wp-content\/uploads\/2020\/04\/PR_Johanna_Gullichsen-Viktorino-Cirrus.jpg","type":"image\/jpeg"}],"twitter_card":"summary_large_image","twitter_misc":{"Dur\u00e9e de lecture estim\u00e9e":"1 minute"},"schema":{"@context":"https:\/\/schema.org","@graph":[{"@type":"WebPage","@id":"https:\/\/www.johannagullichsen.com\/fr\/produit\/sac-viktorino\/","url":"https:\/\/www.johannagullichsen.com\/fr\/produit\/sac-viktorino\/","name":"Sac Viktorino - Johanna Gullichsen","isPartOf":{"@id":"https:\/\/www.johannagullichsen.com\/fr\/#website"},"primaryImageOfPage":{"@id":"https:\/\/www.johannagullichsen.com\/fr\/produit\/sac-viktorino\/#primaryimage"},"image":{"@id":"https:\/\/www.johannagullichsen.com\/fr\/produit\/sac-viktorino\/#primaryimage"},"thumbnailUrl":"https:\/\/www.johannagullichsen.com\/wp-content\/uploads\/2020\/04\/PR_Johanna_Gullichsen-Viktorino-Cirrus.jpg","datePublished":"2024-05-24T12:23:32+00:00","dateModified":"2026-03-16T15:08:03+00:00","breadcrumb":{"@id":"https:\/\/www.johannagullichsen.com\/fr\/produit\/sac-viktorino\/#breadcrumb"},"inLanguage":"fr-FR","potentialAction":[{"@type":"ReadAction","target":["https:\/\/www.johannagullichsen.com\/fr\/produit\/sac-viktorino\/"]}]},{"@type":"ImageObject","inLanguage":"fr-FR","@id":"https:\/\/www.johannagullichsen.com\/fr\/produit\/sac-viktorino\/#primaryimage","url":"https:\/\/www.johannagullichsen.com\/wp-content\/uploads\/2020\/04\/PR_Johanna_Gullichsen-Viktorino-Cirrus.jpg","contentUrl":"https:\/\/www.johannagullichsen.com\/wp-content\/uploads\/2020\/04\/PR_Johanna_Gullichsen-Viktorino-Cirrus.jpg","width":1600,"height":1200},{"@type":"BreadcrumbList","@id":"https:\/\/www.johannagullichsen.com\/fr\/produit\/sac-viktorino\/#breadcrumb","itemListElement":[{"@type":"ListItem","position":1,"name":"Home","item":"https:\/\/www.johannagullichsen.com\/fr\/"},{"@type":"ListItem","position":2,"name":"Produits et Boutique en ligne","item":"https:\/\/www.johannagullichsen.com\/fr\/produits\/"},{"@type":"ListItem","position":3,"name":"Sac Viktorino"}]},{"@type":"WebSite","@id":"https:\/\/www.johannagullichsen.com\/fr\/#website","url":"https:\/\/www.johannagullichsen.com\/fr\/","name":"Johanna Gullichsen","description":"","potentialAction":[{"@type":"SearchAction","target":{"@type":"EntryPoint","urlTemplate":"https:\/\/www.johannagullichsen.com\/fr\/?s={search_term_string}"},"query-input":{"@type":"PropertyValueSpecification","valueRequired":true,"valueName":"search_term_string"}}],"inLanguage":"fr-FR"}]}},"_links":{"self":[{"href":"https:\/\/www.johannagullichsen.com\/fr\/wp-json\/wp\/v2\/product\/23930","targetHints":{"allow":["GET"]}}],"collection":[{"href":"https:\/\/www.johannagullichsen.com\/fr\/wp-json\/wp\/v2\/product"}],"about":[{"href":"https:\/\/www.johannagullichsen.com\/fr\/wp-json\/wp\/v2\/types\/product"}],"wp:featuredmedia":[{"embeddable":true,"href":"https:\/\/www.johannagullichsen.com\/fr\/wp-json\/wp\/v2\/media\/30133"}],"wp:attachment":[{"href":"https:\/\/www.johannagullichsen.com\/fr\/wp-json\/wp\/v2\/media?parent=23930"}],"wp:term":[{"taxonomy":"product_brand","embeddable":true,"href":"https:\/\/www.johannagullichsen.com\/fr\/wp-json\/wp\/v2\/product_brand?post=23930"},{"taxonomy":"product_cat","embeddable":true,"href":"https:\/\/www.johannagullichsen.com\/fr\/wp-json\/wp\/v2\/product_cat?post=23930"},{"taxonomy":"product_tag","embeddable":true,"href":"https:\/\/www.johannagullichsen.com\/fr\/wp-json\/wp\/v2\/product_tag?post=23930"}],"curies":[{"name":"wp","href":"https:\/\/api.w.org\/{rel}","templated":true}]}}