{"id":25234,"date":"2024-12-12T14:52:02","date_gmt":"2024-12-12T12:52:02","guid":{"rendered":"https:\/\/www.johannagullichsen.com\/?post_type=product&#038;p=25234"},"modified":"2024-12-12T15:53:12","modified_gmt":"2024-12-12T13:53:12","slug":"bourse-longue-chubby","status":"publish","type":"product","link":"https:\/\/www.johannagullichsen.com\/fr\/produit\/bourse-longue-chubby\/","title":{"rendered":"Bourse longue Chubby"},"content":{"rendered":"<p>Une pochette pour vos cr\u00e8mes les plus essentielles ou une trousse \u00e0 crayons de bonne taille ? C&rsquo;est vous qui d\u00e9cidez.<\/p>\n","protected":false},"excerpt":{"rendered":"<p>Une pochette pour vos cr\u00e8mes les plus essentielles ou une trousse \u00e0 crayons de bonne taille ? C&rsquo;est vous qui d\u00e9cidez.<\/p>\n","protected":false},"featured_media":28398,"template":"","meta":{"_acf_changed":false},"product_brand":[],"product_cat":[263],"product_tag":[],"class_list":{"0":"post-25234","1":"product","2":"type-product","3":"status-publish","4":"has-post-thumbnail","6":"product_cat-accessoires","7":"pa_pattern-colour-doris-paille","8":"pa_pattern-colour-doris-noir","9":"pa_pattern-colour-eos-noir","10":"pa_pattern-colour-helios-vert-fonce","11":"pa_pattern-colour-nereus-bordeaux-fonce","12":"collection-normandie-fr","14":"first","15":"instock","16":"taxable","17":"shipping-taxable","18":"purchasable","19":"product-type-variable"},"acf":[],"yoast_head":"<!-- This site is optimized with the Yoast SEO Premium plugin v27.2 (Yoast SEO v27.2) - https:\/\/yoast.com\/product\/yoast-seo-premium-wordpress\/ -->\n<title>Bourse longue Chubby - Johanna Gullichsen<\/title>\n<meta name=\"robots\" content=\"index, follow, max-snippet:-1, max-image-preview:large, max-video-preview:-1\" \/>\n<link rel=\"canonical\" href=\"https:\/\/www.johannagullichsen.com\/fr\/produit\/bourse-longue-chubby\/\" \/>\n<meta property=\"og:locale\" content=\"fr_FR\" \/>\n<meta property=\"og:type\" content=\"article\" \/>\n<meta property=\"og:title\" content=\"Bourse longue Chubby\" \/>\n<meta property=\"og:description\" content=\"Une pochette pour vos cr\u00e8mes les plus essentielles ou une trousse \u00e0 crayons de bonne taille ? C&rsquo;est vous qui d\u00e9cidez.\" \/>\n<meta property=\"og:url\" content=\"https:\/\/www.johannagullichsen.com\/fr\/produit\/bourse-longue-chubby\/\" \/>\n<meta property=\"og:site_name\" content=\"Johanna Gullichsen\" \/>\n<meta property=\"article:modified_time\" content=\"2024-12-12T13:53:12+00:00\" \/>\n<meta property=\"og:image\" content=\"https:\/\/www.johannagullichsen.com\/wp-content\/uploads\/2024\/10\/Johanna-Gullichsen-Chubby-Long-Purse-Nereus-Dark-Bordeaux-Doris-straw-and-Helios-dark-green.jpg\" \/>\n\t<meta property=\"og:image:width\" content=\"1600\" \/>\n\t<meta property=\"og:image:height\" content=\"1200\" \/>\n\t<meta property=\"og:image:type\" content=\"image\/jpeg\" \/>\n<meta name=\"twitter:card\" content=\"summary_large_image\" \/>\n<meta name=\"twitter:label1\" content=\"Dur\u00e9e de lecture estim\u00e9e\" \/>\n\t<meta name=\"twitter:data1\" content=\"1 minute\" \/>\n<script type=\"application\/ld+json\" class=\"yoast-schema-graph\">{\"@context\":\"https:\/\/schema.org\",\"@graph\":[{\"@type\":\"WebPage\",\"@id\":\"https:\/\/www.johannagullichsen.com\/fr\/produit\/bourse-longue-chubby\/\",\"url\":\"https:\/\/www.johannagullichsen.com\/fr\/produit\/bourse-longue-chubby\/\",\"name\":\"Bourse longue Chubby - Johanna Gullichsen\",\"isPartOf\":{\"@id\":\"https:\/\/www.johannagullichsen.com\/fr\/#website\"},\"primaryImageOfPage\":{\"@id\":\"https:\/\/www.johannagullichsen.com\/fr\/produit\/bourse-longue-chubby\/#primaryimage\"},\"image\":{\"@id\":\"https:\/\/www.johannagullichsen.com\/fr\/produit\/bourse-longue-chubby\/#primaryimage\"},\"thumbnailUrl\":\"https:\/\/www.johannagullichsen.com\/wp-content\/uploads\/2024\/12\/Johanna-Gullichsen-Chubby-Long-Purse-Tithonus-brick-2.jpg\",\"datePublished\":\"2024-12-12T12:52:02+00:00\",\"dateModified\":\"2024-12-12T13:53:12+00:00\",\"breadcrumb\":{\"@id\":\"https:\/\/www.johannagullichsen.com\/fr\/produit\/bourse-longue-chubby\/#breadcrumb\"},\"inLanguage\":\"fr-FR\",\"potentialAction\":[{\"@type\":\"ReadAction\",\"target\":[\"https:\/\/www.johannagullichsen.com\/fr\/produit\/bourse-longue-chubby\/\"]}]},{\"@type\":\"ImageObject\",\"inLanguage\":\"fr-FR\",\"@id\":\"https:\/\/www.johannagullichsen.com\/fr\/produit\/bourse-longue-chubby\/#primaryimage\",\"url\":\"https:\/\/www.johannagullichsen.com\/wp-content\/uploads\/2024\/12\/Johanna-Gullichsen-Chubby-Long-Purse-Tithonus-brick-2.jpg\",\"contentUrl\":\"https:\/\/www.johannagullichsen.com\/wp-content\/uploads\/2024\/12\/Johanna-Gullichsen-Chubby-Long-Purse-Tithonus-brick-2.jpg\",\"width\":1600,\"height\":1200},{\"@type\":\"BreadcrumbList\",\"@id\":\"https:\/\/www.johannagullichsen.com\/fr\/produit\/bourse-longue-chubby\/#breadcrumb\",\"itemListElement\":[{\"@type\":\"ListItem\",\"position\":1,\"name\":\"Home\",\"item\":\"https:\/\/www.johannagullichsen.com\/fr\/\"},{\"@type\":\"ListItem\",\"position\":2,\"name\":\"Produits et Boutique en ligne\",\"item\":\"https:\/\/www.johannagullichsen.com\/fr\/produits\/\"},{\"@type\":\"ListItem\",\"position\":3,\"name\":\"Bourse longue Chubby\"}]},{\"@type\":\"WebSite\",\"@id\":\"https:\/\/www.johannagullichsen.com\/fr\/#website\",\"url\":\"https:\/\/www.johannagullichsen.com\/fr\/\",\"name\":\"Johanna Gullichsen\",\"description\":\"\",\"potentialAction\":[{\"@type\":\"SearchAction\",\"target\":{\"@type\":\"EntryPoint\",\"urlTemplate\":\"https:\/\/www.johannagullichsen.com\/fr\/?s={search_term_string}\"},\"query-input\":{\"@type\":\"PropertyValueSpecification\",\"valueRequired\":true,\"valueName\":\"search_term_string\"}}],\"inLanguage\":\"fr-FR\"}]}<\/script>\n<!-- \/ Yoast SEO Premium plugin. -->","yoast_head_json":{"title":"Bourse longue Chubby - Johanna Gullichsen","robots":{"index":"index","follow":"follow","max-snippet":"max-snippet:-1","max-image-preview":"max-image-preview:large","max-video-preview":"max-video-preview:-1"},"canonical":"https:\/\/www.johannagullichsen.com\/fr\/produit\/bourse-longue-chubby\/","og_locale":"fr_FR","og_type":"article","og_title":"Bourse longue Chubby","og_description":"Une pochette pour vos cr\u00e8mes les plus essentielles ou une trousse \u00e0 crayons de bonne taille ? C&rsquo;est vous qui d\u00e9cidez.","og_url":"https:\/\/www.johannagullichsen.com\/fr\/produit\/bourse-longue-chubby\/","og_site_name":"Johanna Gullichsen","article_modified_time":"2024-12-12T13:53:12+00:00","og_image":[{"width":1600,"height":1200,"url":"https:\/\/www.johannagullichsen.com\/wp-content\/uploads\/2024\/10\/Johanna-Gullichsen-Chubby-Long-Purse-Nereus-Dark-Bordeaux-Doris-straw-and-Helios-dark-green.jpg","type":"image\/jpeg"}],"twitter_card":"summary_large_image","twitter_misc":{"Dur\u00e9e de lecture estim\u00e9e":"1 minute"},"schema":{"@context":"https:\/\/schema.org","@graph":[{"@type":"WebPage","@id":"https:\/\/www.johannagullichsen.com\/fr\/produit\/bourse-longue-chubby\/","url":"https:\/\/www.johannagullichsen.com\/fr\/produit\/bourse-longue-chubby\/","name":"Bourse longue Chubby - Johanna Gullichsen","isPartOf":{"@id":"https:\/\/www.johannagullichsen.com\/fr\/#website"},"primaryImageOfPage":{"@id":"https:\/\/www.johannagullichsen.com\/fr\/produit\/bourse-longue-chubby\/#primaryimage"},"image":{"@id":"https:\/\/www.johannagullichsen.com\/fr\/produit\/bourse-longue-chubby\/#primaryimage"},"thumbnailUrl":"https:\/\/www.johannagullichsen.com\/wp-content\/uploads\/2024\/12\/Johanna-Gullichsen-Chubby-Long-Purse-Tithonus-brick-2.jpg","datePublished":"2024-12-12T12:52:02+00:00","dateModified":"2024-12-12T13:53:12+00:00","breadcrumb":{"@id":"https:\/\/www.johannagullichsen.com\/fr\/produit\/bourse-longue-chubby\/#breadcrumb"},"inLanguage":"fr-FR","potentialAction":[{"@type":"ReadAction","target":["https:\/\/www.johannagullichsen.com\/fr\/produit\/bourse-longue-chubby\/"]}]},{"@type":"ImageObject","inLanguage":"fr-FR","@id":"https:\/\/www.johannagullichsen.com\/fr\/produit\/bourse-longue-chubby\/#primaryimage","url":"https:\/\/www.johannagullichsen.com\/wp-content\/uploads\/2024\/12\/Johanna-Gullichsen-Chubby-Long-Purse-Tithonus-brick-2.jpg","contentUrl":"https:\/\/www.johannagullichsen.com\/wp-content\/uploads\/2024\/12\/Johanna-Gullichsen-Chubby-Long-Purse-Tithonus-brick-2.jpg","width":1600,"height":1200},{"@type":"BreadcrumbList","@id":"https:\/\/www.johannagullichsen.com\/fr\/produit\/bourse-longue-chubby\/#breadcrumb","itemListElement":[{"@type":"ListItem","position":1,"name":"Home","item":"https:\/\/www.johannagullichsen.com\/fr\/"},{"@type":"ListItem","position":2,"name":"Produits et Boutique en ligne","item":"https:\/\/www.johannagullichsen.com\/fr\/produits\/"},{"@type":"ListItem","position":3,"name":"Bourse longue Chubby"}]},{"@type":"WebSite","@id":"https:\/\/www.johannagullichsen.com\/fr\/#website","url":"https:\/\/www.johannagullichsen.com\/fr\/","name":"Johanna Gullichsen","description":"","potentialAction":[{"@type":"SearchAction","target":{"@type":"EntryPoint","urlTemplate":"https:\/\/www.johannagullichsen.com\/fr\/?s={search_term_string}"},"query-input":{"@type":"PropertyValueSpecification","valueRequired":true,"valueName":"search_term_string"}}],"inLanguage":"fr-FR"}]}},"_links":{"self":[{"href":"https:\/\/www.johannagullichsen.com\/fr\/wp-json\/wp\/v2\/product\/25234","targetHints":{"allow":["GET"]}}],"collection":[{"href":"https:\/\/www.johannagullichsen.com\/fr\/wp-json\/wp\/v2\/product"}],"about":[{"href":"https:\/\/www.johannagullichsen.com\/fr\/wp-json\/wp\/v2\/types\/product"}],"wp:featuredmedia":[{"embeddable":true,"href":"https:\/\/www.johannagullichsen.com\/fr\/wp-json\/wp\/v2\/media\/28398"}],"wp:attachment":[{"href":"https:\/\/www.johannagullichsen.com\/fr\/wp-json\/wp\/v2\/media?parent=25234"}],"wp:term":[{"taxonomy":"product_brand","embeddable":true,"href":"https:\/\/www.johannagullichsen.com\/fr\/wp-json\/wp\/v2\/product_brand?post=25234"},{"taxonomy":"product_cat","embeddable":true,"href":"https:\/\/www.johannagullichsen.com\/fr\/wp-json\/wp\/v2\/product_cat?post=25234"},{"taxonomy":"product_tag","embeddable":true,"href":"https:\/\/www.johannagullichsen.com\/fr\/wp-json\/wp\/v2\/product_tag?post=25234"}],"curies":[{"name":"wp","href":"https:\/\/api.w.org\/{rel}","templated":true}]}}