{"id":26453,"date":"2025-04-01T15:53:42","date_gmt":"2025-04-01T12:53:42","guid":{"rendered":"https:\/\/www.johannagullichsen.com\/?post_type=product&#038;p=26453"},"modified":"2025-11-11T17:32:50","modified_gmt":"2025-11-11T15:32:50","slug":"tissu-project-kronos-2","status":"publish","type":"product","link":"https:\/\/www.johannagullichsen.com\/fr\/produit\/tissu-project-kronos-2\/","title":{"rendered":"Tissu Project Kronos"},"content":{"rendered":"<h4>Con\u00e7u pour inspirer &#8211; Tiss\u00e9 pour durer<\/h4>\n<p>Le monochrome Kronos compl\u00e8te la collection Project, qui propose des tissus d&rsquo;ameublement r\u00e9sistants aux flammes et durables, con\u00e7us pour r\u00e9pondre aux exigences rigoureuses des projets publics. Les tissus de la gamme Project sont fabriqu\u00e9s en Trevira CS, offrant un toucher laineux et naturel. Le design double face de Kronos vous permet de choisir d&rsquo;utiliser le c\u00f4t\u00e9 clair ou fonc\u00e9, ou m\u00eame les deux! Kronos reprend les couleurs de Doris et Ariel, ce qui facilite la combinaison de tous les tissus de la collection. Le tissu a une r\u00e9sistance \u00e0 l&rsquo;abrasion de plus de 80 000 cycles Martindale et est lavable. Ce tissu est tiss\u00e9 \u00e0 la commande, avec un d\u00e9lai de livraison d&rsquo;environ 5 semaines. Pour toute demande de renseignements ou commande, veuillez contacter sales@johannagullichsen.com.<\/p>\n","protected":false},"excerpt":{"rendered":"<p>Con\u00e7u pour inspirer &#8211; Tiss\u00e9 pour durer Le monochrome Kronos compl\u00e8te la collection Project, qui propose des tissus d&rsquo;ameublement r\u00e9sistants aux flammes et durables, con\u00e7us pour r\u00e9pondre aux exigences rigoureuses&hellip;<\/p>\n","protected":false},"featured_media":26426,"template":"","meta":{"_acf_changed":false},"product_brand":[],"product_cat":[260,1978],"product_tag":[],"class_list":{"0":"post-26453","1":"product","2":"type-product","3":"status-publish","4":"has-post-thumbnail","6":"product_cat-tissus","7":"product_cat-collectivites","8":"collection-project-fr","10":"first","11":"instock","12":"taxable","13":"shipping-taxable","14":"product-type-variable"},"acf":[],"yoast_head":"<!-- This site is optimized with the Yoast SEO Premium plugin v27.2 (Yoast SEO v27.5) - https:\/\/yoast.com\/product\/yoast-seo-premium-wordpress\/ -->\n<title>Tissu Project Kronos - Johanna Gullichsen<\/title>\n<meta name=\"robots\" content=\"index, follow, max-snippet:-1, max-image-preview:large, max-video-preview:-1\" \/>\n<link rel=\"canonical\" href=\"https:\/\/www.johannagullichsen.com\/fr\/produit\/tissu-project-kronos-2\/\" \/>\n<meta property=\"og:locale\" content=\"fr_FR\" \/>\n<meta property=\"og:type\" content=\"article\" \/>\n<meta property=\"og:title\" content=\"Tissu Project Kronos\" \/>\n<meta property=\"og:description\" content=\"Con\u00e7u pour inspirer &#8211; Tiss\u00e9 pour durer Le monochrome Kronos compl\u00e8te la collection Project, qui propose des tissus d&rsquo;ameublement r\u00e9sistants aux flammes et durables, con\u00e7us pour r\u00e9pondre aux exigences rigoureuses&hellip;\" \/>\n<meta property=\"og:url\" content=\"https:\/\/www.johannagullichsen.com\/fr\/produit\/tissu-project-kronos-2\/\" \/>\n<meta property=\"og:site_name\" content=\"Johanna Gullichsen\" \/>\n<meta property=\"article:modified_time\" content=\"2025-11-11T15:32:50+00:00\" \/>\n<meta property=\"og:image\" content=\"https:\/\/www.johannagullichsen.com\/wp-content\/uploads\/2025\/04\/Johanna-Gullichsen-Project-Kronos-Baltic-both-sides-copy-1024x768.jpg\" \/>\n\t<meta property=\"og:image:width\" content=\"1024\" \/>\n\t<meta property=\"og:image:height\" content=\"768\" \/>\n\t<meta property=\"og:image:type\" content=\"image\/jpeg\" \/>\n<meta name=\"twitter:card\" content=\"summary_large_image\" \/>\n<meta name=\"twitter:label1\" content=\"Dur\u00e9e de lecture estim\u00e9e\" \/>\n\t<meta name=\"twitter:data1\" content=\"1 minute\" \/>\n<script type=\"application\/ld+json\" class=\"yoast-schema-graph\">{\"@context\":\"https:\\\/\\\/schema.org\",\"@graph\":[{\"@type\":\"WebPage\",\"@id\":\"https:\\\/\\\/www.johannagullichsen.com\\\/fr\\\/produit\\\/tissu-project-kronos-2\\\/\",\"url\":\"https:\\\/\\\/www.johannagullichsen.com\\\/fr\\\/produit\\\/tissu-project-kronos-2\\\/\",\"name\":\"Tissu Project Kronos - Johanna Gullichsen\",\"isPartOf\":{\"@id\":\"https:\\\/\\\/www.johannagullichsen.com\\\/fr\\\/#website\"},\"primaryImageOfPage\":{\"@id\":\"https:\\\/\\\/www.johannagullichsen.com\\\/fr\\\/produit\\\/tissu-project-kronos-2\\\/#primaryimage\"},\"image\":{\"@id\":\"https:\\\/\\\/www.johannagullichsen.com\\\/fr\\\/produit\\\/tissu-project-kronos-2\\\/#primaryimage\"},\"thumbnailUrl\":\"https:\\\/\\\/www.johannagullichsen.com\\\/wp-content\\\/uploads\\\/2025\\\/04\\\/Johanna-Gullichsen-Project-Kronos-Baltic-both-sides-copy.jpg\",\"datePublished\":\"2025-04-01T12:53:42+00:00\",\"dateModified\":\"2025-11-11T15:32:50+00:00\",\"breadcrumb\":{\"@id\":\"https:\\\/\\\/www.johannagullichsen.com\\\/fr\\\/produit\\\/tissu-project-kronos-2\\\/#breadcrumb\"},\"inLanguage\":\"fr-FR\",\"potentialAction\":[{\"@type\":\"ReadAction\",\"target\":[\"https:\\\/\\\/www.johannagullichsen.com\\\/fr\\\/produit\\\/tissu-project-kronos-2\\\/\"]}]},{\"@type\":\"ImageObject\",\"inLanguage\":\"fr-FR\",\"@id\":\"https:\\\/\\\/www.johannagullichsen.com\\\/fr\\\/produit\\\/tissu-project-kronos-2\\\/#primaryimage\",\"url\":\"https:\\\/\\\/www.johannagullichsen.com\\\/wp-content\\\/uploads\\\/2025\\\/04\\\/Johanna-Gullichsen-Project-Kronos-Baltic-both-sides-copy.jpg\",\"contentUrl\":\"https:\\\/\\\/www.johannagullichsen.com\\\/wp-content\\\/uploads\\\/2025\\\/04\\\/Johanna-Gullichsen-Project-Kronos-Baltic-both-sides-copy.jpg\",\"width\":1600,\"height\":1200},{\"@type\":\"BreadcrumbList\",\"@id\":\"https:\\\/\\\/www.johannagullichsen.com\\\/fr\\\/produit\\\/tissu-project-kronos-2\\\/#breadcrumb\",\"itemListElement\":[{\"@type\":\"ListItem\",\"position\":1,\"name\":\"Home\",\"item\":\"https:\\\/\\\/www.johannagullichsen.com\\\/fr\\\/\"},{\"@type\":\"ListItem\",\"position\":2,\"name\":\"Produits et Boutique en ligne\",\"item\":\"https:\\\/\\\/www.johannagullichsen.com\\\/fr\\\/produits\\\/\"},{\"@type\":\"ListItem\",\"position\":3,\"name\":\"Tissu Project Kronos\"}]},{\"@type\":\"WebSite\",\"@id\":\"https:\\\/\\\/www.johannagullichsen.com\\\/fr\\\/#website\",\"url\":\"https:\\\/\\\/www.johannagullichsen.com\\\/fr\\\/\",\"name\":\"Johanna Gullichsen\",\"description\":\"\",\"potentialAction\":[{\"@type\":\"SearchAction\",\"target\":{\"@type\":\"EntryPoint\",\"urlTemplate\":\"https:\\\/\\\/www.johannagullichsen.com\\\/fr\\\/?s={search_term_string}\"},\"query-input\":{\"@type\":\"PropertyValueSpecification\",\"valueRequired\":true,\"valueName\":\"search_term_string\"}}],\"inLanguage\":\"fr-FR\"}]}<\/script>\n<!-- \/ Yoast SEO Premium plugin. -->","yoast_head_json":{"title":"Tissu Project Kronos - Johanna Gullichsen","robots":{"index":"index","follow":"follow","max-snippet":"max-snippet:-1","max-image-preview":"max-image-preview:large","max-video-preview":"max-video-preview:-1"},"canonical":"https:\/\/www.johannagullichsen.com\/fr\/produit\/tissu-project-kronos-2\/","og_locale":"fr_FR","og_type":"article","og_title":"Tissu Project Kronos","og_description":"Con\u00e7u pour inspirer &#8211; Tiss\u00e9 pour durer Le monochrome Kronos compl\u00e8te la collection Project, qui propose des tissus d&rsquo;ameublement r\u00e9sistants aux flammes et durables, con\u00e7us pour r\u00e9pondre aux exigences rigoureuses&hellip;","og_url":"https:\/\/www.johannagullichsen.com\/fr\/produit\/tissu-project-kronos-2\/","og_site_name":"Johanna Gullichsen","article_modified_time":"2025-11-11T15:32:50+00:00","og_image":[{"width":1024,"height":768,"url":"https:\/\/www.johannagullichsen.com\/wp-content\/uploads\/2025\/04\/Johanna-Gullichsen-Project-Kronos-Baltic-both-sides-copy-1024x768.jpg","type":"image\/jpeg"}],"twitter_card":"summary_large_image","twitter_misc":{"Dur\u00e9e de lecture estim\u00e9e":"1 minute"},"schema":{"@context":"https:\/\/schema.org","@graph":[{"@type":"WebPage","@id":"https:\/\/www.johannagullichsen.com\/fr\/produit\/tissu-project-kronos-2\/","url":"https:\/\/www.johannagullichsen.com\/fr\/produit\/tissu-project-kronos-2\/","name":"Tissu Project Kronos - Johanna Gullichsen","isPartOf":{"@id":"https:\/\/www.johannagullichsen.com\/fr\/#website"},"primaryImageOfPage":{"@id":"https:\/\/www.johannagullichsen.com\/fr\/produit\/tissu-project-kronos-2\/#primaryimage"},"image":{"@id":"https:\/\/www.johannagullichsen.com\/fr\/produit\/tissu-project-kronos-2\/#primaryimage"},"thumbnailUrl":"https:\/\/www.johannagullichsen.com\/wp-content\/uploads\/2025\/04\/Johanna-Gullichsen-Project-Kronos-Baltic-both-sides-copy.jpg","datePublished":"2025-04-01T12:53:42+00:00","dateModified":"2025-11-11T15:32:50+00:00","breadcrumb":{"@id":"https:\/\/www.johannagullichsen.com\/fr\/produit\/tissu-project-kronos-2\/#breadcrumb"},"inLanguage":"fr-FR","potentialAction":[{"@type":"ReadAction","target":["https:\/\/www.johannagullichsen.com\/fr\/produit\/tissu-project-kronos-2\/"]}]},{"@type":"ImageObject","inLanguage":"fr-FR","@id":"https:\/\/www.johannagullichsen.com\/fr\/produit\/tissu-project-kronos-2\/#primaryimage","url":"https:\/\/www.johannagullichsen.com\/wp-content\/uploads\/2025\/04\/Johanna-Gullichsen-Project-Kronos-Baltic-both-sides-copy.jpg","contentUrl":"https:\/\/www.johannagullichsen.com\/wp-content\/uploads\/2025\/04\/Johanna-Gullichsen-Project-Kronos-Baltic-both-sides-copy.jpg","width":1600,"height":1200},{"@type":"BreadcrumbList","@id":"https:\/\/www.johannagullichsen.com\/fr\/produit\/tissu-project-kronos-2\/#breadcrumb","itemListElement":[{"@type":"ListItem","position":1,"name":"Home","item":"https:\/\/www.johannagullichsen.com\/fr\/"},{"@type":"ListItem","position":2,"name":"Produits et Boutique en ligne","item":"https:\/\/www.johannagullichsen.com\/fr\/produits\/"},{"@type":"ListItem","position":3,"name":"Tissu Project Kronos"}]},{"@type":"WebSite","@id":"https:\/\/www.johannagullichsen.com\/fr\/#website","url":"https:\/\/www.johannagullichsen.com\/fr\/","name":"Johanna Gullichsen","description":"","potentialAction":[{"@type":"SearchAction","target":{"@type":"EntryPoint","urlTemplate":"https:\/\/www.johannagullichsen.com\/fr\/?s={search_term_string}"},"query-input":{"@type":"PropertyValueSpecification","valueRequired":true,"valueName":"search_term_string"}}],"inLanguage":"fr-FR"}]}},"_links":{"self":[{"href":"https:\/\/www.johannagullichsen.com\/fr\/wp-json\/wp\/v2\/product\/26453","targetHints":{"allow":["GET"]}}],"collection":[{"href":"https:\/\/www.johannagullichsen.com\/fr\/wp-json\/wp\/v2\/product"}],"about":[{"href":"https:\/\/www.johannagullichsen.com\/fr\/wp-json\/wp\/v2\/types\/product"}],"wp:featuredmedia":[{"embeddable":true,"href":"https:\/\/www.johannagullichsen.com\/fr\/wp-json\/wp\/v2\/media\/26426"}],"wp:attachment":[{"href":"https:\/\/www.johannagullichsen.com\/fr\/wp-json\/wp\/v2\/media?parent=26453"}],"wp:term":[{"taxonomy":"product_brand","embeddable":true,"href":"https:\/\/www.johannagullichsen.com\/fr\/wp-json\/wp\/v2\/product_brand?post=26453"},{"taxonomy":"product_cat","embeddable":true,"href":"https:\/\/www.johannagullichsen.com\/fr\/wp-json\/wp\/v2\/product_cat?post=26453"},{"taxonomy":"product_tag","embeddable":true,"href":"https:\/\/www.johannagullichsen.com\/fr\/wp-json\/wp\/v2\/product_tag?post=26453"}],"curies":[{"name":"wp","href":"https:\/\/api.w.org\/{rel}","templated":true}]}}