{"id":26866,"date":"2025-04-09T09:22:24","date_gmt":"2025-04-09T06:22:24","guid":{"rendered":"https:\/\/www.johannagullichsen.com\/?post_type=product&#038;p=26866"},"modified":"2025-04-10T13:25:11","modified_gmt":"2025-04-10T10:25:11","slug":"porte-cles-avec-bouton","status":"publish","type":"product","link":"https:\/\/www.johannagullichsen.com\/fr\/produit\/porte-cles-avec-bouton\/","title":{"rendered":"Porte-cl\u00e9s avec bouton"},"content":{"rendered":"<h4>Un porte-cl\u00e9s color\u00e9 est facile \u00e0 trouver!<\/h4>\n<p>Un porte-cl\u00e9s avec un bouton-poussoir \u2014 attachez-le \u00e0 la boucle de votre ceinture ou \u00e0 votre sac. Il est color\u00e9 et facile \u00e0 rep\u00e9rer, parfait pour garder vos cl\u00e9s accessibles.<\/p>\n","protected":false},"excerpt":{"rendered":"<p>Un porte-cl\u00e9s color\u00e9 est facile \u00e0 trouver! Un porte-cl\u00e9s avec un bouton-poussoir \u2014 attachez-le \u00e0 la boucle de votre ceinture ou \u00e0 votre sac. Il est color\u00e9 et facile \u00e0&hellip;<\/p>\n","protected":false},"featured_media":26757,"template":"","meta":{"_acf_changed":false},"product_brand":[],"product_cat":[1983,263],"product_tag":[],"class_list":{"0":"post-26866","1":"product","2":"type-product","3":"status-publish","4":"has-post-thumbnail","6":"product_cat-besaces-pochettes","7":"product_cat-accessoires","8":"pa_pattern-colour-ribbon-narrow-bleu-vert","9":"pa_pattern-colour-ribbon-narrow-orange-fr","10":"pa_pattern-colour-ribbon-narrow-yellow-fr","11":"pa_pattern-colour-ribbon-vert-jaune","12":"collection-ribbon-fr","14":"first","15":"instock","16":"taxable","17":"shipping-taxable","18":"purchasable","19":"product-type-variable"},"acf":[],"yoast_head":"<!-- This site is optimized with the Yoast SEO Premium plugin v27.2 (Yoast SEO v27.2) - https:\/\/yoast.com\/product\/yoast-seo-premium-wordpress\/ -->\n<title>Porte-cl\u00e9s avec bouton - Johanna Gullichsen<\/title>\n<meta name=\"robots\" content=\"index, follow, max-snippet:-1, max-image-preview:large, max-video-preview:-1\" \/>\n<link rel=\"canonical\" href=\"https:\/\/www.johannagullichsen.com\/fr\/produit\/porte-cles-avec-bouton\/\" \/>\n<meta property=\"og:locale\" content=\"fr_FR\" \/>\n<meta property=\"og:type\" content=\"article\" \/>\n<meta property=\"og:title\" content=\"Porte-cl\u00e9s avec bouton\" \/>\n<meta property=\"og:description\" content=\"Un porte-cl\u00e9s color\u00e9 est facile \u00e0 trouver! Un porte-cl\u00e9s avec un bouton-poussoir \u2014 attachez-le \u00e0 la boucle de votre ceinture ou \u00e0 votre sac. Il est color\u00e9 et facile \u00e0&hellip;\" \/>\n<meta property=\"og:url\" content=\"https:\/\/www.johannagullichsen.com\/fr\/produit\/porte-cles-avec-bouton\/\" \/>\n<meta property=\"og:site_name\" content=\"Johanna Gullichsen\" \/>\n<meta property=\"article:modified_time\" content=\"2025-04-10T10:25:11+00:00\" \/>\n<meta property=\"og:image\" content=\"https:\/\/www.johannagullichsen.com\/wp-content\/uploads\/2025\/04\/Johanna-Gullichsen-Keyring-Puncbutton-colours-2.jpg\" \/>\n\t<meta property=\"og:image:width\" content=\"1600\" \/>\n\t<meta property=\"og:image:height\" content=\"1200\" \/>\n\t<meta property=\"og:image:type\" content=\"image\/jpeg\" \/>\n<meta name=\"twitter:card\" content=\"summary_large_image\" \/>\n<meta name=\"twitter:label1\" content=\"Dur\u00e9e de lecture estim\u00e9e\" \/>\n\t<meta name=\"twitter:data1\" content=\"1 minute\" \/>\n<script type=\"application\/ld+json\" class=\"yoast-schema-graph\">{\"@context\":\"https:\/\/schema.org\",\"@graph\":[{\"@type\":\"WebPage\",\"@id\":\"https:\/\/www.johannagullichsen.com\/fr\/produit\/porte-cles-avec-bouton\/\",\"url\":\"https:\/\/www.johannagullichsen.com\/fr\/produit\/porte-cles-avec-bouton\/\",\"name\":\"Porte-cl\u00e9s avec bouton - Johanna Gullichsen\",\"isPartOf\":{\"@id\":\"https:\/\/www.johannagullichsen.com\/fr\/#website\"},\"primaryImageOfPage\":{\"@id\":\"https:\/\/www.johannagullichsen.com\/fr\/produit\/porte-cles-avec-bouton\/#primaryimage\"},\"image\":{\"@id\":\"https:\/\/www.johannagullichsen.com\/fr\/produit\/porte-cles-avec-bouton\/#primaryimage\"},\"thumbnailUrl\":\"https:\/\/www.johannagullichsen.com\/wp-content\/uploads\/2023\/08\/Johanna-Gullichsen-Key-ring-orange.jpg\",\"datePublished\":\"2025-04-09T06:22:24+00:00\",\"dateModified\":\"2025-04-10T10:25:11+00:00\",\"breadcrumb\":{\"@id\":\"https:\/\/www.johannagullichsen.com\/fr\/produit\/porte-cles-avec-bouton\/#breadcrumb\"},\"inLanguage\":\"fr-FR\",\"potentialAction\":[{\"@type\":\"ReadAction\",\"target\":[\"https:\/\/www.johannagullichsen.com\/fr\/produit\/porte-cles-avec-bouton\/\"]}]},{\"@type\":\"ImageObject\",\"inLanguage\":\"fr-FR\",\"@id\":\"https:\/\/www.johannagullichsen.com\/fr\/produit\/porte-cles-avec-bouton\/#primaryimage\",\"url\":\"https:\/\/www.johannagullichsen.com\/wp-content\/uploads\/2023\/08\/Johanna-Gullichsen-Key-ring-orange.jpg\",\"contentUrl\":\"https:\/\/www.johannagullichsen.com\/wp-content\/uploads\/2023\/08\/Johanna-Gullichsen-Key-ring-orange.jpg\",\"width\":1600,\"height\":1200},{\"@type\":\"BreadcrumbList\",\"@id\":\"https:\/\/www.johannagullichsen.com\/fr\/produit\/porte-cles-avec-bouton\/#breadcrumb\",\"itemListElement\":[{\"@type\":\"ListItem\",\"position\":1,\"name\":\"Home\",\"item\":\"https:\/\/www.johannagullichsen.com\/fr\/\"},{\"@type\":\"ListItem\",\"position\":2,\"name\":\"Produits et Boutique en ligne\",\"item\":\"https:\/\/www.johannagullichsen.com\/fr\/produits\/\"},{\"@type\":\"ListItem\",\"position\":3,\"name\":\"Porte-cl\u00e9s avec bouton\"}]},{\"@type\":\"WebSite\",\"@id\":\"https:\/\/www.johannagullichsen.com\/fr\/#website\",\"url\":\"https:\/\/www.johannagullichsen.com\/fr\/\",\"name\":\"Johanna Gullichsen\",\"description\":\"\",\"potentialAction\":[{\"@type\":\"SearchAction\",\"target\":{\"@type\":\"EntryPoint\",\"urlTemplate\":\"https:\/\/www.johannagullichsen.com\/fr\/?s={search_term_string}\"},\"query-input\":{\"@type\":\"PropertyValueSpecification\",\"valueRequired\":true,\"valueName\":\"search_term_string\"}}],\"inLanguage\":\"fr-FR\"}]}<\/script>\n<!-- \/ Yoast SEO Premium plugin. -->","yoast_head_json":{"title":"Porte-cl\u00e9s avec bouton - Johanna Gullichsen","robots":{"index":"index","follow":"follow","max-snippet":"max-snippet:-1","max-image-preview":"max-image-preview:large","max-video-preview":"max-video-preview:-1"},"canonical":"https:\/\/www.johannagullichsen.com\/fr\/produit\/porte-cles-avec-bouton\/","og_locale":"fr_FR","og_type":"article","og_title":"Porte-cl\u00e9s avec bouton","og_description":"Un porte-cl\u00e9s color\u00e9 est facile \u00e0 trouver! Un porte-cl\u00e9s avec un bouton-poussoir \u2014 attachez-le \u00e0 la boucle de votre ceinture ou \u00e0 votre sac. Il est color\u00e9 et facile \u00e0&hellip;","og_url":"https:\/\/www.johannagullichsen.com\/fr\/produit\/porte-cles-avec-bouton\/","og_site_name":"Johanna Gullichsen","article_modified_time":"2025-04-10T10:25:11+00:00","og_image":[{"width":1600,"height":1200,"url":"https:\/\/www.johannagullichsen.com\/wp-content\/uploads\/2025\/04\/Johanna-Gullichsen-Keyring-Puncbutton-colours-2.jpg","type":"image\/jpeg"}],"twitter_card":"summary_large_image","twitter_misc":{"Dur\u00e9e de lecture estim\u00e9e":"1 minute"},"schema":{"@context":"https:\/\/schema.org","@graph":[{"@type":"WebPage","@id":"https:\/\/www.johannagullichsen.com\/fr\/produit\/porte-cles-avec-bouton\/","url":"https:\/\/www.johannagullichsen.com\/fr\/produit\/porte-cles-avec-bouton\/","name":"Porte-cl\u00e9s avec bouton - Johanna Gullichsen","isPartOf":{"@id":"https:\/\/www.johannagullichsen.com\/fr\/#website"},"primaryImageOfPage":{"@id":"https:\/\/www.johannagullichsen.com\/fr\/produit\/porte-cles-avec-bouton\/#primaryimage"},"image":{"@id":"https:\/\/www.johannagullichsen.com\/fr\/produit\/porte-cles-avec-bouton\/#primaryimage"},"thumbnailUrl":"https:\/\/www.johannagullichsen.com\/wp-content\/uploads\/2023\/08\/Johanna-Gullichsen-Key-ring-orange.jpg","datePublished":"2025-04-09T06:22:24+00:00","dateModified":"2025-04-10T10:25:11+00:00","breadcrumb":{"@id":"https:\/\/www.johannagullichsen.com\/fr\/produit\/porte-cles-avec-bouton\/#breadcrumb"},"inLanguage":"fr-FR","potentialAction":[{"@type":"ReadAction","target":["https:\/\/www.johannagullichsen.com\/fr\/produit\/porte-cles-avec-bouton\/"]}]},{"@type":"ImageObject","inLanguage":"fr-FR","@id":"https:\/\/www.johannagullichsen.com\/fr\/produit\/porte-cles-avec-bouton\/#primaryimage","url":"https:\/\/www.johannagullichsen.com\/wp-content\/uploads\/2023\/08\/Johanna-Gullichsen-Key-ring-orange.jpg","contentUrl":"https:\/\/www.johannagullichsen.com\/wp-content\/uploads\/2023\/08\/Johanna-Gullichsen-Key-ring-orange.jpg","width":1600,"height":1200},{"@type":"BreadcrumbList","@id":"https:\/\/www.johannagullichsen.com\/fr\/produit\/porte-cles-avec-bouton\/#breadcrumb","itemListElement":[{"@type":"ListItem","position":1,"name":"Home","item":"https:\/\/www.johannagullichsen.com\/fr\/"},{"@type":"ListItem","position":2,"name":"Produits et Boutique en ligne","item":"https:\/\/www.johannagullichsen.com\/fr\/produits\/"},{"@type":"ListItem","position":3,"name":"Porte-cl\u00e9s avec bouton"}]},{"@type":"WebSite","@id":"https:\/\/www.johannagullichsen.com\/fr\/#website","url":"https:\/\/www.johannagullichsen.com\/fr\/","name":"Johanna Gullichsen","description":"","potentialAction":[{"@type":"SearchAction","target":{"@type":"EntryPoint","urlTemplate":"https:\/\/www.johannagullichsen.com\/fr\/?s={search_term_string}"},"query-input":{"@type":"PropertyValueSpecification","valueRequired":true,"valueName":"search_term_string"}}],"inLanguage":"fr-FR"}]}},"_links":{"self":[{"href":"https:\/\/www.johannagullichsen.com\/fr\/wp-json\/wp\/v2\/product\/26866","targetHints":{"allow":["GET"]}}],"collection":[{"href":"https:\/\/www.johannagullichsen.com\/fr\/wp-json\/wp\/v2\/product"}],"about":[{"href":"https:\/\/www.johannagullichsen.com\/fr\/wp-json\/wp\/v2\/types\/product"}],"wp:featuredmedia":[{"embeddable":true,"href":"https:\/\/www.johannagullichsen.com\/fr\/wp-json\/wp\/v2\/media\/26757"}],"wp:attachment":[{"href":"https:\/\/www.johannagullichsen.com\/fr\/wp-json\/wp\/v2\/media?parent=26866"}],"wp:term":[{"taxonomy":"product_brand","embeddable":true,"href":"https:\/\/www.johannagullichsen.com\/fr\/wp-json\/wp\/v2\/product_brand?post=26866"},{"taxonomy":"product_cat","embeddable":true,"href":"https:\/\/www.johannagullichsen.com\/fr\/wp-json\/wp\/v2\/product_cat?post=26866"},{"taxonomy":"product_tag","embeddable":true,"href":"https:\/\/www.johannagullichsen.com\/fr\/wp-json\/wp\/v2\/product_tag?post=26866"}],"curies":[{"name":"wp","href":"https:\/\/api.w.org\/{rel}","templated":true}]}}