{"id":26896,"date":"2025-03-25T10:53:26","date_gmt":"2025-03-25T08:53:26","guid":{"rendered":"https:\/\/www.johannagullichsen.com\/?post_type=product&#038;p=26896"},"modified":"2025-04-10T14:11:04","modified_gmt":"2025-04-10T11:11:04","slug":"bourse-longue-paradis","status":"publish","type":"product","link":"https:\/\/www.johannagullichsen.com\/fr\/produit\/bourse-longue-paradis\/","title":{"rendered":"Bourse longue Paradis"},"content":{"rendered":"<p>Meilleure observation de l&rsquo;ann\u00e9e !<\/p>\n<p>Les longs porte-monnaie Paradis refl\u00e8tent la splendeur color\u00e9e des ailes d&rsquo;oiseaux. Starling, Eclectus, Macaw et Cockatoo ajoutent \u00e9clat et joie \u00e0 chaque jour. Les pochettes sont cr\u00e9\u00e9es en assemblant de robustes rubans de coton. Rangez facilement tout ce dont vous avez besoin : crayons, maquillage, ou m\u00eame c\u00e2bles et chargeurs.<\/p>\n","protected":false},"excerpt":{"rendered":"<p>Meilleure observation de l&rsquo;ann\u00e9e ! Les longs porte-monnaie Paradis refl\u00e8tent la splendeur color\u00e9e des ailes d&rsquo;oiseaux. Starling, Eclectus, Macaw et Cockatoo ajoutent \u00e9clat et joie \u00e0 chaque jour. Les pochettes&hellip;<\/p>\n","protected":false},"featured_media":26074,"template":"","meta":{"_acf_changed":false},"product_brand":[],"product_cat":[1983,263],"product_tag":[],"class_list":{"0":"post-26896","1":"product","2":"type-product","3":"status-publish","4":"has-post-thumbnail","6":"product_cat-besaces-pochettes","7":"product_cat-accessoires","8":"collection-ribbon-fr","10":"first","11":"instock","12":"taxable","13":"shipping-taxable","14":"purchasable","15":"product-type-variable"},"acf":[],"yoast_head":"<!-- This site is optimized with the Yoast SEO Premium plugin v27.2 (Yoast SEO v27.2) - https:\/\/yoast.com\/product\/yoast-seo-premium-wordpress\/ -->\n<title>Bourse longue Paradis - Johanna Gullichsen<\/title>\n<meta name=\"robots\" content=\"index, follow, max-snippet:-1, max-image-preview:large, max-video-preview:-1\" \/>\n<link rel=\"canonical\" href=\"https:\/\/www.johannagullichsen.com\/fr\/produit\/bourse-longue-paradis\/\" \/>\n<meta property=\"og:locale\" content=\"fr_FR\" \/>\n<meta property=\"og:type\" content=\"article\" \/>\n<meta property=\"og:title\" content=\"Bourse longue Paradis\" \/>\n<meta property=\"og:description\" content=\"Meilleure observation de l&rsquo;ann\u00e9e ! Les longs porte-monnaie Paradis refl\u00e8tent la splendeur color\u00e9e des ailes d&rsquo;oiseaux. Starling, Eclectus, Macaw et Cockatoo ajoutent \u00e9clat et joie \u00e0 chaque jour. Les pochettes&hellip;\" \/>\n<meta property=\"og:url\" content=\"https:\/\/www.johannagullichsen.com\/fr\/produit\/bourse-longue-paradis\/\" \/>\n<meta property=\"og:site_name\" content=\"Johanna Gullichsen\" \/>\n<meta property=\"article:modified_time\" content=\"2025-04-10T11:11:04+00:00\" \/>\n<meta property=\"og:image\" content=\"https:\/\/www.johannagullichsen.com\/wp-content\/uploads\/2025\/03\/Johanna-Gullichsen-Paradise-Long-Purse-Macaw.jpg\" \/>\n\t<meta property=\"og:image:width\" content=\"1600\" \/>\n\t<meta property=\"og:image:height\" content=\"1200\" \/>\n\t<meta property=\"og:image:type\" content=\"image\/jpeg\" \/>\n<meta name=\"twitter:card\" content=\"summary_large_image\" \/>\n<meta name=\"twitter:label1\" content=\"Dur\u00e9e de lecture estim\u00e9e\" \/>\n\t<meta name=\"twitter:data1\" content=\"1 minute\" \/>\n<script type=\"application\/ld+json\" class=\"yoast-schema-graph\">{\"@context\":\"https:\/\/schema.org\",\"@graph\":[{\"@type\":\"WebPage\",\"@id\":\"https:\/\/www.johannagullichsen.com\/fr\/produit\/bourse-longue-paradis\/\",\"url\":\"https:\/\/www.johannagullichsen.com\/fr\/produit\/bourse-longue-paradis\/\",\"name\":\"Bourse longue Paradis - Johanna Gullichsen\",\"isPartOf\":{\"@id\":\"https:\/\/www.johannagullichsen.com\/fr\/#website\"},\"primaryImageOfPage\":{\"@id\":\"https:\/\/www.johannagullichsen.com\/fr\/produit\/bourse-longue-paradis\/#primaryimage\"},\"image\":{\"@id\":\"https:\/\/www.johannagullichsen.com\/fr\/produit\/bourse-longue-paradis\/#primaryimage\"},\"thumbnailUrl\":\"https:\/\/www.johannagullichsen.com\/wp-content\/uploads\/2025\/03\/Johanna-Gullichsen-Paradise-Long-Purse-Macaw.jpg\",\"datePublished\":\"2025-03-25T08:53:26+00:00\",\"dateModified\":\"2025-04-10T11:11:04+00:00\",\"breadcrumb\":{\"@id\":\"https:\/\/www.johannagullichsen.com\/fr\/produit\/bourse-longue-paradis\/#breadcrumb\"},\"inLanguage\":\"fr-FR\",\"potentialAction\":[{\"@type\":\"ReadAction\",\"target\":[\"https:\/\/www.johannagullichsen.com\/fr\/produit\/bourse-longue-paradis\/\"]}]},{\"@type\":\"ImageObject\",\"inLanguage\":\"fr-FR\",\"@id\":\"https:\/\/www.johannagullichsen.com\/fr\/produit\/bourse-longue-paradis\/#primaryimage\",\"url\":\"https:\/\/www.johannagullichsen.com\/wp-content\/uploads\/2025\/03\/Johanna-Gullichsen-Paradise-Long-Purse-Macaw.jpg\",\"contentUrl\":\"https:\/\/www.johannagullichsen.com\/wp-content\/uploads\/2025\/03\/Johanna-Gullichsen-Paradise-Long-Purse-Macaw.jpg\",\"width\":1600,\"height\":1200},{\"@type\":\"BreadcrumbList\",\"@id\":\"https:\/\/www.johannagullichsen.com\/fr\/produit\/bourse-longue-paradis\/#breadcrumb\",\"itemListElement\":[{\"@type\":\"ListItem\",\"position\":1,\"name\":\"Home\",\"item\":\"https:\/\/www.johannagullichsen.com\/fr\/\"},{\"@type\":\"ListItem\",\"position\":2,\"name\":\"Produits et Boutique en ligne\",\"item\":\"https:\/\/www.johannagullichsen.com\/fr\/produits\/\"},{\"@type\":\"ListItem\",\"position\":3,\"name\":\"Bourse longue Paradis\"}]},{\"@type\":\"WebSite\",\"@id\":\"https:\/\/www.johannagullichsen.com\/fr\/#website\",\"url\":\"https:\/\/www.johannagullichsen.com\/fr\/\",\"name\":\"Johanna Gullichsen\",\"description\":\"\",\"potentialAction\":[{\"@type\":\"SearchAction\",\"target\":{\"@type\":\"EntryPoint\",\"urlTemplate\":\"https:\/\/www.johannagullichsen.com\/fr\/?s={search_term_string}\"},\"query-input\":{\"@type\":\"PropertyValueSpecification\",\"valueRequired\":true,\"valueName\":\"search_term_string\"}}],\"inLanguage\":\"fr-FR\"}]}<\/script>\n<!-- \/ Yoast SEO Premium plugin. -->","yoast_head_json":{"title":"Bourse longue Paradis - Johanna Gullichsen","robots":{"index":"index","follow":"follow","max-snippet":"max-snippet:-1","max-image-preview":"max-image-preview:large","max-video-preview":"max-video-preview:-1"},"canonical":"https:\/\/www.johannagullichsen.com\/fr\/produit\/bourse-longue-paradis\/","og_locale":"fr_FR","og_type":"article","og_title":"Bourse longue Paradis","og_description":"Meilleure observation de l&rsquo;ann\u00e9e ! Les longs porte-monnaie Paradis refl\u00e8tent la splendeur color\u00e9e des ailes d&rsquo;oiseaux. Starling, Eclectus, Macaw et Cockatoo ajoutent \u00e9clat et joie \u00e0 chaque jour. Les pochettes&hellip;","og_url":"https:\/\/www.johannagullichsen.com\/fr\/produit\/bourse-longue-paradis\/","og_site_name":"Johanna Gullichsen","article_modified_time":"2025-04-10T11:11:04+00:00","og_image":[{"width":1600,"height":1200,"url":"https:\/\/www.johannagullichsen.com\/wp-content\/uploads\/2025\/03\/Johanna-Gullichsen-Paradise-Long-Purse-Macaw.jpg","type":"image\/jpeg"}],"twitter_card":"summary_large_image","twitter_misc":{"Dur\u00e9e de lecture estim\u00e9e":"1 minute"},"schema":{"@context":"https:\/\/schema.org","@graph":[{"@type":"WebPage","@id":"https:\/\/www.johannagullichsen.com\/fr\/produit\/bourse-longue-paradis\/","url":"https:\/\/www.johannagullichsen.com\/fr\/produit\/bourse-longue-paradis\/","name":"Bourse longue Paradis - Johanna Gullichsen","isPartOf":{"@id":"https:\/\/www.johannagullichsen.com\/fr\/#website"},"primaryImageOfPage":{"@id":"https:\/\/www.johannagullichsen.com\/fr\/produit\/bourse-longue-paradis\/#primaryimage"},"image":{"@id":"https:\/\/www.johannagullichsen.com\/fr\/produit\/bourse-longue-paradis\/#primaryimage"},"thumbnailUrl":"https:\/\/www.johannagullichsen.com\/wp-content\/uploads\/2025\/03\/Johanna-Gullichsen-Paradise-Long-Purse-Macaw.jpg","datePublished":"2025-03-25T08:53:26+00:00","dateModified":"2025-04-10T11:11:04+00:00","breadcrumb":{"@id":"https:\/\/www.johannagullichsen.com\/fr\/produit\/bourse-longue-paradis\/#breadcrumb"},"inLanguage":"fr-FR","potentialAction":[{"@type":"ReadAction","target":["https:\/\/www.johannagullichsen.com\/fr\/produit\/bourse-longue-paradis\/"]}]},{"@type":"ImageObject","inLanguage":"fr-FR","@id":"https:\/\/www.johannagullichsen.com\/fr\/produit\/bourse-longue-paradis\/#primaryimage","url":"https:\/\/www.johannagullichsen.com\/wp-content\/uploads\/2025\/03\/Johanna-Gullichsen-Paradise-Long-Purse-Macaw.jpg","contentUrl":"https:\/\/www.johannagullichsen.com\/wp-content\/uploads\/2025\/03\/Johanna-Gullichsen-Paradise-Long-Purse-Macaw.jpg","width":1600,"height":1200},{"@type":"BreadcrumbList","@id":"https:\/\/www.johannagullichsen.com\/fr\/produit\/bourse-longue-paradis\/#breadcrumb","itemListElement":[{"@type":"ListItem","position":1,"name":"Home","item":"https:\/\/www.johannagullichsen.com\/fr\/"},{"@type":"ListItem","position":2,"name":"Produits et Boutique en ligne","item":"https:\/\/www.johannagullichsen.com\/fr\/produits\/"},{"@type":"ListItem","position":3,"name":"Bourse longue Paradis"}]},{"@type":"WebSite","@id":"https:\/\/www.johannagullichsen.com\/fr\/#website","url":"https:\/\/www.johannagullichsen.com\/fr\/","name":"Johanna Gullichsen","description":"","potentialAction":[{"@type":"SearchAction","target":{"@type":"EntryPoint","urlTemplate":"https:\/\/www.johannagullichsen.com\/fr\/?s={search_term_string}"},"query-input":{"@type":"PropertyValueSpecification","valueRequired":true,"valueName":"search_term_string"}}],"inLanguage":"fr-FR"}]}},"_links":{"self":[{"href":"https:\/\/www.johannagullichsen.com\/fr\/wp-json\/wp\/v2\/product\/26896","targetHints":{"allow":["GET"]}}],"collection":[{"href":"https:\/\/www.johannagullichsen.com\/fr\/wp-json\/wp\/v2\/product"}],"about":[{"href":"https:\/\/www.johannagullichsen.com\/fr\/wp-json\/wp\/v2\/types\/product"}],"wp:featuredmedia":[{"embeddable":true,"href":"https:\/\/www.johannagullichsen.com\/fr\/wp-json\/wp\/v2\/media\/26074"}],"wp:attachment":[{"href":"https:\/\/www.johannagullichsen.com\/fr\/wp-json\/wp\/v2\/media?parent=26896"}],"wp:term":[{"taxonomy":"product_brand","embeddable":true,"href":"https:\/\/www.johannagullichsen.com\/fr\/wp-json\/wp\/v2\/product_brand?post=26896"},{"taxonomy":"product_cat","embeddable":true,"href":"https:\/\/www.johannagullichsen.com\/fr\/wp-json\/wp\/v2\/product_cat?post=26896"},{"taxonomy":"product_tag","embeddable":true,"href":"https:\/\/www.johannagullichsen.com\/fr\/wp-json\/wp\/v2\/product_tag?post=26896"}],"curies":[{"name":"wp","href":"https:\/\/api.w.org\/{rel}","templated":true}]}}