{"id":28041,"date":"2025-05-06T14:55:49","date_gmt":"2025-05-06T11:55:49","guid":{"rendered":"https:\/\/www.johannagullichsen.com\/product\/kangas-damast-aallot\/"},"modified":"2025-06-26T14:35:12","modified_gmt":"2025-06-26T11:35:12","slug":"kangas-damast-aallot","status":"publish","type":"product","link":"https:\/\/www.johannagullichsen.com\/fr\/produit\/kangas-damast-aallot\/","title":{"rendered":"Tissu Damast Aallot"},"content":{"rendered":"<p>La cha\u00eene en lin blanc apporte brillance et beaut\u00e9 \u00e0 ce tissu, tandis que les fils de coton color\u00e9s lui conf\u00e8rent praticit\u00e9 et douceur. Les tissus damass\u00e9s peuvent \u00eatre utilis\u00e9s de diff\u00e9rentes mani\u00e8res, notamment pour des nappes ou des serviettes.<\/p>\n<p>Aallot, qui signifie \u00ab vagues \u00bb, fait partie de la premi\u00e8re collection de tissus industriels de Johanna Gullichsen, Damast, lanc\u00e9e en 1989. \u00c0 l&rsquo;origine, la collection comportait cinq motifs. Aallot et Delft ont \u00e9t\u00e9 r\u00e9introduits dans la collection en \u00e9t\u00e9 2025.<\/p>\n","protected":false},"excerpt":{"rendered":"<p>La cha\u00eene en lin blanc apporte brillance et beaut\u00e9 \u00e0 ce tissu, tandis que les fils de coton color\u00e9s lui conf\u00e8rent praticit\u00e9 et douceur. Les tissus damass\u00e9s peuvent \u00eatre utilis\u00e9s&hellip;<\/p>\n","protected":false},"featured_media":27478,"template":"","meta":{"_acf_changed":false},"product_brand":[],"product_cat":[1977,260],"product_tag":[],"class_list":{"0":"post-28041","1":"product","2":"type-product","3":"status-publish","4":"has-post-thumbnail","6":"product_cat-interieurs-residentiels","7":"product_cat-tissus","8":"pa_pattern-colour-aallot-marron","9":"pa_pattern-colour-damast-aallot-bleu-marine-fr","10":"pa_pattern-colour-aallot-sapin","11":"collection-damast-fr","13":"first","14":"instock","15":"taxable","16":"shipping-taxable","17":"purchasable","18":"product-type-variable"},"acf":[],"yoast_head":"<!-- This site is optimized with the Yoast SEO Premium plugin v27.2 (Yoast SEO v27.5) - https:\/\/yoast.com\/product\/yoast-seo-premium-wordpress\/ -->\n<title>Tissu Damast Aallot - Johanna Gullichsen<\/title>\n<meta name=\"robots\" content=\"index, follow, max-snippet:-1, max-image-preview:large, max-video-preview:-1\" \/>\n<link rel=\"canonical\" href=\"https:\/\/www.johannagullichsen.com\/fr\/produit\/kangas-damast-aallot\/\" \/>\n<meta property=\"og:locale\" content=\"fr_FR\" \/>\n<meta property=\"og:type\" content=\"article\" \/>\n<meta property=\"og:title\" content=\"Tissu Damast Aallot\" \/>\n<meta property=\"og:description\" content=\"La cha\u00eene en lin blanc apporte brillance et beaut\u00e9 \u00e0 ce tissu, tandis que les fils de coton color\u00e9s lui conf\u00e8rent praticit\u00e9 et douceur. Les tissus damass\u00e9s peuvent \u00eatre utilis\u00e9s&hellip;\" \/>\n<meta property=\"og:url\" content=\"https:\/\/www.johannagullichsen.com\/fr\/produit\/kangas-damast-aallot\/\" \/>\n<meta property=\"og:site_name\" content=\"Johanna Gullichsen\" \/>\n<meta property=\"article:modified_time\" content=\"2025-06-26T11:35:12+00:00\" \/>\n<meta property=\"og:image\" content=\"https:\/\/www.johannagullichsen.com\/wp-content\/uploads\/2025\/05\/Johanna-Gullichsen-Damast-Aallot-Blue-1024x768.jpg\" \/>\n\t<meta property=\"og:image:width\" content=\"1024\" \/>\n\t<meta property=\"og:image:height\" content=\"768\" \/>\n\t<meta property=\"og:image:type\" content=\"image\/jpeg\" \/>\n<meta name=\"twitter:card\" content=\"summary_large_image\" \/>\n<meta name=\"twitter:label1\" content=\"Dur\u00e9e de lecture estim\u00e9e\" \/>\n\t<meta name=\"twitter:data1\" content=\"1 minute\" \/>\n<script type=\"application\/ld+json\" class=\"yoast-schema-graph\">{\"@context\":\"https:\\\/\\\/schema.org\",\"@graph\":[{\"@type\":\"WebPage\",\"@id\":\"https:\\\/\\\/www.johannagullichsen.com\\\/fr\\\/produit\\\/kangas-damast-aallot\\\/\",\"url\":\"https:\\\/\\\/www.johannagullichsen.com\\\/fr\\\/produit\\\/kangas-damast-aallot\\\/\",\"name\":\"Tissu Damast Aallot - Johanna Gullichsen\",\"isPartOf\":{\"@id\":\"https:\\\/\\\/www.johannagullichsen.com\\\/fr\\\/#website\"},\"primaryImageOfPage\":{\"@id\":\"https:\\\/\\\/www.johannagullichsen.com\\\/fr\\\/produit\\\/kangas-damast-aallot\\\/#primaryimage\"},\"image\":{\"@id\":\"https:\\\/\\\/www.johannagullichsen.com\\\/fr\\\/produit\\\/kangas-damast-aallot\\\/#primaryimage\"},\"thumbnailUrl\":\"https:\\\/\\\/www.johannagullichsen.com\\\/wp-content\\\/uploads\\\/2025\\\/05\\\/Johanna-Gullichsen-Damast-Aallot-Blue.jpg\",\"datePublished\":\"2025-05-06T11:55:49+00:00\",\"dateModified\":\"2025-06-26T11:35:12+00:00\",\"breadcrumb\":{\"@id\":\"https:\\\/\\\/www.johannagullichsen.com\\\/fr\\\/produit\\\/kangas-damast-aallot\\\/#breadcrumb\"},\"inLanguage\":\"fr-FR\",\"potentialAction\":[{\"@type\":\"ReadAction\",\"target\":[\"https:\\\/\\\/www.johannagullichsen.com\\\/fr\\\/produit\\\/kangas-damast-aallot\\\/\"]}]},{\"@type\":\"ImageObject\",\"inLanguage\":\"fr-FR\",\"@id\":\"https:\\\/\\\/www.johannagullichsen.com\\\/fr\\\/produit\\\/kangas-damast-aallot\\\/#primaryimage\",\"url\":\"https:\\\/\\\/www.johannagullichsen.com\\\/wp-content\\\/uploads\\\/2025\\\/05\\\/Johanna-Gullichsen-Damast-Aallot-Blue.jpg\",\"contentUrl\":\"https:\\\/\\\/www.johannagullichsen.com\\\/wp-content\\\/uploads\\\/2025\\\/05\\\/Johanna-Gullichsen-Damast-Aallot-Blue.jpg\",\"width\":1600,\"height\":1200},{\"@type\":\"BreadcrumbList\",\"@id\":\"https:\\\/\\\/www.johannagullichsen.com\\\/fr\\\/produit\\\/kangas-damast-aallot\\\/#breadcrumb\",\"itemListElement\":[{\"@type\":\"ListItem\",\"position\":1,\"name\":\"Home\",\"item\":\"https:\\\/\\\/www.johannagullichsen.com\\\/fr\\\/\"},{\"@type\":\"ListItem\",\"position\":2,\"name\":\"Produits et Boutique en ligne\",\"item\":\"https:\\\/\\\/www.johannagullichsen.com\\\/fr\\\/produits\\\/\"},{\"@type\":\"ListItem\",\"position\":3,\"name\":\"Tissu Damast Aallot\"}]},{\"@type\":\"WebSite\",\"@id\":\"https:\\\/\\\/www.johannagullichsen.com\\\/fr\\\/#website\",\"url\":\"https:\\\/\\\/www.johannagullichsen.com\\\/fr\\\/\",\"name\":\"Johanna Gullichsen\",\"description\":\"\",\"potentialAction\":[{\"@type\":\"SearchAction\",\"target\":{\"@type\":\"EntryPoint\",\"urlTemplate\":\"https:\\\/\\\/www.johannagullichsen.com\\\/fr\\\/?s={search_term_string}\"},\"query-input\":{\"@type\":\"PropertyValueSpecification\",\"valueRequired\":true,\"valueName\":\"search_term_string\"}}],\"inLanguage\":\"fr-FR\"}]}<\/script>\n<!-- \/ Yoast SEO Premium plugin. -->","yoast_head_json":{"title":"Tissu Damast Aallot - Johanna Gullichsen","robots":{"index":"index","follow":"follow","max-snippet":"max-snippet:-1","max-image-preview":"max-image-preview:large","max-video-preview":"max-video-preview:-1"},"canonical":"https:\/\/www.johannagullichsen.com\/fr\/produit\/kangas-damast-aallot\/","og_locale":"fr_FR","og_type":"article","og_title":"Tissu Damast Aallot","og_description":"La cha\u00eene en lin blanc apporte brillance et beaut\u00e9 \u00e0 ce tissu, tandis que les fils de coton color\u00e9s lui conf\u00e8rent praticit\u00e9 et douceur. Les tissus damass\u00e9s peuvent \u00eatre utilis\u00e9s&hellip;","og_url":"https:\/\/www.johannagullichsen.com\/fr\/produit\/kangas-damast-aallot\/","og_site_name":"Johanna Gullichsen","article_modified_time":"2025-06-26T11:35:12+00:00","og_image":[{"width":1024,"height":768,"url":"https:\/\/www.johannagullichsen.com\/wp-content\/uploads\/2025\/05\/Johanna-Gullichsen-Damast-Aallot-Blue-1024x768.jpg","type":"image\/jpeg"}],"twitter_card":"summary_large_image","twitter_misc":{"Dur\u00e9e de lecture estim\u00e9e":"1 minute"},"schema":{"@context":"https:\/\/schema.org","@graph":[{"@type":"WebPage","@id":"https:\/\/www.johannagullichsen.com\/fr\/produit\/kangas-damast-aallot\/","url":"https:\/\/www.johannagullichsen.com\/fr\/produit\/kangas-damast-aallot\/","name":"Tissu Damast Aallot - Johanna Gullichsen","isPartOf":{"@id":"https:\/\/www.johannagullichsen.com\/fr\/#website"},"primaryImageOfPage":{"@id":"https:\/\/www.johannagullichsen.com\/fr\/produit\/kangas-damast-aallot\/#primaryimage"},"image":{"@id":"https:\/\/www.johannagullichsen.com\/fr\/produit\/kangas-damast-aallot\/#primaryimage"},"thumbnailUrl":"https:\/\/www.johannagullichsen.com\/wp-content\/uploads\/2025\/05\/Johanna-Gullichsen-Damast-Aallot-Blue.jpg","datePublished":"2025-05-06T11:55:49+00:00","dateModified":"2025-06-26T11:35:12+00:00","breadcrumb":{"@id":"https:\/\/www.johannagullichsen.com\/fr\/produit\/kangas-damast-aallot\/#breadcrumb"},"inLanguage":"fr-FR","potentialAction":[{"@type":"ReadAction","target":["https:\/\/www.johannagullichsen.com\/fr\/produit\/kangas-damast-aallot\/"]}]},{"@type":"ImageObject","inLanguage":"fr-FR","@id":"https:\/\/www.johannagullichsen.com\/fr\/produit\/kangas-damast-aallot\/#primaryimage","url":"https:\/\/www.johannagullichsen.com\/wp-content\/uploads\/2025\/05\/Johanna-Gullichsen-Damast-Aallot-Blue.jpg","contentUrl":"https:\/\/www.johannagullichsen.com\/wp-content\/uploads\/2025\/05\/Johanna-Gullichsen-Damast-Aallot-Blue.jpg","width":1600,"height":1200},{"@type":"BreadcrumbList","@id":"https:\/\/www.johannagullichsen.com\/fr\/produit\/kangas-damast-aallot\/#breadcrumb","itemListElement":[{"@type":"ListItem","position":1,"name":"Home","item":"https:\/\/www.johannagullichsen.com\/fr\/"},{"@type":"ListItem","position":2,"name":"Produits et Boutique en ligne","item":"https:\/\/www.johannagullichsen.com\/fr\/produits\/"},{"@type":"ListItem","position":3,"name":"Tissu Damast Aallot"}]},{"@type":"WebSite","@id":"https:\/\/www.johannagullichsen.com\/fr\/#website","url":"https:\/\/www.johannagullichsen.com\/fr\/","name":"Johanna Gullichsen","description":"","potentialAction":[{"@type":"SearchAction","target":{"@type":"EntryPoint","urlTemplate":"https:\/\/www.johannagullichsen.com\/fr\/?s={search_term_string}"},"query-input":{"@type":"PropertyValueSpecification","valueRequired":true,"valueName":"search_term_string"}}],"inLanguage":"fr-FR"}]}},"_links":{"self":[{"href":"https:\/\/www.johannagullichsen.com\/fr\/wp-json\/wp\/v2\/product\/28041","targetHints":{"allow":["GET"]}}],"collection":[{"href":"https:\/\/www.johannagullichsen.com\/fr\/wp-json\/wp\/v2\/product"}],"about":[{"href":"https:\/\/www.johannagullichsen.com\/fr\/wp-json\/wp\/v2\/types\/product"}],"wp:featuredmedia":[{"embeddable":true,"href":"https:\/\/www.johannagullichsen.com\/fr\/wp-json\/wp\/v2\/media\/27478"}],"wp:attachment":[{"href":"https:\/\/www.johannagullichsen.com\/fr\/wp-json\/wp\/v2\/media?parent=28041"}],"wp:term":[{"taxonomy":"product_brand","embeddable":true,"href":"https:\/\/www.johannagullichsen.com\/fr\/wp-json\/wp\/v2\/product_brand?post=28041"},{"taxonomy":"product_cat","embeddable":true,"href":"https:\/\/www.johannagullichsen.com\/fr\/wp-json\/wp\/v2\/product_cat?post=28041"},{"taxonomy":"product_tag","embeddable":true,"href":"https:\/\/www.johannagullichsen.com\/fr\/wp-json\/wp\/v2\/product_tag?post=28041"}],"curies":[{"name":"wp","href":"https:\/\/api.w.org\/{rel}","templated":true}]}}