{"id":29231,"date":"2025-11-07T09:01:55","date_gmt":"2025-11-07T07:01:55","guid":{"rendered":"https:\/\/www.johannagullichsen.com\/?post_type=product&#038;p=29231"},"modified":"2025-11-12T09:12:20","modified_gmt":"2025-11-12T07:12:20","slug":"affiche-sock-stack","status":"publish","type":"product","link":"https:\/\/www.johannagullichsen.com\/fr\/produit\/affiche-sock-stack\/","title":{"rendered":"Affiche Sock Stack"},"content":{"rendered":"<p>L&rsquo;affiche Sock Stack a \u00e9t\u00e9 cr\u00e9\u00e9e par Nora Bremer, designer textile et designer de surfaces. Elle est \u00e9galement membre de l&rsquo;\u00e9quipe Johanna Gullichsen.<\/p>\n<p>\u00ab\u00a0L&rsquo;affiche Sock Stack a vu le jour lors de la mise en place du display dans le magasin JG Erottaja. La distorsion du motif Doris au sein des piles de chaussettes a cr\u00e9\u00e9 un nouveau motif, transformant les lignes rigides et tiss\u00e9es d&rsquo;origine en quelque chose de plus doux et de plus d\u00e9sordonn\u00e9 \u00bb, explique Nora \u00e0 propos de son travail.<\/p>\n<p>Les affiches Sock Stack en \u00e9dition limit\u00e9e sont disponibles en 50 exemplaires. Chaque affiche est num\u00e9rot\u00e9e de mani\u00e8re unique. L&rsquo;affiche est imprim\u00e9e sur du papier chanvre blanc cass\u00e9 de haute qualit\u00e9. Sa surface l\u00e9g\u00e8rement textur\u00e9e offre un toucher agr\u00e9able et soyeux. \u00a0Fabriqu\u00e9e en Finlande. Veuillez noter que le cadre n&rsquo;est pas inclus.\u00a0\u00bb<\/p>\n","protected":false},"excerpt":{"rendered":"<p>L&rsquo;affiche Sock Stack a \u00e9t\u00e9 cr\u00e9\u00e9e par Nora Bremer, designer textile et designer de surfaces. Elle est \u00e9galement membre de l&rsquo;\u00e9quipe Johanna Gullichsen. \u00ab\u00a0L&rsquo;affiche Sock Stack a vu le jour&hellip;<\/p>\n","protected":false},"featured_media":29206,"template":"","meta":{"_acf_changed":false},"product_brand":[],"product_cat":[265,2068],"product_tag":[],"class_list":{"0":"post-29231","1":"product","2":"type-product","3":"status-publish","4":"has-post-thumbnail","6":"product_cat-maison","7":"product_cat-affiches","8":"collection-normandie-fr","10":"first","11":"instock","12":"taxable","13":"shipping-taxable","14":"purchasable","15":"product-type-simple"},"acf":[],"yoast_head":"<!-- This site is optimized with the Yoast SEO Premium plugin v27.2 (Yoast SEO v27.5) - https:\/\/yoast.com\/product\/yoast-seo-premium-wordpress\/ -->\n<title>Affiche Sock Stack - Johanna Gullichsen<\/title>\n<meta name=\"robots\" content=\"index, follow, max-snippet:-1, max-image-preview:large, max-video-preview:-1\" \/>\n<link rel=\"canonical\" href=\"https:\/\/www.johannagullichsen.com\/fr\/produit\/affiche-sock-stack\/\" \/>\n<meta property=\"og:locale\" content=\"fr_FR\" \/>\n<meta property=\"og:type\" content=\"article\" \/>\n<meta property=\"og:title\" content=\"Affiche Sock Stack\" \/>\n<meta property=\"og:description\" content=\"L&rsquo;affiche Sock Stack a \u00e9t\u00e9 cr\u00e9\u00e9e par Nora Bremer, designer textile et designer de surfaces. Elle est \u00e9galement membre de l&rsquo;\u00e9quipe Johanna Gullichsen. \u00ab\u00a0L&rsquo;affiche Sock Stack a vu le jour&hellip;\" \/>\n<meta property=\"og:url\" content=\"https:\/\/www.johannagullichsen.com\/fr\/produit\/affiche-sock-stack\/\" \/>\n<meta property=\"og:site_name\" content=\"Johanna Gullichsen\" \/>\n<meta property=\"article:modified_time\" content=\"2025-11-12T07:12:20+00:00\" \/>\n<meta property=\"og:image\" content=\"https:\/\/www.johannagullichsen.com\/wp-content\/uploads\/2025\/11\/Sock-stack-poster-table-2-NB.jpg\" \/>\n\t<meta property=\"og:image:width\" content=\"1600\" \/>\n\t<meta property=\"og:image:height\" content=\"1200\" \/>\n\t<meta property=\"og:image:type\" content=\"image\/jpeg\" \/>\n<meta name=\"twitter:card\" content=\"summary_large_image\" \/>\n<meta name=\"twitter:label1\" content=\"Dur\u00e9e de lecture estim\u00e9e\" \/>\n\t<meta name=\"twitter:data1\" content=\"1 minute\" \/>\n<script type=\"application\/ld+json\" class=\"yoast-schema-graph\">{\"@context\":\"https:\\\/\\\/schema.org\",\"@graph\":[{\"@type\":\"WebPage\",\"@id\":\"https:\\\/\\\/www.johannagullichsen.com\\\/fr\\\/produit\\\/affiche-sock-stack\\\/\",\"url\":\"https:\\\/\\\/www.johannagullichsen.com\\\/fr\\\/produit\\\/affiche-sock-stack\\\/\",\"name\":\"Affiche Sock Stack - Johanna Gullichsen\",\"isPartOf\":{\"@id\":\"https:\\\/\\\/www.johannagullichsen.com\\\/fr\\\/#website\"},\"primaryImageOfPage\":{\"@id\":\"https:\\\/\\\/www.johannagullichsen.com\\\/fr\\\/produit\\\/affiche-sock-stack\\\/#primaryimage\"},\"image\":{\"@id\":\"https:\\\/\\\/www.johannagullichsen.com\\\/fr\\\/produit\\\/affiche-sock-stack\\\/#primaryimage\"},\"thumbnailUrl\":\"https:\\\/\\\/www.johannagullichsen.com\\\/wp-content\\\/uploads\\\/2025\\\/11\\\/Sock-stack-poster-table-2-NB.jpg\",\"datePublished\":\"2025-11-07T07:01:55+00:00\",\"dateModified\":\"2025-11-12T07:12:20+00:00\",\"breadcrumb\":{\"@id\":\"https:\\\/\\\/www.johannagullichsen.com\\\/fr\\\/produit\\\/affiche-sock-stack\\\/#breadcrumb\"},\"inLanguage\":\"fr-FR\",\"potentialAction\":[{\"@type\":\"ReadAction\",\"target\":[\"https:\\\/\\\/www.johannagullichsen.com\\\/fr\\\/produit\\\/affiche-sock-stack\\\/\"]}]},{\"@type\":\"ImageObject\",\"inLanguage\":\"fr-FR\",\"@id\":\"https:\\\/\\\/www.johannagullichsen.com\\\/fr\\\/produit\\\/affiche-sock-stack\\\/#primaryimage\",\"url\":\"https:\\\/\\\/www.johannagullichsen.com\\\/wp-content\\\/uploads\\\/2025\\\/11\\\/Sock-stack-poster-table-2-NB.jpg\",\"contentUrl\":\"https:\\\/\\\/www.johannagullichsen.com\\\/wp-content\\\/uploads\\\/2025\\\/11\\\/Sock-stack-poster-table-2-NB.jpg\",\"width\":1600,\"height\":1200},{\"@type\":\"BreadcrumbList\",\"@id\":\"https:\\\/\\\/www.johannagullichsen.com\\\/fr\\\/produit\\\/affiche-sock-stack\\\/#breadcrumb\",\"itemListElement\":[{\"@type\":\"ListItem\",\"position\":1,\"name\":\"Home\",\"item\":\"https:\\\/\\\/www.johannagullichsen.com\\\/fr\\\/\"},{\"@type\":\"ListItem\",\"position\":2,\"name\":\"Produits et Boutique en ligne\",\"item\":\"https:\\\/\\\/www.johannagullichsen.com\\\/fr\\\/produits\\\/\"},{\"@type\":\"ListItem\",\"position\":3,\"name\":\"Affiche Sock Stack\"}]},{\"@type\":\"WebSite\",\"@id\":\"https:\\\/\\\/www.johannagullichsen.com\\\/fr\\\/#website\",\"url\":\"https:\\\/\\\/www.johannagullichsen.com\\\/fr\\\/\",\"name\":\"Johanna Gullichsen\",\"description\":\"\",\"potentialAction\":[{\"@type\":\"SearchAction\",\"target\":{\"@type\":\"EntryPoint\",\"urlTemplate\":\"https:\\\/\\\/www.johannagullichsen.com\\\/fr\\\/?s={search_term_string}\"},\"query-input\":{\"@type\":\"PropertyValueSpecification\",\"valueRequired\":true,\"valueName\":\"search_term_string\"}}],\"inLanguage\":\"fr-FR\"}]}<\/script>\n<!-- \/ Yoast SEO Premium plugin. -->","yoast_head_json":{"title":"Affiche Sock Stack - Johanna Gullichsen","robots":{"index":"index","follow":"follow","max-snippet":"max-snippet:-1","max-image-preview":"max-image-preview:large","max-video-preview":"max-video-preview:-1"},"canonical":"https:\/\/www.johannagullichsen.com\/fr\/produit\/affiche-sock-stack\/","og_locale":"fr_FR","og_type":"article","og_title":"Affiche Sock Stack","og_description":"L&rsquo;affiche Sock Stack a \u00e9t\u00e9 cr\u00e9\u00e9e par Nora Bremer, designer textile et designer de surfaces. Elle est \u00e9galement membre de l&rsquo;\u00e9quipe Johanna Gullichsen. \u00ab\u00a0L&rsquo;affiche Sock Stack a vu le jour&hellip;","og_url":"https:\/\/www.johannagullichsen.com\/fr\/produit\/affiche-sock-stack\/","og_site_name":"Johanna Gullichsen","article_modified_time":"2025-11-12T07:12:20+00:00","og_image":[{"width":1600,"height":1200,"url":"https:\/\/www.johannagullichsen.com\/wp-content\/uploads\/2025\/11\/Sock-stack-poster-table-2-NB.jpg","type":"image\/jpeg"}],"twitter_card":"summary_large_image","twitter_misc":{"Dur\u00e9e de lecture estim\u00e9e":"1 minute"},"schema":{"@context":"https:\/\/schema.org","@graph":[{"@type":"WebPage","@id":"https:\/\/www.johannagullichsen.com\/fr\/produit\/affiche-sock-stack\/","url":"https:\/\/www.johannagullichsen.com\/fr\/produit\/affiche-sock-stack\/","name":"Affiche Sock Stack - Johanna Gullichsen","isPartOf":{"@id":"https:\/\/www.johannagullichsen.com\/fr\/#website"},"primaryImageOfPage":{"@id":"https:\/\/www.johannagullichsen.com\/fr\/produit\/affiche-sock-stack\/#primaryimage"},"image":{"@id":"https:\/\/www.johannagullichsen.com\/fr\/produit\/affiche-sock-stack\/#primaryimage"},"thumbnailUrl":"https:\/\/www.johannagullichsen.com\/wp-content\/uploads\/2025\/11\/Sock-stack-poster-table-2-NB.jpg","datePublished":"2025-11-07T07:01:55+00:00","dateModified":"2025-11-12T07:12:20+00:00","breadcrumb":{"@id":"https:\/\/www.johannagullichsen.com\/fr\/produit\/affiche-sock-stack\/#breadcrumb"},"inLanguage":"fr-FR","potentialAction":[{"@type":"ReadAction","target":["https:\/\/www.johannagullichsen.com\/fr\/produit\/affiche-sock-stack\/"]}]},{"@type":"ImageObject","inLanguage":"fr-FR","@id":"https:\/\/www.johannagullichsen.com\/fr\/produit\/affiche-sock-stack\/#primaryimage","url":"https:\/\/www.johannagullichsen.com\/wp-content\/uploads\/2025\/11\/Sock-stack-poster-table-2-NB.jpg","contentUrl":"https:\/\/www.johannagullichsen.com\/wp-content\/uploads\/2025\/11\/Sock-stack-poster-table-2-NB.jpg","width":1600,"height":1200},{"@type":"BreadcrumbList","@id":"https:\/\/www.johannagullichsen.com\/fr\/produit\/affiche-sock-stack\/#breadcrumb","itemListElement":[{"@type":"ListItem","position":1,"name":"Home","item":"https:\/\/www.johannagullichsen.com\/fr\/"},{"@type":"ListItem","position":2,"name":"Produits et Boutique en ligne","item":"https:\/\/www.johannagullichsen.com\/fr\/produits\/"},{"@type":"ListItem","position":3,"name":"Affiche Sock Stack"}]},{"@type":"WebSite","@id":"https:\/\/www.johannagullichsen.com\/fr\/#website","url":"https:\/\/www.johannagullichsen.com\/fr\/","name":"Johanna Gullichsen","description":"","potentialAction":[{"@type":"SearchAction","target":{"@type":"EntryPoint","urlTemplate":"https:\/\/www.johannagullichsen.com\/fr\/?s={search_term_string}"},"query-input":{"@type":"PropertyValueSpecification","valueRequired":true,"valueName":"search_term_string"}}],"inLanguage":"fr-FR"}]}},"_links":{"self":[{"href":"https:\/\/www.johannagullichsen.com\/fr\/wp-json\/wp\/v2\/product\/29231","targetHints":{"allow":["GET"]}}],"collection":[{"href":"https:\/\/www.johannagullichsen.com\/fr\/wp-json\/wp\/v2\/product"}],"about":[{"href":"https:\/\/www.johannagullichsen.com\/fr\/wp-json\/wp\/v2\/types\/product"}],"wp:featuredmedia":[{"embeddable":true,"href":"https:\/\/www.johannagullichsen.com\/fr\/wp-json\/wp\/v2\/media\/29206"}],"wp:attachment":[{"href":"https:\/\/www.johannagullichsen.com\/fr\/wp-json\/wp\/v2\/media?parent=29231"}],"wp:term":[{"taxonomy":"product_brand","embeddable":true,"href":"https:\/\/www.johannagullichsen.com\/fr\/wp-json\/wp\/v2\/product_brand?post=29231"},{"taxonomy":"product_cat","embeddable":true,"href":"https:\/\/www.johannagullichsen.com\/fr\/wp-json\/wp\/v2\/product_cat?post=29231"},{"taxonomy":"product_tag","embeddable":true,"href":"https:\/\/www.johannagullichsen.com\/fr\/wp-json\/wp\/v2\/product_tag?post=29231"}],"curies":[{"name":"wp","href":"https:\/\/api.w.org\/{rel}","templated":true}]}}