{"id":30518,"date":"2026-03-24T13:38:33","date_gmt":"2026-03-24T11:38:33","guid":{"rendered":"https:\/\/www.johannagullichsen.com\/?post_type=product&#038;p=30518"},"modified":"2026-03-26T15:41:32","modified_gmt":"2026-03-26T13:41:32","slug":"veste","status":"publish","type":"product","link":"https:\/\/www.johannagullichsen.com\/fr\/produit\/veste\/","title":{"rendered":"Veste"},"content":{"rendered":"<h4 class=\"p1\">Veste de Travail Raffin\u00e9e<\/h4>\n<p class=\"p1\">Inspir\u00e9e du v\u00eatement\u00a0de travail classique, cette veste allie praticit\u00e9 et style d\u00e9contract\u00e9.<\/p>\n<p class=\"p1\">Confectionn\u00e9e dans un coton robuste pr\u00e9lav\u00e9, elle arbore le motif iconique Doris de Johanna Gullichsen dans les coloris Cirrus Blue et Patina. Le coloris Patina marie le jaune et le noir de mani\u00e8re captivante, tandis que le coloris Cirrus est l\u00e9ger et a\u00e9rien.<\/p>\n<p class=\"p1\">Cette veste unisexe est disponible en deux tailles : S\u2013M et L\u2013XL. Con\u00e7ue avec une coupe carr\u00e9e d\u00e9contract\u00e9e et des emmanchures tombantes, elle offre confort et aisance \u00e0 toutes les silhouettes. Les d\u00e9tails fonctionnels incluent deux poches avant, une poche poitrine et une poche arri\u00e8re. La veste n&rsquo;est pas doubl\u00e9e pour une sensation naturelle et l\u00e9g\u00e8re.<\/p>\n<p class=\"p1\">Le mod\u00e8le mesure 185 cm et porte la veste Cirrus en L-XL et la veste Patina en S-M.<\/p>\n<p class=\"p1\"><b>Dimensions S-M :<\/b><\/p>\n<p class=\"p1\">Largeur poitrine : 60 cm (panneaux avant et arri\u00e8re)<\/p>\n<p class=\"p1\">Longueur (\u00e9paule \u00e0 l&rsquo;ourlet) : 75 cm<\/p>\n<p class=\"p1\">Longueur de manche : 57 cm<\/p>\n<p class=\"p1\"><b>Dimensions L-XL :<\/b><\/p>\n<p class=\"p1\">Largeur poitrine : 70 cm (panneaux avant et arri\u00e8re)<\/p>\n<p class=\"p1\">Longueur (\u00e9paule \u00e0 l&rsquo;ourlet) : 80 cm<\/p>\n<p class=\"p1\">Longueur de manche : 57 cm<\/p>\n<p>&nbsp;<\/p>\n<p class=\"p1\">Teinture, tissage et couture en Finlande.<\/p>\n","protected":false},"excerpt":{"rendered":"<p>Veste de Travail Raffin\u00e9e Inspir\u00e9e du v\u00eatement\u00a0de travail classique, cette veste allie praticit\u00e9 et style d\u00e9contract\u00e9. Confectionn\u00e9e dans un coton robuste pr\u00e9lav\u00e9, elle arbore le motif iconique Doris de Johanna&hellip;<\/p>\n","protected":false},"featured_media":30534,"template":"","meta":{"_acf_changed":false},"product_brand":[],"product_cat":[2097,263],"product_tag":[],"class_list":{"0":"post-30518","1":"product","2":"type-product","3":"status-publish","4":"has-post-thumbnail","6":"product_cat-veste","7":"product_cat-accessoires","8":"pa_colour-size-doris-patina-s-m","9":"pa_colour-size-doris-patina-l-xl","10":"pa_colour-size-cirrus-l-xl","11":"pa_colour-size-doris-cirrus-s-m","12":"collection-normandie-fr","14":"first","15":"instock","16":"taxable","17":"shipping-taxable","18":"purchasable","19":"product-type-variable"},"acf":[],"yoast_head":"<!-- This site is optimized with the Yoast SEO Premium plugin v27.2 (Yoast SEO v27.5) - https:\/\/yoast.com\/product\/yoast-seo-premium-wordpress\/ -->\n<title>Veste - Johanna Gullichsen<\/title>\n<meta name=\"robots\" content=\"index, follow, max-snippet:-1, max-image-preview:large, max-video-preview:-1\" \/>\n<link rel=\"canonical\" href=\"https:\/\/www.johannagullichsen.com\/fr\/produit\/veste\/\" \/>\n<meta property=\"og:locale\" content=\"fr_FR\" \/>\n<meta property=\"og:type\" content=\"article\" \/>\n<meta property=\"og:title\" content=\"Veste\" \/>\n<meta property=\"og:description\" content=\"Veste de Travail Raffin\u00e9e Inspir\u00e9e du v\u00eatement\u00a0de travail classique, cette veste allie praticit\u00e9 et style d\u00e9contract\u00e9. Confectionn\u00e9e dans un coton robuste pr\u00e9lav\u00e9, elle arbore le motif iconique Doris de Johanna&hellip;\" \/>\n<meta property=\"og:url\" content=\"https:\/\/www.johannagullichsen.com\/fr\/produit\/veste\/\" \/>\n<meta property=\"og:site_name\" content=\"Johanna Gullichsen\" \/>\n<meta property=\"article:modified_time\" content=\"2026-03-26T13:41:32+00:00\" \/>\n<meta property=\"og:image\" content=\"https:\/\/www.johannagullichsen.com\/wp-content\/uploads\/2026\/03\/PR_Johanna-Gullichsen-Patina-jacket-1600x1200-1.jpg\" \/>\n\t<meta property=\"og:image:width\" content=\"1600\" \/>\n\t<meta property=\"og:image:height\" content=\"1200\" \/>\n\t<meta property=\"og:image:type\" content=\"image\/jpeg\" \/>\n<meta name=\"twitter:card\" content=\"summary_large_image\" \/>\n<meta name=\"twitter:label1\" content=\"Dur\u00e9e de lecture estim\u00e9e\" \/>\n\t<meta name=\"twitter:data1\" content=\"1 minute\" \/>\n<script type=\"application\/ld+json\" class=\"yoast-schema-graph\">{\"@context\":\"https:\\\/\\\/schema.org\",\"@graph\":[{\"@type\":\"WebPage\",\"@id\":\"https:\\\/\\\/www.johannagullichsen.com\\\/fr\\\/produit\\\/veste\\\/\",\"url\":\"https:\\\/\\\/www.johannagullichsen.com\\\/fr\\\/produit\\\/veste\\\/\",\"name\":\"Veste - Johanna Gullichsen\",\"isPartOf\":{\"@id\":\"https:\\\/\\\/www.johannagullichsen.com\\\/fr\\\/#website\"},\"primaryImageOfPage\":{\"@id\":\"https:\\\/\\\/www.johannagullichsen.com\\\/fr\\\/produit\\\/veste\\\/#primaryimage\"},\"image\":{\"@id\":\"https:\\\/\\\/www.johannagullichsen.com\\\/fr\\\/produit\\\/veste\\\/#primaryimage\"},\"thumbnailUrl\":\"https:\\\/\\\/www.johannagullichsen.com\\\/wp-content\\\/uploads\\\/2026\\\/03\\\/PR_Johanna-Gullichsen-Patina-jacket-1600x1200-1.jpg\",\"datePublished\":\"2026-03-24T11:38:33+00:00\",\"dateModified\":\"2026-03-26T13:41:32+00:00\",\"breadcrumb\":{\"@id\":\"https:\\\/\\\/www.johannagullichsen.com\\\/fr\\\/produit\\\/veste\\\/#breadcrumb\"},\"inLanguage\":\"fr-FR\",\"potentialAction\":[{\"@type\":\"ReadAction\",\"target\":[\"https:\\\/\\\/www.johannagullichsen.com\\\/fr\\\/produit\\\/veste\\\/\"]}]},{\"@type\":\"ImageObject\",\"inLanguage\":\"fr-FR\",\"@id\":\"https:\\\/\\\/www.johannagullichsen.com\\\/fr\\\/produit\\\/veste\\\/#primaryimage\",\"url\":\"https:\\\/\\\/www.johannagullichsen.com\\\/wp-content\\\/uploads\\\/2026\\\/03\\\/PR_Johanna-Gullichsen-Patina-jacket-1600x1200-1.jpg\",\"contentUrl\":\"https:\\\/\\\/www.johannagullichsen.com\\\/wp-content\\\/uploads\\\/2026\\\/03\\\/PR_Johanna-Gullichsen-Patina-jacket-1600x1200-1.jpg\",\"width\":1600,\"height\":1200},{\"@type\":\"BreadcrumbList\",\"@id\":\"https:\\\/\\\/www.johannagullichsen.com\\\/fr\\\/produit\\\/veste\\\/#breadcrumb\",\"itemListElement\":[{\"@type\":\"ListItem\",\"position\":1,\"name\":\"Home\",\"item\":\"https:\\\/\\\/www.johannagullichsen.com\\\/fr\\\/\"},{\"@type\":\"ListItem\",\"position\":2,\"name\":\"Produits et Boutique en ligne\",\"item\":\"https:\\\/\\\/www.johannagullichsen.com\\\/fr\\\/produits\\\/\"},{\"@type\":\"ListItem\",\"position\":3,\"name\":\"Veste\"}]},{\"@type\":\"WebSite\",\"@id\":\"https:\\\/\\\/www.johannagullichsen.com\\\/fr\\\/#website\",\"url\":\"https:\\\/\\\/www.johannagullichsen.com\\\/fr\\\/\",\"name\":\"Johanna Gullichsen\",\"description\":\"\",\"potentialAction\":[{\"@type\":\"SearchAction\",\"target\":{\"@type\":\"EntryPoint\",\"urlTemplate\":\"https:\\\/\\\/www.johannagullichsen.com\\\/fr\\\/?s={search_term_string}\"},\"query-input\":{\"@type\":\"PropertyValueSpecification\",\"valueRequired\":true,\"valueName\":\"search_term_string\"}}],\"inLanguage\":\"fr-FR\"}]}<\/script>\n<!-- \/ Yoast SEO Premium plugin. -->","yoast_head_json":{"title":"Veste - Johanna Gullichsen","robots":{"index":"index","follow":"follow","max-snippet":"max-snippet:-1","max-image-preview":"max-image-preview:large","max-video-preview":"max-video-preview:-1"},"canonical":"https:\/\/www.johannagullichsen.com\/fr\/produit\/veste\/","og_locale":"fr_FR","og_type":"article","og_title":"Veste","og_description":"Veste de Travail Raffin\u00e9e Inspir\u00e9e du v\u00eatement\u00a0de travail classique, cette veste allie praticit\u00e9 et style d\u00e9contract\u00e9. Confectionn\u00e9e dans un coton robuste pr\u00e9lav\u00e9, elle arbore le motif iconique Doris de Johanna&hellip;","og_url":"https:\/\/www.johannagullichsen.com\/fr\/produit\/veste\/","og_site_name":"Johanna Gullichsen","article_modified_time":"2026-03-26T13:41:32+00:00","og_image":[{"width":1600,"height":1200,"url":"https:\/\/www.johannagullichsen.com\/wp-content\/uploads\/2026\/03\/PR_Johanna-Gullichsen-Patina-jacket-1600x1200-1.jpg","type":"image\/jpeg"}],"twitter_card":"summary_large_image","twitter_misc":{"Dur\u00e9e de lecture estim\u00e9e":"1 minute"},"schema":{"@context":"https:\/\/schema.org","@graph":[{"@type":"WebPage","@id":"https:\/\/www.johannagullichsen.com\/fr\/produit\/veste\/","url":"https:\/\/www.johannagullichsen.com\/fr\/produit\/veste\/","name":"Veste - Johanna Gullichsen","isPartOf":{"@id":"https:\/\/www.johannagullichsen.com\/fr\/#website"},"primaryImageOfPage":{"@id":"https:\/\/www.johannagullichsen.com\/fr\/produit\/veste\/#primaryimage"},"image":{"@id":"https:\/\/www.johannagullichsen.com\/fr\/produit\/veste\/#primaryimage"},"thumbnailUrl":"https:\/\/www.johannagullichsen.com\/wp-content\/uploads\/2026\/03\/PR_Johanna-Gullichsen-Patina-jacket-1600x1200-1.jpg","datePublished":"2026-03-24T11:38:33+00:00","dateModified":"2026-03-26T13:41:32+00:00","breadcrumb":{"@id":"https:\/\/www.johannagullichsen.com\/fr\/produit\/veste\/#breadcrumb"},"inLanguage":"fr-FR","potentialAction":[{"@type":"ReadAction","target":["https:\/\/www.johannagullichsen.com\/fr\/produit\/veste\/"]}]},{"@type":"ImageObject","inLanguage":"fr-FR","@id":"https:\/\/www.johannagullichsen.com\/fr\/produit\/veste\/#primaryimage","url":"https:\/\/www.johannagullichsen.com\/wp-content\/uploads\/2026\/03\/PR_Johanna-Gullichsen-Patina-jacket-1600x1200-1.jpg","contentUrl":"https:\/\/www.johannagullichsen.com\/wp-content\/uploads\/2026\/03\/PR_Johanna-Gullichsen-Patina-jacket-1600x1200-1.jpg","width":1600,"height":1200},{"@type":"BreadcrumbList","@id":"https:\/\/www.johannagullichsen.com\/fr\/produit\/veste\/#breadcrumb","itemListElement":[{"@type":"ListItem","position":1,"name":"Home","item":"https:\/\/www.johannagullichsen.com\/fr\/"},{"@type":"ListItem","position":2,"name":"Produits et Boutique en ligne","item":"https:\/\/www.johannagullichsen.com\/fr\/produits\/"},{"@type":"ListItem","position":3,"name":"Veste"}]},{"@type":"WebSite","@id":"https:\/\/www.johannagullichsen.com\/fr\/#website","url":"https:\/\/www.johannagullichsen.com\/fr\/","name":"Johanna Gullichsen","description":"","potentialAction":[{"@type":"SearchAction","target":{"@type":"EntryPoint","urlTemplate":"https:\/\/www.johannagullichsen.com\/fr\/?s={search_term_string}"},"query-input":{"@type":"PropertyValueSpecification","valueRequired":true,"valueName":"search_term_string"}}],"inLanguage":"fr-FR"}]}},"_links":{"self":[{"href":"https:\/\/www.johannagullichsen.com\/fr\/wp-json\/wp\/v2\/product\/30518","targetHints":{"allow":["GET"]}}],"collection":[{"href":"https:\/\/www.johannagullichsen.com\/fr\/wp-json\/wp\/v2\/product"}],"about":[{"href":"https:\/\/www.johannagullichsen.com\/fr\/wp-json\/wp\/v2\/types\/product"}],"wp:featuredmedia":[{"embeddable":true,"href":"https:\/\/www.johannagullichsen.com\/fr\/wp-json\/wp\/v2\/media\/30534"}],"wp:attachment":[{"href":"https:\/\/www.johannagullichsen.com\/fr\/wp-json\/wp\/v2\/media?parent=30518"}],"wp:term":[{"taxonomy":"product_brand","embeddable":true,"href":"https:\/\/www.johannagullichsen.com\/fr\/wp-json\/wp\/v2\/product_brand?post=30518"},{"taxonomy":"product_cat","embeddable":true,"href":"https:\/\/www.johannagullichsen.com\/fr\/wp-json\/wp\/v2\/product_cat?post=30518"},{"taxonomy":"product_tag","embeddable":true,"href":"https:\/\/www.johannagullichsen.com\/fr\/wp-json\/wp\/v2\/product_tag?post=30518"}],"curies":[{"name":"wp","href":"https:\/\/api.w.org\/{rel}","templated":true}]}}