{"id":5762,"date":"2020-04-15T10:30:07","date_gmt":"2020-04-15T07:30:07","guid":{"rendered":"https:\/\/www.johannagullichsen.com\/products\/non%20class\u00e9\/bed-spread-260cm-x-260cm\/"},"modified":"2026-03-16T15:40:12","modified_gmt":"2026-03-16T13:40:12","slug":"jete-de-lit-260-cm-x-260-cm","status":"publish","type":"product","link":"https:\/\/www.johannagullichsen.com\/fr\/produit\/jete-de-lit-260-cm-x-260-cm\/","title":{"rendered":"Jet\u00e9 de lit 260 x 260 cm"},"content":{"rendered":"<h4>Du style dans la chambre<\/h4>\n<p>Mettez de l&rsquo;ordre dans votre chambre en un tour de main avec un jet\u00e9 de lit 260 x 260 cm. Nos couvertures pour lits doubles sont compos\u00e9es de deux longueurs assembl\u00e9es avec une couture cach\u00e9e au milieu. Chaque couvre-lit est fait \u00e0 la commande, delais de livraison trois semaines.<\/p>\n<p>Teinture, tissage et couture en Finlande.<\/p>\n<p>Autres tailles: <a href=\"\/?product_cat=jete-de-lit-180-cm-x-260-cm\">180 cm x 260 cm<\/a><\/p>\n","protected":false},"excerpt":{"rendered":"<p>Du style dans la chambre Mettez de l&rsquo;ordre dans votre chambre en un tour de main avec un jet\u00e9 de lit 260 x 260 cm. Nos couvertures pour lits doubles&hellip;<\/p>\n","protected":false},"featured_media":3275,"template":"","meta":{"_acf_changed":false},"product_brand":[],"product_cat":[266],"product_tag":[],"class_list":{"0":"post-5762","1":"product","2":"type-product","3":"status-publish","4":"has-post-thumbnail","6":"product_cat-jete-de-lit-tete-de-lit","7":"pa_pattern-colour-eos-bordeaux-fr","8":"pa_pattern-colour-tithonus-bordeaux-fr","9":"pa_pattern-colour-helios-brique-fr","10":"pa_pattern-colour-tithonus-dark-green-fr","11":"pa_pattern-colour-doris-bordeaux-fr","12":"pa_pattern-colour-nereus-bordeaux-fr","13":"pa_pattern-colour-eos-brique-fr","14":"pa_pattern-colour-tithonus-brique-fr","15":"pa_pattern-colour-helios-morkbla","16":"pa_pattern-colour-eos-amande","17":"pa_pattern-colour-doris-brique-fr","18":"pa_pattern-colour-nereus-brique-fr","19":"pa_pattern-colour-eos-vert","20":"pa_pattern-colour-tithonus-bleu-fonce","21":"pa_pattern-colour-helios-bordeaux-fonce","22":"pa_pattern-colour-eos-ochre-fr","23":"pa_pattern-colour-doris-bleu-fonce","24":"pa_pattern-colour-nereus-bleu-fonce","25":"pa_pattern-colour-eos-gris","26":"pa_pattern-colour-tithonus-vert","27":"pa_pattern-colour-helios-vert-fonce","28":"pa_pattern-colour-tithonus-almond-fr","29":"pa_pattern-colour-doris-vert-fonce","30":"pa_pattern-colour-nereus-bordeaux-fonce","31":"pa_pattern-colour-eos-plomb","32":"pa_pattern-colour-tithonus-plomb","33":"pa_pattern-colour-helios-vert","34":"pa_pattern-colour-selene-bordeaux-fr","35":"pa_pattern-colour-doris-vert","36":"pa_pattern-colour-nereus-vert-fonce","37":"pa_pattern-colour-eos-gris-clair","38":"pa_pattern-colour-tithonus-ochre-fr","39":"pa_pattern-colour-helios-plomb","40":"pa_pattern-colour-doris-plomb","41":"pa_pattern-colour-nereus-plomb","42":"pa_pattern-colour-eos-jaune","43":"pa_pattern-colour-tithonus-jaune","44":"pa_pattern-colour-helios-ochre-fr","45":"pa_pattern-colour-doris-ochre-fr","46":"pa_pattern-colour-nereus-ochre-fr","47":"pa_pattern-colour-helios-amande","48":"pa_pattern-colour-eos-blue-fonce-fr","49":"pa_pattern-colour-helios-jaune","50":"pa_pattern-colour-doris-jaune","51":"pa_pattern-colour-nereus-jaune","52":"pa_pattern-colour-helios-noir","53":"pa_pattern-colour-eos-dark-bordeaux-fr","54":"pa_pattern-colour-doris-amande","55":"pa_pattern-colour-nereus-amande","56":"pa_pattern-colour-eos-noir","57":"pa_pattern-colour-tithonus-noir","58":"pa_pattern-colour-helios-bleu","59":"pa_pattern-colour-eos-dark-green-fr","60":"pa_pattern-colour-doris-noir-fr","61":"pa_pattern-colour-nereus-noir","62":"pa_pattern-colour-eos-bleu","63":"pa_pattern-colour-tithonus-bleu","64":"pa_pattern-colour-helios-bordeaux-fr","65":"pa_pattern-colour-nereus-green-fr","66":"pa_pattern-colour-doris-bleu","67":"pa_pattern-colour-nereus-bleu","68":"collection-normandie-fr","70":"first","71":"instock","72":"taxable","73":"shipping-taxable","74":"purchasable","75":"product-type-variable","76":"has-default-attributes"},"acf":[],"yoast_head":"<!-- This site is optimized with the Yoast SEO Premium plugin v27.2 (Yoast SEO v27.2) - https:\/\/yoast.com\/product\/yoast-seo-premium-wordpress\/ -->\n<title>Jet\u00e9 de lit 260 x 260 cm - Johanna Gullichsen<\/title>\n<meta name=\"description\" content=\"Jet\u00e9 de lit 260 x 260 cm pour un lit double. Fait \u00e0 la commande, plusieurs couleurs et motifs. Tissu coton durable.\" \/>\n<meta name=\"robots\" content=\"index, follow, max-snippet:-1, max-image-preview:large, max-video-preview:-1\" \/>\n<link rel=\"canonical\" href=\"https:\/\/www.johannagullichsen.com\/fr\/produit\/jete-de-lit-260-cm-x-260-cm\/\" \/>\n<meta property=\"og:locale\" content=\"fr_FR\" \/>\n<meta property=\"og:type\" content=\"article\" \/>\n<meta property=\"og:title\" content=\"Jet\u00e9 de lit 260 x 260 cm\" \/>\n<meta property=\"og:description\" content=\"Jet\u00e9 de lit 260 x 260 cm pour un lit double. Fait \u00e0 la commande, plusieurs couleurs et motifs. Tissu coton durable.\" \/>\n<meta property=\"og:url\" content=\"https:\/\/www.johannagullichsen.com\/fr\/produit\/jete-de-lit-260-cm-x-260-cm\/\" \/>\n<meta property=\"og:site_name\" content=\"Johanna Gullichsen\" \/>\n<meta property=\"article:modified_time\" content=\"2026-03-16T13:40:12+00:00\" \/>\n<meta property=\"og:image\" content=\"https:\/\/www.johannagullichsen.com\/wp-content\/uploads\/2020\/04\/Eos_bedcover_1600x1200.jpg\" \/>\n\t<meta property=\"og:image:width\" content=\"1600\" \/>\n\t<meta property=\"og:image:height\" content=\"1200\" \/>\n\t<meta property=\"og:image:type\" content=\"image\/jpeg\" \/>\n<meta name=\"twitter:card\" content=\"summary_large_image\" \/>\n<meta name=\"twitter:label1\" content=\"Dur\u00e9e de lecture estim\u00e9e\" \/>\n\t<meta name=\"twitter:data1\" content=\"1 minute\" \/>\n<script type=\"application\/ld+json\" class=\"yoast-schema-graph\">{\"@context\":\"https:\/\/schema.org\",\"@graph\":[{\"@type\":\"WebPage\",\"@id\":\"https:\/\/www.johannagullichsen.com\/fr\/produit\/jete-de-lit-260-cm-x-260-cm\/\",\"url\":\"https:\/\/www.johannagullichsen.com\/fr\/produit\/jete-de-lit-260-cm-x-260-cm\/\",\"name\":\"Jet\u00e9 de lit 260 x 260 cm - Johanna Gullichsen\",\"isPartOf\":{\"@id\":\"https:\/\/www.johannagullichsen.com\/fr\/#website\"},\"primaryImageOfPage\":{\"@id\":\"https:\/\/www.johannagullichsen.com\/fr\/produit\/jete-de-lit-260-cm-x-260-cm\/#primaryimage\"},\"image\":{\"@id\":\"https:\/\/www.johannagullichsen.com\/fr\/produit\/jete-de-lit-260-cm-x-260-cm\/#primaryimage\"},\"thumbnailUrl\":\"https:\/\/www.johannagullichsen.com\/wp-content\/uploads\/2020\/04\/Eos_bedcover_1600x1200.jpg\",\"datePublished\":\"2020-04-15T07:30:07+00:00\",\"dateModified\":\"2026-03-16T13:40:12+00:00\",\"description\":\"Jet\u00e9 de lit 260 x 260 cm pour un lit double. Fait \u00e0 la commande, plusieurs couleurs et motifs. Tissu coton durable.\",\"breadcrumb\":{\"@id\":\"https:\/\/www.johannagullichsen.com\/fr\/produit\/jete-de-lit-260-cm-x-260-cm\/#breadcrumb\"},\"inLanguage\":\"fr-FR\",\"potentialAction\":[{\"@type\":\"ReadAction\",\"target\":[\"https:\/\/www.johannagullichsen.com\/fr\/produit\/jete-de-lit-260-cm-x-260-cm\/\"]}]},{\"@type\":\"ImageObject\",\"inLanguage\":\"fr-FR\",\"@id\":\"https:\/\/www.johannagullichsen.com\/fr\/produit\/jete-de-lit-260-cm-x-260-cm\/#primaryimage\",\"url\":\"https:\/\/www.johannagullichsen.com\/wp-content\/uploads\/2020\/04\/Eos_bedcover_1600x1200.jpg\",\"contentUrl\":\"https:\/\/www.johannagullichsen.com\/wp-content\/uploads\/2020\/04\/Eos_bedcover_1600x1200.jpg\",\"width\":1600,\"height\":1200},{\"@type\":\"BreadcrumbList\",\"@id\":\"https:\/\/www.johannagullichsen.com\/fr\/produit\/jete-de-lit-260-cm-x-260-cm\/#breadcrumb\",\"itemListElement\":[{\"@type\":\"ListItem\",\"position\":1,\"name\":\"Home\",\"item\":\"https:\/\/www.johannagullichsen.com\/fr\/\"},{\"@type\":\"ListItem\",\"position\":2,\"name\":\"Produits et Boutique en ligne\",\"item\":\"https:\/\/www.johannagullichsen.com\/fr\/produits\/\"},{\"@type\":\"ListItem\",\"position\":3,\"name\":\"Jet\u00e9 de lit 260 x 260 cm\"}]},{\"@type\":\"WebSite\",\"@id\":\"https:\/\/www.johannagullichsen.com\/fr\/#website\",\"url\":\"https:\/\/www.johannagullichsen.com\/fr\/\",\"name\":\"Johanna Gullichsen\",\"description\":\"\",\"potentialAction\":[{\"@type\":\"SearchAction\",\"target\":{\"@type\":\"EntryPoint\",\"urlTemplate\":\"https:\/\/www.johannagullichsen.com\/fr\/?s={search_term_string}\"},\"query-input\":{\"@type\":\"PropertyValueSpecification\",\"valueRequired\":true,\"valueName\":\"search_term_string\"}}],\"inLanguage\":\"fr-FR\"}]}<\/script>\n<!-- \/ Yoast SEO Premium plugin. -->","yoast_head_json":{"title":"Jet\u00e9 de lit 260 x 260 cm - Johanna Gullichsen","description":"Jet\u00e9 de lit 260 x 260 cm pour un lit double. Fait \u00e0 la commande, plusieurs couleurs et motifs. Tissu coton durable.","robots":{"index":"index","follow":"follow","max-snippet":"max-snippet:-1","max-image-preview":"max-image-preview:large","max-video-preview":"max-video-preview:-1"},"canonical":"https:\/\/www.johannagullichsen.com\/fr\/produit\/jete-de-lit-260-cm-x-260-cm\/","og_locale":"fr_FR","og_type":"article","og_title":"Jet\u00e9 de lit 260 x 260 cm","og_description":"Jet\u00e9 de lit 260 x 260 cm pour un lit double. Fait \u00e0 la commande, plusieurs couleurs et motifs. Tissu coton durable.","og_url":"https:\/\/www.johannagullichsen.com\/fr\/produit\/jete-de-lit-260-cm-x-260-cm\/","og_site_name":"Johanna Gullichsen","article_modified_time":"2026-03-16T13:40:12+00:00","og_image":[{"width":1600,"height":1200,"url":"https:\/\/www.johannagullichsen.com\/wp-content\/uploads\/2020\/04\/Eos_bedcover_1600x1200.jpg","type":"image\/jpeg"}],"twitter_card":"summary_large_image","twitter_misc":{"Dur\u00e9e de lecture estim\u00e9e":"1 minute"},"schema":{"@context":"https:\/\/schema.org","@graph":[{"@type":"WebPage","@id":"https:\/\/www.johannagullichsen.com\/fr\/produit\/jete-de-lit-260-cm-x-260-cm\/","url":"https:\/\/www.johannagullichsen.com\/fr\/produit\/jete-de-lit-260-cm-x-260-cm\/","name":"Jet\u00e9 de lit 260 x 260 cm - Johanna Gullichsen","isPartOf":{"@id":"https:\/\/www.johannagullichsen.com\/fr\/#website"},"primaryImageOfPage":{"@id":"https:\/\/www.johannagullichsen.com\/fr\/produit\/jete-de-lit-260-cm-x-260-cm\/#primaryimage"},"image":{"@id":"https:\/\/www.johannagullichsen.com\/fr\/produit\/jete-de-lit-260-cm-x-260-cm\/#primaryimage"},"thumbnailUrl":"https:\/\/www.johannagullichsen.com\/wp-content\/uploads\/2020\/04\/Eos_bedcover_1600x1200.jpg","datePublished":"2020-04-15T07:30:07+00:00","dateModified":"2026-03-16T13:40:12+00:00","description":"Jet\u00e9 de lit 260 x 260 cm pour un lit double. Fait \u00e0 la commande, plusieurs couleurs et motifs. Tissu coton durable.","breadcrumb":{"@id":"https:\/\/www.johannagullichsen.com\/fr\/produit\/jete-de-lit-260-cm-x-260-cm\/#breadcrumb"},"inLanguage":"fr-FR","potentialAction":[{"@type":"ReadAction","target":["https:\/\/www.johannagullichsen.com\/fr\/produit\/jete-de-lit-260-cm-x-260-cm\/"]}]},{"@type":"ImageObject","inLanguage":"fr-FR","@id":"https:\/\/www.johannagullichsen.com\/fr\/produit\/jete-de-lit-260-cm-x-260-cm\/#primaryimage","url":"https:\/\/www.johannagullichsen.com\/wp-content\/uploads\/2020\/04\/Eos_bedcover_1600x1200.jpg","contentUrl":"https:\/\/www.johannagullichsen.com\/wp-content\/uploads\/2020\/04\/Eos_bedcover_1600x1200.jpg","width":1600,"height":1200},{"@type":"BreadcrumbList","@id":"https:\/\/www.johannagullichsen.com\/fr\/produit\/jete-de-lit-260-cm-x-260-cm\/#breadcrumb","itemListElement":[{"@type":"ListItem","position":1,"name":"Home","item":"https:\/\/www.johannagullichsen.com\/fr\/"},{"@type":"ListItem","position":2,"name":"Produits et Boutique en ligne","item":"https:\/\/www.johannagullichsen.com\/fr\/produits\/"},{"@type":"ListItem","position":3,"name":"Jet\u00e9 de lit 260 x 260 cm"}]},{"@type":"WebSite","@id":"https:\/\/www.johannagullichsen.com\/fr\/#website","url":"https:\/\/www.johannagullichsen.com\/fr\/","name":"Johanna Gullichsen","description":"","potentialAction":[{"@type":"SearchAction","target":{"@type":"EntryPoint","urlTemplate":"https:\/\/www.johannagullichsen.com\/fr\/?s={search_term_string}"},"query-input":{"@type":"PropertyValueSpecification","valueRequired":true,"valueName":"search_term_string"}}],"inLanguage":"fr-FR"}]}},"_links":{"self":[{"href":"https:\/\/www.johannagullichsen.com\/fr\/wp-json\/wp\/v2\/product\/5762","targetHints":{"allow":["GET"]}}],"collection":[{"href":"https:\/\/www.johannagullichsen.com\/fr\/wp-json\/wp\/v2\/product"}],"about":[{"href":"https:\/\/www.johannagullichsen.com\/fr\/wp-json\/wp\/v2\/types\/product"}],"wp:featuredmedia":[{"embeddable":true,"href":"https:\/\/www.johannagullichsen.com\/fr\/wp-json\/wp\/v2\/media\/3275"}],"wp:attachment":[{"href":"https:\/\/www.johannagullichsen.com\/fr\/wp-json\/wp\/v2\/media?parent=5762"}],"wp:term":[{"taxonomy":"product_brand","embeddable":true,"href":"https:\/\/www.johannagullichsen.com\/fr\/wp-json\/wp\/v2\/product_brand?post=5762"},{"taxonomy":"product_cat","embeddable":true,"href":"https:\/\/www.johannagullichsen.com\/fr\/wp-json\/wp\/v2\/product_cat?post=5762"},{"taxonomy":"product_tag","embeddable":true,"href":"https:\/\/www.johannagullichsen.com\/fr\/wp-json\/wp\/v2\/product_tag?post=5762"}],"curies":[{"name":"wp","href":"https:\/\/api.w.org\/{rel}","templated":true}]}}