{"id":5924,"date":"2020-04-15T11:41:36","date_gmt":"2020-04-15T08:41:36","guid":{"rendered":"https:\/\/www.johannagullichsen.com\/products\/non%20class\u00e9\/champagne-bag\/"},"modified":"2026-03-16T16:56:01","modified_gmt":"2026-03-16T14:56:01","slug":"champagne-bag","status":"publish","type":"product","link":"https:\/\/www.johannagullichsen.com\/fr\/produit\/champagne-bag\/","title":{"rendered":"Champagne bag &#8211; Sac \u00e0 bouteilles"},"content":{"rendered":"<h4>Sac \u00e0 2 bouteilles<\/h4>\n<p>Soir\u00e9e festive en vue, Champagne Bag est id\u00e9al pour emporter vos bulles partout ou pour offrir.<\/p>\n<p>Teinture, tissage et couture en Finlande.<\/p>\n","protected":false},"excerpt":{"rendered":"<p>Sac \u00e0 2 bouteilles Soir\u00e9e festive en vue, Champagne Bag est id\u00e9al pour emporter vos bulles partout ou pour offrir. Teinture, tissage et couture en Finlande.<\/p>\n","protected":false},"featured_media":25328,"template":"","meta":{"_acf_changed":false},"product_brand":[],"product_cat":[1982,263],"product_tag":[],"class_list":{"0":"post-5924","1":"product","2":"type-product","3":"status-publish","4":"has-post-thumbnail","6":"product_cat-sacs","7":"product_cat-accessoires","8":"pa_pattern-colour-helios-bordeaux-fr","9":"pa_pattern-colour-tithonus-plomb","10":"pa_pattern-colour-doris-bleu","11":"pa_pattern-colour-helios-jaune","12":"pa_pattern-colour-nereus-dark-green-negative-fr","13":"pa_pattern-colour-eos-brique-fr","14":"pa_pattern-colour-nereus-vert-fonce","15":"pa_pattern-colour-tilkku-ochre-fr","16":"pa_pattern-colour-helios-brique-fr","17":"pa_pattern-colour-tithonus-ochre-fr","18":"pa_pattern-colour-doris-bordeaux-fr","19":"pa_pattern-colour-nereus-amande","20":"pa_pattern-colour-nereus-green-fr","21":"pa_pattern-colour-eos-vert","22":"pa_pattern-colour-nereus-plomb","23":"pa_pattern-colour-tilkku-noir","24":"pa_pattern-colour-helios-brique-revers","25":"pa_pattern-colour-tithonus-jaune","26":"pa_pattern-colour-doris-brique-fr","27":"pa_pattern-colour-nereus-noir","28":"pa_pattern-colour-nereus-lead-negative-fr","29":"pa_pattern-colour-eos-gris","30":"pa_pattern-colour-nereus-ochre-fr","31":"pa_pattern-colour-doris-paille","32":"pa_pattern-colour-helios-morkbla","33":"pa_pattern-colour-helios-almond-negative-fr","34":"pa_pattern-colour-doris-bleu-fonce","35":"pa_pattern-colour-nereus-noir-negatif","36":"pa_pattern-colour-nereus-ochre-negative-fr","37":"pa_pattern-colour-eos-plomb","38":"pa_pattern-colour-nereus-jaune","39":"pa_pattern-colour-helios-bleu-fonce-negatif","40":"pa_pattern-colour-helios-blue-negativet-fr","41":"pa_pattern-colour-doris-vert-fonce","42":"pa_pattern-colour-nereus-bleu","43":"pa_pattern-colour-tithonus-dark-green-fr","44":"pa_pattern-colour-eos-gris-clair","45":"pa_pattern-colour-tithonus-noir","46":"pa_pattern-colour-helios-tilleul-revers","47":"pa_pattern-colour-helios-bordeaux-fonce","48":"pa_pattern-colour-helios-bordeaux-negative-fr","49":"pa_pattern-colour-doris-vert","50":"pa_pattern-colour-nereus-bleu-negatif","51":"pa_pattern-colour-doris-dark-bordeaux-fr","52":"pa_pattern-colour-eos-jaune","53":"pa_pattern-colour-tithonus-bleu","54":"pa_pattern-colour-helios-vert-fonce","55":"pa_pattern-colour-helios-lead-negative-fr","56":"pa_pattern-colour-doris-plomb","57":"pa_pattern-colour-nereus-bordeaux-fr","58":"pa_pattern-colour-helios-green-negative-fr","59":"pa_pattern-colour-helios-amande","60":"pa_pattern-colour-tithonus-bordeaux-fr","61":"pa_pattern-colour-helios-vert-fonce-negatif","62":"pa_pattern-colour-helios-ochre-negative-fr","63":"pa_pattern-colour-doris-ochre-fr","64":"pa_pattern-colour-nereus-brique-fr","65":"pa_pattern-colour-nereus-green-negative-fr","66":"pa_pattern-colour-helios-noir","67":"pa_pattern-colour-tithonus-brique-fr","68":"pa_pattern-colour-helios-vert","69":"pa_pattern-colour-nereus-almond-negative-fr","70":"pa_pattern-colour-doris-jaune","71":"pa_pattern-colour-nereus-bleu-fonce","72":"pa_pattern-colour-nereus-silver-fr","73":"pa_pattern-colour-helios-noir-negatif","74":"pa_pattern-colour-tithonus-bleu-fonce","75":"pa_pattern-colour-doris-amande","76":"pa_pattern-colour-helios-plomb","77":"pa_pattern-colour-nereus-bordeaux-negative-fr","78":"pa_pattern-colour-eos-noir","79":"pa_pattern-colour-nereus-bleu-fonce-negatif","80":"pa_pattern-colour-tithonus-lime-fr","81":"pa_pattern-colour-helios-bleu","82":"pa_pattern-colour-tithonus-vert","83":"pa_pattern-colour-doris-noir-fr","84":"pa_pattern-colour-helios-ochre-fr","85":"pa_pattern-colour-nereus-brique-revers-fr","86":"pa_pattern-colour-eos-bleu","87":"pa_pattern-colour-nereus-bordeaux-fonce","88":"pa_pattern-colour-tilkku-plomb","89":"collection-normandie-fr","91":"first","92":"instock","93":"taxable","94":"shipping-taxable","95":"purchasable","96":"product-type-variable"},"acf":[],"yoast_head":"<!-- This site is optimized with the Yoast SEO Premium plugin v27.2 (Yoast SEO v27.5) - https:\/\/yoast.com\/product\/yoast-seo-premium-wordpress\/ -->\n<title>Champagne bag - Sac \u00e0 bouteilles - Johanna Gullichsen<\/title>\n<meta name=\"description\" content=\"Champagne bag est un sac pour 2 bouteilles. Id\u00e9al pour emporter vos bulles partout ou pour offrir. Design Johanna Gullichsen.\" \/>\n<meta name=\"robots\" content=\"index, follow, max-snippet:-1, max-image-preview:large, max-video-preview:-1\" \/>\n<link rel=\"canonical\" href=\"https:\/\/www.johannagullichsen.com\/fr\/produit\/champagne-bag\/\" \/>\n<meta property=\"og:locale\" content=\"fr_FR\" \/>\n<meta property=\"og:type\" content=\"article\" \/>\n<meta property=\"og:title\" content=\"Champagne bag - Sac \u00e0 bouteilles\" \/>\n<meta property=\"og:description\" content=\"Champagne bag est un sac pour 2 bouteilles. Id\u00e9al pour emporter vos bulles partout ou pour offrir. Design Johanna Gullichsen.\" \/>\n<meta property=\"og:url\" content=\"https:\/\/www.johannagullichsen.com\/fr\/produit\/champagne-bag\/\" \/>\n<meta property=\"og:site_name\" content=\"Johanna Gullichsen\" \/>\n<meta property=\"article:modified_time\" content=\"2026-03-16T14:56:01+00:00\" \/>\n<meta property=\"og:image\" content=\"https:\/\/www.johannagullichsen.com\/wp-content\/uploads\/2020\/04\/Johanna-Gullichsen-Champagne-bag-Helios-green.jpg\" \/>\n\t<meta property=\"og:image:width\" content=\"1600\" \/>\n\t<meta property=\"og:image:height\" content=\"1200\" \/>\n\t<meta property=\"og:image:type\" content=\"image\/jpeg\" \/>\n<meta name=\"twitter:card\" content=\"summary_large_image\" \/>\n<meta name=\"twitter:label1\" content=\"Dur\u00e9e de lecture estim\u00e9e\" \/>\n\t<meta name=\"twitter:data1\" content=\"1 minute\" \/>\n<script type=\"application\/ld+json\" class=\"yoast-schema-graph\">{\"@context\":\"https:\\\/\\\/schema.org\",\"@graph\":[{\"@type\":\"WebPage\",\"@id\":\"https:\\\/\\\/www.johannagullichsen.com\\\/fr\\\/produit\\\/champagne-bag\\\/\",\"url\":\"https:\\\/\\\/www.johannagullichsen.com\\\/fr\\\/produit\\\/champagne-bag\\\/\",\"name\":\"Champagne bag - Sac \u00e0 bouteilles - Johanna Gullichsen\",\"isPartOf\":{\"@id\":\"https:\\\/\\\/www.johannagullichsen.com\\\/fr\\\/#website\"},\"primaryImageOfPage\":{\"@id\":\"https:\\\/\\\/www.johannagullichsen.com\\\/fr\\\/produit\\\/champagne-bag\\\/#primaryimage\"},\"image\":{\"@id\":\"https:\\\/\\\/www.johannagullichsen.com\\\/fr\\\/produit\\\/champagne-bag\\\/#primaryimage\"},\"thumbnailUrl\":\"https:\\\/\\\/www.johannagullichsen.com\\\/wp-content\\\/uploads\\\/2020\\\/04\\\/Johanna-Gullichsen-Champagne-bag-Helios-green.jpg\",\"datePublished\":\"2020-04-15T08:41:36+00:00\",\"dateModified\":\"2026-03-16T14:56:01+00:00\",\"description\":\"Champagne bag est un sac pour 2 bouteilles. Id\u00e9al pour emporter vos bulles partout ou pour offrir. Design Johanna Gullichsen.\",\"breadcrumb\":{\"@id\":\"https:\\\/\\\/www.johannagullichsen.com\\\/fr\\\/produit\\\/champagne-bag\\\/#breadcrumb\"},\"inLanguage\":\"fr-FR\",\"potentialAction\":[{\"@type\":\"ReadAction\",\"target\":[\"https:\\\/\\\/www.johannagullichsen.com\\\/fr\\\/produit\\\/champagne-bag\\\/\"]}]},{\"@type\":\"ImageObject\",\"inLanguage\":\"fr-FR\",\"@id\":\"https:\\\/\\\/www.johannagullichsen.com\\\/fr\\\/produit\\\/champagne-bag\\\/#primaryimage\",\"url\":\"https:\\\/\\\/www.johannagullichsen.com\\\/wp-content\\\/uploads\\\/2020\\\/04\\\/Johanna-Gullichsen-Champagne-bag-Helios-green.jpg\",\"contentUrl\":\"https:\\\/\\\/www.johannagullichsen.com\\\/wp-content\\\/uploads\\\/2020\\\/04\\\/Johanna-Gullichsen-Champagne-bag-Helios-green.jpg\",\"width\":1600,\"height\":1200},{\"@type\":\"BreadcrumbList\",\"@id\":\"https:\\\/\\\/www.johannagullichsen.com\\\/fr\\\/produit\\\/champagne-bag\\\/#breadcrumb\",\"itemListElement\":[{\"@type\":\"ListItem\",\"position\":1,\"name\":\"Home\",\"item\":\"https:\\\/\\\/www.johannagullichsen.com\\\/fr\\\/\"},{\"@type\":\"ListItem\",\"position\":2,\"name\":\"Produits et Boutique en ligne\",\"item\":\"https:\\\/\\\/www.johannagullichsen.com\\\/fr\\\/produits\\\/\"},{\"@type\":\"ListItem\",\"position\":3,\"name\":\"Champagne bag &#8211; Sac \u00e0 bouteilles\"}]},{\"@type\":\"WebSite\",\"@id\":\"https:\\\/\\\/www.johannagullichsen.com\\\/fr\\\/#website\",\"url\":\"https:\\\/\\\/www.johannagullichsen.com\\\/fr\\\/\",\"name\":\"Johanna Gullichsen\",\"description\":\"\",\"potentialAction\":[{\"@type\":\"SearchAction\",\"target\":{\"@type\":\"EntryPoint\",\"urlTemplate\":\"https:\\\/\\\/www.johannagullichsen.com\\\/fr\\\/?s={search_term_string}\"},\"query-input\":{\"@type\":\"PropertyValueSpecification\",\"valueRequired\":true,\"valueName\":\"search_term_string\"}}],\"inLanguage\":\"fr-FR\"}]}<\/script>\n<!-- \/ Yoast SEO Premium plugin. -->","yoast_head_json":{"title":"Champagne bag - Sac \u00e0 bouteilles - Johanna Gullichsen","description":"Champagne bag est un sac pour 2 bouteilles. Id\u00e9al pour emporter vos bulles partout ou pour offrir. Design Johanna Gullichsen.","robots":{"index":"index","follow":"follow","max-snippet":"max-snippet:-1","max-image-preview":"max-image-preview:large","max-video-preview":"max-video-preview:-1"},"canonical":"https:\/\/www.johannagullichsen.com\/fr\/produit\/champagne-bag\/","og_locale":"fr_FR","og_type":"article","og_title":"Champagne bag - Sac \u00e0 bouteilles","og_description":"Champagne bag est un sac pour 2 bouteilles. Id\u00e9al pour emporter vos bulles partout ou pour offrir. Design Johanna Gullichsen.","og_url":"https:\/\/www.johannagullichsen.com\/fr\/produit\/champagne-bag\/","og_site_name":"Johanna Gullichsen","article_modified_time":"2026-03-16T14:56:01+00:00","og_image":[{"width":1600,"height":1200,"url":"https:\/\/www.johannagullichsen.com\/wp-content\/uploads\/2020\/04\/Johanna-Gullichsen-Champagne-bag-Helios-green.jpg","type":"image\/jpeg"}],"twitter_card":"summary_large_image","twitter_misc":{"Dur\u00e9e de lecture estim\u00e9e":"1 minute"},"schema":{"@context":"https:\/\/schema.org","@graph":[{"@type":"WebPage","@id":"https:\/\/www.johannagullichsen.com\/fr\/produit\/champagne-bag\/","url":"https:\/\/www.johannagullichsen.com\/fr\/produit\/champagne-bag\/","name":"Champagne bag - Sac \u00e0 bouteilles - Johanna Gullichsen","isPartOf":{"@id":"https:\/\/www.johannagullichsen.com\/fr\/#website"},"primaryImageOfPage":{"@id":"https:\/\/www.johannagullichsen.com\/fr\/produit\/champagne-bag\/#primaryimage"},"image":{"@id":"https:\/\/www.johannagullichsen.com\/fr\/produit\/champagne-bag\/#primaryimage"},"thumbnailUrl":"https:\/\/www.johannagullichsen.com\/wp-content\/uploads\/2020\/04\/Johanna-Gullichsen-Champagne-bag-Helios-green.jpg","datePublished":"2020-04-15T08:41:36+00:00","dateModified":"2026-03-16T14:56:01+00:00","description":"Champagne bag est un sac pour 2 bouteilles. Id\u00e9al pour emporter vos bulles partout ou pour offrir. Design Johanna Gullichsen.","breadcrumb":{"@id":"https:\/\/www.johannagullichsen.com\/fr\/produit\/champagne-bag\/#breadcrumb"},"inLanguage":"fr-FR","potentialAction":[{"@type":"ReadAction","target":["https:\/\/www.johannagullichsen.com\/fr\/produit\/champagne-bag\/"]}]},{"@type":"ImageObject","inLanguage":"fr-FR","@id":"https:\/\/www.johannagullichsen.com\/fr\/produit\/champagne-bag\/#primaryimage","url":"https:\/\/www.johannagullichsen.com\/wp-content\/uploads\/2020\/04\/Johanna-Gullichsen-Champagne-bag-Helios-green.jpg","contentUrl":"https:\/\/www.johannagullichsen.com\/wp-content\/uploads\/2020\/04\/Johanna-Gullichsen-Champagne-bag-Helios-green.jpg","width":1600,"height":1200},{"@type":"BreadcrumbList","@id":"https:\/\/www.johannagullichsen.com\/fr\/produit\/champagne-bag\/#breadcrumb","itemListElement":[{"@type":"ListItem","position":1,"name":"Home","item":"https:\/\/www.johannagullichsen.com\/fr\/"},{"@type":"ListItem","position":2,"name":"Produits et Boutique en ligne","item":"https:\/\/www.johannagullichsen.com\/fr\/produits\/"},{"@type":"ListItem","position":3,"name":"Champagne bag &#8211; Sac \u00e0 bouteilles"}]},{"@type":"WebSite","@id":"https:\/\/www.johannagullichsen.com\/fr\/#website","url":"https:\/\/www.johannagullichsen.com\/fr\/","name":"Johanna Gullichsen","description":"","potentialAction":[{"@type":"SearchAction","target":{"@type":"EntryPoint","urlTemplate":"https:\/\/www.johannagullichsen.com\/fr\/?s={search_term_string}"},"query-input":{"@type":"PropertyValueSpecification","valueRequired":true,"valueName":"search_term_string"}}],"inLanguage":"fr-FR"}]}},"_links":{"self":[{"href":"https:\/\/www.johannagullichsen.com\/fr\/wp-json\/wp\/v2\/product\/5924","targetHints":{"allow":["GET"]}}],"collection":[{"href":"https:\/\/www.johannagullichsen.com\/fr\/wp-json\/wp\/v2\/product"}],"about":[{"href":"https:\/\/www.johannagullichsen.com\/fr\/wp-json\/wp\/v2\/types\/product"}],"wp:featuredmedia":[{"embeddable":true,"href":"https:\/\/www.johannagullichsen.com\/fr\/wp-json\/wp\/v2\/media\/25328"}],"wp:attachment":[{"href":"https:\/\/www.johannagullichsen.com\/fr\/wp-json\/wp\/v2\/media?parent=5924"}],"wp:term":[{"taxonomy":"product_brand","embeddable":true,"href":"https:\/\/www.johannagullichsen.com\/fr\/wp-json\/wp\/v2\/product_brand?post=5924"},{"taxonomy":"product_cat","embeddable":true,"href":"https:\/\/www.johannagullichsen.com\/fr\/wp-json\/wp\/v2\/product_cat?post=5924"},{"taxonomy":"product_tag","embeddable":true,"href":"https:\/\/www.johannagullichsen.com\/fr\/wp-json\/wp\/v2\/product_tag?post=5924"}],"curies":[{"name":"wp","href":"https:\/\/api.w.org\/{rel}","templated":true}]}}