{"id":5998,"date":"2020-04-15T13:24:14","date_gmt":"2020-04-15T10:24:14","guid":{"rendered":"https:\/\/www.johannagullichsen.com\/products\/non%20class\u00e9\/coin-purse\/"},"modified":"2025-05-06T14:10:17","modified_gmt":"2025-05-06T11:10:17","slug":"porte-monnaie","status":"publish","type":"product","link":"https:\/\/www.johannagullichsen.com\/fr\/produit\/porte-monnaie\/","title":{"rendered":"Porte-monnaie"},"content":{"rendered":"<h4>Petit porte-monnaie pour vos essentiels les plus pr\u00e9cieux.<\/h4>\n<p>Ce petit porte-monnaie pratique est parfait pour garder en s\u00e9curit\u00e9 et \u00e0 port\u00e9e de main de petits objets, comme des bijoux, des cartes de cr\u00e9dit ou d&rsquo;autres minuscules tr\u00e9sors. Chaque pi\u00e8ce est unique, car le motif se pr\u00e9sente diff\u00e9remment \u00e0 chaque fois.<\/p>\n","protected":false},"excerpt":{"rendered":"<p>Petit porte-monnaie pour vos essentiels les plus pr\u00e9cieux. Ce petit porte-monnaie pratique est parfait pour garder en s\u00e9curit\u00e9 et \u00e0 port\u00e9e de main de petits objets, comme des bijoux, des&hellip;<\/p>\n","protected":false},"featured_media":17544,"template":"","meta":{"_acf_changed":false},"product_brand":[],"product_cat":[1983,263],"product_tag":[],"class_list":{"0":"post-5998","1":"product","2":"type-product","3":"status-publish","4":"has-post-thumbnail","6":"product_cat-besaces-pochettes","7":"product_cat-accessoires","8":"pa_pattern-colour-eos-jaune","9":"pa_pattern-colour-nereus-green-fr","10":"pa_pattern-colour-helios-ochre-fr","11":"pa_pattern-colour-doris-ochre-fr","12":"pa_pattern-colour-nereus-jaune","13":"pa_pattern-colour-helios-amande","14":"pa_pattern-colour-tithonus-dark-green-fr","15":"pa_pattern-colour-helios-jaune","16":"pa_pattern-colour-doris-jaune","17":"pa_pattern-colour-tithonus-noir","18":"pa_pattern-colour-helios-noir","19":"pa_pattern-colour-eos-ochre-fr","20":"pa_pattern-colour-doris-amande","21":"pa_pattern-colour-nereus-amande","22":"pa_pattern-colour-eos-noir","23":"pa_pattern-colour-tithonus-bleu","24":"pa_pattern-colour-helios-bleu","25":"pa_pattern-colour-tithonus-lime-fr","26":"pa_pattern-colour-doris-noir-fr","27":"pa_pattern-colour-nereus-noir","28":"pa_pattern-colour-eos-bleu","29":"pa_pattern-colour-tithonus-bordeaux-fr","30":"pa_pattern-colour-helios-bordeaux-fr","31":"pa_pattern-colour-doris-lime-fr","32":"pa_pattern-colour-doris-bleu","33":"pa_pattern-colour-nereus-bleu","34":"pa_pattern-colour-eos-bordeaux-fr","35":"pa_pattern-colour-tithonus-brique-fr","36":"pa_pattern-colour-helios-brique-fr","37":"pa_pattern-colour-selene-noir","38":"pa_pattern-colour-doris-bordeaux-fr","39":"pa_pattern-colour-nereus-bordeaux-fr","40":"pa_pattern-colour-eos-brique-fr","41":"pa_pattern-colour-tithonus-vert","42":"pa_pattern-colour-helios-morkbla","43":"pa_pattern-colour-doris-brique-fr","44":"pa_pattern-colour-nereus-brique-fr","45":"pa_pattern-colour-eos-vert","46":"pa_pattern-colour-tithonus-plomb","47":"pa_pattern-colour-helios-bordeaux-fonce","48":"pa_pattern-colour-doris-bleu-fonce","49":"pa_pattern-colour-nereus-bleu-fonce","50":"pa_pattern-colour-eos-gris","51":"pa_pattern-colour-tithonus-ochre-fr","52":"pa_pattern-colour-helios-vert-fonce","53":"pa_pattern-colour-doris-vert-fonce","54":"pa_pattern-colour-nereus-vert-fonce","55":"pa_pattern-colour-eos-plomb","56":"pa_pattern-colour-tithonus-jaune","57":"pa_pattern-colour-helios-vert","58":"pa_pattern-colour-doris-vert","59":"pa_pattern-colour-nereus-plomb","60":"pa_pattern-colour-eos-gris-clair","61":"pa_pattern-colour-eos-blue-fonce-fr","62":"pa_pattern-colour-helios-plomb","63":"pa_pattern-colour-doris-plomb","64":"pa_pattern-colour-nereus-ochre-fr","65":"collection-normandie-fr","67":"first","68":"instock","69":"taxable","70":"shipping-taxable","71":"purchasable","72":"product-type-variable"},"acf":[],"yoast_head":"<!-- This site is optimized with the Yoast SEO Premium plugin v27.2 (Yoast SEO v27.2) - https:\/\/yoast.com\/product\/yoast-seo-premium-wordpress\/ -->\n<title>Porte-monnaie - Johanna Gullichsen<\/title>\n<meta name=\"description\" content=\"Petite porte-monnaie\" \/>\n<meta name=\"robots\" content=\"index, follow, max-snippet:-1, max-image-preview:large, max-video-preview:-1\" \/>\n<link rel=\"canonical\" href=\"https:\/\/www.johannagullichsen.com\/fr\/produit\/porte-monnaie\/\" \/>\n<meta property=\"og:locale\" content=\"fr_FR\" \/>\n<meta property=\"og:type\" content=\"article\" \/>\n<meta property=\"og:title\" content=\"Porte-monnaie\" \/>\n<meta property=\"og:description\" content=\"Petite porte-monnaie\" \/>\n<meta property=\"og:url\" content=\"https:\/\/www.johannagullichsen.com\/fr\/produit\/porte-monnaie\/\" \/>\n<meta property=\"og:site_name\" content=\"Johanna Gullichsen\" \/>\n<meta property=\"article:modified_time\" content=\"2025-05-06T11:10:17+00:00\" \/>\n<meta property=\"og:image\" content=\"https:\/\/www.johannagullichsen.com\/wp-content\/uploads\/2020\/04\/Johanna-Gullichsen-selection-of-coin-purses.jpg\" \/>\n\t<meta property=\"og:image:width\" content=\"1600\" \/>\n\t<meta property=\"og:image:height\" content=\"1200\" \/>\n\t<meta property=\"og:image:type\" content=\"image\/jpeg\" \/>\n<meta name=\"twitter:card\" content=\"summary_large_image\" \/>\n<meta name=\"twitter:label1\" content=\"Dur\u00e9e de lecture estim\u00e9e\" \/>\n\t<meta name=\"twitter:data1\" content=\"1 minute\" \/>\n<script type=\"application\/ld+json\" class=\"yoast-schema-graph\">{\"@context\":\"https:\/\/schema.org\",\"@graph\":[{\"@type\":\"WebPage\",\"@id\":\"https:\/\/www.johannagullichsen.com\/fr\/produit\/porte-monnaie\/\",\"url\":\"https:\/\/www.johannagullichsen.com\/fr\/produit\/porte-monnaie\/\",\"name\":\"Porte-monnaie - Johanna Gullichsen\",\"isPartOf\":{\"@id\":\"https:\/\/www.johannagullichsen.com\/fr\/#website\"},\"primaryImageOfPage\":{\"@id\":\"https:\/\/www.johannagullichsen.com\/fr\/produit\/porte-monnaie\/#primaryimage\"},\"image\":{\"@id\":\"https:\/\/www.johannagullichsen.com\/fr\/produit\/porte-monnaie\/#primaryimage\"},\"thumbnailUrl\":\"https:\/\/www.johannagullichsen.com\/wp-content\/uploads\/2020\/04\/Johanna-Gullichsen-selection-of-coin-purses.jpg\",\"datePublished\":\"2020-04-15T10:24:14+00:00\",\"dateModified\":\"2025-05-06T11:10:17+00:00\",\"description\":\"Petite porte-monnaie\",\"breadcrumb\":{\"@id\":\"https:\/\/www.johannagullichsen.com\/fr\/produit\/porte-monnaie\/#breadcrumb\"},\"inLanguage\":\"fr-FR\",\"potentialAction\":[{\"@type\":\"ReadAction\",\"target\":[\"https:\/\/www.johannagullichsen.com\/fr\/produit\/porte-monnaie\/\"]}]},{\"@type\":\"ImageObject\",\"inLanguage\":\"fr-FR\",\"@id\":\"https:\/\/www.johannagullichsen.com\/fr\/produit\/porte-monnaie\/#primaryimage\",\"url\":\"https:\/\/www.johannagullichsen.com\/wp-content\/uploads\/2020\/04\/Johanna-Gullichsen-selection-of-coin-purses.jpg\",\"contentUrl\":\"https:\/\/www.johannagullichsen.com\/wp-content\/uploads\/2020\/04\/Johanna-Gullichsen-selection-of-coin-purses.jpg\",\"width\":1600,\"height\":1200},{\"@type\":\"BreadcrumbList\",\"@id\":\"https:\/\/www.johannagullichsen.com\/fr\/produit\/porte-monnaie\/#breadcrumb\",\"itemListElement\":[{\"@type\":\"ListItem\",\"position\":1,\"name\":\"Home\",\"item\":\"https:\/\/www.johannagullichsen.com\/fr\/\"},{\"@type\":\"ListItem\",\"position\":2,\"name\":\"Produits et Boutique en ligne\",\"item\":\"https:\/\/www.johannagullichsen.com\/fr\/produits\/\"},{\"@type\":\"ListItem\",\"position\":3,\"name\":\"Porte-monnaie\"}]},{\"@type\":\"WebSite\",\"@id\":\"https:\/\/www.johannagullichsen.com\/fr\/#website\",\"url\":\"https:\/\/www.johannagullichsen.com\/fr\/\",\"name\":\"Johanna Gullichsen\",\"description\":\"\",\"potentialAction\":[{\"@type\":\"SearchAction\",\"target\":{\"@type\":\"EntryPoint\",\"urlTemplate\":\"https:\/\/www.johannagullichsen.com\/fr\/?s={search_term_string}\"},\"query-input\":{\"@type\":\"PropertyValueSpecification\",\"valueRequired\":true,\"valueName\":\"search_term_string\"}}],\"inLanguage\":\"fr-FR\"}]}<\/script>\n<!-- \/ Yoast SEO Premium plugin. -->","yoast_head_json":{"title":"Porte-monnaie - Johanna Gullichsen","description":"Petite porte-monnaie","robots":{"index":"index","follow":"follow","max-snippet":"max-snippet:-1","max-image-preview":"max-image-preview:large","max-video-preview":"max-video-preview:-1"},"canonical":"https:\/\/www.johannagullichsen.com\/fr\/produit\/porte-monnaie\/","og_locale":"fr_FR","og_type":"article","og_title":"Porte-monnaie","og_description":"Petite porte-monnaie","og_url":"https:\/\/www.johannagullichsen.com\/fr\/produit\/porte-monnaie\/","og_site_name":"Johanna Gullichsen","article_modified_time":"2025-05-06T11:10:17+00:00","og_image":[{"width":1600,"height":1200,"url":"https:\/\/www.johannagullichsen.com\/wp-content\/uploads\/2020\/04\/Johanna-Gullichsen-selection-of-coin-purses.jpg","type":"image\/jpeg"}],"twitter_card":"summary_large_image","twitter_misc":{"Dur\u00e9e de lecture estim\u00e9e":"1 minute"},"schema":{"@context":"https:\/\/schema.org","@graph":[{"@type":"WebPage","@id":"https:\/\/www.johannagullichsen.com\/fr\/produit\/porte-monnaie\/","url":"https:\/\/www.johannagullichsen.com\/fr\/produit\/porte-monnaie\/","name":"Porte-monnaie - Johanna Gullichsen","isPartOf":{"@id":"https:\/\/www.johannagullichsen.com\/fr\/#website"},"primaryImageOfPage":{"@id":"https:\/\/www.johannagullichsen.com\/fr\/produit\/porte-monnaie\/#primaryimage"},"image":{"@id":"https:\/\/www.johannagullichsen.com\/fr\/produit\/porte-monnaie\/#primaryimage"},"thumbnailUrl":"https:\/\/www.johannagullichsen.com\/wp-content\/uploads\/2020\/04\/Johanna-Gullichsen-selection-of-coin-purses.jpg","datePublished":"2020-04-15T10:24:14+00:00","dateModified":"2025-05-06T11:10:17+00:00","description":"Petite porte-monnaie","breadcrumb":{"@id":"https:\/\/www.johannagullichsen.com\/fr\/produit\/porte-monnaie\/#breadcrumb"},"inLanguage":"fr-FR","potentialAction":[{"@type":"ReadAction","target":["https:\/\/www.johannagullichsen.com\/fr\/produit\/porte-monnaie\/"]}]},{"@type":"ImageObject","inLanguage":"fr-FR","@id":"https:\/\/www.johannagullichsen.com\/fr\/produit\/porte-monnaie\/#primaryimage","url":"https:\/\/www.johannagullichsen.com\/wp-content\/uploads\/2020\/04\/Johanna-Gullichsen-selection-of-coin-purses.jpg","contentUrl":"https:\/\/www.johannagullichsen.com\/wp-content\/uploads\/2020\/04\/Johanna-Gullichsen-selection-of-coin-purses.jpg","width":1600,"height":1200},{"@type":"BreadcrumbList","@id":"https:\/\/www.johannagullichsen.com\/fr\/produit\/porte-monnaie\/#breadcrumb","itemListElement":[{"@type":"ListItem","position":1,"name":"Home","item":"https:\/\/www.johannagullichsen.com\/fr\/"},{"@type":"ListItem","position":2,"name":"Produits et Boutique en ligne","item":"https:\/\/www.johannagullichsen.com\/fr\/produits\/"},{"@type":"ListItem","position":3,"name":"Porte-monnaie"}]},{"@type":"WebSite","@id":"https:\/\/www.johannagullichsen.com\/fr\/#website","url":"https:\/\/www.johannagullichsen.com\/fr\/","name":"Johanna Gullichsen","description":"","potentialAction":[{"@type":"SearchAction","target":{"@type":"EntryPoint","urlTemplate":"https:\/\/www.johannagullichsen.com\/fr\/?s={search_term_string}"},"query-input":{"@type":"PropertyValueSpecification","valueRequired":true,"valueName":"search_term_string"}}],"inLanguage":"fr-FR"}]}},"_links":{"self":[{"href":"https:\/\/www.johannagullichsen.com\/fr\/wp-json\/wp\/v2\/product\/5998","targetHints":{"allow":["GET"]}}],"collection":[{"href":"https:\/\/www.johannagullichsen.com\/fr\/wp-json\/wp\/v2\/product"}],"about":[{"href":"https:\/\/www.johannagullichsen.com\/fr\/wp-json\/wp\/v2\/types\/product"}],"wp:featuredmedia":[{"embeddable":true,"href":"https:\/\/www.johannagullichsen.com\/fr\/wp-json\/wp\/v2\/media\/17544"}],"wp:attachment":[{"href":"https:\/\/www.johannagullichsen.com\/fr\/wp-json\/wp\/v2\/media?parent=5998"}],"wp:term":[{"taxonomy":"product_brand","embeddable":true,"href":"https:\/\/www.johannagullichsen.com\/fr\/wp-json\/wp\/v2\/product_brand?post=5998"},{"taxonomy":"product_cat","embeddable":true,"href":"https:\/\/www.johannagullichsen.com\/fr\/wp-json\/wp\/v2\/product_cat?post=5998"},{"taxonomy":"product_tag","embeddable":true,"href":"https:\/\/www.johannagullichsen.com\/fr\/wp-json\/wp\/v2\/product_tag?post=5998"}],"curies":[{"name":"wp","href":"https:\/\/api.w.org\/{rel}","templated":true}]}}