{"id":6679,"date":"2020-04-27T13:09:48","date_gmt":"2020-04-27T10:09:48","guid":{"rendered":"https:\/\/www.johannagullichsen.com\/products\/non%20class\u00e9\/macbook-15-sleeve\/"},"modified":"2021-05-11T08:19:19","modified_gmt":"2021-05-11T05:19:19","slug":"pochette-pour-ordinateur-15","status":"publish","type":"product","link":"https:\/\/www.johannagullichsen.com\/fr\/produit\/pochette-pour-ordinateur-15\/","title":{"rendered":"Pochette ordinateur portable 15&Prime;"},"content":{"rendered":"<h4>Prot\u00e9gez votre ordinateur !<\/h4>\n<p>Une pochette pour ordinateur portable 15&Prime;. La housse doubl\u00e9e et mollement rembourr\u00e9e prot\u00e9gera parfaitement votre ordinateur portable ou votre PC contre les coups et les rayures.<\/p>\n<p>D&rsquo;autres tailles : pochette <a href=\"https:\/\/www.johannagullichsen.com\/fr\/produits\/accessoires\/etui-pour-ordinateur-13\/\">13&Prime;<\/a><\/p>\n<p>&nbsp;<\/p>\n<p>&nbsp;<\/p>\n","protected":false},"excerpt":{"rendered":"<p>Prot\u00e9gez votre ordinateur ! Une pochette pour ordinateur portable 15&Prime;. La housse doubl\u00e9e et mollement rembourr\u00e9e prot\u00e9gera parfaitement votre ordinateur portable ou votre PC contre les coups et les rayures.&hellip;<\/p>\n","protected":false},"featured_media":28457,"template":"","meta":{"_acf_changed":false},"product_brand":[],"product_cat":[1983,263,1985],"product_tag":[],"class_list":{"0":"post-6679","1":"product","2":"type-product","3":"status-publish","4":"has-post-thumbnail","6":"product_cat-besaces-pochettes","7":"product_cat-accessoires","8":"product_cat-etuies-ordinateurs-pc","9":"pa_pattern-colour-doris-vert","10":"pa_pattern-colour-nereus-bordeaux-fonce","11":"pa_pattern-colour-tithonus-ochre-fr","12":"pa_pattern-colour-eos-noir","13":"pa_pattern-colour-nereus-vert-fonce","14":"pa_pattern-colour-tithonus-jaune","15":"pa_pattern-colour-eos-gris-clair","16":"pa_pattern-colour-nereus-ochre-fr","17":"pa_pattern-colour-nereus-green-fr","18":"pa_pattern-colour-helios-amande","19":"pa_pattern-colour-nereus-jaune","20":"pa_pattern-colour-tithonus-dark-green-fr","21":"pa_pattern-colour-helios-noir","22":"pa_pattern-colour-tithonus-noir","23":"pa_pattern-colour-helios-brique-fr","24":"pa_pattern-colour-tithonus-bleu","25":"pa_pattern-colour-helios-morkbla","26":"pa_pattern-colour-tithonus-bordeaux-fr","27":"pa_pattern-colour-helios-plomb","28":"pa_pattern-colour-tithonus-brique-fr","29":"pa_pattern-colour-nereus-noir","30":"pa_pattern-colour-tithonus-bleu-fonce","31":"pa_pattern-colour-nereus-bleu","32":"pa_pattern-colour-tithonus-vert","33":"pa_pattern-colour-doris-noir-fr","34":"pa_pattern-colour-nereus-bleu-fonce","35":"pa_pattern-colour-tithonus-plomb","36":"collection-normandie-fr","38":"first","39":"instock","40":"taxable","41":"shipping-taxable","42":"purchasable","43":"product-type-variable"},"acf":[],"yoast_head":"<!-- This site is optimized with the Yoast SEO Premium plugin v27.2 (Yoast SEO v27.2) - https:\/\/yoast.com\/product\/yoast-seo-premium-wordpress\/ -->\n<title>Pochette ordinateur portable 15&quot; - Johanna Gullichsen<\/title>\n<meta name=\"description\" content=\"Une pochette pour ordinateur portable 15&quot;. Matelass\u00e9e et \u00e0 fermeture \u00e9clair la housse doubl\u00e9e prot\u00e9gera votre ordinateur portable ou votre PC.\" \/>\n<meta name=\"robots\" content=\"index, follow, max-snippet:-1, max-image-preview:large, max-video-preview:-1\" \/>\n<link rel=\"canonical\" href=\"https:\/\/www.johannagullichsen.com\/fr\/produit\/pochette-pour-ordinateur-15\/\" \/>\n<meta property=\"og:locale\" content=\"fr_FR\" \/>\n<meta property=\"og:type\" content=\"article\" \/>\n<meta property=\"og:title\" content=\"Pochette ordinateur portable 15&quot;\" \/>\n<meta property=\"og:description\" content=\"Une pochette pour ordinateur portable 15&quot;. Matelass\u00e9e et \u00e0 fermeture \u00e9clair la housse doubl\u00e9e prot\u00e9gera votre ordinateur portable ou votre PC.\" \/>\n<meta property=\"og:url\" content=\"https:\/\/www.johannagullichsen.com\/fr\/produit\/pochette-pour-ordinateur-15\/\" \/>\n<meta property=\"og:site_name\" content=\"Johanna Gullichsen\" \/>\n<meta property=\"article:modified_time\" content=\"2021-05-11T05:19:19+00:00\" \/>\n<meta property=\"og:image\" content=\"https:\/\/www.johannagullichsen.com\/wp-content\/uploads\/2020\/04\/Johanna-Gullichsen-Imac15-sleeve-Tithonus-black-1.jpg\" \/>\n\t<meta property=\"og:image:width\" content=\"1600\" \/>\n\t<meta property=\"og:image:height\" content=\"1200\" \/>\n\t<meta property=\"og:image:type\" content=\"image\/jpeg\" \/>\n<meta name=\"twitter:card\" content=\"summary_large_image\" \/>\n<meta name=\"twitter:label1\" content=\"Dur\u00e9e de lecture estim\u00e9e\" \/>\n\t<meta name=\"twitter:data1\" content=\"1 minute\" \/>\n<script type=\"application\/ld+json\" class=\"yoast-schema-graph\">{\"@context\":\"https:\/\/schema.org\",\"@graph\":[{\"@type\":\"WebPage\",\"@id\":\"https:\/\/www.johannagullichsen.com\/fr\/produit\/pochette-pour-ordinateur-15\/\",\"url\":\"https:\/\/www.johannagullichsen.com\/fr\/produit\/pochette-pour-ordinateur-15\/\",\"name\":\"Pochette ordinateur portable 15\\\" - Johanna Gullichsen\",\"isPartOf\":{\"@id\":\"https:\/\/www.johannagullichsen.com\/fr\/#website\"},\"primaryImageOfPage\":{\"@id\":\"https:\/\/www.johannagullichsen.com\/fr\/produit\/pochette-pour-ordinateur-15\/#primaryimage\"},\"image\":{\"@id\":\"https:\/\/www.johannagullichsen.com\/fr\/produit\/pochette-pour-ordinateur-15\/#primaryimage\"},\"thumbnailUrl\":\"https:\/\/www.johannagullichsen.com\/wp-content\/uploads\/2020\/04\/Johanna-Gullichsen-laptop-sleeve-Doris-green-2.jpg\",\"datePublished\":\"2020-04-27T10:09:48+00:00\",\"dateModified\":\"2021-05-11T05:19:19+00:00\",\"description\":\"Une pochette pour ordinateur portable 15\\\". Matelass\u00e9e et \u00e0 fermeture \u00e9clair la housse doubl\u00e9e prot\u00e9gera votre ordinateur portable ou votre PC.\",\"breadcrumb\":{\"@id\":\"https:\/\/www.johannagullichsen.com\/fr\/produit\/pochette-pour-ordinateur-15\/#breadcrumb\"},\"inLanguage\":\"fr-FR\",\"potentialAction\":[{\"@type\":\"ReadAction\",\"target\":[\"https:\/\/www.johannagullichsen.com\/fr\/produit\/pochette-pour-ordinateur-15\/\"]}]},{\"@type\":\"ImageObject\",\"inLanguage\":\"fr-FR\",\"@id\":\"https:\/\/www.johannagullichsen.com\/fr\/produit\/pochette-pour-ordinateur-15\/#primaryimage\",\"url\":\"https:\/\/www.johannagullichsen.com\/wp-content\/uploads\/2020\/04\/Johanna-Gullichsen-laptop-sleeve-Doris-green-2.jpg\",\"contentUrl\":\"https:\/\/www.johannagullichsen.com\/wp-content\/uploads\/2020\/04\/Johanna-Gullichsen-laptop-sleeve-Doris-green-2.jpg\",\"width\":1600,\"height\":1200},{\"@type\":\"BreadcrumbList\",\"@id\":\"https:\/\/www.johannagullichsen.com\/fr\/produit\/pochette-pour-ordinateur-15\/#breadcrumb\",\"itemListElement\":[{\"@type\":\"ListItem\",\"position\":1,\"name\":\"Home\",\"item\":\"https:\/\/www.johannagullichsen.com\/fr\/\"},{\"@type\":\"ListItem\",\"position\":2,\"name\":\"Produits et Boutique en ligne\",\"item\":\"https:\/\/www.johannagullichsen.com\/fr\/produits\/\"},{\"@type\":\"ListItem\",\"position\":3,\"name\":\"Pochette ordinateur portable 15&#8243;\"}]},{\"@type\":\"WebSite\",\"@id\":\"https:\/\/www.johannagullichsen.com\/fr\/#website\",\"url\":\"https:\/\/www.johannagullichsen.com\/fr\/\",\"name\":\"Johanna Gullichsen\",\"description\":\"\",\"potentialAction\":[{\"@type\":\"SearchAction\",\"target\":{\"@type\":\"EntryPoint\",\"urlTemplate\":\"https:\/\/www.johannagullichsen.com\/fr\/?s={search_term_string}\"},\"query-input\":{\"@type\":\"PropertyValueSpecification\",\"valueRequired\":true,\"valueName\":\"search_term_string\"}}],\"inLanguage\":\"fr-FR\"}]}<\/script>\n<!-- \/ Yoast SEO Premium plugin. -->","yoast_head_json":{"title":"Pochette ordinateur portable 15\" - Johanna Gullichsen","description":"Une pochette pour ordinateur portable 15\". Matelass\u00e9e et \u00e0 fermeture \u00e9clair la housse doubl\u00e9e prot\u00e9gera votre ordinateur portable ou votre PC.","robots":{"index":"index","follow":"follow","max-snippet":"max-snippet:-1","max-image-preview":"max-image-preview:large","max-video-preview":"max-video-preview:-1"},"canonical":"https:\/\/www.johannagullichsen.com\/fr\/produit\/pochette-pour-ordinateur-15\/","og_locale":"fr_FR","og_type":"article","og_title":"Pochette ordinateur portable 15\"","og_description":"Une pochette pour ordinateur portable 15\". Matelass\u00e9e et \u00e0 fermeture \u00e9clair la housse doubl\u00e9e prot\u00e9gera votre ordinateur portable ou votre PC.","og_url":"https:\/\/www.johannagullichsen.com\/fr\/produit\/pochette-pour-ordinateur-15\/","og_site_name":"Johanna Gullichsen","article_modified_time":"2021-05-11T05:19:19+00:00","og_image":[{"width":1600,"height":1200,"url":"https:\/\/www.johannagullichsen.com\/wp-content\/uploads\/2020\/04\/Johanna-Gullichsen-Imac15-sleeve-Tithonus-black-1.jpg","type":"image\/jpeg"}],"twitter_card":"summary_large_image","twitter_misc":{"Dur\u00e9e de lecture estim\u00e9e":"1 minute"},"schema":{"@context":"https:\/\/schema.org","@graph":[{"@type":"WebPage","@id":"https:\/\/www.johannagullichsen.com\/fr\/produit\/pochette-pour-ordinateur-15\/","url":"https:\/\/www.johannagullichsen.com\/fr\/produit\/pochette-pour-ordinateur-15\/","name":"Pochette ordinateur portable 15\" - Johanna Gullichsen","isPartOf":{"@id":"https:\/\/www.johannagullichsen.com\/fr\/#website"},"primaryImageOfPage":{"@id":"https:\/\/www.johannagullichsen.com\/fr\/produit\/pochette-pour-ordinateur-15\/#primaryimage"},"image":{"@id":"https:\/\/www.johannagullichsen.com\/fr\/produit\/pochette-pour-ordinateur-15\/#primaryimage"},"thumbnailUrl":"https:\/\/www.johannagullichsen.com\/wp-content\/uploads\/2020\/04\/Johanna-Gullichsen-laptop-sleeve-Doris-green-2.jpg","datePublished":"2020-04-27T10:09:48+00:00","dateModified":"2021-05-11T05:19:19+00:00","description":"Une pochette pour ordinateur portable 15\". Matelass\u00e9e et \u00e0 fermeture \u00e9clair la housse doubl\u00e9e prot\u00e9gera votre ordinateur portable ou votre PC.","breadcrumb":{"@id":"https:\/\/www.johannagullichsen.com\/fr\/produit\/pochette-pour-ordinateur-15\/#breadcrumb"},"inLanguage":"fr-FR","potentialAction":[{"@type":"ReadAction","target":["https:\/\/www.johannagullichsen.com\/fr\/produit\/pochette-pour-ordinateur-15\/"]}]},{"@type":"ImageObject","inLanguage":"fr-FR","@id":"https:\/\/www.johannagullichsen.com\/fr\/produit\/pochette-pour-ordinateur-15\/#primaryimage","url":"https:\/\/www.johannagullichsen.com\/wp-content\/uploads\/2020\/04\/Johanna-Gullichsen-laptop-sleeve-Doris-green-2.jpg","contentUrl":"https:\/\/www.johannagullichsen.com\/wp-content\/uploads\/2020\/04\/Johanna-Gullichsen-laptop-sleeve-Doris-green-2.jpg","width":1600,"height":1200},{"@type":"BreadcrumbList","@id":"https:\/\/www.johannagullichsen.com\/fr\/produit\/pochette-pour-ordinateur-15\/#breadcrumb","itemListElement":[{"@type":"ListItem","position":1,"name":"Home","item":"https:\/\/www.johannagullichsen.com\/fr\/"},{"@type":"ListItem","position":2,"name":"Produits et Boutique en ligne","item":"https:\/\/www.johannagullichsen.com\/fr\/produits\/"},{"@type":"ListItem","position":3,"name":"Pochette ordinateur portable 15&#8243;"}]},{"@type":"WebSite","@id":"https:\/\/www.johannagullichsen.com\/fr\/#website","url":"https:\/\/www.johannagullichsen.com\/fr\/","name":"Johanna Gullichsen","description":"","potentialAction":[{"@type":"SearchAction","target":{"@type":"EntryPoint","urlTemplate":"https:\/\/www.johannagullichsen.com\/fr\/?s={search_term_string}"},"query-input":{"@type":"PropertyValueSpecification","valueRequired":true,"valueName":"search_term_string"}}],"inLanguage":"fr-FR"}]}},"_links":{"self":[{"href":"https:\/\/www.johannagullichsen.com\/fr\/wp-json\/wp\/v2\/product\/6679","targetHints":{"allow":["GET"]}}],"collection":[{"href":"https:\/\/www.johannagullichsen.com\/fr\/wp-json\/wp\/v2\/product"}],"about":[{"href":"https:\/\/www.johannagullichsen.com\/fr\/wp-json\/wp\/v2\/types\/product"}],"wp:featuredmedia":[{"embeddable":true,"href":"https:\/\/www.johannagullichsen.com\/fr\/wp-json\/wp\/v2\/media\/28457"}],"wp:attachment":[{"href":"https:\/\/www.johannagullichsen.com\/fr\/wp-json\/wp\/v2\/media?parent=6679"}],"wp:term":[{"taxonomy":"product_brand","embeddable":true,"href":"https:\/\/www.johannagullichsen.com\/fr\/wp-json\/wp\/v2\/product_brand?post=6679"},{"taxonomy":"product_cat","embeddable":true,"href":"https:\/\/www.johannagullichsen.com\/fr\/wp-json\/wp\/v2\/product_cat?post=6679"},{"taxonomy":"product_tag","embeddable":true,"href":"https:\/\/www.johannagullichsen.com\/fr\/wp-json\/wp\/v2\/product_tag?post=6679"}],"curies":[{"name":"wp","href":"https:\/\/api.w.org\/{rel}","templated":true}]}}