{"id":6686,"date":"2020-04-27T13:02:15","date_gmt":"2020-04-27T10:02:15","guid":{"rendered":"https:\/\/www.johannagullichsen.com\/products\/non%20class\u00e9\/macbook-13-air-sleeve\/"},"modified":"2021-02-03T16:20:43","modified_gmt":"2021-02-03T14:20:43","slug":"etui-pour-ordinateur-13","status":"publish","type":"product","link":"https:\/\/www.johannagullichsen.com\/fr\/produit\/etui-pour-ordinateur-13\/","title":{"rendered":"Etui pour ordinateur portable 13&Prime;"},"content":{"rendered":"<h4>Prot\u00e9gez votre ordinateur !<\/h4>\n<p>La housse doubl\u00e9e, matelass\u00e9e \u00e0 fermeture \u00e9clair prot\u00e8gera parfaitement\u00a0 votre ordinateur portable ou votre PC.<\/p>\n","protected":false},"excerpt":{"rendered":"<p>Prot\u00e9gez votre ordinateur ! La housse doubl\u00e9e, matelass\u00e9e \u00e0 fermeture \u00e9clair prot\u00e8gera parfaitement\u00a0 votre ordinateur portable ou votre PC.<\/p>\n","protected":false},"featured_media":10497,"template":"","meta":{"_acf_changed":false},"product_brand":[],"product_cat":[1983,263,1985],"product_tag":[],"class_list":{"0":"post-6686","1":"product","2":"type-product","3":"status-publish","4":"has-post-thumbnail","6":"product_cat-besaces-pochettes","7":"product_cat-accessoires","8":"product_cat-etuies-ordinateurs-pc","9":"pa_pattern-colour-eos-jaune","10":"pa_pattern-colour-doris-plomb","11":"pa_pattern-colour-helios-amande","12":"pa_pattern-colour-doris-ochre-fr","13":"pa_pattern-colour-helios-noir","14":"pa_pattern-colour-doris-jaune","15":"pa_pattern-colour-helios-brique-fr","16":"pa_pattern-colour-eos-noir","17":"pa_pattern-colour-helios-morkbla","18":"pa_pattern-colour-doris-amande","19":"pa_pattern-colour-eos-bleu","20":"pa_pattern-colour-helios-plomb","21":"pa_pattern-colour-doris-noir-fr","22":"pa_pattern-colour-eos-bordeaux-fr","23":"pa_pattern-colour-helios-ochre-fr","24":"pa_pattern-colour-doris-bleu","25":"pa_pattern-colour-eos-vert","26":"pa_pattern-colour-tithonus-noir","27":"pa_pattern-colour-doris-bordeaux-fr","28":"pa_pattern-colour-eos-gris","29":"pa_pattern-colour-tithonus-plomb","30":"pa_pattern-colour-doris-bleu-fonce","31":"pa_pattern-colour-eos-plomb","32":"pa_pattern-colour-eos-blue-fonce-fr","33":"pa_pattern-colour-doris-vert-fonce","34":"pa_pattern-colour-eos-gris-clair","35":"pa_pattern-colour-doris-vert","36":"collection-normandie-fr","38":"first","39":"instock","40":"taxable","41":"shipping-taxable","42":"purchasable","43":"product-type-variable","44":"has-default-attributes"},"acf":[],"yoast_head":"<!-- This site is optimized with the Yoast SEO Premium plugin v27.2 (Yoast SEO v27.5) - https:\/\/yoast.com\/product\/yoast-seo-premium-wordpress\/ -->\n<title>Etui pour ordinateur portable 13&quot; - Johanna Gullichsen<\/title>\n<meta name=\"description\" content=\"Etui pour ordinateur portable. Prot\u00e9gez votre ordinateur portable avec une housse matelass\u00e9e \u00e0 fermeture \u00e9clair. La housse doubl\u00e9e et mollement rembourr\u00e9e prot\u00e9gera votre macbook 13&quot; ou votre PC.\" \/>\n<meta name=\"robots\" content=\"index, follow, max-snippet:-1, max-image-preview:large, max-video-preview:-1\" \/>\n<link rel=\"canonical\" href=\"https:\/\/www.johannagullichsen.com\/fr\/produit\/etui-pour-ordinateur-13\/\" \/>\n<meta property=\"og:locale\" content=\"fr_FR\" \/>\n<meta property=\"og:type\" content=\"article\" \/>\n<meta property=\"og:title\" content=\"Etui pour ordinateur portable 13&quot;\" \/>\n<meta property=\"og:description\" content=\"Etui pour ordinateur portable. Prot\u00e9gez votre ordinateur portable avec une housse matelass\u00e9e \u00e0 fermeture \u00e9clair. La housse doubl\u00e9e et mollement rembourr\u00e9e prot\u00e9gera votre macbook 13&quot; ou votre PC.\" \/>\n<meta property=\"og:url\" content=\"https:\/\/www.johannagullichsen.com\/fr\/produit\/etui-pour-ordinateur-13\/\" \/>\n<meta property=\"og:site_name\" content=\"Johanna Gullichsen\" \/>\n<meta property=\"article:modified_time\" content=\"2021-02-03T14:20:43+00:00\" \/>\n<meta property=\"og:image\" content=\"https:\/\/www.johannagullichsen.com\/wp-content\/uploads\/2020\/04\/Johanna-Gullichsen-Imac13-Sleeve-Helios-ochre-1.jpg\" \/>\n\t<meta property=\"og:image:width\" content=\"1600\" \/>\n\t<meta property=\"og:image:height\" content=\"1200\" \/>\n\t<meta property=\"og:image:type\" content=\"image\/jpeg\" \/>\n<meta name=\"twitter:card\" content=\"summary_large_image\" \/>\n<meta name=\"twitter:label1\" content=\"Dur\u00e9e de lecture estim\u00e9e\" \/>\n\t<meta name=\"twitter:data1\" content=\"1 minute\" \/>\n<script type=\"application\/ld+json\" class=\"yoast-schema-graph\">{\"@context\":\"https:\\\/\\\/schema.org\",\"@graph\":[{\"@type\":\"WebPage\",\"@id\":\"https:\\\/\\\/www.johannagullichsen.com\\\/fr\\\/produit\\\/etui-pour-ordinateur-13\\\/\",\"url\":\"https:\\\/\\\/www.johannagullichsen.com\\\/fr\\\/produit\\\/etui-pour-ordinateur-13\\\/\",\"name\":\"Etui pour ordinateur portable 13\\\" - Johanna Gullichsen\",\"isPartOf\":{\"@id\":\"https:\\\/\\\/www.johannagullichsen.com\\\/fr\\\/#website\"},\"primaryImageOfPage\":{\"@id\":\"https:\\\/\\\/www.johannagullichsen.com\\\/fr\\\/produit\\\/etui-pour-ordinateur-13\\\/#primaryimage\"},\"image\":{\"@id\":\"https:\\\/\\\/www.johannagullichsen.com\\\/fr\\\/produit\\\/etui-pour-ordinateur-13\\\/#primaryimage\"},\"thumbnailUrl\":\"https:\\\/\\\/www.johannagullichsen.com\\\/wp-content\\\/uploads\\\/2020\\\/04\\\/Johanna-Gullichsen-Imac13-Sleeve-Helios-ochre-1.jpg\",\"datePublished\":\"2020-04-27T10:02:15+00:00\",\"dateModified\":\"2021-02-03T14:20:43+00:00\",\"description\":\"Etui pour ordinateur portable. Prot\u00e9gez votre ordinateur portable avec une housse matelass\u00e9e \u00e0 fermeture \u00e9clair. La housse doubl\u00e9e et mollement rembourr\u00e9e prot\u00e9gera votre macbook 13\\\" ou votre PC.\",\"breadcrumb\":{\"@id\":\"https:\\\/\\\/www.johannagullichsen.com\\\/fr\\\/produit\\\/etui-pour-ordinateur-13\\\/#breadcrumb\"},\"inLanguage\":\"fr-FR\",\"potentialAction\":[{\"@type\":\"ReadAction\",\"target\":[\"https:\\\/\\\/www.johannagullichsen.com\\\/fr\\\/produit\\\/etui-pour-ordinateur-13\\\/\"]}]},{\"@type\":\"ImageObject\",\"inLanguage\":\"fr-FR\",\"@id\":\"https:\\\/\\\/www.johannagullichsen.com\\\/fr\\\/produit\\\/etui-pour-ordinateur-13\\\/#primaryimage\",\"url\":\"https:\\\/\\\/www.johannagullichsen.com\\\/wp-content\\\/uploads\\\/2020\\\/04\\\/Johanna-Gullichsen-Imac13-Sleeve-Helios-ochre-1.jpg\",\"contentUrl\":\"https:\\\/\\\/www.johannagullichsen.com\\\/wp-content\\\/uploads\\\/2020\\\/04\\\/Johanna-Gullichsen-Imac13-Sleeve-Helios-ochre-1.jpg\",\"width\":1600,\"height\":1200},{\"@type\":\"BreadcrumbList\",\"@id\":\"https:\\\/\\\/www.johannagullichsen.com\\\/fr\\\/produit\\\/etui-pour-ordinateur-13\\\/#breadcrumb\",\"itemListElement\":[{\"@type\":\"ListItem\",\"position\":1,\"name\":\"Home\",\"item\":\"https:\\\/\\\/www.johannagullichsen.com\\\/fr\\\/\"},{\"@type\":\"ListItem\",\"position\":2,\"name\":\"Produits et Boutique en ligne\",\"item\":\"https:\\\/\\\/www.johannagullichsen.com\\\/fr\\\/produits\\\/\"},{\"@type\":\"ListItem\",\"position\":3,\"name\":\"Etui pour ordinateur portable 13&#8243;\"}]},{\"@type\":\"WebSite\",\"@id\":\"https:\\\/\\\/www.johannagullichsen.com\\\/fr\\\/#website\",\"url\":\"https:\\\/\\\/www.johannagullichsen.com\\\/fr\\\/\",\"name\":\"Johanna Gullichsen\",\"description\":\"\",\"potentialAction\":[{\"@type\":\"SearchAction\",\"target\":{\"@type\":\"EntryPoint\",\"urlTemplate\":\"https:\\\/\\\/www.johannagullichsen.com\\\/fr\\\/?s={search_term_string}\"},\"query-input\":{\"@type\":\"PropertyValueSpecification\",\"valueRequired\":true,\"valueName\":\"search_term_string\"}}],\"inLanguage\":\"fr-FR\"}]}<\/script>\n<!-- \/ Yoast SEO Premium plugin. -->","yoast_head_json":{"title":"Etui pour ordinateur portable 13\" - Johanna Gullichsen","description":"Etui pour ordinateur portable. Prot\u00e9gez votre ordinateur portable avec une housse matelass\u00e9e \u00e0 fermeture \u00e9clair. La housse doubl\u00e9e et mollement rembourr\u00e9e prot\u00e9gera votre macbook 13\" ou votre PC.","robots":{"index":"index","follow":"follow","max-snippet":"max-snippet:-1","max-image-preview":"max-image-preview:large","max-video-preview":"max-video-preview:-1"},"canonical":"https:\/\/www.johannagullichsen.com\/fr\/produit\/etui-pour-ordinateur-13\/","og_locale":"fr_FR","og_type":"article","og_title":"Etui pour ordinateur portable 13\"","og_description":"Etui pour ordinateur portable. Prot\u00e9gez votre ordinateur portable avec une housse matelass\u00e9e \u00e0 fermeture \u00e9clair. La housse doubl\u00e9e et mollement rembourr\u00e9e prot\u00e9gera votre macbook 13\" ou votre PC.","og_url":"https:\/\/www.johannagullichsen.com\/fr\/produit\/etui-pour-ordinateur-13\/","og_site_name":"Johanna Gullichsen","article_modified_time":"2021-02-03T14:20:43+00:00","og_image":[{"width":1600,"height":1200,"url":"https:\/\/www.johannagullichsen.com\/wp-content\/uploads\/2020\/04\/Johanna-Gullichsen-Imac13-Sleeve-Helios-ochre-1.jpg","type":"image\/jpeg"}],"twitter_card":"summary_large_image","twitter_misc":{"Dur\u00e9e de lecture estim\u00e9e":"1 minute"},"schema":{"@context":"https:\/\/schema.org","@graph":[{"@type":"WebPage","@id":"https:\/\/www.johannagullichsen.com\/fr\/produit\/etui-pour-ordinateur-13\/","url":"https:\/\/www.johannagullichsen.com\/fr\/produit\/etui-pour-ordinateur-13\/","name":"Etui pour ordinateur portable 13\" - Johanna Gullichsen","isPartOf":{"@id":"https:\/\/www.johannagullichsen.com\/fr\/#website"},"primaryImageOfPage":{"@id":"https:\/\/www.johannagullichsen.com\/fr\/produit\/etui-pour-ordinateur-13\/#primaryimage"},"image":{"@id":"https:\/\/www.johannagullichsen.com\/fr\/produit\/etui-pour-ordinateur-13\/#primaryimage"},"thumbnailUrl":"https:\/\/www.johannagullichsen.com\/wp-content\/uploads\/2020\/04\/Johanna-Gullichsen-Imac13-Sleeve-Helios-ochre-1.jpg","datePublished":"2020-04-27T10:02:15+00:00","dateModified":"2021-02-03T14:20:43+00:00","description":"Etui pour ordinateur portable. Prot\u00e9gez votre ordinateur portable avec une housse matelass\u00e9e \u00e0 fermeture \u00e9clair. La housse doubl\u00e9e et mollement rembourr\u00e9e prot\u00e9gera votre macbook 13\" ou votre PC.","breadcrumb":{"@id":"https:\/\/www.johannagullichsen.com\/fr\/produit\/etui-pour-ordinateur-13\/#breadcrumb"},"inLanguage":"fr-FR","potentialAction":[{"@type":"ReadAction","target":["https:\/\/www.johannagullichsen.com\/fr\/produit\/etui-pour-ordinateur-13\/"]}]},{"@type":"ImageObject","inLanguage":"fr-FR","@id":"https:\/\/www.johannagullichsen.com\/fr\/produit\/etui-pour-ordinateur-13\/#primaryimage","url":"https:\/\/www.johannagullichsen.com\/wp-content\/uploads\/2020\/04\/Johanna-Gullichsen-Imac13-Sleeve-Helios-ochre-1.jpg","contentUrl":"https:\/\/www.johannagullichsen.com\/wp-content\/uploads\/2020\/04\/Johanna-Gullichsen-Imac13-Sleeve-Helios-ochre-1.jpg","width":1600,"height":1200},{"@type":"BreadcrumbList","@id":"https:\/\/www.johannagullichsen.com\/fr\/produit\/etui-pour-ordinateur-13\/#breadcrumb","itemListElement":[{"@type":"ListItem","position":1,"name":"Home","item":"https:\/\/www.johannagullichsen.com\/fr\/"},{"@type":"ListItem","position":2,"name":"Produits et Boutique en ligne","item":"https:\/\/www.johannagullichsen.com\/fr\/produits\/"},{"@type":"ListItem","position":3,"name":"Etui pour ordinateur portable 13&#8243;"}]},{"@type":"WebSite","@id":"https:\/\/www.johannagullichsen.com\/fr\/#website","url":"https:\/\/www.johannagullichsen.com\/fr\/","name":"Johanna Gullichsen","description":"","potentialAction":[{"@type":"SearchAction","target":{"@type":"EntryPoint","urlTemplate":"https:\/\/www.johannagullichsen.com\/fr\/?s={search_term_string}"},"query-input":{"@type":"PropertyValueSpecification","valueRequired":true,"valueName":"search_term_string"}}],"inLanguage":"fr-FR"}]}},"_links":{"self":[{"href":"https:\/\/www.johannagullichsen.com\/fr\/wp-json\/wp\/v2\/product\/6686","targetHints":{"allow":["GET"]}}],"collection":[{"href":"https:\/\/www.johannagullichsen.com\/fr\/wp-json\/wp\/v2\/product"}],"about":[{"href":"https:\/\/www.johannagullichsen.com\/fr\/wp-json\/wp\/v2\/types\/product"}],"wp:featuredmedia":[{"embeddable":true,"href":"https:\/\/www.johannagullichsen.com\/fr\/wp-json\/wp\/v2\/media\/10497"}],"wp:attachment":[{"href":"https:\/\/www.johannagullichsen.com\/fr\/wp-json\/wp\/v2\/media?parent=6686"}],"wp:term":[{"taxonomy":"product_brand","embeddable":true,"href":"https:\/\/www.johannagullichsen.com\/fr\/wp-json\/wp\/v2\/product_brand?post=6686"},{"taxonomy":"product_cat","embeddable":true,"href":"https:\/\/www.johannagullichsen.com\/fr\/wp-json\/wp\/v2\/product_cat?post=6686"},{"taxonomy":"product_tag","embeddable":true,"href":"https:\/\/www.johannagullichsen.com\/fr\/wp-json\/wp\/v2\/product_tag?post=6686"}],"curies":[{"name":"wp","href":"https:\/\/api.w.org\/{rel}","templated":true}]}}