{"id":6698,"date":"2020-04-27T12:52:01","date_gmt":"2020-04-27T09:52:01","guid":{"rendered":"https:\/\/www.johannagullichsen.com\/products\/non%20class\u00e9\/kitchen-towel\/"},"modified":"2026-03-17T09:18:01","modified_gmt":"2026-03-17T07:18:01","slug":"torchon-de-cuisine","status":"publish","type":"product","link":"https:\/\/www.johannagullichsen.com\/fr\/produit\/torchon-de-cuisine\/","title":{"rendered":"Torchon de cuisine"},"content":{"rendered":"<h4>Une cuisine styl\u00e9!<\/h4>\n<p>Le lin a une multitude d&rsquo;avantages: excellente capacit\u00e9 d&rsquo;absorption d&rsquo;eau, facult\u00e9 de d\u00e9fense aux bact\u00e9ries et une tr\u00e8s bonne r\u00e9sistance \u00e0 l&rsquo;usure entre autres.<\/p>\n<p>Tissage et couture en Finlande.<\/p>\n","protected":false},"excerpt":{"rendered":"<p>Une cuisine styl\u00e9! Le lin a une multitude d&rsquo;avantages: excellente capacit\u00e9 d&rsquo;absorption d&rsquo;eau, facult\u00e9 de d\u00e9fense aux bact\u00e9ries et une tr\u00e8s bonne r\u00e9sistance \u00e0 l&rsquo;usure entre autres. Tissage et couture&hellip;<\/p>\n","protected":false},"featured_media":4368,"template":"","meta":{"_acf_changed":false},"product_brand":[],"product_cat":[262],"product_tag":[],"class_list":{"0":"post-6698","1":"product","2":"type-product","3":"status-publish","4":"has-post-thumbnail","6":"product_cat-a-table","7":"pa_pattern-colour-savoy-noir","8":"pa_pattern-colour-savoy-perle","9":"pa_pattern-colour-savoy-noir-lin","10":"pa_pattern-colour-savoy-rose","11":"pa_pattern-colour-savoy-cobalt-fr","12":"pa_pattern-colour-savoy-rouge","13":"pa_pattern-colour-savoy-cramoisi","14":"pa_pattern-colour-savoy-blanc","15":"pa_pattern-colour-savoy-lin","16":"pa_pattern-colour-savoy-citron","17":"pa_pattern-colour-savoy-tilleul","18":"pa_pattern-colour-savoy-marine-fr","19":"pa_pattern-colour-savoy-lin-blanc","20":"pa_pattern-colour-savoy-navale","21":"pa_pattern-colour-savoy-amande","22":"pa_pattern-colour-savoy-orange-fr","23":"collection-savoy-fr","25":"first","26":"instock","27":"taxable","28":"shipping-taxable","29":"purchasable","30":"product-type-variable"},"acf":[],"yoast_head":"<!-- This site is optimized with the Yoast SEO Premium plugin v27.2 (Yoast SEO v27.5) - https:\/\/yoast.com\/product\/yoast-seo-premium-wordpress\/ -->\n<title>Torchon de cuisine - Johanna Gullichsen<\/title>\n<meta name=\"robots\" content=\"index, follow, max-snippet:-1, max-image-preview:large, max-video-preview:-1\" \/>\n<link rel=\"canonical\" href=\"https:\/\/www.johannagullichsen.com\/fr\/produit\/torchon-de-cuisine\/\" \/>\n<meta property=\"og:locale\" content=\"fr_FR\" \/>\n<meta property=\"og:type\" content=\"article\" \/>\n<meta property=\"og:title\" content=\"Torchon de cuisine\" \/>\n<meta property=\"og:description\" content=\"Une cuisine styl\u00e9! Le lin a une multitude d&rsquo;avantages: excellente capacit\u00e9 d&rsquo;absorption d&rsquo;eau, facult\u00e9 de d\u00e9fense aux bact\u00e9ries et une tr\u00e8s bonne r\u00e9sistance \u00e0 l&rsquo;usure entre autres. Tissage et couture&hellip;\" \/>\n<meta property=\"og:url\" content=\"https:\/\/www.johannagullichsen.com\/fr\/produit\/torchon-de-cuisine\/\" \/>\n<meta property=\"og:site_name\" content=\"Johanna Gullichsen\" \/>\n<meta property=\"article:modified_time\" content=\"2026-03-17T07:18:01+00:00\" \/>\n<meta property=\"og:image\" content=\"https:\/\/www.johannagullichsen.com\/wp-content\/uploads\/2020\/04\/Johanna_Gullichsen_Savoy_Kitchen_towel_medium_flax.jpg\" \/>\n\t<meta property=\"og:image:width\" content=\"1600\" \/>\n\t<meta property=\"og:image:height\" content=\"1200\" \/>\n\t<meta property=\"og:image:type\" content=\"image\/jpeg\" \/>\n<meta name=\"twitter:card\" content=\"summary_large_image\" \/>\n<meta name=\"twitter:label1\" content=\"Dur\u00e9e de lecture estim\u00e9e\" \/>\n\t<meta name=\"twitter:data1\" content=\"1 minute\" \/>\n<script type=\"application\/ld+json\" class=\"yoast-schema-graph\">{\"@context\":\"https:\\\/\\\/schema.org\",\"@graph\":[{\"@type\":\"WebPage\",\"@id\":\"https:\\\/\\\/www.johannagullichsen.com\\\/fr\\\/produit\\\/torchon-de-cuisine\\\/\",\"url\":\"https:\\\/\\\/www.johannagullichsen.com\\\/fr\\\/produit\\\/torchon-de-cuisine\\\/\",\"name\":\"Torchon de cuisine - Johanna Gullichsen\",\"isPartOf\":{\"@id\":\"https:\\\/\\\/www.johannagullichsen.com\\\/fr\\\/#website\"},\"primaryImageOfPage\":{\"@id\":\"https:\\\/\\\/www.johannagullichsen.com\\\/fr\\\/produit\\\/torchon-de-cuisine\\\/#primaryimage\"},\"image\":{\"@id\":\"https:\\\/\\\/www.johannagullichsen.com\\\/fr\\\/produit\\\/torchon-de-cuisine\\\/#primaryimage\"},\"thumbnailUrl\":\"https:\\\/\\\/www.johannagullichsen.com\\\/wp-content\\\/uploads\\\/2020\\\/04\\\/Johanna_Gullichsen_Savoy_Kitchen_towel_medium_flax.jpg\",\"datePublished\":\"2020-04-27T09:52:01+00:00\",\"dateModified\":\"2026-03-17T07:18:01+00:00\",\"breadcrumb\":{\"@id\":\"https:\\\/\\\/www.johannagullichsen.com\\\/fr\\\/produit\\\/torchon-de-cuisine\\\/#breadcrumb\"},\"inLanguage\":\"fr-FR\",\"potentialAction\":[{\"@type\":\"ReadAction\",\"target\":[\"https:\\\/\\\/www.johannagullichsen.com\\\/fr\\\/produit\\\/torchon-de-cuisine\\\/\"]}]},{\"@type\":\"ImageObject\",\"inLanguage\":\"fr-FR\",\"@id\":\"https:\\\/\\\/www.johannagullichsen.com\\\/fr\\\/produit\\\/torchon-de-cuisine\\\/#primaryimage\",\"url\":\"https:\\\/\\\/www.johannagullichsen.com\\\/wp-content\\\/uploads\\\/2020\\\/04\\\/Johanna_Gullichsen_Savoy_Kitchen_towel_medium_flax.jpg\",\"contentUrl\":\"https:\\\/\\\/www.johannagullichsen.com\\\/wp-content\\\/uploads\\\/2020\\\/04\\\/Johanna_Gullichsen_Savoy_Kitchen_towel_medium_flax.jpg\",\"width\":1600,\"height\":1200},{\"@type\":\"BreadcrumbList\",\"@id\":\"https:\\\/\\\/www.johannagullichsen.com\\\/fr\\\/produit\\\/torchon-de-cuisine\\\/#breadcrumb\",\"itemListElement\":[{\"@type\":\"ListItem\",\"position\":1,\"name\":\"Home\",\"item\":\"https:\\\/\\\/www.johannagullichsen.com\\\/fr\\\/\"},{\"@type\":\"ListItem\",\"position\":2,\"name\":\"Produits et Boutique en ligne\",\"item\":\"https:\\\/\\\/www.johannagullichsen.com\\\/fr\\\/produits\\\/\"},{\"@type\":\"ListItem\",\"position\":3,\"name\":\"Torchon de cuisine\"}]},{\"@type\":\"WebSite\",\"@id\":\"https:\\\/\\\/www.johannagullichsen.com\\\/fr\\\/#website\",\"url\":\"https:\\\/\\\/www.johannagullichsen.com\\\/fr\\\/\",\"name\":\"Johanna Gullichsen\",\"description\":\"\",\"potentialAction\":[{\"@type\":\"SearchAction\",\"target\":{\"@type\":\"EntryPoint\",\"urlTemplate\":\"https:\\\/\\\/www.johannagullichsen.com\\\/fr\\\/?s={search_term_string}\"},\"query-input\":{\"@type\":\"PropertyValueSpecification\",\"valueRequired\":true,\"valueName\":\"search_term_string\"}}],\"inLanguage\":\"fr-FR\"}]}<\/script>\n<!-- \/ Yoast SEO Premium plugin. -->","yoast_head_json":{"title":"Torchon de cuisine - Johanna Gullichsen","robots":{"index":"index","follow":"follow","max-snippet":"max-snippet:-1","max-image-preview":"max-image-preview:large","max-video-preview":"max-video-preview:-1"},"canonical":"https:\/\/www.johannagullichsen.com\/fr\/produit\/torchon-de-cuisine\/","og_locale":"fr_FR","og_type":"article","og_title":"Torchon de cuisine","og_description":"Une cuisine styl\u00e9! Le lin a une multitude d&rsquo;avantages: excellente capacit\u00e9 d&rsquo;absorption d&rsquo;eau, facult\u00e9 de d\u00e9fense aux bact\u00e9ries et une tr\u00e8s bonne r\u00e9sistance \u00e0 l&rsquo;usure entre autres. Tissage et couture&hellip;","og_url":"https:\/\/www.johannagullichsen.com\/fr\/produit\/torchon-de-cuisine\/","og_site_name":"Johanna Gullichsen","article_modified_time":"2026-03-17T07:18:01+00:00","og_image":[{"width":1600,"height":1200,"url":"https:\/\/www.johannagullichsen.com\/wp-content\/uploads\/2020\/04\/Johanna_Gullichsen_Savoy_Kitchen_towel_medium_flax.jpg","type":"image\/jpeg"}],"twitter_card":"summary_large_image","twitter_misc":{"Dur\u00e9e de lecture estim\u00e9e":"1 minute"},"schema":{"@context":"https:\/\/schema.org","@graph":[{"@type":"WebPage","@id":"https:\/\/www.johannagullichsen.com\/fr\/produit\/torchon-de-cuisine\/","url":"https:\/\/www.johannagullichsen.com\/fr\/produit\/torchon-de-cuisine\/","name":"Torchon de cuisine - Johanna Gullichsen","isPartOf":{"@id":"https:\/\/www.johannagullichsen.com\/fr\/#website"},"primaryImageOfPage":{"@id":"https:\/\/www.johannagullichsen.com\/fr\/produit\/torchon-de-cuisine\/#primaryimage"},"image":{"@id":"https:\/\/www.johannagullichsen.com\/fr\/produit\/torchon-de-cuisine\/#primaryimage"},"thumbnailUrl":"https:\/\/www.johannagullichsen.com\/wp-content\/uploads\/2020\/04\/Johanna_Gullichsen_Savoy_Kitchen_towel_medium_flax.jpg","datePublished":"2020-04-27T09:52:01+00:00","dateModified":"2026-03-17T07:18:01+00:00","breadcrumb":{"@id":"https:\/\/www.johannagullichsen.com\/fr\/produit\/torchon-de-cuisine\/#breadcrumb"},"inLanguage":"fr-FR","potentialAction":[{"@type":"ReadAction","target":["https:\/\/www.johannagullichsen.com\/fr\/produit\/torchon-de-cuisine\/"]}]},{"@type":"ImageObject","inLanguage":"fr-FR","@id":"https:\/\/www.johannagullichsen.com\/fr\/produit\/torchon-de-cuisine\/#primaryimage","url":"https:\/\/www.johannagullichsen.com\/wp-content\/uploads\/2020\/04\/Johanna_Gullichsen_Savoy_Kitchen_towel_medium_flax.jpg","contentUrl":"https:\/\/www.johannagullichsen.com\/wp-content\/uploads\/2020\/04\/Johanna_Gullichsen_Savoy_Kitchen_towel_medium_flax.jpg","width":1600,"height":1200},{"@type":"BreadcrumbList","@id":"https:\/\/www.johannagullichsen.com\/fr\/produit\/torchon-de-cuisine\/#breadcrumb","itemListElement":[{"@type":"ListItem","position":1,"name":"Home","item":"https:\/\/www.johannagullichsen.com\/fr\/"},{"@type":"ListItem","position":2,"name":"Produits et Boutique en ligne","item":"https:\/\/www.johannagullichsen.com\/fr\/produits\/"},{"@type":"ListItem","position":3,"name":"Torchon de cuisine"}]},{"@type":"WebSite","@id":"https:\/\/www.johannagullichsen.com\/fr\/#website","url":"https:\/\/www.johannagullichsen.com\/fr\/","name":"Johanna Gullichsen","description":"","potentialAction":[{"@type":"SearchAction","target":{"@type":"EntryPoint","urlTemplate":"https:\/\/www.johannagullichsen.com\/fr\/?s={search_term_string}"},"query-input":{"@type":"PropertyValueSpecification","valueRequired":true,"valueName":"search_term_string"}}],"inLanguage":"fr-FR"}]}},"_links":{"self":[{"href":"https:\/\/www.johannagullichsen.com\/fr\/wp-json\/wp\/v2\/product\/6698","targetHints":{"allow":["GET"]}}],"collection":[{"href":"https:\/\/www.johannagullichsen.com\/fr\/wp-json\/wp\/v2\/product"}],"about":[{"href":"https:\/\/www.johannagullichsen.com\/fr\/wp-json\/wp\/v2\/types\/product"}],"wp:featuredmedia":[{"embeddable":true,"href":"https:\/\/www.johannagullichsen.com\/fr\/wp-json\/wp\/v2\/media\/4368"}],"wp:attachment":[{"href":"https:\/\/www.johannagullichsen.com\/fr\/wp-json\/wp\/v2\/media?parent=6698"}],"wp:term":[{"taxonomy":"product_brand","embeddable":true,"href":"https:\/\/www.johannagullichsen.com\/fr\/wp-json\/wp\/v2\/product_brand?post=6698"},{"taxonomy":"product_cat","embeddable":true,"href":"https:\/\/www.johannagullichsen.com\/fr\/wp-json\/wp\/v2\/product_cat?post=6698"},{"taxonomy":"product_tag","embeddable":true,"href":"https:\/\/www.johannagullichsen.com\/fr\/wp-json\/wp\/v2\/product_tag?post=6698"}],"curies":[{"name":"wp","href":"https:\/\/api.w.org\/{rel}","templated":true}]}}