{"id":6722,"date":"2020-04-27T11:42:17","date_gmt":"2020-04-27T08:42:17","guid":{"rendered":"https:\/\/www.johannagullichsen.com\/products\/non%20class\u00e9\/i-pad-sleeve\/"},"modified":"2021-05-11T08:10:27","modified_gmt":"2021-05-11T05:10:27","slug":"etui-pour-tablette","status":"publish","type":"product","link":"https:\/\/www.johannagullichsen.com\/fr\/produit\/etui-pour-tablette\/","title":{"rendered":"Etui pour tablette"},"content":{"rendered":"<h4>Prot\u00e8ger votre tablette !<\/h4>\n<p>Une housse de protection pour votre tablette ou votre iPad. La housse est rembourr\u00e9e et ferm\u00e9e par une fermeture \u00e9clair.<\/p>\n","protected":false},"excerpt":{"rendered":"<p>Prot\u00e8ger votre tablette ! Une housse de protection pour votre tablette ou votre iPad. La housse est rembourr\u00e9e et ferm\u00e9e par une fermeture \u00e9clair.<\/p>\n","protected":false},"featured_media":10405,"template":"","meta":{"_acf_changed":false},"product_brand":[],"product_cat":[1983,263,1985],"product_tag":[],"class_list":{"0":"post-6722","1":"product","2":"type-product","3":"status-publish","4":"has-post-thumbnail","6":"product_cat-besaces-pochettes","7":"product_cat-accessoires","8":"product_cat-etuies-ordinateurs-pc","9":"pa_pattern-colour-helios-morkbla","10":"pa_pattern-colour-helios-bordeaux-fonce","11":"pa_pattern-colour-helios-vert-fonce","12":"pa_pattern-colour-helios-vert","13":"pa_pattern-colour-doris-noir-fr","14":"pa_pattern-colour-helios-plomb","15":"pa_pattern-colour-doris-bleu-fonce","16":"pa_pattern-colour-helios-ochre-fr","17":"pa_pattern-colour-helios-amande","18":"pa_pattern-colour-helios-jaune","19":"pa_pattern-colour-helios-noir","20":"pa_pattern-colour-helios-bleu","21":"pa_pattern-colour-helios-bordeaux-fr","22":"pa_pattern-colour-helios-brique-fr","23":"collection-normandie-fr","25":"first","26":"instock","27":"taxable","28":"shipping-taxable","29":"purchasable","30":"product-type-variable"},"acf":[],"yoast_head":"<!-- This site is optimized with the Yoast SEO Premium plugin v27.2 (Yoast SEO v27.5) - https:\/\/yoast.com\/product\/yoast-seo-premium-wordpress\/ -->\n<title>Etui pour tablette - Johanna Gullichsen<\/title>\n<meta name=\"description\" content=\"Etui pour tablette ou iPad. Une housse de protection rembourr\u00e9e pour une parfaite protection. Design Johanna Gullichsen.\" \/>\n<meta name=\"robots\" content=\"index, follow, max-snippet:-1, max-image-preview:large, max-video-preview:-1\" \/>\n<link rel=\"canonical\" href=\"https:\/\/www.johannagullichsen.com\/fr\/produit\/etui-pour-tablette\/\" \/>\n<meta property=\"og:locale\" content=\"fr_FR\" \/>\n<meta property=\"og:type\" content=\"article\" \/>\n<meta property=\"og:title\" content=\"Etui pour tablette\" \/>\n<meta property=\"og:description\" content=\"Etui pour tablette ou iPad. Une housse de protection rembourr\u00e9e pour une parfaite protection. Design Johanna Gullichsen.\" \/>\n<meta property=\"og:url\" content=\"https:\/\/www.johannagullichsen.com\/fr\/produit\/etui-pour-tablette\/\" \/>\n<meta property=\"og:site_name\" content=\"Johanna Gullichsen\" \/>\n<meta property=\"article:modified_time\" content=\"2021-05-11T05:10:27+00:00\" \/>\n<meta property=\"og:image\" content=\"https:\/\/www.johannagullichsen.com\/wp-content\/uploads\/2020\/04\/Johanna-Gullichsen-Ipad-Sleeve-Doris-black.jpg\" \/>\n\t<meta property=\"og:image:width\" content=\"1600\" \/>\n\t<meta property=\"og:image:height\" content=\"1200\" \/>\n\t<meta property=\"og:image:type\" content=\"image\/jpeg\" \/>\n<meta name=\"twitter:card\" content=\"summary_large_image\" \/>\n<meta name=\"twitter:label1\" content=\"Dur\u00e9e de lecture estim\u00e9e\" \/>\n\t<meta name=\"twitter:data1\" content=\"1 minute\" \/>\n<script type=\"application\/ld+json\" class=\"yoast-schema-graph\">{\"@context\":\"https:\\\/\\\/schema.org\",\"@graph\":[{\"@type\":\"WebPage\",\"@id\":\"https:\\\/\\\/www.johannagullichsen.com\\\/fr\\\/produit\\\/etui-pour-tablette\\\/\",\"url\":\"https:\\\/\\\/www.johannagullichsen.com\\\/fr\\\/produit\\\/etui-pour-tablette\\\/\",\"name\":\"Etui pour tablette - Johanna Gullichsen\",\"isPartOf\":{\"@id\":\"https:\\\/\\\/www.johannagullichsen.com\\\/fr\\\/#website\"},\"primaryImageOfPage\":{\"@id\":\"https:\\\/\\\/www.johannagullichsen.com\\\/fr\\\/produit\\\/etui-pour-tablette\\\/#primaryimage\"},\"image\":{\"@id\":\"https:\\\/\\\/www.johannagullichsen.com\\\/fr\\\/produit\\\/etui-pour-tablette\\\/#primaryimage\"},\"thumbnailUrl\":\"https:\\\/\\\/www.johannagullichsen.com\\\/wp-content\\\/uploads\\\/2020\\\/04\\\/Johanna-Gullichsen-Ipad-Sleeve-Doris-black.jpg\",\"datePublished\":\"2020-04-27T08:42:17+00:00\",\"dateModified\":\"2021-05-11T05:10:27+00:00\",\"description\":\"Etui pour tablette ou iPad. Une housse de protection rembourr\u00e9e pour une parfaite protection. Design Johanna Gullichsen.\",\"breadcrumb\":{\"@id\":\"https:\\\/\\\/www.johannagullichsen.com\\\/fr\\\/produit\\\/etui-pour-tablette\\\/#breadcrumb\"},\"inLanguage\":\"fr-FR\",\"potentialAction\":[{\"@type\":\"ReadAction\",\"target\":[\"https:\\\/\\\/www.johannagullichsen.com\\\/fr\\\/produit\\\/etui-pour-tablette\\\/\"]}]},{\"@type\":\"ImageObject\",\"inLanguage\":\"fr-FR\",\"@id\":\"https:\\\/\\\/www.johannagullichsen.com\\\/fr\\\/produit\\\/etui-pour-tablette\\\/#primaryimage\",\"url\":\"https:\\\/\\\/www.johannagullichsen.com\\\/wp-content\\\/uploads\\\/2020\\\/04\\\/Johanna-Gullichsen-Ipad-Sleeve-Doris-black.jpg\",\"contentUrl\":\"https:\\\/\\\/www.johannagullichsen.com\\\/wp-content\\\/uploads\\\/2020\\\/04\\\/Johanna-Gullichsen-Ipad-Sleeve-Doris-black.jpg\",\"width\":1600,\"height\":1200},{\"@type\":\"BreadcrumbList\",\"@id\":\"https:\\\/\\\/www.johannagullichsen.com\\\/fr\\\/produit\\\/etui-pour-tablette\\\/#breadcrumb\",\"itemListElement\":[{\"@type\":\"ListItem\",\"position\":1,\"name\":\"Home\",\"item\":\"https:\\\/\\\/www.johannagullichsen.com\\\/fr\\\/\"},{\"@type\":\"ListItem\",\"position\":2,\"name\":\"Produits et Boutique en ligne\",\"item\":\"https:\\\/\\\/www.johannagullichsen.com\\\/fr\\\/produits\\\/\"},{\"@type\":\"ListItem\",\"position\":3,\"name\":\"Etui pour tablette\"}]},{\"@type\":\"WebSite\",\"@id\":\"https:\\\/\\\/www.johannagullichsen.com\\\/fr\\\/#website\",\"url\":\"https:\\\/\\\/www.johannagullichsen.com\\\/fr\\\/\",\"name\":\"Johanna Gullichsen\",\"description\":\"\",\"potentialAction\":[{\"@type\":\"SearchAction\",\"target\":{\"@type\":\"EntryPoint\",\"urlTemplate\":\"https:\\\/\\\/www.johannagullichsen.com\\\/fr\\\/?s={search_term_string}\"},\"query-input\":{\"@type\":\"PropertyValueSpecification\",\"valueRequired\":true,\"valueName\":\"search_term_string\"}}],\"inLanguage\":\"fr-FR\"}]}<\/script>\n<!-- \/ Yoast SEO Premium plugin. -->","yoast_head_json":{"title":"Etui pour tablette - Johanna Gullichsen","description":"Etui pour tablette ou iPad. Une housse de protection rembourr\u00e9e pour une parfaite protection. Design Johanna Gullichsen.","robots":{"index":"index","follow":"follow","max-snippet":"max-snippet:-1","max-image-preview":"max-image-preview:large","max-video-preview":"max-video-preview:-1"},"canonical":"https:\/\/www.johannagullichsen.com\/fr\/produit\/etui-pour-tablette\/","og_locale":"fr_FR","og_type":"article","og_title":"Etui pour tablette","og_description":"Etui pour tablette ou iPad. Une housse de protection rembourr\u00e9e pour une parfaite protection. Design Johanna Gullichsen.","og_url":"https:\/\/www.johannagullichsen.com\/fr\/produit\/etui-pour-tablette\/","og_site_name":"Johanna Gullichsen","article_modified_time":"2021-05-11T05:10:27+00:00","og_image":[{"width":1600,"height":1200,"url":"https:\/\/www.johannagullichsen.com\/wp-content\/uploads\/2020\/04\/Johanna-Gullichsen-Ipad-Sleeve-Doris-black.jpg","type":"image\/jpeg"}],"twitter_card":"summary_large_image","twitter_misc":{"Dur\u00e9e de lecture estim\u00e9e":"1 minute"},"schema":{"@context":"https:\/\/schema.org","@graph":[{"@type":"WebPage","@id":"https:\/\/www.johannagullichsen.com\/fr\/produit\/etui-pour-tablette\/","url":"https:\/\/www.johannagullichsen.com\/fr\/produit\/etui-pour-tablette\/","name":"Etui pour tablette - Johanna Gullichsen","isPartOf":{"@id":"https:\/\/www.johannagullichsen.com\/fr\/#website"},"primaryImageOfPage":{"@id":"https:\/\/www.johannagullichsen.com\/fr\/produit\/etui-pour-tablette\/#primaryimage"},"image":{"@id":"https:\/\/www.johannagullichsen.com\/fr\/produit\/etui-pour-tablette\/#primaryimage"},"thumbnailUrl":"https:\/\/www.johannagullichsen.com\/wp-content\/uploads\/2020\/04\/Johanna-Gullichsen-Ipad-Sleeve-Doris-black.jpg","datePublished":"2020-04-27T08:42:17+00:00","dateModified":"2021-05-11T05:10:27+00:00","description":"Etui pour tablette ou iPad. Une housse de protection rembourr\u00e9e pour une parfaite protection. Design Johanna Gullichsen.","breadcrumb":{"@id":"https:\/\/www.johannagullichsen.com\/fr\/produit\/etui-pour-tablette\/#breadcrumb"},"inLanguage":"fr-FR","potentialAction":[{"@type":"ReadAction","target":["https:\/\/www.johannagullichsen.com\/fr\/produit\/etui-pour-tablette\/"]}]},{"@type":"ImageObject","inLanguage":"fr-FR","@id":"https:\/\/www.johannagullichsen.com\/fr\/produit\/etui-pour-tablette\/#primaryimage","url":"https:\/\/www.johannagullichsen.com\/wp-content\/uploads\/2020\/04\/Johanna-Gullichsen-Ipad-Sleeve-Doris-black.jpg","contentUrl":"https:\/\/www.johannagullichsen.com\/wp-content\/uploads\/2020\/04\/Johanna-Gullichsen-Ipad-Sleeve-Doris-black.jpg","width":1600,"height":1200},{"@type":"BreadcrumbList","@id":"https:\/\/www.johannagullichsen.com\/fr\/produit\/etui-pour-tablette\/#breadcrumb","itemListElement":[{"@type":"ListItem","position":1,"name":"Home","item":"https:\/\/www.johannagullichsen.com\/fr\/"},{"@type":"ListItem","position":2,"name":"Produits et Boutique en ligne","item":"https:\/\/www.johannagullichsen.com\/fr\/produits\/"},{"@type":"ListItem","position":3,"name":"Etui pour tablette"}]},{"@type":"WebSite","@id":"https:\/\/www.johannagullichsen.com\/fr\/#website","url":"https:\/\/www.johannagullichsen.com\/fr\/","name":"Johanna Gullichsen","description":"","potentialAction":[{"@type":"SearchAction","target":{"@type":"EntryPoint","urlTemplate":"https:\/\/www.johannagullichsen.com\/fr\/?s={search_term_string}"},"query-input":{"@type":"PropertyValueSpecification","valueRequired":true,"valueName":"search_term_string"}}],"inLanguage":"fr-FR"}]}},"_links":{"self":[{"href":"https:\/\/www.johannagullichsen.com\/fr\/wp-json\/wp\/v2\/product\/6722","targetHints":{"allow":["GET"]}}],"collection":[{"href":"https:\/\/www.johannagullichsen.com\/fr\/wp-json\/wp\/v2\/product"}],"about":[{"href":"https:\/\/www.johannagullichsen.com\/fr\/wp-json\/wp\/v2\/types\/product"}],"wp:featuredmedia":[{"embeddable":true,"href":"https:\/\/www.johannagullichsen.com\/fr\/wp-json\/wp\/v2\/media\/10405"}],"wp:attachment":[{"href":"https:\/\/www.johannagullichsen.com\/fr\/wp-json\/wp\/v2\/media?parent=6722"}],"wp:term":[{"taxonomy":"product_brand","embeddable":true,"href":"https:\/\/www.johannagullichsen.com\/fr\/wp-json\/wp\/v2\/product_brand?post=6722"},{"taxonomy":"product_cat","embeddable":true,"href":"https:\/\/www.johannagullichsen.com\/fr\/wp-json\/wp\/v2\/product_cat?post=6722"},{"taxonomy":"product_tag","embeddable":true,"href":"https:\/\/www.johannagullichsen.com\/fr\/wp-json\/wp\/v2\/product_tag?post=6722"}],"curies":[{"name":"wp","href":"https:\/\/api.w.org\/{rel}","templated":true}]}}