{"id":7085,"date":"2020-04-08T15:48:45","date_gmt":"2020-04-08T12:48:45","guid":{"rendered":"https:\/\/www.johannagullichsen.com\/products\/non%20class\u00e9\/trip-n2\/"},"modified":"2026-03-09T09:55:31","modified_gmt":"2026-03-09T07:55:31","slug":"trip-n2","status":"publish","type":"product","link":"https:\/\/www.johannagullichsen.com\/fr\/produit\/trip-n2\/","title":{"rendered":"Trip N2 porte-monnaie"},"content":{"rendered":"<h4>Petit porte-monnaie avec porte-cl\u00e9s<\/h4>\n<p>Ce minuscule porte-monnaie en ruban de coton est \u00e9quip\u00e9 d&rsquo;un crochet de carabine qui peut servir de porte-cl\u00e9s. Il est tr\u00e8s pratique pour vos petites pi\u00e8ces de monnaie ou, pourquoi pas, votre rouge \u00e0 l\u00e8vres. Sa forme est inspir\u00e9e des emballages de jus de fruits des ann\u00e9es 80.<\/p>\n","protected":false},"excerpt":{"rendered":"<p>Petit porte-monnaie avec porte-cl\u00e9s Ce minuscule porte-monnaie en ruban de coton est \u00e9quip\u00e9 d&rsquo;un crochet de carabine qui peut servir de porte-cl\u00e9s. Il est tr\u00e8s pratique pour vos petites pi\u00e8ces&hellip;<\/p>\n","protected":false},"featured_media":26813,"template":"","meta":{"_acf_changed":false},"product_brand":[],"product_cat":[1983,263],"product_tag":[],"class_list":{"0":"post-7085","1":"product","2":"type-product","3":"status-publish","4":"has-post-thumbnail","6":"product_cat-besaces-pochettes","7":"product_cat-accessoires","8":"pa_pattern-colour-ribbon-vert-jaune","9":"pa_pattern-colour-ribbon-narrow-bleu-vert","10":"pa_pattern-colour-ribbon-narrow-orange-fr","11":"pa_pattern-colour-ribbon-narrow-yellow-fr","12":"collection-ribbon-fr","14":"first","15":"instock","16":"taxable","17":"shipping-taxable","18":"purchasable","19":"product-type-variable"},"acf":[],"yoast_head":"<!-- This site is optimized with the Yoast SEO Premium plugin v27.2 (Yoast SEO v27.5) - https:\/\/yoast.com\/product\/yoast-seo-premium-wordpress\/ -->\n<title>Trip N2 porte-monnaie - Johanna Gullichsen<\/title>\n<meta name=\"robots\" content=\"index, follow, max-snippet:-1, max-image-preview:large, max-video-preview:-1\" \/>\n<link rel=\"canonical\" href=\"https:\/\/www.johannagullichsen.com\/fr\/produit\/trip-n2\/\" \/>\n<meta property=\"og:locale\" content=\"fr_FR\" \/>\n<meta property=\"og:type\" content=\"article\" \/>\n<meta property=\"og:title\" content=\"Trip N2 porte-monnaie\" \/>\n<meta property=\"og:description\" content=\"Petit porte-monnaie avec porte-cl\u00e9s Ce minuscule porte-monnaie en ruban de coton est \u00e9quip\u00e9 d&rsquo;un crochet de carabine qui peut servir de porte-cl\u00e9s. Il est tr\u00e8s pratique pour vos petites pi\u00e8ces&hellip;\" \/>\n<meta property=\"og:url\" content=\"https:\/\/www.johannagullichsen.com\/fr\/produit\/trip-n2\/\" \/>\n<meta property=\"og:site_name\" content=\"Johanna Gullichsen\" \/>\n<meta property=\"article:modified_time\" content=\"2026-03-09T07:55:31+00:00\" \/>\n<meta property=\"og:image\" content=\"https:\/\/www.johannagullichsen.com\/wp-content\/uploads\/2020\/04\/Johanna-Gullichsen-Trip-3N-green-yellow-sewing-kit-copy.jpg\" \/>\n\t<meta property=\"og:image:width\" content=\"1600\" \/>\n\t<meta property=\"og:image:height\" content=\"1200\" \/>\n\t<meta property=\"og:image:type\" content=\"image\/jpeg\" \/>\n<meta name=\"twitter:card\" content=\"summary_large_image\" \/>\n<meta name=\"twitter:label1\" content=\"Dur\u00e9e de lecture estim\u00e9e\" \/>\n\t<meta name=\"twitter:data1\" content=\"1 minute\" \/>\n<script type=\"application\/ld+json\" class=\"yoast-schema-graph\">{\"@context\":\"https:\\\/\\\/schema.org\",\"@graph\":[{\"@type\":\"WebPage\",\"@id\":\"https:\\\/\\\/www.johannagullichsen.com\\\/fr\\\/produit\\\/trip-n2\\\/\",\"url\":\"https:\\\/\\\/www.johannagullichsen.com\\\/fr\\\/produit\\\/trip-n2\\\/\",\"name\":\"Trip N2 porte-monnaie - Johanna Gullichsen\",\"isPartOf\":{\"@id\":\"https:\\\/\\\/www.johannagullichsen.com\\\/fr\\\/#website\"},\"primaryImageOfPage\":{\"@id\":\"https:\\\/\\\/www.johannagullichsen.com\\\/fr\\\/produit\\\/trip-n2\\\/#primaryimage\"},\"image\":{\"@id\":\"https:\\\/\\\/www.johannagullichsen.com\\\/fr\\\/produit\\\/trip-n2\\\/#primaryimage\"},\"thumbnailUrl\":\"https:\\\/\\\/www.johannagullichsen.com\\\/wp-content\\\/uploads\\\/2020\\\/04\\\/Johanna-Gullichsen-Trip-N2-blue-green.jpg\",\"datePublished\":\"2020-04-08T12:48:45+00:00\",\"dateModified\":\"2026-03-09T07:55:31+00:00\",\"breadcrumb\":{\"@id\":\"https:\\\/\\\/www.johannagullichsen.com\\\/fr\\\/produit\\\/trip-n2\\\/#breadcrumb\"},\"inLanguage\":\"fr-FR\",\"potentialAction\":[{\"@type\":\"ReadAction\",\"target\":[\"https:\\\/\\\/www.johannagullichsen.com\\\/fr\\\/produit\\\/trip-n2\\\/\"]}]},{\"@type\":\"ImageObject\",\"inLanguage\":\"fr-FR\",\"@id\":\"https:\\\/\\\/www.johannagullichsen.com\\\/fr\\\/produit\\\/trip-n2\\\/#primaryimage\",\"url\":\"https:\\\/\\\/www.johannagullichsen.com\\\/wp-content\\\/uploads\\\/2020\\\/04\\\/Johanna-Gullichsen-Trip-N2-blue-green.jpg\",\"contentUrl\":\"https:\\\/\\\/www.johannagullichsen.com\\\/wp-content\\\/uploads\\\/2020\\\/04\\\/Johanna-Gullichsen-Trip-N2-blue-green.jpg\",\"width\":1600,\"height\":1200},{\"@type\":\"BreadcrumbList\",\"@id\":\"https:\\\/\\\/www.johannagullichsen.com\\\/fr\\\/produit\\\/trip-n2\\\/#breadcrumb\",\"itemListElement\":[{\"@type\":\"ListItem\",\"position\":1,\"name\":\"Home\",\"item\":\"https:\\\/\\\/www.johannagullichsen.com\\\/fr\\\/\"},{\"@type\":\"ListItem\",\"position\":2,\"name\":\"Produits et Boutique en ligne\",\"item\":\"https:\\\/\\\/www.johannagullichsen.com\\\/fr\\\/produits\\\/\"},{\"@type\":\"ListItem\",\"position\":3,\"name\":\"Trip N2 porte-monnaie\"}]},{\"@type\":\"WebSite\",\"@id\":\"https:\\\/\\\/www.johannagullichsen.com\\\/fr\\\/#website\",\"url\":\"https:\\\/\\\/www.johannagullichsen.com\\\/fr\\\/\",\"name\":\"Johanna Gullichsen\",\"description\":\"\",\"potentialAction\":[{\"@type\":\"SearchAction\",\"target\":{\"@type\":\"EntryPoint\",\"urlTemplate\":\"https:\\\/\\\/www.johannagullichsen.com\\\/fr\\\/?s={search_term_string}\"},\"query-input\":{\"@type\":\"PropertyValueSpecification\",\"valueRequired\":true,\"valueName\":\"search_term_string\"}}],\"inLanguage\":\"fr-FR\"}]}<\/script>\n<!-- \/ Yoast SEO Premium plugin. -->","yoast_head_json":{"title":"Trip N2 porte-monnaie - Johanna Gullichsen","robots":{"index":"index","follow":"follow","max-snippet":"max-snippet:-1","max-image-preview":"max-image-preview:large","max-video-preview":"max-video-preview:-1"},"canonical":"https:\/\/www.johannagullichsen.com\/fr\/produit\/trip-n2\/","og_locale":"fr_FR","og_type":"article","og_title":"Trip N2 porte-monnaie","og_description":"Petit porte-monnaie avec porte-cl\u00e9s Ce minuscule porte-monnaie en ruban de coton est \u00e9quip\u00e9 d&rsquo;un crochet de carabine qui peut servir de porte-cl\u00e9s. Il est tr\u00e8s pratique pour vos petites pi\u00e8ces&hellip;","og_url":"https:\/\/www.johannagullichsen.com\/fr\/produit\/trip-n2\/","og_site_name":"Johanna Gullichsen","article_modified_time":"2026-03-09T07:55:31+00:00","og_image":[{"width":1600,"height":1200,"url":"https:\/\/www.johannagullichsen.com\/wp-content\/uploads\/2020\/04\/Johanna-Gullichsen-Trip-3N-green-yellow-sewing-kit-copy.jpg","type":"image\/jpeg"}],"twitter_card":"summary_large_image","twitter_misc":{"Dur\u00e9e de lecture estim\u00e9e":"1 minute"},"schema":{"@context":"https:\/\/schema.org","@graph":[{"@type":"WebPage","@id":"https:\/\/www.johannagullichsen.com\/fr\/produit\/trip-n2\/","url":"https:\/\/www.johannagullichsen.com\/fr\/produit\/trip-n2\/","name":"Trip N2 porte-monnaie - Johanna Gullichsen","isPartOf":{"@id":"https:\/\/www.johannagullichsen.com\/fr\/#website"},"primaryImageOfPage":{"@id":"https:\/\/www.johannagullichsen.com\/fr\/produit\/trip-n2\/#primaryimage"},"image":{"@id":"https:\/\/www.johannagullichsen.com\/fr\/produit\/trip-n2\/#primaryimage"},"thumbnailUrl":"https:\/\/www.johannagullichsen.com\/wp-content\/uploads\/2020\/04\/Johanna-Gullichsen-Trip-N2-blue-green.jpg","datePublished":"2020-04-08T12:48:45+00:00","dateModified":"2026-03-09T07:55:31+00:00","breadcrumb":{"@id":"https:\/\/www.johannagullichsen.com\/fr\/produit\/trip-n2\/#breadcrumb"},"inLanguage":"fr-FR","potentialAction":[{"@type":"ReadAction","target":["https:\/\/www.johannagullichsen.com\/fr\/produit\/trip-n2\/"]}]},{"@type":"ImageObject","inLanguage":"fr-FR","@id":"https:\/\/www.johannagullichsen.com\/fr\/produit\/trip-n2\/#primaryimage","url":"https:\/\/www.johannagullichsen.com\/wp-content\/uploads\/2020\/04\/Johanna-Gullichsen-Trip-N2-blue-green.jpg","contentUrl":"https:\/\/www.johannagullichsen.com\/wp-content\/uploads\/2020\/04\/Johanna-Gullichsen-Trip-N2-blue-green.jpg","width":1600,"height":1200},{"@type":"BreadcrumbList","@id":"https:\/\/www.johannagullichsen.com\/fr\/produit\/trip-n2\/#breadcrumb","itemListElement":[{"@type":"ListItem","position":1,"name":"Home","item":"https:\/\/www.johannagullichsen.com\/fr\/"},{"@type":"ListItem","position":2,"name":"Produits et Boutique en ligne","item":"https:\/\/www.johannagullichsen.com\/fr\/produits\/"},{"@type":"ListItem","position":3,"name":"Trip N2 porte-monnaie"}]},{"@type":"WebSite","@id":"https:\/\/www.johannagullichsen.com\/fr\/#website","url":"https:\/\/www.johannagullichsen.com\/fr\/","name":"Johanna Gullichsen","description":"","potentialAction":[{"@type":"SearchAction","target":{"@type":"EntryPoint","urlTemplate":"https:\/\/www.johannagullichsen.com\/fr\/?s={search_term_string}"},"query-input":{"@type":"PropertyValueSpecification","valueRequired":true,"valueName":"search_term_string"}}],"inLanguage":"fr-FR"}]}},"_links":{"self":[{"href":"https:\/\/www.johannagullichsen.com\/fr\/wp-json\/wp\/v2\/product\/7085","targetHints":{"allow":["GET"]}}],"collection":[{"href":"https:\/\/www.johannagullichsen.com\/fr\/wp-json\/wp\/v2\/product"}],"about":[{"href":"https:\/\/www.johannagullichsen.com\/fr\/wp-json\/wp\/v2\/types\/product"}],"wp:featuredmedia":[{"embeddable":true,"href":"https:\/\/www.johannagullichsen.com\/fr\/wp-json\/wp\/v2\/media\/26813"}],"wp:attachment":[{"href":"https:\/\/www.johannagullichsen.com\/fr\/wp-json\/wp\/v2\/media?parent=7085"}],"wp:term":[{"taxonomy":"product_brand","embeddable":true,"href":"https:\/\/www.johannagullichsen.com\/fr\/wp-json\/wp\/v2\/product_brand?post=7085"},{"taxonomy":"product_cat","embeddable":true,"href":"https:\/\/www.johannagullichsen.com\/fr\/wp-json\/wp\/v2\/product_cat?post=7085"},{"taxonomy":"product_tag","embeddable":true,"href":"https:\/\/www.johannagullichsen.com\/fr\/wp-json\/wp\/v2\/product_tag?post=7085"}],"curies":[{"name":"wp","href":"https:\/\/api.w.org\/{rel}","templated":true}]}}