{"id":7099,"date":"2020-04-22T10:35:54","date_gmt":"2020-04-22T07:35:54","guid":{"rendered":"https:\/\/www.johannagullichsen.com\/products\/non%20class\u00e9\/vanity-case-l\/"},"modified":"2026-04-27T09:29:58","modified_gmt":"2026-04-27T06:29:58","slug":"vanity-case-l","status":"publish","type":"product","link":"https:\/\/www.johannagullichsen.com\/fr\/produit\/vanity-case-l\/","title":{"rendered":"Vanity Case L &#8211; trousse de toilette"},"content":{"rendered":"<h4>Une trousse de toilette spacieuse pour ranger tout ce dont vous avez besoin.<\/h4>\n<p>Fabriqu\u00e9es en coton biologique, ces trousses de toilette unisexes sont \u00e0 la fois pratiques et \u00e9l\u00e9gantes. Parfaites pour les voyages ou pour ajouter une touche de charme \u00e0 votre salle de bain. Sans doublure et enti\u00e8rement lavables, elles sont faciles \u00e0 garder propres.<\/p>\n<p>Plus de tailles: <a href=\"https:\/\/www.johannagullichsen.com\/fr\/produit\/vanity-case-s\/\">Vanity case S<\/a>, <a href=\"https:\/\/www.johannagullichsen.com\/fr\/produit\/vanity-case-m\/\">Vanity case M<\/a><\/p>\n","protected":false},"excerpt":{"rendered":"<p>Une trousse de toilette spacieuse pour ranger tout ce dont vous avez besoin. Fabriqu\u00e9es en coton biologique, ces trousses de toilette unisexes sont \u00e0 la fois pratiques et \u00e9l\u00e9gantes. Parfaites&hellip;<\/p>\n","protected":false},"featured_media":30172,"template":"","meta":{"_acf_changed":false},"product_brand":[],"product_cat":[1983,263,1981],"product_tag":[],"class_list":{"0":"post-7099","1":"product","2":"type-product","3":"status-publish","4":"has-post-thumbnail","6":"product_cat-besaces-pochettes","7":"product_cat-accessoires","8":"product_cat-textiles-pour-la-salle-de-bain","9":"pa_pattern-colour-eos-jaune","10":"pa_pattern-colour-tithonus-bordeaux-fr","11":"pa_pattern-colour-nereus-lime-negative-fr","12":"pa_pattern-colour-helios-vert-fonce-negatif","13":"pa_pattern-colour-helios-blue-negativet-fr","14":"pa_pattern-colour-doris-vert","15":"pa_pattern-colour-nereus-brique-fr","16":"pa_pattern-colour-nereus-yellow-negative-fr","17":"pa_pattern-colour-helios-amande","18":"pa_pattern-colour-tithonus-brique-fr","19":"pa_pattern-colour-selene-bleu","20":"pa_pattern-colour-helios-vert","21":"pa_pattern-colour-helios-bordeaux-negative-fr","22":"pa_pattern-colour-doris-plomb","23":"pa_pattern-colour-nereus-bleu-fonce","24":"pa_pattern-colour-tithonus-dark-green-fr","25":"pa_pattern-colour-helios-noir","26":"pa_pattern-colour-tithonus-bleu-fonce","27":"pa_pattern-colour-selene-vert","28":"pa_pattern-colour-helios-plomb","29":"pa_pattern-colour-helios-lead-negative-fr","30":"pa_pattern-colour-doris-ochre-fr","31":"pa_pattern-colour-nereus-bleu-fonce-negatif","32":"pa_pattern-colour-doris-dark-bordeaux-fr","33":"pa_pattern-colour-helios-noir-negatif","34":"pa_pattern-colour-tithonus-vert","35":"pa_pattern-colour-doris-paille","36":"pa_pattern-colour-helios-ochre-fr","37":"pa_pattern-colour-helios-ochre-negative-fr","38":"pa_pattern-colour-doris-jaune","39":"pa_pattern-colour-nereus-bordeaux-fonce","40":"pa_pattern-colour-eos-amande","41":"pa_pattern-colour-helios-bleu","42":"pa_pattern-colour-tithonus-plomb","43":"pa_pattern-colour-doris-amande","44":"pa_pattern-colour-helios-jaune","45":"pa_pattern-colour-helios-yellow-negative-fr","46":"pa_pattern-colour-eos-noir","47":"pa_pattern-colour-nereus-vert-fonce","48":"pa_pattern-colour-eos-ochre-fr","49":"pa_pattern-colour-helios-bordeaux-fr","50":"pa_pattern-colour-tithonus-ochre-fr","51":"pa_pattern-colour-doris-noir-fr","52":"pa_pattern-colour-nereus-amande","53":"pa_pattern-colour-nereus-almond-negative-fr","54":"pa_pattern-colour-eos-bleu","55":"pa_pattern-colour-nereus-plomb","56":"pa_pattern-colour-helios-green-negative-fr","57":"pa_pattern-colour-helios-brique-fr","58":"pa_pattern-colour-tithonus-jaune","59":"pa_pattern-colour-helios-tilleul-revers","60":"pa_pattern-colour-doris-bleu","61":"pa_pattern-colour-nereus-noir","62":"pa_pattern-colour-nereus-bordeaux-negative-fr","63":"pa_pattern-colour-eos-bordeaux-fr","64":"pa_pattern-colour-nereus-ochre-fr","65":"pa_pattern-colour-nereus-green-negative-fr","66":"pa_pattern-colour-helios-morkbla","67":"pa_pattern-colour-eos-blue-fonce-fr","68":"pa_pattern-colour-doris-cirrus","69":"pa_pattern-colour-doris-bordeaux-fr","70":"pa_pattern-colour-nereus-noir-negatif","71":"pa_pattern-colour-nereus-dark-green-negative-fr","72":"pa_pattern-colour-eos-gris","73":"pa_pattern-colour-nereus-jaune","74":"pa_pattern-colour-tithonus-lime-fr","75":"pa_pattern-colour-helios-bleu-fonce-negatif","76":"pa_pattern-colour-eos-dark-bordeaux-fr","77":"pa_pattern-colour-doris-brique-fr","78":"pa_pattern-colour-nereus-bleu","79":"pa_pattern-colour-nereus-green-fr","80":"pa_pattern-colour-eos-plomb","81":"pa_pattern-colour-tithonus-noir","82":"pa_pattern-colour-oceanide-other-fr","83":"pa_pattern-colour-helios-bordeaux-fonce","84":"pa_pattern-colour-eos-dark-green-fr","85":"pa_pattern-colour-doris-bleu-fonce","86":"pa_pattern-colour-nereus-bleu-negatif","87":"pa_pattern-colour-nereus-lead-negative-fr","88":"pa_pattern-colour-eos-gris-clair","89":"pa_pattern-colour-tithonus-bleu","90":"pa_pattern-colour-nereus-lime-fr","91":"pa_pattern-colour-helios-vert-fonce","92":"pa_pattern-colour-helios-almond-negative-fr","93":"pa_pattern-colour-doris-vert-fonce","94":"pa_pattern-colour-nereus-bordeaux-fr","95":"pa_pattern-colour-nereus-ochre-negative-fr","96":"collection-normandie-fr","98":"first","99":"instock","100":"taxable","101":"shipping-taxable","102":"purchasable","103":"product-type-variable"},"acf":[],"yoast_head":"<!-- This site is optimized with the Yoast SEO Premium plugin v27.2 (Yoast SEO v27.5) - https:\/\/yoast.com\/product\/yoast-seo-premium-wordpress\/ -->\n<title>Vanity Case L - trousse de toilette - Johanna Gullichsen<\/title>\n<meta name=\"description\" content=\"Trousse de toilette pour homme ou femme. 100% coton, lavage en machine. Fabriqu\u00e9 en Finland, design Johanna Gullichsen. Pratique et \u00e9l\u00e9gant!\" \/>\n<meta name=\"robots\" content=\"index, follow, max-snippet:-1, max-image-preview:large, max-video-preview:-1\" \/>\n<link rel=\"canonical\" href=\"https:\/\/www.johannagullichsen.com\/fr\/produit\/vanity-case-l\/\" \/>\n<meta property=\"og:locale\" content=\"fr_FR\" \/>\n<meta property=\"og:type\" content=\"article\" \/>\n<meta property=\"og:title\" content=\"Vanity Case L - trousse de toilette\" \/>\n<meta property=\"og:description\" content=\"Trousse de toilette pour homme ou femme. 100% coton, lavage en machine. Fabriqu\u00e9 en Finland, design Johanna Gullichsen. Pratique et \u00e9l\u00e9gant!\" \/>\n<meta property=\"og:url\" content=\"https:\/\/www.johannagullichsen.com\/fr\/produit\/vanity-case-l\/\" \/>\n<meta property=\"og:site_name\" content=\"Johanna Gullichsen\" \/>\n<meta property=\"article:modified_time\" content=\"2026-04-27T06:29:58+00:00\" \/>\n<meta property=\"og:image\" content=\"https:\/\/www.johannagullichsen.com\/wp-content\/uploads\/2020\/04\/PR_Johanna_Gullichsen-Vanitycase-L-Cirrus.jpg\" \/>\n\t<meta property=\"og:image:width\" content=\"1600\" \/>\n\t<meta property=\"og:image:height\" content=\"1200\" \/>\n\t<meta property=\"og:image:type\" content=\"image\/jpeg\" \/>\n<meta name=\"twitter:card\" content=\"summary_large_image\" \/>\n<meta name=\"twitter:label1\" content=\"Dur\u00e9e de lecture estim\u00e9e\" \/>\n\t<meta name=\"twitter:data1\" content=\"1 minute\" \/>\n<script type=\"application\/ld+json\" class=\"yoast-schema-graph\">{\"@context\":\"https:\\\/\\\/schema.org\",\"@graph\":[{\"@type\":\"WebPage\",\"@id\":\"https:\\\/\\\/www.johannagullichsen.com\\\/fr\\\/produit\\\/vanity-case-l\\\/\",\"url\":\"https:\\\/\\\/www.johannagullichsen.com\\\/fr\\\/produit\\\/vanity-case-l\\\/\",\"name\":\"Vanity Case L - trousse de toilette - Johanna Gullichsen\",\"isPartOf\":{\"@id\":\"https:\\\/\\\/www.johannagullichsen.com\\\/fr\\\/#website\"},\"primaryImageOfPage\":{\"@id\":\"https:\\\/\\\/www.johannagullichsen.com\\\/fr\\\/produit\\\/vanity-case-l\\\/#primaryimage\"},\"image\":{\"@id\":\"https:\\\/\\\/www.johannagullichsen.com\\\/fr\\\/produit\\\/vanity-case-l\\\/#primaryimage\"},\"thumbnailUrl\":\"https:\\\/\\\/www.johannagullichsen.com\\\/wp-content\\\/uploads\\\/2020\\\/04\\\/PR_Johanna_Gullichsen-Vanitycase-L-Cirrus.jpg\",\"datePublished\":\"2020-04-22T07:35:54+00:00\",\"dateModified\":\"2026-04-27T06:29:58+00:00\",\"description\":\"Trousse de toilette pour homme ou femme. 100% coton, lavage en machine. Fabriqu\u00e9 en Finland, design Johanna Gullichsen. Pratique et \u00e9l\u00e9gant!\",\"breadcrumb\":{\"@id\":\"https:\\\/\\\/www.johannagullichsen.com\\\/fr\\\/produit\\\/vanity-case-l\\\/#breadcrumb\"},\"inLanguage\":\"fr-FR\",\"potentialAction\":[{\"@type\":\"ReadAction\",\"target\":[\"https:\\\/\\\/www.johannagullichsen.com\\\/fr\\\/produit\\\/vanity-case-l\\\/\"]}]},{\"@type\":\"ImageObject\",\"inLanguage\":\"fr-FR\",\"@id\":\"https:\\\/\\\/www.johannagullichsen.com\\\/fr\\\/produit\\\/vanity-case-l\\\/#primaryimage\",\"url\":\"https:\\\/\\\/www.johannagullichsen.com\\\/wp-content\\\/uploads\\\/2020\\\/04\\\/PR_Johanna_Gullichsen-Vanitycase-L-Cirrus.jpg\",\"contentUrl\":\"https:\\\/\\\/www.johannagullichsen.com\\\/wp-content\\\/uploads\\\/2020\\\/04\\\/PR_Johanna_Gullichsen-Vanitycase-L-Cirrus.jpg\",\"width\":1600,\"height\":1200},{\"@type\":\"BreadcrumbList\",\"@id\":\"https:\\\/\\\/www.johannagullichsen.com\\\/fr\\\/produit\\\/vanity-case-l\\\/#breadcrumb\",\"itemListElement\":[{\"@type\":\"ListItem\",\"position\":1,\"name\":\"Home\",\"item\":\"https:\\\/\\\/www.johannagullichsen.com\\\/fr\\\/\"},{\"@type\":\"ListItem\",\"position\":2,\"name\":\"Produits et Boutique en ligne\",\"item\":\"https:\\\/\\\/www.johannagullichsen.com\\\/fr\\\/produits\\\/\"},{\"@type\":\"ListItem\",\"position\":3,\"name\":\"Vanity Case L &#8211; trousse de toilette\"}]},{\"@type\":\"WebSite\",\"@id\":\"https:\\\/\\\/www.johannagullichsen.com\\\/fr\\\/#website\",\"url\":\"https:\\\/\\\/www.johannagullichsen.com\\\/fr\\\/\",\"name\":\"Johanna Gullichsen\",\"description\":\"\",\"potentialAction\":[{\"@type\":\"SearchAction\",\"target\":{\"@type\":\"EntryPoint\",\"urlTemplate\":\"https:\\\/\\\/www.johannagullichsen.com\\\/fr\\\/?s={search_term_string}\"},\"query-input\":{\"@type\":\"PropertyValueSpecification\",\"valueRequired\":true,\"valueName\":\"search_term_string\"}}],\"inLanguage\":\"fr-FR\"}]}<\/script>\n<!-- \/ Yoast SEO Premium plugin. -->","yoast_head_json":{"title":"Vanity Case L - trousse de toilette - Johanna Gullichsen","description":"Trousse de toilette pour homme ou femme. 100% coton, lavage en machine. Fabriqu\u00e9 en Finland, design Johanna Gullichsen. Pratique et \u00e9l\u00e9gant!","robots":{"index":"index","follow":"follow","max-snippet":"max-snippet:-1","max-image-preview":"max-image-preview:large","max-video-preview":"max-video-preview:-1"},"canonical":"https:\/\/www.johannagullichsen.com\/fr\/produit\/vanity-case-l\/","og_locale":"fr_FR","og_type":"article","og_title":"Vanity Case L - trousse de toilette","og_description":"Trousse de toilette pour homme ou femme. 100% coton, lavage en machine. Fabriqu\u00e9 en Finland, design Johanna Gullichsen. Pratique et \u00e9l\u00e9gant!","og_url":"https:\/\/www.johannagullichsen.com\/fr\/produit\/vanity-case-l\/","og_site_name":"Johanna Gullichsen","article_modified_time":"2026-04-27T06:29:58+00:00","og_image":[{"width":1600,"height":1200,"url":"https:\/\/www.johannagullichsen.com\/wp-content\/uploads\/2020\/04\/PR_Johanna_Gullichsen-Vanitycase-L-Cirrus.jpg","type":"image\/jpeg"}],"twitter_card":"summary_large_image","twitter_misc":{"Dur\u00e9e de lecture estim\u00e9e":"1 minute"},"schema":{"@context":"https:\/\/schema.org","@graph":[{"@type":"WebPage","@id":"https:\/\/www.johannagullichsen.com\/fr\/produit\/vanity-case-l\/","url":"https:\/\/www.johannagullichsen.com\/fr\/produit\/vanity-case-l\/","name":"Vanity Case L - trousse de toilette - Johanna Gullichsen","isPartOf":{"@id":"https:\/\/www.johannagullichsen.com\/fr\/#website"},"primaryImageOfPage":{"@id":"https:\/\/www.johannagullichsen.com\/fr\/produit\/vanity-case-l\/#primaryimage"},"image":{"@id":"https:\/\/www.johannagullichsen.com\/fr\/produit\/vanity-case-l\/#primaryimage"},"thumbnailUrl":"https:\/\/www.johannagullichsen.com\/wp-content\/uploads\/2020\/04\/PR_Johanna_Gullichsen-Vanitycase-L-Cirrus.jpg","datePublished":"2020-04-22T07:35:54+00:00","dateModified":"2026-04-27T06:29:58+00:00","description":"Trousse de toilette pour homme ou femme. 100% coton, lavage en machine. Fabriqu\u00e9 en Finland, design Johanna Gullichsen. Pratique et \u00e9l\u00e9gant!","breadcrumb":{"@id":"https:\/\/www.johannagullichsen.com\/fr\/produit\/vanity-case-l\/#breadcrumb"},"inLanguage":"fr-FR","potentialAction":[{"@type":"ReadAction","target":["https:\/\/www.johannagullichsen.com\/fr\/produit\/vanity-case-l\/"]}]},{"@type":"ImageObject","inLanguage":"fr-FR","@id":"https:\/\/www.johannagullichsen.com\/fr\/produit\/vanity-case-l\/#primaryimage","url":"https:\/\/www.johannagullichsen.com\/wp-content\/uploads\/2020\/04\/PR_Johanna_Gullichsen-Vanitycase-L-Cirrus.jpg","contentUrl":"https:\/\/www.johannagullichsen.com\/wp-content\/uploads\/2020\/04\/PR_Johanna_Gullichsen-Vanitycase-L-Cirrus.jpg","width":1600,"height":1200},{"@type":"BreadcrumbList","@id":"https:\/\/www.johannagullichsen.com\/fr\/produit\/vanity-case-l\/#breadcrumb","itemListElement":[{"@type":"ListItem","position":1,"name":"Home","item":"https:\/\/www.johannagullichsen.com\/fr\/"},{"@type":"ListItem","position":2,"name":"Produits et Boutique en ligne","item":"https:\/\/www.johannagullichsen.com\/fr\/produits\/"},{"@type":"ListItem","position":3,"name":"Vanity Case L &#8211; trousse de toilette"}]},{"@type":"WebSite","@id":"https:\/\/www.johannagullichsen.com\/fr\/#website","url":"https:\/\/www.johannagullichsen.com\/fr\/","name":"Johanna Gullichsen","description":"","potentialAction":[{"@type":"SearchAction","target":{"@type":"EntryPoint","urlTemplate":"https:\/\/www.johannagullichsen.com\/fr\/?s={search_term_string}"},"query-input":{"@type":"PropertyValueSpecification","valueRequired":true,"valueName":"search_term_string"}}],"inLanguage":"fr-FR"}]}},"_links":{"self":[{"href":"https:\/\/www.johannagullichsen.com\/fr\/wp-json\/wp\/v2\/product\/7099","targetHints":{"allow":["GET"]}}],"collection":[{"href":"https:\/\/www.johannagullichsen.com\/fr\/wp-json\/wp\/v2\/product"}],"about":[{"href":"https:\/\/www.johannagullichsen.com\/fr\/wp-json\/wp\/v2\/types\/product"}],"wp:featuredmedia":[{"embeddable":true,"href":"https:\/\/www.johannagullichsen.com\/fr\/wp-json\/wp\/v2\/media\/30172"}],"wp:attachment":[{"href":"https:\/\/www.johannagullichsen.com\/fr\/wp-json\/wp\/v2\/media?parent=7099"}],"wp:term":[{"taxonomy":"product_brand","embeddable":true,"href":"https:\/\/www.johannagullichsen.com\/fr\/wp-json\/wp\/v2\/product_brand?post=7099"},{"taxonomy":"product_cat","embeddable":true,"href":"https:\/\/www.johannagullichsen.com\/fr\/wp-json\/wp\/v2\/product_cat?post=7099"},{"taxonomy":"product_tag","embeddable":true,"href":"https:\/\/www.johannagullichsen.com\/fr\/wp-json\/wp\/v2\/product_tag?post=7099"}],"curies":[{"name":"wp","href":"https:\/\/api.w.org\/{rel}","templated":true}]}}