{"id":7163,"date":"2020-04-21T11:43:00","date_gmt":"2020-04-21T08:43:00","guid":{"rendered":"https:\/\/www.johannagullichsen.com\/products\/non%20class\u00e9\/viktor-bag\/"},"modified":"2026-03-16T17:03:30","modified_gmt":"2026-03-16T15:03:30","slug":"viktor-bag","status":"publish","type":"product","link":"https:\/\/www.johannagullichsen.com\/fr\/produit\/viktor-bag\/","title":{"rendered":"Sac Viktor"},"content":{"rendered":"<h4>Sac bandouli\u00e8re<\/h4>\n<p>Ce sac en coton est dot\u00e9 d&rsquo;une bandouli\u00e8re amovible et d&rsquo;une poche int\u00e9rieure avec fermeture \u00e9clair. Il est suffisamment spacieux pour contenir l&rsquo;essentiel, comme une petite bouteille d&rsquo;eau ou de cr\u00e8me solaire. Viktor, un classique intemporel de la collection de Johanna Gullichsen, est la version plus grande du nouveau Viktorino.<\/p>\n<p>Teinture, tissage et couture en Finlande.<\/p>\n<p>&nbsp;<\/p>\n","protected":false},"excerpt":{"rendered":"<p>Sac bandouli\u00e8re Ce sac en coton est dot\u00e9 d&rsquo;une bandouli\u00e8re amovible et d&rsquo;une poche int\u00e9rieure avec fermeture \u00e9clair. Il est suffisamment spacieux pour contenir l&rsquo;essentiel, comme une petite bouteille d&rsquo;eau&hellip;<\/p>\n","protected":false},"featured_media":23768,"template":"","meta":{"_acf_changed":false},"product_brand":[],"product_cat":[1982,263],"product_tag":[],"class_list":{"0":"post-7163","1":"product","2":"type-product","3":"status-publish","4":"has-post-thumbnail","6":"product_cat-sacs","7":"product_cat-accessoires","8":"pa_pattern-colour-eos-bordeaux-fr","9":"pa_pattern-colour-tithonus-bleu-fonce","10":"pa_pattern-colour-helios-morkbla","11":"pa_pattern-colour-doris-bordeaux-fr","12":"pa_pattern-colour-nereus-brique-fr","13":"pa_pattern-colour-eos-vert","14":"pa_pattern-colour-tithonus-vert","15":"pa_pattern-colour-helios-vert-fonce","16":"pa_pattern-colour-doris-brique-fr","17":"pa_pattern-colour-nereus-bleu-fonce","18":"pa_pattern-colour-eos-gris","19":"pa_pattern-colour-tithonus-plomb","20":"pa_pattern-colour-helios-vert","21":"pa_pattern-colour-doris-bleu-fonce","22":"pa_pattern-colour-nereus-vert-fonce","23":"pa_pattern-colour-eos-plomb","24":"pa_pattern-colour-tithonus-ochre-fr","25":"pa_pattern-colour-helios-plomb","26":"pa_pattern-colour-doris-vert-fonce","27":"pa_pattern-colour-nereus-plomb","28":"pa_pattern-colour-eos-gris-clair","29":"pa_pattern-colour-tithonus-jaune","30":"pa_pattern-colour-helios-ochre-fr","31":"pa_pattern-colour-doris-vert","32":"pa_pattern-colour-nereus-ochre-fr","33":"pa_pattern-colour-eos-jaune","34":"pa_pattern-colour-nereus-green-fr","35":"pa_pattern-colour-helios-jaune","36":"pa_pattern-colour-doris-plomb","37":"pa_pattern-colour-nereus-jaune","38":"pa_pattern-colour-helios-amande","39":"pa_pattern-colour-tithonus-dark-green-fr","40":"pa_pattern-colour-nereus-amande","41":"pa_pattern-colour-doris-ochre-fr","42":"pa_pattern-colour-tithonus-noir","43":"pa_pattern-colour-helios-noir","44":"pa_pattern-colour-nereus-silver-fr","45":"pa_pattern-colour-nereus-noir","46":"pa_pattern-colour-doris-jaune","47":"pa_pattern-colour-tithonus-bleu","48":"pa_pattern-colour-helios-bleu","49":"pa_pattern-colour-tithonus-lime-fr","50":"pa_pattern-colour-doris-amande","51":"pa_pattern-colour-nereus-noir-negatif","52":"pa_pattern-colour-eos-noir","53":"pa_pattern-colour-tithonus-bordeaux-fr","54":"pa_pattern-colour-helios-bordeaux-fr","55":"pa_pattern-colour-doris-noir-fr","56":"pa_pattern-colour-nereus-bleu","57":"pa_pattern-colour-eos-bleu","58":"pa_pattern-colour-tithonus-brique-fr","59":"pa_pattern-colour-helios-brique-fr","60":"pa_pattern-colour-doris-bleu","61":"pa_pattern-colour-nereus-bordeaux-fr","62":"collection-normandie-fr","64":"first","65":"instock","66":"taxable","67":"shipping-taxable","68":"purchasable","69":"product-type-variable"},"acf":[],"yoast_head":"<!-- This site is optimized with the Yoast SEO Premium plugin v27.2 (Yoast SEO v27.2) - https:\/\/yoast.com\/product\/yoast-seo-premium-wordpress\/ -->\n<title>Sac Viktor - Johanna Gullichsen<\/title>\n<meta name=\"robots\" content=\"index, follow, max-snippet:-1, max-image-preview:large, max-video-preview:-1\" \/>\n<link rel=\"canonical\" href=\"https:\/\/www.johannagullichsen.com\/fr\/produit\/viktor-bag\/\" \/>\n<meta property=\"og:locale\" content=\"fr_FR\" \/>\n<meta property=\"og:type\" content=\"article\" \/>\n<meta property=\"og:title\" content=\"Sac Viktor\" \/>\n<meta property=\"og:description\" content=\"Sac bandouli\u00e8re Ce sac en coton est dot\u00e9 d&rsquo;une bandouli\u00e8re amovible et d&rsquo;une poche int\u00e9rieure avec fermeture \u00e9clair. Il est suffisamment spacieux pour contenir l&rsquo;essentiel, comme une petite bouteille d&rsquo;eau&hellip;\" \/>\n<meta property=\"og:url\" content=\"https:\/\/www.johannagullichsen.com\/fr\/produit\/viktor-bag\/\" \/>\n<meta property=\"og:site_name\" content=\"Johanna Gullichsen\" \/>\n<meta property=\"article:modified_time\" content=\"2026-03-16T15:03:30+00:00\" \/>\n<meta property=\"og:image\" content=\"https:\/\/www.johannagullichsen.com\/wp-content\/uploads\/2020\/04\/Johanna-Gullichsen-Viktor-Bag-Doris-ochre-1.jpg\" \/>\n\t<meta property=\"og:image:width\" content=\"1600\" \/>\n\t<meta property=\"og:image:height\" content=\"1200\" \/>\n\t<meta property=\"og:image:type\" content=\"image\/jpeg\" \/>\n<meta name=\"twitter:card\" content=\"summary_large_image\" \/>\n<meta name=\"twitter:label1\" content=\"Dur\u00e9e de lecture estim\u00e9e\" \/>\n\t<meta name=\"twitter:data1\" content=\"1 minute\" \/>\n<script type=\"application\/ld+json\" class=\"yoast-schema-graph\">{\"@context\":\"https:\/\/schema.org\",\"@graph\":[{\"@type\":\"WebPage\",\"@id\":\"https:\/\/www.johannagullichsen.com\/fr\/produit\/viktor-bag\/\",\"url\":\"https:\/\/www.johannagullichsen.com\/fr\/produit\/viktor-bag\/\",\"name\":\"Sac Viktor - Johanna Gullichsen\",\"isPartOf\":{\"@id\":\"https:\/\/www.johannagullichsen.com\/fr\/#website\"},\"primaryImageOfPage\":{\"@id\":\"https:\/\/www.johannagullichsen.com\/fr\/produit\/viktor-bag\/#primaryimage\"},\"image\":{\"@id\":\"https:\/\/www.johannagullichsen.com\/fr\/produit\/viktor-bag\/#primaryimage\"},\"thumbnailUrl\":\"https:\/\/www.johannagullichsen.com\/wp-content\/uploads\/2020\/04\/Johanna-Gullichsen-Viktor-Bag-Doris-ochre-1.jpg\",\"datePublished\":\"2020-04-21T08:43:00+00:00\",\"dateModified\":\"2026-03-16T15:03:30+00:00\",\"breadcrumb\":{\"@id\":\"https:\/\/www.johannagullichsen.com\/fr\/produit\/viktor-bag\/#breadcrumb\"},\"inLanguage\":\"fr-FR\",\"potentialAction\":[{\"@type\":\"ReadAction\",\"target\":[\"https:\/\/www.johannagullichsen.com\/fr\/produit\/viktor-bag\/\"]}]},{\"@type\":\"ImageObject\",\"inLanguage\":\"fr-FR\",\"@id\":\"https:\/\/www.johannagullichsen.com\/fr\/produit\/viktor-bag\/#primaryimage\",\"url\":\"https:\/\/www.johannagullichsen.com\/wp-content\/uploads\/2020\/04\/Johanna-Gullichsen-Viktor-Bag-Doris-ochre-1.jpg\",\"contentUrl\":\"https:\/\/www.johannagullichsen.com\/wp-content\/uploads\/2020\/04\/Johanna-Gullichsen-Viktor-Bag-Doris-ochre-1.jpg\",\"width\":1600,\"height\":1200},{\"@type\":\"BreadcrumbList\",\"@id\":\"https:\/\/www.johannagullichsen.com\/fr\/produit\/viktor-bag\/#breadcrumb\",\"itemListElement\":[{\"@type\":\"ListItem\",\"position\":1,\"name\":\"Home\",\"item\":\"https:\/\/www.johannagullichsen.com\/fr\/\"},{\"@type\":\"ListItem\",\"position\":2,\"name\":\"Produits et Boutique en ligne\",\"item\":\"https:\/\/www.johannagullichsen.com\/fr\/produits\/\"},{\"@type\":\"ListItem\",\"position\":3,\"name\":\"Sac Viktor\"}]},{\"@type\":\"WebSite\",\"@id\":\"https:\/\/www.johannagullichsen.com\/fr\/#website\",\"url\":\"https:\/\/www.johannagullichsen.com\/fr\/\",\"name\":\"Johanna Gullichsen\",\"description\":\"\",\"potentialAction\":[{\"@type\":\"SearchAction\",\"target\":{\"@type\":\"EntryPoint\",\"urlTemplate\":\"https:\/\/www.johannagullichsen.com\/fr\/?s={search_term_string}\"},\"query-input\":{\"@type\":\"PropertyValueSpecification\",\"valueRequired\":true,\"valueName\":\"search_term_string\"}}],\"inLanguage\":\"fr-FR\"}]}<\/script>\n<!-- \/ Yoast SEO Premium plugin. -->","yoast_head_json":{"title":"Sac Viktor - Johanna Gullichsen","robots":{"index":"index","follow":"follow","max-snippet":"max-snippet:-1","max-image-preview":"max-image-preview:large","max-video-preview":"max-video-preview:-1"},"canonical":"https:\/\/www.johannagullichsen.com\/fr\/produit\/viktor-bag\/","og_locale":"fr_FR","og_type":"article","og_title":"Sac Viktor","og_description":"Sac bandouli\u00e8re Ce sac en coton est dot\u00e9 d&rsquo;une bandouli\u00e8re amovible et d&rsquo;une poche int\u00e9rieure avec fermeture \u00e9clair. Il est suffisamment spacieux pour contenir l&rsquo;essentiel, comme une petite bouteille d&rsquo;eau&hellip;","og_url":"https:\/\/www.johannagullichsen.com\/fr\/produit\/viktor-bag\/","og_site_name":"Johanna Gullichsen","article_modified_time":"2026-03-16T15:03:30+00:00","og_image":[{"width":1600,"height":1200,"url":"https:\/\/www.johannagullichsen.com\/wp-content\/uploads\/2020\/04\/Johanna-Gullichsen-Viktor-Bag-Doris-ochre-1.jpg","type":"image\/jpeg"}],"twitter_card":"summary_large_image","twitter_misc":{"Dur\u00e9e de lecture estim\u00e9e":"1 minute"},"schema":{"@context":"https:\/\/schema.org","@graph":[{"@type":"WebPage","@id":"https:\/\/www.johannagullichsen.com\/fr\/produit\/viktor-bag\/","url":"https:\/\/www.johannagullichsen.com\/fr\/produit\/viktor-bag\/","name":"Sac Viktor - Johanna Gullichsen","isPartOf":{"@id":"https:\/\/www.johannagullichsen.com\/fr\/#website"},"primaryImageOfPage":{"@id":"https:\/\/www.johannagullichsen.com\/fr\/produit\/viktor-bag\/#primaryimage"},"image":{"@id":"https:\/\/www.johannagullichsen.com\/fr\/produit\/viktor-bag\/#primaryimage"},"thumbnailUrl":"https:\/\/www.johannagullichsen.com\/wp-content\/uploads\/2020\/04\/Johanna-Gullichsen-Viktor-Bag-Doris-ochre-1.jpg","datePublished":"2020-04-21T08:43:00+00:00","dateModified":"2026-03-16T15:03:30+00:00","breadcrumb":{"@id":"https:\/\/www.johannagullichsen.com\/fr\/produit\/viktor-bag\/#breadcrumb"},"inLanguage":"fr-FR","potentialAction":[{"@type":"ReadAction","target":["https:\/\/www.johannagullichsen.com\/fr\/produit\/viktor-bag\/"]}]},{"@type":"ImageObject","inLanguage":"fr-FR","@id":"https:\/\/www.johannagullichsen.com\/fr\/produit\/viktor-bag\/#primaryimage","url":"https:\/\/www.johannagullichsen.com\/wp-content\/uploads\/2020\/04\/Johanna-Gullichsen-Viktor-Bag-Doris-ochre-1.jpg","contentUrl":"https:\/\/www.johannagullichsen.com\/wp-content\/uploads\/2020\/04\/Johanna-Gullichsen-Viktor-Bag-Doris-ochre-1.jpg","width":1600,"height":1200},{"@type":"BreadcrumbList","@id":"https:\/\/www.johannagullichsen.com\/fr\/produit\/viktor-bag\/#breadcrumb","itemListElement":[{"@type":"ListItem","position":1,"name":"Home","item":"https:\/\/www.johannagullichsen.com\/fr\/"},{"@type":"ListItem","position":2,"name":"Produits et Boutique en ligne","item":"https:\/\/www.johannagullichsen.com\/fr\/produits\/"},{"@type":"ListItem","position":3,"name":"Sac Viktor"}]},{"@type":"WebSite","@id":"https:\/\/www.johannagullichsen.com\/fr\/#website","url":"https:\/\/www.johannagullichsen.com\/fr\/","name":"Johanna Gullichsen","description":"","potentialAction":[{"@type":"SearchAction","target":{"@type":"EntryPoint","urlTemplate":"https:\/\/www.johannagullichsen.com\/fr\/?s={search_term_string}"},"query-input":{"@type":"PropertyValueSpecification","valueRequired":true,"valueName":"search_term_string"}}],"inLanguage":"fr-FR"}]}},"_links":{"self":[{"href":"https:\/\/www.johannagullichsen.com\/fr\/wp-json\/wp\/v2\/product\/7163","targetHints":{"allow":["GET"]}}],"collection":[{"href":"https:\/\/www.johannagullichsen.com\/fr\/wp-json\/wp\/v2\/product"}],"about":[{"href":"https:\/\/www.johannagullichsen.com\/fr\/wp-json\/wp\/v2\/types\/product"}],"wp:featuredmedia":[{"embeddable":true,"href":"https:\/\/www.johannagullichsen.com\/fr\/wp-json\/wp\/v2\/media\/23768"}],"wp:attachment":[{"href":"https:\/\/www.johannagullichsen.com\/fr\/wp-json\/wp\/v2\/media?parent=7163"}],"wp:term":[{"taxonomy":"product_brand","embeddable":true,"href":"https:\/\/www.johannagullichsen.com\/fr\/wp-json\/wp\/v2\/product_brand?post=7163"},{"taxonomy":"product_cat","embeddable":true,"href":"https:\/\/www.johannagullichsen.com\/fr\/wp-json\/wp\/v2\/product_cat?post=7163"},{"taxonomy":"product_tag","embeddable":true,"href":"https:\/\/www.johannagullichsen.com\/fr\/wp-json\/wp\/v2\/product_tag?post=7163"}],"curies":[{"name":"wp","href":"https:\/\/api.w.org\/{rel}","templated":true}]}}