{"id":7982,"date":"2020-06-01T13:57:59","date_gmt":"2020-06-01T10:57:59","guid":{"rendered":"https:\/\/www.johannagullichsen.com\/products\/non%20class\u00e9\/fabric-contract-doris\/"},"modified":"2025-05-06T09:09:27","modified_gmt":"2025-05-06T06:09:27","slug":"tissu-contract-doris","status":"publish","type":"product","link":"https:\/\/www.johannagullichsen.com\/fr\/produit\/tissu-contract-doris\/","title":{"rendered":"Tissu Contract Doris"},"content":{"rendered":"<h4>Motif classique en qualit\u00e9 Contract<\/h4>\n<p>La laine naturellement ignifug\u00e9e tiss\u00e9e sur une chaine en polyester donne un tissu d&rsquo;ameublement solide, durable et facile \u00e0 utiliser dans l&rsquo;espace public comme dans l&rsquo;espace priv\u00e9.<\/p>\n<p>Accordez-nous 2-3 semaines de livraison.<\/p>\n<h5>Commandez une tirelle <a href=\"https:\/\/www.johannagullichsen.com\/fr\/produit\/12830\/\">ici.<\/a><\/h5>\n<p>Largeur du raccord: 17,5 cm<br \/>\nLongueur du raccord: 28 cm<br \/>\nMartindale sup\u00e9rieur \u00e0 30 000<br \/>\nPoids: 400 g\/m2<br \/>\nLargeur tissu: 138 cm<\/p>\n","protected":false},"excerpt":{"rendered":"<p>Motif classique en qualit\u00e9 Contract La laine naturellement ignifug\u00e9e tiss\u00e9e sur une chaine en polyester donne un tissu d&rsquo;ameublement solide, durable et facile \u00e0 utiliser dans l&rsquo;espace public comme dans&hellip;<\/p>\n","protected":false},"featured_media":7263,"template":"","meta":{"_acf_changed":false},"product_brand":[],"product_cat":[1977,260],"product_tag":[],"class_list":{"0":"post-7982","1":"product","2":"type-product","3":"status-publish","4":"has-post-thumbnail","6":"product_cat-interieurs-residentiels","7":"product_cat-tissus","8":"pa_pattern-colour-contract-doris-vert","9":"pa_pattern-colour-contract-doris-gris","10":"pa_pattern-colour-contract-doris-gris-clair","11":"pa_pattern-colour-contract-doris-mousse","12":"pa_pattern-colour-contract-doris-rouge","13":"pa_pattern-colour-contract-doris-acier","14":"pa_pattern-colour-contract-doris-noir","15":"pa_pattern-colour-contract-doris-paille","16":"pa_pattern-colour-contract-doris-bleu","17":"pa_pattern-colour-contract-doris-marron","18":"pa_pattern-colour-contract-doris-corail","19":"pa_pattern-colour-contract-doris-bleu-fonce","20":"collection-contract-fr","22":"first","23":"instock","24":"taxable","25":"shipping-taxable","26":"purchasable","27":"product-type-variable"},"acf":[],"yoast_head":"<!-- This site is optimized with the Yoast SEO Premium plugin v27.2 (Yoast SEO v27.5) - https:\/\/yoast.com\/product\/yoast-seo-premium-wordpress\/ -->\n<title>Tissu Contract Doris - Johanna Gullichsen<\/title>\n<meta name=\"robots\" content=\"index, follow, max-snippet:-1, max-image-preview:large, max-video-preview:-1\" \/>\n<link rel=\"canonical\" href=\"https:\/\/www.johannagullichsen.com\/fr\/produit\/tissu-contract-doris\/\" \/>\n<meta property=\"og:locale\" content=\"fr_FR\" \/>\n<meta property=\"og:type\" content=\"article\" \/>\n<meta property=\"og:title\" content=\"Tissu Contract Doris\" \/>\n<meta property=\"og:description\" content=\"Motif classique en qualit\u00e9 Contract La laine naturellement ignifug\u00e9e tiss\u00e9e sur une chaine en polyester donne un tissu d&rsquo;ameublement solide, durable et facile \u00e0 utiliser dans l&rsquo;espace public comme dans&hellip;\" \/>\n<meta property=\"og:url\" content=\"https:\/\/www.johannagullichsen.com\/fr\/produit\/tissu-contract-doris\/\" \/>\n<meta property=\"og:site_name\" content=\"Johanna Gullichsen\" \/>\n<meta property=\"article:modified_time\" content=\"2025-05-06T06:09:27+00:00\" \/>\n<meta property=\"og:image\" content=\"https:\/\/www.johannagullichsen.com\/wp-content\/uploads\/2020\/05\/Johanna_Gullichsen_Contract_Doris_light_grey.jpg\" \/>\n\t<meta property=\"og:image:width\" content=\"1600\" \/>\n\t<meta property=\"og:image:height\" content=\"1200\" \/>\n\t<meta property=\"og:image:type\" content=\"image\/jpeg\" \/>\n<meta name=\"twitter:card\" content=\"summary_large_image\" \/>\n<meta name=\"twitter:label1\" content=\"Dur\u00e9e de lecture estim\u00e9e\" \/>\n\t<meta name=\"twitter:data1\" content=\"1 minute\" \/>\n<script type=\"application\/ld+json\" class=\"yoast-schema-graph\">{\"@context\":\"https:\\\/\\\/schema.org\",\"@graph\":[{\"@type\":\"WebPage\",\"@id\":\"https:\\\/\\\/www.johannagullichsen.com\\\/fr\\\/produit\\\/tissu-contract-doris\\\/\",\"url\":\"https:\\\/\\\/www.johannagullichsen.com\\\/fr\\\/produit\\\/tissu-contract-doris\\\/\",\"name\":\"Tissu Contract Doris - Johanna Gullichsen\",\"isPartOf\":{\"@id\":\"https:\\\/\\\/www.johannagullichsen.com\\\/fr\\\/#website\"},\"primaryImageOfPage\":{\"@id\":\"https:\\\/\\\/www.johannagullichsen.com\\\/fr\\\/produit\\\/tissu-contract-doris\\\/#primaryimage\"},\"image\":{\"@id\":\"https:\\\/\\\/www.johannagullichsen.com\\\/fr\\\/produit\\\/tissu-contract-doris\\\/#primaryimage\"},\"thumbnailUrl\":\"https:\\\/\\\/www.johannagullichsen.com\\\/wp-content\\\/uploads\\\/2020\\\/05\\\/Johanna_Gullichsen_Contract_Doris_light_grey.jpg\",\"datePublished\":\"2020-06-01T10:57:59+00:00\",\"dateModified\":\"2025-05-06T06:09:27+00:00\",\"breadcrumb\":{\"@id\":\"https:\\\/\\\/www.johannagullichsen.com\\\/fr\\\/produit\\\/tissu-contract-doris\\\/#breadcrumb\"},\"inLanguage\":\"fr-FR\",\"potentialAction\":[{\"@type\":\"ReadAction\",\"target\":[\"https:\\\/\\\/www.johannagullichsen.com\\\/fr\\\/produit\\\/tissu-contract-doris\\\/\"]}]},{\"@type\":\"ImageObject\",\"inLanguage\":\"fr-FR\",\"@id\":\"https:\\\/\\\/www.johannagullichsen.com\\\/fr\\\/produit\\\/tissu-contract-doris\\\/#primaryimage\",\"url\":\"https:\\\/\\\/www.johannagullichsen.com\\\/wp-content\\\/uploads\\\/2020\\\/05\\\/Johanna_Gullichsen_Contract_Doris_light_grey.jpg\",\"contentUrl\":\"https:\\\/\\\/www.johannagullichsen.com\\\/wp-content\\\/uploads\\\/2020\\\/05\\\/Johanna_Gullichsen_Contract_Doris_light_grey.jpg\",\"width\":1600,\"height\":1200},{\"@type\":\"BreadcrumbList\",\"@id\":\"https:\\\/\\\/www.johannagullichsen.com\\\/fr\\\/produit\\\/tissu-contract-doris\\\/#breadcrumb\",\"itemListElement\":[{\"@type\":\"ListItem\",\"position\":1,\"name\":\"Home\",\"item\":\"https:\\\/\\\/www.johannagullichsen.com\\\/fr\\\/\"},{\"@type\":\"ListItem\",\"position\":2,\"name\":\"Produits et Boutique en ligne\",\"item\":\"https:\\\/\\\/www.johannagullichsen.com\\\/fr\\\/produits\\\/\"},{\"@type\":\"ListItem\",\"position\":3,\"name\":\"Tissu Contract Doris\"}]},{\"@type\":\"WebSite\",\"@id\":\"https:\\\/\\\/www.johannagullichsen.com\\\/fr\\\/#website\",\"url\":\"https:\\\/\\\/www.johannagullichsen.com\\\/fr\\\/\",\"name\":\"Johanna Gullichsen\",\"description\":\"\",\"potentialAction\":[{\"@type\":\"SearchAction\",\"target\":{\"@type\":\"EntryPoint\",\"urlTemplate\":\"https:\\\/\\\/www.johannagullichsen.com\\\/fr\\\/?s={search_term_string}\"},\"query-input\":{\"@type\":\"PropertyValueSpecification\",\"valueRequired\":true,\"valueName\":\"search_term_string\"}}],\"inLanguage\":\"fr-FR\"}]}<\/script>\n<!-- \/ Yoast SEO Premium plugin. -->","yoast_head_json":{"title":"Tissu Contract Doris - Johanna Gullichsen","robots":{"index":"index","follow":"follow","max-snippet":"max-snippet:-1","max-image-preview":"max-image-preview:large","max-video-preview":"max-video-preview:-1"},"canonical":"https:\/\/www.johannagullichsen.com\/fr\/produit\/tissu-contract-doris\/","og_locale":"fr_FR","og_type":"article","og_title":"Tissu Contract Doris","og_description":"Motif classique en qualit\u00e9 Contract La laine naturellement ignifug\u00e9e tiss\u00e9e sur une chaine en polyester donne un tissu d&rsquo;ameublement solide, durable et facile \u00e0 utiliser dans l&rsquo;espace public comme dans&hellip;","og_url":"https:\/\/www.johannagullichsen.com\/fr\/produit\/tissu-contract-doris\/","og_site_name":"Johanna Gullichsen","article_modified_time":"2025-05-06T06:09:27+00:00","og_image":[{"width":1600,"height":1200,"url":"https:\/\/www.johannagullichsen.com\/wp-content\/uploads\/2020\/05\/Johanna_Gullichsen_Contract_Doris_light_grey.jpg","type":"image\/jpeg"}],"twitter_card":"summary_large_image","twitter_misc":{"Dur\u00e9e de lecture estim\u00e9e":"1 minute"},"schema":{"@context":"https:\/\/schema.org","@graph":[{"@type":"WebPage","@id":"https:\/\/www.johannagullichsen.com\/fr\/produit\/tissu-contract-doris\/","url":"https:\/\/www.johannagullichsen.com\/fr\/produit\/tissu-contract-doris\/","name":"Tissu Contract Doris - Johanna Gullichsen","isPartOf":{"@id":"https:\/\/www.johannagullichsen.com\/fr\/#website"},"primaryImageOfPage":{"@id":"https:\/\/www.johannagullichsen.com\/fr\/produit\/tissu-contract-doris\/#primaryimage"},"image":{"@id":"https:\/\/www.johannagullichsen.com\/fr\/produit\/tissu-contract-doris\/#primaryimage"},"thumbnailUrl":"https:\/\/www.johannagullichsen.com\/wp-content\/uploads\/2020\/05\/Johanna_Gullichsen_Contract_Doris_light_grey.jpg","datePublished":"2020-06-01T10:57:59+00:00","dateModified":"2025-05-06T06:09:27+00:00","breadcrumb":{"@id":"https:\/\/www.johannagullichsen.com\/fr\/produit\/tissu-contract-doris\/#breadcrumb"},"inLanguage":"fr-FR","potentialAction":[{"@type":"ReadAction","target":["https:\/\/www.johannagullichsen.com\/fr\/produit\/tissu-contract-doris\/"]}]},{"@type":"ImageObject","inLanguage":"fr-FR","@id":"https:\/\/www.johannagullichsen.com\/fr\/produit\/tissu-contract-doris\/#primaryimage","url":"https:\/\/www.johannagullichsen.com\/wp-content\/uploads\/2020\/05\/Johanna_Gullichsen_Contract_Doris_light_grey.jpg","contentUrl":"https:\/\/www.johannagullichsen.com\/wp-content\/uploads\/2020\/05\/Johanna_Gullichsen_Contract_Doris_light_grey.jpg","width":1600,"height":1200},{"@type":"BreadcrumbList","@id":"https:\/\/www.johannagullichsen.com\/fr\/produit\/tissu-contract-doris\/#breadcrumb","itemListElement":[{"@type":"ListItem","position":1,"name":"Home","item":"https:\/\/www.johannagullichsen.com\/fr\/"},{"@type":"ListItem","position":2,"name":"Produits et Boutique en ligne","item":"https:\/\/www.johannagullichsen.com\/fr\/produits\/"},{"@type":"ListItem","position":3,"name":"Tissu Contract Doris"}]},{"@type":"WebSite","@id":"https:\/\/www.johannagullichsen.com\/fr\/#website","url":"https:\/\/www.johannagullichsen.com\/fr\/","name":"Johanna Gullichsen","description":"","potentialAction":[{"@type":"SearchAction","target":{"@type":"EntryPoint","urlTemplate":"https:\/\/www.johannagullichsen.com\/fr\/?s={search_term_string}"},"query-input":{"@type":"PropertyValueSpecification","valueRequired":true,"valueName":"search_term_string"}}],"inLanguage":"fr-FR"}]}},"_links":{"self":[{"href":"https:\/\/www.johannagullichsen.com\/fr\/wp-json\/wp\/v2\/product\/7982","targetHints":{"allow":["GET"]}}],"collection":[{"href":"https:\/\/www.johannagullichsen.com\/fr\/wp-json\/wp\/v2\/product"}],"about":[{"href":"https:\/\/www.johannagullichsen.com\/fr\/wp-json\/wp\/v2\/types\/product"}],"wp:featuredmedia":[{"embeddable":true,"href":"https:\/\/www.johannagullichsen.com\/fr\/wp-json\/wp\/v2\/media\/7263"}],"wp:attachment":[{"href":"https:\/\/www.johannagullichsen.com\/fr\/wp-json\/wp\/v2\/media?parent=7982"}],"wp:term":[{"taxonomy":"product_brand","embeddable":true,"href":"https:\/\/www.johannagullichsen.com\/fr\/wp-json\/wp\/v2\/product_brand?post=7982"},{"taxonomy":"product_cat","embeddable":true,"href":"https:\/\/www.johannagullichsen.com\/fr\/wp-json\/wp\/v2\/product_cat?post=7982"},{"taxonomy":"product_tag","embeddable":true,"href":"https:\/\/www.johannagullichsen.com\/fr\/wp-json\/wp\/v2\/product_tag?post=7982"}],"curies":[{"name":"wp","href":"https:\/\/api.w.org\/{rel}","templated":true}]}}