{"id":8192,"date":"2020-06-04T11:08:07","date_gmt":"2020-06-04T08:08:07","guid":{"rendered":"https:\/\/www.johannagullichsen.com\/products\/non%20class\u00e9\/fabric-nereus\/"},"modified":"2025-05-05T16:09:59","modified_gmt":"2025-05-05T13:09:59","slug":"tissu-nereus","status":"publish","type":"product","link":"https:\/\/www.johannagullichsen.com\/fr\/produit\/tissu-nereus\/","title":{"rendered":"Tissu Normandie Nereus"},"content":{"rendered":"<h4>Un caract\u00e8re affirm\u00e9<\/h4>\n<p>Tissu d&rsquo;ameublement solide, double-face et r\u00e9versible. Un motif structur\u00e9 de carr\u00e9s et de blocs qui rappellent les multiples facettes de la mer. Selon la mythologie grecque, Nereus est l&rsquo;ain\u00e9 de la mer et p\u00e8re de toutes les n\u00e9reides.<\/p>\n<p>Commandez une tirelle <a href=\"https:\/\/www.johannagullichsen.com\/fr\/produit\/la-tirrelle-nereus\/\">ici.<\/a><\/p>\n<p>Largeur du raccord: 17,5 cm<br \/>\nLongueur du raccord: 2,4 cm<br \/>\nPoids: 495 g\/m2<br \/>\nLargeur tissu: 210 cm<\/p>\n","protected":false},"excerpt":{"rendered":"<p>Un caract\u00e8re affirm\u00e9 Tissu d&rsquo;ameublement solide, double-face et r\u00e9versible. Un motif structur\u00e9 de carr\u00e9s et de blocs qui rappellent les multiples facettes de la mer. Selon la mythologie grecque, Nereus&hellip;<\/p>\n","protected":false},"featured_media":7544,"template":"","meta":{"_acf_changed":false},"product_brand":[],"product_cat":[1977,260],"product_tag":[],"class_list":{"0":"post-8192","1":"product","2":"type-product","3":"status-publish","4":"has-post-thumbnail","6":"product_cat-interieurs-residentiels","7":"product_cat-tissus","8":"pa_pattern-colour-nereus-bordeaux-fr","9":"pa_pattern-colour-nereus-brique-fr","10":"pa_pattern-colour-nereus-bleu-fonce","11":"pa_pattern-colour-nereus-bordeaux-fonce","12":"pa_pattern-colour-nereus-vert-fonce","13":"pa_pattern-colour-nereus-plomb","14":"pa_pattern-colour-nereus-ochre-fr","15":"pa_pattern-colour-nereus-jaune","16":"pa_pattern-colour-nereus-amande","17":"pa_pattern-colour-nereus-green-fr","18":"pa_pattern-colour-nereus-noir","19":"pa_pattern-colour-nereus-bleu","20":"collection-normandie-fr","22":"first","23":"instock","24":"taxable","25":"shipping-taxable","26":"purchasable","27":"product-type-variable"},"acf":[],"yoast_head":"<!-- This site is optimized with the Yoast SEO Premium plugin v27.2 (Yoast SEO v27.2) - https:\/\/yoast.com\/product\/yoast-seo-premium-wordpress\/ -->\n<title>Tissu Normandie Nereus - Johanna Gullichsen<\/title>\n<meta name=\"robots\" content=\"index, follow, max-snippet:-1, max-image-preview:large, max-video-preview:-1\" \/>\n<link rel=\"canonical\" href=\"https:\/\/www.johannagullichsen.com\/fr\/produit\/tissu-nereus\/\" \/>\n<meta property=\"og:locale\" content=\"fr_FR\" \/>\n<meta property=\"og:type\" content=\"article\" \/>\n<meta property=\"og:title\" content=\"Tissu Normandie Nereus\" \/>\n<meta property=\"og:description\" content=\"Un caract\u00e8re affirm\u00e9 Tissu d&rsquo;ameublement solide, double-face et r\u00e9versible. Un motif structur\u00e9 de carr\u00e9s et de blocs qui rappellent les multiples facettes de la mer. Selon la mythologie grecque, Nereus&hellip;\" \/>\n<meta property=\"og:url\" content=\"https:\/\/www.johannagullichsen.com\/fr\/produit\/tissu-nereus\/\" \/>\n<meta property=\"og:site_name\" content=\"Johanna Gullichsen\" \/>\n<meta property=\"article:modified_time\" content=\"2025-05-05T13:09:59+00:00\" \/>\n<meta property=\"og:image\" content=\"https:\/\/www.johannagullichsen.com\/wp-content\/uploads\/2020\/05\/Nereus_Brick_0085.jpg\" \/>\n\t<meta property=\"og:image:width\" content=\"1600\" \/>\n\t<meta property=\"og:image:height\" content=\"1176\" \/>\n\t<meta property=\"og:image:type\" content=\"image\/jpeg\" \/>\n<meta name=\"twitter:card\" content=\"summary_large_image\" \/>\n<meta name=\"twitter:label1\" content=\"Dur\u00e9e de lecture estim\u00e9e\" \/>\n\t<meta name=\"twitter:data1\" content=\"1 minute\" \/>\n<script type=\"application\/ld+json\" class=\"yoast-schema-graph\">{\"@context\":\"https:\/\/schema.org\",\"@graph\":[{\"@type\":\"WebPage\",\"@id\":\"https:\/\/www.johannagullichsen.com\/fr\/produit\/tissu-nereus\/\",\"url\":\"https:\/\/www.johannagullichsen.com\/fr\/produit\/tissu-nereus\/\",\"name\":\"Tissu Normandie Nereus - Johanna Gullichsen\",\"isPartOf\":{\"@id\":\"https:\/\/www.johannagullichsen.com\/fr\/#website\"},\"primaryImageOfPage\":{\"@id\":\"https:\/\/www.johannagullichsen.com\/fr\/produit\/tissu-nereus\/#primaryimage\"},\"image\":{\"@id\":\"https:\/\/www.johannagullichsen.com\/fr\/produit\/tissu-nereus\/#primaryimage\"},\"thumbnailUrl\":\"https:\/\/www.johannagullichsen.com\/wp-content\/uploads\/2020\/05\/Nereus_Brick_0085.jpg\",\"datePublished\":\"2020-06-04T08:08:07+00:00\",\"dateModified\":\"2025-05-05T13:09:59+00:00\",\"breadcrumb\":{\"@id\":\"https:\/\/www.johannagullichsen.com\/fr\/produit\/tissu-nereus\/#breadcrumb\"},\"inLanguage\":\"fr-FR\",\"potentialAction\":[{\"@type\":\"ReadAction\",\"target\":[\"https:\/\/www.johannagullichsen.com\/fr\/produit\/tissu-nereus\/\"]}]},{\"@type\":\"ImageObject\",\"inLanguage\":\"fr-FR\",\"@id\":\"https:\/\/www.johannagullichsen.com\/fr\/produit\/tissu-nereus\/#primaryimage\",\"url\":\"https:\/\/www.johannagullichsen.com\/wp-content\/uploads\/2020\/05\/Nereus_Brick_0085.jpg\",\"contentUrl\":\"https:\/\/www.johannagullichsen.com\/wp-content\/uploads\/2020\/05\/Nereus_Brick_0085.jpg\",\"width\":1600,\"height\":1176},{\"@type\":\"BreadcrumbList\",\"@id\":\"https:\/\/www.johannagullichsen.com\/fr\/produit\/tissu-nereus\/#breadcrumb\",\"itemListElement\":[{\"@type\":\"ListItem\",\"position\":1,\"name\":\"Home\",\"item\":\"https:\/\/www.johannagullichsen.com\/fr\/\"},{\"@type\":\"ListItem\",\"position\":2,\"name\":\"Produits et Boutique en ligne\",\"item\":\"https:\/\/www.johannagullichsen.com\/fr\/produits\/\"},{\"@type\":\"ListItem\",\"position\":3,\"name\":\"Tissu Normandie Nereus\"}]},{\"@type\":\"WebSite\",\"@id\":\"https:\/\/www.johannagullichsen.com\/fr\/#website\",\"url\":\"https:\/\/www.johannagullichsen.com\/fr\/\",\"name\":\"Johanna Gullichsen\",\"description\":\"\",\"potentialAction\":[{\"@type\":\"SearchAction\",\"target\":{\"@type\":\"EntryPoint\",\"urlTemplate\":\"https:\/\/www.johannagullichsen.com\/fr\/?s={search_term_string}\"},\"query-input\":{\"@type\":\"PropertyValueSpecification\",\"valueRequired\":true,\"valueName\":\"search_term_string\"}}],\"inLanguage\":\"fr-FR\"}]}<\/script>\n<!-- \/ Yoast SEO Premium plugin. -->","yoast_head_json":{"title":"Tissu Normandie Nereus - Johanna Gullichsen","robots":{"index":"index","follow":"follow","max-snippet":"max-snippet:-1","max-image-preview":"max-image-preview:large","max-video-preview":"max-video-preview:-1"},"canonical":"https:\/\/www.johannagullichsen.com\/fr\/produit\/tissu-nereus\/","og_locale":"fr_FR","og_type":"article","og_title":"Tissu Normandie Nereus","og_description":"Un caract\u00e8re affirm\u00e9 Tissu d&rsquo;ameublement solide, double-face et r\u00e9versible. Un motif structur\u00e9 de carr\u00e9s et de blocs qui rappellent les multiples facettes de la mer. Selon la mythologie grecque, Nereus&hellip;","og_url":"https:\/\/www.johannagullichsen.com\/fr\/produit\/tissu-nereus\/","og_site_name":"Johanna Gullichsen","article_modified_time":"2025-05-05T13:09:59+00:00","og_image":[{"width":1600,"height":1176,"url":"https:\/\/www.johannagullichsen.com\/wp-content\/uploads\/2020\/05\/Nereus_Brick_0085.jpg","type":"image\/jpeg"}],"twitter_card":"summary_large_image","twitter_misc":{"Dur\u00e9e de lecture estim\u00e9e":"1 minute"},"schema":{"@context":"https:\/\/schema.org","@graph":[{"@type":"WebPage","@id":"https:\/\/www.johannagullichsen.com\/fr\/produit\/tissu-nereus\/","url":"https:\/\/www.johannagullichsen.com\/fr\/produit\/tissu-nereus\/","name":"Tissu Normandie Nereus - Johanna Gullichsen","isPartOf":{"@id":"https:\/\/www.johannagullichsen.com\/fr\/#website"},"primaryImageOfPage":{"@id":"https:\/\/www.johannagullichsen.com\/fr\/produit\/tissu-nereus\/#primaryimage"},"image":{"@id":"https:\/\/www.johannagullichsen.com\/fr\/produit\/tissu-nereus\/#primaryimage"},"thumbnailUrl":"https:\/\/www.johannagullichsen.com\/wp-content\/uploads\/2020\/05\/Nereus_Brick_0085.jpg","datePublished":"2020-06-04T08:08:07+00:00","dateModified":"2025-05-05T13:09:59+00:00","breadcrumb":{"@id":"https:\/\/www.johannagullichsen.com\/fr\/produit\/tissu-nereus\/#breadcrumb"},"inLanguage":"fr-FR","potentialAction":[{"@type":"ReadAction","target":["https:\/\/www.johannagullichsen.com\/fr\/produit\/tissu-nereus\/"]}]},{"@type":"ImageObject","inLanguage":"fr-FR","@id":"https:\/\/www.johannagullichsen.com\/fr\/produit\/tissu-nereus\/#primaryimage","url":"https:\/\/www.johannagullichsen.com\/wp-content\/uploads\/2020\/05\/Nereus_Brick_0085.jpg","contentUrl":"https:\/\/www.johannagullichsen.com\/wp-content\/uploads\/2020\/05\/Nereus_Brick_0085.jpg","width":1600,"height":1176},{"@type":"BreadcrumbList","@id":"https:\/\/www.johannagullichsen.com\/fr\/produit\/tissu-nereus\/#breadcrumb","itemListElement":[{"@type":"ListItem","position":1,"name":"Home","item":"https:\/\/www.johannagullichsen.com\/fr\/"},{"@type":"ListItem","position":2,"name":"Produits et Boutique en ligne","item":"https:\/\/www.johannagullichsen.com\/fr\/produits\/"},{"@type":"ListItem","position":3,"name":"Tissu Normandie Nereus"}]},{"@type":"WebSite","@id":"https:\/\/www.johannagullichsen.com\/fr\/#website","url":"https:\/\/www.johannagullichsen.com\/fr\/","name":"Johanna Gullichsen","description":"","potentialAction":[{"@type":"SearchAction","target":{"@type":"EntryPoint","urlTemplate":"https:\/\/www.johannagullichsen.com\/fr\/?s={search_term_string}"},"query-input":{"@type":"PropertyValueSpecification","valueRequired":true,"valueName":"search_term_string"}}],"inLanguage":"fr-FR"}]}},"_links":{"self":[{"href":"https:\/\/www.johannagullichsen.com\/fr\/wp-json\/wp\/v2\/product\/8192","targetHints":{"allow":["GET"]}}],"collection":[{"href":"https:\/\/www.johannagullichsen.com\/fr\/wp-json\/wp\/v2\/product"}],"about":[{"href":"https:\/\/www.johannagullichsen.com\/fr\/wp-json\/wp\/v2\/types\/product"}],"wp:featuredmedia":[{"embeddable":true,"href":"https:\/\/www.johannagullichsen.com\/fr\/wp-json\/wp\/v2\/media\/7544"}],"wp:attachment":[{"href":"https:\/\/www.johannagullichsen.com\/fr\/wp-json\/wp\/v2\/media?parent=8192"}],"wp:term":[{"taxonomy":"product_brand","embeddable":true,"href":"https:\/\/www.johannagullichsen.com\/fr\/wp-json\/wp\/v2\/product_brand?post=8192"},{"taxonomy":"product_cat","embeddable":true,"href":"https:\/\/www.johannagullichsen.com\/fr\/wp-json\/wp\/v2\/product_cat?post=8192"},{"taxonomy":"product_tag","embeddable":true,"href":"https:\/\/www.johannagullichsen.com\/fr\/wp-json\/wp\/v2\/product_tag?post=8192"}],"curies":[{"name":"wp","href":"https:\/\/api.w.org\/{rel}","templated":true}]}}