{"id":8310,"date":"2020-06-04T13:22:29","date_gmt":"2020-06-04T10:22:29","guid":{"rendered":"https:\/\/www.johannagullichsen.com\/products\/non%20class\u00e9\/fabric-doris\/"},"modified":"2025-05-05T16:39:46","modified_gmt":"2025-05-05T13:39:46","slug":"tissu-doris","status":"publish","type":"product","link":"https:\/\/www.johannagullichsen.com\/fr\/produit\/tissu-doris\/","title":{"rendered":"Tissu Normandie Doris"},"content":{"rendered":"<h4>Des vagues qui d\u00e9bordent&#8230;<\/h4>\n<p>Tissu Doris est un tissue d&rsquo;ameublement solide, double-face et r\u00e9versible. Le motif \u00e9voque le mouvement incessant de la mer, g\u00e9n\u00e9reuse et jamais contenue. Le nom Doris a \u00e9t\u00e9 inspir\u00e9 de la nymphe de la mer dans la mythologie grecque.<\/p>\n<h5>Commandez une tirelle <a href=\"https:\/\/www.johannagullichsen.com\/fr\/produit\/la-tirelle-doris\/\">ici.<\/a><\/h5>\n<p>Largeur du raccord: 17,5 cm<br \/>\nLongueur du raccord: 21,7 cm<br \/>\nPoids: 495 g\/m2<br \/>\nLargeur tissu: 210 cm<\/p>\n","protected":false},"excerpt":{"rendered":"<p>Des vagues qui d\u00e9bordent&#8230; Tissu Doris est un tissue d&rsquo;ameublement solide, double-face et r\u00e9versible. Le motif \u00e9voque le mouvement incessant de la mer, g\u00e9n\u00e9reuse et jamais contenue. Le nom Doris&hellip;<\/p>\n","protected":false},"featured_media":29825,"template":"","meta":{"_acf_changed":false},"product_brand":[],"product_cat":[1977,260],"product_tag":[],"class_list":{"0":"post-8310","1":"product","2":"type-product","3":"status-publish","4":"has-post-thumbnail","6":"product_cat-interieurs-residentiels","7":"product_cat-tissus","8":"pa_pattern-colour-doris-vert","9":"pa_pattern-colour-doris-plomb","10":"pa_pattern-colour-doris-ochre-fr","11":"pa_pattern-colour-doris-jaune","12":"pa_pattern-colour-doris-amande","13":"pa_pattern-colour-doris-dark-bordeaux-fr","14":"pa_pattern-colour-doris-noir-fr","15":"pa_pattern-colour-doris-lime-fr","16":"pa_pattern-colour-doris-bleu","17":"pa_pattern-colour-doris-paille","18":"pa_pattern-colour-doris-bordeaux-fr","19":"pa_pattern-colour-doris-brique-fr","20":"pa_pattern-colour-doris-cirrus","21":"pa_pattern-colour-doris-bleu-fonce","22":"pa_pattern-colour-doris-vert-fonce","23":"collection-normandie-fr","25":"first","26":"instock","27":"taxable","28":"shipping-taxable","29":"purchasable","30":"product-type-variable"},"acf":[],"yoast_head":"<!-- This site is optimized with the Yoast SEO Premium plugin v27.2 (Yoast SEO v27.5) - https:\/\/yoast.com\/product\/yoast-seo-premium-wordpress\/ -->\n<title>Tissu Normandie Doris - Johanna Gullichsen<\/title>\n<meta name=\"description\" content=\"Tissu Doris est un tissu d&#039;ameublement solide, double-face et r\u00e9versible. Parfait comme couvre-lit ou housse de coussin.\" \/>\n<meta name=\"robots\" content=\"index, follow, max-snippet:-1, max-image-preview:large, max-video-preview:-1\" \/>\n<link rel=\"canonical\" href=\"https:\/\/www.johannagullichsen.com\/fr\/produit\/tissu-doris\/\" \/>\n<meta property=\"og:locale\" content=\"fr_FR\" \/>\n<meta property=\"og:type\" content=\"article\" \/>\n<meta property=\"og:title\" content=\"Tissu Normandie Doris\" \/>\n<meta property=\"og:description\" content=\"Tissu Doris est un tissu d&#039;ameublement solide, double-face et r\u00e9versible. Parfait comme couvre-lit ou housse de coussin.\" \/>\n<meta property=\"og:url\" content=\"https:\/\/www.johannagullichsen.com\/fr\/produit\/tissu-doris\/\" \/>\n<meta property=\"og:site_name\" content=\"Johanna Gullichsen\" \/>\n<meta property=\"article:modified_time\" content=\"2025-05-05T13:39:46+00:00\" \/>\n<meta property=\"og:image\" content=\"https:\/\/www.johannagullichsen.com\/wp-content\/uploads\/2024\/01\/Johanna-Gullichsen-Doris-straw-1024x768.jpg\" \/>\n\t<meta property=\"og:image:width\" content=\"1024\" \/>\n\t<meta property=\"og:image:height\" content=\"768\" \/>\n\t<meta property=\"og:image:type\" content=\"image\/jpeg\" \/>\n<meta name=\"twitter:card\" content=\"summary_large_image\" \/>\n<meta name=\"twitter:label1\" content=\"Dur\u00e9e de lecture estim\u00e9e\" \/>\n\t<meta name=\"twitter:data1\" content=\"1 minute\" \/>\n<script type=\"application\/ld+json\" class=\"yoast-schema-graph\">{\"@context\":\"https:\\\/\\\/schema.org\",\"@graph\":[{\"@type\":\"WebPage\",\"@id\":\"https:\\\/\\\/www.johannagullichsen.com\\\/fr\\\/produit\\\/tissu-doris\\\/\",\"url\":\"https:\\\/\\\/www.johannagullichsen.com\\\/fr\\\/produit\\\/tissu-doris\\\/\",\"name\":\"Tissu Normandie Doris - Johanna Gullichsen\",\"isPartOf\":{\"@id\":\"https:\\\/\\\/www.johannagullichsen.com\\\/fr\\\/#website\"},\"primaryImageOfPage\":{\"@id\":\"https:\\\/\\\/www.johannagullichsen.com\\\/fr\\\/produit\\\/tissu-doris\\\/#primaryimage\"},\"image\":{\"@id\":\"https:\\\/\\\/www.johannagullichsen.com\\\/fr\\\/produit\\\/tissu-doris\\\/#primaryimage\"},\"thumbnailUrl\":\"https:\\\/\\\/www.johannagullichsen.com\\\/wp-content\\\/uploads\\\/2026\\\/01\\\/Johanna-Gullichsen-Doris-cirrus.jpg\",\"datePublished\":\"2020-06-04T10:22:29+00:00\",\"dateModified\":\"2025-05-05T13:39:46+00:00\",\"description\":\"Tissu Doris est un tissu d'ameublement solide, double-face et r\u00e9versible. Parfait comme couvre-lit ou housse de coussin.\",\"breadcrumb\":{\"@id\":\"https:\\\/\\\/www.johannagullichsen.com\\\/fr\\\/produit\\\/tissu-doris\\\/#breadcrumb\"},\"inLanguage\":\"fr-FR\",\"potentialAction\":[{\"@type\":\"ReadAction\",\"target\":[\"https:\\\/\\\/www.johannagullichsen.com\\\/fr\\\/produit\\\/tissu-doris\\\/\"]}]},{\"@type\":\"ImageObject\",\"inLanguage\":\"fr-FR\",\"@id\":\"https:\\\/\\\/www.johannagullichsen.com\\\/fr\\\/produit\\\/tissu-doris\\\/#primaryimage\",\"url\":\"https:\\\/\\\/www.johannagullichsen.com\\\/wp-content\\\/uploads\\\/2026\\\/01\\\/Johanna-Gullichsen-Doris-cirrus.jpg\",\"contentUrl\":\"https:\\\/\\\/www.johannagullichsen.com\\\/wp-content\\\/uploads\\\/2026\\\/01\\\/Johanna-Gullichsen-Doris-cirrus.jpg\",\"width\":1600,\"height\":1200},{\"@type\":\"BreadcrumbList\",\"@id\":\"https:\\\/\\\/www.johannagullichsen.com\\\/fr\\\/produit\\\/tissu-doris\\\/#breadcrumb\",\"itemListElement\":[{\"@type\":\"ListItem\",\"position\":1,\"name\":\"Home\",\"item\":\"https:\\\/\\\/www.johannagullichsen.com\\\/fr\\\/\"},{\"@type\":\"ListItem\",\"position\":2,\"name\":\"Produits et Boutique en ligne\",\"item\":\"https:\\\/\\\/www.johannagullichsen.com\\\/fr\\\/produits\\\/\"},{\"@type\":\"ListItem\",\"position\":3,\"name\":\"Tissu Normandie Doris\"}]},{\"@type\":\"WebSite\",\"@id\":\"https:\\\/\\\/www.johannagullichsen.com\\\/fr\\\/#website\",\"url\":\"https:\\\/\\\/www.johannagullichsen.com\\\/fr\\\/\",\"name\":\"Johanna Gullichsen\",\"description\":\"\",\"potentialAction\":[{\"@type\":\"SearchAction\",\"target\":{\"@type\":\"EntryPoint\",\"urlTemplate\":\"https:\\\/\\\/www.johannagullichsen.com\\\/fr\\\/?s={search_term_string}\"},\"query-input\":{\"@type\":\"PropertyValueSpecification\",\"valueRequired\":true,\"valueName\":\"search_term_string\"}}],\"inLanguage\":\"fr-FR\"}]}<\/script>\n<!-- \/ Yoast SEO Premium plugin. -->","yoast_head_json":{"title":"Tissu Normandie Doris - Johanna Gullichsen","description":"Tissu Doris est un tissu d'ameublement solide, double-face et r\u00e9versible. Parfait comme couvre-lit ou housse de coussin.","robots":{"index":"index","follow":"follow","max-snippet":"max-snippet:-1","max-image-preview":"max-image-preview:large","max-video-preview":"max-video-preview:-1"},"canonical":"https:\/\/www.johannagullichsen.com\/fr\/produit\/tissu-doris\/","og_locale":"fr_FR","og_type":"article","og_title":"Tissu Normandie Doris","og_description":"Tissu Doris est un tissu d'ameublement solide, double-face et r\u00e9versible. Parfait comme couvre-lit ou housse de coussin.","og_url":"https:\/\/www.johannagullichsen.com\/fr\/produit\/tissu-doris\/","og_site_name":"Johanna Gullichsen","article_modified_time":"2025-05-05T13:39:46+00:00","og_image":[{"width":1024,"height":768,"url":"https:\/\/www.johannagullichsen.com\/wp-content\/uploads\/2024\/01\/Johanna-Gullichsen-Doris-straw-1024x768.jpg","type":"image\/jpeg"}],"twitter_card":"summary_large_image","twitter_misc":{"Dur\u00e9e de lecture estim\u00e9e":"1 minute"},"schema":{"@context":"https:\/\/schema.org","@graph":[{"@type":"WebPage","@id":"https:\/\/www.johannagullichsen.com\/fr\/produit\/tissu-doris\/","url":"https:\/\/www.johannagullichsen.com\/fr\/produit\/tissu-doris\/","name":"Tissu Normandie Doris - Johanna Gullichsen","isPartOf":{"@id":"https:\/\/www.johannagullichsen.com\/fr\/#website"},"primaryImageOfPage":{"@id":"https:\/\/www.johannagullichsen.com\/fr\/produit\/tissu-doris\/#primaryimage"},"image":{"@id":"https:\/\/www.johannagullichsen.com\/fr\/produit\/tissu-doris\/#primaryimage"},"thumbnailUrl":"https:\/\/www.johannagullichsen.com\/wp-content\/uploads\/2026\/01\/Johanna-Gullichsen-Doris-cirrus.jpg","datePublished":"2020-06-04T10:22:29+00:00","dateModified":"2025-05-05T13:39:46+00:00","description":"Tissu Doris est un tissu d'ameublement solide, double-face et r\u00e9versible. Parfait comme couvre-lit ou housse de coussin.","breadcrumb":{"@id":"https:\/\/www.johannagullichsen.com\/fr\/produit\/tissu-doris\/#breadcrumb"},"inLanguage":"fr-FR","potentialAction":[{"@type":"ReadAction","target":["https:\/\/www.johannagullichsen.com\/fr\/produit\/tissu-doris\/"]}]},{"@type":"ImageObject","inLanguage":"fr-FR","@id":"https:\/\/www.johannagullichsen.com\/fr\/produit\/tissu-doris\/#primaryimage","url":"https:\/\/www.johannagullichsen.com\/wp-content\/uploads\/2026\/01\/Johanna-Gullichsen-Doris-cirrus.jpg","contentUrl":"https:\/\/www.johannagullichsen.com\/wp-content\/uploads\/2026\/01\/Johanna-Gullichsen-Doris-cirrus.jpg","width":1600,"height":1200},{"@type":"BreadcrumbList","@id":"https:\/\/www.johannagullichsen.com\/fr\/produit\/tissu-doris\/#breadcrumb","itemListElement":[{"@type":"ListItem","position":1,"name":"Home","item":"https:\/\/www.johannagullichsen.com\/fr\/"},{"@type":"ListItem","position":2,"name":"Produits et Boutique en ligne","item":"https:\/\/www.johannagullichsen.com\/fr\/produits\/"},{"@type":"ListItem","position":3,"name":"Tissu Normandie Doris"}]},{"@type":"WebSite","@id":"https:\/\/www.johannagullichsen.com\/fr\/#website","url":"https:\/\/www.johannagullichsen.com\/fr\/","name":"Johanna Gullichsen","description":"","potentialAction":[{"@type":"SearchAction","target":{"@type":"EntryPoint","urlTemplate":"https:\/\/www.johannagullichsen.com\/fr\/?s={search_term_string}"},"query-input":{"@type":"PropertyValueSpecification","valueRequired":true,"valueName":"search_term_string"}}],"inLanguage":"fr-FR"}]}},"_links":{"self":[{"href":"https:\/\/www.johannagullichsen.com\/fr\/wp-json\/wp\/v2\/product\/8310","targetHints":{"allow":["GET"]}}],"collection":[{"href":"https:\/\/www.johannagullichsen.com\/fr\/wp-json\/wp\/v2\/product"}],"about":[{"href":"https:\/\/www.johannagullichsen.com\/fr\/wp-json\/wp\/v2\/types\/product"}],"wp:featuredmedia":[{"embeddable":true,"href":"https:\/\/www.johannagullichsen.com\/fr\/wp-json\/wp\/v2\/media\/29825"}],"wp:attachment":[{"href":"https:\/\/www.johannagullichsen.com\/fr\/wp-json\/wp\/v2\/media?parent=8310"}],"wp:term":[{"taxonomy":"product_brand","embeddable":true,"href":"https:\/\/www.johannagullichsen.com\/fr\/wp-json\/wp\/v2\/product_brand?post=8310"},{"taxonomy":"product_cat","embeddable":true,"href":"https:\/\/www.johannagullichsen.com\/fr\/wp-json\/wp\/v2\/product_cat?post=8310"},{"taxonomy":"product_tag","embeddable":true,"href":"https:\/\/www.johannagullichsen.com\/fr\/wp-json\/wp\/v2\/product_tag?post=8310"}],"curies":[{"name":"wp","href":"https:\/\/api.w.org\/{rel}","templated":true}]}}